{"id":3161,"date":"2017-04-06T11:10:07","date_gmt":"2017-04-06T10:10:07","guid":{"rendered":"http:\/\/zenaluminium.com\/?page_id=3161\/"},"modified":"2023-04-19T13:02:41","modified_gmt":"2023-04-19T12:02:41","slug":"cor-80","status":"publish","type":"page","link":"http:\/\/zenaluminium.pl\/en\/uslugi\/systemy-drzwiowe-aluminiowe\/drzwi-klasyczne\/cor-80\/","title":{"rendered":"HINGE DOOR SYSTEM \"COR - 80\""},"content":{"rendered":"<div class=\"wpb-content-wrapper\"><div class=\"vc_row wpb_row vc_row-fluid\"><div class=\"wpb_column vc_column_container vc_col-md-8\"><div class=\"vc_column-inner\"><div class=\"wpb_wrapper\"><div class=\"tabs tabs-side  vc_custom_1471527446450 tabs-shape-rounded tabs-align-left tabs-side-left tabs-spacing\"><div class=\"nav-tabs-wrap\" style=\"\"><ul class=\"nav nav-tabs\" role=\"tablist\"><li style=\"margin-top: 2px\" role=\"presentation\" class=\" active\"><a href=\"#1471523850385-9f2477fa-22ae\" aria-controls=\"1471523850385-9f2477fa-22ae\" role=\"tab\" data-toggle=\"tab\"><i class=\"fa fa-dot-circle-o\"><\/i><span>Przegl\u0105d<\/span><\/a><\/li><li style=\"margin-top: 2px\" role=\"presentation\" class=\"\"><a href=\"#1471523850453-bba64b48-cd54\" aria-controls=\"1471523850453-bba64b48-cd54\" role=\"tab\" data-toggle=\"tab\"><i class=\"fa fa-dot-circle-o\"><\/i><span>Akustyczno\u015b\u0107<\/span><\/a><\/li><li style=\"margin-top: 2px\" role=\"presentation\" class=\"\"><a href=\"#1471523899766-bd8ad8ff-2d47\" aria-controls=\"1471523899766-bd8ad8ff-2d47\" role=\"tab\" data-toggle=\"tab\"><i class=\"fa fa-dot-circle-o\"><\/i><span>Przenikalno\u015b\u0107<\/span><\/a><\/li><li style=\"margin-top: 2px\" role=\"presentation\" class=\"\"><a href=\"#1471523921881-154366e0-e294\" aria-controls=\"1471523921881-154366e0-e294\" role=\"tab\" data-toggle=\"tab\"><i class=\"fa fa-dot-circle-o\"><\/i><span>Rodzaje skrzyde\u0142<\/span><\/a><\/li><li style=\"margin-top: 2px\" role=\"presentation\" class=\"\"><a href=\"#1471523925405-76a6746b-02d4\" aria-controls=\"1471523925405-76a6746b-02d4\" role=\"tab\" data-toggle=\"tab\"><i class=\"fa fa-dot-circle-o\"><\/i><span>Przekroje<\/span><\/a><\/li><li style=\"margin-top: 2px\" role=\"presentation\" class=\"\"><a href=\"#1471523954299-dffcfd57-77c3\" aria-controls=\"1471523954299-dffcfd57-77c3\" role=\"tab\" data-toggle=\"tab\"><i class=\"fa fa-dot-circle-o\"><\/i><span>Wymiary \/ Ci\u0119\u017car<\/span><\/a><\/li><li style=\"margin-top: 2px\" role=\"presentation\" class=\"\"><a href=\"#1471523969394-cf167c98-0b3c\" aria-controls=\"1471523969394-cf167c98-0b3c\" role=\"tab\" data-toggle=\"tab\"><i class=\"fa fa-dot-circle-o\"><\/i><span>Badania<\/span><\/a><\/li><li style=\"margin-top: 2px\" role=\"presentation\" class=\"\"><a href=\"#1471523982631-12f19c2f-bb55\" aria-controls=\"1471523982631-12f19c2f-bb55\" role=\"tab\" data-toggle=\"tab\"><i class=\"fa fa-dot-circle-o\"><\/i><span>Wyko\u0144czenia<\/span><\/a><\/li><\/ul><\/div><div class=\"tab-content\"><div role=\"tabpanel\" class=\"tab-pane active\" id=\"1471523850385-9f2477fa-22ae\"><h2 class='heading-left  divider-sm' ><span>SYSTEM DRZWI ZAWIASOWYCH &#8222;COR &#8211; 80&#8221;<\/span><\/h2>\n\t<div class=\"wpb_text_column wpb_content_element\" >\n\t\t<div class=\"wpb_wrapper\">\n\t\t\t<div>\n<p>Nowa koncepcja systemu zawiasowego o uniwersalnym rowku okuciowym (euro), kt\u00f3ry charakteryzuje si\u0119 maksymaln\u0105 wodoszczelno\u015bci\u0105, wydajno\u015bci\u0105 energetyczn\u0105 i izolacyjno\u015bci\u0105 akustyczn\u0105 oraz kr\u00f3tkim czasem produkcji i monta\u017cu.<\/p>\n<div>Zastosowanie o\u015bcie\u017cnicy o g\u0142\u0119boko\u015bci 80 mm pozwala na dostosowanie si\u0119 do zmiennych warunk\u00f3w klimatycznych i osi\u0105gni\u0119cie wysokiego poziomu efektywno\u015bci energetycznej, o czym \u015bwiadczy niski wsp\u00f3\u0142czynnik przenikalno\u015bci okna (Uw), osi\u0105gaj\u0105cy nawet 0.8 W\/m\u00b2K. Tak korzystne warto\u015bci uzyskane zosta\u0142y dzi\u0119ki doskona\u0142emu projektowi strefy przek\u0142adki termicznej, kt\u00f3ra sk\u0142ada si\u0119 z poliamid\u00f3w rurowych o szeroko\u015bci 45 mm oraz profilu z poliolefiny, kt\u00f3ry umieszczony jest zar\u00f3wno w przestrzeni szklenia, jak i wewn\u0105trz o\u015bcie\u017cnicy oraz skrzyd\u0142a.<\/div>\n<\/div>\n<div>\n<div>Zdolno\u015b\u0107 szklenia wynosz\u0105ca do 65 mm umo\u017cliwia u\u017cycie energooszcz\u0119dnych kompozycji szyb o du\u017cych grubo\u015bciach, co przek\u0142ada si\u0119 na doskona\u0142e w\u0142a\u015bciwo\u015bci termiczne i akustyczne (ochrona przed ha\u0142asem do 46 dB), daj\u0105ce w efekcie oszcz\u0119dno\u015bci energii i komfort wewn\u0105trz pomieszczenia.<\/div>\n<div>Wyniki uzyskane w trakcie bada\u0144 AEV wskazuj\u0105, i\u017c jest to okno o najlepszych w\u0142a\u015bciwo\u015bciach wodoszczelno\u015bci, szczelno\u015bci powietrznej oraz wytrzyma\u0142o\u015bci na obci\u0105\u017cenie wiatrem, co gwarantuje najwy\u017csz\u0105 ochron\u0119 przed zr\u00f3\u017cnicowanymi warunkami atmosferycznymi.<\/div>\n<\/div>\n<div>\n<div><\/div>\n<div>\u0141atwo\u015b\u0107 monta\u017cu oraz niewielki nak\u0142ad pracy wymagany w jego trakcie wp\u0142ywaj\u0105 na uprzemys\u0142owienie produkcji tego systemu, pozwalaj\u0105c na zaoszcz\u0119dzenie czasu\u00a0i koszt\u00f3w.<\/div>\n<\/div>\n\n\t\t<\/div>\n\t<\/div>\n<\/div><div role=\"tabpanel\" class=\"tab-pane\" id=\"1471523850453-bba64b48-cd54\"><h2 class='heading-left  divider-sm' ><span>Izolacyjno\u015b\u0107 akustyczna<\/span><\/h2>\n\t<div class=\"wpb_text_column wpb_content_element\" >\n\t\t<div class=\"wpb_wrapper\">\n\t\t\t<p>Maksymalna grubo\u015b\u0107 szklenia: <strong>\u00a065 mm<\/strong><\/p>\n<p>Max. izolacyjno\u015b\u0107 akustyczna <strong>Rw=46 dBA<\/strong><\/p>\n\n\t\t<\/div>\n\t<\/div>\n<\/div><div role=\"tabpanel\" class=\"tab-pane\" id=\"1471523899766-bd8ad8ff-2d47\"><h2 class='heading-left  divider-sm' ><span>Wsp\u00f3\u0142czynnik przenikalno\u015bci cieplnej<\/span><\/h2>\n\t<div class=\"wpb_text_column wpb_content_element\" >\n\t\t<div class=\"wpb_wrapper\">\n\t\t\t<div class=\"titDato open\">Uw od<strong> 0,8<\/strong> (W\/m\u00b2.K)<\/div>\n<div class=\"descDato\">\n<div>Sprawdzi\u0107 rodzaj, wymiary i szklenie<\/div>\n<\/div>\n\n\t\t<\/div>\n\t<\/div>\n<\/div><div role=\"tabpanel\" class=\"tab-pane\" id=\"1471523921881-154366e0-e294\"><h2 class='heading-left  divider-sm' ><span>Rodzaje skrzyde\u0142<\/span><\/h2>\n\t<div class=\"wpb_text_column wpb_content_element\" >\n\t\t<div class=\"wpb_wrapper\">\n\t\t\t<div>\n<div><strong>Otwierane do wewn\u0105trz:\u00a0<\/strong><\/div>\n<div>Rozwierne, rozwierno-uchylne,<\/div>\n<div>\n<p>uchylno &#8211; przesuwne i uchylne.<\/p>\n<div><strong>Otwierane na zewn\u0105trz:<\/strong><\/div>\n<p>rozwierne, wychylne.<\/p>\n<\/div>\n<\/div>\n<div class=\"aperDato\"><img decoding=\"async\" title=\"Apertura #1\" src=\"http:\/\/cortizo.com\/ficheros\/aperturas\/apertura_1.gif\" alt=\"Apertura #1\" \/> <img decoding=\"async\" title=\"Apertura #2\" src=\"http:\/\/cortizo.com\/ficheros\/aperturas\/apertura_2.gif\" alt=\"Apertura #2\" \/> <img decoding=\"async\" title=\"Apertura #4\" src=\"http:\/\/cortizo.com\/ficheros\/aperturas\/apertura_4.gif\" alt=\"Apertura #4\" \/> <img decoding=\"async\" title=\"Apertura #5\" src=\"http:\/\/cortizo.com\/ficheros\/aperturas\/apertura_5.gif\" alt=\"Apertura #5\" \/> <img decoding=\"async\" title=\"Apertura #6\" src=\"http:\/\/cortizo.com\/ficheros\/aperturas\/apertura_6.gif\" alt=\"Apertura #6\" \/> <img decoding=\"async\" title=\"Apertura #18\" src=\"http:\/\/cortizo.com\/ficheros\/aperturas\/apertura_18.gif\" alt=\"Apertura #18\" \/><\/div>\n\n\t\t<\/div>\n\t<\/div>\n<\/div><div role=\"tabpanel\" class=\"tab-pane\" id=\"1471523925405-76a6746b-02d4\"><h2 class='heading-middle  divider-sm' ><span>Przekroje \/ Grubo\u015b\u0107 profila<\/span><\/h2>\n\t<div class=\"wpb_text_column wpb_content_element\" >\n\t\t<div class=\"wpb_wrapper\">\n\t\t\t<div>\n<p>PRZEKROJE<\/p>\n<p>O\u015bcie\u017cnica<strong> 80 mm<\/strong><\/p>\n<\/div>\n<div>Skrzyd\u0142o <strong>88 mm<br \/>\n<\/strong><br \/>\nGRUBO\u015a\u0106 PROFILA<\/div>\n<div>Okno<strong> 1,5 mm<\/strong><\/div>\n<div>Okno balkonowe <strong>1,7 mm<br \/>\n<\/strong><br \/>\nSzeroko\u015b\u0107 przek\u0142adki<\/div>\n<div>termicznej <strong>45 mm<\/strong><\/div>\n\n\t\t<\/div>\n\t<\/div>\n<\/div><div role=\"tabpanel\" class=\"tab-pane\" id=\"1471523954299-dffcfd57-77c3\">\n\t<div class=\"wpb_text_column wpb_content_element\" >\n\t\t<div class=\"wpb_wrapper\">\n\t\t\t<div>\n<p>WYMIARY MAKSYMALNE<\/p>\n<p>Szeroko\u015b\u0107(L)= <strong>1.600 mm\u00a0<\/strong><\/p>\n<\/div>\n<div>Wysoko\u015b\u0107(H)= <strong>2.600 mm<\/strong><\/div>\n<div><\/div>\n<div>\n<p>Ci\u0119\u017car maksymalny\/skrzyd\u0142o <strong>120 Kg<\/strong><\/p>\n<p>Skonsultuj maksymalne wymiary i wag\u0119 wed\u0142ug typologii.<\/p>\n<\/div>\n\n\t\t<\/div>\n\t<\/div>\n<\/div><div role=\"tabpanel\" class=\"tab-pane\" id=\"1471523969394-cf167c98-0b3c\">\n\t<div class=\"wpb_text_column wpb_content_element\" >\n\t\t<div class=\"wpb_wrapper\">\n\t\t\t<div>Przepuszczalno\u015b\u0107 powietrza<\/div>\n<div>(EN 12207:2001):\u00a0<strong>Klasa 4<\/strong><\/div>\n<div><\/div>\n<div>Wodoszczelno\u015b\u0107<\/div>\n<div>(EN 12208:2001):\u00a0<strong>Klasa E1950<br \/>\n<\/strong><br \/>\nWytrzyma\u0142o\u015b\u0107 na obci\u0105\u017cenie wiatrem<\/div>\n<div>(EN 12210:2001):\u00a0<strong>Klasa C5<\/strong><\/div>\n<div><\/div>\n<div>Badanie referencyjne okna dwuskrzyd\u0142owego 1,23 x 1,48 m<\/div>\n\n\t\t<\/div>\n\t<\/div>\n<\/div><div role=\"tabpanel\" class=\"tab-pane\" id=\"1471523982631-12f19c2f-bb55\">\n\t<div class=\"wpb_text_column wpb_content_element\" >\n\t\t<div class=\"wpb_wrapper\">\n\t\t\t<div>Opcja dwukolorowa<\/div>\n<div>Lakierowanie RAL (nakrapiane, chropowate)<\/div>\n<div>Lakierowanie &#8211; imitacja drewna<\/div>\n<div>Lakierowanie antybakteryjne<\/div>\n<div>Anodowanie<\/div>\n\n\t\t<\/div>\n\t<\/div>\n<\/div><\/div><\/div><\/div><\/div><\/div><div class=\"wpb_column vc_column_container vc_col-md-4\"><div class=\"vc_column-inner\"><div class=\"wpb_wrapper\"><div class=\"wpb_images_carousel wpb_content_element vc_clearfix wpb_content_element\"><div class=\"wpb_wrapper\"><h2 class=\"wpb_heading wpb_gallery_heading\">&quot;COR - 80&quot; ZAWIASOWY<\/h2><div id=\"vc_images-carousel-1-1775390262\" data-ride=\"vc_carousel\" data-wrap=\"true\" style=\"width: 300px;\" data-interval=\"5000\" data-auto-height=\"yes\" data-mode=\"horizontal\" data-partial=\"false\" data-per-view=\"1\" data-hide-on-end=\"false\" class=\"vc_slide vc_images_carousel\"><ol class=\"vc_carousel-indicators\"><li data-target=\"#vc_images-carousel-1-1775390262\" data-slide-to=\"0\"><\/li><li data-target=\"#vc_images-carousel-1-1775390262\" data-slide-to=\"1\"><\/li><li data-target=\"#vc_images-carousel-1-1775390262\" data-slide-to=\"2\"><\/li><\/ol><div class=\"vc_carousel-inner\"><div class=\"vc_carousel-slideline\"><div class=\"vc_carousel-slideline-inner\"><div class=\"vc_item\"><div class=\"vc_inner\"><a class=\"\" href=\"\" data-lightbox=\"lightbox[rel-3161-1553740346]\"><\/a><\/div><\/div><div class=\"vc_item\"><div class=\"vc_inner\"><a class=\"\" href=\"\" data-lightbox=\"lightbox[rel-3161-1553740346]\"><\/a><\/div><\/div><div class=\"vc_item\"><div class=\"vc_inner\"><a class=\"\" href=\"\" data-lightbox=\"lightbox[rel-3161-1553740346]\"><\/a><\/div><\/div><\/div><\/div><\/div><a class=\"vc_left vc_carousel-control\" href=\"#vc_images-carousel-1-1775390262\" data-slide=\"prev\"><span class=\"icon-prev\"><\/span><\/a><a class=\"vc_right vc_carousel-control\" href=\"#vc_images-carousel-1-1775390262\" data-slide=\"next\"><span class=\"icon-next\"><\/span><\/a><\/div><\/div><\/div><\/div><\/div><\/div><\/div><div class=\"vc_row wpb_row vc_row-fluid vc_custom_1490859608642 vc_row-has-fill\"><div class=\"wpb_column vc_column_container vc_col-md-12\"><div class=\"vc_column-inner\"><div class=\"wpb_wrapper\"><div class=\"download\"><div class='download-content text-uppercase' style='color: #fff'><i class='fa fa fa-file-pdf-o'><\/i> POBIERZ KOMPLETNY KATALOG SYSTEMU DRZWI ZAWIASOWYCH &#8222;COR &#8211; 80&#8221;<\/div><a target='_self' href='http:\/\/zenaluminium.com\/public_html\/wp-content\/uploads\/pl-doc\/System%20Drzwiowy%20Millennium%20Plus%2080%20Izol.%20Term..pdf' class='btn btn-md btn-dark btn-shadow'><i class='fa fa fa-cloud-download'><\/i> Pobierz<\/a><\/div><\/div><\/div><\/div><\/div><div class=\"vc_row wpb_row vc_row-fluid\"><div class=\"wpb_column vc_column_container vc_col-md-12\"><div class=\"vc_column-inner\"><div class=\"wpb_wrapper\"><div class=\"wpb_gallery wpb_content_element vc_clearfix wpb_content_element\" ><div class=\"wpb_wrapper\"><div class=\"wpb_gallery_slides wpb_flexslider flexslider_fade flexslider\" data-interval=\"3\" data-flex_fx=\"fade\"><ul class=\"slides\"><li><a class=\"\" href=\"\" data-lightbox=\"lightbox[rel-3161-1009039241]\"><\/a><\/li><li><a class=\"\" href=\"\" data-lightbox=\"lightbox[rel-3161-1009039241]\"><\/a><\/li><\/ul><\/div><\/div><\/div><\/div><\/div><\/div><\/div>\n<\/div>","protected":false},"excerpt":{"rendered":"Przegl\u0105dAkustyczno\u015b\u0107Przenikalno\u015b\u0107Rodzaje skrzyde\u0142PrzekrojeWymiary \/ Ci\u0119\u017carBadaniaWyko\u0144czeniaSYSTEM DRZWI ZAWIASOWYCH \"COR - 80\" Nowa koncepcja systemu zawiasowego o uniwersalnym rowku okuciowym (euro), kt\u00f3ry charakteryzuje si\u0119 maksymaln\u0105 wodoszczelno\u015bci\u0105, wydajno\u015bci\u0105 energetyczn\u0105 i izolacyjno\u015bci\u0105 akustyczn\u0105 oraz kr\u00f3tkim czasem produkcji i monta\u017cu. Zastosowanie o\u015bcie\u017cnicy o g\u0142\u0119boko\u015bci 80 mm &hellip;","protected":false},"author":1,"featured_media":0,"parent":3120,"menu_order":0,"comment_status":"closed","ping_status":"closed","template":"","meta":{"footnotes":""},"class_list":["post-3161","page","type-page","status-publish","hentry"],"yoast_head":"<!-- This site is optimized with the Yoast SEO plugin v27.2 - https:\/\/yoast.com\/product\/yoast-seo-wordpress\/ -->\n<title>SYSTEM DRZWI ZAWIASOWYCH &quot;COR - 80&quot; - Zen Aluminium - polski producent okien i drzwi z aluminium<\/title>\n<meta name=\"robots\" content=\"index, follow, max-snippet:-1, max-image-preview:large, max-video-preview:-1\" \/>\n<link rel=\"canonical\" href=\"https:\/\/zenaluminium.pl\/en\/services\/door-aluminium-systems\/door-classic\/cor-80\/\" \/>\n<meta property=\"og:locale\" content=\"en_GB\" \/>\n<meta property=\"og:type\" content=\"article\" \/>\n<meta property=\"og:title\" content=\"SYSTEM DRZWI ZAWIASOWYCH &quot;COR - 80&quot; - Zen Aluminium - polski producent okien i drzwi z aluminium\" \/>\n<meta property=\"og:url\" content=\"https:\/\/zenaluminium.pl\/en\/services\/door-aluminium-systems\/door-classic\/cor-80\/\" \/>\n<meta property=\"og:site_name\" content=\"Zen Aluminium - polski producent okien i drzwi z aluminium\" \/>\n<meta property=\"article:publisher\" content=\"http:\/\/fb.com\/zenaluminum\" \/>\n<meta property=\"article:modified_time\" content=\"2023-04-19T12:02:41+00:00\" \/>\n<meta property=\"og:image\" content=\"http:\/\/cortizo.com\/ficheros\/aperturas\/apertura_1.gif\" \/>\n<meta name=\"twitter:card\" content=\"summary_large_image\" \/>\n<meta name=\"twitter:label1\" content=\"Estimated reading time\" \/>\n\t<meta name=\"twitter:data1\" content=\"4 minutes\" \/>\n<script type=\"application\/ld+json\" class=\"yoast-schema-graph\">{\"@context\":\"https:\/\/schema.org\",\"@graph\":[{\"@type\":\"WebPage\",\"@id\":\"https:\/\/zenaluminium.pl\/uslugi\/systemy-drzwiowe-aluminiowe\/drzwi-klasyczne\/cor-80\/\",\"url\":\"https:\/\/zenaluminium.pl\/uslugi\/systemy-drzwiowe-aluminiowe\/drzwi-klasyczne\/cor-80\/\",\"name\":\"SYSTEM DRZWI ZAWIASOWYCH \\\"COR - 80\\\" - Zen Aluminium - polski producent okien i drzwi z aluminium\",\"isPartOf\":{\"@id\":\"https:\/\/zenaluminium.pl\/#website\"},\"primaryImageOfPage\":{\"@id\":\"https:\/\/zenaluminium.pl\/uslugi\/systemy-drzwiowe-aluminiowe\/drzwi-klasyczne\/cor-80\/#primaryimage\"},\"image\":{\"@id\":\"https:\/\/zenaluminium.pl\/uslugi\/systemy-drzwiowe-aluminiowe\/drzwi-klasyczne\/cor-80\/#primaryimage\"},\"thumbnailUrl\":\"http:\/\/cortizo.com\/ficheros\/aperturas\/apertura_1.gif\",\"datePublished\":\"2017-04-06T10:10:07+00:00\",\"dateModified\":\"2023-04-19T12:02:41+00:00\",\"breadcrumb\":{\"@id\":\"https:\/\/zenaluminium.pl\/uslugi\/systemy-drzwiowe-aluminiowe\/drzwi-klasyczne\/cor-80\/#breadcrumb\"},\"inLanguage\":\"en-GB\",\"potentialAction\":[{\"@type\":\"ReadAction\",\"target\":[\"https:\/\/zenaluminium.pl\/uslugi\/systemy-drzwiowe-aluminiowe\/drzwi-klasyczne\/cor-80\/\"]}]},{\"@type\":\"ImageObject\",\"inLanguage\":\"en-GB\",\"@id\":\"https:\/\/zenaluminium.pl\/uslugi\/systemy-drzwiowe-aluminiowe\/drzwi-klasyczne\/cor-80\/#primaryimage\",\"url\":\"http:\/\/cortizo.com\/ficheros\/aperturas\/apertura_1.gif\",\"contentUrl\":\"http:\/\/cortizo.com\/ficheros\/aperturas\/apertura_1.gif\"},{\"@type\":\"BreadcrumbList\",\"@id\":\"https:\/\/zenaluminium.pl\/uslugi\/systemy-drzwiowe-aluminiowe\/drzwi-klasyczne\/cor-80\/#breadcrumb\",\"itemListElement\":[{\"@type\":\"ListItem\",\"position\":1,\"name\":\"Home\",\"item\":\"https:\/\/zenaluminium.pl\/\"},{\"@type\":\"ListItem\",\"position\":2,\"name\":\"Stolarka aluminiowa\",\"item\":\"https:\/\/zenaluminium.pl\/uslugi\/\"},{\"@type\":\"ListItem\",\"position\":3,\"name\":\"SYSTEMY DRZWIOWE\",\"item\":\"https:\/\/zenaluminium.pl\/uslugi\/systemy-drzwiowe-aluminiowe\/\"},{\"@type\":\"ListItem\",\"position\":4,\"name\":\"DRZWI ALUMINIOWE ZEWN\u0118TRZNE I WEWN\u0118TRZNE\",\"item\":\"https:\/\/zenaluminium.pl\/uslugi\/systemy-drzwiowe-aluminiowe\/drzwi-klasyczne\/\"},{\"@type\":\"ListItem\",\"position\":5,\"name\":\"SYSTEM DRZWI ZAWIASOWYCH &#8220;COR &#8211; 80&#8221;\"}]},{\"@type\":\"WebSite\",\"@id\":\"https:\/\/zenaluminium.pl\/#website\",\"url\":\"https:\/\/zenaluminium.pl\/\",\"name\":\"Zen Aluminium - polski producent okien i drzwi z aluminium\",\"description\":\"Stolarka okienna, fasady, ogrody zimowe, rozwi\u0105zania klasy premium\",\"potentialAction\":[{\"@type\":\"SearchAction\",\"target\":{\"@type\":\"EntryPoint\",\"urlTemplate\":\"https:\/\/zenaluminium.pl\/?s={search_term_string}\"},\"query-input\":{\"@type\":\"PropertyValueSpecification\",\"valueRequired\":true,\"valueName\":\"search_term_string\"}}],\"inLanguage\":\"en-GB\"}]}<\/script>\n<!-- \/ Yoast SEO plugin. -->","yoast_head_json":{"title":"HINGE DOOR SYSTEM \"COR - 70\" - Zen Aluminium - Polish manufacturer of aluminium windows and doors","robots":{"index":"index","follow":"follow","max-snippet":"max-snippet:-1","max-image-preview":"max-image-preview:large","max-video-preview":"max-video-preview:-1"},"canonical":"https:\/\/zenaluminium.pl\/en\/services\/door-aluminium-systems\/door-classic\/cor-80\/","og_locale":"en_GB","og_type":"article","og_title":"SYSTEM DRZWI ZAWIASOWYCH \"COR - 80\" - Zen Aluminium - polski producent okien i drzwi z aluminium","og_url":"https:\/\/zenaluminium.pl\/en\/services\/door-aluminium-systems\/door-classic\/cor-80\/","og_site_name":"Zen Aluminium - polski producent okien i drzwi z aluminium","article_publisher":"http:\/\/fb.com\/zenaluminum","article_modified_time":"2023-04-19T12:02:41+00:00","og_image":[{"url":"http:\/\/cortizo.com\/ficheros\/aperturas\/apertura_1.gif","type":"","width":"","height":""}],"twitter_card":"summary_large_image","twitter_misc":{"Estimated reading time":"4 minutes"},"schema":{"@context":"https:\/\/schema.org","@graph":[{"@type":"WebPage","@id":"https:\/\/zenaluminium.pl\/uslugi\/systemy-drzwiowe-aluminiowe\/drzwi-klasyczne\/cor-80\/","url":"https:\/\/zenaluminium.pl\/uslugi\/systemy-drzwiowe-aluminiowe\/drzwi-klasyczne\/cor-80\/","name":"HINGE DOOR SYSTEM \"COR - 70\" - Zen Aluminium - Polish manufacturer of aluminium windows and doors","isPartOf":{"@id":"https:\/\/zenaluminium.pl\/#website"},"primaryImageOfPage":{"@id":"https:\/\/zenaluminium.pl\/uslugi\/systemy-drzwiowe-aluminiowe\/drzwi-klasyczne\/cor-80\/#primaryimage"},"image":{"@id":"https:\/\/zenaluminium.pl\/uslugi\/systemy-drzwiowe-aluminiowe\/drzwi-klasyczne\/cor-80\/#primaryimage"},"thumbnailUrl":"http:\/\/cortizo.com\/ficheros\/aperturas\/apertura_1.gif","datePublished":"2017-04-06T10:10:07+00:00","dateModified":"2023-04-19T12:02:41+00:00","breadcrumb":{"@id":"https:\/\/zenaluminium.pl\/uslugi\/systemy-drzwiowe-aluminiowe\/drzwi-klasyczne\/cor-80\/#breadcrumb"},"inLanguage":"en-GB","potentialAction":[{"@type":"ReadAction","target":["https:\/\/zenaluminium.pl\/uslugi\/systemy-drzwiowe-aluminiowe\/drzwi-klasyczne\/cor-80\/"]}]},{"@type":"ImageObject","inLanguage":"en-GB","@id":"https:\/\/zenaluminium.pl\/uslugi\/systemy-drzwiowe-aluminiowe\/drzwi-klasyczne\/cor-80\/#primaryimage","url":"http:\/\/cortizo.com\/ficheros\/aperturas\/apertura_1.gif","contentUrl":"http:\/\/cortizo.com\/ficheros\/aperturas\/apertura_1.gif"},{"@type":"BreadcrumbList","@id":"https:\/\/zenaluminium.pl\/uslugi\/systemy-drzwiowe-aluminiowe\/drzwi-klasyczne\/cor-80\/#breadcrumb","itemListElement":[{"@type":"ListItem","position":1,"name":"Home","item":"https:\/\/zenaluminium.pl\/"},{"@type":"ListItem","position":2,"name":"Stolarka aluminiowa","item":"https:\/\/zenaluminium.pl\/uslugi\/"},{"@type":"ListItem","position":3,"name":"SYSTEMY DRZWIOWE","item":"https:\/\/zenaluminium.pl\/uslugi\/systemy-drzwiowe-aluminiowe\/"},{"@type":"ListItem","position":4,"name":"DRZWI ALUMINIOWE ZEWN\u0118TRZNE I WEWN\u0118TRZNE","item":"https:\/\/zenaluminium.pl\/uslugi\/systemy-drzwiowe-aluminiowe\/drzwi-klasyczne\/"},{"@type":"ListItem","position":5,"name":"SYSTEM DRZWI ZAWIASOWYCH &#8220;COR &#8211; 80&#8221;"}]},{"@type":"WebSite","@id":"https:\/\/zenaluminium.pl\/#website","url":"https:\/\/zenaluminium.pl\/","name":"Zen Aluminium - Polish manufacturer of aluminium windows and doors","description":"Window joinery, facades, conservatories, premium solutions","potentialAction":[{"@type":"SearchAction","target":{"@type":"EntryPoint","urlTemplate":"https:\/\/zenaluminium.pl\/?s={search_term_string}"},"query-input":{"@type":"PropertyValueSpecification","valueRequired":true,"valueName":"search_term_string"}}],"inLanguage":"en-GB"}]}},"_links":{"self":[{"href":"http:\/\/zenaluminium.pl\/en\/wp-json\/wp\/v2\/pages\/3161","targetHints":{"allow":["GET"]}}],"collection":[{"href":"http:\/\/zenaluminium.pl\/en\/wp-json\/wp\/v2\/pages"}],"about":[{"href":"http:\/\/zenaluminium.pl\/en\/wp-json\/wp\/v2\/types\/page"}],"author":[{"embeddable":true,"href":"http:\/\/zenaluminium.pl\/en\/wp-json\/wp\/v2\/users\/1"}],"replies":[{"embeddable":true,"href":"http:\/\/zenaluminium.pl\/en\/wp-json\/wp\/v2\/comments?post=3161"}],"version-history":[{"count":1,"href":"http:\/\/zenaluminium.pl\/en\/wp-json\/wp\/v2\/pages\/3161\/revisions"}],"predecessor-version":[{"id":17759,"href":"http:\/\/zenaluminium.pl\/en\/wp-json\/wp\/v2\/pages\/3161\/revisions\/17759"}],"up":[{"embeddable":true,"href":"http:\/\/zenaluminium.pl\/en\/wp-json\/wp\/v2\/pages\/3120"}],"wp:attachment":[{"href":"http:\/\/zenaluminium.pl\/en\/wp-json\/wp\/v2\/media?parent=3161"}],"curies":[{"name":"wp","href":"https:\/\/api.w.org\/{rel}","templated":true}]}}