{"id":3210,"date":"2017-04-06T14:49:23","date_gmt":"2017-04-06T13:49:23","guid":{"rendered":"http:\/\/zenaluminium.com\/?page_id=3210\/"},"modified":"2023-05-08T08:30:56","modified_gmt":"2023-05-08T06:30:56","slug":"sliding-door-aluminium-4600","status":"publish","type":"page","link":"http:\/\/zenaluminium.pl\/en\/uslugi\/systemy-drzwiowe-aluminiowe\/drzwi-przesuwne\/drzwi-przesuwne-aluminiowe-4600\/","title":{"rendered":"ALUMINIUM SLIDING DOOR - COR 4600"},"content":{"rendered":"<div class=\"wpb-content-wrapper\"><div class=\"vc_row wpb_row vc_row-fluid\"><div class=\"wpb_column vc_column_container vc_col-md-8 vc_col-has-fill\"><div class=\"vc_column-inner vc_custom_1514456740004\"><div class=\"wpb_wrapper\"><h2 class='heading-left  divider-sm' ><span>DRZWI PRZESUWNE ALUMINIOWE &#8222;PODNIE\u015a I PRZESU\u0143&#8221; 4600<\/span><\/h2>\n\t<div class=\"wpb_text_column wpb_content_element\" >\n\t\t<div class=\"wpb_wrapper\">\n\t\t\t<p style=\"padding-left: 30px;\"><span style=\"color: #000000;\"><span id=\"result_box\" class=\"\" lang=\"pl\" tabindex=\"-1\">Drzwi przesuwne aluminiowe typu &#8222;podnie\u015b-przesu\u0144&#8221;, kt\u00f3re wykazuj\u0105 najlepsz\u0105 izolacj\u0119 termiczn\u0105 &#8211; <\/span>Uw od 0,9 Wm\u00b2K.<\/span><br \/>\n<span style=\"color: #000000;\"><span class=\"\">Mo\u017cliwo\u015b\u0107 wyboru dw\u00f3ch opcji centralnego skrzyd\u0142a, sekcji standardowej 110 mm i minimalistycznego rozwi\u0105zania tylko 50mm.<br \/>\n<\/span><span class=\"\">Mo\u017cliwo\u015b\u0107 du\u017cych wymiar\u00f3w skrzyde\u0142 czyni ten system idealnym do zamykania du\u017cych przestrzeni, przy jednoczesnym zapewnieniu maksymalnej jasno\u015bci.<br \/>\n<\/span><span class=\"\">Jest to solidny wygl\u0105d systemu, ale jednocze\u015bnie lekki, zapewniaj\u0105cy wyj\u0105tkowo g\u0142adkie otwieranie i doskona\u0142e przesuwanie si\u0119 po szynie ze stali nierdzewnej.<\/span><\/span><\/p>\n\n\t\t<\/div>\n\t<\/div>\n<div class=\"vc_row wpb_row vc_inner vc_row-fluid\"><div class=\"wpb_column vc_column_container vc_col-md-6 vc_col-has-fill\"><div class=\"vc_column-inner vc_custom_1514456730980\"><div class=\"wpb_wrapper\">\n\t<div class=\"wpb_text_column wpb_content_element\" >\n\t\t<div class=\"wpb_wrapper\">\n\t\t\t<h4><span id=\"result_box\" class=\"\" lang=\"pl\" style=\"color: #000000;\" tabindex=\"-1\">Dane techniczne: <\/span><\/h4>\n<ul>\n<li><span id=\"result_box\" class=\"\" lang=\"pl\" style=\"color: #000000;\" tabindex=\"-1\">Maksymalna grubo\u015b\u0107 oszklenia: 55 mm<\/span><\/li>\n<li><span class=\"\" lang=\"pl\" style=\"color: #000000;\" tabindex=\"-1\"><span class=\"\" lang=\"pl\" tabindex=\"-1\">Mo\u017cliwo\u015bci otwierania:<br \/>\nPrzesuwne 2, 3, 4 i 6 skrzyde\u0142<br \/>\nMo\u017cliwo\u015b\u0107 1 szyny (1 skrzyd\u0142o 1 \u015bwiat\u0142o sta\u0142e) i 3 szyny<\/span><\/span><\/li>\n<li><span class=\"\" lang=\"pl\" style=\"color: #000000;\" tabindex=\"-1\"><span class=\"\" lang=\"pl\" tabindex=\"-1\">Sekcje: Rama 160.6 mm &#8211; 3 szyny 251 mm. Skrzyd\u0142o 70 mm<\/span><\/span><\/li>\n<li><span id=\"result_box\" class=\"\" lang=\"pl\" style=\"color: #000000;\" tabindex=\"-1\">Grubo\u015b\u0107 profilu: Drzwi 2,0 mm<\/span><\/li>\n<li><span id=\"result_box\" class=\"\" lang=\"pl\" style=\"color: #000000;\" tabindex=\"-1\">D\u0142ugo\u015b\u0107 paska poliamidu: Rama 35 mm \/ skrzyd\u0142o 24 mm<\/span><\/li>\n<li><span class=\"\" lang=\"pl\" style=\"color: #000000;\" tabindex=\"-1\"><span class=\"\" lang=\"pl\" tabindex=\"-1\">Maksymalne wymiary \/ skrzyd\u0142o:<br \/>\nSzeroko\u015b\u0107 (L) = 3,300 mm<br \/>\nWysoko\u015b\u0107 (H) = 3,300 mm<\/span><\/span><\/li>\n<li><span class=\"\" lang=\"pl\" style=\"color: #000000;\" tabindex=\"-1\"><span class=\"\" lang=\"pl\" tabindex=\"-1\"><span class=\"\">Maksymalna waga \/ skrzyd\u0142o<\/span>: 400 kg<\/span><\/span><\/li>\n<li><span style=\"color: #000000;\"><span class=\"\" lang=\"pl\" tabindex=\"-1\"><span class=\"\" lang=\"pl\" tabindex=\"-1\"><span class=\"\">Wyko\u0144czenia<\/span>:<br \/>\nMo\u017cliwo\u015b\u0107 system\u00f3w bicolor<br \/>\nKolorowa pow\u0142oka proszkowa (RAL, c\u0119tkowane i szorstkie)<br \/>\nLakierowanie proszkowe w drewnie<br \/>\nAntybakteryjna pow\u0142oka proszkowa<br \/>\nAnodowane<\/span><\/span><span class=\"\">W przypadku innych typ\u00f3w otwor\u00f3w nale\u017cy skonsultowa\u0107 si\u0119 z maksymaln\u0105 mas\u0105 i wymiarami<\/span><\/span><\/li>\n<\/ul>\n\n\t\t<\/div>\n\t<\/div>\n<\/div><\/div><\/div><div class=\"wpb_column vc_column_container vc_col-md-6 vc_col-has-fill\"><div class=\"vc_column-inner vc_custom_1514456697581\"><div class=\"wpb_wrapper\">\n\t<div class=\"wpb_text_column wpb_content_element\" >\n\t\t<div class=\"wpb_wrapper\">\n\t\t\t<h4><span style=\"color: #000000;\">Testy wytrzyma\u0142o\u015bciowe:<\/span><\/h4>\n<ul>\n<li><span style=\"color: #000000;\"><span class=\"\" lang=\"pl\" tabindex=\"-1\"><span class=\"\" lang=\"pl\" tabindex=\"-1\">Transmitancja<br \/>\nUw od 0,9 (W \/ m\u00b2K)<br \/>\nProsz\u0119 zapozna\u0107 si\u0119 z typologi\u0105, wymiarami i przeszkle\u0144<\/span><\/span>\u00a0<\/span><\/li>\n<li><span style=\"color: #000000;\"><span class=\"\" lang=\"pl\" tabindex=\"-1\"><span class=\"\" lang=\"pl\" tabindex=\"-1\">Maksymalna izolacja akustyczna<br \/>\nRw = 43 dB<\/span><\/span>\u00a0<\/span><\/li>\n<li><span style=\"color: #000000;\"><span class=\"\" lang=\"pl\" tabindex=\"-1\"><span class=\"\" lang=\"pl\" tabindex=\"-1\">Przepuszczalno\u015b\u0107 powietrza<br \/>\n(EN 12207: 2000) KLASA 4<\/span><\/span>\u00a0<\/span><\/li>\n<li><span style=\"color: #000000;\"><span class=\"\" lang=\"pl\" tabindex=\"-1\"><span class=\"\" lang=\"pl\" tabindex=\"-1\">Wodoszczelno\u015b\u0107<br \/>\n<span class=\"\">(EN 12208: 2000) KLASA 9A<\/span><\/span><\/span>\u00a0<\/span><\/li>\n<li><span style=\"color: #000000;\"><span class=\"\" lang=\"pl\" tabindex=\"-1\"><span class=\"\" lang=\"pl\" tabindex=\"-1\"><span class=\"\"> Odporno\u015b\u0107 na wiatr<\/span><br \/>\n<span class=\"\">(EN 12210: 2000) KLASA C5<\/span><\/span><\/span><span class=\"\">Test odniesienia 4,0 x 2,4 m.<\/span> 2 skrzyd\u0142a<\/span><\/li>\n<\/ul>\n\n\t\t<\/div>\n\t<\/div>\n<\/div><\/div><\/div><\/div><\/div><\/div><\/div><div class=\"wpb_column vc_column_container vc_col-md-4 vc_col-has-fill\"><div class=\"vc_column-inner vc_custom_1514455213964\"><div class=\"wpb_wrapper\"><div class=\"wpb_images_carousel wpb_content_element vc_clearfix wpb_content_element\"><div class=\"wpb_wrapper\"><h2 class=\"wpb_heading wpb_gallery_heading\">4600 DRZWI PRZESUWNE<\/h2><div id=\"vc_images-carousel-1-1775268060\" data-ride=\"vc_carousel\" data-wrap=\"true\" style=\"width: 300px;\" data-interval=\"5000\" data-auto-height=\"yes\" data-mode=\"horizontal\" data-partial=\"false\" data-per-view=\"1\" data-hide-on-end=\"false\" class=\"vc_slide vc_images_carousel\"><ol class=\"vc_carousel-indicators\"><li data-target=\"#vc_images-carousel-1-1775268060\" data-slide-to=\"0\"><\/li><li data-target=\"#vc_images-carousel-1-1775268060\" data-slide-to=\"1\"><\/li><\/ol><div class=\"vc_carousel-inner\"><div class=\"vc_carousel-slideline\"><div class=\"vc_carousel-slideline-inner\"><div class=\"vc_item\"><div class=\"vc_inner\"><a class=\"\" href=\"https:\/\/zenaluminium.pl\/wp-content\/uploads\/2023\/04\/4600-millenium-drzwi-podnoszono-przesuwne-1.jpg\" data-lightbox=\"lightbox[rel-3210-346862949]\"><img loading=\"lazy\" decoding=\"async\" width=\"300\" height=\"184\" src=\"https:\/\/zenaluminium.pl\/wp-content\/uploads\/2023\/04\/4600-millenium-drzwi-podnoszono-przesuwne-1-300x184.jpg\" class=\"attachment-medium\" alt=\"\" title=\"4600 millenium drzwi podnoszono przesuwne\" srcset=\"https:\/\/zenaluminium.pl\/wp-content\/uploads\/2023\/04\/4600-millenium-drzwi-podnoszono-przesuwne-1-300x184.jpg 300w, https:\/\/zenaluminium.pl\/wp-content\/uploads\/2023\/04\/4600-millenium-drzwi-podnoszono-przesuwne-1-600x369.jpg 600w, https:\/\/zenaluminium.pl\/wp-content\/uploads\/2023\/04\/4600-millenium-drzwi-podnoszono-przesuwne-1-768x472.jpg 768w, https:\/\/zenaluminium.pl\/wp-content\/uploads\/2023\/04\/4600-millenium-drzwi-podnoszono-przesuwne-1.jpg 893w\" sizes=\"auto, (max-width: 300px) 100vw, 300px\" \/><\/a><\/div><\/div><div class=\"vc_item\"><div class=\"vc_inner\"><a class=\"\" href=\"https:\/\/zenaluminium.pl\/wp-content\/uploads\/2023\/05\/2452.2075.dsc9259-1024x683.jpg\" data-lightbox=\"lightbox[rel-3210-346862949]\"><img loading=\"lazy\" decoding=\"async\" width=\"300\" height=\"200\" src=\"https:\/\/zenaluminium.pl\/wp-content\/uploads\/2023\/05\/2452.2075.dsc9259-300x200.jpg\" class=\"attachment-medium\" alt=\"\" title=\"2452.2075.dsc9259\" srcset=\"https:\/\/zenaluminium.pl\/wp-content\/uploads\/2023\/05\/2452.2075.dsc9259-300x200.jpg 300w, https:\/\/zenaluminium.pl\/wp-content\/uploads\/2023\/05\/2452.2075.dsc9259-600x400.jpg 600w, https:\/\/zenaluminium.pl\/wp-content\/uploads\/2023\/05\/2452.2075.dsc9259-1024x683.jpg 1024w, https:\/\/zenaluminium.pl\/wp-content\/uploads\/2023\/05\/2452.2075.dsc9259-768x512.jpg 768w, https:\/\/zenaluminium.pl\/wp-content\/uploads\/2023\/05\/2452.2075.dsc9259-18x12.jpg 18w, https:\/\/zenaluminium.pl\/wp-content\/uploads\/2023\/05\/2452.2075.dsc9259.jpg 1120w\" sizes=\"auto, (max-width: 300px) 100vw, 300px\" \/><\/a><\/div><\/div><\/div><\/div><\/div><a class=\"vc_left vc_carousel-control\" href=\"#vc_images-carousel-1-1775268060\" data-slide=\"prev\"><span class=\"icon-prev\"><\/span><\/a><a class=\"vc_right vc_carousel-control\" href=\"#vc_images-carousel-1-1775268060\" data-slide=\"next\"><span class=\"icon-next\"><\/span><\/a><\/div><\/div><\/div><\/div><\/div><\/div><\/div><div class=\"vc_row wpb_row vc_row-fluid\"><div class=\"wpb_column vc_column_container vc_col-md-12\"><div class=\"vc_column-inner\"><div class=\"wpb_wrapper\"><div class=\"wpb_gallery wpb_content_element vc_clearfix wpb_content_element\" ><div class=\"wpb_wrapper\"><div class=\"wpb_gallery_slides wpb_slider_nivo theme-default\" data-interval=\"3\"><div class=\"nivoSlider\"><a class=\"\" href=\"https:\/\/zenaluminium.pl\/wp-content\/uploads\/2023\/05\/2452.2075.dsc9259-1-1024x683.jpg\" data-lightbox=\"lightbox[rel-3210-2388587304]\"><img loading=\"lazy\" decoding=\"async\" width=\"1120\" height=\"747\" src=\"https:\/\/zenaluminium.pl\/wp-content\/uploads\/2023\/05\/2452.2075.dsc9259-1.jpg\" class=\"attachment-full\" alt=\"\" title=\"2452.2075.dsc9259\" srcset=\"https:\/\/zenaluminium.pl\/wp-content\/uploads\/2023\/05\/2452.2075.dsc9259-1.jpg 1120w, https:\/\/zenaluminium.pl\/wp-content\/uploads\/2023\/05\/2452.2075.dsc9259-1-600x400.jpg 600w, https:\/\/zenaluminium.pl\/wp-content\/uploads\/2023\/05\/2452.2075.dsc9259-1-300x200.jpg 300w, https:\/\/zenaluminium.pl\/wp-content\/uploads\/2023\/05\/2452.2075.dsc9259-1-1024x683.jpg 1024w, https:\/\/zenaluminium.pl\/wp-content\/uploads\/2023\/05\/2452.2075.dsc9259-1-768x512.jpg 768w, https:\/\/zenaluminium.pl\/wp-content\/uploads\/2023\/05\/2452.2075.dsc9259-1-18x12.jpg 18w\" sizes=\"auto, (max-width: 1120px) 100vw, 1120px\" \/><\/a><a class=\"\" href=\"https:\/\/zenaluminium.pl\/wp-content\/uploads\/2023\/05\/cor-4600-1.jpg\" data-lightbox=\"lightbox[rel-3210-2388587304]\"><img loading=\"lazy\" decoding=\"async\" width=\"1000\" height=\"750\" src=\"https:\/\/zenaluminium.pl\/wp-content\/uploads\/2023\/05\/cor-4600-1.jpg\" class=\"attachment-full\" alt=\"\" title=\"cor-4600-1\" srcset=\"https:\/\/zenaluminium.pl\/wp-content\/uploads\/2023\/05\/cor-4600-1.jpg 1000w, https:\/\/zenaluminium.pl\/wp-content\/uploads\/2023\/05\/cor-4600-1-600x450.jpg 600w, https:\/\/zenaluminium.pl\/wp-content\/uploads\/2023\/05\/cor-4600-1-300x225.jpg 300w, https:\/\/zenaluminium.pl\/wp-content\/uploads\/2023\/05\/cor-4600-1-768x576.jpg 768w, https:\/\/zenaluminium.pl\/wp-content\/uploads\/2023\/05\/cor-4600-1-16x12.jpg 16w, https:\/\/zenaluminium.pl\/wp-content\/uploads\/2023\/05\/cor-4600-1-280x210.jpg 280w\" sizes=\"auto, (max-width: 1000px) 100vw, 1000px\" \/><\/a><a class=\"\" href=\"https:\/\/zenaluminium.pl\/wp-content\/uploads\/2023\/05\/cor-4600-2.jpg\" data-lightbox=\"lightbox[rel-3210-2388587304]\"><img loading=\"lazy\" decoding=\"async\" width=\"1000\" height=\"750\" src=\"https:\/\/zenaluminium.pl\/wp-content\/uploads\/2023\/05\/cor-4600-2.jpg\" class=\"attachment-full\" alt=\"\" title=\"cor-4600-2\" srcset=\"https:\/\/zenaluminium.pl\/wp-content\/uploads\/2023\/05\/cor-4600-2.jpg 1000w, https:\/\/zenaluminium.pl\/wp-content\/uploads\/2023\/05\/cor-4600-2-600x450.jpg 600w, https:\/\/zenaluminium.pl\/wp-content\/uploads\/2023\/05\/cor-4600-2-300x225.jpg 300w, https:\/\/zenaluminium.pl\/wp-content\/uploads\/2023\/05\/cor-4600-2-768x576.jpg 768w, https:\/\/zenaluminium.pl\/wp-content\/uploads\/2023\/05\/cor-4600-2-16x12.jpg 16w, https:\/\/zenaluminium.pl\/wp-content\/uploads\/2023\/05\/cor-4600-2-280x210.jpg 280w\" sizes=\"auto, (max-width: 1000px) 100vw, 1000px\" \/><\/a><a class=\"\" href=\"https:\/\/zenaluminium.pl\/wp-content\/uploads\/2023\/05\/cor-4600-3.jpg\" data-lightbox=\"lightbox[rel-3210-2388587304]\"><img loading=\"lazy\" decoding=\"async\" width=\"1000\" height=\"750\" src=\"https:\/\/zenaluminium.pl\/wp-content\/uploads\/2023\/05\/cor-4600-3.jpg\" class=\"attachment-full\" alt=\"\" title=\"cor-4600-3\" srcset=\"https:\/\/zenaluminium.pl\/wp-content\/uploads\/2023\/05\/cor-4600-3.jpg 1000w, https:\/\/zenaluminium.pl\/wp-content\/uploads\/2023\/05\/cor-4600-3-600x450.jpg 600w, https:\/\/zenaluminium.pl\/wp-content\/uploads\/2023\/05\/cor-4600-3-300x225.jpg 300w, https:\/\/zenaluminium.pl\/wp-content\/uploads\/2023\/05\/cor-4600-3-768x576.jpg 768w, https:\/\/zenaluminium.pl\/wp-content\/uploads\/2023\/05\/cor-4600-3-16x12.jpg 16w, https:\/\/zenaluminium.pl\/wp-content\/uploads\/2023\/05\/cor-4600-3-280x210.jpg 280w\" sizes=\"auto, (max-width: 1000px) 100vw, 1000px\" \/><\/a><a class=\"\" href=\"https:\/\/zenaluminium.pl\/wp-content\/uploads\/2023\/05\/cor-4600-4.jpg\" data-lightbox=\"lightbox[rel-3210-2388587304]\"><img loading=\"lazy\" decoding=\"async\" width=\"1000\" height=\"750\" src=\"https:\/\/zenaluminium.pl\/wp-content\/uploads\/2023\/05\/cor-4600-4.jpg\" class=\"attachment-full\" alt=\"\" title=\"cor-4600-4\" srcset=\"https:\/\/zenaluminium.pl\/wp-content\/uploads\/2023\/05\/cor-4600-4.jpg 1000w, https:\/\/zenaluminium.pl\/wp-content\/uploads\/2023\/05\/cor-4600-4-600x450.jpg 600w, https:\/\/zenaluminium.pl\/wp-content\/uploads\/2023\/05\/cor-4600-4-300x225.jpg 300w, https:\/\/zenaluminium.pl\/wp-content\/uploads\/2023\/05\/cor-4600-4-768x576.jpg 768w, https:\/\/zenaluminium.pl\/wp-content\/uploads\/2023\/05\/cor-4600-4-16x12.jpg 16w, https:\/\/zenaluminium.pl\/wp-content\/uploads\/2023\/05\/cor-4600-4-280x210.jpg 280w\" sizes=\"auto, (max-width: 1000px) 100vw, 1000px\" \/><\/a><a class=\"\" href=\"https:\/\/zenaluminium.pl\/wp-content\/uploads\/2023\/05\/cor-4600-5.jpg\" data-lightbox=\"lightbox[rel-3210-2388587304]\"><img loading=\"lazy\" decoding=\"async\" width=\"1000\" height=\"750\" src=\"https:\/\/zenaluminium.pl\/wp-content\/uploads\/2023\/05\/cor-4600-5.jpg\" class=\"attachment-full\" alt=\"\" title=\"cor-4600-5\" srcset=\"https:\/\/zenaluminium.pl\/wp-content\/uploads\/2023\/05\/cor-4600-5.jpg 1000w, https:\/\/zenaluminium.pl\/wp-content\/uploads\/2023\/05\/cor-4600-5-600x450.jpg 600w, https:\/\/zenaluminium.pl\/wp-content\/uploads\/2023\/05\/cor-4600-5-300x225.jpg 300w, https:\/\/zenaluminium.pl\/wp-content\/uploads\/2023\/05\/cor-4600-5-768x576.jpg 768w, https:\/\/zenaluminium.pl\/wp-content\/uploads\/2023\/05\/cor-4600-5-16x12.jpg 16w, https:\/\/zenaluminium.pl\/wp-content\/uploads\/2023\/05\/cor-4600-5-280x210.jpg 280w\" sizes=\"auto, (max-width: 1000px) 100vw, 1000px\" \/><\/a><a class=\"\" href=\"https:\/\/zenaluminium.pl\/wp-content\/uploads\/2023\/05\/cor-4600-6.jpg\" data-lightbox=\"lightbox[rel-3210-2388587304]\"><img loading=\"lazy\" decoding=\"async\" width=\"1000\" height=\"445\" src=\"https:\/\/zenaluminium.pl\/wp-content\/uploads\/2023\/05\/cor-4600-6.jpg\" class=\"attachment-full\" alt=\"\" title=\"cor-4600-6\" srcset=\"https:\/\/zenaluminium.pl\/wp-content\/uploads\/2023\/05\/cor-4600-6.jpg 1000w, https:\/\/zenaluminium.pl\/wp-content\/uploads\/2023\/05\/cor-4600-6-600x267.jpg 600w, https:\/\/zenaluminium.pl\/wp-content\/uploads\/2023\/05\/cor-4600-6-300x134.jpg 300w, https:\/\/zenaluminium.pl\/wp-content\/uploads\/2023\/05\/cor-4600-6-768x342.jpg 768w, https:\/\/zenaluminium.pl\/wp-content\/uploads\/2023\/05\/cor-4600-6-18x8.jpg 18w\" sizes=\"auto, (max-width: 1000px) 100vw, 1000px\" \/><\/a><a class=\"\" href=\"https:\/\/zenaluminium.pl\/wp-content\/uploads\/2023\/05\/cor-4600-7.jpg\" data-lightbox=\"lightbox[rel-3210-2388587304]\"><img loading=\"lazy\" decoding=\"async\" width=\"1000\" height=\"676\" src=\"https:\/\/zenaluminium.pl\/wp-content\/uploads\/2023\/05\/cor-4600-7.jpg\" class=\"attachment-full\" alt=\"\" title=\"cor-4600-7\" srcset=\"https:\/\/zenaluminium.pl\/wp-content\/uploads\/2023\/05\/cor-4600-7.jpg 1000w, https:\/\/zenaluminium.pl\/wp-content\/uploads\/2023\/05\/cor-4600-7-600x406.jpg 600w, https:\/\/zenaluminium.pl\/wp-content\/uploads\/2023\/05\/cor-4600-7-300x203.jpg 300w, https:\/\/zenaluminium.pl\/wp-content\/uploads\/2023\/05\/cor-4600-7-768x519.jpg 768w, https:\/\/zenaluminium.pl\/wp-content\/uploads\/2023\/05\/cor-4600-7-18x12.jpg 18w\" sizes=\"auto, (max-width: 1000px) 100vw, 1000px\" \/><\/a><\/div><\/div><\/div><\/div><\/div><\/div><\/div><\/div><div class=\"vc_row wpb_row vc_row-fluid vc_custom_1490877480977 vc_row-has-fill\"><div class=\"wpb_column vc_column_container vc_col-md-12\"><div class=\"vc_column-inner\"><div class=\"wpb_wrapper\"><div class=\"download\"><div class='download-content text-uppercase' style='color: #fff'><i class='fa fa fa-file-pdf-o'><\/i> POBIERZ KOMPLETNY KATALOG SYSTEMU DRZWI 4600 &#8222;PODNIE\u015a I PRZESU\u0143&#8221;<\/div><a target='_self' href='http:\/\/www.zenaluminium.com\/wp-content\/uploads\/4600%20Lift%20and%20Slide%20HI%20System%20with%20thermal%20break.pdf' class='btn btn-md btn-dark btn-shadow'><i class='fa fa fa-cloud-download'><\/i> Pobierz<\/a><\/div><\/div><\/div><\/div><\/div>\n<\/div>","protected":false},"excerpt":{"rendered":"DRZWI PRZESUWNE ALUMINIOWE \"PODNIE\u015a I PRZESU\u0143\" 4600 Drzwi przesuwne aluminiowe typu \"podnie\u015b-przesu\u0144\", kt\u00f3re wykazuj\u0105 najlepsz\u0105 izolacj\u0119 termiczn\u0105 - Uw od 0,9 Wm\u00b2K. Mo\u017cliwo\u015b\u0107 wyboru dw\u00f3ch opcji centralnego skrzyd\u0142a, sekcji standardowej 110 mm i minimalistycznego rozwi\u0105zania tylko 50mm. Mo\u017cliwo\u015b\u0107 du\u017cych wymiar\u00f3w &hellip;","protected":false},"author":1,"featured_media":0,"parent":3117,"menu_order":0,"comment_status":"closed","ping_status":"closed","template":"","meta":{"footnotes":""},"class_list":["post-3210","page","type-page","status-publish","hentry"],"yoast_head":"<!-- This site is optimized with the Yoast SEO plugin v27.2 - https:\/\/yoast.com\/product\/yoast-seo-wordpress\/ -->\n<title>DRZWI PRZESUWNE ALUMINIOWE - &quot;4600&quot; - ZenAluminium<\/title>\n<meta name=\"description\" content=\"Drzwi przesuwne aluminiowe typu &quot;podnie\u015b-przesu\u0144&quot;, kt\u00f3re wykazuj\u0105 najlepsz\u0105 izolacj\u0119 termiczn\u0105. Wyj\u0105tkowo solidny system przy tym lekki i elegancki.\" \/>\n<meta name=\"robots\" content=\"index, follow, max-snippet:-1, max-image-preview:large, max-video-preview:-1\" \/>\n<link rel=\"canonical\" href=\"https:\/\/zenaluminium.pl\/en\/services\/door-aluminium-systems\/sliding-door\/sliding-door-aluminium-4600\/\" \/>\n<meta property=\"og:locale\" content=\"en_GB\" \/>\n<meta property=\"og:type\" content=\"article\" \/>\n<meta property=\"og:title\" content=\"DRZWI PRZESUWNE ALUMINIOWE - &quot;4600&quot; - ZenAluminium\" \/>\n<meta property=\"og:description\" content=\"Drzwi przesuwne aluminiowe typu &quot;podnie\u015b-przesu\u0144&quot;, kt\u00f3re wykazuj\u0105 najlepsz\u0105 izolacj\u0119 termiczn\u0105. Wyj\u0105tkowo solidny system przy tym lekki i elegancki.\" \/>\n<meta property=\"og:url\" content=\"https:\/\/zenaluminium.pl\/en\/services\/door-aluminium-systems\/sliding-door\/sliding-door-aluminium-4600\/\" \/>\n<meta property=\"og:site_name\" content=\"Zen Aluminium - polski producent okien i drzwi z aluminium\" \/>\n<meta property=\"article:publisher\" content=\"http:\/\/fb.com\/zenaluminum\" \/>\n<meta property=\"article:modified_time\" content=\"2023-05-08T06:30:56+00:00\" \/>\n<meta name=\"twitter:card\" content=\"summary_large_image\" \/>\n<meta name=\"twitter:label1\" content=\"Estimated reading time\" \/>\n\t<meta name=\"twitter:data1\" content=\"2 minutes\" \/>\n<script type=\"application\/ld+json\" class=\"yoast-schema-graph\">{\"@context\":\"https:\/\/schema.org\",\"@graph\":[{\"@type\":\"WebPage\",\"@id\":\"https:\/\/zenaluminium.pl\/uslugi\/systemy-drzwiowe-aluminiowe\/drzwi-przesuwne\/drzwi-przesuwne-aluminiowe-4600\/\",\"url\":\"https:\/\/zenaluminium.pl\/uslugi\/systemy-drzwiowe-aluminiowe\/drzwi-przesuwne\/drzwi-przesuwne-aluminiowe-4600\/\",\"name\":\"DRZWI PRZESUWNE ALUMINIOWE - \\\"4600\\\" - ZenAluminium\",\"isPartOf\":{\"@id\":\"https:\/\/zenaluminium.pl\/#website\"},\"datePublished\":\"2017-04-06T13:49:23+00:00\",\"dateModified\":\"2023-05-08T06:30:56+00:00\",\"description\":\"Drzwi przesuwne aluminiowe typu \\\"podnie\u015b-przesu\u0144\\\", kt\u00f3re wykazuj\u0105 najlepsz\u0105 izolacj\u0119 termiczn\u0105. Wyj\u0105tkowo solidny system przy tym lekki i elegancki.\",\"breadcrumb\":{\"@id\":\"https:\/\/zenaluminium.pl\/uslugi\/systemy-drzwiowe-aluminiowe\/drzwi-przesuwne\/drzwi-przesuwne-aluminiowe-4600\/#breadcrumb\"},\"inLanguage\":\"en-GB\",\"potentialAction\":[{\"@type\":\"ReadAction\",\"target\":[\"https:\/\/zenaluminium.pl\/uslugi\/systemy-drzwiowe-aluminiowe\/drzwi-przesuwne\/drzwi-przesuwne-aluminiowe-4600\/\"]}]},{\"@type\":\"BreadcrumbList\",\"@id\":\"https:\/\/zenaluminium.pl\/uslugi\/systemy-drzwiowe-aluminiowe\/drzwi-przesuwne\/drzwi-przesuwne-aluminiowe-4600\/#breadcrumb\",\"itemListElement\":[{\"@type\":\"ListItem\",\"position\":1,\"name\":\"Home\",\"item\":\"https:\/\/zenaluminium.pl\/\"},{\"@type\":\"ListItem\",\"position\":2,\"name\":\"Stolarka aluminiowa\",\"item\":\"https:\/\/zenaluminium.pl\/uslugi\/\"},{\"@type\":\"ListItem\",\"position\":3,\"name\":\"SYSTEMY DRZWIOWE\",\"item\":\"https:\/\/zenaluminium.pl\/uslugi\/systemy-drzwiowe-aluminiowe\/\"},{\"@type\":\"ListItem\",\"position\":4,\"name\":\"SYSTEMY DRZWI PRZESUWNYCH\",\"item\":\"https:\/\/zenaluminium.pl\/uslugi\/systemy-drzwiowe-aluminiowe\/drzwi-przesuwne\/\"},{\"@type\":\"ListItem\",\"position\":5,\"name\":\"DRZWI PRZESUWNE ALUMINIOWE &#8211; COR 4600\"}]},{\"@type\":\"WebSite\",\"@id\":\"https:\/\/zenaluminium.pl\/#website\",\"url\":\"https:\/\/zenaluminium.pl\/\",\"name\":\"Zen Aluminium - polski producent okien i drzwi z aluminium\",\"description\":\"Stolarka okienna, fasady, ogrody zimowe, rozwi\u0105zania klasy premium\",\"potentialAction\":[{\"@type\":\"SearchAction\",\"target\":{\"@type\":\"EntryPoint\",\"urlTemplate\":\"https:\/\/zenaluminium.pl\/?s={search_term_string}\"},\"query-input\":{\"@type\":\"PropertyValueSpecification\",\"valueRequired\":true,\"valueName\":\"search_term_string\"}}],\"inLanguage\":\"en-GB\"}]}<\/script>\n<!-- \/ Yoast SEO plugin. -->","yoast_head_json":{"title":"ALUMINIUM SLIDING DOOR - \"4600\" - ZenAluminium","description":"Lift-and-slide aluminium sliding door with the best thermal insulation. An extremely robust system while remaining light and elegant.","robots":{"index":"index","follow":"follow","max-snippet":"max-snippet:-1","max-image-preview":"max-image-preview:large","max-video-preview":"max-video-preview:-1"},"canonical":"https:\/\/zenaluminium.pl\/en\/services\/door-aluminium-systems\/sliding-door\/sliding-door-aluminium-4600\/","og_locale":"en_GB","og_type":"article","og_title":"DRZWI PRZESUWNE ALUMINIOWE - \"4600\" - ZenAluminium","og_description":"Drzwi przesuwne aluminiowe typu \"podnie\u015b-przesu\u0144\", kt\u00f3re wykazuj\u0105 najlepsz\u0105 izolacj\u0119 termiczn\u0105. Wyj\u0105tkowo solidny system przy tym lekki i elegancki.","og_url":"https:\/\/zenaluminium.pl\/en\/services\/door-aluminium-systems\/sliding-door\/sliding-door-aluminium-4600\/","og_site_name":"Zen Aluminium - polski producent okien i drzwi z aluminium","article_publisher":"http:\/\/fb.com\/zenaluminum","article_modified_time":"2023-05-08T06:30:56+00:00","twitter_card":"summary_large_image","twitter_misc":{"Estimated reading time":"2 minutes"},"schema":{"@context":"https:\/\/schema.org","@graph":[{"@type":"WebPage","@id":"https:\/\/zenaluminium.pl\/uslugi\/systemy-drzwiowe-aluminiowe\/drzwi-przesuwne\/drzwi-przesuwne-aluminiowe-4600\/","url":"https:\/\/zenaluminium.pl\/uslugi\/systemy-drzwiowe-aluminiowe\/drzwi-przesuwne\/drzwi-przesuwne-aluminiowe-4600\/","name":"ALUMINIUM SLIDING DOOR - \"4600\" - ZenAluminium","isPartOf":{"@id":"https:\/\/zenaluminium.pl\/#website"},"datePublished":"2017-04-06T13:49:23+00:00","dateModified":"2023-05-08T06:30:56+00:00","description":"Lift-and-slide aluminium sliding door with the best thermal insulation. An extremely robust system while remaining light and elegant.","breadcrumb":{"@id":"https:\/\/zenaluminium.pl\/uslugi\/systemy-drzwiowe-aluminiowe\/drzwi-przesuwne\/drzwi-przesuwne-aluminiowe-4600\/#breadcrumb"},"inLanguage":"en-GB","potentialAction":[{"@type":"ReadAction","target":["https:\/\/zenaluminium.pl\/uslugi\/systemy-drzwiowe-aluminiowe\/drzwi-przesuwne\/drzwi-przesuwne-aluminiowe-4600\/"]}]},{"@type":"BreadcrumbList","@id":"https:\/\/zenaluminium.pl\/uslugi\/systemy-drzwiowe-aluminiowe\/drzwi-przesuwne\/drzwi-przesuwne-aluminiowe-4600\/#breadcrumb","itemListElement":[{"@type":"ListItem","position":1,"name":"Home","item":"https:\/\/zenaluminium.pl\/"},{"@type":"ListItem","position":2,"name":"Stolarka aluminiowa","item":"https:\/\/zenaluminium.pl\/uslugi\/"},{"@type":"ListItem","position":3,"name":"SYSTEMY DRZWIOWE","item":"https:\/\/zenaluminium.pl\/uslugi\/systemy-drzwiowe-aluminiowe\/"},{"@type":"ListItem","position":4,"name":"SYSTEMY DRZWI PRZESUWNYCH","item":"https:\/\/zenaluminium.pl\/uslugi\/systemy-drzwiowe-aluminiowe\/drzwi-przesuwne\/"},{"@type":"ListItem","position":5,"name":"DRZWI PRZESUWNE ALUMINIOWE &#8211; COR 4600"}]},{"@type":"WebSite","@id":"https:\/\/zenaluminium.pl\/#website","url":"https:\/\/zenaluminium.pl\/","name":"Zen Aluminium - Polish manufacturer of aluminium windows and doors","description":"Window joinery, facades, conservatories, premium solutions","potentialAction":[{"@type":"SearchAction","target":{"@type":"EntryPoint","urlTemplate":"https:\/\/zenaluminium.pl\/?s={search_term_string}"},"query-input":{"@type":"PropertyValueSpecification","valueRequired":true,"valueName":"search_term_string"}}],"inLanguage":"en-GB"}]}},"_links":{"self":[{"href":"http:\/\/zenaluminium.pl\/en\/wp-json\/wp\/v2\/pages\/3210","targetHints":{"allow":["GET"]}}],"collection":[{"href":"http:\/\/zenaluminium.pl\/en\/wp-json\/wp\/v2\/pages"}],"about":[{"href":"http:\/\/zenaluminium.pl\/en\/wp-json\/wp\/v2\/types\/page"}],"author":[{"embeddable":true,"href":"http:\/\/zenaluminium.pl\/en\/wp-json\/wp\/v2\/users\/1"}],"replies":[{"embeddable":true,"href":"http:\/\/zenaluminium.pl\/en\/wp-json\/wp\/v2\/comments?post=3210"}],"version-history":[{"count":4,"href":"http:\/\/zenaluminium.pl\/en\/wp-json\/wp\/v2\/pages\/3210\/revisions"}],"predecessor-version":[{"id":17832,"href":"http:\/\/zenaluminium.pl\/en\/wp-json\/wp\/v2\/pages\/3210\/revisions\/17832"}],"up":[{"embeddable":true,"href":"http:\/\/zenaluminium.pl\/en\/wp-json\/wp\/v2\/pages\/3117"}],"wp:attachment":[{"href":"http:\/\/zenaluminium.pl\/en\/wp-json\/wp\/v2\/media?parent=3210"}],"curies":[{"name":"wp","href":"https:\/\/api.w.org\/{rel}","templated":true}]}}