{"id":3157,"date":"2017-04-06T10:44:31","date_gmt":"2017-04-06T09:44:31","guid":{"rendered":"http:\/\/zenaluminium.com\/?page_id=3157\/"},"modified":"2023-04-19T12:59:36","modified_gmt":"2023-04-19T11:59:36","slug":"cor-60","status":"publish","type":"page","link":"http:\/\/zenaluminium.pl\/sv\/uslugi\/systemy-drzwiowe-aluminiowe\/drzwi-klasyczne\/cor-60\/","title":{"rendered":"G\u00c5NGJ\u00c4RNSD\u00d6RR I ALUMINIUM COR-60"},"content":{"rendered":"<div class=\"wpb-content-wrapper\"><div class=\"vc_row wpb_row vc_row-fluid\"><div class=\"wpb_column vc_column_container vc_col-md-12\"><div class=\"vc_column-inner\"><div class=\"wpb_wrapper\">\n\t<div class=\"wpb_text_column wpb_content_element\" >\n\t\t<div class=\"wpb_wrapper\">\n\t\t\t<h2><strong>Drzwi zawiasowe s\u0105 podstawowym typem drzwi do dom\u00f3w jednorodzinnych, wielorodzinnych, obiekt\u00f3w przemys\u0142owych itp. Mo\u017cemy podzieli\u0107 je na zewn\u0119trzne i wewn\u0119trzne w zale\u017cno\u015bci od przeznaczenia. System aluminiowy Cortizo COR-60 pozwala na zaprojektowanie drzwi o grubo\u015bci profila 60mm. Poni\u017cej prezentujemy specyfikacj\u0119 i mo\u017cliwe wsp\u00f3\u0142czynniki dla tego rozwi\u0105zania.<\/strong><\/h2>\n\n\t\t<\/div>\n\t<\/div>\n<div class=\"vc_separator wpb_content_element vc_separator_align_center vc_sep_width_80 vc_sep_pos_align_center vc_separator_no_text vc_sep_color_grey wpb_content_element  wpb_content_element\" ><span class=\"vc_sep_holder vc_sep_holder_l\"><span class=\"vc_sep_line\"><\/span><\/span><span class=\"vc_sep_holder vc_sep_holder_r\"><span class=\"vc_sep_line\"><\/span><\/span>\n<\/div><\/div><\/div><\/div><\/div><div class=\"vc_row wpb_row vc_row-fluid\"><div class=\"wpb_column vc_column_container vc_col-md-6\"><div class=\"vc_column-inner\"><div class=\"wpb_wrapper\"><ul class='list list-default'><li><span style=\"color: #000000;\"><strong><span style=\"font-size: 18px;\">DRZWI ALUMINIOWE ZAWIASOWE COR-60<\/span><\/strong><\/span><\/p>\n<p><span style=\"color: #000000;\">System drzwi zawiasowych z o\u015bcie\u017cnic\u0105 o g\u0142\u0119boko\u015bci konstrukcyjnej 60 mm i du\u017c\u0105 izolacyjno\u015bci\u0105 termiczn\u0105 o warto\u015bci Uw od 0.9 W\/m\u00b2K. Uzyskuje si\u0119 j\u0105 dzi\u0119ki doskonale zaprojektowanym i perfekcyjnie dopasowanym profilom aluminiowym, przek\u0142adce termicznej o szeroko\u015bci 25 mm, hermetycznym uszczelkom z materia\u0142u E.P.D.M i piance z poliolefiny umieszczonej obwodowo we wr\u0119bie przyszybowym.<br \/>\nW ofercie dost\u0119pne s\u0105 r\u00f3wnie\u017c skrzyd\u0142a proste i zaokr\u0105glone oraz listwy przyszybowe o kraw\u0119dzi prostej, sko\u015bnej lub zaokr\u0105glonej.<\/span><\/p>\n<p>Daje mo\u017cliwo\u015b\u0107 zastosowania oku\u0107 z zawiasami ukrytymi.<\/li><li><span style=\"color: #000000;\"><strong><span style=\"font-size: 18px;\">IZOLACYJNO\u015a\u0106 AKUSTYCZNA<\/span><\/strong><\/span><\/p>\n<p><span style=\"color: #000000;\">Maksymalna grubo\u015b\u0107 szklenia: \u00a0<strong>48 mm<br \/>\n<\/strong>Max. izolacyjno\u015b\u0107 akustyczna <strong>Rw=46 dBA<\/strong><\/span><\/li><li><span style=\"color: #000000;\"><strong><span style=\"font-size: 18px;\">WSP\u00d3\u0141CZYNNIK IZOLACYJNO\u015aCI CIEPLNEJ<\/span><\/strong><\/span><\/p>\n<div class=\"titDato open\"><span style=\"color: #000000;\">Uw od <strong>0.9 (W\/m\u00b2K)<\/strong><\/span><\/div>\n<div class=\"descDato\">\n<div><span style=\"color: #000000;\">rodzaj, wymiary i szklenie<\/span><\/div>\n<\/div>\n<p><\/li><li><span style=\"color: #000000;\"><strong><span style=\"font-size: 18px;\">RODZAJE SKRZYDE\u0141<\/span><\/strong><\/span><\/p>\n<div class=\"titDato open\">\n<div><span style=\"color: #000000;\"><strong>Otwierane do wewn\u0105trz: <\/strong>rozwierne, rozwierno-uchylne, rozwierno-uchylne, sk\u0142adane, uchylno-przesuwne i uchylne.<\/span><\/div>\n<div><span style=\"color: #000000;\"><strong>Otwierane na zewn\u0105trz: <\/strong>rozwierne, wychylne.<\/span><\/div>\n<div class=\"aperDato\"><span style=\"color: #000000;\"><img decoding=\"async\" title=\"Apertura #1\" src=\"http:\/\/cortizo.com\/ficheros\/aperturas\/apertura_1.gif\" alt=\"Apertura #1\" \/> <img decoding=\"async\" title=\"Apertura #2\" src=\"http:\/\/cortizo.com\/ficheros\/aperturas\/apertura_2.gif\" alt=\"Apertura #2\" \/> <img decoding=\"async\" title=\"Apertura #3\" src=\"http:\/\/cortizo.com\/ficheros\/aperturas\/apertura_3.gif\" alt=\"Apertura #3\" \/> <img decoding=\"async\" title=\"Apertura #4\" src=\"http:\/\/cortizo.com\/ficheros\/aperturas\/apertura_4.gif\" alt=\"Apertura #4\" \/> <img decoding=\"async\" title=\"Apertura #5\" src=\"http:\/\/cortizo.com\/ficheros\/aperturas\/apertura_5.gif\" alt=\"Apertura #5\" \/> <img decoding=\"async\" title=\"Apertura #6\" src=\"http:\/\/cortizo.com\/ficheros\/aperturas\/apertura_6.gif\" alt=\"Apertura #6\" \/> <img decoding=\"async\" title=\"Apertura #18\" src=\"http:\/\/cortizo.com\/ficheros\/aperturas\/apertura_18.gif\" alt=\"Apertura #18\" \/><\/span><\/div>\n<\/div>\n<p><\/li><li><span style=\"color: #000000;\"><strong><span style=\"font-size: 18px;\">PRZEKROJE \/ GRUBO\u015a\u0106 PROFILA<\/span><\/strong><\/span><\/p>\n<div class=\"titDato open\">\n<div><strong><span style=\"color: #000000;\">PRZEKROJE: <\/span><\/strong><span style=\"color: #000000;\">O\u015bcie\u017cnica<strong> 60 mm, <\/strong><\/span><span style=\"color: #000000;\">Skrzyd\u0142o<strong> 70 mm.<\/strong><\/span><\/div>\n<div><\/div>\n<div><strong><span style=\"color: #000000;\">GRUBO\u015a\u0106 PROFILA: <\/span><\/strong><span style=\"color: #000000;\">Okno <strong>1,5 mm,\u00a0<\/strong><\/span><span style=\"color: #000000;\">Drzwi <strong>1,7 mm.<\/strong><\/span><\/div>\n<div><span style=\"color: #000000;\"><br \/>\nSzeroko\u015b\u0107 przek\u0142adki termicznej:<strong>25 mm.<\/strong><\/span><\/div>\n<\/div>\n<p><\/li><li><span style=\"color: #000000;\"><strong><span style=\"font-size: 18px;\">WYMIARY MAKSYMALNE<\/span><\/strong><\/span><\/p>\n<div class=\"titDato open\">\n<div><span style=\"color: #000000;\">Szeroko\u015b\u0107(L)= <strong>1.600 mm.<\/strong><\/span><\/div>\n<div><span style=\"color: #000000;\">Wysoko\u015b\u0107(H)= <strong>2.800 mm.<\/strong><\/span><\/div>\n<div><\/div>\n<div><span style=\"color: #000000;\">Ci\u0119\u017car maksymalny\/skrzyd\u0142o<strong> 150 Kg. <\/strong><\/span><span style=\"color: #000000;\">Skonsultuj maksymalne wymiary i wag\u0119 wed\u0142ug typologii.<\/span><\/div>\n<\/div>\n<p><\/li><li><span style=\"color: #000000;\"><strong><span style=\"font-size: 18px;\">BADANIA<\/span><\/strong><\/span><\/p>\n<div class=\"titDato open\">\n<div class=\"titDato open\"><span style=\"color: #000000;\">Kategorie uzyskane na stanowiskach badawczych<\/span><\/div>\n<div class=\"descDato\">\n<div><span style=\"color: #000000;\">Przepuszczalno\u015b\u0107 powietrza: (EN 12207:2001): \u00a0<strong>Klasa 4<\/strong><\/span><\/div>\n<div>\n<p><span style=\"color: #000000;\">Wodoszczelno\u015b\u0107: (EN 12208:2001): Klasa <strong>E1200<\/strong><\/span><\/p>\n<\/div>\n<div>\n<p><span style=\"color: #000000;\">Wytrzyma\u0142o\u015b\u0107 na obci\u0105\u017cenie wiatrem: (EN 12210:2001): <strong>Klasa C5<\/strong><\/span><\/p>\n<\/div>\n<div><span style=\"color: #000000;\">Badanie referencyjne okna dwuskrzyd\u0142owego 1,31 x 1,48 m<\/span><\/div>\n<\/div>\n<\/div>\n<p><\/li><li><span style=\"color: #000000;\"><strong><span style=\"font-size: 18px;\">WYKO\u0143CZENIE \/ MALOWANIE<\/span><\/strong><\/span><\/p>\n<div class=\"titDato open\">\n<div class=\"titDato open\">\n<div><span style=\"color: #000000;\">Opcja dwukolorowa<\/span><\/div>\n<div><span style=\"color: #000000;\">Lakierowanie RAL (nakrapiane, chropowate)<\/span><\/div>\n<div><span style=\"color: #000000;\">Lakierowanie &#8211; imitacja drewna<\/span><\/div>\n<div><span style=\"color: #000000;\">Lakierowanie antybakteryjne<\/span><\/div>\n<div><span style=\"color: #000000;\">Anodowanie<\/span><\/div>\n<\/div>\n<\/div>\n<p><\/li><\/ul><\/div><\/div><\/div><div class=\"wpb_column vc_column_container vc_col-md-6\"><div class=\"vc_column-inner\"><div class=\"wpb_wrapper\">\n\t<div  class=\"wpb_single_image wpb_content_element vc_align_center wpb_content_element wpb_animate_when_almost_visible wpb_fadeIn fadeIn\">\n\t\t\n\t\t<figure class=\"wpb_wrapper vc_figure\">\n\t\t\t<div class=\"vc_single_image-wrapper vc_box_border  vc_box_border_grey\"><img loading=\"lazy\" decoding=\"async\" width=\"350\" height=\"400\" src=\"https:\/\/zenaluminium.pl\/wp-content\/uploads\/2021\/09\/1374481712.350x400.fm_.653.jpg\" class=\"vc_single_image-img attachment-full\" alt=\"\" title=\"1374481712.350x400.fm_.653\" srcset=\"https:\/\/zenaluminium.pl\/wp-content\/uploads\/2021\/09\/1374481712.350x400.fm_.653.jpg 350w, https:\/\/zenaluminium.pl\/wp-content\/uploads\/2021\/09\/1374481712.350x400.fm_.653-263x300.jpg 263w\" sizes=\"auto, (max-width: 350px) 100vw, 350px\" \/><\/div>\n\t\t<\/figure>\n\t<\/div>\n\n\t<div  class=\"wpb_single_image wpb_content_element vc_align_center wpb_content_element wpb_animate_when_almost_visible wpb_fadeIn fadeIn\">\n\t\t\n\t\t<figure class=\"wpb_wrapper vc_figure\">\n\t\t\t<div class=\"vc_single_image-wrapper vc_box_border  vc_box_border_grey\"><img loading=\"lazy\" decoding=\"async\" width=\"350\" height=\"400\" src=\"https:\/\/zenaluminium.pl\/wp-content\/uploads\/2021\/09\/1389103725.350x400.fm_.653z.jpg\" class=\"vc_single_image-img attachment-full\" alt=\"\" title=\"1389103725.350x400.fm_.653z\" srcset=\"https:\/\/zenaluminium.pl\/wp-content\/uploads\/2021\/09\/1389103725.350x400.fm_.653z.jpg 350w, https:\/\/zenaluminium.pl\/wp-content\/uploads\/2021\/09\/1389103725.350x400.fm_.653z-263x300.jpg 263w\" sizes=\"auto, (max-width: 350px) 100vw, 350px\" \/><\/div>\n\t\t<\/figure>\n\t<\/div>\n\n\t<div  class=\"wpb_single_image wpb_content_element vc_align_center wpb_content_element wpb_animate_when_almost_visible wpb_fadeIn fadeIn\">\n\t\t\n\t\t<figure class=\"wpb_wrapper vc_figure\">\n\t\t\t<div class=\"vc_single_image-wrapper vc_box_border  vc_box_border_grey\"><img loading=\"lazy\" decoding=\"async\" width=\"600\" height=\"338\" src=\"https:\/\/zenaluminium.pl\/wp-content\/uploads\/2021\/09\/6_53z.png\" class=\"vc_single_image-img attachment-full\" alt=\"\" title=\"6_53z\" srcset=\"https:\/\/zenaluminium.pl\/wp-content\/uploads\/2021\/09\/6_53z.png 600w, https:\/\/zenaluminium.pl\/wp-content\/uploads\/2021\/09\/6_53z-300x169.png 300w\" sizes=\"auto, (max-width: 600px) 100vw, 600px\" \/><\/div>\n\t\t<\/figure>\n\t<\/div>\n<\/div><\/div><\/div><\/div><div class=\"vc_row wpb_row vc_row-fluid vc_custom_1490859608642 vc_row-has-fill\"><div class=\"wpb_column vc_column_container vc_col-md-12\"><div class=\"vc_column-inner\"><div class=\"wpb_wrapper\"><div class=\"download\"><div class='download-content text-uppercase' style='color: #fff'><i class='fa fa fa-file-pdf-o'><\/i> POBIERZ KOMPLETNY KATALOG SYSTEMU DRZWI ZAWIASOWYCH &#8222;COR &#8211; 60&#8221;<\/div><a target='_self' href='http:\/\/www.zenaluminium.com\/wp-content\/uploads\/Cor-60%20CC16%20system%20%20with%20thermal%20break.pdf' class='btn btn-md btn-dark btn-shadow'><i class='fa fa fa-cloud-download'><\/i> Pobierz<\/a><\/div><\/div><\/div><\/div><\/div><div class=\"vc_row wpb_row vc_row-fluid\"><div class=\"wpb_column vc_column_container vc_col-md-12\"><div class=\"vc_column-inner\"><div class=\"wpb_wrapper\"><div class=\"wpb_gallery wpb_content_element vc_clearfix wpb_content_element\" ><div class=\"wpb_wrapper\"><div class=\"wpb_gallery_slides wpb_flexslider flexslider_fade flexslider\" data-interval=\"3\" data-flex_fx=\"fade\"><ul class=\"slides\"><li><a class=\"\" href=\"\" data-lightbox=\"lightbox[rel-3157-196988593]\"><\/a><\/li><\/ul><\/div><\/div><\/div><\/div><\/div><\/div><\/div>\n<\/div>","protected":false},"excerpt":{"rendered":"Drzwi zawiasowe s\u0105 podstawowym typem drzwi do dom\u00f3w jednorodzinnych, wielorodzinnych, obiekt\u00f3w przemys\u0142owych itp. Mo\u017cemy podzieli\u0107 je na zewn\u0119trzne i wewn\u0119trzne w zale\u017cno\u015bci od przeznaczenia. System aluminiowy Cortizo COR-60 pozwala na zaprojektowanie drzwi o grubo\u015bci profila 60mm. Poni\u017cej prezentujemy specyfikacj\u0119 i &hellip;","protected":false},"author":1,"featured_media":0,"parent":3120,"menu_order":0,"comment_status":"closed","ping_status":"closed","template":"","meta":{"footnotes":""},"class_list":["post-3157","page","type-page","status-publish","hentry"],"yoast_head":"<!-- This site is optimized with the Yoast SEO plugin v27.2 - https:\/\/yoast.com\/product\/yoast-seo-wordpress\/ -->\n<title>DRZWI ALUMINIOWE ZAWIASOWE COR-60 - ZenAluminium<\/title>\n<meta name=\"description\" content=\"Drzwi aluminiowe zawiasowych Cor-60 to po\u0142\u0105czenie wytrzyma\u0142o\u015bci, ciep\u0142a i klasycznego systemu z niewyg\u00f3rowan\u0105 cen\u0105. Zobacz nasze rozwi\u0105zania.\" \/>\n<meta name=\"robots\" content=\"index, follow, max-snippet:-1, max-image-preview:large, max-video-preview:-1\" \/>\n<link rel=\"canonical\" href=\"https:\/\/zenaluminium.pl\/sv\/tjanster\/dorr-aluminium-system\/dorr-klassisk\/cor-60\/\" \/>\n<meta property=\"og:locale\" content=\"sv_SE\" \/>\n<meta property=\"og:type\" content=\"article\" \/>\n<meta property=\"og:title\" content=\"DRZWI ALUMINIOWE ZAWIASOWE COR-60 - ZenAluminium\" \/>\n<meta property=\"og:description\" content=\"Drzwi aluminiowe zawiasowych Cor-60 to po\u0142\u0105czenie wytrzyma\u0142o\u015bci, ciep\u0142a i klasycznego systemu z niewyg\u00f3rowan\u0105 cen\u0105. Zobacz nasze rozwi\u0105zania.\" \/>\n<meta property=\"og:url\" content=\"https:\/\/zenaluminium.pl\/sv\/tjanster\/dorr-aluminium-system\/dorr-klassisk\/cor-60\/\" \/>\n<meta property=\"og:site_name\" content=\"Zen Aluminium - polski producent okien i drzwi z aluminium\" \/>\n<meta property=\"article:publisher\" content=\"http:\/\/fb.com\/zenaluminum\" \/>\n<meta property=\"article:modified_time\" content=\"2023-04-19T11:59:36+00:00\" \/>\n<meta property=\"og:image\" content=\"http:\/\/cortizo.com\/ficheros\/aperturas\/apertura_1.gif\" \/>\n<meta name=\"twitter:card\" content=\"summary_large_image\" \/>\n<meta name=\"twitter:label1\" content=\"Ber\u00e4knad l\u00e4stid\" \/>\n\t<meta name=\"twitter:data1\" content=\"3 minuter\" \/>\n<script type=\"application\/ld+json\" class=\"yoast-schema-graph\">{\"@context\":\"https:\/\/schema.org\",\"@graph\":[{\"@type\":\"WebPage\",\"@id\":\"https:\/\/zenaluminium.pl\/uslugi\/systemy-drzwiowe-aluminiowe\/drzwi-klasyczne\/cor-60\/\",\"url\":\"https:\/\/zenaluminium.pl\/uslugi\/systemy-drzwiowe-aluminiowe\/drzwi-klasyczne\/cor-60\/\",\"name\":\"DRZWI ALUMINIOWE ZAWIASOWE COR-60 - ZenAluminium\",\"isPartOf\":{\"@id\":\"https:\/\/zenaluminium.pl\/#website\"},\"primaryImageOfPage\":{\"@id\":\"https:\/\/zenaluminium.pl\/uslugi\/systemy-drzwiowe-aluminiowe\/drzwi-klasyczne\/cor-60\/#primaryimage\"},\"image\":{\"@id\":\"https:\/\/zenaluminium.pl\/uslugi\/systemy-drzwiowe-aluminiowe\/drzwi-klasyczne\/cor-60\/#primaryimage\"},\"thumbnailUrl\":\"http:\/\/cortizo.com\/ficheros\/aperturas\/apertura_1.gif\",\"datePublished\":\"2017-04-06T09:44:31+00:00\",\"dateModified\":\"2023-04-19T11:59:36+00:00\",\"description\":\"Drzwi aluminiowe zawiasowych Cor-60 to po\u0142\u0105czenie wytrzyma\u0142o\u015bci, ciep\u0142a i klasycznego systemu z niewyg\u00f3rowan\u0105 cen\u0105. Zobacz nasze rozwi\u0105zania.\",\"breadcrumb\":{\"@id\":\"https:\/\/zenaluminium.pl\/uslugi\/systemy-drzwiowe-aluminiowe\/drzwi-klasyczne\/cor-60\/#breadcrumb\"},\"inLanguage\":\"sv-SE\",\"potentialAction\":[{\"@type\":\"ReadAction\",\"target\":[\"https:\/\/zenaluminium.pl\/uslugi\/systemy-drzwiowe-aluminiowe\/drzwi-klasyczne\/cor-60\/\"]}]},{\"@type\":\"ImageObject\",\"inLanguage\":\"sv-SE\",\"@id\":\"https:\/\/zenaluminium.pl\/uslugi\/systemy-drzwiowe-aluminiowe\/drzwi-klasyczne\/cor-60\/#primaryimage\",\"url\":\"http:\/\/cortizo.com\/ficheros\/aperturas\/apertura_1.gif\",\"contentUrl\":\"http:\/\/cortizo.com\/ficheros\/aperturas\/apertura_1.gif\"},{\"@type\":\"BreadcrumbList\",\"@id\":\"https:\/\/zenaluminium.pl\/uslugi\/systemy-drzwiowe-aluminiowe\/drzwi-klasyczne\/cor-60\/#breadcrumb\",\"itemListElement\":[{\"@type\":\"ListItem\",\"position\":1,\"name\":\"Home\",\"item\":\"https:\/\/zenaluminium.pl\/\"},{\"@type\":\"ListItem\",\"position\":2,\"name\":\"Stolarka aluminiowa\",\"item\":\"https:\/\/zenaluminium.pl\/uslugi\/\"},{\"@type\":\"ListItem\",\"position\":3,\"name\":\"SYSTEMY DRZWIOWE\",\"item\":\"https:\/\/zenaluminium.pl\/uslugi\/systemy-drzwiowe-aluminiowe\/\"},{\"@type\":\"ListItem\",\"position\":4,\"name\":\"DRZWI ALUMINIOWE ZEWN\u0118TRZNE I WEWN\u0118TRZNE\",\"item\":\"https:\/\/zenaluminium.pl\/uslugi\/systemy-drzwiowe-aluminiowe\/drzwi-klasyczne\/\"},{\"@type\":\"ListItem\",\"position\":5,\"name\":\"DRZWI ALUMINIOWE ZAWIASOWE COR-60\"}]},{\"@type\":\"WebSite\",\"@id\":\"https:\/\/zenaluminium.pl\/#website\",\"url\":\"https:\/\/zenaluminium.pl\/\",\"name\":\"Zen Aluminium - polski producent okien i drzwi z aluminium\",\"description\":\"Stolarka okienna, fasady, ogrody zimowe, rozwi\u0105zania klasy premium\",\"potentialAction\":[{\"@type\":\"SearchAction\",\"target\":{\"@type\":\"EntryPoint\",\"urlTemplate\":\"https:\/\/zenaluminium.pl\/?s={search_term_string}\"},\"query-input\":{\"@type\":\"PropertyValueSpecification\",\"valueRequired\":true,\"valueName\":\"search_term_string\"}}],\"inLanguage\":\"sv-SE\"}]}<\/script>\n<!-- \/ Yoast SEO plugin. -->","yoast_head_json":{"title":"H\u00e4ngda aluminiumd\u00f6rrar COR-60 - ZenAluminium","description":"Cor-60 g\u00e5ngj\u00e4rnsd\u00f6rrar i aluminium kombinerar styrka, v\u00e4rme och ett klassiskt system till ett \u00f6verkomligt pris. Se v\u00e5ra l\u00f6sningar.","robots":{"index":"index","follow":"follow","max-snippet":"max-snippet:-1","max-image-preview":"max-image-preview:large","max-video-preview":"max-video-preview:-1"},"canonical":"https:\/\/zenaluminium.pl\/sv\/tjanster\/dorr-aluminium-system\/dorr-klassisk\/cor-60\/","og_locale":"sv_SE","og_type":"article","og_title":"DRZWI ALUMINIOWE ZAWIASOWE COR-60 - ZenAluminium","og_description":"Drzwi aluminiowe zawiasowych Cor-60 to po\u0142\u0105czenie wytrzyma\u0142o\u015bci, ciep\u0142a i klasycznego systemu z niewyg\u00f3rowan\u0105 cen\u0105. Zobacz nasze rozwi\u0105zania.","og_url":"https:\/\/zenaluminium.pl\/sv\/tjanster\/dorr-aluminium-system\/dorr-klassisk\/cor-60\/","og_site_name":"Zen Aluminium - polski producent okien i drzwi z aluminium","article_publisher":"http:\/\/fb.com\/zenaluminum","article_modified_time":"2023-04-19T11:59:36+00:00","og_image":[{"url":"http:\/\/cortizo.com\/ficheros\/aperturas\/apertura_1.gif","type":"","width":"","height":""}],"twitter_card":"summary_large_image","twitter_misc":{"Ber\u00e4knad l\u00e4stid":"3 minuter"},"schema":{"@context":"https:\/\/schema.org","@graph":[{"@type":"WebPage","@id":"https:\/\/zenaluminium.pl\/uslugi\/systemy-drzwiowe-aluminiowe\/drzwi-klasyczne\/cor-60\/","url":"https:\/\/zenaluminium.pl\/uslugi\/systemy-drzwiowe-aluminiowe\/drzwi-klasyczne\/cor-60\/","name":"H\u00e4ngda aluminiumd\u00f6rrar COR-60 - ZenAluminium","isPartOf":{"@id":"https:\/\/zenaluminium.pl\/#website"},"primaryImageOfPage":{"@id":"https:\/\/zenaluminium.pl\/uslugi\/systemy-drzwiowe-aluminiowe\/drzwi-klasyczne\/cor-60\/#primaryimage"},"image":{"@id":"https:\/\/zenaluminium.pl\/uslugi\/systemy-drzwiowe-aluminiowe\/drzwi-klasyczne\/cor-60\/#primaryimage"},"thumbnailUrl":"http:\/\/cortizo.com\/ficheros\/aperturas\/apertura_1.gif","datePublished":"2017-04-06T09:44:31+00:00","dateModified":"2023-04-19T11:59:36+00:00","description":"Cor-60 g\u00e5ngj\u00e4rnsd\u00f6rrar i aluminium kombinerar styrka, v\u00e4rme och ett klassiskt system till ett \u00f6verkomligt pris. Se v\u00e5ra l\u00f6sningar.","breadcrumb":{"@id":"https:\/\/zenaluminium.pl\/uslugi\/systemy-drzwiowe-aluminiowe\/drzwi-klasyczne\/cor-60\/#breadcrumb"},"inLanguage":"sv-SE","potentialAction":[{"@type":"ReadAction","target":["https:\/\/zenaluminium.pl\/uslugi\/systemy-drzwiowe-aluminiowe\/drzwi-klasyczne\/cor-60\/"]}]},{"@type":"ImageObject","inLanguage":"sv-SE","@id":"https:\/\/zenaluminium.pl\/uslugi\/systemy-drzwiowe-aluminiowe\/drzwi-klasyczne\/cor-60\/#primaryimage","url":"http:\/\/cortizo.com\/ficheros\/aperturas\/apertura_1.gif","contentUrl":"http:\/\/cortizo.com\/ficheros\/aperturas\/apertura_1.gif"},{"@type":"BreadcrumbList","@id":"https:\/\/zenaluminium.pl\/uslugi\/systemy-drzwiowe-aluminiowe\/drzwi-klasyczne\/cor-60\/#breadcrumb","itemListElement":[{"@type":"ListItem","position":1,"name":"Home","item":"https:\/\/zenaluminium.pl\/"},{"@type":"ListItem","position":2,"name":"Stolarka aluminiowa","item":"https:\/\/zenaluminium.pl\/uslugi\/"},{"@type":"ListItem","position":3,"name":"SYSTEMY DRZWIOWE","item":"https:\/\/zenaluminium.pl\/uslugi\/systemy-drzwiowe-aluminiowe\/"},{"@type":"ListItem","position":4,"name":"DRZWI ALUMINIOWE ZEWN\u0118TRZNE I WEWN\u0118TRZNE","item":"https:\/\/zenaluminium.pl\/uslugi\/systemy-drzwiowe-aluminiowe\/drzwi-klasyczne\/"},{"@type":"ListItem","position":5,"name":"DRZWI ALUMINIOWE ZAWIASOWE COR-60"}]},{"@type":"WebSite","@id":"https:\/\/zenaluminium.pl\/#website","url":"https:\/\/zenaluminium.pl\/","name":"Zen Aluminium - polsk tillverkare av f\u00f6nster och d\u00f6rrar i aluminium","description":"F\u00f6nster, fasader, vintertr\u00e4dg\u00e5rdar, premiuml\u00f6sningar","potentialAction":[{"@type":"SearchAction","target":{"@type":"EntryPoint","urlTemplate":"https:\/\/zenaluminium.pl\/?s={search_term_string}"},"query-input":{"@type":"PropertyValueSpecification","valueRequired":true,"valueName":"search_term_string"}}],"inLanguage":"sv-SE"}]}},"_links":{"self":[{"href":"http:\/\/zenaluminium.pl\/sv\/wp-json\/wp\/v2\/pages\/3157","targetHints":{"allow":["GET"]}}],"collection":[{"href":"http:\/\/zenaluminium.pl\/sv\/wp-json\/wp\/v2\/pages"}],"about":[{"href":"http:\/\/zenaluminium.pl\/sv\/wp-json\/wp\/v2\/types\/page"}],"author":[{"embeddable":true,"href":"http:\/\/zenaluminium.pl\/sv\/wp-json\/wp\/v2\/users\/1"}],"replies":[{"embeddable":true,"href":"http:\/\/zenaluminium.pl\/sv\/wp-json\/wp\/v2\/comments?post=3157"}],"version-history":[{"count":7,"href":"http:\/\/zenaluminium.pl\/sv\/wp-json\/wp\/v2\/pages\/3157\/revisions"}],"predecessor-version":[{"id":8917,"href":"http:\/\/zenaluminium.pl\/sv\/wp-json\/wp\/v2\/pages\/3157\/revisions\/8917"}],"up":[{"embeddable":true,"href":"http:\/\/zenaluminium.pl\/sv\/wp-json\/wp\/v2\/pages\/3120"}],"wp:attachment":[{"href":"http:\/\/zenaluminium.pl\/sv\/wp-json\/wp\/v2\/media?parent=3157"}],"curies":[{"name":"wp","href":"https:\/\/api.w.org\/{rel}","templated":true}]}}