{"id":3137,"date":"2017-04-06T09:23:27","date_gmt":"2017-04-06T08:23:27","guid":{"rendered":"http:\/\/zenaluminium.com\/?page_id=3137\/"},"modified":"2023-04-20T10:18:58","modified_gmt":"2023-04-20T09:18:58","slug":"o-nas","status":"publish","type":"page","link":"https:\/\/zenaluminium.pl\/cs\/o-nas\/","title":{"rendered":"O n\u00e1s"},"content":{"rendered":"<div class=\"wpb-content-wrapper\"><div class=\"vc_row wpb_row vc_row-fluid\"><div class=\"wpb_column vc_column_container vc_col-md-12\"><div class=\"vc_column-inner\"><div class=\"wpb_wrapper\"><div class=\"vc_row wpb_row vc_inner vc_row-fluid\"><div class=\"wpb_column vc_column_container vc_col-md-12\"><div class=\"vc_column-inner\"><div class=\"wpb_wrapper\">\n\t<div class=\"wpb_text_column wpb_content_element\" >\n\t\t<div class=\"wpb_wrapper\">\n\t\t\t<h1 style=\"text-align: center;\">Nasza fabryka ca\u0142y czas si\u0119 powi\u0119ksza. W ci\u0105gu ostatniego roku rozbudowali\u015bmy hal\u0119 produkcyjn\u0105 i powi\u0119kszyli\u015bmy zesp\u00f3\u0142. Dzi\u0119ki temu mo\u017cemy zaoferowa\u0107 Pa\u0144stwu nowe us\u0142ugi. W podstawowej ofercie proponujemy Pa\u0144stwu stolark\u0119 aluminiow\u0105 otworow\u0105 w tym drzwi i okna oparte o profile aluminiowe, okiennice zewn\u0119trzne aluminiowe, balustrady aluminiowe i aluminiowo szklane, ogrodzenia, p\u0142oty, bramy wjazdowe. Wykorzystujemy najnowocze\u015bniejsze rozwi\u0105zania kt\u00f3re pozwalaj\u0105 na produkcj\u0119 okien tr\u00f3jk\u0105tnych, okr\u0105g\u0142ych, \u015bcianek loftowych. Wkr\u00f3tce rozbudujemy nasz\u0105 ofert\u0119 o stolark\u0119 ognioodporn\u0105 klasy EI30 i wy\u017cszej. Zobacz kim jeste\u015bmy i jak pracujemy.<\/h1>\n\n\t\t<\/div>\n\t<\/div>\n<\/div><\/div><\/div><\/div><\/div><\/div><\/div><\/div><div class=\"vc_row wpb_row vc_row-fluid vc_custom_1460122496361\"><div class=\"wpb_column vc_column_container vc_col-md-4\"><div class=\"vc_column-inner\"><div class=\"wpb_wrapper\"><h2 style=\"text-align: left\" class=\"vc_custom_heading vc_do_custom_heading title\" >ZenAluminium - KIM JESTE\u015aMY?<\/h2><div class=\"vc_empty_space\"   style=\"height: 20px\"><span class=\"vc_empty_space_inner\"><\/span><\/div>\n\t<div class=\"wpb_text_column wpb_content_element\" >\n\t\t<div class=\"wpb_wrapper\">\n\t\t\t<p>ZenAluminium jest firm\u0105 z ponad 10 letnim do\u015bwiadczeniem w produkcji aluminiowych element\u00f3w wyposa\u017cenia dom\u00f3w i budynk\u00f3w. Naszym g\u0142\u00f3wnym celem jest\u00a0wytwarzanie\u00a0najlepszych produkt\u00f3w w swoim rodzaju na rynku,\u00a0dzi\u0119ki czemu wyr\u00f3\u017cniamy si\u0119 w swojej klasie. Przyk\u0142adamy niezwyk\u0142\u0105 uwag\u0119 do jako\u015bci. U\u017cywamy najwy\u017cszej jako\u015bci materia\u0142\u00f3w i stosujemy najnowsze metody bada\u0144 aby zaproponowa\u0107 Pa\u0144stwu gotowy produkt oraz najd\u0142u\u017csz\u0105 \u017cywotno\u015b\u0107. R\u00f3wnie wa\u017cne przy tym jest dla nas dba\u0142o\u015b\u0107 o \u015brodowisko zar\u00f3wno przy projektowaniu rozwi\u0105za\u0144 jak i w trakcie produkcji.<\/p>\n<p>Jeste\u015bmy w stanie dostosowa\u0107 si\u0119 do wszelkich wytycznych i Pa\u0144stwa \u017cycze\u0144. Zapraszamy do kontaktu i przesy\u0142ania ofert w celu wyceny. Gwarantujemy indywidualne i profesjonalne podej\u015bcie oraz konkurencyjne ceny.<\/p>\n\n\t\t<\/div>\n\t<\/div>\n<h2 style=\"text-align: left\" class=\"vc_custom_heading vc_do_custom_heading title\" >CO ROBIMY?<\/h2><div class=\"vc_empty_space\"   style=\"height: 20px\"><span class=\"vc_empty_space_inner\"><\/span><\/div>\n\t<div class=\"wpb_text_column wpb_content_element\" >\n\t\t<div class=\"wpb_wrapper\">\n\t\t\t<p>Specjalizujemy si\u0119 w:<\/p>\n<ul>\n<li>SYSTEMACH OKIENNYCH<\/li>\n<li>SYSTEMY DRZWIOWE<\/li>\n<li>OKIENNICE<\/li>\n<li>PANELE KOMPOZYTOWE<\/li>\n<li>BALUSTRADY<\/li>\n<li>OS\u0141ONY PRZECIWS\u0141ONECZNE<\/li>\n<\/ul>\n<p>Nasze produkty wytwarzamy z najwy\u017cszej jako\u015bci aluminium polskiego pochodzenia. Aby uzyska\u0107 najlepszy efekt \u0142\u0105czymy r\u00f3\u017cnego rodzaju materia\u0142y \u2013 od szk\u0142a po PCV.\u00a0Nasze systemy posiadaj\u0105 testy europejskiej jako\u015bci \u2013 przeciwogniowe, przenikalno\u015bci wiatru, s\u0142o\u0144ca i inne. Ponadto gwarantujemy, d\u0142ug\u0105 \u017cywotno\u015b\u0107 oraz w\u0142asny transport i monta\u017c.<\/p>\n\n\t\t<\/div>\n\t<\/div>\n<\/div><\/div><\/div><div class=\"wpb_column vc_column_container vc_col-md-4\"><div class=\"vc_column-inner\"><div class=\"wpb_wrapper\"><h2 style=\"text-align: left\" class=\"vc_custom_heading vc_do_custom_heading title\" >JAK PRACUJEMY?<\/h2><div class=\"vc_empty_space\"   style=\"height: 20px\"><span class=\"vc_empty_space_inner\"><\/span><\/div>\n\t<div  class=\"wpb_single_image wpb_content_element vc_align_left wpb_content_element\">\n\t\t\n\t\t<figure class=\"wpb_wrapper vc_figure\">\n\t\t\t<a class=\"\" data-lightbox=\"lightbox[rel-3137-433356971]\" href=\"https:\/\/zenaluminium.pl\/wp-content\/uploads\/2016\/01\/foto-052-1024x768.jpg\" target=\"_self\" class=\"vc_single_image-wrapper vc_box_border  vc_box_border_grey\"><img loading=\"lazy\" decoding=\"async\" width=\"300\" height=\"225\" src=\"https:\/\/zenaluminium.pl\/wp-content\/uploads\/2016\/01\/foto-052-300x225.jpg\" class=\"vc_single_image-img attachment-medium\" alt=\"\" title=\"foto 052\" srcset=\"https:\/\/zenaluminium.pl\/wp-content\/uploads\/2016\/01\/foto-052-300x225.jpg 300w, https:\/\/zenaluminium.pl\/wp-content\/uploads\/2016\/01\/foto-052-768x576.jpg 768w, https:\/\/zenaluminium.pl\/wp-content\/uploads\/2016\/01\/foto-052.jpg 1024w, https:\/\/zenaluminium.pl\/wp-content\/uploads\/2016\/01\/foto-052-280x210.jpg 280w\" sizes=\"auto, (max-width: 300px) 100vw, 300px\" \/><\/a>\n\t\t<\/figure>\n\t<\/div>\n\n\t<div  class=\"wpb_single_image wpb_content_element vc_align_left wpb_content_element\">\n\t\t\n\t\t<figure class=\"wpb_wrapper vc_figure\">\n\t\t\t<a class=\"\" data-lightbox=\"lightbox[rel-3137-3198874564]\" href=\"https:\/\/zenaluminium.pl\/wp-content\/uploads\/2016\/01\/foto-047-1024x768.jpg\" target=\"_self\" class=\"vc_single_image-wrapper vc_box_border  vc_box_border_grey\"><img loading=\"lazy\" decoding=\"async\" width=\"300\" height=\"225\" src=\"https:\/\/zenaluminium.pl\/wp-content\/uploads\/2016\/01\/foto-047-300x225.jpg\" class=\"vc_single_image-img attachment-medium\" alt=\"\" title=\"foto 047\" srcset=\"https:\/\/zenaluminium.pl\/wp-content\/uploads\/2016\/01\/foto-047-300x225.jpg 300w, https:\/\/zenaluminium.pl\/wp-content\/uploads\/2016\/01\/foto-047-768x576.jpg 768w, https:\/\/zenaluminium.pl\/wp-content\/uploads\/2016\/01\/foto-047.jpg 1024w, https:\/\/zenaluminium.pl\/wp-content\/uploads\/2016\/01\/foto-047-280x210.jpg 280w\" sizes=\"auto, (max-width: 300px) 100vw, 300px\" \/><\/a>\n\t\t<\/figure>\n\t<\/div>\n\n\t<div  class=\"wpb_single_image wpb_content_element vc_align_left wpb_content_element\">\n\t\t\n\t\t<figure class=\"wpb_wrapper vc_figure\">\n\t\t\t<a class=\"\" data-lightbox=\"lightbox[rel-3137-1050494903]\" href=\"https:\/\/zenaluminium.pl\/wp-content\/uploads\/2016\/01\/foto-050-1024x768.jpg\" target=\"_self\" class=\"vc_single_image-wrapper vc_box_border  vc_box_border_grey\"><img loading=\"lazy\" decoding=\"async\" width=\"300\" height=\"225\" src=\"https:\/\/zenaluminium.pl\/wp-content\/uploads\/2016\/01\/foto-050-300x225.jpg\" class=\"vc_single_image-img attachment-medium\" alt=\"\" title=\"foto 050\" srcset=\"https:\/\/zenaluminium.pl\/wp-content\/uploads\/2016\/01\/foto-050-300x225.jpg 300w, https:\/\/zenaluminium.pl\/wp-content\/uploads\/2016\/01\/foto-050-768x576.jpg 768w, https:\/\/zenaluminium.pl\/wp-content\/uploads\/2016\/01\/foto-050.jpg 1024w, https:\/\/zenaluminium.pl\/wp-content\/uploads\/2016\/01\/foto-050-280x210.jpg 280w\" sizes=\"auto, (max-width: 300px) 100vw, 300px\" \/><\/a>\n\t\t<\/figure>\n\t<\/div>\n<\/div><\/div><\/div><div class=\"wpb_column vc_column_container vc_col-md-4\"><div class=\"vc_column-inner\"><div class=\"wpb_wrapper\"><div class=\"vc_empty_space\"   style=\"height: 100px\"><span class=\"vc_empty_space_inner\"><\/span><\/div>\n\t<div  class=\"wpb_single_image wpb_content_element vc_align_left wpb_content_element\">\n\t\t\n\t\t<figure class=\"wpb_wrapper vc_figure\">\n\t\t\t<a class=\"\" data-lightbox=\"lightbox[rel-3137-929815468]\" href=\"https:\/\/zenaluminium.pl\/wp-content\/uploads\/2016\/01\/foto-045.jpg\" target=\"_self\" class=\"vc_single_image-wrapper vc_box_border  vc_box_border_grey\"><img loading=\"lazy\" decoding=\"async\" width=\"300\" height=\"225\" src=\"https:\/\/zenaluminium.pl\/wp-content\/uploads\/2016\/01\/foto-045-300x225.jpg\" class=\"vc_single_image-img attachment-medium\" alt=\"\" title=\"foto 045\" srcset=\"https:\/\/zenaluminium.pl\/wp-content\/uploads\/2016\/01\/foto-045-300x225.jpg 300w, https:\/\/zenaluminium.pl\/wp-content\/uploads\/2016\/01\/foto-045-768x576.jpg 768w, https:\/\/zenaluminium.pl\/wp-content\/uploads\/2016\/01\/foto-045-280x210.jpg 280w, https:\/\/zenaluminium.pl\/wp-content\/uploads\/2016\/01\/foto-045.jpg 1024w\" sizes=\"auto, (max-width: 300px) 100vw, 300px\" \/><\/a>\n\t\t<\/figure>\n\t<\/div>\n\n\t<div  class=\"wpb_single_image wpb_content_element vc_align_left wpb_content_element\">\n\t\t\n\t\t<figure class=\"wpb_wrapper vc_figure\">\n\t\t\t<a class=\"\" data-lightbox=\"lightbox[rel-3137-3725695547]\" href=\"https:\/\/zenaluminium.pl\/wp-content\/uploads\/2016\/01\/foto-042-1024x768.jpg\" target=\"_self\" class=\"vc_single_image-wrapper vc_box_border  vc_box_border_grey\"><img loading=\"lazy\" decoding=\"async\" width=\"300\" height=\"225\" src=\"https:\/\/zenaluminium.pl\/wp-content\/uploads\/2016\/01\/foto-042-300x225.jpg\" class=\"vc_single_image-img attachment-medium\" alt=\"\" title=\"foto 042\" srcset=\"https:\/\/zenaluminium.pl\/wp-content\/uploads\/2016\/01\/foto-042-300x225.jpg 300w, https:\/\/zenaluminium.pl\/wp-content\/uploads\/2016\/01\/foto-042-768x576.jpg 768w, https:\/\/zenaluminium.pl\/wp-content\/uploads\/2016\/01\/foto-042.jpg 1024w, https:\/\/zenaluminium.pl\/wp-content\/uploads\/2016\/01\/foto-042-280x210.jpg 280w\" sizes=\"auto, (max-width: 300px) 100vw, 300px\" \/><\/a>\n\t\t<\/figure>\n\t<\/div>\n\n\t<div  class=\"wpb_single_image wpb_content_element vc_align_left wpb_content_element\">\n\t\t\n\t\t<figure class=\"wpb_wrapper vc_figure\">\n\t\t\t<a class=\"\" data-lightbox=\"lightbox[rel-3137-3082116833]\" href=\"https:\/\/zenaluminium.pl\/wp-content\/uploads\/2016\/01\/foto-049-1024x768.jpg\" target=\"_self\" class=\"vc_single_image-wrapper vc_box_border  vc_box_border_grey\"><img loading=\"lazy\" decoding=\"async\" width=\"300\" height=\"225\" src=\"https:\/\/zenaluminium.pl\/wp-content\/uploads\/2016\/01\/foto-049-300x225.jpg\" class=\"vc_single_image-img attachment-medium\" alt=\"\" title=\"foto 049\" srcset=\"https:\/\/zenaluminium.pl\/wp-content\/uploads\/2016\/01\/foto-049-300x225.jpg 300w, https:\/\/zenaluminium.pl\/wp-content\/uploads\/2016\/01\/foto-049-768x576.jpg 768w, https:\/\/zenaluminium.pl\/wp-content\/uploads\/2016\/01\/foto-049.jpg 1024w, https:\/\/zenaluminium.pl\/wp-content\/uploads\/2016\/01\/foto-049-280x210.jpg 280w\" sizes=\"auto, (max-width: 300px) 100vw, 300px\" \/><\/a>\n\t\t<\/figure>\n\t<\/div>\n<\/div><\/div><\/div><\/div><div data-vc-full-width=\"true\" data-vc-full-width-temp=\"true\" data-vc-full-width-init=\"false\" class=\"vc_row wpb_row vc_row-fluid no-bottom-padding-row vc_custom_1460116763365 vc_row-has-fill\"><div class=\"wpb_column vc_column_container vc_col-md-12\"><div class=\"vc_column-inner vc_custom_1453297044468\"><div class=\"wpb_wrapper\"><div class=\"download\"><div class='download-content text-uppercase' style='color: #ffffff'><i class='fa fa fa-file-pdf-o'><\/i> POBIERZ KOMPLETNY KATALOG SYSTEM\u00d3W OFEROWANYCH PRZEZ NAS<\/div><a target='_self' href='#' class='btn btn-md btn-dark btn-shadow'><i class='fa fa fa-cloud-download'><\/i> Pobierz<\/a><\/div><\/div><\/div><\/div><\/div><div class=\"vc_row-full-width vc_clearfix\"><\/div>\n<\/div>","protected":false},"excerpt":{"rendered":"Nasza fabryka ca\u0142y czas si\u0119 powi\u0119ksza. W ci\u0105gu ostatniego roku rozbudowali\u015bmy hal\u0119 produkcyjn\u0105 i powi\u0119kszyli\u015bmy zesp\u00f3\u0142. Dzi\u0119ki temu mo\u017cemy zaoferowa\u0107 Pa\u0144stwu nowe us\u0142ugi. W podstawowej ofercie proponujemy Pa\u0144stwu stolark\u0119 aluminiow\u0105 otworow\u0105 w tym drzwi i okna oparte o profile aluminiowe, &hellip;","protected":false},"author":1,"featured_media":0,"parent":0,"menu_order":0,"comment_status":"closed","ping_status":"closed","template":"","meta":{"footnotes":""},"class_list":["post-3137","page","type-page","status-publish","hentry"],"yoast_head":"<!-- This site is optimized with the Yoast SEO plugin v27.2 - https:\/\/yoast.com\/product\/yoast-seo-wordpress\/ -->\n<title>ZenAluminium - Producent stolarki aluminiowej - O nas<\/title>\n<meta name=\"description\" content=\"ZenAluminium jest firm\u0105 z ponad 10 letnim do\u015bwiadczeniem w produkcji aluminiowych element\u00f3w wyposa\u017cenia dom\u00f3w i budynk\u00f3w.\" \/>\n<meta name=\"robots\" content=\"index, follow, max-snippet:-1, max-image-preview:large, max-video-preview:-1\" \/>\n<link rel=\"canonical\" href=\"https:\/\/zenaluminium.pl\/cs\/o-nas\/\" \/>\n<meta property=\"og:locale\" content=\"cs_CZ\" \/>\n<meta property=\"og:type\" content=\"article\" \/>\n<meta property=\"og:title\" content=\"ZenAluminium - Producent stolarki aluminiowej - O nas\" \/>\n<meta property=\"og:description\" content=\"ZenAluminium jest firm\u0105 z ponad 10 letnim do\u015bwiadczeniem w produkcji aluminiowych element\u00f3w wyposa\u017cenia dom\u00f3w i budynk\u00f3w.\" \/>\n<meta property=\"og:url\" content=\"https:\/\/zenaluminium.pl\/cs\/o-nas\/\" \/>\n<meta property=\"og:site_name\" content=\"Zen Aluminium - polski producent okien i drzwi z aluminium\" \/>\n<meta property=\"article:publisher\" content=\"http:\/\/fb.com\/zenaluminum\" \/>\n<meta property=\"article:modified_time\" content=\"2023-04-20T09:18:58+00:00\" \/>\n<meta name=\"twitter:card\" content=\"summary_large_image\" \/>\n<meta name=\"twitter:label1\" content=\"Odhadovan\u00e1 doba \u010dten\u00ed\" \/>\n\t<meta name=\"twitter:data1\" content=\"2 minuty\" \/>\n<script type=\"application\/ld+json\" class=\"yoast-schema-graph\">{\"@context\":\"https:\/\/schema.org\",\"@graph\":[{\"@type\":\"WebPage\",\"@id\":\"https:\/\/zenaluminium.pl\/o-nas\/\",\"url\":\"https:\/\/zenaluminium.pl\/o-nas\/\",\"name\":\"ZenAluminium - Producent stolarki aluminiowej - O nas\",\"isPartOf\":{\"@id\":\"https:\/\/zenaluminium.pl\/#website\"},\"datePublished\":\"2017-04-06T08:23:27+00:00\",\"dateModified\":\"2023-04-20T09:18:58+00:00\",\"description\":\"ZenAluminium jest firm\u0105 z ponad 10 letnim do\u015bwiadczeniem w produkcji aluminiowych element\u00f3w wyposa\u017cenia dom\u00f3w i budynk\u00f3w.\",\"breadcrumb\":{\"@id\":\"https:\/\/zenaluminium.pl\/o-nas\/#breadcrumb\"},\"inLanguage\":\"cs\",\"potentialAction\":[{\"@type\":\"ReadAction\",\"target\":[\"https:\/\/zenaluminium.pl\/o-nas\/\"]}]},{\"@type\":\"BreadcrumbList\",\"@id\":\"https:\/\/zenaluminium.pl\/o-nas\/#breadcrumb\",\"itemListElement\":[{\"@type\":\"ListItem\",\"position\":1,\"name\":\"Home\",\"item\":\"https:\/\/zenaluminium.pl\/\"},{\"@type\":\"ListItem\",\"position\":2,\"name\":\"O nas\"}]},{\"@type\":\"WebSite\",\"@id\":\"https:\/\/zenaluminium.pl\/#website\",\"url\":\"https:\/\/zenaluminium.pl\/\",\"name\":\"Zen Aluminium - polski producent okien i drzwi z aluminium\",\"description\":\"Stolarka okienna, fasady, ogrody zimowe, rozwi\u0105zania klasy premium\",\"potentialAction\":[{\"@type\":\"SearchAction\",\"target\":{\"@type\":\"EntryPoint\",\"urlTemplate\":\"https:\/\/zenaluminium.pl\/?s={search_term_string}\"},\"query-input\":{\"@type\":\"PropertyValueSpecification\",\"valueRequired\":true,\"valueName\":\"search_term_string\"}}],\"inLanguage\":\"cs\"}]}<\/script>\n<!-- \/ Yoast SEO plugin. -->","yoast_head_json":{"title":"ZenAluminium - V\u00fdrobce hlin\u00edkov\u00e9ho truhl\u00e1\u0159stv\u00ed - O n\u00e1s","description":"ZenAluminium je spole\u010dnost s v\u00edce ne\u017e desetiletou zku\u0161enost\u00ed s v\u00fdrobou hlin\u00edkov\u00fdch domovn\u00edch a stavebn\u00edch komponent\u016f.","robots":{"index":"index","follow":"follow","max-snippet":"max-snippet:-1","max-image-preview":"max-image-preview:large","max-video-preview":"max-video-preview:-1"},"canonical":"https:\/\/zenaluminium.pl\/cs\/o-nas\/","og_locale":"cs_CZ","og_type":"article","og_title":"ZenAluminium - Producent stolarki aluminiowej - O nas","og_description":"ZenAluminium jest firm\u0105 z ponad 10 letnim do\u015bwiadczeniem w produkcji aluminiowych element\u00f3w wyposa\u017cenia dom\u00f3w i budynk\u00f3w.","og_url":"https:\/\/zenaluminium.pl\/cs\/o-nas\/","og_site_name":"Zen Aluminium - polski producent okien i drzwi z aluminium","article_publisher":"http:\/\/fb.com\/zenaluminum","article_modified_time":"2023-04-20T09:18:58+00:00","twitter_card":"summary_large_image","twitter_misc":{"Odhadovan\u00e1 doba \u010dten\u00ed":"2 minuty"},"schema":{"@context":"https:\/\/schema.org","@graph":[{"@type":"WebPage","@id":"https:\/\/zenaluminium.pl\/o-nas\/","url":"https:\/\/zenaluminium.pl\/o-nas\/","name":"ZenAluminium - V\u00fdrobce hlin\u00edkov\u00e9ho truhl\u00e1\u0159stv\u00ed - O n\u00e1s","isPartOf":{"@id":"https:\/\/zenaluminium.pl\/#website"},"datePublished":"2017-04-06T08:23:27+00:00","dateModified":"2023-04-20T09:18:58+00:00","description":"ZenAluminium je spole\u010dnost s v\u00edce ne\u017e desetiletou zku\u0161enost\u00ed s v\u00fdrobou hlin\u00edkov\u00fdch domovn\u00edch a stavebn\u00edch komponent\u016f.","breadcrumb":{"@id":"https:\/\/zenaluminium.pl\/o-nas\/#breadcrumb"},"inLanguage":"cs","potentialAction":[{"@type":"ReadAction","target":["https:\/\/zenaluminium.pl\/o-nas\/"]}]},{"@type":"BreadcrumbList","@id":"https:\/\/zenaluminium.pl\/o-nas\/#breadcrumb","itemListElement":[{"@type":"ListItem","position":1,"name":"Home","item":"https:\/\/zenaluminium.pl\/"},{"@type":"ListItem","position":2,"name":"O nas"}]},{"@type":"WebSite","@id":"https:\/\/zenaluminium.pl\/#website","url":"https:\/\/zenaluminium.pl\/","name":"Zen Aluminium - polsk\u00fd v\u00fdrobce hlin\u00edkov\u00fdch oken a dve\u0159\u00ed","description":"Okenn\u00ed truhl\u00e1\u0159stv\u00ed, fas\u00e1dy, zimn\u00ed zahrady, pr\u00e9miov\u00e1 \u0159e\u0161en\u00ed","potentialAction":[{"@type":"SearchAction","target":{"@type":"EntryPoint","urlTemplate":"https:\/\/zenaluminium.pl\/?s={search_term_string}"},"query-input":{"@type":"PropertyValueSpecification","valueRequired":true,"valueName":"search_term_string"}}],"inLanguage":"cs"}]}},"_links":{"self":[{"href":"https:\/\/zenaluminium.pl\/cs\/wp-json\/wp\/v2\/pages\/3137","targetHints":{"allow":["GET"]}}],"collection":[{"href":"https:\/\/zenaluminium.pl\/cs\/wp-json\/wp\/v2\/pages"}],"about":[{"href":"https:\/\/zenaluminium.pl\/cs\/wp-json\/wp\/v2\/types\/page"}],"author":[{"embeddable":true,"href":"https:\/\/zenaluminium.pl\/cs\/wp-json\/wp\/v2\/users\/1"}],"replies":[{"embeddable":true,"href":"https:\/\/zenaluminium.pl\/cs\/wp-json\/wp\/v2\/comments?post=3137"}],"version-history":[{"count":2,"href":"https:\/\/zenaluminium.pl\/cs\/wp-json\/wp\/v2\/pages\/3137\/revisions"}],"predecessor-version":[{"id":17787,"href":"https:\/\/zenaluminium.pl\/cs\/wp-json\/wp\/v2\/pages\/3137\/revisions\/17787"}],"wp:attachment":[{"href":"https:\/\/zenaluminium.pl\/cs\/wp-json\/wp\/v2\/media?parent=3137"}],"curies":[{"name":"wp","href":"https:\/\/api.w.org\/{rel}","templated":true}]}}