{"id":3284,"date":"2017-04-10T11:57:34","date_gmt":"2017-04-10T10:57:34","guid":{"rendered":"http:\/\/zenaluminium.com\/?page_id=3284\/"},"modified":"2024-03-28T08:12:46","modified_gmt":"2024-03-28T07:12:46","slug":"okenni-hlinikove-systemy","status":"publish","type":"page","link":"https:\/\/zenaluminium.pl\/cs\/uslugi\/systemy-okienne-aluminiowe\/","title":{"rendered":"HLIN\u00cdKOV\u00c1 OKNA"},"content":{"rendered":"<div class=\"wpb-content-wrapper\"><div class=\"vc_row wpb_row vc_row-fluid\"><div class=\"wpb_column vc_column_container vc_col-md-12\"><div class=\"vc_column-inner\"><div class=\"wpb_wrapper\"><h1 class='heading-middle  style-1' ><span>Hlin\u00edkov\u00e1 okna<\/span><\/h1>\n\t<div class=\"wpb_text_column wpb_content_element\" >\n\t\t<div class=\"wpb_wrapper\">\n\t\t\t<h2>Hlin\u00edkov\u00e1 okna se vyzna\u010duj\u00ed p\u0159edev\u0161\u00edm n\u00edzkou hmotnost\u00ed a velmi vysokou pevnost\u00ed ve srovn\u00e1n\u00ed nap\u0159\u00edklad s plastov\u00fdmi okny. Hlin\u00edk je extr\u00e9mn\u011b tvarovateln\u00fd materi\u00e1l, tak\u017ee je mo\u017en\u00e9 vytv\u00e1\u0159et okna v oblouc\u00edch nebo neobvykl\u00fdch tvarech. D\u00edky jeho vysok\u00e9 pevnosti a stabilit\u011b je mo\u017en\u00e9 vytvo\u0159it bezkonkuren\u010dn\u00ed okna s pln\u00fdm v\u00fdhledem. P\u00e9\u010de o hlin\u00edkov\u00e1 okna je mimo\u0159\u00e1dn\u011b snadn\u00e1. Sta\u010d\u00ed je jednou za n\u011bkolik m\u011bs\u00edc\u016f ot\u0159\u00edt vodou a \u010distic\u00edm prost\u0159edkem, kter\u00fd neobsahuje ocet ani jin\u00e9 kyseliny. Hlin\u00edkov\u00e1 okna se nej\u010dast\u011bji vyskytuj\u00ed v modern\u00edch budov\u00e1ch, kde dokonale lad\u00ed s jednoduchou architekturou a jednotnou barevnost\u00ed fas\u00e1dy. Hlin\u00edkov\u00e9 truhl\u00e1\u0159sk\u00e9 v\u00fdrobky maj\u00ed tak\u00e9 mnoho funk\u010dn\u00edch v\u00fdhod, co\u017e ocen\u00ed zejm\u00e9na lid\u00e9, pro kter\u00e9 je prioritou velk\u00e1 plocha prosklen\u00ed m\u00edstnost\u00ed.<\/h2>\n\n\t\t<\/div>\n\t<\/div>\n<\/div><\/div><\/div><\/div><div class=\"vc_row wpb_row vc_row-fluid\"><div class=\"wpb_column vc_column_container vc_col-md-12\"><div class=\"vc_column-inner\"><div class=\"wpb_wrapper\"><div class=\"vc_separator wpb_content_element vc_separator_align_center vc_sep_width_100 vc_sep_pos_align_center vc_separator_no_text vc_sep_color_grey wpb_content_element  wpb_content_element\" ><span class=\"vc_sep_holder vc_sep_holder_l\"><span class=\"vc_sep_line\"><\/span><\/span><span class=\"vc_sep_holder vc_sep_holder_r\"><span class=\"vc_sep_line\"><\/span><\/span>\n<\/div><\/div><\/div><\/div><\/div><div class=\"vc_row wpb_row vc_row-fluid vc_row-o-content-middle vc_row-flex\"><div class=\"wpb_column vc_column_container vc_col-md-6\"><div class=\"vc_column-inner vc_custom_1643810114415\"><div class=\"wpb_wrapper\">\n\t<div class=\"wpb_text_column wpb_content_element\" >\n\t\t<div class=\"wpb_wrapper\">\n\t\t\t<h1 style=\"text-align: center;\"><a href=\"https:\/\/zenaluminium.pl\/cs\/sluzby\/okenni-hlinikove-systemy\/posuvne\/\">Posuvn\u00e1 okna<\/a><\/h1>\n\n\t\t<\/div>\n\t<\/div>\n<div class='featured featured-large featured-has-link featured-has-content simple-style'><div class='featured-header'><a target='_self' href='\/cs\/sluzby\/okenni-hlinikove-systemy\/posuvne\/'><img alt='POSUVN\u00c9 OKENN\u00cd SYST\u00c9MY' src='https:\/\/zenaluminium.pl\/wp-content\/uploads\/2022\/02\/system-okien-przesuwnych.jpg'\/><\/a><\/div><div class='featured-content'><h3 class='featured-title text-uppercase'><a target='_self' href='\/cs\/sluzby\/okenni-hlinikove-systemy\/posuvne\/'>POSUVN\u00c9 OKENN\u00cd SYST\u00c9MY<\/a><\/h3><p class='featured-desc'>Modern\u00ed hlin\u00edkov\u00e9 posuvn\u00e9 okenn\u00ed syst\u00e9my umo\u017e\u0148uj\u00ed realizovat p\u016fsobiv\u00e1 velkoplo\u0161n\u00e1 zasklen\u00ed v neb\u00fdval\u00e9m m\u011b\u0159\u00edtku. Umo\u017e\u0148uj\u00ed dos\u00e1hnout atraktivn\u00edho estetick\u00e9ho efektu, ale p\u0159edev\u0161\u00edm jsou mimo\u0159\u00e1dn\u011b funk\u010dn\u00ed. Interi\u00e9ry z\u00edsk\u00e1vaj\u00ed p\u0159\u00edv\u011btiv\u00fd vzhled, ani\u017e by ztratily tolik cenn\u00e9ho prostoru.<\/p><a class='btn btn-md btn-minimal' target='_self' href='\/cs\/sluzby\/okenni-hlinikove-systemy\/posuvne\/'>Viz posuvn\u00e1 okna<\/a><\/div><\/div><\/div><\/div><\/div><div class=\"wpb_column vc_column_container vc_col-md-6\"><div class=\"vc_column-inner vc_custom_1643810149597\"><div class=\"wpb_wrapper\">\n\t<div class=\"wpb_text_column wpb_content_element\" >\n\t\t<div class=\"wpb_wrapper\">\n\t\t\t<h1 style=\"text-align: center;\"><a href=\"https:\/\/zenaluminium.pl\/cs\/sluzby\/okenni-hlinikove-systemy\/okenni-zavesy\/\">Klasick\u00e1 v\u00fdklopn\u00e1 okna<\/a><\/h1>\n\n\t\t<\/div>\n\t<\/div>\n<div class='featured featured-large featured-has-link featured-has-content simple-style'><div class='featured-header'><a target='_self' href='\/cs\/sluzby\/okenni-hlinikove-systemy\/okenni-zavesy\/'><img alt='V\u00ddKLOPN\u00c9 OKENN\u00cd SYST\u00c9MY' src='https:\/\/zenaluminium.pl\/wp-content\/uploads\/2022\/02\/drzwi-okna-zawiasowe.jpg'\/><\/a><\/div><div class='featured-content'><h3 class='featured-title text-uppercase'><a target='_self' href='\/cs\/sluzby\/okenni-hlinikove-systemy\/okenni-zavesy\/'>V\u00ddKLOPN\u00c9 OKENN\u00cd SYST\u00c9MY<\/a><\/h3><p class='featured-desc'>D\u00edky pou\u017eit\u00ed hlin\u00edkov\u00fdch profil\u016f z\u00edsk\u00e1v\u00e1me nejen odolnost, ale tak\u00e9 modernost a funk\u010dnost. Hlin\u00edkov\u00e1 okna mnohem l\u00e9pe izoluj\u00ed a vydr\u017e\u00ed v\u00edce ne\u017e d\u00e9le ne\u017e klasick\u00e1 d\u0159ev\u011bn\u00e1 okna.<\/p><a class='btn btn-md btn-minimal' target='_self' href='\/cs\/sluzby\/okenni-hlinikove-systemy\/okenni-zavesy\/'>Zobrazen\u00ed v\u00fdklopn\u00fdch oken<\/a><\/div><\/div><\/div><\/div><\/div><\/div><div class=\"vc_row wpb_row vc_row-fluid vc_row-o-content-middle vc_row-flex\"><div class=\"wpb_column vc_column_container vc_col-md-6\"><div class=\"vc_column-inner vc_custom_1643810114415\"><div class=\"wpb_wrapper\">\n\t<div class=\"wpb_text_column wpb_content_element\" >\n\t\t<div class=\"wpb_wrapper\">\n\t\t\t<h1 style=\"text-align: center;\"><a href=\"https:\/\/zenaluminium.pl\/cs\/sluzby\/okenni-hlinikove-systemy\/okenni-zavesy\/kridla\/\">Okna otev\u00edran\u00e1 sm\u011brem ven (kastlov\u00e1)<\/a><\/h1>\n\n\t\t<\/div>\n\t<\/div>\n<div class='featured featured-large featured-has-link featured-has-content simple-style'><div class='featured-header'><a target='_self' href='\/cs\/sluzby\/okenni-hlinikove-systemy\/okenni-zavesy\/kridla\/'><img alt='OKNA OTEV\u00cdRAN\u00c1 SM\u011aREM VEN' src='https:\/\/zenaluminium.pl\/wp-content\/uploads\/2024\/03\/casement-okna-otwierane-na-zewnatrz.jpg'\/><\/a><\/div><div class='featured-content'><h3 class='featured-title text-uppercase'><a target='_self' href='\/cs\/sluzby\/okenni-hlinikove-systemy\/okenni-zavesy\/kridla\/'>OKNA OTEV\u00cdRAN\u00c1 SM\u011aREM VEN<\/a><\/h3><p class='featured-desc'>Na\u0161e hlin\u00edkov\u00e1 kastlov\u00e1 okna spojuj\u00ed eleganci s v\u00fdkonem - jsou ide\u00e1ln\u00ed pro ty, kte\u0159\u00ed si cen\u00ed pohodl\u00ed a cht\u011bj\u00ed si u\u017e\u00edvat venkovn\u00edho prost\u0159ed\u00ed bez kompromis\u016f. D\u00edky vynikaj\u00edc\u00ed tepeln\u00e9 izolaci v\u00e1m tato okna pomohou sn\u00ed\u017eit n\u00e1klady na vyt\u00e1p\u011bn\u00ed v zim\u011b a udr\u017eet chlad uvnit\u0159 v l\u00e9t\u011b, tak\u017ee se budete c\u00edtit pohodln\u011b po cel\u00fd rok.<\/p><a class='btn btn-md btn-minimal' target='_self' href='\/cs\/sluzby\/okenni-hlinikove-systemy\/okenni-zavesy\/kridla\/'>Zobrazen\u00ed okenn\u00edch k\u0159\u00eddel<\/a><\/div><\/div><\/div><\/div><\/div><div class=\"wpb_column vc_column_container vc_col-md-6\"><div class=\"vc_column-inner vc_custom_1643810149597\"><div class=\"wpb_wrapper\">\n\t<div class=\"wpb_text_column wpb_content_element\" >\n\t\t<div class=\"wpb_wrapper\">\n\t\t\t<h1 style=\"text-align: center;\"><a href=\"https:\/\/zenaluminium.pl\/cs\/sluzby\/okenni-hlinikove-systemy\/okenni-zavesy\/kridla\/\">Zak\u0159iven\u00e1 okna (radi\u00e1ln\u00ed)<\/a><\/h1>\n\n\t\t<\/div>\n\t<\/div>\n<div class='featured featured-large featured-has-link featured-has-content simple-style'><div class='featured-header'><a target='_self' href='\/cs\/sluzby\/okenni-hlinikove-systemy\/okenni-zavesy\/kridla\/'><img alt='OBLOUKOV\u00c1 OKNA ' src='https:\/\/zenaluminium.pl\/wp-content\/uploads\/2024\/03\/system-okien-luowych-radialnych.jpg'\/><\/a><\/div><div class='featured-content'><h3 class='featured-title text-uppercase'><a target='_self' href='\/cs\/sluzby\/okenni-hlinikove-systemy\/okenni-zavesy\/kridla\/'>OBLOUKOV\u00c1 OKNA <\/a><\/h3><p class='featured-desc'>Obloukov\u00e1 hlin\u00edkov\u00e1 okna jsou zvl\u00e1\u0161tn\u00edm typem oken, kter\u00e1 se vyzna\u010duj\u00ed obloukov\u00fdm tvarem otvoru, j\u00edm\u017e vstupuje sv\u011btlo. Tento tvar se \u010dasto pou\u017e\u00edv\u00e1 k estetick\u00e9mu zv\u00fdrazn\u011bn\u00ed architektury budovy a dod\u00e1v\u00e1 j\u00ed charakter a eleganci.<\/p><a class='btn btn-md btn-minimal' target='_self' href='\/cs\/sluzby\/okenni-hlinikove-systemy\/okenni-zavesy\/kridla\/'>Zobrazen\u00ed zak\u0159iven\u00fdch oken<\/a><\/div><\/div><\/div><\/div><\/div><\/div><div class=\"vc_row wpb_row vc_row-fluid\"><div class=\"wpb_column vc_column_container vc_col-md-12\"><div class=\"vc_column-inner\"><div class=\"wpb_wrapper\"><div class=\"vc_separator wpb_content_element vc_separator_align_center vc_sep_width_100 vc_sep_pos_align_center vc_separator_no_text vc_sep_color_grey wpb_content_element  wpb_content_element\" ><span class=\"vc_sep_holder vc_sep_holder_l\"><span class=\"vc_sep_line\"><\/span><\/span><span class=\"vc_sep_holder vc_sep_holder_r\"><span class=\"vc_sep_line\"><\/span><\/span>\n<\/div><\/div><\/div><\/div><\/div><div class=\"vc_row wpb_row vc_row-fluid\"><div class=\"wpb_column vc_column_container vc_col-md-12\"><div class=\"vc_column-inner\"><div class=\"wpb_wrapper\">\n\t<div class=\"wpb_text_column wpb_content_element\" >\n\t\t<div class=\"wpb_wrapper\">\n\t\t\t<h3><span style=\"color: #000000;\"><strong>Objevte modernost a eleganci s hlin\u00edkov\u00fdmi okny<\/strong><\/span><\/h3>\n<h4><span style=\"color: #000000;\"><strong>Dokonalost v ka\u017ed\u00e9m detailu<\/strong><\/span><\/h4>\n<p><span style=\"color: #000000;\">Kdy\u017e se rozhodnete pro hlin\u00edkov\u00e1 okna, investujete do \u0159e\u0161en\u00ed, kter\u00e9 v sob\u011b spojuje eleganci, modernost a funk\u010dnost. D\u00edky pokro\u010dil\u00fdm v\u00fdrobn\u00edm technologi\u00edm a \u0161irok\u00e9 nab\u00eddce model\u016f jsou hlin\u00edkov\u00e1 okna ide\u00e1ln\u00ed volbou pro modern\u00ed i klasick\u00e9 prostory.<\/span><\/p>\n<h4><span style=\"color: #000000;\"><strong>Bezkonkuren\u010dn\u00ed odolnost a energetick\u00e1 \u00fa\u010dinnost<\/strong><\/span><\/h4>\n<p><span style=\"color: #000000;\">Hlin\u00edkov\u00e1 okna se vyzna\u010duj\u00ed mimo\u0159\u00e1dnou odolnost\u00ed a n\u00edzk\u00fdmi n\u00e1roky na \u00fadr\u017ebu. Jejich konstrukce zaji\u0161\u0165uje vynikaj\u00edc\u00ed tepelnou a zvukovou izolaci, co\u017e se projevuje ve v\u00fdznamn\u00fdch \u00faspor\u00e1ch energie a u\u017eivatelsk\u00e9m komfortu. Energeticky \u00fasporn\u00e9 a pasivn\u00ed modely s tepelnou izolac\u00ed, jako jsou MB-86N nebo MB-79N, nab\u00edzej\u00ed parametry spl\u0148uj\u00edc\u00ed nejvy\u0161\u0161\u00ed standardy udr\u017eiteln\u00e9 v\u00fdstavby.<\/span><\/p>\n<h4><span style=\"color: #000000;\"><strong>Design na m\u00edru va\u0161im pot\u0159eb\u00e1m<\/strong><\/span><\/h4>\n<p><span style=\"color: #000000;\">Hlin\u00edkov\u00e1 okna rozli\u0161ujeme podle zp\u016fsobu otev\u00edr\u00e1n\u00ed. M\u00e1me k dispozici okna <a style=\"color: #000000;\" href=\"https:\/\/zenaluminium.pl\/cs\/sluzby\/okenni-hlinikove-systemy\/\">klasick\u00fd z\u00e1v\u011bs<\/a>, <a style=\"color: #000000;\" href=\"https:\/\/zenaluminium.pl\/cs\/sluzby\/okenni-hlinikove-systemy\/posuvne\/\">posuvn\u00e1 okna<\/a>, typ okna <a style=\"color: #000000;\" href=\"https:\/\/zenaluminium.pl\/cs\/sluzby\/okenni-hlinikove-systemy\/okenni-zavesy\/kridla\/\">k\u0159\u00eddla<\/a> okna otev\u00edran\u00e1 sm\u011brem ven a \"k\u0159\u00eddla\" nebo okna posuvn\u00e1 sm\u011brem nahoru.\u00a0<\/span><\/p>\n<h4><span style=\"color: #000000;\"><strong>Ceny a dostupnost<\/strong><\/span><\/h4>\n<p><span style=\"color: #000000;\">Ceny hlin\u00edkov\u00fdch oken se mohou li\u0161it v z\u00e1vislosti na modelu, rozm\u011brech a zvolen\u00e9m p\u0159\u00edslu\u0161enstv\u00ed, a to ji\u017e od n\u011bkolika set zlot\u00fdch za m\u00b2. Dostupnost oken v mnoha m\u011bstech umo\u017e\u0148uje snadn\u00fd p\u0159\u00edstup k v\u00fdrobk\u016fm a profesion\u00e1ln\u00edm mont\u00e1\u017en\u00edm slu\u017eb\u00e1m. Ur\u010dit\u011b stoj\u00ed za zm\u00ednku, \u017ee <a style=\"color: #000000;\" href=\"https:\/\/zenaluminium.pl\/cs\/sluzby\/okenni-hlinikove-systemy\/\">hlin\u00edkov\u00e1 okna<\/a> je kvalitn\u011bj\u0161\u00ed, \u010dasto pr\u00e9miov\u00fd produkt. Mno\u017estv\u00ed \u0159e\u0161en\u00ed, flexibilita v\u00fdb\u011bru a v\u00fdroba na m\u00edru znamenaj\u00ed, \u017ee cena, kterou mus\u00edme zaplatit, bude vy\u0161\u0161\u00ed ne\u017e v minulosti. <a style=\"color: #000000;\" href=\"https:\/\/zenaluminium.pl\/cs\/truhlarstvi-pvc-pcv\/\">Plastov\u00e1 okna<\/a> (v pr\u016fm\u011bru 30-60%), ale tak\u00e9 ni\u017e\u0161\u00ed ne\u017e nap\u0159\u00edklad u d\u0159ev\u011bn\u00fdch oken. St\u00e1v\u00e1 se tak\u00e9, \u017ee v\u011bt\u0161\u00ed konstrukce budou levn\u011bj\u0161\u00ed ne\u017e u <a style=\"color: #000000;\" href=\"https:\/\/zenaluminium.pl\/cs\/truhlarstvi-pvc-pcv\/\">plastov\u00e1 okna<\/a>. P\u0159\u00edklady zahrnuj\u00ed <a style=\"color: #000000;\" href=\"https:\/\/zenaluminium.pl\/cs\/sluzby\/dverni-hlinikove-systemy\/posuvne-dvere\/posuvne-dvere-hlinikove-4600\/\">Posuvn\u00e1 okna HST<\/a>.\u00a0<\/span><\/p>\n<h4><span style=\"color: #000000;\"><strong>Nev\u00e1hejte n\u00e1s kontaktovat<\/strong><\/span><\/h4>\n<p><span style=\"color: #000000;\">Doporu\u010dujeme v\u00e1m, abyste se sezn\u00e1mili s celou na\u0161\u00ed nab\u00eddkou hlin\u00edkov\u00fdch oken. Na\u0161i specialist\u00e9 jsou v\u00e1m k dispozici, aby v\u00e1m pomohli vybrat to nejlep\u0161\u00ed \u0159e\u0161en\u00ed, kter\u00e9 bude vyhovovat va\u0161im individu\u00e1ln\u00edm pot\u0159eb\u00e1m a o\u010dek\u00e1v\u00e1n\u00edm. Kontaktujte n\u00e1s je\u0161t\u011b dnes, abyste se dozv\u011bd\u011bli v\u00edce o mo\u017enostech, kter\u00e9 nab\u00edzej\u00ed hlin\u00edkov\u00e1 okna, a za\u010dn\u011bte prom\u011b\u0148ovat sv\u016fj obytn\u00fd nebo pracovn\u00ed prostor nov\u00fdm zp\u016fsobem.<\/span><\/p>\n\n\t\t<\/div>\n\t<\/div>\n<\/div><\/div><\/div><\/div>\n<\/div>","protected":false},"excerpt":{"rendered":"Okna aluminiowe Okna aluminiowe charakteryzuj\u0105 si\u0119 przede wszystkim niewielk\u0105 wag\u0105 i bardzo du\u017c\u0105 wytrzyma\u0142o\u015bci\u0105 w por\u00f3wnaniu chocia\u017cby z oknami PVC. Aluminium jest materia\u0142em niezwykle podatnym na formowanie, mo\u017cliwe jest wi\u0119c tworzenie okien w \u0142ukach lub nietypowych kszta\u0142tach. Dzi\u0119ki du\u017cej wytrzyma\u0142o\u015bci &hellip;","protected":false},"author":1,"featured_media":0,"parent":3142,"menu_order":0,"comment_status":"closed","ping_status":"closed","template":"","meta":{"footnotes":""},"class_list":["post-3284","page","type-page","status-publish","hentry"],"yoast_head":"<!-- This site is optimized with the Yoast SEO plugin v27.2 - https:\/\/yoast.com\/product\/yoast-seo-wordpress\/ -->\n<title>Okna aluminiowe - ZenAluminium - producent stolarki aluminiowej<\/title>\n<meta name=\"description\" content=\"Okna aluminiowe charakteryzuj\u0105 si\u0119 przede wszystkim niewielk\u0105 wag\u0105 i bardzo du\u017c\u0105 wytrzyma\u0142o\u015bci\u0105 w por\u00f3wnaniu chocia\u017cby z oknami PVC.\" \/>\n<meta name=\"robots\" content=\"index, follow, max-snippet:-1, max-image-preview:large, max-video-preview:-1\" \/>\n<link rel=\"canonical\" href=\"https:\/\/zenaluminium.pl\/cs\/sluzby\/okenni-hlinikove-systemy\/\" \/>\n<meta property=\"og:locale\" content=\"cs_CZ\" \/>\n<meta property=\"og:type\" content=\"article\" \/>\n<meta property=\"og:title\" content=\"Okna aluminiowe - ZenAluminium - producent stolarki aluminiowej\" \/>\n<meta property=\"og:description\" content=\"Okna aluminiowe charakteryzuj\u0105 si\u0119 przede wszystkim niewielk\u0105 wag\u0105 i bardzo du\u017c\u0105 wytrzyma\u0142o\u015bci\u0105 w por\u00f3wnaniu chocia\u017cby z oknami PVC.\" \/>\n<meta property=\"og:url\" content=\"https:\/\/zenaluminium.pl\/cs\/sluzby\/okenni-hlinikove-systemy\/\" \/>\n<meta property=\"og:site_name\" content=\"Zen Aluminium - polski producent okien i drzwi z aluminium\" \/>\n<meta property=\"article:publisher\" content=\"http:\/\/fb.com\/zenaluminum\" \/>\n<meta property=\"article:modified_time\" content=\"2024-03-28T07:12:46+00:00\" \/>\n<meta name=\"twitter:card\" content=\"summary_large_image\" \/>\n<meta name=\"twitter:label1\" content=\"Odhadovan\u00e1 doba \u010dten\u00ed\" \/>\n\t<meta name=\"twitter:data1\" content=\"4 minuty\" \/>\n<script type=\"application\/ld+json\" class=\"yoast-schema-graph\">{\"@context\":\"https:\/\/schema.org\",\"@graph\":[{\"@type\":\"WebPage\",\"@id\":\"https:\/\/zenaluminium.pl\/uslugi\/systemy-okienne-aluminiowe\/\",\"url\":\"https:\/\/zenaluminium.pl\/uslugi\/systemy-okienne-aluminiowe\/\",\"name\":\"Okna aluminiowe - ZenAluminium - producent stolarki aluminiowej\",\"isPartOf\":{\"@id\":\"https:\/\/zenaluminium.pl\/#website\"},\"datePublished\":\"2017-04-10T10:57:34+00:00\",\"dateModified\":\"2024-03-28T07:12:46+00:00\",\"description\":\"Okna aluminiowe charakteryzuj\u0105 si\u0119 przede wszystkim niewielk\u0105 wag\u0105 i bardzo du\u017c\u0105 wytrzyma\u0142o\u015bci\u0105 w por\u00f3wnaniu chocia\u017cby z oknami PVC.\",\"breadcrumb\":{\"@id\":\"https:\/\/zenaluminium.pl\/uslugi\/systemy-okienne-aluminiowe\/#breadcrumb\"},\"inLanguage\":\"cs\",\"potentialAction\":[{\"@type\":\"ReadAction\",\"target\":[\"https:\/\/zenaluminium.pl\/uslugi\/systemy-okienne-aluminiowe\/\"]}]},{\"@type\":\"BreadcrumbList\",\"@id\":\"https:\/\/zenaluminium.pl\/uslugi\/systemy-okienne-aluminiowe\/#breadcrumb\",\"itemListElement\":[{\"@type\":\"ListItem\",\"position\":1,\"name\":\"Home\",\"item\":\"https:\/\/zenaluminium.pl\/\"},{\"@type\":\"ListItem\",\"position\":2,\"name\":\"Stolarka aluminiowa\",\"item\":\"https:\/\/zenaluminium.pl\/uslugi\/\"},{\"@type\":\"ListItem\",\"position\":3,\"name\":\"OKNA ALUMINIOWE\"}]},{\"@type\":\"WebSite\",\"@id\":\"https:\/\/zenaluminium.pl\/#website\",\"url\":\"https:\/\/zenaluminium.pl\/\",\"name\":\"Zen Aluminium - polski producent okien i drzwi z aluminium\",\"description\":\"Stolarka okienna, fasady, ogrody zimowe, rozwi\u0105zania klasy premium\",\"potentialAction\":[{\"@type\":\"SearchAction\",\"target\":{\"@type\":\"EntryPoint\",\"urlTemplate\":\"https:\/\/zenaluminium.pl\/?s={search_term_string}\"},\"query-input\":{\"@type\":\"PropertyValueSpecification\",\"valueRequired\":true,\"valueName\":\"search_term_string\"}}],\"inLanguage\":\"cs\"}]}<\/script>\n<!-- \/ Yoast SEO plugin. -->","yoast_head_json":{"title":"Hlin\u00edkov\u00e1 okna - ZenAluminium - v\u00fdrobce hlin\u00edkov\u00e9ho truhl\u00e1\u0159stv\u00ed","description":"Hlin\u00edkov\u00e1 okna se vyzna\u010duj\u00ed p\u0159edev\u0161\u00edm n\u00edzkou hmotnost\u00ed a velmi vysokou pevnost\u00ed ve srovn\u00e1n\u00ed nap\u0159\u00edklad s plastov\u00fdmi okny.","robots":{"index":"index","follow":"follow","max-snippet":"max-snippet:-1","max-image-preview":"max-image-preview:large","max-video-preview":"max-video-preview:-1"},"canonical":"https:\/\/zenaluminium.pl\/cs\/sluzby\/okenni-hlinikove-systemy\/","og_locale":"cs_CZ","og_type":"article","og_title":"Okna aluminiowe - ZenAluminium - producent stolarki aluminiowej","og_description":"Okna aluminiowe charakteryzuj\u0105 si\u0119 przede wszystkim niewielk\u0105 wag\u0105 i bardzo du\u017c\u0105 wytrzyma\u0142o\u015bci\u0105 w por\u00f3wnaniu chocia\u017cby z oknami PVC.","og_url":"https:\/\/zenaluminium.pl\/cs\/sluzby\/okenni-hlinikove-systemy\/","og_site_name":"Zen Aluminium - polski producent okien i drzwi z aluminium","article_publisher":"http:\/\/fb.com\/zenaluminum","article_modified_time":"2024-03-28T07:12:46+00:00","twitter_card":"summary_large_image","twitter_misc":{"Odhadovan\u00e1 doba \u010dten\u00ed":"4 minuty"},"schema":{"@context":"https:\/\/schema.org","@graph":[{"@type":"WebPage","@id":"https:\/\/zenaluminium.pl\/uslugi\/systemy-okienne-aluminiowe\/","url":"https:\/\/zenaluminium.pl\/uslugi\/systemy-okienne-aluminiowe\/","name":"Hlin\u00edkov\u00e1 okna - ZenAluminium - v\u00fdrobce hlin\u00edkov\u00e9ho truhl\u00e1\u0159stv\u00ed","isPartOf":{"@id":"https:\/\/zenaluminium.pl\/#website"},"datePublished":"2017-04-10T10:57:34+00:00","dateModified":"2024-03-28T07:12:46+00:00","description":"Hlin\u00edkov\u00e1 okna se vyzna\u010duj\u00ed p\u0159edev\u0161\u00edm n\u00edzkou hmotnost\u00ed a velmi vysokou pevnost\u00ed ve srovn\u00e1n\u00ed nap\u0159\u00edklad s plastov\u00fdmi okny.","breadcrumb":{"@id":"https:\/\/zenaluminium.pl\/uslugi\/systemy-okienne-aluminiowe\/#breadcrumb"},"inLanguage":"cs","potentialAction":[{"@type":"ReadAction","target":["https:\/\/zenaluminium.pl\/uslugi\/systemy-okienne-aluminiowe\/"]}]},{"@type":"BreadcrumbList","@id":"https:\/\/zenaluminium.pl\/uslugi\/systemy-okienne-aluminiowe\/#breadcrumb","itemListElement":[{"@type":"ListItem","position":1,"name":"Home","item":"https:\/\/zenaluminium.pl\/"},{"@type":"ListItem","position":2,"name":"Stolarka aluminiowa","item":"https:\/\/zenaluminium.pl\/uslugi\/"},{"@type":"ListItem","position":3,"name":"OKNA ALUMINIOWE"}]},{"@type":"WebSite","@id":"https:\/\/zenaluminium.pl\/#website","url":"https:\/\/zenaluminium.pl\/","name":"Zen Aluminium - polsk\u00fd v\u00fdrobce hlin\u00edkov\u00fdch oken a dve\u0159\u00ed","description":"Okenn\u00ed truhl\u00e1\u0159stv\u00ed, fas\u00e1dy, zimn\u00ed zahrady, pr\u00e9miov\u00e1 \u0159e\u0161en\u00ed","potentialAction":[{"@type":"SearchAction","target":{"@type":"EntryPoint","urlTemplate":"https:\/\/zenaluminium.pl\/?s={search_term_string}"},"query-input":{"@type":"PropertyValueSpecification","valueRequired":true,"valueName":"search_term_string"}}],"inLanguage":"cs"}]}},"_links":{"self":[{"href":"https:\/\/zenaluminium.pl\/cs\/wp-json\/wp\/v2\/pages\/3284","targetHints":{"allow":["GET"]}}],"collection":[{"href":"https:\/\/zenaluminium.pl\/cs\/wp-json\/wp\/v2\/pages"}],"about":[{"href":"https:\/\/zenaluminium.pl\/cs\/wp-json\/wp\/v2\/types\/page"}],"author":[{"embeddable":true,"href":"https:\/\/zenaluminium.pl\/cs\/wp-json\/wp\/v2\/users\/1"}],"replies":[{"embeddable":true,"href":"https:\/\/zenaluminium.pl\/cs\/wp-json\/wp\/v2\/comments?post=3284"}],"version-history":[{"count":12,"href":"https:\/\/zenaluminium.pl\/cs\/wp-json\/wp\/v2\/pages\/3284\/revisions"}],"predecessor-version":[{"id":18555,"href":"https:\/\/zenaluminium.pl\/cs\/wp-json\/wp\/v2\/pages\/3284\/revisions\/18555"}],"up":[{"embeddable":true,"href":"https:\/\/zenaluminium.pl\/cs\/wp-json\/wp\/v2\/pages\/3142"}],"wp:attachment":[{"href":"https:\/\/zenaluminium.pl\/cs\/wp-json\/wp\/v2\/media?parent=3284"}],"curies":[{"name":"wp","href":"https:\/\/api.w.org\/{rel}","templated":true}]}}