{"id":3945,"date":"2018-06-21T13:32:07","date_gmt":"2018-06-21T12:32:07","guid":{"rendered":"https:\/\/zenaluminium.com\/?page_id=3945"},"modified":"2021-07-26T10:12:18","modified_gmt":"2021-07-26T09:12:18","slug":"cor-4500","status":"publish","type":"page","link":"https:\/\/zenaluminium.pl\/cs\/uslugi\/systemy-okienne-aluminiowe\/przesuwne\/cor-4500\/","title":{"rendered":"COR - 4500"},"content":{"rendered":"<div class=\"wpb-content-wrapper\"><div class=\"vc_row wpb_row vc_row-fluid\"><div class=\"wpb_column vc_column_container vc_col-md-6\"><div class=\"vc_column-inner\"><div class=\"wpb_wrapper\"><h1 class='heading-middle  style-1' ><span>SYSTEM OKIEN COR &#8211; 4500 PODNOSZONO PRZESUWNY<\/span><\/h1><div class=\"vc_empty_space\"   style=\"height: 50px\"><span class=\"vc_empty_space_inner\"><\/span><\/div>\n\t<div class=\"wpb_text_column wpb_content_element\" >\n\t\t<div class=\"wpb_wrapper\">\n\t\t\t<p><span style=\"color: #000000;\">Nowoczesny system podnoszono-przesuwny dla okien wielko gabarytowych. Dzi\u0119ki zastosowaniu mniejszego pakietu szybowego, system ten zapewnia dobre parametry techniczne przy ni\u017cszej cenie ni\u017c wi\u0119kszo\u015b\u0107 okien z klasycznego PCV. Zachowuje przy tym wszystkie zalety okna na profilu aluminiowym. System drzwi przesuwnych obwodowych z przek\u0142adk\u0105 termiczn\u0105 oraz sko\u015bn\u0105 lub zaokr\u0105glon\u0105 kraw\u0119dzi\u0105 skrzyde\u0142 i listew przyszybowych.<\/span><\/p>\n<p><span id=\"result_box\" class=\"\" lang=\"pl\" style=\"color: #000000;\" tabindex=\"-1\">Istniej\u0105 dwie wersje:<br \/>\n<span class=\"\">&#8211; 4500 podnoszenie i przesuwanie<\/span><br \/>\n<span class=\"\">&#8211; 4500 standardowy system przesuwny<\/span><\/span><\/p>\n<p><span id=\"result_box\" class=\"\" lang=\"pl\" style=\"color: #000000;\" tabindex=\"-1\"><span class=\"\">Ramy \u0142\u0105czone pod k\u0105tem 90\u00ba lub 45\u00ba<\/span><\/span><\/p>\n<p><span id=\"result_box\" class=\"\" lang=\"pl\" style=\"color: #000000;\" tabindex=\"-1\">Skrzyd\u0142a przesuwaj\u0105 si\u0119 po szynie ze stali nierdzewnej, aby unikn\u0105\u0107 zu\u017cycia.<\/span><\/p>\n\n\t\t<\/div>\n\t<\/div>\n<ul class='list list-default'><li><span style=\"color: #000000;\"><strong><span style=\"font-size: 18px;\">DANE TECHNICZNE<\/span><\/strong><\/span><\/p>\n<p><span style=\"color: #000000;\"><span id=\"result_box\" class=\"short_text\" lang=\"pl\" tabindex=\"-1\">Maksymalna grubo\u015b\u0107 oszklenia:<\/span><strong><span id=\"result_box\" class=\"short_text\" lang=\"pl\" tabindex=\"-1\"> 36 mm<\/span><\/strong><\/span><\/p>\n<p><span style=\"color: #000000;\">Mo\u017cliwo\u015b\u0107 otwierania:<\/span><br \/>\n<span style=\"color: #000000;\">&#8211; <span id=\"result_box\" class=\"\" lang=\"pl\" tabindex=\"-1\"><span class=\"\">Przesuwanie <strong>2, 3, 4 i 6 skrzyde\u0142<\/strong><\/span><\/span><\/span><br \/>\n<span style=\"color: #000000;\">&#8211; <span id=\"result_box\" class=\"\" lang=\"pl\" tabindex=\"-1\"><span class=\"\">Mo\u017cliwo\u015b\u0107 <strong>1 szyny (1 skrzyd\u0142o 1 \u015bwiat\u0142o sta\u0142e) <\/strong><\/span><strong>i 3 szyn<\/strong><\/span><\/span><br \/>\n<span style=\"color: #000000;\">&#8211; <span id=\"result_box\" class=\"\" lang=\"pl\" tabindex=\"-1\"><span class=\"\">Opcja galandage, 1 lub 2 skrzyd\u0142a chowane w zabudowie<\/span><\/span><\/span><br \/>\n<span style=\"color: #000000;\">&#8211; <span id=\"result_box\" class=\"\" lang=\"pl\" tabindex=\"-1\">Mo\u017cliwo\u015b\u0107 otwierania si\u0119 naro\u017cnika przy 90\u00ba bez sta\u0142ego s\u0142upka<br \/>\n<\/span><\/span><\/p>\n<p><span style=\"color: #000000;\">Przekr\u00f3j: <\/span><strong><span style=\"color: #000000;\"><span id=\"result_box\" class=\"\" lang=\"pl\" tabindex=\"-1\"><span class=\"\">Rama 100\/123\/127 mm &#8211; 3 szyny 185 mm,\u00a0Skrzyd\u0142o 51 mm<\/span><\/span><\/span><\/strong><\/p>\n<p><span style=\"color: #000000;\">Grubo\u015b\u0107 profilu: <strong>Drzwi 2,0 mm<\/strong><\/span><\/p>\n<p><span style=\"color: #000000;\"><span id=\"result_box\" class=\"short_text\" lang=\"pl\" tabindex=\"-1\">D\u0142ugo\u015b\u0107 paska poliamidu<\/span>:<br \/>\n<span id=\"result_box\" class=\"\" lang=\"pl\" tabindex=\"-1\">&#8211; Podnoszenie i przesuwanie <strong>24 mm i 14,6 mm<\/strong><br \/>\n<span class=\"\">&#8211; Standardowy slajd <strong>30 mm i 14,6 mm<\/strong><\/span><\/span><br \/>\n<\/span><\/p>\n<p><span style=\"color: #000000;\">Maksymalne wymiary\/skrzyd\u0142o:<\/span><span style=\"color: #000000;\">\u00a0<span id=\"result_box\" class=\"\" lang=\"pl\" tabindex=\"-1\"><strong>Szeroko\u015b\u0107 (L) = 3,300 mm<\/strong>,<\/span>\u00a0<strong><span id=\"result_box\" class=\"\" lang=\"pl\" tabindex=\"-1\">Wysoko\u015b\u0107 (H) = 3,300 mm<\/span><\/strong><\/span><br \/>\n<span style=\"color: #000000;\"><em><span id=\"result_box\" class=\"\" lang=\"pl\" tabindex=\"-1\">Dla okucia\u00a0 podnoszono przesuwnego: <strong>Szeroko\u015b\u0107 (L) = 2.500 mm<\/strong>,\u00a0<strong>Wysoko\u015b\u0107 (H) = 2,600 mm<\/strong><br \/>\n<span class=\"\">Dla standardowego okucia przesuwnego<\/span><\/span><\/em><\/span><\/p>\n<p><span style=\"color: #000000;\"><em>Maksymalna waga\/skrzyd\u0142o:<\/em><\/span><span style=\"color: #000000;\"><span id=\"result_box\" class=\"\" lang=\"pl\" tabindex=\"-1\"> Dla okucia podnoszono przesuwnego <strong>400 kg<\/strong>,<span class=\"\">\u00a0Dla standardowego okucia przesuwnego <strong>280 kg<\/strong><\/span><\/span><\/span><\/p>\n<p><span style=\"color: #000000;\"><em><span id=\"result_box\" class=\"\" lang=\"pl\" tabindex=\"-1\">W przypadku innych typ\u00f3w otwor\u00f3w nale\u017cy skonsultowa\u0107 si\u0119 z maksymaln\u0105 mas\u0105 i wymiarami<\/span><\/em><\/span><\/li><li><span style=\"color: #000000;\"><strong><span style=\"font-size: 18px;\">KOLORYSTYKA<\/span><\/strong><\/span><\/p>\n<p><span style=\"color: #000000;\"><span id=\"result_box\" class=\"\" lang=\"pl\" tabindex=\"-1\">&#8211; Mo\u017cliwo\u015b\u0107 system\u00f3w bicolor<br \/>\n&#8211; Kolorowa pow\u0142oka proszkowa (RAL, c\u0119tkowane i szorstkie)<br \/>\n&#8211; Lakierowanie proszkowe z efektem drewna<br \/>\n&#8211; Antybakteryjna pow\u0142oka proszkowa<br \/>\n<span class=\"\">&#8211; Anodowane<\/span><\/span><\/span><\/li><li><span style=\"color: #000000;\"><strong><span style=\"font-size: 18px;\">TESTY I BADANIA<\/span><\/strong><\/span><\/p>\n<p><span style=\"color: #000000;\">Wsp\u00f3\u0142czynnik: <span id=\"result_box\" class=\"\" lang=\"pl\" tabindex=\"-1\"><span class=\"\">Uw od 1,5 (W \/ m\u00b2K)<br \/>\n<\/span><\/span><\/span><span style=\"color: #000000;\"><em><span id=\"result_box\" class=\"short_text\" lang=\"pl\" tabindex=\"-1\">Prosz\u0119 zapozna\u0107 si\u0119 z typologi\u0105, wymiarami i przeszkle\u0144<br \/>\n<\/span><\/em><\/span><span style=\"color: #000000;\"><span id=\"result_box\" class=\"short_text\" lang=\"pl\" tabindex=\"-1\">Maksymalna izolacja akustyczna<\/span>: <strong>Rw=42 dB<br \/>\n<\/strong><\/span><span style=\"color: #000000;\"><span id=\"result_box\" class=\"short_text\" lang=\"pl\" tabindex=\"-1\">Przepuszczalno\u015b\u0107 powietrza:<\/span>\u00a0<strong><span id=\"result_box\" class=\"\" lang=\"pl\" tabindex=\"-1\"><span class=\"\">(EN 12207: 2000) KLASA 4<br \/>\n<\/span><\/span><\/strong><\/span><span style=\"color: #000000;\"><span id=\"result_box\" class=\"short_text\" lang=\"pl\" tabindex=\"-1\">Wodoszczelno\u015b\u0107:<\/span>\u00a0<strong><span id=\"result_box\" class=\"\" lang=\"pl\" tabindex=\"-1\"><span class=\"\">(EN 12208: 2000) KLASA 8A<br \/>\n<\/span><\/span><\/strong><\/span><span style=\"color: #000000;\"><span id=\"result_box\" class=\"short_text\" lang=\"pl\" tabindex=\"-1\">Odporno\u015b\u0107 na wiatr:<\/span>\u00a0<strong><span id=\"result_box\" class=\"\" lang=\"pl\" tabindex=\"-1\"><span class=\"\">(EN 12210: 2000) KLASA C4<br \/>\n<\/span><\/span><\/strong><\/span><span style=\"color: #000000;\"><em><span id=\"result_box\" class=\"\" lang=\"pl\" tabindex=\"-1\">Test odniesienia: 1,85 x 2,05 m.<br \/>\n<span class=\"\">1 skrzyd\u0142o 1 sta\u0142e<\/span><\/span><\/em><\/span><\/li><\/ul><\/div><\/div><\/div><div class=\"wpb_column vc_column_container vc_col-md-6\"><div class=\"vc_column-inner\"><div class=\"wpb_wrapper\">\n\t<div  class=\"wpb_single_image wpb_content_element vc_align_center wpb_content_element\">\n\t\t\n\t\t<figure class=\"wpb_wrapper vc_figure\">\n\t\t\t<div class=\"vc_single_image-wrapper vc_box_border  vc_box_border_grey\"><img loading=\"lazy\" decoding=\"async\" width=\"875\" height=\"1000\" src=\"https:\/\/zenaluminium.pl\/wp-content\/uploads\/2021\/07\/06_05-150x150-1.jpg\" class=\"vc_single_image-img attachment-full\" alt=\"\" title=\"06_05-150x150\" srcset=\"https:\/\/zenaluminium.pl\/wp-content\/uploads\/2021\/07\/06_05-150x150-1.jpg 875w, https:\/\/zenaluminium.pl\/wp-content\/uploads\/2021\/07\/06_05-150x150-1-263x300.jpg 263w, https:\/\/zenaluminium.pl\/wp-content\/uploads\/2021\/07\/06_05-150x150-1-768x878.jpg 768w\" sizes=\"auto, (max-width: 875px) 100vw, 875px\" \/><\/div>\n\t\t<\/figure>\n\t<\/div>\n<div class=\"vc_row wpb_row vc_inner vc_row-fluid\"><div class=\"wpb_column vc_column_container vc_col-md-4\"><div class=\"vc_column-inner\"><div class=\"wpb_wrapper\">\n\t<div  class=\"wpb_single_image wpb_content_element vc_align_center wpb_content_element\">\n\t\t\n\t\t<figure class=\"wpb_wrapper vc_figure\">\n\t\t\t<div class=\"vc_single_image-wrapper vc_box_border  vc_box_border_grey\"><img loading=\"lazy\" decoding=\"async\" width=\"875\" height=\"1000\" src=\"https:\/\/zenaluminium.pl\/wp-content\/uploads\/2021\/07\/2_55z-1.jpg\" class=\"vc_single_image-img attachment-full\" alt=\"\" title=\"2_55z\" srcset=\"https:\/\/zenaluminium.pl\/wp-content\/uploads\/2021\/07\/2_55z-1.jpg 875w, https:\/\/zenaluminium.pl\/wp-content\/uploads\/2021\/07\/2_55z-1-263x300.jpg 263w, https:\/\/zenaluminium.pl\/wp-content\/uploads\/2021\/07\/2_55z-1-768x878.jpg 768w\" sizes=\"auto, (max-width: 875px) 100vw, 875px\" \/><\/div>\n\t\t<\/figure>\n\t<\/div>\n<\/div><\/div><\/div><div class=\"wpb_column vc_column_container vc_col-md-4\"><div class=\"vc_column-inner\"><div class=\"wpb_wrapper\">\n\t<div  class=\"wpb_single_image wpb_content_element vc_align_center wpb_content_element\">\n\t\t\n\t\t<figure class=\"wpb_wrapper vc_figure\">\n\t\t\t<div class=\"vc_single_image-wrapper vc_box_border  vc_box_border_grey\"><img loading=\"lazy\" decoding=\"async\" width=\"875\" height=\"1000\" src=\"https:\/\/zenaluminium.pl\/wp-content\/uploads\/2021\/07\/223-1.jpg\" class=\"vc_single_image-img attachment-full\" alt=\"\" title=\"223\" srcset=\"https:\/\/zenaluminium.pl\/wp-content\/uploads\/2021\/07\/223-1.jpg 875w, https:\/\/zenaluminium.pl\/wp-content\/uploads\/2021\/07\/223-1-263x300.jpg 263w, https:\/\/zenaluminium.pl\/wp-content\/uploads\/2021\/07\/223-1-768x878.jpg 768w\" sizes=\"auto, (max-width: 875px) 100vw, 875px\" \/><\/div>\n\t\t<\/figure>\n\t<\/div>\n<\/div><\/div><\/div><div class=\"wpb_column vc_column_container vc_col-md-4\"><div class=\"vc_column-inner\"><div class=\"wpb_wrapper\">\n\t<div  class=\"wpb_single_image wpb_content_element vc_align_center wpb_content_element\">\n\t\t\n\t\t<figure class=\"wpb_wrapper vc_figure\">\n\t\t\t<div class=\"vc_single_image-wrapper vc_box_border  vc_box_border_grey\"><img loading=\"lazy\" decoding=\"async\" width=\"875\" height=\"1000\" src=\"https:\/\/zenaluminium.pl\/wp-content\/uploads\/2021\/07\/2_55z33-1.jpg\" class=\"vc_single_image-img attachment-full\" alt=\"\" title=\"2_55z33\" srcset=\"https:\/\/zenaluminium.pl\/wp-content\/uploads\/2021\/07\/2_55z33-1.jpg 875w, https:\/\/zenaluminium.pl\/wp-content\/uploads\/2021\/07\/2_55z33-1-263x300.jpg 263w, https:\/\/zenaluminium.pl\/wp-content\/uploads\/2021\/07\/2_55z33-1-768x878.jpg 768w\" sizes=\"auto, (max-width: 875px) 100vw, 875px\" \/><\/div>\n\t\t<\/figure>\n\t<\/div>\n<\/div><\/div><\/div><\/div><\/div><\/div><\/div><\/div><div class=\"vc_row wpb_row vc_row-fluid\"><div class=\"wpb_column vc_column_container vc_col-md-12\"><div class=\"vc_column-inner\"><div class=\"wpb_wrapper\">\n\t<div class=\"wpb_video_widget wpb_content_element vc_clearfix   vc_video-aspect-ratio-169 vc_video-el-width-100 vc_video-align-left\" >\n\t\t<div class=\"wpb_wrapper\">\n\t\t\t\n\t\t\t<div class=\"wpb_video_wrapper\"><iframe loading=\"lazy\" title=\"COR 4500 Aluminium Window and Door Sliding\" width=\"500\" height=\"281\" src=\"https:\/\/www.youtube.com\/embed\/945NEyscYS0?feature=oembed\" frameborder=\"0\" allow=\"accelerometer; autoplay; clipboard-write; encrypted-media; gyroscope; picture-in-picture; web-share\" referrerpolicy=\"strict-origin-when-cross-origin\" allowfullscreen><\/iframe><\/div>\n\t\t<\/div>\n\t<\/div>\n<div class=\"wpb_gallery wpb_content_element vc_clearfix wpb_content_element\" ><div class=\"wpb_wrapper\"><div class=\"wpb_gallery_slides wpb_slider_nivo theme-default\" data-interval=\"3\"><div class=\"nivoSlider\"><a class=\"\" href=\"\" data-lightbox=\"lightbox[rel-3945-3860497668]\"><\/a><a class=\"\" href=\"\" data-lightbox=\"lightbox[rel-3945-3860497668]\"><\/a><a class=\"\" href=\"\" data-lightbox=\"lightbox[rel-3945-3860497668]\"><\/a><a class=\"\" href=\"\" data-lightbox=\"lightbox[rel-3945-3860497668]\"><\/a><a class=\"\" href=\"\" data-lightbox=\"lightbox[rel-3945-3860497668]\"><\/a><a class=\"\" href=\"\" data-lightbox=\"lightbox[rel-3945-3860497668]\"><\/a><a class=\"\" href=\"\" data-lightbox=\"lightbox[rel-3945-3860497668]\"><\/a><a class=\"\" href=\"\" data-lightbox=\"lightbox[rel-3945-3860497668]\"><\/a><\/div><\/div><\/div><\/div><\/div><\/div><\/div><\/div>\n<\/div>","protected":false},"excerpt":{"rendered":"COR - 4500 DOLN\u011a POSUVN\u00dd OKENN\u00cd SYST\u00c9M Modern\u00ed zdvi\u017en\u011b-posuvn\u00fd syst\u00e9m pro velkoform\u00e1tov\u00e1 okna. D\u00edky pou\u017eit\u00ed men\u0161\u00edho zaskl\u00edvac\u00edho bal\u00ed\u010dku poskytuje tento syst\u00e9m dobr\u00e9 technick\u00e9 parametry za ni\u017e\u0161\u00ed cenu ne\u017e v\u011bt\u0161ina klasick\u00fdch plastov\u00fdch oken. Z\u00e1rove\u0148 si zachov\u00e1v\u00e1 v\u0161echny p\u0159ednosti plastov\u00fdch oken, kter\u00e9 jsou v ...","protected":false},"author":1,"featured_media":0,"parent":3338,"menu_order":0,"comment_status":"closed","ping_status":"closed","template":"","meta":{"footnotes":""},"class_list":["post-3945","page","type-page","status-publish","hentry"],"yoast_head":"<!-- This site is optimized with the Yoast SEO plugin v27.2 - https:\/\/yoast.com\/product\/yoast-seo-wordpress\/ -->\n<title>COR - 4500 - Zen Aluminium - polski producent okien i drzwi z aluminium<\/title>\n<meta name=\"robots\" content=\"index, follow, max-snippet:-1, max-image-preview:large, max-video-preview:-1\" \/>\n<link rel=\"canonical\" href=\"https:\/\/zenaluminium.pl\/cs\/sluzby\/okenni-hlinikove-systemy\/posuvne\/cor-4500\/\" \/>\n<meta property=\"og:locale\" content=\"cs_CZ\" \/>\n<meta property=\"og:type\" content=\"article\" \/>\n<meta property=\"og:title\" content=\"COR - 4500 - Zen Aluminium - polski producent okien i drzwi z aluminium\" \/>\n<meta property=\"og:url\" content=\"https:\/\/zenaluminium.pl\/cs\/sluzby\/okenni-hlinikove-systemy\/posuvne\/cor-4500\/\" \/>\n<meta property=\"og:site_name\" content=\"Zen Aluminium - polski producent okien i drzwi z aluminium\" \/>\n<meta property=\"article:publisher\" content=\"http:\/\/fb.com\/zenaluminum\" \/>\n<meta property=\"article:modified_time\" content=\"2021-07-26T09:12:18+00:00\" \/>\n<meta name=\"twitter:card\" content=\"summary_large_image\" \/>\n<meta name=\"twitter:label1\" content=\"Odhadovan\u00e1 doba \u010dten\u00ed\" \/>\n\t<meta name=\"twitter:data1\" content=\"2 minuty\" \/>\n<script type=\"application\/ld+json\" class=\"yoast-schema-graph\">{\"@context\":\"https:\/\/schema.org\",\"@graph\":[{\"@type\":\"WebPage\",\"@id\":\"https:\/\/zenaluminium.pl\/uslugi\/systemy-okienne-aluminiowe\/przesuwne\/cor-4500\/\",\"url\":\"https:\/\/zenaluminium.pl\/uslugi\/systemy-okienne-aluminiowe\/przesuwne\/cor-4500\/\",\"name\":\"COR - 4500 - Zen Aluminium - polski producent okien i drzwi z aluminium\",\"isPartOf\":{\"@id\":\"https:\/\/zenaluminium.pl\/#website\"},\"datePublished\":\"2018-06-21T12:32:07+00:00\",\"dateModified\":\"2021-07-26T09:12:18+00:00\",\"breadcrumb\":{\"@id\":\"https:\/\/zenaluminium.pl\/uslugi\/systemy-okienne-aluminiowe\/przesuwne\/cor-4500\/#breadcrumb\"},\"inLanguage\":\"cs\",\"potentialAction\":[{\"@type\":\"ReadAction\",\"target\":[\"https:\/\/zenaluminium.pl\/uslugi\/systemy-okienne-aluminiowe\/przesuwne\/cor-4500\/\"]}]},{\"@type\":\"BreadcrumbList\",\"@id\":\"https:\/\/zenaluminium.pl\/uslugi\/systemy-okienne-aluminiowe\/przesuwne\/cor-4500\/#breadcrumb\",\"itemListElement\":[{\"@type\":\"ListItem\",\"position\":1,\"name\":\"Home\",\"item\":\"https:\/\/zenaluminium.pl\/\"},{\"@type\":\"ListItem\",\"position\":2,\"name\":\"Stolarka aluminiowa\",\"item\":\"https:\/\/zenaluminium.pl\/uslugi\/\"},{\"@type\":\"ListItem\",\"position\":3,\"name\":\"OKNA ALUMINIOWE\",\"item\":\"https:\/\/zenaluminium.pl\/uslugi\/systemy-okienne-aluminiowe\/\"},{\"@type\":\"ListItem\",\"position\":4,\"name\":\"OKNA PRZESUWNE ALUMINIOWE\",\"item\":\"https:\/\/zenaluminium.pl\/uslugi\/systemy-okienne-aluminiowe\/przesuwne\/\"},{\"@type\":\"ListItem\",\"position\":5,\"name\":\"COR &#8211; 4500\"}]},{\"@type\":\"WebSite\",\"@id\":\"https:\/\/zenaluminium.pl\/#website\",\"url\":\"https:\/\/zenaluminium.pl\/\",\"name\":\"Zen Aluminium - polski producent okien i drzwi z aluminium\",\"description\":\"Stolarka okienna, fasady, ogrody zimowe, rozwi\u0105zania klasy premium\",\"potentialAction\":[{\"@type\":\"SearchAction\",\"target\":{\"@type\":\"EntryPoint\",\"urlTemplate\":\"https:\/\/zenaluminium.pl\/?s={search_term_string}\"},\"query-input\":{\"@type\":\"PropertyValueSpecification\",\"valueRequired\":true,\"valueName\":\"search_term_string\"}}],\"inLanguage\":\"cs\"}]}<\/script>\n<!-- \/ Yoast SEO plugin. -->","yoast_head_json":{"title":"COR - 4500 - Zen Aluminium - Polsk\u00fd v\u00fdrobce hlin\u00edkov\u00fdch oken a dve\u0159\u00ed","robots":{"index":"index","follow":"follow","max-snippet":"max-snippet:-1","max-image-preview":"max-image-preview:large","max-video-preview":"max-video-preview:-1"},"canonical":"https:\/\/zenaluminium.pl\/cs\/sluzby\/okenni-hlinikove-systemy\/posuvne\/cor-4500\/","og_locale":"cs_CZ","og_type":"article","og_title":"COR - 4500 - Zen Aluminium - polski producent okien i drzwi z aluminium","og_url":"https:\/\/zenaluminium.pl\/cs\/sluzby\/okenni-hlinikove-systemy\/posuvne\/cor-4500\/","og_site_name":"Zen Aluminium - polski producent okien i drzwi z aluminium","article_publisher":"http:\/\/fb.com\/zenaluminum","article_modified_time":"2021-07-26T09:12:18+00:00","twitter_card":"summary_large_image","twitter_misc":{"Odhadovan\u00e1 doba \u010dten\u00ed":"2 minuty"},"schema":{"@context":"https:\/\/schema.org","@graph":[{"@type":"WebPage","@id":"https:\/\/zenaluminium.pl\/uslugi\/systemy-okienne-aluminiowe\/przesuwne\/cor-4500\/","url":"https:\/\/zenaluminium.pl\/uslugi\/systemy-okienne-aluminiowe\/przesuwne\/cor-4500\/","name":"COR - 4500 - Zen Aluminium - Polsk\u00fd v\u00fdrobce hlin\u00edkov\u00fdch oken a dve\u0159\u00ed","isPartOf":{"@id":"https:\/\/zenaluminium.pl\/#website"},"datePublished":"2018-06-21T12:32:07+00:00","dateModified":"2021-07-26T09:12:18+00:00","breadcrumb":{"@id":"https:\/\/zenaluminium.pl\/uslugi\/systemy-okienne-aluminiowe\/przesuwne\/cor-4500\/#breadcrumb"},"inLanguage":"cs","potentialAction":[{"@type":"ReadAction","target":["https:\/\/zenaluminium.pl\/uslugi\/systemy-okienne-aluminiowe\/przesuwne\/cor-4500\/"]}]},{"@type":"BreadcrumbList","@id":"https:\/\/zenaluminium.pl\/uslugi\/systemy-okienne-aluminiowe\/przesuwne\/cor-4500\/#breadcrumb","itemListElement":[{"@type":"ListItem","position":1,"name":"Home","item":"https:\/\/zenaluminium.pl\/"},{"@type":"ListItem","position":2,"name":"Stolarka aluminiowa","item":"https:\/\/zenaluminium.pl\/uslugi\/"},{"@type":"ListItem","position":3,"name":"OKNA ALUMINIOWE","item":"https:\/\/zenaluminium.pl\/uslugi\/systemy-okienne-aluminiowe\/"},{"@type":"ListItem","position":4,"name":"OKNA PRZESUWNE ALUMINIOWE","item":"https:\/\/zenaluminium.pl\/uslugi\/systemy-okienne-aluminiowe\/przesuwne\/"},{"@type":"ListItem","position":5,"name":"COR &#8211; 4500"}]},{"@type":"WebSite","@id":"https:\/\/zenaluminium.pl\/#website","url":"https:\/\/zenaluminium.pl\/","name":"Zen Aluminium - polsk\u00fd v\u00fdrobce hlin\u00edkov\u00fdch oken a dve\u0159\u00ed","description":"Okenn\u00ed truhl\u00e1\u0159stv\u00ed, fas\u00e1dy, zimn\u00ed zahrady, pr\u00e9miov\u00e1 \u0159e\u0161en\u00ed","potentialAction":[{"@type":"SearchAction","target":{"@type":"EntryPoint","urlTemplate":"https:\/\/zenaluminium.pl\/?s={search_term_string}"},"query-input":{"@type":"PropertyValueSpecification","valueRequired":true,"valueName":"search_term_string"}}],"inLanguage":"cs"}]}},"_links":{"self":[{"href":"https:\/\/zenaluminium.pl\/cs\/wp-json\/wp\/v2\/pages\/3945","targetHints":{"allow":["GET"]}}],"collection":[{"href":"https:\/\/zenaluminium.pl\/cs\/wp-json\/wp\/v2\/pages"}],"about":[{"href":"https:\/\/zenaluminium.pl\/cs\/wp-json\/wp\/v2\/types\/page"}],"author":[{"embeddable":true,"href":"https:\/\/zenaluminium.pl\/cs\/wp-json\/wp\/v2\/users\/1"}],"replies":[{"embeddable":true,"href":"https:\/\/zenaluminium.pl\/cs\/wp-json\/wp\/v2\/comments?post=3945"}],"version-history":[{"count":6,"href":"https:\/\/zenaluminium.pl\/cs\/wp-json\/wp\/v2\/pages\/3945\/revisions"}],"predecessor-version":[{"id":8134,"href":"https:\/\/zenaluminium.pl\/cs\/wp-json\/wp\/v2\/pages\/3945\/revisions\/8134"}],"up":[{"embeddable":true,"href":"https:\/\/zenaluminium.pl\/cs\/wp-json\/wp\/v2\/pages\/3338"}],"wp:attachment":[{"href":"https:\/\/zenaluminium.pl\/cs\/wp-json\/wp\/v2\/media?parent=3945"}],"curies":[{"name":"wp","href":"https:\/\/api.w.org\/{rel}","templated":true}]}}