{"id":5609,"date":"2020-03-13T11:33:11","date_gmt":"2020-03-13T11:33:11","guid":{"rendered":"https:\/\/zenaluminium.com\/?page_id=5609"},"modified":"2023-04-12T12:36:22","modified_gmt":"2023-04-12T11:36:22","slug":"facade-pf152-esg","status":"publish","type":"page","link":"https:\/\/zenaluminium.pl\/cs\/uslugi\/fasady-aluminiowe\/fasada-pf152-esg\/","title":{"rendered":"STRUKTUR\u00c1LN\u00cd FAS\u00c1DA PONZIO PF152 ESG"},"content":{"rendered":"<div class=\"wpb-content-wrapper\"><div class=\"vc_row wpb_row vc_row-fluid\"><div class=\"wpb_column vc_column_container vc_col-md-6\"><div class=\"vc_column-inner\"><div class=\"wpb_wrapper\"><h1 class='heading-middle  style-1' ><span>FASADA ALUMINIOWA &#8211; PONZIO PF152 ESG<\/span><\/h1><div class=\"vc_empty_space\"   style=\"height: 20px\"><span class=\"vc_empty_space_inner\"><\/span><\/div><div class=\"vc_row wpb_row vc_inner vc_row-fluid\"><div class=\"wpb_column vc_column_container vc_col-md-12\"><div class=\"vc_column-inner\"><div class=\"wpb_wrapper\">\n\t<div class=\"wpb_text_column wpb_content_element\" >\n\t\t<div class=\"wpb_wrapper\">\n\t\t\t<h2 style=\"font-size: 16px; text-align: justify;\">\u015aciana os\u0142onowa bezramowa tzw. strukturalna z systemem klejenia konstrukcyjnego. System przeznaczony jest do wykonywania lekkich \u015bcian os\u0142onowych i innych konstrukcji przestrzennych. Jako element no\u015bny wykorzystuje konstrukcj\u0119 s\u0142upowo-ryglow\u0105 systemu Ponzio PF152 i wchodz\u0105c\u0105 w jego sk\u0142ad szerok\u0105 gam\u0119 profili.<\/h2>\n<h2 style=\"font-size: 16px; text-align: justify;\">Z zewn\u0105trz Ponzio PF152 ESG tworzy jednolit\u0105, g\u0142adk\u0105 \u015bcian\u0119 szk\u0142a podzielon\u0105 pionowymi i poziomymi liniami o szeroko\u015bci 22 mm (przy zastosowaniu silikonu pogodowego) lub 28 mm (przy wyborze systemowej uszczelki zamykaj\u0105cej). Istnieje mo\u017cliwo\u015b\u0107 zastosowania szklenia dwu i trzyszybowego.<\/h2>\n\n\t\t<\/div>\n\t<\/div>\n<\/div><\/div><\/div><\/div><ul class='list list-circle-check'><li><span style=\"font-size: 18px; color: #000000;\"><strong>CHARAKTERYSTYKA<\/strong><\/span><\/p>\n<p class=\"western\" style=\"padding-left: 40px;\">&#8211; mo\u017cliwo\u015b\u0107 wykonania obok siebie okien wychylnych, otwieranych niezale\u017cnie,<br \/>\n&#8211; dwa sposoby wyko\u0144czenia powierzchni \u015bciany: silikonowanie lub specjalnie zaprojektowana uszczelka maskuj\u0105ca,<br \/>\n&#8211; szyby pojedyncze, zespolone, panele nieprzezierne o grubo\u015bci: 26, 28 mm, mo\u017cliwo\u015b\u0107 stosowania zespole\u0144 3-szybowych (do grubo\u015bci szklenia 60 mm),<br \/>\n&#8211; w standardowej wersji ramowy wsp\u00f3\u0142czynnik przenikania ciep\u0142a U<sub><span style=\"font-size: small;\">0<\/span><\/sub> wynosi od 1,6 W\/m<sup><span style=\"font-size: small;\">2<\/span><\/sup>K,<br \/>\n&#8211; w wersji fasady ze szk\u0142em trzyszybowym ramowy wsp\u00f3\u0142czynnik przenikania ciep\u0142a U<sub><span style=\"font-size: small;\">0<\/span><\/sub> wynosi od 1,3 W\/m<sup><span style=\"font-size: small;\">2<\/span><\/sup>K.<\/p>\n<p><\/li><li><span style=\"color: #000000;\"><strong><span style=\"font-size: 18px;\">KSZTA\u0141TOWNIKI ALUMINIOWE<\/span><\/strong><\/span><\/p>\n<p class=\"western\" style=\"padding-left: 40px;\">EN AW-6060 wg PN-EN 573-3 stan T6 wg PN-EN 515<br \/>\nAl Mg Si 0,5 F22 wg norm DIN 1725 T1, DIN 17615 T1.<\/p>\n<p><\/li><li><span style=\"color: #000000;\"><strong><span style=\"font-size: 18px;\">IZOLACYJNO\u015a\u0106 TERMICZNA<br \/>\n<\/span><\/strong><\/span><\/p>\n<p class=\"western\" style=\"padding-left: 40px;\">Ramowy wsp\u00f3\u0142czynnik przenikania ciep\u0142a U<sub><span style=\"font-size: small;\">0<\/span><\/sub> od 1,3 W\/m<sup><span style=\"font-size: small;\">2<\/span><\/sup>K.<\/p>\n<p><\/li><li><span style=\"color: #000000;\"><strong><span style=\"font-size: 18px;\">WYPE\u0141NIENIA<\/span><\/strong><\/span><\/p>\n<p class=\"western\" style=\"padding-left: 40px;\">Szyby pojedyncze, zespolone panele nieprzezierne o grubo\u015bci: 26, 28 mm.<br \/>\nMo\u017cliwo\u015b\u0107 stosowania zespole\u0144 3-szybowych (do grubo\u015bci szklenia 60 mm).<\/p>\n<p><\/li><li><span style=\"color: #000000;\"><strong><span style=\"font-size: 18px;\">SPOSOBY WYKO\u0143CZENIA POWIERZCHNI<\/span><\/strong><\/span><\/p>\n<p class=\"western\" style=\"padding-left: 40px;\">Malowanie proszkowe farbami poliestrowymi spe\u0142niaj\u0105ce wymogi Qualicoat, do wyboru kolory z palety RAL; anodowanie w kolorach: naturalne aluminium, oliwka, szampa\u0144ski, z\u0142oty, &#8222;stare z\u0142oto&#8221;, br\u0105zowy &#8211; spe\u0142niaj\u0105ce wymogi Qualanod; lakierowanie na \u201ekolor\u201d drewna.<\/p>\n<p><\/li><li><span style=\"color: #000000;\"><strong><span style=\"font-size: 18px;\">USZCZELKI<\/span><\/strong><\/span><\/p>\n<p class=\"western\" style=\"padding-left: 40px;\">Z kauczuku syntetycznego EPDM wg normy 7863 i normy wykonawczej wg ISO 3302-01, E2.<\/p>\n<p><\/li><li><span style=\"font-size: 18px; color: #000000;\"><strong>OKUCIA<\/strong><\/span><\/p>\n<p class=\"western\" style=\"padding-left: 40px;\">Tylko renomowanych firm: Fapim, Savio, Geze, Security Style, Roto, Dorma, Esco, itp.<\/p>\n<p><\/li><li><span style=\"color: #000000;\"><strong><span style=\"font-size: 18px;\">DOPUSZCZENIA I \u015aWIADECTWA JAKO\u015aCI<br \/>\n<\/span><\/strong><\/span><\/p>\n<p class=\"western\" style=\"padding-left: 40px;\">Wst\u0119pne badania typu wg PN-EN 13830.<\/p>\n<p><\/li><\/ul><\/div><\/div><\/div><div class=\"wpb_column vc_column_container vc_col-md-6\"><div class=\"vc_column-inner\"><div class=\"wpb_wrapper\">\n\t<div  class=\"wpb_single_image wpb_content_element vc_align_center wpb_content_element\">\n\t\t\n\t\t<figure class=\"wpb_wrapper vc_figure\">\n\t\t\t<div class=\"vc_single_image-wrapper   vc_box_border_grey\"><img loading=\"lazy\" decoding=\"async\" data-vc-zoom=\"https:\/\/zenaluminium.pl\/wp-content\/uploads\/2020\/03\/pf152esg_big.jpg\" width=\"800\" height=\"800\" src=\"https:\/\/zenaluminium.pl\/wp-content\/uploads\/2020\/03\/pf152esg_big.jpg\" class=\"vc_single_image-img attachment-full\" alt=\"\" title=\"pf152esg_big\" srcset=\"https:\/\/zenaluminium.pl\/wp-content\/uploads\/2020\/03\/pf152esg_big.jpg 800w, https:\/\/zenaluminium.pl\/wp-content\/uploads\/2020\/03\/pf152esg_big-300x300.jpg 300w, https:\/\/zenaluminium.pl\/wp-content\/uploads\/2020\/03\/pf152esg_big-150x150.jpg 150w, https:\/\/zenaluminium.pl\/wp-content\/uploads\/2020\/03\/pf152esg_big-768x768.jpg 768w\" sizes=\"auto, (max-width: 800px) 100vw, 800px\" \/><\/div>\n\t\t<\/figure>\n\t<\/div>\n\n\t<div  class=\"wpb_single_image wpb_content_element vc_align_center wpb_content_element\">\n\t\t<h2 class=\"wpb_heading wpb_singleimage_heading\">Rysunek techniczny<\/h2>\n\t\t<figure class=\"wpb_wrapper vc_figure\">\n\t\t\t<a class=\"\" data-lightbox=\"lightbox[rel-5609-2957947815]\" href=\"https:\/\/zenaluminium.pl\/wp-content\/uploads\/2020\/03\/pf152esg_przek_big.jpg\" target=\"_self\" class=\"vc_single_image-wrapper   vc_box_border_grey\"><img loading=\"lazy\" decoding=\"async\" width=\"150\" height=\"150\" src=\"https:\/\/zenaluminium.pl\/wp-content\/uploads\/2020\/03\/pf152esg_przek_big-150x150.jpg\" class=\"vc_single_image-img attachment-thumbnail\" alt=\"\" title=\"pf152esg_przek_big\" \/><\/a>\n\t\t<\/figure>\n\t<\/div>\n<\/div><\/div><\/div><\/div><div class=\"vc_row wpb_row vc_row-fluid\"><div class=\"wpb_column vc_column_container vc_col-md-12\"><div class=\"vc_column-inner\"><div class=\"wpb_wrapper\">\n\t<div class=\"wpb_text_column wpb_content_element\" >\n\t\t<div class=\"wpb_wrapper\">\n\t\t\t<h2><strong>Fasady szklane wentylowane<\/strong><\/h2>\n<p>s\u0105 bardzo cz\u0119sto stosowane w wielu dziedzinach i miejscach. Pomimo, \u017ce system wygl\u0105da bardzo nowocze\u015bnie, jest on rozwijany od kilkunastu lat. Dzi\u0119ki temu stosowane rozwi\u0105zania fasad s\u0105 dojrza\u0142e i niezawodne. Cechami charakterystycznymi jest elegancki wygl\u0105d, bezramkowe lub bardzo w\u0105skie \u0142\u0105czenie szk\u0142a i du\u017ca powierzchnia dla maksymalnej widoczno\u015bci.<\/p>\n<p>Zmienne s\u0142upy fasadowo ryglowe no\u015bne jednowarstwowe, bezpieczne kilkukomorowe hartowane szk\u0142o (ESG) w r\u00f3\u017cnorodnych formach i kolorach a tak\u017ce ma\u0142e wymiary fug daj\u0105 mo\u017cliwo\u015b\u0107 tworzenia konstrukcji, kt\u00f3re by\u0142yby niewykonalne z innych system\u00f3w. System sk\u0142ada si\u0119 z unikalnej konstrukcji aluminiowej, szk\u0142a hartowanego w dowolnych kszta\u0142tach i kolorach, kt\u00f3re mo\u017ce by\u0107 r\u00f3wnie\u017c przezroczyste, emaliowane, z pow\u0142ok\u0105 antys\u0142oneczn\u0105 czy weneckie w dowolnym kolorze RAL a tak\u017ce izolacji cieplnej. Najwy\u017cszej jako\u015bci materia\u0142y stosowane w systemie zapewniaj\u0105 bardziej ni\u017c kiedykolwiek niemal wieczn\u0105 trwa\u0142o\u015b\u0107 a tak\u017ce spe\u0142niaj\u0105 najwy\u017csze wymagania architekt\u00f3w i projektant\u00f3w. Niew\u0105tpliwie fasady szklane s\u0105 obecnie najmodniejszym i najbardziej nowoczesnym rozwi\u0105zaniem dla budynk\u00f3w.<strong> Szklane Fasady strukturalne wentylowane<\/strong>\u00a0s\u0105 nowoczesnym i bardzo efektownym elementem ka\u017cdego budynku w kt\u00f3rym s\u0105 stosowane. Mog\u0105 by\u0107 stosowane zar\u00f3wno na nowych jak i ju\u017c istniej\u0105cych budynkach. Daj\u0105 mo\u017cliwo\u015b\u0107 rozbudowania, dobudowy czy zmiany ca\u0142ej struktury budynku. Bardzo popularne jest zast\u0119powanie fasad\u0105 jednej cz\u0119\u015bci \u015bciany lub ca\u0142ej powierzchni frontowej obiektu. Dzi\u0119ki temu mo\u017cna uzyska\u0107 niepowtarzalny efekt oraz bardzo du\u017ca widoczno\u015b\u0107 z wewn\u0105trz. Mnogo\u015b\u0107 rozwi\u0105za\u0144 ogranicza w zasadzie tylko wyobra\u017ania projektanta. Fasady strukturalne oraz typu ESG o podwy\u017cszonym stopniu bezpiecze\u0144stwa s\u0105 stosowane r\u00f3wnie\u017c w du\u017cych obiektach u\u017cyteczno\u015bci publicznej typu dworce, lotniska, uczelnie, hotele itp.<\/p>\n<h2>Estetyka i wytrzyma\u0142o\u015b\u0107<\/h2>\n<p>Szklana<strong> fasada strukturalna<\/strong>\u00a0budynku zawsze prezentuje si\u0119 dobrze, bez wzgl\u0119du na por\u0119 roku. Dzi\u0119ki temu\u00a0<strong>elewacje wentylowane\u00a0<\/strong>s\u0105 stosowane coraz powszechniej zar\u00f3wno w budownictwie mieszkaniowym jak r\u00f3wnie\u017c komercjalnym. Pi\u0119kna szklana fasada to gwarancja pozytywnego odbioru budynk\u00f3w przez jego go\u015bci \u2013 konstrukcja b\u0119dzie zawsze cieszy\u0107 oko. Fasada, pomimo swojego doskona\u0142ego wygl\u0105du spe\u0142nia tak\u017ce wszystkie normy a stosuj\u0105c odpowiednie rozwi\u0105zania mo\u017cna uzyska\u0107 dobre wsp\u00f3\u0142czynniki termiki. Dzi\u0119ki temu budynek b\u0119dzie energooszcz\u0119dny.\u00a0Wa\u017cn\u0105 cech\u0105 nowoczesnych elewacji szklanych s\u0105 optymalne koszty monta\u017cu uzyskane dzi\u0119ki sprawnemu monta\u017cowi, a tak\u017ce innowacyjnym materia\u0142om konstrukcyjnym. Dzi\u0119ki temu ko\u0144cowy koszt jest atrakcyjny dla klienta.<\/p>\n<h2>Dlaczego postawi\u0107 na elewacje\u00a0szklane?<\/h2>\n<p>Mo\u017cna wymieni\u0107 bardzo du\u017co zalet szklanych elewacji. Przede wszystkim pami\u0119ta\u0107 trzeba o tym, \u017ce dobrze zaprojektowana konstrukcja zapewnia wysoki komfort monta\u017cu. Stawiaj\u0105c na przyk\u0142ad na szklane fasady wentylowane, mo\u017cna w prosty spos\u00f3b stworzy\u0107 przemy\u015blan\u0105, wydajn\u0105 oraz bezpieczn\u0105 konstrukcj\u0119, kt\u00f3ra odznacza si\u0119:<\/p>\n<ul>\n<li>\u0142atwo\u015bci\u0105 instalacji \u2013 wykorzystujemy d\u017awig lub rusztowanie. Przechodzenie na kolejne poziomy odbywa si\u0119 \u0142atwo i bezpiecznie, poniewa\u017c fasada jest ju\u017c na sta\u0142e przymocowana do istniej\u0105cej struktury.<\/li>\n<li>precyzj\u0105 monta\u017cu \u2013 fasada strukturalna jak nazwa wskazuje tworzy struktur\u0119. Opracowany system monta\u017cu pozwala sk\u0142ada\u0107 kolejne elementy niczym du\u017ce puzzle idealnie do siebie pasuj\u0105ce.<\/li>\n<li>bezpiecze\u0144stwem u\u017cytkowania \u2013 z uwagi na doskona\u0142e w\u0142asno\u015bci szk\u0142a profilowego, ryzyko p\u0119kni\u0119cia i uszkodzenia jest znikome. Dzi\u0119ki nowoczesnemu systemowi fasady strukturalnej, \u0142atwo mo\u017cna wymieni\u0107 jedn\u0105 cz\u0119\u015b\u0107 fasady lub fragment szklenia.<\/li>\n<\/ul>\n<p>&nbsp;<\/p>\n<h2>Fasada aluminiowa cena \u2013 czyli ile to kosztuje?<\/h2>\n<p>Jak to cz\u0119sto bywa, cena uzale\u017cniona jest od wielu czynnik\u00f3w. G\u0142\u00f3wnym kosztem jest wyb\u00f3r szklenia oraz sposobu zamontowania fasady do budynku. W przypadku du\u017cych projekt\u00f3w koszt za metr kwadratowy znacz\u0105co spada. W przypadku dom\u00f3w jednorodzinnych koszt mo\u017ce si\u0119 waha\u0107 od 1100 z\u0142\/m2. Nasi projektanci potrafi\u0105 jednak dobra\u0107 takie rozwi\u0105zania aby zoptymalizowa\u0107 koszt oraz dopasowa\u0107 projekt do wymaga\u0144 cenowych klienta.<\/p>\n\n\t\t<\/div>\n\t<\/div>\n<\/div><\/div><\/div><\/div>\n<\/div>","protected":false},"excerpt":{"rendered":"HLIN\u00cdKOV\u00c1 FAS\u00c1DA - PONZIO PF152 ESG Bezr\u00e1mov\u00e1 z\u00e1v\u011bsov\u00e1 st\u011bna, tzv. struktur\u00e1ln\u00ed, se syst\u00e9mem struktur\u00e1ln\u00edho lepen\u00ed. Syst\u00e9m je ur\u010den pro zhotoven\u00ed lehk\u00fdch z\u00e1v\u011bsov\u00fdch st\u011bn a dal\u0161\u00edch prostorov\u00fdch konstrukc\u00ed. Jako nosn\u00fd prvek vyu\u017e\u00edv\u00e1 sloupkovou a p\u0159\u00ed\u010dkovou konstrukci syst\u00e9mu Ponzio PF152 a jeho ...","protected":false},"author":1,"featured_media":0,"parent":5272,"menu_order":0,"comment_status":"closed","ping_status":"closed","template":"","meta":{"footnotes":""},"class_list":["post-5609","page","type-page","status-publish","hentry"],"yoast_head":"<!-- This site is optimized with the Yoast SEO plugin v27.2 - https:\/\/yoast.com\/product\/yoast-seo-wordpress\/ -->\n<title>FASADA STRUKTURALNA PONZIO PF152 ESG - Zen Aluminium - polski producent okien i drzwi z aluminium<\/title>\n<meta name=\"robots\" content=\"index, follow, max-snippet:-1, max-image-preview:large, max-video-preview:-1\" \/>\n<link rel=\"canonical\" href=\"https:\/\/zenaluminium.pl\/cs\/sluzby\/hlinikove-fasady\/facade-pf152-esg\/\" \/>\n<meta property=\"og:locale\" content=\"cs_CZ\" \/>\n<meta property=\"og:type\" content=\"article\" \/>\n<meta property=\"og:title\" content=\"FASADA STRUKTURALNA PONZIO PF152 ESG - Zen Aluminium - polski producent okien i drzwi z aluminium\" \/>\n<meta property=\"og:url\" content=\"https:\/\/zenaluminium.pl\/cs\/sluzby\/hlinikove-fasady\/facade-pf152-esg\/\" \/>\n<meta property=\"og:site_name\" content=\"Zen Aluminium - polski producent okien i drzwi z aluminium\" \/>\n<meta property=\"article:publisher\" content=\"http:\/\/fb.com\/zenaluminum\" \/>\n<meta property=\"article:modified_time\" content=\"2023-04-12T11:36:22+00:00\" \/>\n<meta name=\"twitter:card\" content=\"summary_large_image\" \/>\n<meta name=\"twitter:label1\" content=\"Odhadovan\u00e1 doba \u010dten\u00ed\" \/>\n\t<meta name=\"twitter:data1\" content=\"4 minuty\" \/>\n<script type=\"application\/ld+json\" class=\"yoast-schema-graph\">{\"@context\":\"https:\/\/schema.org\",\"@graph\":[{\"@type\":\"WebPage\",\"@id\":\"https:\/\/zenaluminium.pl\/uslugi\/fasady-aluminiowe\/fasada-pf152-esg\/\",\"url\":\"https:\/\/zenaluminium.pl\/uslugi\/fasady-aluminiowe\/fasada-pf152-esg\/\",\"name\":\"FASADA STRUKTURALNA PONZIO PF152 ESG - Zen Aluminium - polski producent okien i drzwi z aluminium\",\"isPartOf\":{\"@id\":\"https:\/\/zenaluminium.pl\/#website\"},\"datePublished\":\"2020-03-13T11:33:11+00:00\",\"dateModified\":\"2023-04-12T11:36:22+00:00\",\"breadcrumb\":{\"@id\":\"https:\/\/zenaluminium.pl\/uslugi\/fasady-aluminiowe\/fasada-pf152-esg\/#breadcrumb\"},\"inLanguage\":\"cs\",\"potentialAction\":[{\"@type\":\"ReadAction\",\"target\":[\"https:\/\/zenaluminium.pl\/uslugi\/fasady-aluminiowe\/fasada-pf152-esg\/\"]}]},{\"@type\":\"BreadcrumbList\",\"@id\":\"https:\/\/zenaluminium.pl\/uslugi\/fasady-aluminiowe\/fasada-pf152-esg\/#breadcrumb\",\"itemListElement\":[{\"@type\":\"ListItem\",\"position\":1,\"name\":\"Home\",\"item\":\"https:\/\/zenaluminium.pl\/\"},{\"@type\":\"ListItem\",\"position\":2,\"name\":\"Stolarka aluminiowa\",\"item\":\"https:\/\/zenaluminium.pl\/uslugi\/\"},{\"@type\":\"ListItem\",\"position\":3,\"name\":\"FASADY ALUMINIOWE\",\"item\":\"https:\/\/zenaluminium.pl\/uslugi\/fasady-aluminiowe\/\"},{\"@type\":\"ListItem\",\"position\":4,\"name\":\"FASADA STRUKTURALNA PONZIO PF152 ESG\"}]},{\"@type\":\"WebSite\",\"@id\":\"https:\/\/zenaluminium.pl\/#website\",\"url\":\"https:\/\/zenaluminium.pl\/\",\"name\":\"Zen Aluminium - polski producent okien i drzwi z aluminium\",\"description\":\"Stolarka okienna, fasady, ogrody zimowe, rozwi\u0105zania klasy premium\",\"potentialAction\":[{\"@type\":\"SearchAction\",\"target\":{\"@type\":\"EntryPoint\",\"urlTemplate\":\"https:\/\/zenaluminium.pl\/?s={search_term_string}\"},\"query-input\":{\"@type\":\"PropertyValueSpecification\",\"valueRequired\":true,\"valueName\":\"search_term_string\"}}],\"inLanguage\":\"cs\"}]}<\/script>\n<!-- \/ Yoast SEO plugin. -->","yoast_head_json":{"title":"STRUCTURAL FACADE PONZIO PF152 ESG - Zen Aluminium - Polsk\u00fd v\u00fdrobce hlin\u00edkov\u00fdch oken a dve\u0159\u00ed","robots":{"index":"index","follow":"follow","max-snippet":"max-snippet:-1","max-image-preview":"max-image-preview:large","max-video-preview":"max-video-preview:-1"},"canonical":"https:\/\/zenaluminium.pl\/cs\/sluzby\/hlinikove-fasady\/facade-pf152-esg\/","og_locale":"cs_CZ","og_type":"article","og_title":"FASADA STRUKTURALNA PONZIO PF152 ESG - Zen Aluminium - polski producent okien i drzwi z aluminium","og_url":"https:\/\/zenaluminium.pl\/cs\/sluzby\/hlinikove-fasady\/facade-pf152-esg\/","og_site_name":"Zen Aluminium - polski producent okien i drzwi z aluminium","article_publisher":"http:\/\/fb.com\/zenaluminum","article_modified_time":"2023-04-12T11:36:22+00:00","twitter_card":"summary_large_image","twitter_misc":{"Odhadovan\u00e1 doba \u010dten\u00ed":"4 minuty"},"schema":{"@context":"https:\/\/schema.org","@graph":[{"@type":"WebPage","@id":"https:\/\/zenaluminium.pl\/uslugi\/fasady-aluminiowe\/fasada-pf152-esg\/","url":"https:\/\/zenaluminium.pl\/uslugi\/fasady-aluminiowe\/fasada-pf152-esg\/","name":"STRUCTURAL FACADE PONZIO PF152 ESG - Zen Aluminium - Polsk\u00fd v\u00fdrobce hlin\u00edkov\u00fdch oken a dve\u0159\u00ed","isPartOf":{"@id":"https:\/\/zenaluminium.pl\/#website"},"datePublished":"2020-03-13T11:33:11+00:00","dateModified":"2023-04-12T11:36:22+00:00","breadcrumb":{"@id":"https:\/\/zenaluminium.pl\/uslugi\/fasady-aluminiowe\/fasada-pf152-esg\/#breadcrumb"},"inLanguage":"cs","potentialAction":[{"@type":"ReadAction","target":["https:\/\/zenaluminium.pl\/uslugi\/fasady-aluminiowe\/fasada-pf152-esg\/"]}]},{"@type":"BreadcrumbList","@id":"https:\/\/zenaluminium.pl\/uslugi\/fasady-aluminiowe\/fasada-pf152-esg\/#breadcrumb","itemListElement":[{"@type":"ListItem","position":1,"name":"Home","item":"https:\/\/zenaluminium.pl\/"},{"@type":"ListItem","position":2,"name":"Stolarka aluminiowa","item":"https:\/\/zenaluminium.pl\/uslugi\/"},{"@type":"ListItem","position":3,"name":"FASADY ALUMINIOWE","item":"https:\/\/zenaluminium.pl\/uslugi\/fasady-aluminiowe\/"},{"@type":"ListItem","position":4,"name":"FASADA STRUKTURALNA PONZIO PF152 ESG"}]},{"@type":"WebSite","@id":"https:\/\/zenaluminium.pl\/#website","url":"https:\/\/zenaluminium.pl\/","name":"Zen Aluminium - polsk\u00fd v\u00fdrobce hlin\u00edkov\u00fdch oken a dve\u0159\u00ed","description":"Okenn\u00ed truhl\u00e1\u0159stv\u00ed, fas\u00e1dy, zimn\u00ed zahrady, pr\u00e9miov\u00e1 \u0159e\u0161en\u00ed","potentialAction":[{"@type":"SearchAction","target":{"@type":"EntryPoint","urlTemplate":"https:\/\/zenaluminium.pl\/?s={search_term_string}"},"query-input":{"@type":"PropertyValueSpecification","valueRequired":true,"valueName":"search_term_string"}}],"inLanguage":"cs"}]}},"_links":{"self":[{"href":"https:\/\/zenaluminium.pl\/cs\/wp-json\/wp\/v2\/pages\/5609","targetHints":{"allow":["GET"]}}],"collection":[{"href":"https:\/\/zenaluminium.pl\/cs\/wp-json\/wp\/v2\/pages"}],"about":[{"href":"https:\/\/zenaluminium.pl\/cs\/wp-json\/wp\/v2\/types\/page"}],"author":[{"embeddable":true,"href":"https:\/\/zenaluminium.pl\/cs\/wp-json\/wp\/v2\/users\/1"}],"replies":[{"embeddable":true,"href":"https:\/\/zenaluminium.pl\/cs\/wp-json\/wp\/v2\/comments?post=5609"}],"version-history":[{"count":2,"href":"https:\/\/zenaluminium.pl\/cs\/wp-json\/wp\/v2\/pages\/5609\/revisions"}],"predecessor-version":[{"id":13270,"href":"https:\/\/zenaluminium.pl\/cs\/wp-json\/wp\/v2\/pages\/5609\/revisions\/13270"}],"up":[{"embeddable":true,"href":"https:\/\/zenaluminium.pl\/cs\/wp-json\/wp\/v2\/pages\/5272"}],"wp:attachment":[{"href":"https:\/\/zenaluminium.pl\/cs\/wp-json\/wp\/v2\/media?parent=5609"}],"curies":[{"name":"wp","href":"https:\/\/api.w.org\/{rel}","templated":true}]}}