{"id":13000,"date":"2022-12-19T12:55:01","date_gmt":"2022-12-19T12:55:01","guid":{"rendered":"https:\/\/zenaluminium.com\/?page_id=13000"},"modified":"2023-04-19T10:33:40","modified_gmt":"2023-04-19T09:33:40","slug":"tischlerei-pvc-pcv","status":"publish","type":"page","link":"https:\/\/zenaluminium.pl\/de\/stolarka-pvc-pcv\/","title":{"rendered":"PVC \/ PVC TISCHLEREI"},"content":{"rendered":"<div class=\"wpb-content-wrapper\"><div class=\"vc_row wpb_row vc_row-fluid\"><div class=\"wpb_column vc_column_container vc_col-md-12\"><div class=\"vc_column-inner\"><div class=\"wpb_wrapper\">\n\t<div class=\"wpb_text_column wpb_content_element vc_custom_1671455415509\" >\n\t\t<div class=\"wpb_wrapper\">\n\t\t\t<h1>Najwy\u017cszej jako\u015bci systemy profili okiennych i drzwiowych PVC<\/h1>\n\n\t\t<\/div>\n\t<\/div>\n<div class=\"vc_row wpb_row vc_inner vc_row-fluid vc_custom_1671455357043 vc_row-o-content-middle vc_row-flex\"><div class=\"wpb_column vc_column_container vc_col-md-6\"><div class=\"vc_column-inner\"><div class=\"wpb_wrapper\">\n\t<div  class=\"wpb_single_image wpb_content_element vc_align_left wpb_content_element\">\n\t\t\n\t\t<figure class=\"wpb_wrapper vc_figure\">\n\t\t\t<div class=\"vc_single_image-wrapper   vc_box_border_grey\"><img loading=\"lazy\" decoding=\"async\" width=\"642\" height=\"442\" src=\"https:\/\/zenaluminium.pl\/wp-content\/uploads\/2022\/12\/decco_profil-1.jpg\" class=\"vc_single_image-img attachment-full\" alt=\"\" title=\"decco_profil-1\" srcset=\"https:\/\/zenaluminium.pl\/wp-content\/uploads\/2022\/12\/decco_profil-1.jpg 642w, https:\/\/zenaluminium.pl\/wp-content\/uploads\/2022\/12\/decco_profil-1-300x207.jpg 300w\" sizes=\"auto, (max-width: 642px) 100vw, 642px\" \/><\/div>\n\t\t<\/figure>\n\t<\/div>\n<\/div><\/div><\/div><div class=\"wpb_column vc_column_container vc_col-md-6\"><div class=\"vc_column-inner\"><div class=\"wpb_wrapper\">\n\t<div class=\"wpb_text_column wpb_content_element\" >\n\t\t<div class=\"wpb_wrapper\">\n\t\t\t<h4 style=\"text-align: center;\">Zen Aluminium oferuje najwy\u017cszej jako\u015bci systemy profili okiennych i drzwiowych PVC. Nasze profile ciesz\u0105 si\u0119 uznaniem zar\u00f3wno producent\u00f3w stolarki jak i bezpo\u015brednich u\u017cytkownik\u00f3w okien i drzwi. Cechuje nas bardzo dobra jako\u015b\u0107 &#8211; profile nawet 7 komorowe z 3 uszczelkami i wyr\u00f3\u017cnia stosunek jako\u015bci do ceny.<\/h4>\n\n\t\t<\/div>\n\t<\/div>\n<div class=\"vc_separator wpb_content_element vc_separator_align_center vc_sep_width_100 vc_sep_pos_align_center vc_separator_no_text vc_sep_color_grey wpb_content_element  wpb_content_element\" ><span class=\"vc_sep_holder vc_sep_holder_l\"><span class=\"vc_sep_line\"><\/span><\/span><span class=\"vc_sep_holder vc_sep_holder_r\"><span class=\"vc_sep_line\"><\/span><\/span>\n<\/div>\n\t<div class=\"wpb_text_column wpb_content_element\" >\n\t\t<div class=\"wpb_wrapper\">\n\t\t\t<p style=\"text-align: center;\"><span style=\"font-size: 24px; color: #000000;\">Doskona\u0142e opinie w testach<span class=\"emoji\"><\/span>:<\/span><\/p>\n<p style=\"text-align: center;\"><span style=\"font-size: 24px; color: #000000;\">\u2b50\u2b50\u2b50\u2b50\u2b50 \/ 5 w\u015br\u00f3d naszych konsument\u00f3w<\/span><\/p>\n\n\t\t<\/div>\n\t<\/div>\n<\/div><\/div><\/div><\/div><\/div><\/div><\/div><\/div><div class=\"vc_row wpb_row vc_row-fluid vc_row-o-equal-height vc_row-o-content-middle vc_row-flex\"><div class=\"wpb_column vc_column_container vc_col-md-1\/5\"><div class=\"vc_column-inner\"><div class=\"wpb_wrapper\">\n\t<div  class=\"wpb_single_image wpb_content_element vc_align_center wpb_content_element\">\n\t\t\n\t\t<figure class=\"wpb_wrapper vc_figure\">\n\t\t\t<div class=\"vc_single_image-wrapper   vc_box_border_grey\"><img loading=\"lazy\" decoding=\"async\" width=\"218\" height=\"96\" src=\"https:\/\/zenaluminium.pl\/wp-content\/uploads\/2022\/12\/about_us_logo.png\" class=\"vc_single_image-img attachment-full\" alt=\"\" title=\"about_us_logo\" \/><\/div>\n\t\t<\/figure>\n\t<\/div>\n<\/div><\/div><\/div><div class=\"wpb_column vc_column_container vc_col-md-1\/5\"><div class=\"vc_column-inner\"><div class=\"wpb_wrapper\">\n\t<div  class=\"wpb_single_image wpb_content_element vc_align_center wpb_content_element\">\n\t\t\n\t\t<figure class=\"wpb_wrapper vc_figure\">\n\t\t\t<div class=\"vc_single_image-wrapper   vc_box_border_grey\"><img loading=\"lazy\" decoding=\"async\" width=\"218\" height=\"96\" src=\"https:\/\/zenaluminium.pl\/wp-content\/uploads\/2022\/12\/REHAU_Logo_sRGB_01.svg_.png\" class=\"vc_single_image-img attachment-full\" alt=\"\" title=\"REHAU_Logo_sRGB_01.svg\" \/><\/div>\n\t\t<\/figure>\n\t<\/div>\n<\/div><\/div><\/div><div class=\"wpb_column vc_column_container vc_col-md-1\/5\"><div class=\"vc_column-inner\"><div class=\"wpb_wrapper\">\n\t<div  class=\"wpb_single_image wpb_content_element vc_align_center wpb_content_element\">\n\t\t\n\t\t<figure class=\"wpb_wrapper vc_figure\">\n\t\t\t<div class=\"vc_single_image-wrapper   vc_box_border_grey\"><img loading=\"lazy\" decoding=\"async\" width=\"218\" height=\"96\" src=\"https:\/\/zenaluminium.pl\/wp-content\/uploads\/2022\/12\/Salamander-logo.png\" class=\"vc_single_image-img attachment-full\" alt=\"\" title=\"Salamander-logo\" \/><\/div>\n\t\t<\/figure>\n\t<\/div>\n<\/div><\/div><\/div><div class=\"wpb_column vc_column_container vc_col-md-1\/5\"><div class=\"vc_column-inner\"><div class=\"wpb_wrapper\">\n\t<div  class=\"wpb_single_image wpb_content_element vc_align_center wpb_content_element\">\n\t\t\n\t\t<figure class=\"wpb_wrapper vc_figure\">\n\t\t\t<div class=\"vc_single_image-wrapper   vc_box_border_grey\"><img loading=\"lazy\" decoding=\"async\" width=\"218\" height=\"96\" src=\"https:\/\/zenaluminium.pl\/wp-content\/uploads\/2022\/12\/veka-logo-110.png\" class=\"vc_single_image-img attachment-full\" alt=\"\" title=\"veka-logo-110\" \/><\/div>\n\t\t<\/figure>\n\t<\/div>\n<\/div><\/div><\/div><div class=\"wpb_column vc_column_container vc_col-md-1\/5\"><div class=\"vc_column-inner\"><div class=\"wpb_wrapper\">\n\t<div  class=\"wpb_single_image wpb_content_element vc_align_center wpb_content_element\">\n\t\t\n\t\t<figure class=\"wpb_wrapper vc_figure\">\n\t\t\t<div class=\"vc_single_image-wrapper   vc_box_border_grey\"><img loading=\"lazy\" decoding=\"async\" width=\"218\" height=\"96\" src=\"https:\/\/zenaluminium.pl\/wp-content\/uploads\/2022\/12\/about_us_logo_aluplast.png\" class=\"vc_single_image-img attachment-full\" alt=\"\" title=\"about_us_logo_aluplast\" \/><\/div>\n\t\t<\/figure>\n\t<\/div>\n<\/div><\/div><\/div><\/div><div data-vc-full-width=\"true\" data-vc-full-width-temp=\"true\" data-vc-full-width-init=\"false\" data-vc-stretch-content=\"true\" class=\"vc_row wpb_row vc_row-fluid vc_custom_1671618578526 vc_row-has-fill vc_row-o-content-middle vc_row-flex\"><div class=\"wpb_column vc_column_container vc_col-md-6\"><div class=\"vc_column-inner\"><div class=\"wpb_wrapper\">\n\t<div  class=\"wpb_single_image wpb_content_element vc_align_center wpb_content_element vc_custom_1671627300817\">\n\t\t\n\t\t<figure class=\"wpb_wrapper vc_figure\">\n\t\t\t<div class=\"vc_single_image-wrapper   vc_box_border_grey\"><img loading=\"lazy\" decoding=\"async\" width=\"766\" height=\"351\" src=\"https:\/\/zenaluminium.pl\/wp-content\/uploads\/2022\/12\/baner_rendery_josephssons.png\" class=\"vc_single_image-img attachment-full\" alt=\"\" title=\"baner_rendery_josephssons\" srcset=\"https:\/\/zenaluminium.pl\/wp-content\/uploads\/2022\/12\/baner_rendery_josephssons.png 766w, https:\/\/zenaluminium.pl\/wp-content\/uploads\/2022\/12\/baner_rendery_josephssons-300x137.png 300w\" sizes=\"auto, (max-width: 766px) 100vw, 766px\" \/><\/div>\n\t\t<\/figure>\n\t<\/div>\n<\/div><\/div><\/div><div class=\"wpb_column vc_column_container vc_col-md-6 vc_col-has-fill\"><div class=\"vc_column-inner vc_custom_1671626944036\"><div class=\"wpb_wrapper\">\n\t<div class=\"wpb_text_column wpb_content_element\" >\n\t\t<div class=\"wpb_wrapper\">\n\t\t\t<h3>Wype\u0142nij kr\u00f3tki formularz i uzyskaj bezp\u0142atn\u0105 wycen\u0119<\/h3>\n<p>[forminator_form id=&#8221;13061&#8243;]<\/p>\n\n\t\t<\/div>\n\t<\/div>\n<\/div><\/div><\/div><\/div><div class=\"vc_row-full-width vc_clearfix\"><\/div><div data-vc-full-width=\"true\" data-vc-full-width-temp=\"true\" data-vc-full-width-init=\"false\" data-vc-stretch-content=\"true\" class=\"vc_row wpb_row vc_row-fluid vc_custom_1671619238008 vc_row-has-fill vc_row-no-padding\"><div class=\"wpb_column vc_column_container vc_col-md-12\"><div class=\"vc_column-inner\"><div class=\"wpb_wrapper\">\n\t<div  class=\"wpb_single_image wpb_content_element vc_align_center wpb_content_element\">\n\t\t\n\t\t<figure class=\"wpb_wrapper vc_figure\">\n\t\t\t<div class=\"vc_single_image-wrapper   vc_box_border_grey\"><img loading=\"lazy\" decoding=\"async\" width=\"2560\" height=\"1709\" src=\"https:\/\/zenaluminium.pl\/wp-content\/uploads\/2023\/04\/stolarka-pcv-w-salonie.jpg\" class=\"vc_single_image-img attachment-full\" alt=\"\" title=\"stolarka-pcv-w-salonie\" srcset=\"https:\/\/zenaluminium.pl\/wp-content\/uploads\/2023\/04\/stolarka-pcv-w-salonie.jpg 2560w, https:\/\/zenaluminium.pl\/wp-content\/uploads\/2023\/04\/stolarka-pcv-w-salonie-600x401.jpg 600w, https:\/\/zenaluminium.pl\/wp-content\/uploads\/2023\/04\/stolarka-pcv-w-salonie-300x200.jpg 300w, https:\/\/zenaluminium.pl\/wp-content\/uploads\/2023\/04\/stolarka-pcv-w-salonie-1024x684.jpg 1024w, https:\/\/zenaluminium.pl\/wp-content\/uploads\/2023\/04\/stolarka-pcv-w-salonie-768x513.jpg 768w, https:\/\/zenaluminium.pl\/wp-content\/uploads\/2023\/04\/stolarka-pcv-w-salonie-1536x1025.jpg 1536w, https:\/\/zenaluminium.pl\/wp-content\/uploads\/2023\/04\/stolarka-pcv-w-salonie-2048x1367.jpg 2048w\" sizes=\"auto, (max-width: 2560px) 100vw, 2560px\" \/><\/div>\n\t\t<\/figure>\n\t<\/div>\n<\/div><\/div><\/div><\/div><div class=\"vc_row-full-width vc_clearfix\"><\/div><div class=\"vc_row wpb_row vc_row-fluid\"><div class=\"wpb_column vc_column_container vc_col-md-12\"><div class=\"vc_column-inner\"><div class=\"wpb_wrapper\">\n\t<div class=\"wpb_text_column wpb_content_element\" >\n\t\t<div class=\"wpb_wrapper\">\n\t\t\t<h3><span style=\"color: #000000;\"><strong>Dlaczego okna PCV \/ PVC?<\/strong><\/span><\/h3>\n<p><span style=\"color: #000000;\">Okna PVC to jedno z najpopularniejszych rozwi\u0105za\u0144 stosowanych w budownictwie mieszkaniowym i u\u017cyteczno\u015bci publicznej. S\u0105 one wykonane z tworzywa sztucznego o nazwie polichlorek winylu (PVC), kt\u00f3re jest trwa\u0142e, odporne na dzia\u0142anie warunk\u00f3w atmosferycznych oraz \u0142atwe w utrzymaniu czysto\u015bci.<\/span><\/p>\n<h5><span style=\"color: #000000;\"><strong>Zalety:<\/strong><\/span><\/h5>\n<p><span style=\"color: #000000;\">Okna PVC charakteryzuj\u0105 si\u0119 dobr\u0105 izolacj\u0105 termiczn\u0105, co pozwala na ograniczenie strat ciep\u0142a w budynku i zmniejszenie rachunk\u00f3w za ogrzewanie. S\u0105 tak\u017ce odporne na ha\u0142as z zewn\u0105trz, co jest szczeg\u00f3lnie wa\u017cne w przypadku mieszka\u0144 w centrum miasta lub przy ha\u0142a\u015bliwych drogach.<\/span><\/p>\n<p><span style=\"color: #000000;\">Okna PVC mog\u0105 by\u0107 dost\u0119pne w r\u00f3\u017cnych kolorach i kszta\u0142tach, dzi\u0119ki czemu \u0142atwo je dopasowa\u0107 do stylu budynku i indywidualnych preferencji. S\u0105 tak\u017ce \u0142atwe w monta\u017cu, co pozwala na szybkie i bezproblemowe wymienienie starych okien na nowe.<\/span><\/p>\n<h5><span style=\"color: #000000;\"><strong>Wady:<\/strong><\/span><\/h5>\n<p><span style=\"color: #000000;\">Opr\u00f3cz swoich zalet, okna PVC maj\u0105 tak\u017ce kilka wad. Niekt\u00f3rzy ludzie mog\u0105 mie\u0107 alergie na PVC lub nie lubi\u0107 jego zapachu, chocia\u017c jest to rzadkie. Okna PVC s\u0105 r\u00f3wnie\u017c mniej trwa\u0142e ni\u017c okna drewniane i mog\u0105 p\u0119ka\u0107 pod wp\u0142ywem du\u017cych temperatur.<\/span><\/p>\n<h5><span style=\"color: #000000;\"><strong>Nasza rekomendacja:<\/strong><\/span><\/h5>\n<p><span style=\"color: #000000;\">Pomimo tych wad, okna PVC nadal s\u0105 jednym z najcz\u0119\u015bciej wybieranych rozwi\u0105za\u0144 ze wzgl\u0119du na swoj\u0105 trwa\u0142o\u015b\u0107, \u0142atwo\u015b\u0107 utrzymania oraz dobr\u0105 izolacj\u0119 termiczn\u0105. S\u0105 one idealnym wyborem dla os\u00f3b szukaj\u0105cych wysokiej jako\u015bci, niedrogich okien, kt\u00f3re b\u0119d\u0105 s\u0142u\u017cy\u0107 przez wiele lat.<\/span><\/p>\n\n\t\t<\/div>\n\t<\/div>\n<\/div><\/div><\/div><\/div>\n<\/div>","protected":false},"excerpt":{"rendered":"Najwy\u017cszej jako\u015bci systemy profili okiennych i drzwiowych PVC Zen Aluminium oferuje najwy\u017cszej jako\u015bci systemy profili okiennych i drzwiowych PVC. Nasze profile ciesz\u0105 si\u0119 uznaniem zar\u00f3wno producent\u00f3w stolarki jak i bezpo\u015brednich u\u017cytkownik\u00f3w okien i drzwi. Cechuje nas bardzo dobra jako\u015b\u0107 - &hellip;","protected":false},"author":1,"featured_media":0,"parent":0,"menu_order":0,"comment_status":"closed","ping_status":"closed","template":"","meta":{"footnotes":""},"class_list":["post-13000","page","type-page","status-publish","hentry"],"yoast_head":"<!-- This site is optimized with the Yoast SEO plugin v27.2 - https:\/\/yoast.com\/product\/yoast-seo-wordpress\/ -->\n<title>STOLARKA PVC \/ PCV - Zen Aluminium - polski producent okien i drzwi z aluminium<\/title>\n<meta name=\"robots\" content=\"index, follow, max-snippet:-1, max-image-preview:large, max-video-preview:-1\" \/>\n<link rel=\"canonical\" href=\"https:\/\/zenaluminium.pl\/de\/tischlerei-pvc-pcv\/\" \/>\n<meta property=\"og:locale\" content=\"de_DE\" \/>\n<meta property=\"og:type\" content=\"article\" \/>\n<meta property=\"og:title\" content=\"STOLARKA PVC \/ PCV - Zen Aluminium - polski producent okien i drzwi z aluminium\" \/>\n<meta property=\"og:url\" content=\"https:\/\/zenaluminium.pl\/de\/tischlerei-pvc-pcv\/\" \/>\n<meta property=\"og:site_name\" content=\"Zen Aluminium - polski producent okien i drzwi z aluminium\" \/>\n<meta property=\"article:publisher\" content=\"http:\/\/fb.com\/zenaluminum\" \/>\n<meta property=\"article:modified_time\" content=\"2023-04-19T09:33:40+00:00\" \/>\n<meta name=\"twitter:card\" content=\"summary_large_image\" \/>\n<meta name=\"twitter:label1\" content=\"Gesch\u00e4tzte Lesezeit\" \/>\n\t<meta name=\"twitter:data1\" content=\"2\u00a0Minuten\" \/>\n<script type=\"application\/ld+json\" class=\"yoast-schema-graph\">{\"@context\":\"https:\/\/schema.org\",\"@graph\":[{\"@type\":\"WebPage\",\"@id\":\"https:\/\/zenaluminium.pl\/stolarka-pvc-pcv\/\",\"url\":\"https:\/\/zenaluminium.pl\/stolarka-pvc-pcv\/\",\"name\":\"STOLARKA PVC \/ PCV - Zen Aluminium - polski producent okien i drzwi z aluminium\",\"isPartOf\":{\"@id\":\"https:\/\/zenaluminium.pl\/#website\"},\"datePublished\":\"2022-12-19T12:55:01+00:00\",\"dateModified\":\"2023-04-19T09:33:40+00:00\",\"breadcrumb\":{\"@id\":\"https:\/\/zenaluminium.pl\/stolarka-pvc-pcv\/#breadcrumb\"},\"inLanguage\":\"de\",\"potentialAction\":[{\"@type\":\"ReadAction\",\"target\":[\"https:\/\/zenaluminium.pl\/stolarka-pvc-pcv\/\"]}]},{\"@type\":\"BreadcrumbList\",\"@id\":\"https:\/\/zenaluminium.pl\/stolarka-pvc-pcv\/#breadcrumb\",\"itemListElement\":[{\"@type\":\"ListItem\",\"position\":1,\"name\":\"Home\",\"item\":\"https:\/\/zenaluminium.pl\/\"},{\"@type\":\"ListItem\",\"position\":2,\"name\":\"STOLARKA PVC \/ PCV\"}]},{\"@type\":\"WebSite\",\"@id\":\"https:\/\/zenaluminium.pl\/#website\",\"url\":\"https:\/\/zenaluminium.pl\/\",\"name\":\"Zen Aluminium - polski producent okien i drzwi z aluminium\",\"description\":\"Stolarka okienna, fasady, ogrody zimowe, rozwi\u0105zania klasy premium\",\"potentialAction\":[{\"@type\":\"SearchAction\",\"target\":{\"@type\":\"EntryPoint\",\"urlTemplate\":\"https:\/\/zenaluminium.pl\/?s={search_term_string}\"},\"query-input\":{\"@type\":\"PropertyValueSpecification\",\"valueRequired\":true,\"valueName\":\"search_term_string\"}}],\"inLanguage\":\"de\"}]}<\/script>\n<!-- \/ Yoast SEO plugin. -->","yoast_head_json":{"title":"PVC \/ PVC-Tischlerei - Zen Aluminium - Polnischer Hersteller von Fenstern und T\u00fcren aus Aluminium","robots":{"index":"index","follow":"follow","max-snippet":"max-snippet:-1","max-image-preview":"max-image-preview:large","max-video-preview":"max-video-preview:-1"},"canonical":"https:\/\/zenaluminium.pl\/de\/tischlerei-pvc-pcv\/","og_locale":"de_DE","og_type":"article","og_title":"STOLARKA PVC \/ PCV - Zen Aluminium - polski producent okien i drzwi z aluminium","og_url":"https:\/\/zenaluminium.pl\/de\/tischlerei-pvc-pcv\/","og_site_name":"Zen Aluminium - polski producent okien i drzwi z aluminium","article_publisher":"http:\/\/fb.com\/zenaluminum","article_modified_time":"2023-04-19T09:33:40+00:00","twitter_card":"summary_large_image","twitter_misc":{"Gesch\u00e4tzte Lesezeit":"2\u00a0Minuten"},"schema":{"@context":"https:\/\/schema.org","@graph":[{"@type":"WebPage","@id":"https:\/\/zenaluminium.pl\/stolarka-pvc-pcv\/","url":"https:\/\/zenaluminium.pl\/stolarka-pvc-pcv\/","name":"PVC \/ PVC-Tischlerei - Zen Aluminium - Polnischer Hersteller von Fenstern und T\u00fcren aus Aluminium","isPartOf":{"@id":"https:\/\/zenaluminium.pl\/#website"},"datePublished":"2022-12-19T12:55:01+00:00","dateModified":"2023-04-19T09:33:40+00:00","breadcrumb":{"@id":"https:\/\/zenaluminium.pl\/stolarka-pvc-pcv\/#breadcrumb"},"inLanguage":"de","potentialAction":[{"@type":"ReadAction","target":["https:\/\/zenaluminium.pl\/stolarka-pvc-pcv\/"]}]},{"@type":"BreadcrumbList","@id":"https:\/\/zenaluminium.pl\/stolarka-pvc-pcv\/#breadcrumb","itemListElement":[{"@type":"ListItem","position":1,"name":"Home","item":"https:\/\/zenaluminium.pl\/"},{"@type":"ListItem","position":2,"name":"STOLARKA PVC \/ PCV"}]},{"@type":"WebSite","@id":"https:\/\/zenaluminium.pl\/#website","url":"https:\/\/zenaluminium.pl\/","name":"Zen Aluminium - Polnischer Hersteller von Fenstern und T\u00fcren aus Aluminium","description":"Fenstertischlerei, Fassaden, Winterg\u00e4rten, hochwertige L\u00f6sungen","potentialAction":[{"@type":"SearchAction","target":{"@type":"EntryPoint","urlTemplate":"https:\/\/zenaluminium.pl\/?s={search_term_string}"},"query-input":{"@type":"PropertyValueSpecification","valueRequired":true,"valueName":"search_term_string"}}],"inLanguage":"de"}]}},"_links":{"self":[{"href":"https:\/\/zenaluminium.pl\/de\/wp-json\/wp\/v2\/pages\/13000","targetHints":{"allow":["GET"]}}],"collection":[{"href":"https:\/\/zenaluminium.pl\/de\/wp-json\/wp\/v2\/pages"}],"about":[{"href":"https:\/\/zenaluminium.pl\/de\/wp-json\/wp\/v2\/types\/page"}],"author":[{"embeddable":true,"href":"https:\/\/zenaluminium.pl\/de\/wp-json\/wp\/v2\/users\/1"}],"replies":[{"embeddable":true,"href":"https:\/\/zenaluminium.pl\/de\/wp-json\/wp\/v2\/comments?post=13000"}],"version-history":[{"count":28,"href":"https:\/\/zenaluminium.pl\/de\/wp-json\/wp\/v2\/pages\/13000\/revisions"}],"predecessor-version":[{"id":17749,"href":"https:\/\/zenaluminium.pl\/de\/wp-json\/wp\/v2\/pages\/13000\/revisions\/17749"}],"wp:attachment":[{"href":"https:\/\/zenaluminium.pl\/de\/wp-json\/wp\/v2\/media?parent=13000"}],"curies":[{"name":"wp","href":"https:\/\/api.w.org\/{rel}","templated":true}]}}