{"id":4748,"date":"2019-02-21T11:33:57","date_gmt":"2019-02-21T11:33:57","guid":{"rendered":"https:\/\/zenaluminium.com\/?page_id=4748"},"modified":"2019-09-02T14:53:52","modified_gmt":"2019-09-02T13:53:52","slug":"zaune-aluminium","status":"publish","type":"page","link":"https:\/\/zenaluminium.pl\/de\/uslugi\/ogrodzenia-aluminiowe\/","title":{"rendered":"Aluminium-Z\u00e4une"},"content":{"rendered":"<div class=\"wpb-content-wrapper\"><div class=\"vc_row wpb_row vc_row-fluid\"><div class=\"wpb_column vc_column_container vc_col-md-12\"><div class=\"vc_column-inner\"><div class=\"wpb_wrapper\"><h1 class='heading-middle  style-1' ><span>Hersteller von Aluminiumz\u00e4unen und Einfahrtstoren<\/span><\/h1><\/div><\/div><\/div><\/div><div class=\"vc_row wpb_row vc_row-fluid\"><div class=\"wpb_column vc_column_container vc_col-md-8\"><div class=\"vc_column-inner\"><div class=\"wpb_wrapper\">\n\t<div class=\"wpb_text_column wpb_content_element\" >\n\t\t<div class=\"wpb_wrapper\">\n\t\t\t<h2><strong>MODERNE ALUMINIUMZ\u00c4UNE, bestehend aus: SPANNWEITEN, PFORTEN, TORE<\/strong><\/h2>\n<p>Unsere Aluminiumz\u00e4une verleihen Ihrer Immobilie einen individuellen Charakter und sind ein perfektes dekoratives Element. Sie sind in erster Linie f\u00fcr moderne Geb\u00e4ude konzipiert, verleihen aber auch \u00e4lteren Geb\u00e4uden ein neues, frisches Aussehen und erf\u00fcllen gleichzeitig perfekt ihre Grundfunktion - die Gew\u00e4hrleistung der Sicherheit und Privatsph\u00e4re Ihres Grundst\u00fccks.<\/p>\n<ul>\n<li>Vorteile unserer Z\u00e4une:<\/li>\n<li>Hohe Lebensdauer<\/li>\n<li>Leicht sauber zu halten<\/li>\n<li>Keine spezielle Wartung erforderlich<\/li>\n<li>Keine Korrosion<\/li>\n<li>Gro\u00dfe Auswahl an Oberfl\u00e4chenbehandlungen<\/li>\n<li>RAL-Lackierung, Eloxierung, Holzmaserung<\/li>\n<li>Schnelle und einfache Herstellung und Montage<\/li>\n<li>Vielf\u00e4ltige M\u00f6glichkeiten - Kombination von Profilen in verschiedenen Farben<\/li>\n<li>Gro\u00dfe Auswahl an F\u00fcllungsprofilen<\/li>\n<li>Gro\u00dfer Spielraum f\u00fcr ma\u00dfgeschneiderte L\u00f6sungen<\/li>\n<li>Einfache Installation der Automatisierung<\/li>\n<li>Zuverl\u00e4ssiger und lang anhaltender Betrieb<\/li>\n<li>Hoher Benutzerkomfort<\/li>\n<li>Mehrj\u00e4hrige Garantie<\/li>\n<\/ul>\n\n\t\t<\/div>\n\t<\/div>\n<div class=\"vc_row wpb_row vc_inner vc_row-fluid\"><div class=\"wpb_column vc_column_container vc_col-md-4\"><div class=\"vc_column-inner\"><div class=\"wpb_wrapper\">\n\t<div class=\"wpb_text_column wpb_content_element\" >\n\t\t<div class=\"wpb_wrapper\">\n\t\t\t<p><strong>SLATTED BAY<\/strong><\/p>\n\n\t\t<\/div>\n\t<\/div>\n\n\t<div  class=\"wpb_single_image wpb_content_element vc_align_left wpb_content_element\">\n\t\t\n\t\t<figure class=\"wpb_wrapper vc_figure\">\n\t\t\t<div class=\"vc_single_image-wrapper   vc_box_border_grey\"><img loading=\"lazy\" decoding=\"async\" width=\"300\" height=\"240\" src=\"https:\/\/zenaluminium.pl\/wp-content\/uploads\/2019\/02\/lamela-sta\u0142_szary-1-300x240.jpg\" class=\"vc_single_image-img attachment-medium\" alt=\"\" title=\"lamellen-fest_grau-1\" srcset=\"https:\/\/zenaluminium.pl\/wp-content\/uploads\/2019\/02\/lamela-sta\u0142_szary-1-300x240.jpg 300w, https:\/\/zenaluminium.pl\/wp-content\/uploads\/2019\/02\/lamela-sta\u0142_szary-1-1024x819.jpg 1024w, https:\/\/zenaluminium.pl\/wp-content\/uploads\/2019\/02\/lamela-sta\u0142_szary-1-768x614.jpg 768w, https:\/\/zenaluminium.pl\/wp-content\/uploads\/2019\/02\/lamela-sta\u0142_szary-1-1536x1229.jpg 1536w, https:\/\/zenaluminium.pl\/wp-content\/uploads\/2019\/02\/lamela-sta\u0142_szary-1-2048x1638.jpg 2048w\" sizes=\"auto, (max-width: 300px) 100vw, 300px\" \/><\/div>\n\t\t<\/figure>\n\t<\/div>\n<\/div><\/div><\/div><div class=\"wpb_column vc_column_container vc_col-md-4\"><div class=\"vc_column-inner\"><div class=\"wpb_wrapper\">\n\t<div class=\"wpb_text_column wpb_content_element\" >\n\t\t<div class=\"wpb_wrapper\">\n\t\t\t<p><strong>ALUMINIUM BAY<\/strong><\/p>\n\n\t\t<\/div>\n\t<\/div>\n\n\t<div  class=\"wpb_single_image wpb_content_element vc_align_left wpb_content_element\">\n\t\t\n\t\t<figure class=\"wpb_wrapper vc_figure\">\n\t\t\t<div class=\"vc_single_image-wrapper   vc_box_border_grey\"><img loading=\"lazy\" decoding=\"async\" width=\"300\" height=\"240\" src=\"https:\/\/zenaluminium.pl\/wp-content\/uploads\/2019\/02\/Ogodzenia-1-300x240.jpg\" class=\"vc_single_image-img attachment-medium\" alt=\"\" title=\"Br\u00e4nde-1\" srcset=\"https:\/\/zenaluminium.pl\/wp-content\/uploads\/2019\/02\/Ogodzenia-1-300x240.jpg 300w, https:\/\/zenaluminium.pl\/wp-content\/uploads\/2019\/02\/Ogodzenia-1-1024x819.jpg 1024w, https:\/\/zenaluminium.pl\/wp-content\/uploads\/2019\/02\/Ogodzenia-1-768x614.jpg 768w, https:\/\/zenaluminium.pl\/wp-content\/uploads\/2019\/02\/Ogodzenia-1-1536x1229.jpg 1536w, https:\/\/zenaluminium.pl\/wp-content\/uploads\/2019\/02\/Ogodzenia-1-2048x1638.jpg 2048w\" sizes=\"auto, (max-width: 300px) 100vw, 300px\" \/><\/div>\n\t\t<\/figure>\n\t<\/div>\n<\/div><\/div><\/div><div class=\"wpb_column vc_column_container vc_col-md-4\"><div class=\"vc_column-inner\"><div class=\"wpb_wrapper\"><\/div><\/div><\/div><\/div><\/div><\/div><\/div><div class=\"wpb_column vc_column_container vc_col-md-4\"><div class=\"vc_column-inner\"><div class=\"wpb_wrapper\">\n\t<div  class=\"wpb_single_image wpb_content_element vc_align_left wpb_content_element\">\n\t\t\n\t\t<figure class=\"wpb_wrapper vc_figure\">\n\t\t\t<div class=\"vc_single_image-wrapper   vc_box_border_grey\"><img loading=\"lazy\" decoding=\"async\" width=\"300\" height=\"225\" src=\"https:\/\/zenaluminium.pl\/wp-content\/uploads\/2019\/02\/ogrodzenia-aluminiowe-brama-300x225.jpg\" class=\"vc_single_image-img attachment-medium\" alt=\"\" title=\"Z\u00e4une-Aluminium-Tor\" srcset=\"https:\/\/zenaluminium.pl\/wp-content\/uploads\/2019\/02\/ogrodzenia-aluminiowe-brama-300x225.jpg 300w, https:\/\/zenaluminium.pl\/wp-content\/uploads\/2019\/02\/ogrodzenia-aluminiowe-brama-1024x768.jpg 1024w, https:\/\/zenaluminium.pl\/wp-content\/uploads\/2019\/02\/ogrodzenia-aluminiowe-brama-768x576.jpg 768w, https:\/\/zenaluminium.pl\/wp-content\/uploads\/2019\/02\/ogrodzenia-aluminiowe-brama-1536x1152.jpg 1536w, https:\/\/zenaluminium.pl\/wp-content\/uploads\/2019\/02\/ogrodzenia-aluminiowe-brama-2048x1536.jpg 2048w, https:\/\/zenaluminium.pl\/wp-content\/uploads\/2019\/02\/ogrodzenia-aluminiowe-brama-280x210.jpg 280w\" sizes=\"auto, (max-width: 300px) 100vw, 300px\" \/><\/div>\n\t\t<\/figure>\n\t<\/div>\n\n\t<div  class=\"wpb_single_image wpb_content_element vc_align_left wpb_content_element\">\n\t\t\n\t\t<figure class=\"wpb_wrapper vc_figure\">\n\t\t\t<div class=\"vc_single_image-wrapper   vc_box_border_grey\"><img loading=\"lazy\" decoding=\"async\" width=\"300\" height=\"125\" src=\"https:\/\/zenaluminium.pl\/wp-content\/uploads\/2019\/02\/ogrodzenia-aluminiowe-przesla-300x125.jpg\" class=\"vc_single_image-img attachment-medium\" alt=\"\" title=\"z\u00e4une-aluminium-z\u00e4une\" srcset=\"https:\/\/zenaluminium.pl\/wp-content\/uploads\/2019\/02\/ogrodzenia-aluminiowe-przesla-300x125.jpg 300w, https:\/\/zenaluminium.pl\/wp-content\/uploads\/2019\/02\/ogrodzenia-aluminiowe-przesla-1024x426.jpg 1024w, https:\/\/zenaluminium.pl\/wp-content\/uploads\/2019\/02\/ogrodzenia-aluminiowe-przesla-768x319.jpg 768w, https:\/\/zenaluminium.pl\/wp-content\/uploads\/2019\/02\/ogrodzenia-aluminiowe-przesla-1536x639.jpg 1536w, https:\/\/zenaluminium.pl\/wp-content\/uploads\/2019\/02\/ogrodzenia-aluminiowe-przesla.jpg 1890w\" sizes=\"auto, (max-width: 300px) 100vw, 300px\" \/><\/div>\n\t\t<\/figure>\n\t<\/div>\n\n\t<div  class=\"wpb_single_image wpb_content_element vc_align_left wpb_content_element\">\n\t\t\n\t\t<figure class=\"wpb_wrapper vc_figure\">\n\t\t\t<div class=\"vc_single_image-wrapper   vc_box_border_grey\"><img loading=\"lazy\" decoding=\"async\" width=\"300\" height=\"169\" src=\"https:\/\/zenaluminium.pl\/wp-content\/uploads\/2019\/02\/ogrodzenia-plot-aluminiowy-300x169.jpeg\" class=\"vc_single_image-img attachment-medium\" alt=\"\" title=\"z\u00e4une-plane-aluminium\" srcset=\"https:\/\/zenaluminium.pl\/wp-content\/uploads\/2019\/02\/ogrodzenia-plot-aluminiowy-300x169.jpeg 300w, https:\/\/zenaluminium.pl\/wp-content\/uploads\/2019\/02\/ogrodzenia-plot-aluminiowy.jpeg 512w\" sizes=\"auto, (max-width: 300px) 100vw, 300px\" \/><\/div>\n\t\t<\/figure>\n\t<\/div>\n\n\t<div  class=\"wpb_single_image wpb_content_element vc_align_left wpb_content_element\">\n\t\t\n\t\t<figure class=\"wpb_wrapper vc_figure\">\n\t\t\t<div class=\"vc_single_image-wrapper   vc_box_border_grey\"><img loading=\"lazy\" decoding=\"async\" width=\"300\" height=\"223\" src=\"https:\/\/zenaluminium.pl\/wp-content\/uploads\/2019\/02\/ogrodzenie-drewnopodobne-aluminiowe-300x223.jpg\" class=\"vc_single_image-img attachment-medium\" alt=\"\" title=\"zaun-holz-aluminium\" srcset=\"https:\/\/zenaluminium.pl\/wp-content\/uploads\/2019\/02\/ogrodzenie-drewnopodobne-aluminiowe-300x223.jpg 300w, https:\/\/zenaluminium.pl\/wp-content\/uploads\/2019\/02\/ogrodzenie-drewnopodobne-aluminiowe-768x571.jpg 768w, https:\/\/zenaluminium.pl\/wp-content\/uploads\/2019\/02\/ogrodzenie-drewnopodobne-aluminiowe.jpg 875w\" sizes=\"auto, (max-width: 300px) 100vw, 300px\" \/><\/div>\n\t\t<\/figure>\n\t<\/div>\n<\/div><\/div><\/div><\/div>\n<\/div>","protected":false},"excerpt":{"rendered":"Producent ogrodze\u0144 aluminiowych i bram wjazdowych NOWOCZESNE OGRODZENIA ALUMINIOWE, w sk\u0142ad wchodz\u0105: PRZ\u0118S\u0141A, FURTKI, BRAMY Nasze aluminiowe ogrodzenia pozwol\u0105 nada\u0107 Pa\u0144stwa posesji indywidualny charakter, stanowi\u0105c jej doskona\u0142y element dekoracyjny. Przeznaczone s\u0105 one przede wszystkim dla nowoczesnych obiekt\u00f3w, ale i starszym &hellip;","protected":false},"author":1,"featured_media":0,"parent":3142,"menu_order":0,"comment_status":"closed","ping_status":"closed","template":"","meta":{"footnotes":""},"class_list":["post-4748","page","type-page","status-publish","hentry"],"yoast_head":"<!-- This site is optimized with the Yoast SEO plugin v27.2 - https:\/\/yoast.com\/product\/yoast-seo-wordpress\/ -->\n<title>NOWOCZESNE P\u0141OTY, OGRODZENIA, BRAMY Z ALUMINIUM<\/title>\n<meta name=\"description\" content=\"Nasze aluminiowe ogrodzenia, p\u0142oty i bramy pozwol\u0105 nada\u0107 Pa\u0144stwa posesji indywidualny charakter, stanowi\u0105c jej doskona\u0142y element dekoracyjny. Zapewniaj\u0105 bezpiecze\u0144stwo i prywatno\u015b\u0107 Pa\u0144stwa posesji.\" \/>\n<meta name=\"robots\" content=\"index, follow, max-snippet:-1, max-image-preview:large, max-video-preview:-1\" \/>\n<link rel=\"canonical\" href=\"https:\/\/zenaluminium.pl\/de\/dienstleistungen\/zaune-aluminium\/\" \/>\n<meta property=\"og:locale\" content=\"de_DE\" \/>\n<meta property=\"og:type\" content=\"article\" \/>\n<meta property=\"og:title\" content=\"NOWOCZESNE P\u0141OTY, OGRODZENIA, BRAMY Z ALUMINIUM\" \/>\n<meta property=\"og:description\" content=\"Nasze aluminiowe ogrodzenia, p\u0142oty i bramy pozwol\u0105 nada\u0107 Pa\u0144stwa posesji indywidualny charakter, stanowi\u0105c jej doskona\u0142y element dekoracyjny. Zapewniaj\u0105 bezpiecze\u0144stwo i prywatno\u015b\u0107 Pa\u0144stwa posesji.\" \/>\n<meta property=\"og:url\" content=\"https:\/\/zenaluminium.pl\/de\/dienstleistungen\/zaune-aluminium\/\" \/>\n<meta property=\"og:site_name\" content=\"Zen Aluminium - polski producent okien i drzwi z aluminium\" \/>\n<meta property=\"article:publisher\" content=\"http:\/\/fb.com\/zenaluminum\" \/>\n<meta property=\"article:modified_time\" content=\"2019-09-02T13:53:52+00:00\" \/>\n<meta name=\"twitter:card\" content=\"summary_large_image\" \/>\n<meta name=\"twitter:label1\" content=\"Gesch\u00e4tzte Lesezeit\" \/>\n\t<meta name=\"twitter:data1\" content=\"2\u00a0Minuten\" \/>\n<script type=\"application\/ld+json\" class=\"yoast-schema-graph\">{\"@context\":\"https:\/\/schema.org\",\"@graph\":[{\"@type\":\"WebPage\",\"@id\":\"https:\/\/zenaluminium.pl\/uslugi\/ogrodzenia-aluminiowe\/\",\"url\":\"https:\/\/zenaluminium.pl\/uslugi\/ogrodzenia-aluminiowe\/\",\"name\":\"NOWOCZESNE P\u0141OTY, OGRODZENIA, BRAMY Z ALUMINIUM\",\"isPartOf\":{\"@id\":\"https:\/\/zenaluminium.pl\/#website\"},\"datePublished\":\"2019-02-21T11:33:57+00:00\",\"dateModified\":\"2019-09-02T13:53:52+00:00\",\"description\":\"Nasze aluminiowe ogrodzenia, p\u0142oty i bramy pozwol\u0105 nada\u0107 Pa\u0144stwa posesji indywidualny charakter, stanowi\u0105c jej doskona\u0142y element dekoracyjny. Zapewniaj\u0105 bezpiecze\u0144stwo i prywatno\u015b\u0107 Pa\u0144stwa posesji.\",\"breadcrumb\":{\"@id\":\"https:\/\/zenaluminium.pl\/uslugi\/ogrodzenia-aluminiowe\/#breadcrumb\"},\"inLanguage\":\"de\",\"potentialAction\":[{\"@type\":\"ReadAction\",\"target\":[\"https:\/\/zenaluminium.pl\/uslugi\/ogrodzenia-aluminiowe\/\"]}]},{\"@type\":\"BreadcrumbList\",\"@id\":\"https:\/\/zenaluminium.pl\/uslugi\/ogrodzenia-aluminiowe\/#breadcrumb\",\"itemListElement\":[{\"@type\":\"ListItem\",\"position\":1,\"name\":\"Home\",\"item\":\"https:\/\/zenaluminium.pl\/\"},{\"@type\":\"ListItem\",\"position\":2,\"name\":\"Stolarka aluminiowa\",\"item\":\"https:\/\/zenaluminium.pl\/uslugi\/\"},{\"@type\":\"ListItem\",\"position\":3,\"name\":\"Ogrodzenia aluminiowe\"}]},{\"@type\":\"WebSite\",\"@id\":\"https:\/\/zenaluminium.pl\/#website\",\"url\":\"https:\/\/zenaluminium.pl\/\",\"name\":\"Zen Aluminium - polski producent okien i drzwi z aluminium\",\"description\":\"Stolarka okienna, fasady, ogrody zimowe, rozwi\u0105zania klasy premium\",\"potentialAction\":[{\"@type\":\"SearchAction\",\"target\":{\"@type\":\"EntryPoint\",\"urlTemplate\":\"https:\/\/zenaluminium.pl\/?s={search_term_string}\"},\"query-input\":{\"@type\":\"PropertyValueSpecification\",\"valueRequired\":true,\"valueName\":\"search_term_string\"}}],\"inLanguage\":\"de\"}]}<\/script>\n<!-- \/ Yoast SEO plugin. -->","yoast_head_json":{"title":"MODERNE ALUMINIUMZ\u00c4UNE, Z\u00c4UNE UND TORE","description":"Mit unseren Aluminiumz\u00e4unen, Z\u00e4unen und Toren verleihen Sie Ihrem Grundst\u00fcck einen individuellen Charakter und machen es zu einem perfekten dekorativen Element. Sie gew\u00e4hrleisten die Sicherheit und Privatsph\u00e4re Ihres Grundst\u00fccks.","robots":{"index":"index","follow":"follow","max-snippet":"max-snippet:-1","max-image-preview":"max-image-preview:large","max-video-preview":"max-video-preview:-1"},"canonical":"https:\/\/zenaluminium.pl\/de\/dienstleistungen\/zaune-aluminium\/","og_locale":"de_DE","og_type":"article","og_title":"NOWOCZESNE P\u0141OTY, OGRODZENIA, BRAMY Z ALUMINIUM","og_description":"Nasze aluminiowe ogrodzenia, p\u0142oty i bramy pozwol\u0105 nada\u0107 Pa\u0144stwa posesji indywidualny charakter, stanowi\u0105c jej doskona\u0142y element dekoracyjny. Zapewniaj\u0105 bezpiecze\u0144stwo i prywatno\u015b\u0107 Pa\u0144stwa posesji.","og_url":"https:\/\/zenaluminium.pl\/de\/dienstleistungen\/zaune-aluminium\/","og_site_name":"Zen Aluminium - polski producent okien i drzwi z aluminium","article_publisher":"http:\/\/fb.com\/zenaluminum","article_modified_time":"2019-09-02T13:53:52+00:00","twitter_card":"summary_large_image","twitter_misc":{"Gesch\u00e4tzte Lesezeit":"2\u00a0Minuten"},"schema":{"@context":"https:\/\/schema.org","@graph":[{"@type":"WebPage","@id":"https:\/\/zenaluminium.pl\/uslugi\/ogrodzenia-aluminiowe\/","url":"https:\/\/zenaluminium.pl\/uslugi\/ogrodzenia-aluminiowe\/","name":"MODERNE ALUMINIUMZ\u00c4UNE, Z\u00c4UNE UND TORE","isPartOf":{"@id":"https:\/\/zenaluminium.pl\/#website"},"datePublished":"2019-02-21T11:33:57+00:00","dateModified":"2019-09-02T13:53:52+00:00","description":"Mit unseren Aluminiumz\u00e4unen, Z\u00e4unen und Toren verleihen Sie Ihrem Grundst\u00fcck einen individuellen Charakter und machen es zu einem perfekten dekorativen Element. Sie gew\u00e4hrleisten die Sicherheit und Privatsph\u00e4re Ihres Grundst\u00fccks.","breadcrumb":{"@id":"https:\/\/zenaluminium.pl\/uslugi\/ogrodzenia-aluminiowe\/#breadcrumb"},"inLanguage":"de","potentialAction":[{"@type":"ReadAction","target":["https:\/\/zenaluminium.pl\/uslugi\/ogrodzenia-aluminiowe\/"]}]},{"@type":"BreadcrumbList","@id":"https:\/\/zenaluminium.pl\/uslugi\/ogrodzenia-aluminiowe\/#breadcrumb","itemListElement":[{"@type":"ListItem","position":1,"name":"Home","item":"https:\/\/zenaluminium.pl\/"},{"@type":"ListItem","position":2,"name":"Stolarka aluminiowa","item":"https:\/\/zenaluminium.pl\/uslugi\/"},{"@type":"ListItem","position":3,"name":"Ogrodzenia aluminiowe"}]},{"@type":"WebSite","@id":"https:\/\/zenaluminium.pl\/#website","url":"https:\/\/zenaluminium.pl\/","name":"Zen Aluminium - Polnischer Hersteller von Fenstern und T\u00fcren aus Aluminium","description":"Fenstertischlerei, Fassaden, Winterg\u00e4rten, hochwertige L\u00f6sungen","potentialAction":[{"@type":"SearchAction","target":{"@type":"EntryPoint","urlTemplate":"https:\/\/zenaluminium.pl\/?s={search_term_string}"},"query-input":{"@type":"PropertyValueSpecification","valueRequired":true,"valueName":"search_term_string"}}],"inLanguage":"de"}]}},"_links":{"self":[{"href":"https:\/\/zenaluminium.pl\/de\/wp-json\/wp\/v2\/pages\/4748","targetHints":{"allow":["GET"]}}],"collection":[{"href":"https:\/\/zenaluminium.pl\/de\/wp-json\/wp\/v2\/pages"}],"about":[{"href":"https:\/\/zenaluminium.pl\/de\/wp-json\/wp\/v2\/types\/page"}],"author":[{"embeddable":true,"href":"https:\/\/zenaluminium.pl\/de\/wp-json\/wp\/v2\/users\/1"}],"replies":[{"embeddable":true,"href":"https:\/\/zenaluminium.pl\/de\/wp-json\/wp\/v2\/comments?post=4748"}],"version-history":[{"count":0,"href":"https:\/\/zenaluminium.pl\/de\/wp-json\/wp\/v2\/pages\/4748\/revisions"}],"up":[{"embeddable":true,"href":"https:\/\/zenaluminium.pl\/de\/wp-json\/wp\/v2\/pages\/3142"}],"wp:attachment":[{"href":"https:\/\/zenaluminium.pl\/de\/wp-json\/wp\/v2\/media?parent=4748"}],"curies":[{"name":"wp","href":"https:\/\/api.w.org\/{rel}","templated":true}]}}