{"id":7617,"date":"2021-05-31T08:36:19","date_gmt":"2021-05-31T07:36:19","guid":{"rendered":"https:\/\/zenaluminium.com\/?page_id=7617"},"modified":"2024-11-07T07:38:26","modified_gmt":"2024-11-07T06:38:26","slug":"yawal-l50","status":"publish","type":"page","link":"https:\/\/zenaluminium.pl\/de\/uslugi\/systemy-okienne-aluminiowe\/przesuwne\/yawal-l50\/","title":{"rendered":"YAWAL L50"},"content":{"rendered":"<div class=\"wpb-content-wrapper\"><div class=\"vc_row wpb_row vc_row-fluid\"><div class=\"wpb_column vc_column_container vc_col-md-6\"><div class=\"vc_column-inner\"><div class=\"wpb_wrapper\"><h1 class='heading-middle  style-1' ><span>SYSTEM OKIEN I DRZWI PODNOSZONO PRZESUWNYCH &#8211; YAWAL L50<\/span><\/h1><div class=\"vc_empty_space\"   style=\"height: 20px\"><span class=\"vc_empty_space_inner\"><\/span><\/div><div class=\"vc_row wpb_row vc_inner vc_row-fluid\"><div class=\"wpb_column vc_column_container vc_col-md-12\"><div class=\"vc_column-inner\"><div class=\"wpb_wrapper\">\n\t<div class=\"wpb_text_column wpb_content_element\" >\n\t\t<div class=\"wpb_wrapper\">\n\t\t\t<p><strong>System profili aluminiowych pozwalaj\u0105cy projektowa\u0107 i wykonywa\u0107 przeszklone segmenty przesuwne do zabudowy balkon\u00f3w i loggii (L 50B) oraz segmenty przesuwne do \u015bcian dzia\u0142owych (L 50S).<\/strong><\/p>\n<p>Przeszklone \u015bciany dzia\u0142owe s\u0105 niepalne i zosta\u0142y sklasyfikowane jako konstrukcje nierozprzestrzeniaj\u0105ce ognia (NRO). System L 50 sk\u0142ada si\u0119 z jednokomorowych profili aluminiowych bez przek\u0142adki termicznej. Przesuw skrzyde\u0142 odbywa si\u0119 na specjalnie do tego celu przystosowanych w\u00f3zkach jezdnych. Ze wzgl\u0119du na zastosowan\u0105 futryn\u0119 istnieje mo\u017cliwo\u015b\u0107 prefabrykacji konstrukcji na szynie podw\u00f3jnej lub potr\u00f3jnej.<\/p>\n<p><strong>Zalety systemu:<\/strong><\/p>\n<p>\u2022 wzrost bezpiecze\u0144stwa i komfortu u\u017cytkownik\u00f3w pomieszcze\u0144,<br \/>\n\u2022 ograniczenie przenikania ha\u0142asu zewn\u0119trznego do pomieszczenia,<br \/>\n\u2022 ochrona przed warunkami atmosferycznymi,<br \/>\n\u2022 mo\u017cliwo\u015b\u0107 stosowania r\u00f3\u017cnego typu wype\u0142nienia,<br \/>\n\u2022 mo\u017cliwo\u015b\u0107 konstruowania futryn wielokrotnych,<br \/>\n\u2022 mo\u017cliwo\u015b\u0107 \u0142\u0105czenia z innymi systemami Yawal.<\/p>\n\n\t\t<\/div>\n\t<\/div>\n<\/div><\/div><\/div><\/div><ul class='list list-circle-check'><li><span style=\"color: #000000;\"><strong><span style=\"font-size: 18px;\">CHARAKTERYSTYKA SYSTEMU<\/span><\/strong><\/span><\/p>\n<ul>\n<li><span style=\"color: #000000;\">Widoczna wysoko\u015b\u0107\/szeroko\u015b\u0107<\/span><br \/>\n<span style=\"color: #000000;\">&#8211; Dolny profil o\u015bcie\u017cnicy: <strong>37 mm<\/strong><\/span><br \/>\n<span style=\"color: #000000;\">&#8211; Poziome skrzyd\u0142o: <strong>77,4 mm<\/strong><\/span><br \/>\n<span style=\"color: #000000;\">&#8211; Pionowe skrzyd\u0142o : <strong>96 mm<\/strong><\/span><\/li>\n<li><span style=\"color: #000000;\">G\u0142\u0119boko\u015b\u0107 konstrukcyjna<\/span><br \/>\n<span style=\"color: #000000;\">&#8211; Profil o\u015bcie\u017cnicy: <strong>77,4 mm<\/strong><\/span><br \/>\n<span style=\"color: #000000;\">&#8211; Profil skrzyd\u0142a : <strong>50 mm \u2013 dwuszynowy \/ 89,5 mm \u2013 trzyszynowy<\/strong><\/span><\/li>\n<li><span style=\"color: #000000;\">Wysoko\u015b\u0107 listwy przyszybowej: <strong>20 mm<\/strong><\/span><\/li>\n<li><span style=\"color: #000000;\">Grubo\u015b\u0107 szk\u0142a: <strong>4\u00f718 mm<\/strong><\/span><\/li>\n<\/ul>\n<p><\/li><li><span style=\"color: #000000;\"><strong><span style=\"font-size: 18px;\">IZOLACYJNO\u015a\u0106 AKUSTYCZNA<\/span><\/strong><\/span><\/p>\n<p style=\"padding-left: 40px;\"><span style=\"color: #000000;\">Poprawia izolacyjno\u015b\u0107 okien o 22 dB wg PN-87\/B-02151\/03 <\/span><\/p>\n<p><\/li><li><span style=\"color: #000000;\"><strong><span style=\"font-size: 18px;\">KLASA ODPORNO\u015aCI OGNIOWEJ<\/span><\/strong><\/span><\/p>\n<p style=\"padding-left: 40px;\"><span style=\"color: #000000;\">NRO<\/span><\/p>\n<p><\/li><\/ul><\/div><\/div><\/div><div class=\"wpb_column vc_column_container vc_col-md-6\"><div class=\"vc_column-inner\"><div class=\"wpb_wrapper\"><div class=\"vc_row wpb_row vc_inner vc_row-fluid\"><div class=\"wpb_column vc_column_container vc_col-md-12\"><div class=\"vc_column-inner\"><div class=\"wpb_wrapper\">\n\t<div  class=\"wpb_single_image wpb_content_element vc_align_center wpb_content_element wpb_animate_when_almost_visible wpb_fadeIn fadeIn\">\n\t\t\n\t\t<figure class=\"wpb_wrapper vc_figure\">\n\t\t\t<div class=\"vc_single_image-wrapper   vc_box_border_grey\"><img loading=\"lazy\" decoding=\"async\" width=\"1920\" height=\"1080\" src=\"https:\/\/zenaluminium.pl\/wp-content\/uploads\/2021\/05\/1-22-2.jpg\" class=\"vc_single_image-img attachment-full\" alt=\"Dom jednorodzinny z du\u017cymi oknami podnoszono przesuwnymi Yawal L50\" title=\"Dom jednorodzinny z du\u017cymi oknami podnoszono przesuwnymi Yawal L50\" srcset=\"https:\/\/zenaluminium.pl\/wp-content\/uploads\/2021\/05\/1-22-2.jpg 1920w, https:\/\/zenaluminium.pl\/wp-content\/uploads\/2021\/05\/1-22-2-300x169.jpg 300w, https:\/\/zenaluminium.pl\/wp-content\/uploads\/2021\/05\/1-22-2-1024x576.jpg 1024w, https:\/\/zenaluminium.pl\/wp-content\/uploads\/2021\/05\/1-22-2-768x432.jpg 768w, https:\/\/zenaluminium.pl\/wp-content\/uploads\/2021\/05\/1-22-2-1536x864.jpg 1536w\" sizes=\"auto, (max-width: 1920px) 100vw, 1920px\" \/><\/div>\n\t\t<\/figure>\n\t<\/div>\n<\/div><\/div><\/div><\/div><div class=\"vc_row wpb_row vc_inner vc_row-fluid\"><div class=\"wpb_column vc_column_container vc_col-md-6\"><div class=\"vc_column-inner\"><div class=\"wpb_wrapper\">\n\t<div  class=\"wpb_single_image wpb_content_element vc_align_center wpb_content_element\">\n\t\t\n\t\t<figure class=\"wpb_wrapper vc_figure\">\n\t\t\t<div class=\"vc_single_image-wrapper   vc_box_border_grey\"><img loading=\"lazy\" decoding=\"async\" width=\"800\" height=\"800\" src=\"https:\/\/zenaluminium.pl\/wp-content\/uploads\/2021\/05\/Yawal-L50-profil-aluminiowy-okna-przesuwne-1.jpg\" class=\"vc_single_image-img attachment-full\" alt=\"Przekr\u00f3j profila aluminiowego Yawal L50 okna i drzwi podnoszono przeswune\" title=\"Yawal-L50-profil-aluminiowy-okna-przesuwne\" srcset=\"https:\/\/zenaluminium.pl\/wp-content\/uploads\/2021\/05\/Yawal-L50-profil-aluminiowy-okna-przesuwne-1.jpg 800w, https:\/\/zenaluminium.pl\/wp-content\/uploads\/2021\/05\/Yawal-L50-profil-aluminiowy-okna-przesuwne-1-300x300.jpg 300w, https:\/\/zenaluminium.pl\/wp-content\/uploads\/2021\/05\/Yawal-L50-profil-aluminiowy-okna-przesuwne-1-150x150.jpg 150w, https:\/\/zenaluminium.pl\/wp-content\/uploads\/2021\/05\/Yawal-L50-profil-aluminiowy-okna-przesuwne-1-768x768.jpg 768w\" sizes=\"auto, (max-width: 800px) 100vw, 800px\" \/><\/div>\n\t\t<\/figure>\n\t<\/div>\n<\/div><\/div><\/div><div class=\"wpb_column vc_column_container vc_col-md-6\"><div class=\"vc_column-inner\"><div class=\"wpb_wrapper\">\n\t<div  class=\"wpb_single_image wpb_content_element vc_align_center wpb_content_element\">\n\t\t\n\t\t<figure class=\"wpb_wrapper vc_figure\">\n\t\t\t<div class=\"vc_single_image-wrapper   vc_box_border_grey\"><img loading=\"lazy\" decoding=\"async\" width=\"1659\" height=\"1358\" src=\"https:\/\/zenaluminium.pl\/wp-content\/uploads\/2021\/05\/przekroj-przez-skrzydla-przesuwne.jpg\" class=\"vc_single_image-img attachment-full\" alt=\"Rysunek techniczny systemu Yawal L50\" title=\"Rysunek techniczny systemu Yawal L50\" srcset=\"https:\/\/zenaluminium.pl\/wp-content\/uploads\/2021\/05\/przekroj-przez-skrzydla-przesuwne.jpg 1659w, https:\/\/zenaluminium.pl\/wp-content\/uploads\/2021\/05\/przekroj-przez-skrzydla-przesuwne-300x246.jpg 300w, https:\/\/zenaluminium.pl\/wp-content\/uploads\/2021\/05\/przekroj-przez-skrzydla-przesuwne-1024x838.jpg 1024w, https:\/\/zenaluminium.pl\/wp-content\/uploads\/2021\/05\/przekroj-przez-skrzydla-przesuwne-768x629.jpg 768w, https:\/\/zenaluminium.pl\/wp-content\/uploads\/2021\/05\/przekroj-przez-skrzydla-przesuwne-1536x1257.jpg 1536w\" sizes=\"auto, (max-width: 1659px) 100vw, 1659px\" \/><\/div>\n\t\t<\/figure>\n\t<\/div>\n<\/div><\/div><\/div><\/div><\/div><\/div><\/div><\/div><div class=\"vc_row wpb_row vc_row-fluid vc_custom_1622199612190 vc_row-has-fill\"><div class=\"wpb_column vc_column_container vc_col-md-12\"><div class=\"vc_column-inner\"><div class=\"wpb_wrapper\"><div class=\"download\"><div class='download-content text-uppercase' style='color: #f4c848'><i class='fa fas fa-cloud-download-alt'><\/i> POBIERZ ULOTK\u0118 SYSTEMU DRZWI I OKIEN PODNOSZONO PRZESUWNYCH YAWAL L50<\/div><a target='_self' href='https:\/\/zenaluminium.pl\/wp-content\/uploads\/2021\/05\/l50.pdf' class='btn btn-md btn-dark btn-shadow'>POBIERZ<\/a><\/div><\/div><\/div><\/div><\/div><div class=\"vc_row wpb_row vc_row-fluid\"><div class=\"wpb_column vc_column_container vc_col-md-6\"><div class=\"vc_column-inner\"><div class=\"wpb_wrapper\"><div class=\"wpb_gallery wpb_content_element vc_clearfix wpb_content_element wpb_animate_when_almost_visible wpb_fadeInUp fadeInUp\" ><div class=\"wpb_wrapper\"><div class=\"wpb_gallery_slides wpb_flexslider flexslider_fade flexslider\" data-interval=\"3\" data-flex_fx=\"fade\"><ul class=\"slides\"><li><a class=\"\" href=\"https:\/\/zenaluminium.pl\/wp-content\/uploads\/2021\/05\/1-22-2-1-1024x576.jpg\" data-lightbox=\"lightbox[rel-7617-4129571222]\"><img loading=\"lazy\" decoding=\"async\" width=\"1920\" height=\"1080\" src=\"https:\/\/zenaluminium.pl\/wp-content\/uploads\/2021\/05\/1-22-2-1.jpg\" class=\"attachment-full\" alt=\"Dom jednorodzinny z du\u017cymi oknami podnoszono przesuwnymi Yawal L50\" title=\"Dom jednorodzinny z du\u017cymi oknami podnoszono przesuwnymi Yawal L50\" srcset=\"https:\/\/zenaluminium.pl\/wp-content\/uploads\/2021\/05\/1-22-2-1.jpg 1920w, https:\/\/zenaluminium.pl\/wp-content\/uploads\/2021\/05\/1-22-2-1-300x169.jpg 300w, https:\/\/zenaluminium.pl\/wp-content\/uploads\/2021\/05\/1-22-2-1-1024x576.jpg 1024w, https:\/\/zenaluminium.pl\/wp-content\/uploads\/2021\/05\/1-22-2-1-768x432.jpg 768w, https:\/\/zenaluminium.pl\/wp-content\/uploads\/2021\/05\/1-22-2-1-1536x864.jpg 1536w\" sizes=\"auto, (max-width: 1920px) 100vw, 1920px\" \/><\/a><\/li><li><a class=\"\" href=\"https:\/\/zenaluminium.pl\/wp-content\/uploads\/2021\/05\/2-16-2.jpg\" data-lightbox=\"lightbox[rel-7617-4129571222]\"><img loading=\"lazy\" decoding=\"async\" width=\"960\" height=\"960\" src=\"https:\/\/zenaluminium.pl\/wp-content\/uploads\/2021\/05\/2-16-2.jpg\" class=\"attachment-full\" alt=\"Okna w altanie murowanej Yawal L50\" title=\"Okna w altanie murowanej Yawal L50\" srcset=\"https:\/\/zenaluminium.pl\/wp-content\/uploads\/2021\/05\/2-16-2.jpg 960w, https:\/\/zenaluminium.pl\/wp-content\/uploads\/2021\/05\/2-16-2-300x300.jpg 300w, https:\/\/zenaluminium.pl\/wp-content\/uploads\/2021\/05\/2-16-2-150x150.jpg 150w, https:\/\/zenaluminium.pl\/wp-content\/uploads\/2021\/05\/2-16-2-768x768.jpg 768w\" sizes=\"auto, (max-width: 960px) 100vw, 960px\" \/><\/a><\/li><li><a class=\"\" href=\"https:\/\/zenaluminium.pl\/wp-content\/uploads\/2021\/05\/3-15-2.jpg\" data-lightbox=\"lightbox[rel-7617-4129571222]\"><img loading=\"lazy\" decoding=\"async\" width=\"960\" height=\"960\" src=\"https:\/\/zenaluminium.pl\/wp-content\/uploads\/2021\/05\/3-15-2.jpg\" class=\"attachment-full\" alt=\"Yawal L50 okna w domku jednorodzinnym\" title=\"Yawal L50 okna w domku jednorodzinnym\" srcset=\"https:\/\/zenaluminium.pl\/wp-content\/uploads\/2021\/05\/3-15-2.jpg 960w, https:\/\/zenaluminium.pl\/wp-content\/uploads\/2021\/05\/3-15-2-300x300.jpg 300w, https:\/\/zenaluminium.pl\/wp-content\/uploads\/2021\/05\/3-15-2-150x150.jpg 150w, https:\/\/zenaluminium.pl\/wp-content\/uploads\/2021\/05\/3-15-2-768x768.jpg 768w\" sizes=\"auto, (max-width: 960px) 100vw, 960px\" \/><\/a><\/li><li><a class=\"\" href=\"https:\/\/zenaluminium.pl\/wp-content\/uploads\/2021\/05\/4-13-2.jpg\" data-lightbox=\"lightbox[rel-7617-4129571222]\"><img loading=\"lazy\" decoding=\"async\" width=\"960\" height=\"960\" src=\"https:\/\/zenaluminium.pl\/wp-content\/uploads\/2021\/05\/4-13-2.jpg\" class=\"attachment-full\" alt=\"Drzwi do klatki schodowej Yawal L50 pochwyt\" title=\"Drzwi do klatki schodowej Yawal L50 pochwyt\" srcset=\"https:\/\/zenaluminium.pl\/wp-content\/uploads\/2021\/05\/4-13-2.jpg 960w, https:\/\/zenaluminium.pl\/wp-content\/uploads\/2021\/05\/4-13-2-300x300.jpg 300w, https:\/\/zenaluminium.pl\/wp-content\/uploads\/2021\/05\/4-13-2-150x150.jpg 150w, https:\/\/zenaluminium.pl\/wp-content\/uploads\/2021\/05\/4-13-2-768x768.jpg 768w\" sizes=\"auto, (max-width: 960px) 100vw, 960px\" \/><\/a><\/li><\/ul><\/div><\/div><\/div><\/div><\/div><\/div><div class=\"wpb_column vc_column_container vc_col-md-6\"><div class=\"vc_column-inner\"><div class=\"wpb_wrapper\"><div class=\"wpb_gallery wpb_content_element vc_clearfix wpb_content_element wpb_animate_when_almost_visible wpb_fadeInUp fadeInUp\" ><div class=\"wpb_wrapper\"><div class=\"wpb_gallery_slides wpb_flexslider flexslider_fade flexslider\" data-interval=\"3\" data-flex_fx=\"fade\"><ul class=\"slides\"><li><a class=\"\" href=\"https:\/\/zenaluminium.pl\/wp-content\/uploads\/2021\/05\/yawal-dp180-okna-aluminiowe-przesuwne.jpg\" data-lightbox=\"lightbox[rel-7617-31527787]\"><img loading=\"lazy\" decoding=\"async\" width=\"800\" height=\"800\" src=\"https:\/\/zenaluminium.pl\/wp-content\/uploads\/2021\/05\/yawal-dp180-okna-aluminiowe-przesuwne.jpg\" class=\"attachment-full\" alt=\"\" title=\"yawal-dp180-okna-aluminiowe-przesuwne\" srcset=\"https:\/\/zenaluminium.pl\/wp-content\/uploads\/2021\/05\/yawal-dp180-okna-aluminiowe-przesuwne.jpg 800w, https:\/\/zenaluminium.pl\/wp-content\/uploads\/2021\/05\/yawal-dp180-okna-aluminiowe-przesuwne-300x300.jpg 300w, https:\/\/zenaluminium.pl\/wp-content\/uploads\/2021\/05\/yawal-dp180-okna-aluminiowe-przesuwne-150x150.jpg 150w, https:\/\/zenaluminium.pl\/wp-content\/uploads\/2021\/05\/yawal-dp180-okna-aluminiowe-przesuwne-768x768.jpg 768w\" sizes=\"auto, (max-width: 800px) 100vw, 800px\" \/><\/a><\/li><li><a class=\"\" href=\"https:\/\/zenaluminium.pl\/wp-content\/uploads\/2021\/05\/11-3-2.jpg\" data-lightbox=\"lightbox[rel-7617-31527787]\"><img loading=\"lazy\" decoding=\"async\" width=\"900\" height=\"600\" src=\"https:\/\/zenaluminium.pl\/wp-content\/uploads\/2021\/05\/11-3-2.jpg\" class=\"attachment-full\" alt=\"Yawal L50 okna aluminiowe stolarka\" title=\"Yawal L50 okna aluminiowe stolarka\" srcset=\"https:\/\/zenaluminium.pl\/wp-content\/uploads\/2021\/05\/11-3-2.jpg 900w, https:\/\/zenaluminium.pl\/wp-content\/uploads\/2021\/05\/11-3-2-300x200.jpg 300w, https:\/\/zenaluminium.pl\/wp-content\/uploads\/2021\/05\/11-3-2-768x512.jpg 768w\" sizes=\"auto, (max-width: 900px) 100vw, 900px\" \/><\/a><\/li><li><a class=\"\" href=\"https:\/\/zenaluminium.pl\/wp-content\/uploads\/2021\/05\/13-3-2.jpg\" data-lightbox=\"lightbox[rel-7617-31527787]\"><img loading=\"lazy\" decoding=\"async\" width=\"600\" height=\"849\" src=\"https:\/\/zenaluminium.pl\/wp-content\/uploads\/2021\/05\/13-3-2.jpg\" class=\"attachment-full\" alt=\"Klatka schodowa w bloku mieszkalnym Yawal L50\" title=\"Klatka schodowa w bloku mieszkalnym Yawal L50\" srcset=\"https:\/\/zenaluminium.pl\/wp-content\/uploads\/2021\/05\/13-3-2.jpg 600w, https:\/\/zenaluminium.pl\/wp-content\/uploads\/2021\/05\/13-3-2-212x300.jpg 212w\" sizes=\"auto, (max-width: 600px) 100vw, 600px\" \/><\/a><\/li><li><a class=\"\" href=\"https:\/\/zenaluminium.pl\/wp-content\/uploads\/2021\/05\/14-3-2.jpg\" data-lightbox=\"lightbox[rel-7617-31527787]\"><img loading=\"lazy\" decoding=\"async\" width=\"900\" height=\"600\" src=\"https:\/\/zenaluminium.pl\/wp-content\/uploads\/2021\/05\/14-3-2.jpg\" class=\"attachment-full\" alt=\"Blok mieszkalny okna i fasady Yawal L50\" title=\"Blok mieszkalny okna i fasady Yawal L50\" srcset=\"https:\/\/zenaluminium.pl\/wp-content\/uploads\/2021\/05\/14-3-2.jpg 900w, https:\/\/zenaluminium.pl\/wp-content\/uploads\/2021\/05\/14-3-2-300x200.jpg 300w, https:\/\/zenaluminium.pl\/wp-content\/uploads\/2021\/05\/14-3-2-768x512.jpg 768w\" sizes=\"auto, (max-width: 900px) 100vw, 900px\" \/><\/a><\/li><li><a class=\"\" href=\"https:\/\/zenaluminium.pl\/wp-content\/uploads\/2021\/05\/15-3-2.jpg\" data-lightbox=\"lightbox[rel-7617-31527787]\"><img loading=\"lazy\" decoding=\"async\" width=\"900\" height=\"600\" src=\"https:\/\/zenaluminium.pl\/wp-content\/uploads\/2021\/05\/15-3-2.jpg\" class=\"attachment-full\" alt=\"Blok mieszkalny okna Yawal L50\" title=\"Blok mieszkalny okna Yawal L50\" srcset=\"https:\/\/zenaluminium.pl\/wp-content\/uploads\/2021\/05\/15-3-2.jpg 900w, https:\/\/zenaluminium.pl\/wp-content\/uploads\/2021\/05\/15-3-2-300x200.jpg 300w, https:\/\/zenaluminium.pl\/wp-content\/uploads\/2021\/05\/15-3-2-768x512.jpg 768w\" sizes=\"auto, (max-width: 900px) 100vw, 900px\" \/><\/a><\/li><\/ul><\/div><\/div><\/div><\/div><\/div><\/div><\/div><div class=\"vc_row wpb_row vc_row-fluid\"><div class=\"wpb_column vc_column_container vc_col-md-12\"><div class=\"vc_column-inner\"><div class=\"wpb_wrapper\">\n\t<div class=\"wpb_text_column wpb_content_element\" >\n\t\t<div class=\"wpb_wrapper\">\n\t\t\t<p>[ratemypost]<\/p>\n\n\t\t<\/div>\n\t<\/div>\n<\/div><\/div><\/div><\/div>\n<\/div>","protected":false},"excerpt":{"rendered":"SYSTEM OKIEN I DRZWI PODNOSZONO PRZESUWNYCH - YAWAL L50 System profili aluminiowych pozwalaj\u0105cy projektowa\u0107 i wykonywa\u0107 przeszklone segmenty przesuwne do zabudowy balkon\u00f3w i loggii (L 50B) oraz segmenty przesuwne do \u015bcian dzia\u0142owych (L 50S). Przeszklone \u015bciany dzia\u0142owe s\u0105 niepalne i &hellip;","protected":false},"author":1,"featured_media":0,"parent":3338,"menu_order":0,"comment_status":"closed","ping_status":"closed","template":"","meta":{"footnotes":""},"class_list":["post-7617","page","type-page","status-publish","hentry"],"yoast_head":"<!-- This site is optimized with the Yoast SEO plugin v27.2 - https:\/\/yoast.com\/product\/yoast-seo-wordpress\/ -->\n<title>YAWAL L50 - Zen Aluminium - polski producent okien i drzwi z aluminium<\/title>\n<meta name=\"robots\" content=\"index, follow, max-snippet:-1, max-image-preview:large, max-video-preview:-1\" \/>\n<link rel=\"canonical\" href=\"https:\/\/zenaluminium.pl\/de\/dienstleistungen\/fenster-aluminium-systeme\/schieben\/yawal-l50\/\" \/>\n<meta property=\"og:locale\" content=\"de_DE\" \/>\n<meta property=\"og:type\" content=\"article\" \/>\n<meta property=\"og:title\" content=\"YAWAL L50 - Zen Aluminium - polski producent okien i drzwi z aluminium\" \/>\n<meta property=\"og:url\" content=\"https:\/\/zenaluminium.pl\/de\/dienstleistungen\/fenster-aluminium-systeme\/schieben\/yawal-l50\/\" \/>\n<meta property=\"og:site_name\" content=\"Zen Aluminium - polski producent okien i drzwi z aluminium\" \/>\n<meta property=\"article:publisher\" content=\"http:\/\/fb.com\/zenaluminum\" \/>\n<meta property=\"article:modified_time\" content=\"2024-11-07T06:38:26+00:00\" \/>\n<meta name=\"twitter:card\" content=\"summary_large_image\" \/>\n<meta name=\"twitter:label1\" content=\"Gesch\u00e4tzte Lesezeit\" \/>\n\t<meta name=\"twitter:data1\" content=\"2\u00a0Minuten\" \/>\n<script type=\"application\/ld+json\" class=\"yoast-schema-graph\">{\"@context\":\"https:\/\/schema.org\",\"@graph\":[{\"@type\":\"WebPage\",\"@id\":\"https:\/\/zenaluminium.pl\/uslugi\/systemy-okienne-aluminiowe\/przesuwne\/yawal-l50\/\",\"url\":\"https:\/\/zenaluminium.pl\/uslugi\/systemy-okienne-aluminiowe\/przesuwne\/yawal-l50\/\",\"name\":\"YAWAL L50 - Zen Aluminium - polski producent okien i drzwi z aluminium\",\"isPartOf\":{\"@id\":\"https:\/\/zenaluminium.pl\/#website\"},\"datePublished\":\"2021-05-31T07:36:19+00:00\",\"dateModified\":\"2024-11-07T06:38:26+00:00\",\"breadcrumb\":{\"@id\":\"https:\/\/zenaluminium.pl\/uslugi\/systemy-okienne-aluminiowe\/przesuwne\/yawal-l50\/#breadcrumb\"},\"inLanguage\":\"de\",\"potentialAction\":[{\"@type\":\"ReadAction\",\"target\":[\"https:\/\/zenaluminium.pl\/uslugi\/systemy-okienne-aluminiowe\/przesuwne\/yawal-l50\/\"]}]},{\"@type\":\"BreadcrumbList\",\"@id\":\"https:\/\/zenaluminium.pl\/uslugi\/systemy-okienne-aluminiowe\/przesuwne\/yawal-l50\/#breadcrumb\",\"itemListElement\":[{\"@type\":\"ListItem\",\"position\":1,\"name\":\"Home\",\"item\":\"https:\/\/zenaluminium.pl\/\"},{\"@type\":\"ListItem\",\"position\":2,\"name\":\"Stolarka aluminiowa\",\"item\":\"https:\/\/zenaluminium.pl\/uslugi\/\"},{\"@type\":\"ListItem\",\"position\":3,\"name\":\"OKNA ALUMINIOWE\",\"item\":\"https:\/\/zenaluminium.pl\/uslugi\/systemy-okienne-aluminiowe\/\"},{\"@type\":\"ListItem\",\"position\":4,\"name\":\"OKNA PRZESUWNE ALUMINIOWE\",\"item\":\"https:\/\/zenaluminium.pl\/uslugi\/systemy-okienne-aluminiowe\/przesuwne\/\"},{\"@type\":\"ListItem\",\"position\":5,\"name\":\"YAWAL L50\"}]},{\"@type\":\"WebSite\",\"@id\":\"https:\/\/zenaluminium.pl\/#website\",\"url\":\"https:\/\/zenaluminium.pl\/\",\"name\":\"Zen Aluminium - polski producent okien i drzwi z aluminium\",\"description\":\"Stolarka okienna, fasady, ogrody zimowe, rozwi\u0105zania klasy premium\",\"potentialAction\":[{\"@type\":\"SearchAction\",\"target\":{\"@type\":\"EntryPoint\",\"urlTemplate\":\"https:\/\/zenaluminium.pl\/?s={search_term_string}\"},\"query-input\":{\"@type\":\"PropertyValueSpecification\",\"valueRequired\":true,\"valueName\":\"search_term_string\"}}],\"inLanguage\":\"de\"}]}<\/script>\n<!-- \/ Yoast SEO plugin. -->","yoast_head_json":{"title":"YAWAL L50 - Zen Aluminium - Polnischer Hersteller von Fenstern und T\u00fcren aus Aluminium","robots":{"index":"index","follow":"follow","max-snippet":"max-snippet:-1","max-image-preview":"max-image-preview:large","max-video-preview":"max-video-preview:-1"},"canonical":"https:\/\/zenaluminium.pl\/de\/dienstleistungen\/fenster-aluminium-systeme\/schieben\/yawal-l50\/","og_locale":"de_DE","og_type":"article","og_title":"YAWAL L50 - Zen Aluminium - polski producent okien i drzwi z aluminium","og_url":"https:\/\/zenaluminium.pl\/de\/dienstleistungen\/fenster-aluminium-systeme\/schieben\/yawal-l50\/","og_site_name":"Zen Aluminium - polski producent okien i drzwi z aluminium","article_publisher":"http:\/\/fb.com\/zenaluminum","article_modified_time":"2024-11-07T06:38:26+00:00","twitter_card":"summary_large_image","twitter_misc":{"Gesch\u00e4tzte Lesezeit":"2\u00a0Minuten"},"schema":{"@context":"https:\/\/schema.org","@graph":[{"@type":"WebPage","@id":"https:\/\/zenaluminium.pl\/uslugi\/systemy-okienne-aluminiowe\/przesuwne\/yawal-l50\/","url":"https:\/\/zenaluminium.pl\/uslugi\/systemy-okienne-aluminiowe\/przesuwne\/yawal-l50\/","name":"YAWAL L50 - Zen Aluminium - Polnischer Hersteller von Fenstern und T\u00fcren aus Aluminium","isPartOf":{"@id":"https:\/\/zenaluminium.pl\/#website"},"datePublished":"2021-05-31T07:36:19+00:00","dateModified":"2024-11-07T06:38:26+00:00","breadcrumb":{"@id":"https:\/\/zenaluminium.pl\/uslugi\/systemy-okienne-aluminiowe\/przesuwne\/yawal-l50\/#breadcrumb"},"inLanguage":"de","potentialAction":[{"@type":"ReadAction","target":["https:\/\/zenaluminium.pl\/uslugi\/systemy-okienne-aluminiowe\/przesuwne\/yawal-l50\/"]}]},{"@type":"BreadcrumbList","@id":"https:\/\/zenaluminium.pl\/uslugi\/systemy-okienne-aluminiowe\/przesuwne\/yawal-l50\/#breadcrumb","itemListElement":[{"@type":"ListItem","position":1,"name":"Home","item":"https:\/\/zenaluminium.pl\/"},{"@type":"ListItem","position":2,"name":"Stolarka aluminiowa","item":"https:\/\/zenaluminium.pl\/uslugi\/"},{"@type":"ListItem","position":3,"name":"OKNA ALUMINIOWE","item":"https:\/\/zenaluminium.pl\/uslugi\/systemy-okienne-aluminiowe\/"},{"@type":"ListItem","position":4,"name":"OKNA PRZESUWNE ALUMINIOWE","item":"https:\/\/zenaluminium.pl\/uslugi\/systemy-okienne-aluminiowe\/przesuwne\/"},{"@type":"ListItem","position":5,"name":"YAWAL L50"}]},{"@type":"WebSite","@id":"https:\/\/zenaluminium.pl\/#website","url":"https:\/\/zenaluminium.pl\/","name":"Zen Aluminium - Polnischer Hersteller von Fenstern und T\u00fcren aus Aluminium","description":"Fenstertischlerei, Fassaden, Winterg\u00e4rten, hochwertige L\u00f6sungen","potentialAction":[{"@type":"SearchAction","target":{"@type":"EntryPoint","urlTemplate":"https:\/\/zenaluminium.pl\/?s={search_term_string}"},"query-input":{"@type":"PropertyValueSpecification","valueRequired":true,"valueName":"search_term_string"}}],"inLanguage":"de"}]}},"_links":{"self":[{"href":"https:\/\/zenaluminium.pl\/de\/wp-json\/wp\/v2\/pages\/7617","targetHints":{"allow":["GET"]}}],"collection":[{"href":"https:\/\/zenaluminium.pl\/de\/wp-json\/wp\/v2\/pages"}],"about":[{"href":"https:\/\/zenaluminium.pl\/de\/wp-json\/wp\/v2\/types\/page"}],"author":[{"embeddable":true,"href":"https:\/\/zenaluminium.pl\/de\/wp-json\/wp\/v2\/users\/1"}],"replies":[{"embeddable":true,"href":"https:\/\/zenaluminium.pl\/de\/wp-json\/wp\/v2\/comments?post=7617"}],"version-history":[{"count":5,"href":"https:\/\/zenaluminium.pl\/de\/wp-json\/wp\/v2\/pages\/7617\/revisions"}],"predecessor-version":[{"id":19100,"href":"https:\/\/zenaluminium.pl\/de\/wp-json\/wp\/v2\/pages\/7617\/revisions\/19100"}],"up":[{"embeddable":true,"href":"https:\/\/zenaluminium.pl\/de\/wp-json\/wp\/v2\/pages\/3338"}],"wp:attachment":[{"href":"https:\/\/zenaluminium.pl\/de\/wp-json\/wp\/v2\/media?parent=7617"}],"curies":[{"name":"wp","href":"https:\/\/api.w.org\/{rel}","templated":true}]}}