{"id":3115,"date":"2017-04-06T07:48:29","date_gmt":"2017-04-06T06:48:29","guid":{"rendered":"http:\/\/zenaluminium.com\/?page_id=3115\/"},"modified":"2023-10-24T11:13:06","modified_gmt":"2023-10-24T09:13:06","slug":"door-aluminium-systems","status":"publish","type":"page","link":"https:\/\/zenaluminium.pl\/en\/uslugi\/systemy-drzwiowe-aluminiowe\/","title":{"rendered":"DOOR SYSTEMS"},"content":{"rendered":"<div class=\"wpb-content-wrapper\"><div class=\"vc_row wpb_row vc_row-fluid vc_custom_1529668816241\"><div class=\"wpb_column vc_column_container vc_col-md-12\"><div class=\"vc_column-inner\"><div class=\"wpb_wrapper\"><h1 class='heading-middle  style-1' ><span>ALUMINIUM DOORS <\/span><\/h1>\n\t<div class=\"wpb_text_column wpb_content_element\" >\n\t\t<div class=\"wpb_wrapper\">\n\t\t\t<h2>Zen Aluminium manufactures doors on aluminium profiles. We divide our products into 4 main categories. These are sliding doors most often intended for terraces and garden exits, classic hinge doors, entrance doors - also meeting safety standards intended for doors e.g. in shopping centres or commercial buildings. The last group are the so-called folding doors. All doors are manufactured to measure. We invite you to contact us and provide a free quote<\/h2>\n\n\t\t<\/div>\n\t<\/div>\n<div class=\"vc_empty_space\"   style=\"height: 50px\"><span class=\"vc_empty_space_inner\"><\/span><\/div><\/div><\/div><\/div><\/div><div class=\"vc_row wpb_row vc_row-fluid\"><div class=\"wpb_column vc_column_container vc_col-md-6\"><div class=\"vc_column-inner\"><div class=\"wpb_wrapper\">\n\t<div class=\"wpb_text_column wpb_content_element\" >\n\t\t<div class=\"wpb_wrapper\">\n\t\t\t<h1 style=\"text-align: center;\"><a href=\"\/en\/services\/door-aluminium-systems\/sliding-door\/\">Sliding doors<\/a><\/h1>\n\n\t\t<\/div>\n\t<\/div>\n<div class='featured featured-has-link featured-has-content simple-style'><div class='featured-header'><a target='_self' href='\/en\/services\/door-aluminium-systems\/sliding-door\/'><img alt='ALUMINIUM SLIDING DOORS' src='https:\/\/zenaluminium.pl\/wp-content\/uploads\/2023\/04\/sliding-doors-drzwi-przesuwne-tarasowe.jpg'\/><\/a><\/div><div class='featured-content'><h3 class='featured-title text-uppercase'><a target='_self' href='\/en\/services\/door-aluminium-systems\/sliding-door\/'>ALUMINIUM SLIDING DOORS<\/a><\/h3><p class='featured-desc'>In the single track version, consisting of fixed glazing and sash, the rail is concealed in the fixed glazing zone. This system enables solutions designed to achieve a full-width opening by hiding the sashes in chambers in the building wall. This opens up 100% of the door surface.<\/p><a class='btn btn-md btn-minimal' target='_self' href='\/en\/services\/door-aluminium-systems\/sliding-door\/'>SEE SOLUTIONS<\/a><\/div><\/div><div class=\"vc_empty_space\"   style=\"height: 32px\"><span class=\"vc_empty_space_inner\"><\/span><\/div>\n\t<div class=\"wpb_text_column wpb_content_element\" >\n\t\t<div class=\"wpb_wrapper\">\n\t\t\t<h1 style=\"text-align: center;\"><a href=\"\/en\/services\/door-aluminium-systems\/input\/\">Front door<\/a><\/h1>\n\n\t\t<\/div>\n\t<\/div>\n<div class='featured featured-has-link featured-has-content simple-style'><div class='featured-header'><a target='_self' href='\/en\/services\/door-aluminium-systems\/input\/'><img alt='ALUMINIUM ENTRANCE DOOR' src='https:\/\/zenaluminium.pl\/wp-content\/uploads\/2023\/04\/drzwi-aluminiowe-wejsciowe-zewnetrzne-panelowe.jpg'\/><\/a><\/div><div class='featured-content'><h3 class='featured-title text-uppercase'><a target='_self' href='\/en\/services\/door-aluminium-systems\/input\/'>ALUMINIUM ENTRANCE DOOR<\/a><\/h3><p class='featured-desc'>A new aluminium fire door system with a fire resistance rating of EI60, responding to stringent safety requirements, enabling the fire zoning of a building and thus the safe evacuation of its occupants.<\/p><a class='btn btn-md btn-minimal' target='_self' href='\/en\/services\/door-aluminium-systems\/input\/'>SEE SOLUTIONS<\/a><\/div><\/div><\/div><\/div><\/div><div class=\"wpb_column vc_column_container vc_col-md-6\"><div class=\"vc_column-inner\"><div class=\"wpb_wrapper\">\n\t<div class=\"wpb_text_column wpb_content_element\" >\n\t\t<div class=\"wpb_wrapper\">\n\t\t\t<h1 style=\"text-align: center;\"><a href=\"\/en\/services\/door-aluminium-systems\/door-classic\/\">Classic hinged doors<\/a><\/h1>\n\n\t\t<\/div>\n\t<\/div>\n<div class='featured featured-has-link featured-has-content simple-style'><div class='featured-header'><a target='_self' href='\/en\/services\/door-aluminium-systems\/door-classic\/'><img alt='ALUMINIUM HINGED DOORS' src='https:\/\/zenaluminium.pl\/wp-content\/uploads\/2023\/04\/drzwi-aluminiowe-zawiasowe.jpg'\/><\/a><\/div><div class='featured-content'><h3 class='featured-title text-uppercase'><a target='_self' href='\/en\/services\/door-aluminium-systems\/door-classic\/'>ALUMINIUM HINGED DOORS<\/a><\/h3><p class='featured-desc'>A hinged door system with a frame depth of 60 mm to 80 mm and high thermal insulation with Uw values from 0.9 W\/m\u00b2K. This is achieved thanks to perfectly designed and perfectly fitting aluminium profiles, a 25 mm wide thermal break, airtight gaskets made of E.P.D.M material and polyolefin foam placed peripherally in the glazing rebate. Straight and rounded sashes and glazing beads with straight, angled or rounded edges are also available. It offers the possibility of using fittings with concealed hinges.<\/p><a class='btn btn-md btn-minimal' target='_self' href='\/en\/services\/door-aluminium-systems\/door-classic\/'>SEE SOLUTIONS<\/a><\/div><\/div><div class=\"vc_empty_space\"   style=\"height: 32px\"><span class=\"vc_empty_space_inner\"><\/span><\/div>\n\t<div class=\"wpb_text_column wpb_content_element\" >\n\t\t<div class=\"wpb_wrapper\">\n\t\t\t<h1 style=\"text-align: center;\"><a href=\"\/en\/services\/door-aluminium-systems\/folding\/\">Folding doors<\/a><\/h1>\n\n\t\t<\/div>\n\t<\/div>\n<div class='featured featured-has-link featured-has-content simple-style'><div class='featured-header'><a target='_self' href='\/en\/services\/door-aluminium-systems\/folding\/'><img alt='ALUMINIUM FOLDING DOORS' src='https:\/\/zenaluminium.pl\/wp-content\/uploads\/2023\/04\/drzwi-aluminiowe-skladane-harmonijkowe-bi-fold.jpg'\/><\/a><\/div><div class='featured-content'><h3 class='featured-title text-uppercase'><a target='_self' href='\/en\/services\/door-aluminium-systems\/folding\/'>ALUMINIUM FOLDING DOORS<\/a><\/h3><p class='featured-desc'>The thermal break door system has been specially designed to cover large spaces with the greatest possible attention to aesthetics. Its design is distinguished by its versatility. It has a wide choice of configurations of up to 14 wings outside and inside the opening, with the possibility of an even or odd number of wings.<br \/>\nWith the aim of facilitating accessibility, it is possible to completely hide the threshold. In addition, the rollers and wheels are hidden in close proximity, providing a more attractive and transparent aesthetic.<\/p><a class='btn btn-md btn-minimal' target='_self' href='\/en\/services\/door-aluminium-systems\/folding\/'>SEE SOLUTIONS<\/a><\/div><\/div><\/div><\/div><\/div><\/div><div class=\"vc_row wpb_row vc_row-fluid\"><div class=\"wpb_column vc_column_container vc_col-md-6\"><div class=\"vc_column-inner\"><div class=\"wpb_wrapper\"><div class=\"vc_empty_space\"   style=\"height: 32px\"><span class=\"vc_empty_space_inner\"><\/span><\/div>\n\t<div class=\"wpb_text_column wpb_content_element\" >\n\t\t<div class=\"wpb_wrapper\">\n\t\t\t<h1 style=\"text-align: center;\"><a href=\"https:\/\/zenaluminium.pl\/en\/services\/door-aluminium-systems\/revolving-pivot-door\/\">Pivot doors<\/a><\/h1>\n\n\t\t<\/div>\n\t<\/div>\n<div class='featured featured-has-link featured-has-content simple-style'><div class='featured-header'><a target='_self' href='https:\/\/zenaluminium.pl\/en\/services\/door-aluminium-systems\/revolving-pivot-door\/'><img alt='OBORT DOORS - PIVOT' src='https:\/\/zenaluminium.pl\/wp-content\/uploads\/2023\/10\/17_pivot_www-722x368.jpg'\/><\/a><\/div><div class='featured-content'><h3 class='featured-title text-uppercase'><a target='_self' href='https:\/\/zenaluminium.pl\/en\/services\/door-aluminium-systems\/revolving-pivot-door\/'>OBORT DOORS - PIVOT<\/a><\/h3><p class='featured-desc'>Pivot doors are a specific type of door that pivot around a point on an axis, instead of traditional hinges located on the side of the door. Thanks to this solution, they not only offer a unique look, but also allow the creation of larger and more impressive entrances.<\/p><a class='btn btn-md btn-minimal' target='_self' href='https:\/\/zenaluminium.pl\/en\/services\/door-aluminium-systems\/revolving-pivot-door\/'>SEE SOLUTIONS<\/a><\/div><\/div><\/div><\/div><\/div><div class=\"wpb_column vc_column_container vc_col-md-6\"><div class=\"vc_column-inner\"><div class=\"wpb_wrapper\"><\/div><\/div><\/div><\/div>\n<\/div>","protected":false},"excerpt":{"rendered":"ALUMINIUM DOORS The Zen Aluminium Company manufactures doors on aluminium profiles. We divide our products into 4 main categories. These are sliding doors, which are most often used for terraces and garden exits, classic hinged doors, entrance doors - also meeting safety standards ...","protected":false},"author":1,"featured_media":0,"parent":3142,"menu_order":0,"comment_status":"closed","ping_status":"closed","template":"","meta":{"footnotes":""},"class_list":["post-3115","page","type-page","status-publish","hentry"],"yoast_head":"<!-- This site is optimized with the Yoast SEO plugin v27.2 - https:\/\/yoast.com\/product\/yoast-seo-wordpress\/ -->\n<title>DRZWI ALUMINIOWE - ZenAluminium - Drzwi przesuwne i zawiasowe<\/title>\n<meta name=\"description\" content=\"Przedstawiamy nasz\u0105 ofert\u0119 drzwi z profili aluminiowych. Dost\u0119pne s\u0105 systemy klasyczne na zawiasach oraz przesuwne, harmonijkowe czy wej\u015bciowe.\" \/>\n<meta name=\"robots\" content=\"index, follow, max-snippet:-1, max-image-preview:large, max-video-preview:-1\" \/>\n<link rel=\"canonical\" href=\"https:\/\/zenaluminium.pl\/en\/services\/door-aluminium-systems\/\" \/>\n<meta property=\"og:locale\" content=\"en_GB\" \/>\n<meta property=\"og:type\" content=\"article\" \/>\n<meta property=\"og:title\" content=\"DRZWI ALUMINIOWE - ZenAluminium - Drzwi przesuwne i zawiasowe\" \/>\n<meta property=\"og:description\" content=\"Przedstawiamy nasz\u0105 ofert\u0119 drzwi z profili aluminiowych. Dost\u0119pne s\u0105 systemy klasyczne na zawiasach oraz przesuwne, harmonijkowe czy wej\u015bciowe.\" \/>\n<meta property=\"og:url\" content=\"https:\/\/zenaluminium.pl\/en\/services\/door-aluminium-systems\/\" \/>\n<meta property=\"og:site_name\" content=\"Zen Aluminium - polski producent okien i drzwi z aluminium\" \/>\n<meta property=\"article:publisher\" content=\"http:\/\/fb.com\/zenaluminum\" \/>\n<meta property=\"article:modified_time\" content=\"2023-10-24T09:13:06+00:00\" \/>\n<meta name=\"twitter:card\" content=\"summary_large_image\" \/>\n<meta name=\"twitter:label1\" content=\"Estimated reading time\" \/>\n\t<meta name=\"twitter:data1\" content=\"3 minutes\" \/>\n<script type=\"application\/ld+json\" class=\"yoast-schema-graph\">{\"@context\":\"https:\/\/schema.org\",\"@graph\":[{\"@type\":\"WebPage\",\"@id\":\"https:\/\/zenaluminium.pl\/uslugi\/systemy-drzwiowe-aluminiowe\/\",\"url\":\"https:\/\/zenaluminium.pl\/uslugi\/systemy-drzwiowe-aluminiowe\/\",\"name\":\"DRZWI ALUMINIOWE - ZenAluminium - Drzwi przesuwne i zawiasowe\",\"isPartOf\":{\"@id\":\"https:\/\/zenaluminium.pl\/#website\"},\"datePublished\":\"2017-04-06T06:48:29+00:00\",\"dateModified\":\"2023-10-24T09:13:06+00:00\",\"description\":\"Przedstawiamy nasz\u0105 ofert\u0119 drzwi z profili aluminiowych. Dost\u0119pne s\u0105 systemy klasyczne na zawiasach oraz przesuwne, harmonijkowe czy wej\u015bciowe.\",\"breadcrumb\":{\"@id\":\"https:\/\/zenaluminium.pl\/uslugi\/systemy-drzwiowe-aluminiowe\/#breadcrumb\"},\"inLanguage\":\"en-GB\",\"potentialAction\":[{\"@type\":\"ReadAction\",\"target\":[\"https:\/\/zenaluminium.pl\/uslugi\/systemy-drzwiowe-aluminiowe\/\"]}]},{\"@type\":\"BreadcrumbList\",\"@id\":\"https:\/\/zenaluminium.pl\/uslugi\/systemy-drzwiowe-aluminiowe\/#breadcrumb\",\"itemListElement\":[{\"@type\":\"ListItem\",\"position\":1,\"name\":\"Home\",\"item\":\"https:\/\/zenaluminium.pl\/\"},{\"@type\":\"ListItem\",\"position\":2,\"name\":\"Stolarka aluminiowa\",\"item\":\"https:\/\/zenaluminium.pl\/uslugi\/\"},{\"@type\":\"ListItem\",\"position\":3,\"name\":\"SYSTEMY DRZWIOWE\"}]},{\"@type\":\"WebSite\",\"@id\":\"https:\/\/zenaluminium.pl\/#website\",\"url\":\"https:\/\/zenaluminium.pl\/\",\"name\":\"Zen Aluminium - polski producent okien i drzwi z aluminium\",\"description\":\"Stolarka okienna, fasady, ogrody zimowe, rozwi\u0105zania klasy premium\",\"potentialAction\":[{\"@type\":\"SearchAction\",\"target\":{\"@type\":\"EntryPoint\",\"urlTemplate\":\"https:\/\/zenaluminium.pl\/?s={search_term_string}\"},\"query-input\":{\"@type\":\"PropertyValueSpecification\",\"valueRequired\":true,\"valueName\":\"search_term_string\"}}],\"inLanguage\":\"en-GB\"}]}<\/script>\n<!-- \/ Yoast SEO plugin. -->","yoast_head_json":{"title":"ALUMINIUM DOORS - ZenAluminium - Sliding and hinged doors","description":"Introducing our range of aluminium profile doors. Classic systems on hinges as well as sliding, folding or entrance doors are available.","robots":{"index":"index","follow":"follow","max-snippet":"max-snippet:-1","max-image-preview":"max-image-preview:large","max-video-preview":"max-video-preview:-1"},"canonical":"https:\/\/zenaluminium.pl\/en\/services\/door-aluminium-systems\/","og_locale":"en_GB","og_type":"article","og_title":"DRZWI ALUMINIOWE - ZenAluminium - Drzwi przesuwne i zawiasowe","og_description":"Przedstawiamy nasz\u0105 ofert\u0119 drzwi z profili aluminiowych. Dost\u0119pne s\u0105 systemy klasyczne na zawiasach oraz przesuwne, harmonijkowe czy wej\u015bciowe.","og_url":"https:\/\/zenaluminium.pl\/en\/services\/door-aluminium-systems\/","og_site_name":"Zen Aluminium - polski producent okien i drzwi z aluminium","article_publisher":"http:\/\/fb.com\/zenaluminum","article_modified_time":"2023-10-24T09:13:06+00:00","twitter_card":"summary_large_image","twitter_misc":{"Estimated reading time":"3 minutes"},"schema":{"@context":"https:\/\/schema.org","@graph":[{"@type":"WebPage","@id":"https:\/\/zenaluminium.pl\/uslugi\/systemy-drzwiowe-aluminiowe\/","url":"https:\/\/zenaluminium.pl\/uslugi\/systemy-drzwiowe-aluminiowe\/","name":"ALUMINIUM DOORS - ZenAluminium - Sliding and hinged doors","isPartOf":{"@id":"https:\/\/zenaluminium.pl\/#website"},"datePublished":"2017-04-06T06:48:29+00:00","dateModified":"2023-10-24T09:13:06+00:00","description":"Introducing our range of aluminium profile doors. Classic systems on hinges as well as sliding, folding or entrance doors are available.","breadcrumb":{"@id":"https:\/\/zenaluminium.pl\/uslugi\/systemy-drzwiowe-aluminiowe\/#breadcrumb"},"inLanguage":"en-GB","potentialAction":[{"@type":"ReadAction","target":["https:\/\/zenaluminium.pl\/uslugi\/systemy-drzwiowe-aluminiowe\/"]}]},{"@type":"BreadcrumbList","@id":"https:\/\/zenaluminium.pl\/uslugi\/systemy-drzwiowe-aluminiowe\/#breadcrumb","itemListElement":[{"@type":"ListItem","position":1,"name":"Home","item":"https:\/\/zenaluminium.pl\/"},{"@type":"ListItem","position":2,"name":"Stolarka aluminiowa","item":"https:\/\/zenaluminium.pl\/uslugi\/"},{"@type":"ListItem","position":3,"name":"SYSTEMY DRZWIOWE"}]},{"@type":"WebSite","@id":"https:\/\/zenaluminium.pl\/#website","url":"https:\/\/zenaluminium.pl\/","name":"Zen Aluminium - Polish manufacturer of aluminium windows and doors","description":"Window joinery, facades, conservatories, premium solutions","potentialAction":[{"@type":"SearchAction","target":{"@type":"EntryPoint","urlTemplate":"https:\/\/zenaluminium.pl\/?s={search_term_string}"},"query-input":{"@type":"PropertyValueSpecification","valueRequired":true,"valueName":"search_term_string"}}],"inLanguage":"en-GB"}]}},"_links":{"self":[{"href":"https:\/\/zenaluminium.pl\/en\/wp-json\/wp\/v2\/pages\/3115","targetHints":{"allow":["GET"]}}],"collection":[{"href":"https:\/\/zenaluminium.pl\/en\/wp-json\/wp\/v2\/pages"}],"about":[{"href":"https:\/\/zenaluminium.pl\/en\/wp-json\/wp\/v2\/types\/page"}],"author":[{"embeddable":true,"href":"https:\/\/zenaluminium.pl\/en\/wp-json\/wp\/v2\/users\/1"}],"replies":[{"embeddable":true,"href":"https:\/\/zenaluminium.pl\/en\/wp-json\/wp\/v2\/comments?post=3115"}],"version-history":[{"count":6,"href":"https:\/\/zenaluminium.pl\/en\/wp-json\/wp\/v2\/pages\/3115\/revisions"}],"predecessor-version":[{"id":18064,"href":"https:\/\/zenaluminium.pl\/en\/wp-json\/wp\/v2\/pages\/3115\/revisions\/18064"}],"up":[{"embeddable":true,"href":"https:\/\/zenaluminium.pl\/en\/wp-json\/wp\/v2\/pages\/3142"}],"wp:attachment":[{"href":"https:\/\/zenaluminium.pl\/en\/wp-json\/wp\/v2\/media?parent=3115"}],"curies":[{"name":"wp","href":"https:\/\/api.w.org\/{rel}","templated":true}]}}