{"id":3120,"date":"2017-04-06T08:13:40","date_gmt":"2017-04-06T07:13:40","guid":{"rendered":"http:\/\/zenaluminium.com\/?page_id=3120\/"},"modified":"2024-03-07T07:22:49","modified_gmt":"2024-03-07T06:22:49","slug":"door-classic","status":"publish","type":"page","link":"https:\/\/zenaluminium.pl\/en\/uslugi\/systemy-drzwiowe-aluminiowe\/drzwi-klasyczne\/","title":{"rendered":"ALUMINIUM EXTERIOR AND INTERIOR DOORS"},"content":{"rendered":"<div class=\"wpb-content-wrapper\"><div class=\"vc_row wpb_row vc_row-fluid\"><div class=\"wpb_column vc_column_container vc_col-md-12\"><div class=\"vc_column-inner\"><div class=\"wpb_wrapper\"><h1 class='heading-middle  divider-sm' ><span>ALUMINIUM EXTERIOR AND INTERIOR DOORS<\/span><\/h1><div class=\"vc_empty_space\"   style=\"height: 10px\"><span class=\"vc_empty_space_inner\"><\/span><\/div>\n\t<div class=\"wpb_text_column wpb_content_element\" >\n\t\t<div class=\"wpb_wrapper\">\n\t\t\t<h2>ZenAluminium is a leading supplier of solutions for aluminium joinery. Thanks to our state-of-the-art aluminium profiles, we are able to meet the most demanding requirements of our customers. We manufacture doors for both interior and exterior applications. Our solutions are ideal for private homes, blocks of flats, shopping centres, schools and much more. In addition, doors on aluminium profiles are characterised by increased security and durability over the years. Very high thermal insulation is also an advantage.<\/h2>\n\n\t\t<\/div>\n\t<\/div>\n<div class=\"vc_empty_space\"   style=\"height: 10px\"><span class=\"vc_empty_space_inner\"><\/span><\/div><\/div><\/div><\/div><\/div><div class=\"vc_row wpb_row vc_row-fluid\"><div class=\"wpb_column vc_column_container vc_col-md-12\"><div class=\"vc_column-inner\"><div class=\"wpb_wrapper\">\n\t<div  class=\"wpb_single_image wpb_content_element vc_align_left wpb_content_element\">\n\t\t\n\t\t<figure class=\"wpb_wrapper vc_figure\">\n\t\t\t<a href=\"https:\/\/cortizo.com\" target=\"_self\" class=\"vc_single_image-wrapper   vc_box_border_grey\"><img loading=\"lazy\" decoding=\"async\" width=\"250\" height=\"62\" src=\"https:\/\/zenaluminium.pl\/wp-content\/uploads\/2019\/12\/cortizo-systemy-logo-przesuwne.jpg\" class=\"vc_single_image-img attachment-medium\" alt=\"\" title=\"cortizo-systems-logo-sliding\" \/><\/a>\n\t\t<\/figure>\n\t<\/div>\n<\/div><\/div><\/div><\/div><div class=\"vc_row wpb_row vc_row-fluid\"><div class=\"wpb_column vc_column_container vc_col-md-4 vc_col-has-fill\"><div class=\"vc_column-inner vc_custom_1471953622661\"><div class=\"wpb_wrapper\">\n\t<div  class=\"wpb_single_image wpb_content_element vc_align_center wpb_content_element\">\n\t\t\n\t\t<figure class=\"wpb_wrapper vc_figure\">\n\t\t\t<a href=\"http:\/\/zenaluminium.pl\/en\/services\/door-aluminium-systems\/door-classic\/cor-60\/\" target=\"_self\" class=\"vc_single_image-wrapper vc_box_shadow_3d  vc_box_border_grey\"><img loading=\"lazy\" decoding=\"async\" width=\"263\" height=\"300\" src=\"https:\/\/zenaluminium.pl\/wp-content\/uploads\/2023\/04\/cortizo-cor-60-drzwi-aluminiowe-263x300.png\" class=\"vc_single_image-img attachment-medium\" alt=\"\" title=\"cortizo cor 60 aluminium door\" srcset=\"https:\/\/zenaluminium.pl\/wp-content\/uploads\/2023\/04\/cortizo-cor-60-drzwi-aluminiowe-263x300.png 263w, https:\/\/zenaluminium.pl\/wp-content\/uploads\/2023\/04\/cortizo-cor-60-drzwi-aluminiowe-600x685.png 600w, https:\/\/zenaluminium.pl\/wp-content\/uploads\/2023\/04\/cortizo-cor-60-drzwi-aluminiowe.png 766w\" sizes=\"auto, (max-width: 263px) 100vw, 263px\" \/><\/a>\n\t\t<\/figure>\n\t<\/div>\n<div class=\"vc_btn3-container vc_btn3-center\"><a style=\"background-color:#999999; color:#f6bd33;\" class=\"vc_general vc_btn3 vc_btn3-size-md vc_btn3-shape-rounded vc_btn3-style-custom vc_btn3-icon-left\" href=\"http:\/\/zenaluminium.pl\/en\/services\/door-aluminium-systems\/door-classic\/cor-60\/\" title=\"\" target=\"_self\"><i class=\"vc_btn3-icon fa fa-arrow-right\"><\/i> COR-60 SYSTEM<\/a><\/div>\n<\/div><\/div><\/div><div class=\"wpb_column vc_column_container vc_col-md-4 vc_col-has-fill\"><div class=\"vc_column-inner vc_custom_1471953640973\"><div class=\"wpb_wrapper\">\n\t<div  class=\"wpb_single_image wpb_content_element vc_align_center wpb_content_element\">\n\t\t\n\t\t<figure class=\"wpb_wrapper vc_figure\">\n\t\t\t<a href=\"http:\/\/zenaluminium.pl\/en\/services\/door-aluminium-systems\/door-classic\/cor-70\/\" target=\"_self\" class=\"vc_single_image-wrapper vc_box_shadow_3d  vc_box_border_grey\"><img loading=\"lazy\" decoding=\"async\" width=\"263\" height=\"300\" src=\"https:\/\/zenaluminium.pl\/wp-content\/uploads\/2023\/04\/cortizo-cor-70-drzwi-aluminiowe-263x300.png\" class=\"vc_single_image-img attachment-medium\" alt=\"\" title=\"cortizo cor 70 aluminium door\" srcset=\"https:\/\/zenaluminium.pl\/wp-content\/uploads\/2023\/04\/cortizo-cor-70-drzwi-aluminiowe-263x300.png 263w, https:\/\/zenaluminium.pl\/wp-content\/uploads\/2023\/04\/cortizo-cor-70-drzwi-aluminiowe-600x685.png 600w, https:\/\/zenaluminium.pl\/wp-content\/uploads\/2023\/04\/cortizo-cor-70-drzwi-aluminiowe.png 766w\" sizes=\"auto, (max-width: 263px) 100vw, 263px\" \/><\/a>\n\t\t<\/figure>\n\t<\/div>\n<div class=\"vc_btn3-container vc_btn3-center\"><a style=\"background-color:#999999; color:#f6bd33;\" class=\"vc_general vc_btn3 vc_btn3-size-md vc_btn3-shape-rounded vc_btn3-style-custom vc_btn3-icon-left\" href=\"http:\/\/zenaluminium.pl\/en\/services\/door-aluminium-systems\/door-classic\/cor-70\/\" title=\"\" target=\"_self\"><i class=\"vc_btn3-icon fa fa-arrow-right\"><\/i> COR-70 SYSTEM<\/a><\/div>\n<\/div><\/div><\/div><div class=\"wpb_column vc_column_container vc_col-md-4 vc_col-has-fill\"><div class=\"vc_column-inner vc_custom_1471953669031\"><div class=\"wpb_wrapper\">\n\t<div  class=\"wpb_single_image wpb_content_element vc_align_center wpb_content_element\">\n\t\t\n\t\t<figure class=\"wpb_wrapper vc_figure\">\n\t\t\t<a href=\"http:\/\/zenaluminium.pl\/en\/services\/door-aluminium-systems\/door-classic\/cor-80\/\" target=\"_self\" class=\"vc_single_image-wrapper vc_box_shadow_3d  vc_box_border_grey\"><img loading=\"lazy\" decoding=\"async\" width=\"263\" height=\"300\" src=\"https:\/\/zenaluminium.pl\/wp-content\/uploads\/2023\/04\/cortizo-cor-80-drzwi-aluminiowe-263x300.png\" class=\"vc_single_image-img attachment-medium\" alt=\"\" title=\"cortizo cor 80 aluminium door\" srcset=\"https:\/\/zenaluminium.pl\/wp-content\/uploads\/2023\/04\/cortizo-cor-80-drzwi-aluminiowe-263x300.png 263w, https:\/\/zenaluminium.pl\/wp-content\/uploads\/2023\/04\/cortizo-cor-80-drzwi-aluminiowe-600x685.png 600w, https:\/\/zenaluminium.pl\/wp-content\/uploads\/2023\/04\/cortizo-cor-80-drzwi-aluminiowe.png 766w\" sizes=\"auto, (max-width: 263px) 100vw, 263px\" \/><\/a>\n\t\t<\/figure>\n\t<\/div>\n<div class=\"vc_btn3-container vc_btn3-center\"><a style=\"background-color:#999999; color:#f6bd33;\" class=\"vc_general vc_btn3 vc_btn3-size-md vc_btn3-shape-rounded vc_btn3-style-custom vc_btn3-icon-left\" href=\"http:\/\/zenaluminium.pl\/en\/services\/door-aluminium-systems\/door-classic\/cor-80\/\" title=\"\" target=\"_self\"><i class=\"vc_btn3-icon fa fa-arrow-right\"><\/i> COR-80 SYSTEM<\/a><\/div>\n<\/div><\/div><\/div><\/div><div class=\"vc_row wpb_row vc_row-fluid\"><div class=\"wpb_column vc_column_container vc_col-md-12\"><div class=\"vc_column-inner\"><div class=\"wpb_wrapper\">\n\t<div  class=\"wpb_single_image wpb_content_element vc_align_left wpb_content_element\">\n\t\t\n\t\t<figure class=\"wpb_wrapper vc_figure\">\n\t\t\t<a href=\"https:\/\/procural-group.com\/pl\/\" target=\"_self\" class=\"vc_single_image-wrapper   vc_box_border_grey\"><img loading=\"lazy\" decoding=\"async\" width=\"259\" height=\"194\" src=\"https:\/\/zenaluminium.pl\/wp-content\/uploads\/2020\/06\/pobrane.png\" class=\"vc_single_image-img attachment-medium\" alt=\"logo ponzio aluminium joinery partner\" title=\"ponzio logo\" \/><\/a>\n\t\t<\/figure>\n\t<\/div>\n<\/div><\/div><\/div><\/div><div class=\"vc_row wpb_row vc_row-fluid\"><div class=\"wpb_column vc_column_container vc_col-md-4 vc_col-has-fill\"><div class=\"vc_column-inner vc_custom_1471953622661\"><div class=\"wpb_wrapper\">\n\t<div  class=\"wpb_single_image wpb_content_element vc_align_center wpb_content_element\">\n\t\t\n\t\t<figure class=\"wpb_wrapper vc_figure\">\n\t\t\t<a href=\"https:\/\/zenaluminium.pl\/en\/services\/ponzio-pe40\/\" target=\"_self\" class=\"vc_single_image-wrapper vc_box_shadow_3d  vc_box_border_grey\"><img loading=\"lazy\" decoding=\"async\" width=\"113\" height=\"300\" src=\"https:\/\/zenaluminium.pl\/wp-content\/uploads\/2020\/09\/pe40-113x300.jpg\" class=\"vc_single_image-img attachment-medium\" alt=\"\" title=\"pe40\" srcset=\"https:\/\/zenaluminium.pl\/wp-content\/uploads\/2020\/09\/pe40-113x300.jpg 113w, https:\/\/zenaluminium.pl\/wp-content\/uploads\/2020\/09\/pe40.jpg 338w\" sizes=\"auto, (max-width: 113px) 100vw, 113px\" \/><\/a>\n\t\t<\/figure>\n\t<\/div>\n<div class=\"vc_btn3-container vc_btn3-center\"><a style=\"background-color:#999999; color:#f6bd33;\" class=\"vc_general vc_btn3 vc_btn3-size-md vc_btn3-shape-rounded vc_btn3-style-custom vc_btn3-icon-left\" href=\"https:\/\/zenaluminium.pl\/en\/services\/ponzio-pe40\/\" title=\"\" target=\"_self\"><i class=\"vc_btn3-icon\"><\/i> PONZIO WINDOW AND DOOR SYSTEM PE40<\/a><\/div>\n<\/div><\/div><\/div><div class=\"wpb_column vc_column_container vc_col-md-4 vc_col-has-fill\"><div class=\"vc_column-inner vc_custom_1471953640973\"><div class=\"wpb_wrapper\">\n\t<div  class=\"wpb_single_image wpb_content_element vc_align_center wpb_content_element\">\n\t\t\n\t\t<figure class=\"wpb_wrapper vc_figure\">\n\t\t\t<a href=\"https:\/\/zenaluminium.pl\/en\/services\/ponzio-pe50\/\" target=\"_self\" class=\"vc_single_image-wrapper vc_box_shadow_3d  vc_box_border_grey\"><img loading=\"lazy\" decoding=\"async\" width=\"107\" height=\"300\" src=\"https:\/\/zenaluminium.pl\/wp-content\/uploads\/2020\/09\/pe50_drzwi_wrebowe-107x300.jpg\" class=\"vc_single_image-img attachment-medium\" alt=\"ponzio pe50 profile\" title=\"pe50_door_rebate\" srcset=\"https:\/\/zenaluminium.pl\/wp-content\/uploads\/2020\/09\/pe50_drzwi_wrebowe-107x300.jpg 107w, https:\/\/zenaluminium.pl\/wp-content\/uploads\/2020\/09\/pe50_drzwi_wrebowe.jpg 320w\" sizes=\"auto, (max-width: 107px) 100vw, 107px\" \/><\/a>\n\t\t<\/figure>\n\t<\/div>\n<div class=\"vc_btn3-container vc_btn3-center\"><a style=\"background-color:#999999; color:#f6bd33;\" class=\"vc_general vc_btn3 vc_btn3-size-md vc_btn3-shape-rounded vc_btn3-style-custom vc_btn3-icon-left\" href=\"https:\/\/zenaluminium.pl\/en\/services\/ponzio-pe50\/\" title=\"\" target=\"_self\"><i class=\"vc_btn3-icon\"><\/i> PONZIO WINDOW AND DOOR SYSTEM PE50<\/a><\/div>\n<\/div><\/div><\/div><div class=\"wpb_column vc_column_container vc_col-md-4 vc_col-has-fill\"><div class=\"vc_column-inner vc_custom_1471953669031\"><div class=\"wpb_wrapper\">\n\t<div  class=\"wpb_single_image wpb_content_element vc_align_center wpb_content_element\">\n\t\t\n\t\t<figure class=\"wpb_wrapper vc_figure\">\n\t\t\t<a href=\"https:\/\/zenaluminium.pl\/en\/services\/ponzio-pe50\/\" target=\"_self\" class=\"vc_single_image-wrapper vc_box_shadow_3d  vc_box_border_grey\"><img loading=\"lazy\" decoding=\"async\" width=\"172\" height=\"300\" src=\"https:\/\/zenaluminium.pl\/wp-content\/uploads\/2020\/09\/pe52-172x300.jpg\" class=\"vc_single_image-img attachment-medium\" alt=\"ponzio profile pe52\" title=\"pe52\" srcset=\"https:\/\/zenaluminium.pl\/wp-content\/uploads\/2020\/09\/pe52-172x300.jpg 172w, https:\/\/zenaluminium.pl\/wp-content\/uploads\/2020\/09\/pe52.jpg 516w\" sizes=\"auto, (max-width: 172px) 100vw, 172px\" \/><\/a>\n\t\t<\/figure>\n\t<\/div>\n<div class=\"vc_btn3-container vc_btn3-center\"><a style=\"background-color:#999999; color:#f6bd33;\" class=\"vc_general vc_btn3 vc_btn3-size-md vc_btn3-shape-rounded vc_btn3-style-custom vc_btn3-icon-left\" href=\"https:\/\/zenaluminium.pl\/en\/services\/ponzio-pe52\/\" title=\"\" target=\"_self\"><i class=\"vc_btn3-icon\"><\/i> PONZIO WINDOW AND DOOR SYSTEM PE50<\/a><\/div>\n<\/div><\/div><\/div><\/div><div class=\"vc_row wpb_row vc_row-fluid\"><div class=\"wpb_column vc_column_container vc_col-md-4 vc_col-has-fill\"><div class=\"vc_column-inner vc_custom_1471953622661\"><div class=\"wpb_wrapper\">\n\t<div  class=\"wpb_single_image wpb_content_element vc_align_center wpb_content_element\">\n\t\t\n\t\t<figure class=\"wpb_wrapper vc_figure\">\n\t\t\t<a href=\"https:\/\/zenaluminium.pl\/en\/services\/door-aluminium-systems\/door-classic\/ponzio-pe68nhi-door\/\" target=\"_self\" class=\"vc_single_image-wrapper vc_box_shadow_3d  vc_box_border_grey\"><img loading=\"lazy\" decoding=\"async\" width=\"300\" height=\"300\" src=\"https:\/\/zenaluminium.pl\/wp-content\/uploads\/2020\/09\/1436866784-300x300.jpg\" class=\"vc_single_image-img attachment-medium\" alt=\"\" title=\"1436866784\" srcset=\"https:\/\/zenaluminium.pl\/wp-content\/uploads\/2020\/09\/1436866784-300x300.jpg 300w, https:\/\/zenaluminium.pl\/wp-content\/uploads\/2020\/09\/1436866784-150x150.jpg 150w, https:\/\/zenaluminium.pl\/wp-content\/uploads\/2020\/09\/1436866784-768x768.jpg 768w, https:\/\/zenaluminium.pl\/wp-content\/uploads\/2020\/09\/1436866784.jpg 800w\" sizes=\"auto, (max-width: 300px) 100vw, 300px\" \/><\/a>\n\t\t<\/figure>\n\t<\/div>\n<div class=\"vc_btn3-container vc_btn3-center\"><a style=\"background-color:#999999; color:#f6bd33;\" class=\"vc_general vc_btn3 vc_btn3-size-md vc_btn3-shape-rounded vc_btn3-style-custom vc_btn3-icon-left\" href=\"https:\/\/zenaluminium.pl\/en\/services\/door-aluminium-systems\/door-classic\/ponzio-pe68nhi-door\/\" title=\"\" target=\"_self\"><i class=\"vc_btn3-icon\"><\/i> PONZIO PE68NHI DOORS<\/a><\/div>\n<\/div><\/div><\/div><div class=\"wpb_column vc_column_container vc_col-md-4 vc_col-has-fill\"><div class=\"vc_column-inner vc_custom_1471953640973\"><div class=\"wpb_wrapper\">\n\t<div  class=\"wpb_single_image wpb_content_element vc_align_center wpb_content_element\">\n\t\t\n\t\t<figure class=\"wpb_wrapper vc_figure\">\n\t\t\t<a href=\"https:\/\/zenaluminium.pl\/en\/services\/door-aluminium-systems\/door-classic\/ponzio-pe78nhi-door\/\" target=\"_self\" class=\"vc_single_image-wrapper vc_box_shadow_3d  vc_box_border_grey\"><img loading=\"lazy\" decoding=\"async\" width=\"300\" height=\"300\" src=\"https:\/\/zenaluminium.pl\/wp-content\/uploads\/2020\/09\/PE78N_drzwi-300x300.jpg\" class=\"vc_single_image-img attachment-medium\" alt=\"\" title=\"PE78N_door\" srcset=\"https:\/\/zenaluminium.pl\/wp-content\/uploads\/2020\/09\/PE78N_drzwi-300x300.jpg 300w, https:\/\/zenaluminium.pl\/wp-content\/uploads\/2020\/09\/PE78N_drzwi-150x150.jpg 150w, https:\/\/zenaluminium.pl\/wp-content\/uploads\/2020\/09\/PE78N_drzwi-768x768.jpg 768w, https:\/\/zenaluminium.pl\/wp-content\/uploads\/2020\/09\/PE78N_drzwi.jpg 800w\" sizes=\"auto, (max-width: 300px) 100vw, 300px\" \/><\/a>\n\t\t<\/figure>\n\t<\/div>\n<div class=\"vc_btn3-container vc_btn3-center\"><a style=\"background-color:#999999; color:#f6bd33;\" class=\"vc_general vc_btn3 vc_btn3-size-md vc_btn3-shape-rounded vc_btn3-style-custom vc_btn3-icon-left\" href=\"https:\/\/zenaluminium.pl\/en\/services\/door-aluminium-systems\/door-classic\/ponzio-pe78nhi-door\/\" title=\"\" target=\"_self\"><i class=\"vc_btn3-icon\"><\/i> PONZIO PE78NHI DOORS<\/a><\/div>\n<\/div><\/div><\/div><div class=\"wpb_column vc_column_container vc_col-md-4 vc_col-has-fill\"><div class=\"vc_column-inner vc_custom_1471953669031\"><div class=\"wpb_wrapper\"><\/div><\/div><\/div><\/div>\n<\/div>","protected":false},"excerpt":{"rendered":"DRZWI ALUMINIOWE ZEWN\u0118TRZNE I WEWN\u0118TRZNE ZenAluminium to wiod\u0105cy dostawca rozwi\u0105za\u0144 dla stolarki aluminiowej otworowej. Dzi\u0119ki nowoczesnym profilom aluminiowym jeste\u015bmy w stanie zrealizowa\u0107 najwi\u0119ksze wymagania naszych klient\u00f3w. Produkujemy drzwi zar\u00f3wno do zastosowa\u0144 wewn\u0119trznych jak i zewn\u0119trznych. Nasze rozwi\u0105zania s\u0105 idealne do &hellip;","protected":false},"author":1,"featured_media":0,"parent":3115,"menu_order":0,"comment_status":"closed","ping_status":"closed","template":"","meta":{"footnotes":""},"class_list":["post-3120","page","type-page","status-publish","hentry"],"yoast_head":"<!-- This site is optimized with the Yoast SEO plugin v27.2 - https:\/\/yoast.com\/product\/yoast-seo-wordpress\/ -->\n<title>DRZWI ALUMINIOWE ZEWN\u0118TRZNE I WEWN\u0118TRZNE - ZenAluminium<\/title>\n<meta name=\"description\" content=\"Drzwi aluminiowe zewn\u0119trzne i wewn\u0119trzne dla zastosowa\u0144 w domu i przemy\u015ble. Charakteryzuj\u0105 si\u0119 zar\u00f3wno wysok\u0105 izolacyjno\u015bci\u0105 ciepln\u0105 jak i bezpiecze\u0144stwem.\" \/>\n<meta name=\"robots\" content=\"index, follow, max-snippet:-1, max-image-preview:large, max-video-preview:-1\" \/>\n<link rel=\"canonical\" href=\"https:\/\/zenaluminium.pl\/en\/services\/door-aluminium-systems\/door-classic\/\" \/>\n<meta property=\"og:locale\" content=\"en_GB\" \/>\n<meta property=\"og:type\" content=\"article\" \/>\n<meta property=\"og:title\" content=\"DRZWI ALUMINIOWE ZEWN\u0118TRZNE I WEWN\u0118TRZNE - ZenAluminium\" \/>\n<meta property=\"og:description\" content=\"Drzwi aluminiowe zewn\u0119trzne i wewn\u0119trzne dla zastosowa\u0144 w domu i przemy\u015ble. Charakteryzuj\u0105 si\u0119 zar\u00f3wno wysok\u0105 izolacyjno\u015bci\u0105 ciepln\u0105 jak i bezpiecze\u0144stwem.\" \/>\n<meta property=\"og:url\" content=\"https:\/\/zenaluminium.pl\/en\/services\/door-aluminium-systems\/door-classic\/\" \/>\n<meta property=\"og:site_name\" content=\"Zen Aluminium - polski producent okien i drzwi z aluminium\" \/>\n<meta property=\"article:publisher\" content=\"http:\/\/fb.com\/zenaluminum\" \/>\n<meta property=\"article:modified_time\" content=\"2024-03-07T06:22:49+00:00\" \/>\n<meta name=\"twitter:card\" content=\"summary_large_image\" \/>\n<meta name=\"twitter:label1\" content=\"Estimated reading time\" \/>\n\t<meta name=\"twitter:data1\" content=\"4 minutes\" \/>\n<script type=\"application\/ld+json\" class=\"yoast-schema-graph\">{\"@context\":\"https:\/\/schema.org\",\"@graph\":[{\"@type\":\"WebPage\",\"@id\":\"https:\/\/zenaluminium.pl\/uslugi\/systemy-drzwiowe-aluminiowe\/drzwi-klasyczne\/\",\"url\":\"https:\/\/zenaluminium.pl\/uslugi\/systemy-drzwiowe-aluminiowe\/drzwi-klasyczne\/\",\"name\":\"DRZWI ALUMINIOWE ZEWN\u0118TRZNE I WEWN\u0118TRZNE - ZenAluminium\",\"isPartOf\":{\"@id\":\"https:\/\/zenaluminium.pl\/#website\"},\"datePublished\":\"2017-04-06T07:13:40+00:00\",\"dateModified\":\"2024-03-07T06:22:49+00:00\",\"description\":\"Drzwi aluminiowe zewn\u0119trzne i wewn\u0119trzne dla zastosowa\u0144 w domu i przemy\u015ble. Charakteryzuj\u0105 si\u0119 zar\u00f3wno wysok\u0105 izolacyjno\u015bci\u0105 ciepln\u0105 jak i bezpiecze\u0144stwem.\",\"breadcrumb\":{\"@id\":\"https:\/\/zenaluminium.pl\/uslugi\/systemy-drzwiowe-aluminiowe\/drzwi-klasyczne\/#breadcrumb\"},\"inLanguage\":\"en-GB\",\"potentialAction\":[{\"@type\":\"ReadAction\",\"target\":[\"https:\/\/zenaluminium.pl\/uslugi\/systemy-drzwiowe-aluminiowe\/drzwi-klasyczne\/\"]}]},{\"@type\":\"BreadcrumbList\",\"@id\":\"https:\/\/zenaluminium.pl\/uslugi\/systemy-drzwiowe-aluminiowe\/drzwi-klasyczne\/#breadcrumb\",\"itemListElement\":[{\"@type\":\"ListItem\",\"position\":1,\"name\":\"Home\",\"item\":\"https:\/\/zenaluminium.pl\/\"},{\"@type\":\"ListItem\",\"position\":2,\"name\":\"Stolarka aluminiowa\",\"item\":\"https:\/\/zenaluminium.pl\/uslugi\/\"},{\"@type\":\"ListItem\",\"position\":3,\"name\":\"SYSTEMY DRZWIOWE\",\"item\":\"https:\/\/zenaluminium.pl\/uslugi\/systemy-drzwiowe-aluminiowe\/\"},{\"@type\":\"ListItem\",\"position\":4,\"name\":\"DRZWI ALUMINIOWE ZEWN\u0118TRZNE I WEWN\u0118TRZNE\"}]},{\"@type\":\"WebSite\",\"@id\":\"https:\/\/zenaluminium.pl\/#website\",\"url\":\"https:\/\/zenaluminium.pl\/\",\"name\":\"Zen Aluminium - polski producent okien i drzwi z aluminium\",\"description\":\"Stolarka okienna, fasady, ogrody zimowe, rozwi\u0105zania klasy premium\",\"potentialAction\":[{\"@type\":\"SearchAction\",\"target\":{\"@type\":\"EntryPoint\",\"urlTemplate\":\"https:\/\/zenaluminium.pl\/?s={search_term_string}\"},\"query-input\":{\"@type\":\"PropertyValueSpecification\",\"valueRequired\":true,\"valueName\":\"search_term_string\"}}],\"inLanguage\":\"en-GB\"}]}<\/script>\n<!-- \/ Yoast SEO plugin. -->","yoast_head_json":{"title":"INTERNAL AND EXTERNAL ALUMINIUM DOORS - ZenAluminium","description":"Aluminium external and internal doors for domestic and industrial applications. They are characterised by both high thermal insulation and security.","robots":{"index":"index","follow":"follow","max-snippet":"max-snippet:-1","max-image-preview":"max-image-preview:large","max-video-preview":"max-video-preview:-1"},"canonical":"https:\/\/zenaluminium.pl\/en\/services\/door-aluminium-systems\/door-classic\/","og_locale":"en_GB","og_type":"article","og_title":"DRZWI ALUMINIOWE ZEWN\u0118TRZNE I WEWN\u0118TRZNE - ZenAluminium","og_description":"Drzwi aluminiowe zewn\u0119trzne i wewn\u0119trzne dla zastosowa\u0144 w domu i przemy\u015ble. Charakteryzuj\u0105 si\u0119 zar\u00f3wno wysok\u0105 izolacyjno\u015bci\u0105 ciepln\u0105 jak i bezpiecze\u0144stwem.","og_url":"https:\/\/zenaluminium.pl\/en\/services\/door-aluminium-systems\/door-classic\/","og_site_name":"Zen Aluminium - polski producent okien i drzwi z aluminium","article_publisher":"http:\/\/fb.com\/zenaluminum","article_modified_time":"2024-03-07T06:22:49+00:00","twitter_card":"summary_large_image","twitter_misc":{"Estimated reading time":"4 minutes"},"schema":{"@context":"https:\/\/schema.org","@graph":[{"@type":"WebPage","@id":"https:\/\/zenaluminium.pl\/uslugi\/systemy-drzwiowe-aluminiowe\/drzwi-klasyczne\/","url":"https:\/\/zenaluminium.pl\/uslugi\/systemy-drzwiowe-aluminiowe\/drzwi-klasyczne\/","name":"INTERNAL AND EXTERNAL ALUMINIUM DOORS - ZenAluminium","isPartOf":{"@id":"https:\/\/zenaluminium.pl\/#website"},"datePublished":"2017-04-06T07:13:40+00:00","dateModified":"2024-03-07T06:22:49+00:00","description":"Aluminium external and internal doors for domestic and industrial applications. They are characterised by both high thermal insulation and security.","breadcrumb":{"@id":"https:\/\/zenaluminium.pl\/uslugi\/systemy-drzwiowe-aluminiowe\/drzwi-klasyczne\/#breadcrumb"},"inLanguage":"en-GB","potentialAction":[{"@type":"ReadAction","target":["https:\/\/zenaluminium.pl\/uslugi\/systemy-drzwiowe-aluminiowe\/drzwi-klasyczne\/"]}]},{"@type":"BreadcrumbList","@id":"https:\/\/zenaluminium.pl\/uslugi\/systemy-drzwiowe-aluminiowe\/drzwi-klasyczne\/#breadcrumb","itemListElement":[{"@type":"ListItem","position":1,"name":"Home","item":"https:\/\/zenaluminium.pl\/"},{"@type":"ListItem","position":2,"name":"Stolarka aluminiowa","item":"https:\/\/zenaluminium.pl\/uslugi\/"},{"@type":"ListItem","position":3,"name":"SYSTEMY DRZWIOWE","item":"https:\/\/zenaluminium.pl\/uslugi\/systemy-drzwiowe-aluminiowe\/"},{"@type":"ListItem","position":4,"name":"DRZWI ALUMINIOWE ZEWN\u0118TRZNE I WEWN\u0118TRZNE"}]},{"@type":"WebSite","@id":"https:\/\/zenaluminium.pl\/#website","url":"https:\/\/zenaluminium.pl\/","name":"Zen Aluminium - Polish manufacturer of aluminium windows and doors","description":"Window joinery, facades, conservatories, premium solutions","potentialAction":[{"@type":"SearchAction","target":{"@type":"EntryPoint","urlTemplate":"https:\/\/zenaluminium.pl\/?s={search_term_string}"},"query-input":{"@type":"PropertyValueSpecification","valueRequired":true,"valueName":"search_term_string"}}],"inLanguage":"en-GB"}]}},"_links":{"self":[{"href":"https:\/\/zenaluminium.pl\/en\/wp-json\/wp\/v2\/pages\/3120","targetHints":{"allow":["GET"]}}],"collection":[{"href":"https:\/\/zenaluminium.pl\/en\/wp-json\/wp\/v2\/pages"}],"about":[{"href":"https:\/\/zenaluminium.pl\/en\/wp-json\/wp\/v2\/types\/page"}],"author":[{"embeddable":true,"href":"https:\/\/zenaluminium.pl\/en\/wp-json\/wp\/v2\/users\/1"}],"replies":[{"embeddable":true,"href":"https:\/\/zenaluminium.pl\/en\/wp-json\/wp\/v2\/comments?post=3120"}],"version-history":[{"count":6,"href":"https:\/\/zenaluminium.pl\/en\/wp-json\/wp\/v2\/pages\/3120\/revisions"}],"predecessor-version":[{"id":18465,"href":"https:\/\/zenaluminium.pl\/en\/wp-json\/wp\/v2\/pages\/3120\/revisions\/18465"}],"up":[{"embeddable":true,"href":"https:\/\/zenaluminium.pl\/en\/wp-json\/wp\/v2\/pages\/3115"}],"wp:attachment":[{"href":"https:\/\/zenaluminium.pl\/en\/wp-json\/wp\/v2\/media?parent=3120"}],"curies":[{"name":"wp","href":"https:\/\/api.w.org\/{rel}","templated":true}]}}