{"id":3122,"date":"2017-04-06T08:16:25","date_gmt":"2017-04-06T07:16:25","guid":{"rendered":"http:\/\/zenaluminium.com\/?page_id=3122\/"},"modified":"2023-04-17T07:47:11","modified_gmt":"2023-04-17T06:47:11","slug":"systems-balustrades","status":"publish","type":"page","link":"https:\/\/zenaluminium.pl\/en\/uslugi\/systemy-balustrad\/","title":{"rendered":"ALUMINIUM RAILINGS"},"content":{"rendered":"<div class=\"wpb-content-wrapper\"><div class=\"vc_row wpb_row vc_row-fluid\"><div class=\"wpb_column vc_column_container vc_col-md-12\"><div class=\"vc_column-inner\"><div class=\"wpb_wrapper\"><div class=\"vc_row wpb_row vc_inner vc_row-fluid\"><div class=\"wpb_column vc_column_container vc_col-md-12\"><div class=\"vc_column-inner\"><div class=\"wpb_wrapper\"><h1 class='heading-middle  divider-sm' ><span>ALUMINIUM RAILINGS<\/span><\/h1><div class=\"vc_empty_space\"   style=\"height: 10px\"><span class=\"vc_empty_space_inner\"><\/span><\/div>\n\t<div class=\"wpb_text_column wpb_content_element\" >\n\t\t<div class=\"wpb_wrapper\">\n\t\t\t<h2>Aluminium balustrades are characterised by extreme durability combined with a modern look and strength. Due to their characteristics, they are a solution for many years. Balustrades on aluminium profiles allow the combination of both aluminium and other materials such as glass. Possible solutions are available below. Thanks to their flexibility, balustrades can take a variety of shapes. Check the selected system to find out about the characteristics and limitations of aluminium profiles.<\/h2>\n\n\t\t<\/div>\n\t<\/div>\n<\/div><\/div><\/div><\/div><\/div><\/div><\/div><\/div><div class=\"vc_row wpb_row vc_row-fluid\"><div class=\"wpb_column vc_column_container vc_col-md-3 vc_col-has-fill\"><div class=\"vc_column-inner vc_custom_1471952556888\"><div class=\"wpb_wrapper\"><h2 class='heading-middle  style-1' ><span>CRYSTAL VIEW BALUSTRADE<\/span><\/h2>\n\t<div  class=\"wpb_single_image wpb_content_element vc_align_center wpb_content_element\">\n\t\t\n\t\t<figure class=\"wpb_wrapper vc_figure\">\n\t\t\t<a href=\"https:\/\/zealuminium.pl\/uslugi\/systemy-balustrad\/crystal-view\/\" target=\"_self\" class=\"vc_single_image-wrapper vc_box_shadow_3d  vc_box_border_grey\"><\/a>\n\t\t<\/figure>\n\t<\/div>\n<div class=\"vc_row wpb_row vc_inner vc_row-fluid\"><div class=\"wpb_column vc_column_container vc_col-md-2\"><div class=\"vc_column-inner\"><div class=\"wpb_wrapper\"><\/div><\/div><\/div><div class=\"wpb_column vc_column_container vc_col-md-8\"><div class=\"vc_column-inner\"><div class=\"wpb_wrapper\"><a id='button-id-' target='_self' href='\/en\/services\/systems-balustrades\/crystal-view\/' class='btn btn-normal btn-sm' style='background-color: #472613'><i class='fa fa fa-arrow-right'><\/i> CRYSTAL VIEW<\/a><\/div><\/div><\/div><div class=\"wpb_column vc_column_container vc_col-md-2\"><div class=\"vc_column-inner\"><div class=\"wpb_wrapper\"><\/div><\/div><\/div><\/div><\/div><\/div><\/div><div class=\"wpb_column vc_column_container vc_col-md-3 vc_col-has-fill\"><div class=\"vc_column-inner vc_custom_1471952301689\"><div class=\"wpb_wrapper\"><h2 class='heading-middle  style-1' ><span>CLASSIC ALUMINIUM BALUSTRADE<\/span><\/h2>\n\t<div  class=\"wpb_single_image wpb_content_element vc_align_left wpb_content_element\">\n\t\t\n\t\t<figure class=\"wpb_wrapper vc_figure\">\n\t\t\t<a href=\"https:\/\/zenaluminium.pl\/en\/services\/systems-balustrades\/classic\/\" target=\"_self\" class=\"vc_single_image-wrapper vc_box_shadow_3d  vc_box_border_grey\"><\/a>\n\t\t<\/figure>\n\t<\/div>\n<div class=\"vc_row wpb_row vc_inner vc_row-fluid\"><div class=\"wpb_column vc_column_container vc_col-md-2\"><div class=\"vc_column-inner\"><div class=\"wpb_wrapper\"><\/div><\/div><\/div><div class=\"wpb_column vc_column_container vc_col-md-8\"><div class=\"vc_column-inner\"><div class=\"wpb_wrapper\"><a id='button-id-1' target='_self' href='\/en\/services\/systems-balustrades\/classic\/' class='btn btn-normal btn-sm' style='background-color: #472613'><i class='fa fa fa-arrow-right'><\/i> CLASSIC BALUSTRADE<\/a><\/div><\/div><\/div><div class=\"wpb_column vc_column_container vc_col-md-2\"><div class=\"vc_column-inner\"><div class=\"wpb_wrapper\"><\/div><\/div><\/div><\/div><\/div><\/div><\/div><div class=\"wpb_column vc_column_container vc_col-md-3\"><div class=\"vc_column-inner\"><div class=\"wpb_wrapper\"><div class=\"vc_row wpb_row vc_inner vc_row-fluid\"><div class=\"wpb_column vc_column_container vc_col-md-12\"><div class=\"vc_column-inner\"><div class=\"wpb_wrapper\"><\/div><\/div><\/div><\/div><\/div><\/div><\/div><div class=\"wpb_column vc_column_container vc_col-md-3\"><div class=\"vc_column-inner\"><div class=\"wpb_wrapper\"><div class=\"vc_row wpb_row vc_inner vc_row-fluid\"><div class=\"wpb_column vc_column_container vc_col-md-12\"><div class=\"vc_column-inner\"><div class=\"wpb_wrapper\"><\/div><\/div><\/div><\/div><\/div><\/div><\/div><\/div><div class=\"vc_row wpb_row vc_row-fluid\"><div class=\"wpb_column vc_column_container vc_col-md-12\"><div class=\"vc_column-inner\"><div class=\"wpb_wrapper\"><div class=\"vc_empty_space\"   style=\"height: 32px\"><span class=\"vc_empty_space_inner\"><\/span><\/div>\n\t<div class=\"wpb_text_column wpb_content_element\" >\n\t\t<div class=\"wpb_wrapper\">\n\t\t\t<p><span id=\"result_box\" class=\"\" lang=\"pl\"><strong><span class=\"\">Handrails and balustrades made of glass<\/span><\/strong><\/span><\/p>\n<p><span class=\"\">Thanks to our extensive field experience, we can develop our own glass balustrades.<\/span> <span class=\"\">The fact that they have been developed for maximum ease of use. They are strong, aesthetically pleasing and easy to assemble and fit.<\/span><\/p>\n<p>&nbsp;<\/p>\n<p><strong><span id=\"result_box\" class=\"\" lang=\"pl\">Glass Balconies<\/span><\/strong><\/p>\n<p>Also known as French Balconies; <span class=\"\">we offer glass balconies to suit all needs. This system is distinguished by its attachment to the walls and the bottom moulding, which allows for an aesthetically pleasing installation and an extraordinary appearance.<\/span><\/p>\n<p><strong><span id=\"result_box\" class=\"\" lang=\"pl\"><span class=\"\">Openable balcony system<\/span><\/span><\/strong><\/p>\n<p><span class=\"\">Opening balcony glazing provides a convenient way to expand the home space.<\/span> <span class=\"\">Seamless opening balcony glazing protects your balcony from rain, snow, dust and dirt.<\/span><\/p>\n\n\t\t<\/div>\n\t<\/div>\n<\/div><\/div><\/div><\/div>\n<\/div>","protected":false},"excerpt":{"rendered":"ALUMINIUM BALUSTERS Aluminium balustrades are characterised by extreme durability combined with a modern look and strength. Due to their characteristics they are a solution for many years. Balustrades on aluminium profiles allow the combination of both aluminium and other materials such as ...","protected":false},"author":1,"featured_media":0,"parent":3142,"menu_order":0,"comment_status":"closed","ping_status":"closed","template":"","meta":{"footnotes":""},"class_list":["post-3122","page","type-page","status-publish","hentry"],"yoast_head":"<!-- This site is optimized with the Yoast SEO plugin v27.2 - https:\/\/yoast.com\/product\/yoast-seo-wordpress\/ -->\n<title>BALUSTRADY ALUMINIOWE - ZenAluminium - Drzwi, okna, balustrady<\/title>\n<meta name=\"description\" content=\"Balustrady aluminiowe charakteryzuj\u0105 si\u0119 niezwyk\u0142\u0105 trwa\u0142o\u015bci\u0105 w po\u0142\u0105czeniu z nowoczesnym wygl\u0105dem i wytrzyma\u0142o\u015bci\u0105. Jest to rozwi\u0105zanie na d\u0142ugie lata.\" \/>\n<meta name=\"robots\" content=\"index, follow, max-snippet:-1, max-image-preview:large, max-video-preview:-1\" \/>\n<link rel=\"canonical\" href=\"https:\/\/zenaluminium.pl\/en\/services\/systems-balustrades\/\" \/>\n<meta property=\"og:locale\" content=\"en_GB\" \/>\n<meta property=\"og:type\" content=\"article\" \/>\n<meta property=\"og:title\" content=\"BALUSTRADY ALUMINIOWE - ZenAluminium - Drzwi, okna, balustrady\" \/>\n<meta property=\"og:description\" content=\"Balustrady aluminiowe charakteryzuj\u0105 si\u0119 niezwyk\u0142\u0105 trwa\u0142o\u015bci\u0105 w po\u0142\u0105czeniu z nowoczesnym wygl\u0105dem i wytrzyma\u0142o\u015bci\u0105. Jest to rozwi\u0105zanie na d\u0142ugie lata.\" \/>\n<meta property=\"og:url\" content=\"https:\/\/zenaluminium.pl\/en\/services\/systems-balustrades\/\" \/>\n<meta property=\"og:site_name\" content=\"Zen Aluminium - polski producent okien i drzwi z aluminium\" \/>\n<meta property=\"article:publisher\" content=\"http:\/\/fb.com\/zenaluminum\" \/>\n<meta property=\"article:modified_time\" content=\"2023-04-17T06:47:11+00:00\" \/>\n<meta name=\"twitter:card\" content=\"summary_large_image\" \/>\n<meta name=\"twitter:label1\" content=\"Estimated reading time\" \/>\n\t<meta name=\"twitter:data1\" content=\"2 minutes\" \/>\n<script type=\"application\/ld+json\" class=\"yoast-schema-graph\">{\"@context\":\"https:\/\/schema.org\",\"@graph\":[{\"@type\":\"WebPage\",\"@id\":\"https:\/\/zenaluminium.pl\/uslugi\/systemy-balustrad\/\",\"url\":\"https:\/\/zenaluminium.pl\/uslugi\/systemy-balustrad\/\",\"name\":\"BALUSTRADY ALUMINIOWE - ZenAluminium - Drzwi, okna, balustrady\",\"isPartOf\":{\"@id\":\"https:\/\/zenaluminium.pl\/#website\"},\"datePublished\":\"2017-04-06T07:16:25+00:00\",\"dateModified\":\"2023-04-17T06:47:11+00:00\",\"description\":\"Balustrady aluminiowe charakteryzuj\u0105 si\u0119 niezwyk\u0142\u0105 trwa\u0142o\u015bci\u0105 w po\u0142\u0105czeniu z nowoczesnym wygl\u0105dem i wytrzyma\u0142o\u015bci\u0105. Jest to rozwi\u0105zanie na d\u0142ugie lata.\",\"breadcrumb\":{\"@id\":\"https:\/\/zenaluminium.pl\/uslugi\/systemy-balustrad\/#breadcrumb\"},\"inLanguage\":\"en-GB\",\"potentialAction\":[{\"@type\":\"ReadAction\",\"target\":[\"https:\/\/zenaluminium.pl\/uslugi\/systemy-balustrad\/\"]}]},{\"@type\":\"BreadcrumbList\",\"@id\":\"https:\/\/zenaluminium.pl\/uslugi\/systemy-balustrad\/#breadcrumb\",\"itemListElement\":[{\"@type\":\"ListItem\",\"position\":1,\"name\":\"Home\",\"item\":\"https:\/\/zenaluminium.pl\/\"},{\"@type\":\"ListItem\",\"position\":2,\"name\":\"Stolarka aluminiowa\",\"item\":\"https:\/\/zenaluminium.pl\/uslugi\/\"},{\"@type\":\"ListItem\",\"position\":3,\"name\":\"BALUSTRADY ALUMINIOWE\"}]},{\"@type\":\"WebSite\",\"@id\":\"https:\/\/zenaluminium.pl\/#website\",\"url\":\"https:\/\/zenaluminium.pl\/\",\"name\":\"Zen Aluminium - polski producent okien i drzwi z aluminium\",\"description\":\"Stolarka okienna, fasady, ogrody zimowe, rozwi\u0105zania klasy premium\",\"potentialAction\":[{\"@type\":\"SearchAction\",\"target\":{\"@type\":\"EntryPoint\",\"urlTemplate\":\"https:\/\/zenaluminium.pl\/?s={search_term_string}\"},\"query-input\":{\"@type\":\"PropertyValueSpecification\",\"valueRequired\":true,\"valueName\":\"search_term_string\"}}],\"inLanguage\":\"en-GB\"}]}<\/script>\n<!-- \/ Yoast SEO plugin. -->","yoast_head_json":{"title":"ALUMINIUM BALUSTERS - ZenAluminium - Doors, windows, balustrades","description":"Aluminium balustrades are characterised by extreme durability combined with a modern look and strength. It is a solution for many years to come.","robots":{"index":"index","follow":"follow","max-snippet":"max-snippet:-1","max-image-preview":"max-image-preview:large","max-video-preview":"max-video-preview:-1"},"canonical":"https:\/\/zenaluminium.pl\/en\/services\/systems-balustrades\/","og_locale":"en_GB","og_type":"article","og_title":"BALUSTRADY ALUMINIOWE - ZenAluminium - Drzwi, okna, balustrady","og_description":"Balustrady aluminiowe charakteryzuj\u0105 si\u0119 niezwyk\u0142\u0105 trwa\u0142o\u015bci\u0105 w po\u0142\u0105czeniu z nowoczesnym wygl\u0105dem i wytrzyma\u0142o\u015bci\u0105. Jest to rozwi\u0105zanie na d\u0142ugie lata.","og_url":"https:\/\/zenaluminium.pl\/en\/services\/systems-balustrades\/","og_site_name":"Zen Aluminium - polski producent okien i drzwi z aluminium","article_publisher":"http:\/\/fb.com\/zenaluminum","article_modified_time":"2023-04-17T06:47:11+00:00","twitter_card":"summary_large_image","twitter_misc":{"Estimated reading time":"2 minutes"},"schema":{"@context":"https:\/\/schema.org","@graph":[{"@type":"WebPage","@id":"https:\/\/zenaluminium.pl\/uslugi\/systemy-balustrad\/","url":"https:\/\/zenaluminium.pl\/uslugi\/systemy-balustrad\/","name":"ALUMINIUM BALUSTERS - ZenAluminium - Doors, windows, balustrades","isPartOf":{"@id":"https:\/\/zenaluminium.pl\/#website"},"datePublished":"2017-04-06T07:16:25+00:00","dateModified":"2023-04-17T06:47:11+00:00","description":"Aluminium balustrades are characterised by extreme durability combined with a modern look and strength. It is a solution for many years to come.","breadcrumb":{"@id":"https:\/\/zenaluminium.pl\/uslugi\/systemy-balustrad\/#breadcrumb"},"inLanguage":"en-GB","potentialAction":[{"@type":"ReadAction","target":["https:\/\/zenaluminium.pl\/uslugi\/systemy-balustrad\/"]}]},{"@type":"BreadcrumbList","@id":"https:\/\/zenaluminium.pl\/uslugi\/systemy-balustrad\/#breadcrumb","itemListElement":[{"@type":"ListItem","position":1,"name":"Home","item":"https:\/\/zenaluminium.pl\/"},{"@type":"ListItem","position":2,"name":"Stolarka aluminiowa","item":"https:\/\/zenaluminium.pl\/uslugi\/"},{"@type":"ListItem","position":3,"name":"BALUSTRADY ALUMINIOWE"}]},{"@type":"WebSite","@id":"https:\/\/zenaluminium.pl\/#website","url":"https:\/\/zenaluminium.pl\/","name":"Zen Aluminium - Polish manufacturer of aluminium windows and doors","description":"Window joinery, facades, conservatories, premium solutions","potentialAction":[{"@type":"SearchAction","target":{"@type":"EntryPoint","urlTemplate":"https:\/\/zenaluminium.pl\/?s={search_term_string}"},"query-input":{"@type":"PropertyValueSpecification","valueRequired":true,"valueName":"search_term_string"}}],"inLanguage":"en-GB"}]}},"_links":{"self":[{"href":"https:\/\/zenaluminium.pl\/en\/wp-json\/wp\/v2\/pages\/3122","targetHints":{"allow":["GET"]}}],"collection":[{"href":"https:\/\/zenaluminium.pl\/en\/wp-json\/wp\/v2\/pages"}],"about":[{"href":"https:\/\/zenaluminium.pl\/en\/wp-json\/wp\/v2\/types\/page"}],"author":[{"embeddable":true,"href":"https:\/\/zenaluminium.pl\/en\/wp-json\/wp\/v2\/users\/1"}],"replies":[{"embeddable":true,"href":"https:\/\/zenaluminium.pl\/en\/wp-json\/wp\/v2\/comments?post=3122"}],"version-history":[{"count":1,"href":"https:\/\/zenaluminium.pl\/en\/wp-json\/wp\/v2\/pages\/3122\/revisions"}],"predecessor-version":[{"id":17740,"href":"https:\/\/zenaluminium.pl\/en\/wp-json\/wp\/v2\/pages\/3122\/revisions\/17740"}],"up":[{"embeddable":true,"href":"https:\/\/zenaluminium.pl\/en\/wp-json\/wp\/v2\/pages\/3142"}],"wp:attachment":[{"href":"https:\/\/zenaluminium.pl\/en\/wp-json\/wp\/v2\/media?parent=3122"}],"curies":[{"name":"wp","href":"https:\/\/api.w.org\/{rel}","templated":true}]}}