{"id":3124,"date":"2017-04-06T08:32:40","date_gmt":"2017-04-06T07:32:40","guid":{"rendered":"http:\/\/zenaluminium.com\/?page_id=3124\/"},"modified":"2017-12-07T13:08:34","modified_gmt":"2017-12-07T13:08:34","slug":"crystal-view","status":"publish","type":"page","link":"https:\/\/zenaluminium.pl\/en\/uslugi\/systemy-balustrad\/crystal-view\/","title":{"rendered":"GLASS BALUSTRADES \"CRYSTAL VIEW\""},"content":{"rendered":"<div class=\"wpb-content-wrapper\"><div class=\"vc_row wpb_row vc_row-fluid\"><div class=\"wpb_column vc_column_container vc_col-md-8\"><div class=\"vc_column-inner\"><div class=\"wpb_wrapper\"><div class=\"tabs tabs-side  vc_custom_1471527446450 tabs-shape-rounded tabs-align-left tabs-side-left tabs-spacing\"><div class=\"nav-tabs-wrap\" style=\"\"><ul class=\"nav nav-tabs\" role=\"tablist\"><li style=\"margin-top: 2px\" role=\"presentation\" class=\" active\"><a href=\"#1471523850385-9f2477fa-22ae\" aria-controls=\"1471523850385-9f2477fa-22ae\" role=\"tab\" data-toggle=\"tab\"><i class=\"fa fa-dot-circle-o\"><\/i><span>Przegl\u0105d<\/span><\/a><\/li><li style=\"margin-top: 2px\" role=\"presentation\" class=\"\"><a href=\"#1471523850453-bba64b48-cd54\" aria-controls=\"1471523850453-bba64b48-cd54\" role=\"tab\" data-toggle=\"tab\"><i class=\"fa fa-dot-circle-o\"><\/i><span>Monta\u017c<\/span><\/a><\/li><li style=\"margin-top: 2px\" role=\"presentation\" class=\"\"><a href=\"#1471523899766-bd8ad8ff-2d47\" aria-controls=\"1471523899766-bd8ad8ff-2d47\" role=\"tab\" data-toggle=\"tab\"><i class=\"fa fa-dot-circle-o\"><\/i><span>Wysoko\u015b\u0107<\/span><\/a><\/li><li style=\"margin-top: 2px\" role=\"presentation\" class=\"\"><a href=\"#1471523969394-cf167c98-0b3c\" aria-controls=\"1471523969394-cf167c98-0b3c\" role=\"tab\" data-toggle=\"tab\"><i class=\"fa fa-dot-circle-o\"><\/i><span>Testy<\/span><\/a><\/li><li style=\"margin-top: 2px\" role=\"presentation\" class=\"\"><a href=\"#1471523982631-12f19c2f-bb55\" aria-controls=\"1471523982631-12f19c2f-bb55\" role=\"tab\" data-toggle=\"tab\"><i class=\"fa fa-dot-circle-o\"><\/i><span>Szklenie<\/span><\/a><\/li><li style=\"margin-top: 2px\" role=\"presentation\" class=\"\"><a href=\"#1472730899810-2f64138b-2c99\" aria-controls=\"1472730899810-2f64138b-2c99\" role=\"tab\" data-toggle=\"tab\"><i class=\"fa fa-dot-circle-o\"><\/i><span>Wyko\u0144czenia<\/span><\/a><\/li><\/ul><\/div><div class=\"tab-content\"><div role=\"tabpanel\" class=\"tab-pane active\" id=\"1471523850385-9f2477fa-22ae\"><h2 class='heading-left  divider-sm' ><span>BALUSTRADA SZKLANA Z ALUMINIUM &#8222;CRYSTAL VIEW&#8221;<\/span><\/h2>\n\t<div class=\"wpb_text_column wpb_content_element\" >\n\t\t<div class=\"wpb_wrapper\">\n\t\t\t<p>System minimalistycznej szklano aluminiowej balustrady, kt\u00f3ry \u0142\u0105czy w sobie awangardow\u0105 estetyk\u0119 z najwy\u017cszymi standardami bezpiecze\u0144stwa.<\/p>\n<p>Sk\u0142ada si\u0119 z profilu &#8222;U&#8221;, zaprojektowanego pod k\u0105tem osadzenia bezpiecznej szyby laminowanej ze szk\u0142a hartowanego, kt\u00f3ry mo\u017ce by\u0107 mocowany zar\u00f3wno od g\u00f3ry jak i do czo\u0142a konstrukcji.<\/p>\n<p>Istnieje w dw\u00f3ch wariantach:<\/p>\n<p>&#8211; <strong>View Crystal<\/strong> wytrzymuj\u0105cy obci\u0105\u017cenie do 1,0 kN\/m przy\u0142o\u017cone na wysoko\u015bci 1,1 m, mierz\u0105c od podstawy.<\/p>\n<p>&#8211; <strong>View Crystal Plus<\/strong>, system wzmocniony zdolny do przeniesienia obci\u0105\u017ce\u0144 rz\u0119du 3,0 kN\/m.<\/p>\n<p>Nowoczesne \u0142\u0105czenia, pozwalaj\u0105ce na maksymalne przeszklenie przy zastosowaniu bardzo cienkich \u0142\u0105cznik\u00f3w aluminiowych.<\/p>\n\n\t\t<\/div>\n\t<\/div>\n<\/div><div role=\"tabpanel\" class=\"tab-pane\" id=\"1471523850453-bba64b48-cd54\"><h2 class='heading-left  divider-sm' ><span>Rodzaje monta\u017cu<\/span><\/h2>\n\t<div class=\"wpb_text_column wpb_content_element\" >\n\t\t<div class=\"wpb_wrapper\">\n\t\t\t<p>Monta\u017c od g\u00f3ry konstrukcji (stropu \/ p\u0142yty)<\/p>\n<p>Monta\u017c od g\u00f3ry konstrukcji zlicowany<br \/>\nMonta\u017c do czo\u0142a konstrukcji<\/p>\n\n\t\t<\/div>\n\t<\/div>\n<\/div><div role=\"tabpanel\" class=\"tab-pane\" id=\"1471523899766-bd8ad8ff-2d47\"><h2 class='heading-left  divider-sm' ><span>Maksymalna wysoko\u015b\u0107<\/span><\/h2>\n\t<div class=\"wpb_text_column wpb_content_element\" >\n\t\t<div class=\"wpb_wrapper\">\n\t\t\t<p><strong>1.100 mm.<\/strong><\/p>\n\n\t\t<\/div>\n\t<\/div>\n<\/div><div role=\"tabpanel\" class=\"tab-pane\" id=\"1471523969394-cf167c98-0b3c\">\n\t<div class=\"wpb_text_column wpb_content_element\" >\n\t\t<div class=\"wpb_wrapper\">\n\t\t\t<p>Badania wykonano wg norm UNE 85237:1991,\u00a0UNE<\/p>\n<p>85.238:1991 y UNE 85240:1990, wymagania ustanowione w Eurokodzie 1 wg EN 1991-1-1:2004 \/AC:2009<br \/>\n1 &#8211; Obci\u0105\u017cenie statyczne poziome w kierunku na zewn\u0105trz<br \/>\n2 &#8211; Obci\u0105\u017cenie statyczne poziome w kierunku do wewn\u0105trz<br \/>\n3 &#8211; Odporno\u015b\u0107 na uderzenie cia\u0142em mi\u0119kkim<br \/>\n4 &#8211; Odporno\u015b\u0107 na uderzenie cia\u0142em twardym<br \/>\n5 &#8211; Weryfikacja wymaga\u0144 Eurokodu 1 zgodnie z tablic\u0105 6.12 dla kategorii u\u017cytkowania o warto\u015bci obci\u0105\u017cenia 3kN\/m.<\/p>\n<p>&nbsp;<\/p>\n<p>KLASYFIKACJA WG NORMY UNE 85240:1990:\u00a0<strong>Klasa A-DOSKONA\u0141A<\/strong><\/p>\n<p>&nbsp;<\/p>\n<p>Badanie referencyjne balustrady z t\u0142oczonego aluminium i szk\u0142a, kotwionej do czo\u0142a stropu o wymiarach ca\u0142kowitych mierzonych nad poziomem posadzki 1100mm. (H) x 1500mm. (L)<\/p>\n<p>&nbsp;<\/p>\n<p>Badanie referencyjne balustrady z t\u0142oczonego aluminium i szk\u0142a, kotwionej na stropie o wymiarach ca\u0142kowitych mierzonych nad poziomem posadzki 1100mm. (H) x 1500mm. (L)<\/p>\n\n\t\t<\/div>\n\t<\/div>\n<\/div><div role=\"tabpanel\" class=\"tab-pane\" id=\"1471523982631-12f19c2f-bb55\">\n\t<div class=\"wpb_text_column wpb_content_element\" >\n\t\t<div class=\"wpb_wrapper\">\n\t\t\t<p>Przedstawiany system balustrad posiada 12 opcji szklenia: szk\u0142em laminowanym sk\u0142adaj\u0105cym\u00a0si\u0119 z dw\u00f3ch szyb gr. 10, 8 lub 6 mm po\u0142\u0105czonych 1,2,3 lub 4 foliami poliwinylowymi gr. 0,38mm.\u00a0Zaleca si\u0119 stosowanie szk\u0142a hartowanego.<br \/>\n<strong><br \/>\nSZKLENIE<br \/>\n-TYP<\/strong><\/p>\n<p>LAMINOWANE<\/p>\n<p>&nbsp;<\/p>\n<p><strong>-SK\u0141AD\u00a0\u00a0\u00a0\u00a0\u00a0\u00a0<\/strong><\/p>\n<p>10- 1.52 -10<\/p>\n<p>10- 1.14 -10<\/p>\n<p>10- 0.76 -10<\/p>\n<p>10- 0.38 -10<\/p>\n<p>&nbsp;<\/p>\n<p>8- 1.52 -8<\/p>\n<p>8- 1.14 -8<\/p>\n<p>8- 0.76 -8<\/p>\n<p>8- 0.38 -8<\/p>\n<p>&nbsp;<\/p>\n<p>6- 1.52 -6<\/p>\n<p>6- 1.14 -6<\/p>\n<p>6- 0.76 -6<\/p>\n<p>6- 0.38 -6<\/p>\n\n\t\t<\/div>\n\t<\/div>\n<\/div><div role=\"tabpanel\" class=\"tab-pane\" id=\"1472730899810-2f64138b-2c99\">\n\t<div class=\"wpb_text_column wpb_content_element\" >\n\t\t<div class=\"wpb_wrapper\">\n\t\t\t<p>Lakierowanie RAL (nakrapiane, chropowate)<br \/>\nLakierowanie &#8211; imitacja drewna<br \/>\nLakierowanie antybakteryjne<br \/>\nAnodowanie<\/p>\n\n\t\t<\/div>\n\t<\/div>\n<\/div><\/div><\/div><\/div><\/div><\/div><div class=\"wpb_column vc_column_container vc_col-md-4\"><div class=\"vc_column-inner\"><div class=\"wpb_wrapper\"><div class=\"wpb_images_carousel wpb_content_element vc_clearfix wpb_content_element\"><div class=\"wpb_wrapper\"><div id=\"vc_images-carousel-1-1775415029\" data-ride=\"vc_carousel\" data-wrap=\"true\" style=\"width: 300px;\" data-interval=\"5000\" data-auto-height=\"yes\" data-mode=\"horizontal\" data-partial=\"false\" data-per-view=\"1\" data-hide-on-end=\"false\" class=\"vc_slide vc_images_carousel\"><ol class=\"vc_carousel-indicators\"><li data-target=\"#vc_images-carousel-1-1775415029\" data-slide-to=\"0\"><\/li><li data-target=\"#vc_images-carousel-1-1775415029\" data-slide-to=\"1\"><\/li><\/ol><div class=\"vc_carousel-inner\"><div class=\"vc_carousel-slideline\"><div class=\"vc_carousel-slideline-inner\"><div class=\"vc_item\"><div class=\"vc_inner\"><a class=\"\" href=\"\" data-lightbox=\"lightbox[rel-3124-2010419688]\"><\/a><\/div><\/div><div class=\"vc_item\"><div class=\"vc_inner\"><a class=\"\" href=\"\" data-lightbox=\"lightbox[rel-3124-2010419688]\"><\/a><\/div><\/div><\/div><\/div><\/div><a class=\"vc_left vc_carousel-control\" href=\"#vc_images-carousel-1-1775415029\" data-slide=\"prev\"><span class=\"icon-prev\"><\/span><\/a><a class=\"vc_right vc_carousel-control\" href=\"#vc_images-carousel-1-1775415029\" data-slide=\"next\"><span class=\"icon-next\"><\/span><\/a><\/div><\/div><\/div><\/div><\/div><\/div><\/div><div class=\"vc_row wpb_row vc_row-fluid vc_custom_1491463765287 vc_row-has-fill\"><div class=\"wpb_column vc_column_container vc_col-md-12\"><div class=\"vc_column-inner\"><div class=\"wpb_wrapper\"><div class=\"download\"><div class='download-content text-uppercase' style='color: #fff'><i class='fa fa fa-file-word-o'><\/i> POBIERZ DOKUMENTACJ\u0118 SYSTEMU BALUSTRADY &#8222;CRYSTAL VIEW&#8221;<\/div><a target='_self' href='http:\/\/zenaluminium.com\/public_html\/wp-content\/uploads\/pl-doc\/Balustrada%20View%20CRYSTAL.doc' class='btn btn-md btn-dark btn-shadow'><i class='fa fa fa-cloud-download'><\/i> Pobierz<\/a><\/div><\/div><\/div><\/div><\/div><div class=\"vc_row wpb_row vc_row-fluid\"><div class=\"wpb_column vc_column_container vc_col-md-12\"><div class=\"vc_column-inner\"><div class=\"wpb_wrapper\"><div class=\"wpb_gallery wpb_content_element vc_clearfix wpb_content_element\" ><div class=\"wpb_wrapper\"><div class=\"wpb_gallery_slides wpb_flexslider flexslider_fade flexslider\" data-interval=\"3\" data-flex_fx=\"fade\"><ul class=\"slides\"><li><a class=\"\" href=\"\" data-lightbox=\"lightbox[rel-3124-4092659190]\"><\/a><\/li><li><a class=\"\" href=\"\" data-lightbox=\"lightbox[rel-3124-4092659190]\"><\/a><\/li><\/ul><\/div><\/div><\/div><\/div><\/div><\/div><\/div>\n<\/div>","protected":false},"excerpt":{"rendered":"Przegl\u0105dMonta\u017cWysoko\u015b\u0107TestySzklenieWyko\u0144czeniaBALUSTRADA SZKLANA Z ALUMINIUM \"CRYSTAL VIEW\" System minimalistycznej szklano aluminiowej balustrady, kt\u00f3ry \u0142\u0105czy w sobie awangardow\u0105 estetyk\u0119 z najwy\u017cszymi standardami bezpiecze\u0144stwa. Sk\u0142ada si\u0119 z profilu \"U\", zaprojektowanego pod k\u0105tem osadzenia bezpiecznej szyby laminowanej ze szk\u0142a hartowanego, kt\u00f3ry mo\u017ce by\u0107 mocowany &hellip;","protected":false},"author":1,"featured_media":0,"parent":3122,"menu_order":0,"comment_status":"closed","ping_status":"closed","template":"","meta":{"footnotes":""},"class_list":["post-3124","page","type-page","status-publish","hentry"],"yoast_head":"<!-- This site is optimized with the Yoast SEO plugin v27.2 - https:\/\/yoast.com\/product\/yoast-seo-wordpress\/ -->\n<title>Balustrada szklana z aluminium - ZenAluminium - stolarka aluminiowa<\/title>\n<meta name=\"description\" content=\"Balustrada szklana z aluminium typu &quot;crystal view&quot; to nowoczesna stylistyka \u0142\u0105cz\u0105ca szk\u0142o z aluminium, przy zachowaniu najwy\u017cszej elegancji i wytrzyma\u0142o\u015bci.\" \/>\n<meta name=\"robots\" content=\"index, follow, max-snippet:-1, max-image-preview:large, max-video-preview:-1\" \/>\n<link rel=\"canonical\" href=\"https:\/\/zenaluminium.pl\/en\/services\/systems-balustrades\/crystal-view\/\" \/>\n<meta property=\"og:locale\" content=\"en_GB\" \/>\n<meta property=\"og:type\" content=\"article\" \/>\n<meta property=\"og:title\" content=\"Balustrada szklana z aluminium - ZenAluminium - stolarka aluminiowa\" \/>\n<meta property=\"og:description\" content=\"Balustrada szklana z aluminium typu &quot;crystal view&quot; to nowoczesna stylistyka \u0142\u0105cz\u0105ca szk\u0142o z aluminium, przy zachowaniu najwy\u017cszej elegancji i wytrzyma\u0142o\u015bci.\" \/>\n<meta property=\"og:url\" content=\"https:\/\/zenaluminium.pl\/en\/services\/systems-balustrades\/crystal-view\/\" \/>\n<meta property=\"og:site_name\" content=\"Zen Aluminium - polski producent okien i drzwi z aluminium\" \/>\n<meta property=\"article:publisher\" content=\"http:\/\/fb.com\/zenaluminum\" \/>\n<meta property=\"article:modified_time\" content=\"2017-12-07T13:08:34+00:00\" \/>\n<meta name=\"twitter:card\" content=\"summary_large_image\" \/>\n<meta name=\"twitter:label1\" content=\"Estimated reading time\" \/>\n\t<meta name=\"twitter:data1\" content=\"3 minutes\" \/>\n<script type=\"application\/ld+json\" class=\"yoast-schema-graph\">{\"@context\":\"https:\/\/schema.org\",\"@graph\":[{\"@type\":\"WebPage\",\"@id\":\"https:\/\/zenaluminium.pl\/uslugi\/systemy-balustrad\/crystal-view\/\",\"url\":\"https:\/\/zenaluminium.pl\/uslugi\/systemy-balustrad\/crystal-view\/\",\"name\":\"Balustrada szklana z aluminium - ZenAluminium - stolarka aluminiowa\",\"isPartOf\":{\"@id\":\"https:\/\/zenaluminium.pl\/#website\"},\"datePublished\":\"2017-04-06T07:32:40+00:00\",\"dateModified\":\"2017-12-07T13:08:34+00:00\",\"description\":\"Balustrada szklana z aluminium typu \\\"crystal view\\\" to nowoczesna stylistyka \u0142\u0105cz\u0105ca szk\u0142o z aluminium, przy zachowaniu najwy\u017cszej elegancji i wytrzyma\u0142o\u015bci.\",\"breadcrumb\":{\"@id\":\"https:\/\/zenaluminium.pl\/uslugi\/systemy-balustrad\/crystal-view\/#breadcrumb\"},\"inLanguage\":\"en-GB\",\"potentialAction\":[{\"@type\":\"ReadAction\",\"target\":[\"https:\/\/zenaluminium.pl\/uslugi\/systemy-balustrad\/crystal-view\/\"]}]},{\"@type\":\"BreadcrumbList\",\"@id\":\"https:\/\/zenaluminium.pl\/uslugi\/systemy-balustrad\/crystal-view\/#breadcrumb\",\"itemListElement\":[{\"@type\":\"ListItem\",\"position\":1,\"name\":\"Home\",\"item\":\"https:\/\/zenaluminium.pl\/\"},{\"@type\":\"ListItem\",\"position\":2,\"name\":\"Stolarka aluminiowa\",\"item\":\"https:\/\/zenaluminium.pl\/uslugi\/\"},{\"@type\":\"ListItem\",\"position\":3,\"name\":\"BALUSTRADY ALUMINIOWE\",\"item\":\"https:\/\/zenaluminium.pl\/uslugi\/systemy-balustrad\/\"},{\"@type\":\"ListItem\",\"position\":4,\"name\":\"BALUSTRADY SZKLANE &#8220;CRYSTAL VIEW&#8221;\"}]},{\"@type\":\"WebSite\",\"@id\":\"https:\/\/zenaluminium.pl\/#website\",\"url\":\"https:\/\/zenaluminium.pl\/\",\"name\":\"Zen Aluminium - polski producent okien i drzwi z aluminium\",\"description\":\"Stolarka okienna, fasady, ogrody zimowe, rozwi\u0105zania klasy premium\",\"potentialAction\":[{\"@type\":\"SearchAction\",\"target\":{\"@type\":\"EntryPoint\",\"urlTemplate\":\"https:\/\/zenaluminium.pl\/?s={search_term_string}\"},\"query-input\":{\"@type\":\"PropertyValueSpecification\",\"valueRequired\":true,\"valueName\":\"search_term_string\"}}],\"inLanguage\":\"en-GB\"}]}<\/script>\n<!-- \/ Yoast SEO plugin. -->","yoast_head_json":{"title":"Aluminium glass balustrade - ZenAluminium - aluminium joinery","description":"The crystal view aluminium glass balustrade is a modern design combining glass and aluminium, with the utmost elegance and durability.","robots":{"index":"index","follow":"follow","max-snippet":"max-snippet:-1","max-image-preview":"max-image-preview:large","max-video-preview":"max-video-preview:-1"},"canonical":"https:\/\/zenaluminium.pl\/en\/services\/systems-balustrades\/crystal-view\/","og_locale":"en_GB","og_type":"article","og_title":"Balustrada szklana z aluminium - ZenAluminium - stolarka aluminiowa","og_description":"Balustrada szklana z aluminium typu \"crystal view\" to nowoczesna stylistyka \u0142\u0105cz\u0105ca szk\u0142o z aluminium, przy zachowaniu najwy\u017cszej elegancji i wytrzyma\u0142o\u015bci.","og_url":"https:\/\/zenaluminium.pl\/en\/services\/systems-balustrades\/crystal-view\/","og_site_name":"Zen Aluminium - polski producent okien i drzwi z aluminium","article_publisher":"http:\/\/fb.com\/zenaluminum","article_modified_time":"2017-12-07T13:08:34+00:00","twitter_card":"summary_large_image","twitter_misc":{"Estimated reading time":"3 minutes"},"schema":{"@context":"https:\/\/schema.org","@graph":[{"@type":"WebPage","@id":"https:\/\/zenaluminium.pl\/uslugi\/systemy-balustrad\/crystal-view\/","url":"https:\/\/zenaluminium.pl\/uslugi\/systemy-balustrad\/crystal-view\/","name":"Aluminium glass balustrade - ZenAluminium - aluminium joinery","isPartOf":{"@id":"https:\/\/zenaluminium.pl\/#website"},"datePublished":"2017-04-06T07:32:40+00:00","dateModified":"2017-12-07T13:08:34+00:00","description":"The crystal view aluminium glass balustrade is a modern design combining glass and aluminium, with the utmost elegance and durability.","breadcrumb":{"@id":"https:\/\/zenaluminium.pl\/uslugi\/systemy-balustrad\/crystal-view\/#breadcrumb"},"inLanguage":"en-GB","potentialAction":[{"@type":"ReadAction","target":["https:\/\/zenaluminium.pl\/uslugi\/systemy-balustrad\/crystal-view\/"]}]},{"@type":"BreadcrumbList","@id":"https:\/\/zenaluminium.pl\/uslugi\/systemy-balustrad\/crystal-view\/#breadcrumb","itemListElement":[{"@type":"ListItem","position":1,"name":"Home","item":"https:\/\/zenaluminium.pl\/"},{"@type":"ListItem","position":2,"name":"Stolarka aluminiowa","item":"https:\/\/zenaluminium.pl\/uslugi\/"},{"@type":"ListItem","position":3,"name":"BALUSTRADY ALUMINIOWE","item":"https:\/\/zenaluminium.pl\/uslugi\/systemy-balustrad\/"},{"@type":"ListItem","position":4,"name":"BALUSTRADY SZKLANE &#8220;CRYSTAL VIEW&#8221;"}]},{"@type":"WebSite","@id":"https:\/\/zenaluminium.pl\/#website","url":"https:\/\/zenaluminium.pl\/","name":"Zen Aluminium - Polish manufacturer of aluminium windows and doors","description":"Window joinery, facades, conservatories, premium solutions","potentialAction":[{"@type":"SearchAction","target":{"@type":"EntryPoint","urlTemplate":"https:\/\/zenaluminium.pl\/?s={search_term_string}"},"query-input":{"@type":"PropertyValueSpecification","valueRequired":true,"valueName":"search_term_string"}}],"inLanguage":"en-GB"}]}},"_links":{"self":[{"href":"https:\/\/zenaluminium.pl\/en\/wp-json\/wp\/v2\/pages\/3124","targetHints":{"allow":["GET"]}}],"collection":[{"href":"https:\/\/zenaluminium.pl\/en\/wp-json\/wp\/v2\/pages"}],"about":[{"href":"https:\/\/zenaluminium.pl\/en\/wp-json\/wp\/v2\/types\/page"}],"author":[{"embeddable":true,"href":"https:\/\/zenaluminium.pl\/en\/wp-json\/wp\/v2\/users\/1"}],"replies":[{"embeddable":true,"href":"https:\/\/zenaluminium.pl\/en\/wp-json\/wp\/v2\/comments?post=3124"}],"version-history":[{"count":0,"href":"https:\/\/zenaluminium.pl\/en\/wp-json\/wp\/v2\/pages\/3124\/revisions"}],"up":[{"embeddable":true,"href":"https:\/\/zenaluminium.pl\/en\/wp-json\/wp\/v2\/pages\/3122"}],"wp:attachment":[{"href":"https:\/\/zenaluminium.pl\/en\/wp-json\/wp\/v2\/media?parent=3124"}],"curies":[{"name":"wp","href":"https:\/\/api.w.org\/{rel}","templated":true}]}}