{"id":3883,"date":"2018-06-18T13:06:38","date_gmt":"2018-06-18T12:06:38","guid":{"rendered":"https:\/\/zenaluminium.com\/?page_id=3883"},"modified":"2023-10-27T12:52:21","modified_gmt":"2023-10-27T10:52:21","slug":"cor-vision-plus","status":"publish","type":"page","link":"https:\/\/zenaluminium.pl\/en\/uslugi\/systemy-drzwiowe-aluminiowe\/drzwi-przesuwne\/cor-vision-plus\/","title":{"rendered":"COR - VISION PLUS"},"content":{"rendered":"<div class=\"wpb-content-wrapper\"><div class=\"vc_row wpb_row vc_row-fluid\"><div class=\"wpb_column vc_column_container vc_col-md-12\"><div class=\"vc_column-inner\"><div class=\"wpb_wrapper\"><h1 class='heading-middle  style-1' ><span>COR VISION PLUS &#8211; DRZWI PRZESUWANE<\/span><\/h1><div class=\"vc_empty_space\"   style=\"height: 50px\"><span class=\"vc_empty_space_inner\"><\/span><\/div><\/div><\/div><\/div><\/div><div class=\"vc_row wpb_row vc_row-fluid\"><div class=\"wpb_column vc_column_container vc_col-md-6\"><div class=\"vc_column-inner\"><div class=\"wpb_wrapper\"><ul class='list list-default'><li><span style=\"color: #000000;\"><strong><span style=\"font-size: 18px;\">OPIS SYSTEMU<\/span><\/strong><\/span><\/p>\n<p><span style=\"color: #000000;\">Minimalistyczny system drzwi przesuwnych przeznaczony szczeg\u00f3lnie do du\u017cych powierzchni (a\u017c do4.000 mm\/skrzyd\u0142o szeroko\u015bci lub wysoko\u015bci). Mo\u017cliwo\u015b\u0107 pokrycia szkleniem a\u017c 94% powierzchni. Widoczna sekcja ma tylko 25 mm. Bardzo dobre parametry akustyczne i cieplne. Mo\u017cliwo\u015b\u0107 otwierania automatycznego do wagi 700 kg, oraz r\u0119cznego do 400 kg. <span id=\"result_box\" class=\"\" lang=\"pl\"><span class=\"\">Dodatkowo pozwala na umieszczenie wielopunktowych system\u00f3w blokuj\u0105cych za pomoc\u0105 pr\u0119ta, z kluczem lub bez<\/span><\/span>. <span id=\"result_box\" class=\"\" lang=\"pl\"><span class=\"\">Rolki s\u0105 umieszczone w ramie, a skrzyd\u0142a s\u0105 zlicowane ze wzmocnion\u0105 stalow\u0105 powierzchni\u0105 toczn\u0105, co u\u0142atwia przesuwanie. <\/span><\/span><span id=\"result_box\" class=\"\" lang=\"pl\" tabindex=\"-1\"><span class=\"\">Mo\u017cliwo\u015b\u0107 zastosowania naro\u017cnego skrzyd\u0142a o k\u0105cie 90 \u00b0 bez konieczno\u015bci stosowania s\u0142upka. <\/span><\/span><span id=\"result_box\" class=\"\" lang=\"pl\" tabindex=\"-1\">Wersja zautomatyzowana umo\u017cliwia ca\u0142kowite ukrycie skrzyd\u0142a w ramie w pozycji zamkni\u0119tej.<\/span><\/span><\/li><li><span style=\"color: #000000;\"><strong><span style=\"font-size: 18px;\">DANE TECHNICZNE<\/span><\/strong><\/span><\/p>\n<p><span style=\"color: #000000;\"><span id=\"result_box\" class=\"short_text\" lang=\"pl\" tabindex=\"-1\">Maksymalna grubo\u015b\u0107 oszklenia:<\/span><strong><span id=\"result_box\" class=\"short_text\" lang=\"pl\" tabindex=\"-1\"> 54 mm<\/span><\/strong><\/span><\/p>\n<p><strong><span style=\"color: #000000;\">Mo\u017cliwo\u015b\u0107 otwierania:<\/span><\/strong><br \/>\n<span style=\"color: #000000;\">Przesuwne z 2, 4 lub 6 skrzyd\u0142ami<br \/>\n<\/span><span style=\"color: #000000;\">Mo\u017cliwo\u015b\u0107 1 lub 3 szyn, <\/span><span style=\"color: #000000;\">1 skrzyd\u0142o+ 1 sta\u0142y\/ 2 skrzyd\u0142a+ 1 sta\u0142y<\/span><br \/>\n<span style=\"color: #000000;\"><span id=\"result_box\" class=\"\" lang=\"pl\" tabindex=\"-1\">Mo\u017cliwo\u015b\u0107 otwierania si\u0119 naro\u017cnika przy 90\u00ba bez szpros\u00f3w<\/span><\/span><\/p>\n<p><strong><span style=\"color: #000000;\">Przekr\u00f3j:<\/span><\/strong><br \/>\n<span style=\"color: #000000;\">Rama \u2013 <strong>180 mm &#8211; 278 mm<\/strong> 3 szyny,<\/span><span style=\"color: #000000;\"> Skrzyd\u0142o \u2013 <strong>69 mm<\/strong><\/span><\/p>\n<p><span style=\"color: #000000;\">Grubo\u015b\u0107 profila: <strong>Drzwi 2,0 mm<\/strong><\/span><\/p>\n<p><span style=\"color: #000000;\"><strong><span id=\"result_box\" class=\"short_text\" lang=\"pl\" tabindex=\"-1\">D\u0142ugo\u015b\u0107 paska poliamidu<\/span>:<\/strong> <strong>od 18 do 40 mm<\/strong><\/span><\/p>\n<p><strong><span style=\"color: #000000;\">Maksymalne wymiary\/skrzyd\u0142o:<\/span><\/strong><br \/>\n<span style=\"color: #000000;\">Szeroko\u015b\u0107 (L) = 4.000 mm,<\/span><span style=\"color: #000000;\">\u00a0Wysoko\u015b\u0107 (H) = 4.000 mm<\/span><br \/>\n<span style=\"color: #000000;\"><span style=\"color: #000000;\">Powierzchnia szk\u0142a \u2264 14 m\u00b2<\/span><\/span><\/p>\n<p><span style=\"color: #000000;\">Maksymalna waga\/skrzyd\u0142o: <strong>400 Kg Manual, 700 Kg Automatyczne<\/strong><\/span><\/p>\n<p><span style=\"color: #000000;\"><span id=\"result_box\" class=\"\" lang=\"pl\" tabindex=\"-1\">W przypadku innych typ\u00f3w otwor\u00f3w nale\u017cy skonsultowa\u0107 si\u0119 z maksymaln\u0105 mas\u0105 i wymiarami<\/span><\/span><\/p>\n<p><span style=\"color: #000000;\"><strong>Kolorystyka:<\/strong><br \/>\n<span id=\"result_box\" class=\"\" lang=\"pl\" tabindex=\"-1\">&#8211; Mo\u017cliwo\u015b\u0107 system\u00f3w bicolor<br \/>\n&#8211; Kolorowa pow\u0142oka proszkowa (RAL, c\u0119tkowane i szorstkie)<br \/>\n&#8211; Lakierowanie proszkowe z efektem drewna<br \/>\n&#8211; Antybakteryjna pow\u0142oka proszkowa<br \/>\n<span class=\"\">&#8211; Anodowane<\/span><\/span><\/span><\/li><li><span style=\"color: #000000;\"><strong><span style=\"font-size: 18px;\">BADANIA \/ CERTYFIKATY<\/span><\/strong><\/span><\/p>\n<p><span style=\"color: #000000;\">Wsp\u00f3\u0142czynnik: Uw od 0,9 (W\/m\u00b2K)<\/span><\/p>\n<p><span style=\"color: #000000;\"><em><span id=\"result_box\" class=\"short_text\" lang=\"pl\" tabindex=\"-1\">Prosz\u0119 zapozna\u0107 si\u0119 z typologi\u0105, wymiarami i przeszkle\u0144<\/span><\/em><\/span><\/p>\n<p><span style=\"color: #000000;\"><span id=\"result_box\" class=\"short_text\" lang=\"pl\" tabindex=\"-1\">Maksymalna izolacja akustyczna<\/span>: <strong>Rw=43 dB<br \/>\n<\/strong><\/span><span style=\"color: #000000;\"><span id=\"result_box\" class=\"short_text\" lang=\"pl\" tabindex=\"-1\">Przepuszczalno\u015b\u0107 powietrza:<\/span> <strong>(EN 12207:2000) CLASS 4<br \/>\n<\/strong><\/span><span style=\"color: #000000;\"><span id=\"result_box\" class=\"short_text\" lang=\"pl\" tabindex=\"-1\">Wodoszczelno\u015b\u0107:<\/span> <strong>(EN 12208:2000) CLASS 7A*\/9A**<br \/>\n<\/strong><\/span><span style=\"color: #000000;\"><span id=\"result_box\" class=\"short_text\" lang=\"pl\" tabindex=\"-1\">Odporno\u015b\u0107 na wiatr:<\/span> <strong>(EN 12210:2000) CLASS C3<\/strong><\/span><\/p>\n<p><span style=\"color: #000000;\"><em><span id=\"result_box\" class=\"\" lang=\"pl\" tabindex=\"-1\">*\u00a0 Test odniesienia: Balkon 4,00 x 3,00 m. 2 skrzyd\u0142a.<br \/>\n** Test odniesienia: Balkon 4,00 x 3,00 m. 1 skrzyd\u0142o 1 sta\u0142e<\/span><\/em><\/span><\/li><\/ul><\/div><\/div><\/div><div class=\"wpb_column vc_column_container vc_col-md-6\"><div class=\"vc_column-inner\"><div class=\"wpb_wrapper\"><div class=\"vc_row wpb_row vc_inner vc_row-fluid\"><div class=\"wpb_column vc_column_container vc_col-md-6\"><div class=\"vc_column-inner\"><div class=\"wpb_wrapper\">\n\t<div  class=\"wpb_single_image wpb_content_element vc_align_center wpb_content_element\">\n\t\t\n\t\t<figure class=\"wpb_wrapper vc_figure\">\n\t\t\t<div class=\"vc_single_image-wrapper vc_box_border  vc_box_border_grey\"><img loading=\"lazy\" decoding=\"async\" width=\"875\" height=\"1000\" src=\"https:\/\/zenaluminium.pl\/wp-content\/uploads\/2021\/08\/corvision-plus-150x150-1.jpg\" class=\"vc_single_image-img attachment-full\" alt=\"\" title=\"corvision-plus-150x150\" srcset=\"https:\/\/zenaluminium.pl\/wp-content\/uploads\/2021\/08\/corvision-plus-150x150-1.jpg 875w, https:\/\/zenaluminium.pl\/wp-content\/uploads\/2021\/08\/corvision-plus-150x150-1-263x300.jpg 263w, https:\/\/zenaluminium.pl\/wp-content\/uploads\/2021\/08\/corvision-plus-150x150-1-768x878.jpg 768w\" sizes=\"auto, (max-width: 875px) 100vw, 875px\" \/><\/div>\n\t\t<\/figure>\n\t<\/div>\n<\/div><\/div><\/div><div class=\"wpb_column vc_column_container vc_col-md-6\"><div class=\"vc_column-inner\"><div class=\"wpb_wrapper\">\n\t<div  class=\"wpb_single_image wpb_content_element vc_align_center wpb_content_element\">\n\t\t\n\t\t<figure class=\"wpb_wrapper vc_figure\">\n\t\t\t<div class=\"vc_single_image-wrapper vc_box_border  vc_box_border_grey\"><img loading=\"lazy\" decoding=\"async\" width=\"875\" height=\"1000\" src=\"https:\/\/zenaluminium.pl\/wp-content\/uploads\/2021\/08\/2_93z.jpg\" class=\"vc_single_image-img attachment-full\" alt=\"\" title=\"2_93z\" srcset=\"https:\/\/zenaluminium.pl\/wp-content\/uploads\/2021\/08\/2_93z.jpg 875w, https:\/\/zenaluminium.pl\/wp-content\/uploads\/2021\/08\/2_93z-263x300.jpg 263w, https:\/\/zenaluminium.pl\/wp-content\/uploads\/2021\/08\/2_93z-768x878.jpg 768w\" sizes=\"auto, (max-width: 875px) 100vw, 875px\" \/><\/div>\n\t\t<\/figure>\n\t<\/div>\n<\/div><\/div><\/div><\/div><div class=\"vc_row wpb_row vc_inner vc_row-fluid\"><div class=\"wpb_column vc_column_container vc_col-md-6\"><div class=\"vc_column-inner\"><div class=\"wpb_wrapper\">\n\t<div  class=\"wpb_single_image wpb_content_element vc_align_center wpb_content_element\">\n\t\t\n\t\t<figure class=\"wpb_wrapper vc_figure\">\n\t\t\t<div class=\"vc_single_image-wrapper vc_box_border  vc_box_border_grey\"><img loading=\"lazy\" decoding=\"async\" width=\"875\" height=\"1000\" src=\"https:\/\/zenaluminium.pl\/wp-content\/uploads\/2021\/08\/2_93.jpg\" class=\"vc_single_image-img attachment-full\" alt=\"\" title=\"2_93\" srcset=\"https:\/\/zenaluminium.pl\/wp-content\/uploads\/2021\/08\/2_93.jpg 875w, https:\/\/zenaluminium.pl\/wp-content\/uploads\/2021\/08\/2_93-263x300.jpg 263w, https:\/\/zenaluminium.pl\/wp-content\/uploads\/2021\/08\/2_93-768x878.jpg 768w\" sizes=\"auto, (max-width: 875px) 100vw, 875px\" \/><\/div>\n\t\t<\/figure>\n\t<\/div>\n<\/div><\/div><\/div><div class=\"wpb_column vc_column_container vc_col-md-6\"><div class=\"vc_column-inner\"><div class=\"wpb_wrapper\">\n\t<div  class=\"wpb_single_image wpb_content_element vc_align_center wpb_content_element\">\n\t\t\n\t\t<figure class=\"wpb_wrapper vc_figure\">\n\t\t\t<div class=\"vc_single_image-wrapper vc_box_border  vc_box_border_grey\"><img loading=\"lazy\" decoding=\"async\" width=\"875\" height=\"1000\" src=\"https:\/\/zenaluminium.pl\/wp-content\/uploads\/2021\/08\/2_93za.jpg\" class=\"vc_single_image-img attachment-full\" alt=\"\" title=\"2_93za\" srcset=\"https:\/\/zenaluminium.pl\/wp-content\/uploads\/2021\/08\/2_93za.jpg 875w, https:\/\/zenaluminium.pl\/wp-content\/uploads\/2021\/08\/2_93za-263x300.jpg 263w, https:\/\/zenaluminium.pl\/wp-content\/uploads\/2021\/08\/2_93za-768x878.jpg 768w\" sizes=\"auto, (max-width: 875px) 100vw, 875px\" \/><\/div>\n\t\t<\/figure>\n\t<\/div>\n<\/div><\/div><\/div><\/div><div class=\"wpb_gallery wpb_content_element vc_clearfix wpb_content_element\" ><div class=\"wpb_wrapper\"><div class=\"wpb_gallery_slides wpb_flexslider flexslider_fade flexslider\" data-interval=\"3\" data-flex_fx=\"fade\"><ul class=\"slides\"><li><a class=\"\" href=\"https:\/\/zenaluminium.pl\/wp-content\/uploads\/2023\/10\/2450.vision2.jpg\" data-lightbox=\"lightbox[rel-3883-3246077445]\"><img loading=\"lazy\" decoding=\"async\" width=\"893\" height=\"549\" src=\"https:\/\/zenaluminium.pl\/wp-content\/uploads\/2023\/10\/2450.vision2.jpg\" class=\"attachment-full\" alt=\"\" title=\"2450.vision2\" srcset=\"https:\/\/zenaluminium.pl\/wp-content\/uploads\/2023\/10\/2450.vision2.jpg 893w, https:\/\/zenaluminium.pl\/wp-content\/uploads\/2023\/10\/2450.vision2-600x369.jpg 600w, https:\/\/zenaluminium.pl\/wp-content\/uploads\/2023\/10\/2450.vision2-300x184.jpg 300w, https:\/\/zenaluminium.pl\/wp-content\/uploads\/2023\/10\/2450.vision2-768x472.jpg 768w, https:\/\/zenaluminium.pl\/wp-content\/uploads\/2023\/10\/2450.vision2-18x12.jpg 18w\" sizes=\"auto, (max-width: 893px) 100vw, 893px\" \/><\/a><\/li><li><a class=\"\" href=\"https:\/\/zenaluminium.pl\/wp-content\/uploads\/2023\/10\/2449.vision3.jpg\" data-lightbox=\"lightbox[rel-3883-3246077445]\"><img loading=\"lazy\" decoding=\"async\" width=\"893\" height=\"549\" src=\"https:\/\/zenaluminium.pl\/wp-content\/uploads\/2023\/10\/2449.vision3.jpg\" class=\"attachment-full\" alt=\"\" title=\"2449.vision3\" srcset=\"https:\/\/zenaluminium.pl\/wp-content\/uploads\/2023\/10\/2449.vision3.jpg 893w, https:\/\/zenaluminium.pl\/wp-content\/uploads\/2023\/10\/2449.vision3-600x369.jpg 600w, https:\/\/zenaluminium.pl\/wp-content\/uploads\/2023\/10\/2449.vision3-300x184.jpg 300w, https:\/\/zenaluminium.pl\/wp-content\/uploads\/2023\/10\/2449.vision3-768x472.jpg 768w, https:\/\/zenaluminium.pl\/wp-content\/uploads\/2023\/10\/2449.vision3-18x12.jpg 18w\" sizes=\"auto, (max-width: 893px) 100vw, 893px\" \/><\/a><\/li><li><a class=\"\" href=\"https:\/\/zenaluminium.pl\/wp-content\/uploads\/2023\/10\/2451.vison1-1.jpg\" data-lightbox=\"lightbox[rel-3883-3246077445]\"><img loading=\"lazy\" decoding=\"async\" width=\"893\" height=\"549\" src=\"https:\/\/zenaluminium.pl\/wp-content\/uploads\/2023\/10\/2451.vison1-1.jpg\" class=\"attachment-full\" alt=\"\" title=\"2451.vison1 (1)\" srcset=\"https:\/\/zenaluminium.pl\/wp-content\/uploads\/2023\/10\/2451.vison1-1.jpg 893w, https:\/\/zenaluminium.pl\/wp-content\/uploads\/2023\/10\/2451.vison1-1-600x369.jpg 600w, https:\/\/zenaluminium.pl\/wp-content\/uploads\/2023\/10\/2451.vison1-1-300x184.jpg 300w, https:\/\/zenaluminium.pl\/wp-content\/uploads\/2023\/10\/2451.vison1-1-768x472.jpg 768w, https:\/\/zenaluminium.pl\/wp-content\/uploads\/2023\/10\/2451.vison1-1-18x12.jpg 18w\" sizes=\"auto, (max-width: 893px) 100vw, 893px\" \/><\/a><\/li><\/ul><\/div><\/div><\/div><\/div><\/div><\/div><\/div>\n<\/div>","protected":false},"excerpt":{"rendered":"COR VISION PLUS - DRZWI PRZESUWANEOPIS SYSTEMU Minimalistyczny system drzwi przesuwnych przeznaczony szczeg\u00f3lnie do du\u017cych powierzchni (a\u017c do4.000 mm\/skrzyd\u0142o szeroko\u015bci lub wysoko\u015bci). Mo\u017cliwo\u015b\u0107 pokrycia szkleniem a\u017c 94% powierzchni. Widoczna sekcja ma tylko 25 mm. Bardzo dobre parametry akustyczne i cieplne. &hellip;","protected":false},"author":1,"featured_media":0,"parent":3117,"menu_order":0,"comment_status":"closed","ping_status":"closed","template":"","meta":{"footnotes":""},"class_list":["post-3883","page","type-page","status-publish","hentry"],"yoast_head":"<!-- This site is optimized with the Yoast SEO plugin v27.2 - https:\/\/yoast.com\/product\/yoast-seo-wordpress\/ -->\n<title>COR - VISION PLUS - Zen Aluminium - polski producent okien i drzwi z aluminium<\/title>\n<meta name=\"robots\" content=\"index, follow, max-snippet:-1, max-image-preview:large, max-video-preview:-1\" \/>\n<link rel=\"canonical\" href=\"https:\/\/zenaluminium.pl\/en\/services\/door-aluminium-systems\/sliding-door\/cor-vision-plus\/\" \/>\n<meta property=\"og:locale\" content=\"en_GB\" \/>\n<meta property=\"og:type\" content=\"article\" \/>\n<meta property=\"og:title\" content=\"COR - VISION PLUS - Zen Aluminium - polski producent okien i drzwi z aluminium\" \/>\n<meta property=\"og:url\" content=\"https:\/\/zenaluminium.pl\/en\/services\/door-aluminium-systems\/sliding-door\/cor-vision-plus\/\" \/>\n<meta property=\"og:site_name\" content=\"Zen Aluminium - polski producent okien i drzwi z aluminium\" \/>\n<meta property=\"article:publisher\" content=\"http:\/\/fb.com\/zenaluminum\" \/>\n<meta property=\"article:modified_time\" content=\"2023-10-27T10:52:21+00:00\" \/>\n<meta name=\"twitter:card\" content=\"summary_large_image\" \/>\n<meta name=\"twitter:label1\" content=\"Estimated reading time\" \/>\n\t<meta name=\"twitter:data1\" content=\"2 minutes\" \/>\n<script type=\"application\/ld+json\" class=\"yoast-schema-graph\">{\"@context\":\"https:\/\/schema.org\",\"@graph\":[{\"@type\":\"WebPage\",\"@id\":\"https:\/\/zenaluminium.pl\/uslugi\/systemy-drzwiowe-aluminiowe\/drzwi-przesuwne\/cor-vision-plus\/\",\"url\":\"https:\/\/zenaluminium.pl\/uslugi\/systemy-drzwiowe-aluminiowe\/drzwi-przesuwne\/cor-vision-plus\/\",\"name\":\"COR - VISION PLUS - Zen Aluminium - polski producent okien i drzwi z aluminium\",\"isPartOf\":{\"@id\":\"https:\/\/zenaluminium.pl\/#website\"},\"datePublished\":\"2018-06-18T12:06:38+00:00\",\"dateModified\":\"2023-10-27T10:52:21+00:00\",\"breadcrumb\":{\"@id\":\"https:\/\/zenaluminium.pl\/uslugi\/systemy-drzwiowe-aluminiowe\/drzwi-przesuwne\/cor-vision-plus\/#breadcrumb\"},\"inLanguage\":\"en-GB\",\"potentialAction\":[{\"@type\":\"ReadAction\",\"target\":[\"https:\/\/zenaluminium.pl\/uslugi\/systemy-drzwiowe-aluminiowe\/drzwi-przesuwne\/cor-vision-plus\/\"]}]},{\"@type\":\"BreadcrumbList\",\"@id\":\"https:\/\/zenaluminium.pl\/uslugi\/systemy-drzwiowe-aluminiowe\/drzwi-przesuwne\/cor-vision-plus\/#breadcrumb\",\"itemListElement\":[{\"@type\":\"ListItem\",\"position\":1,\"name\":\"Home\",\"item\":\"https:\/\/zenaluminium.pl\/\"},{\"@type\":\"ListItem\",\"position\":2,\"name\":\"Stolarka aluminiowa\",\"item\":\"https:\/\/zenaluminium.pl\/uslugi\/\"},{\"@type\":\"ListItem\",\"position\":3,\"name\":\"SYSTEMY DRZWIOWE\",\"item\":\"https:\/\/zenaluminium.pl\/uslugi\/systemy-drzwiowe-aluminiowe\/\"},{\"@type\":\"ListItem\",\"position\":4,\"name\":\"SYSTEMY DRZWI PRZESUWNYCH\",\"item\":\"https:\/\/zenaluminium.pl\/uslugi\/systemy-drzwiowe-aluminiowe\/drzwi-przesuwne\/\"},{\"@type\":\"ListItem\",\"position\":5,\"name\":\"COR &#8211; VISION PLUS\"}]},{\"@type\":\"WebSite\",\"@id\":\"https:\/\/zenaluminium.pl\/#website\",\"url\":\"https:\/\/zenaluminium.pl\/\",\"name\":\"Zen Aluminium - polski producent okien i drzwi z aluminium\",\"description\":\"Stolarka okienna, fasady, ogrody zimowe, rozwi\u0105zania klasy premium\",\"potentialAction\":[{\"@type\":\"SearchAction\",\"target\":{\"@type\":\"EntryPoint\",\"urlTemplate\":\"https:\/\/zenaluminium.pl\/?s={search_term_string}\"},\"query-input\":{\"@type\":\"PropertyValueSpecification\",\"valueRequired\":true,\"valueName\":\"search_term_string\"}}],\"inLanguage\":\"en-GB\"}]}<\/script>\n<!-- \/ Yoast SEO plugin. -->","yoast_head_json":{"title":"COR - VISION PLUS - Zen Aluminium - Polish manufacturer of aluminium windows and doors","robots":{"index":"index","follow":"follow","max-snippet":"max-snippet:-1","max-image-preview":"max-image-preview:large","max-video-preview":"max-video-preview:-1"},"canonical":"https:\/\/zenaluminium.pl\/en\/services\/door-aluminium-systems\/sliding-door\/cor-vision-plus\/","og_locale":"en_GB","og_type":"article","og_title":"COR - VISION PLUS - Zen Aluminium - polski producent okien i drzwi z aluminium","og_url":"https:\/\/zenaluminium.pl\/en\/services\/door-aluminium-systems\/sliding-door\/cor-vision-plus\/","og_site_name":"Zen Aluminium - polski producent okien i drzwi z aluminium","article_publisher":"http:\/\/fb.com\/zenaluminum","article_modified_time":"2023-10-27T10:52:21+00:00","twitter_card":"summary_large_image","twitter_misc":{"Estimated reading time":"2 minutes"},"schema":{"@context":"https:\/\/schema.org","@graph":[{"@type":"WebPage","@id":"https:\/\/zenaluminium.pl\/uslugi\/systemy-drzwiowe-aluminiowe\/drzwi-przesuwne\/cor-vision-plus\/","url":"https:\/\/zenaluminium.pl\/uslugi\/systemy-drzwiowe-aluminiowe\/drzwi-przesuwne\/cor-vision-plus\/","name":"COR - VISION PLUS - Zen Aluminium - Polish manufacturer of aluminium windows and doors","isPartOf":{"@id":"https:\/\/zenaluminium.pl\/#website"},"datePublished":"2018-06-18T12:06:38+00:00","dateModified":"2023-10-27T10:52:21+00:00","breadcrumb":{"@id":"https:\/\/zenaluminium.pl\/uslugi\/systemy-drzwiowe-aluminiowe\/drzwi-przesuwne\/cor-vision-plus\/#breadcrumb"},"inLanguage":"en-GB","potentialAction":[{"@type":"ReadAction","target":["https:\/\/zenaluminium.pl\/uslugi\/systemy-drzwiowe-aluminiowe\/drzwi-przesuwne\/cor-vision-plus\/"]}]},{"@type":"BreadcrumbList","@id":"https:\/\/zenaluminium.pl\/uslugi\/systemy-drzwiowe-aluminiowe\/drzwi-przesuwne\/cor-vision-plus\/#breadcrumb","itemListElement":[{"@type":"ListItem","position":1,"name":"Home","item":"https:\/\/zenaluminium.pl\/"},{"@type":"ListItem","position":2,"name":"Stolarka aluminiowa","item":"https:\/\/zenaluminium.pl\/uslugi\/"},{"@type":"ListItem","position":3,"name":"SYSTEMY DRZWIOWE","item":"https:\/\/zenaluminium.pl\/uslugi\/systemy-drzwiowe-aluminiowe\/"},{"@type":"ListItem","position":4,"name":"SYSTEMY DRZWI PRZESUWNYCH","item":"https:\/\/zenaluminium.pl\/uslugi\/systemy-drzwiowe-aluminiowe\/drzwi-przesuwne\/"},{"@type":"ListItem","position":5,"name":"COR &#8211; VISION PLUS"}]},{"@type":"WebSite","@id":"https:\/\/zenaluminium.pl\/#website","url":"https:\/\/zenaluminium.pl\/","name":"Zen Aluminium - Polish manufacturer of aluminium windows and doors","description":"Window joinery, facades, conservatories, premium solutions","potentialAction":[{"@type":"SearchAction","target":{"@type":"EntryPoint","urlTemplate":"https:\/\/zenaluminium.pl\/?s={search_term_string}"},"query-input":{"@type":"PropertyValueSpecification","valueRequired":true,"valueName":"search_term_string"}}],"inLanguage":"en-GB"}]}},"_links":{"self":[{"href":"https:\/\/zenaluminium.pl\/en\/wp-json\/wp\/v2\/pages\/3883","targetHints":{"allow":["GET"]}}],"collection":[{"href":"https:\/\/zenaluminium.pl\/en\/wp-json\/wp\/v2\/pages"}],"about":[{"href":"https:\/\/zenaluminium.pl\/en\/wp-json\/wp\/v2\/types\/page"}],"author":[{"embeddable":true,"href":"https:\/\/zenaluminium.pl\/en\/wp-json\/wp\/v2\/users\/1"}],"replies":[{"embeddable":true,"href":"https:\/\/zenaluminium.pl\/en\/wp-json\/wp\/v2\/comments?post=3883"}],"version-history":[{"count":5,"href":"https:\/\/zenaluminium.pl\/en\/wp-json\/wp\/v2\/pages\/3883\/revisions"}],"predecessor-version":[{"id":18077,"href":"https:\/\/zenaluminium.pl\/en\/wp-json\/wp\/v2\/pages\/3883\/revisions\/18077"}],"up":[{"embeddable":true,"href":"https:\/\/zenaluminium.pl\/en\/wp-json\/wp\/v2\/pages\/3117"}],"wp:attachment":[{"href":"https:\/\/zenaluminium.pl\/en\/wp-json\/wp\/v2\/media?parent=3883"}],"curies":[{"name":"wp","href":"https:\/\/api.w.org\/{rel}","templated":true}]}}