{"id":3930,"date":"2018-06-21T13:05:46","date_gmt":"2018-06-21T12:05:46","guid":{"rendered":"https:\/\/zenaluminium.com\/?page_id=3930"},"modified":"2024-03-06T09:45:50","modified_gmt":"2024-03-06T08:45:50","slug":"casement","status":"publish","type":"page","link":"https:\/\/zenaluminium.pl\/en\/uslugi\/systemy-okienne-aluminiowe\/okna-zawiasowe\/casement\/","title":{"rendered":"CASEMENT - OPENING OUTWARDS"},"content":{"rendered":"<div class=\"wpb-content-wrapper\"><div class=\"vc_row wpb_row vc_row-fluid\"><div class=\"wpb_column vc_column_container vc_col-md-12\"><div class=\"vc_column-inner\"><div class=\"wpb_wrapper\">\n\t<div  class=\"wpb_single_image wpb_content_element vc_align_left wpb_content_element\">\n\t\t\n\t\t<figure class=\"wpb_wrapper vc_figure\">\n\t\t\t<div class=\"vc_single_image-wrapper   vc_box_border_grey\"><img loading=\"lazy\" decoding=\"async\" width=\"1500\" height=\"725\" src=\"https:\/\/zenaluminium.pl\/wp-content\/uploads\/2024\/03\/casement-cortizo-window-opening-outside.jpg\" class=\"vc_single_image-img attachment-full\" alt=\"\" title=\"casement-cortizo-window-opening-outside\" srcset=\"https:\/\/zenaluminium.pl\/wp-content\/uploads\/2024\/03\/casement-cortizo-window-opening-outside.jpg 1500w, https:\/\/zenaluminium.pl\/wp-content\/uploads\/2024\/03\/casement-cortizo-window-opening-outside-600x290.jpg 600w, https:\/\/zenaluminium.pl\/wp-content\/uploads\/2024\/03\/casement-cortizo-window-opening-outside-300x145.jpg 300w, https:\/\/zenaluminium.pl\/wp-content\/uploads\/2024\/03\/casement-cortizo-window-opening-outside-1024x495.jpg 1024w, https:\/\/zenaluminium.pl\/wp-content\/uploads\/2024\/03\/casement-cortizo-window-opening-outside-768x371.jpg 768w, https:\/\/zenaluminium.pl\/wp-content\/uploads\/2024\/03\/casement-cortizo-window-opening-outside-18x9.jpg 18w\" sizes=\"auto, (max-width: 1500px) 100vw, 1500px\" \/><\/div>\n\t\t<\/figure>\n\t<\/div>\n<\/div><\/div><\/div><\/div><div class=\"vc_row wpb_row vc_row-fluid\"><div class=\"wpb_column vc_column_container vc_col-md-12\"><div class=\"vc_column-inner\"><div class=\"wpb_wrapper\"><h1 class='heading-middle  style-1' ><span>CASEMENT &#8211; COR 70 OTWIERANY NA ZEWN\u0104TRZ<\/span><\/h1><div class=\"vc_empty_space\"   style=\"height: 50px\"><span class=\"vc_empty_space_inner\"><\/span><\/div><\/div><\/div><\/div><\/div><div class=\"vc_row wpb_row vc_row-fluid\"><div class=\"wpb_column vc_column_container vc_col-md-6\"><div class=\"vc_column-inner\"><div class=\"wpb_wrapper\"><ul class='list list-default'><li><span style=\"font-size: 18px; color: #000000;\"><strong>OPIS SYSTEMU<\/strong><\/span><\/p>\n<p><span style=\"color: #000000;\">System okien na profilach aluminiowych otwieranych na zewn\u0105trz. <\/span><span style=\"color: #000000;\">Przeznaczony na rynek skandynawski oraz brytyjski jednak znajduje r\u00f3wnie\u017c zastosowanie w innych krajach. <\/span><span style=\"color: #000000;\">Cechuje si\u0119 bardzo dobrym, podwy\u017cszonymi parametrami cieplnymi. <\/span><span style=\"color: #000000;\">Dzi\u0119ki swojej konstrukcji okna otwierane na zewn\u0105trz pozwalaj\u0105 na oszcz\u0119dno\u015b\u0107 miejsca ale przede wszystkim chroni przed silnymi wiatrami. Napieraj\u0105cy wiatr nie powoduje rozszczelnienia okna kt\u00f3re mog\u0142oby prowadzi\u0107 do przeciek\u00f3w. <\/span><span style=\"color: #000000;\">Mo\u017cliwe jest uchylanie skrzyd\u0142a od g\u00f3ry oraz na boki. <\/span><span style=\"color: #000000;\">System opiera si\u0119 na profilu COR o grubo\u015bci 70mm.<\/span><\/li><li><span style=\"font-size: 18px; color: #000000;\"><strong>DANE TECHNICZNE<\/strong><\/span><\/p>\n<p><span style=\"color: #000000;\">Mo\u017cliwo\u015b\u0107 otwierania:<\/span><span style=\"color: #000000;\">\u00a0<span id=\"result_box\" class=\"\" lang=\"pl\" tabindex=\"-1\"><span class=\"\">Rozwierne na zewn\u0105trz |<\/span><span class=\"\">\u00a0Wychylane do\u0142em na zewn\u0105trz<\/span><\/span><\/span><\/p>\n<p><span style=\"color: #000000;\"><span id=\"result_box\" class=\"short_text\" lang=\"pl\" tabindex=\"-1\">Maksymalna grubo\u015b\u0107 oszklenia:<\/span><strong><span id=\"result_box\" class=\"short_text\" lang=\"pl\" tabindex=\"-1\"> 44 mm<\/span><\/strong><\/span><\/p>\n<p><span style=\"color: #000000;\">Przekr\u00f3j:<\/span><span style=\"color: #000000;\"> Rama \u2013 70mm,<\/span><span style=\"color: #000000;\">\u00a0Skrzyd\u0142o \u2013 70 mm<\/span><\/p>\n<p><span style=\"color: #000000;\">Grubo\u015b\u0107 profilu: <strong>Okno 1,6 mm<\/strong><\/span><\/p>\n<p><span style=\"color: #000000;\"><span id=\"result_box\" class=\"short_text\" lang=\"pl\" tabindex=\"-1\">D\u0142ugo\u015b\u0107 paska poliamidu<\/span>: <strong>32 mm<\/strong><\/span><\/p>\n<p><span style=\"color: #000000;\">Maksymalne wymiary\/skrzyd\u0142o:<\/span><br \/>\n<span style=\"color: #000000;\"><span id=\"result_box\" class=\"\" lang=\"pl\"><strong>Smuk\u0142e skrzyd\u0142o,<br \/>\n<\/strong><\/span><\/span><span style=\"color: #000000;\"><span id=\"result_box\" class=\"\" lang=\"pl\">&#8211; Boczne zawiasy: <\/span><span class=\"\" lang=\"pl\">Szeroko\u015b\u0107 (L) = 700 mm, Wysoko\u015b\u0107 (H) = 1.300 mm<br \/>\n<\/span><\/span><span style=\"color: #000000;\"><span id=\"result_box\" class=\"\" lang=\"pl\">&#8211; Zawiasy u g\u00f3ry: <\/span><span id=\"result_box\" class=\"\" lang=\"pl\">Szeroko\u015b\u0107 (L) = 1.200 mm, Wysoko\u015b\u0107 (H) = 1.300 mm<br \/>\n<\/span><em><span id=\"result_box\" class=\"\" lang=\"pl\"><br \/>\n<\/span><\/em><span id=\"result_box\" class=\"\" lang=\"pl\"><span class=\"\"><strong>Skrzyd\u0142o o du\u017cym obci\u0105\u017ceniu<\/strong><br \/>\n<\/span><\/span><span class=\"\" lang=\"pl\"><span class=\"\">&#8211; Zawiasy boczne: <\/span><em>Szeroko\u015b\u0107 (L) = <\/em>750 mm<em>, <\/em>Wysoko\u015b\u0107 (H) = 1,750 mm<em><br \/>\n<\/em><\/span>&#8211; Zawiasy u g\u00f3ry: <\/span><span style=\"color: #000000;\">Szeroko\u015b\u0107 (L) = 1.800 mm, <\/span><span style=\"color: #000000;\">Wysoko\u015b\u0107 (H) = 1.800 mm<\/span><\/p>\n<p><span style=\"color: #000000;\"><span class=\"\" lang=\"pl\"><span class=\"\">Maksymalna waga \/ skrzyd\u0142o<br \/>\n<\/span><\/span>Smuk\u0142e skrzyd\u0142o: Boczne zawiasy<\/span><span style=\"color: #000000;\"><strong> 35 kg<\/strong>, G\u00f3rne zawiasy: <strong>50 kg<\/strong><br \/>\n<\/span><span style=\"color: #000000;\">Skrzyd\u0142o o du\u017cym obci\u0105\u017ceniu: <\/span><span style=\"color: #000000;\">Boczne zawiasy: <strong>42 kg <\/strong><\/span><span style=\"color: #000000;\">G\u00f3rne zawiasy: <strong>100 kg<\/strong><\/span><\/p>\n<p><span style=\"color: #000000;\">Sprawd\u017a maksymaln\u0105 mas\u0119 i wymiary zgodnie z typologi\u0105.<\/span><\/li><li><span style=\"color: #000000;\"><strong><span style=\"font-size: 18px;\">BADANIA \/ WYKO\u0143CZENIE<\/span><\/strong><\/span><\/p>\n<p><span class=\"\" lang=\"pl\" style=\"color: #000000;\"><span class=\"\" lang=\"pl\">Transmitancja UW \u2265 1,1 (W \/ m\u00b2K)<br \/>\nSprawd\u017a typologi\u0119, wymiary i szk\u0142o<\/span><\/span><\/p>\n<p><span class=\"\" lang=\"pl\" style=\"color: #000000;\"><span class=\"\" lang=\"pl\"><span class=\"\">Maksymalna izolacja akustyczna <\/span>Rw = 45 dB<\/span><\/span><\/p>\n<p><span style=\"color: #000000;\">Przepuszczalno\u015b\u0107 powietrza <\/span><span style=\"color: #000000;\">(BS EN 12207: 2000): KLASA 4<\/span><\/p>\n<p><span id=\"result_box\" class=\"\" lang=\"pl\" style=\"color: #000000;\">Wodoszczelno\u015b\u0107 <span class=\"\">(BS EN 12208: 2000): KLASA E1200<\/span><br \/>\n<\/span><\/p>\n<p><span style=\"color: #000000;\"><span class=\"\" lang=\"pl\">Odporno\u015b\u0107 na wiatr (BS EN 12210: 2000): CLASS CE 2400 \/ h5&gt;<\/span><span class=\"\">Test odniesienia: 1,438 x 1,330 m, 1 skrzyd\u0142o okienne i 1 sta\u0142y.<\/span>\u00a0<\/span><\/p>\n<p><span id=\"result_box\" class=\"\" lang=\"pl\" style=\"color: #000000;\"><span class=\"\">Test bezpiecze\u0144stwa <\/span><span class=\"\">(PAS 24: 2016): APT<\/span><\/span><\/li><li><span id=\"result_box\" class=\"\" lang=\"pl\" style=\"color: #000000;\"><strong><span style=\"font-size: 18px;\">WYKO\u0143CZENIA<\/span><\/strong><br \/>\n&#8211; Mo\u017cliwo\u015b\u0107 bikoloru<br \/>\n&#8211; Kolorowa pow\u0142oka proszkowa (RAL, c\u0119tkowane i szorstkie)<br \/>\n&#8211; Lakierowanie proszkowe w drewnie<br \/>\n&#8211; Antybakteryjna pow\u0142oka proszkowa Anodowana<\/span><\/li><\/ul><\/div><\/div><\/div><div class=\"wpb_column vc_column_container vc_col-md-6\"><div class=\"vc_column-inner\"><div class=\"wpb_wrapper\"><div class=\"vc_row wpb_row vc_inner vc_row-fluid\"><div class=\"wpb_column vc_column_container vc_col-md-12\"><div class=\"vc_column-inner\"><div class=\"wpb_wrapper\">\n\t<div  class=\"wpb_single_image wpb_content_element vc_align_center wpb_content_element\">\n\t\t\n\t\t<figure class=\"wpb_wrapper vc_figure\">\n\t\t\t<div class=\"vc_single_image-wrapper vc_box_border  vc_box_border_grey\"><img loading=\"lazy\" decoding=\"async\" width=\"766\" height=\"875\" src=\"https:\/\/zenaluminium.pl\/wp-content\/uploads\/2021\/07\/6_130.jpg\" class=\"vc_single_image-img attachment-full\" alt=\"\" title=\"6_130\" srcset=\"https:\/\/zenaluminium.pl\/wp-content\/uploads\/2021\/07\/6_130.jpg 766w, https:\/\/zenaluminium.pl\/wp-content\/uploads\/2021\/07\/6_130-263x300.jpg 263w\" sizes=\"auto, (max-width: 766px) 100vw, 766px\" \/><\/div>\n\t\t<\/figure>\n\t<\/div>\n<\/div><\/div><\/div><\/div><div class=\"vc_row wpb_row vc_inner vc_row-fluid\"><div class=\"wpb_column vc_column_container vc_col-md-6\"><div class=\"vc_column-inner\"><div class=\"wpb_wrapper\">\n\t<div  class=\"wpb_single_image wpb_content_element vc_align_center wpb_content_element\">\n\t\t\n\t\t<figure class=\"wpb_wrapper vc_figure\">\n\t\t\t<div class=\"vc_single_image-wrapper vc_box_border  vc_box_border_grey\"><img loading=\"lazy\" decoding=\"async\" width=\"766\" height=\"875\" src=\"https:\/\/zenaluminium.pl\/wp-content\/uploads\/2021\/07\/6_130z.jpg\" class=\"vc_single_image-img attachment-full\" alt=\"\" title=\"6_130z\" srcset=\"https:\/\/zenaluminium.pl\/wp-content\/uploads\/2021\/07\/6_130z.jpg 766w, https:\/\/zenaluminium.pl\/wp-content\/uploads\/2021\/07\/6_130z-263x300.jpg 263w\" sizes=\"auto, (max-width: 766px) 100vw, 766px\" \/><\/div>\n\t\t<\/figure>\n\t<\/div>\n<\/div><\/div><\/div><div class=\"wpb_column vc_column_container vc_col-md-6\"><div class=\"vc_column-inner\"><div class=\"wpb_wrapper\">\n\t<div  class=\"wpb_single_image wpb_content_element vc_align_center wpb_content_element\">\n\t\t\n\t\t<figure class=\"wpb_wrapper vc_figure\">\n\t\t\t<div class=\"vc_single_image-wrapper vc_box_border  vc_box_border_grey\"><img loading=\"lazy\" decoding=\"async\" width=\"766\" height=\"875\" src=\"https:\/\/zenaluminium.pl\/wp-content\/uploads\/2021\/07\/222.jpg\" class=\"vc_single_image-img attachment-full\" alt=\"\" title=\"222\" srcset=\"https:\/\/zenaluminium.pl\/wp-content\/uploads\/2021\/07\/222.jpg 766w, https:\/\/zenaluminium.pl\/wp-content\/uploads\/2021\/07\/222-263x300.jpg 263w\" sizes=\"auto, (max-width: 766px) 100vw, 766px\" \/><\/div>\n\t\t<\/figure>\n\t<\/div>\n<\/div><\/div><\/div><\/div><div class=\"wpb_gallery wpb_content_element vc_clearfix wpb_content_element\" ><div class=\"wpb_wrapper\"><div class=\"wpb_gallery_slides wpb_flexslider flexslider_fade flexslider\" data-interval=\"3\" data-flex_fx=\"fade\"><ul class=\"slides\"><li><a class=\"\" href=\"\" data-lightbox=\"lightbox[rel-3930-1930618527]\"><\/a><\/li><li><a class=\"\" href=\"\" data-lightbox=\"lightbox[rel-3930-1930618527]\"><\/a><\/li><\/ul><\/div><\/div><\/div><\/div><\/div><\/div><\/div><div class=\"vc_row wpb_row vc_row-fluid\"><div class=\"wpb_column vc_column_container vc_col-md-12\"><div class=\"vc_column-inner\"><div class=\"wpb_wrapper\">\n\t<div  class=\"wpb_single_image wpb_content_element vc_align_left wpb_content_element\">\n\t\t\n\t\t<figure class=\"wpb_wrapper vc_figure\">\n\t\t\t<div class=\"vc_single_image-wrapper   vc_box_border_grey\"><img loading=\"lazy\" decoding=\"async\" width=\"500\" height=\"368\" src=\"https:\/\/zenaluminium.pl\/wp-content\/uploads\/2024\/03\/casement-okna-otwierane-na-zewnatrz-1.jpg\" class=\"vc_single_image-img attachment-full\" alt=\"\" title=\"casement-okna-otwierane-na-zewnatrz\" srcset=\"https:\/\/zenaluminium.pl\/wp-content\/uploads\/2024\/03\/casement-okna-otwierane-na-zewnatrz-1.jpg 500w, https:\/\/zenaluminium.pl\/wp-content\/uploads\/2024\/03\/casement-okna-otwierane-na-zewnatrz-1-300x221.jpg 300w, https:\/\/zenaluminium.pl\/wp-content\/uploads\/2024\/03\/casement-okna-otwierane-na-zewnatrz-1-16x12.jpg 16w\" sizes=\"auto, (max-width: 500px) 100vw, 500px\" \/><\/div>\n\t\t<\/figure>\n\t<\/div>\n<\/div><\/div><\/div><\/div>\n<\/div>","protected":false},"excerpt":{"rendered":"CASEMENT - COR 70 OUTDOOR OPENING SYSTEM DESCRIPTION Outward opening aluminium profile window system. Designed for the Scandinavian and UK markets, but can also be used in other countries. Characterised by very good, increased thermal parameters. Thanks to its construction, the windows ...","protected":false},"author":1,"featured_media":0,"parent":3282,"menu_order":0,"comment_status":"closed","ping_status":"closed","template":"","meta":{"footnotes":""},"class_list":["post-3930","page","type-page","status-publish","hentry"],"yoast_head":"<!-- This site is optimized with the Yoast SEO plugin v27.2 - https:\/\/yoast.com\/product\/yoast-seo-wordpress\/ -->\n<title>CASEMENT - OTWIERANE NA ZEWN\u0104TRZ - Zen Aluminium - polski producent okien i drzwi z aluminium<\/title>\n<meta name=\"robots\" content=\"index, follow, max-snippet:-1, max-image-preview:large, max-video-preview:-1\" \/>\n<link rel=\"canonical\" href=\"https:\/\/zenaluminium.pl\/en\/services\/window-aluminium-systems\/windows-hinge\/casement\/\" \/>\n<meta property=\"og:locale\" content=\"en_GB\" \/>\n<meta property=\"og:type\" content=\"article\" \/>\n<meta property=\"og:title\" content=\"CASEMENT - OTWIERANE NA ZEWN\u0104TRZ - Zen Aluminium - polski producent okien i drzwi z aluminium\" \/>\n<meta property=\"og:url\" content=\"https:\/\/zenaluminium.pl\/en\/services\/window-aluminium-systems\/windows-hinge\/casement\/\" \/>\n<meta property=\"og:site_name\" content=\"Zen Aluminium - polski producent okien i drzwi z aluminium\" \/>\n<meta property=\"article:publisher\" content=\"http:\/\/fb.com\/zenaluminum\" \/>\n<meta property=\"article:modified_time\" content=\"2024-03-06T08:45:50+00:00\" \/>\n<meta name=\"twitter:card\" content=\"summary_large_image\" \/>\n<meta name=\"twitter:label1\" content=\"Estimated reading time\" \/>\n\t<meta name=\"twitter:data1\" content=\"3 minutes\" \/>\n<script type=\"application\/ld+json\" class=\"yoast-schema-graph\">{\"@context\":\"https:\/\/schema.org\",\"@graph\":[{\"@type\":\"WebPage\",\"@id\":\"https:\/\/zenaluminium.pl\/uslugi\/systemy-okienne-aluminiowe\/okna-zawiasowe\/casement\/\",\"url\":\"https:\/\/zenaluminium.pl\/uslugi\/systemy-okienne-aluminiowe\/okna-zawiasowe\/casement\/\",\"name\":\"CASEMENT - OTWIERANE NA ZEWN\u0104TRZ - Zen Aluminium - polski producent okien i drzwi z aluminium\",\"isPartOf\":{\"@id\":\"https:\/\/zenaluminium.pl\/#website\"},\"datePublished\":\"2018-06-21T12:05:46+00:00\",\"dateModified\":\"2024-03-06T08:45:50+00:00\",\"breadcrumb\":{\"@id\":\"https:\/\/zenaluminium.pl\/uslugi\/systemy-okienne-aluminiowe\/okna-zawiasowe\/casement\/#breadcrumb\"},\"inLanguage\":\"en-GB\",\"potentialAction\":[{\"@type\":\"ReadAction\",\"target\":[\"https:\/\/zenaluminium.pl\/uslugi\/systemy-okienne-aluminiowe\/okna-zawiasowe\/casement\/\"]}]},{\"@type\":\"BreadcrumbList\",\"@id\":\"https:\/\/zenaluminium.pl\/uslugi\/systemy-okienne-aluminiowe\/okna-zawiasowe\/casement\/#breadcrumb\",\"itemListElement\":[{\"@type\":\"ListItem\",\"position\":1,\"name\":\"Home\",\"item\":\"https:\/\/zenaluminium.pl\/\"},{\"@type\":\"ListItem\",\"position\":2,\"name\":\"Stolarka aluminiowa\",\"item\":\"https:\/\/zenaluminium.pl\/uslugi\/\"},{\"@type\":\"ListItem\",\"position\":3,\"name\":\"OKNA ALUMINIOWE\",\"item\":\"https:\/\/zenaluminium.pl\/uslugi\/systemy-okienne-aluminiowe\/\"},{\"@type\":\"ListItem\",\"position\":4,\"name\":\"OKNA ZAWIASOWE Z ALUMINIUM\",\"item\":\"https:\/\/zenaluminium.pl\/uslugi\/systemy-okienne-aluminiowe\/okna-zawiasowe\/\"},{\"@type\":\"ListItem\",\"position\":5,\"name\":\"CASEMENT &#8211; OTWIERANE NA ZEWN\u0104TRZ\"}]},{\"@type\":\"WebSite\",\"@id\":\"https:\/\/zenaluminium.pl\/#website\",\"url\":\"https:\/\/zenaluminium.pl\/\",\"name\":\"Zen Aluminium - polski producent okien i drzwi z aluminium\",\"description\":\"Stolarka okienna, fasady, ogrody zimowe, rozwi\u0105zania klasy premium\",\"potentialAction\":[{\"@type\":\"SearchAction\",\"target\":{\"@type\":\"EntryPoint\",\"urlTemplate\":\"https:\/\/zenaluminium.pl\/?s={search_term_string}\"},\"query-input\":{\"@type\":\"PropertyValueSpecification\",\"valueRequired\":true,\"valueName\":\"search_term_string\"}}],\"inLanguage\":\"en-GB\"}]}<\/script>\n<!-- \/ Yoast SEO plugin. -->","yoast_head_json":{"title":"CASEMENT - OPEN TO EXTERNAL - Zen Aluminium - Polish manufacturer of aluminium windows and doors","robots":{"index":"index","follow":"follow","max-snippet":"max-snippet:-1","max-image-preview":"max-image-preview:large","max-video-preview":"max-video-preview:-1"},"canonical":"https:\/\/zenaluminium.pl\/en\/services\/window-aluminium-systems\/windows-hinge\/casement\/","og_locale":"en_GB","og_type":"article","og_title":"CASEMENT - OTWIERANE NA ZEWN\u0104TRZ - Zen Aluminium - polski producent okien i drzwi z aluminium","og_url":"https:\/\/zenaluminium.pl\/en\/services\/window-aluminium-systems\/windows-hinge\/casement\/","og_site_name":"Zen Aluminium - polski producent okien i drzwi z aluminium","article_publisher":"http:\/\/fb.com\/zenaluminum","article_modified_time":"2024-03-06T08:45:50+00:00","twitter_card":"summary_large_image","twitter_misc":{"Estimated reading time":"3 minutes"},"schema":{"@context":"https:\/\/schema.org","@graph":[{"@type":"WebPage","@id":"https:\/\/zenaluminium.pl\/uslugi\/systemy-okienne-aluminiowe\/okna-zawiasowe\/casement\/","url":"https:\/\/zenaluminium.pl\/uslugi\/systemy-okienne-aluminiowe\/okna-zawiasowe\/casement\/","name":"CASEMENT - OPEN TO EXTERNAL - Zen Aluminium - Polish manufacturer of aluminium windows and doors","isPartOf":{"@id":"https:\/\/zenaluminium.pl\/#website"},"datePublished":"2018-06-21T12:05:46+00:00","dateModified":"2024-03-06T08:45:50+00:00","breadcrumb":{"@id":"https:\/\/zenaluminium.pl\/uslugi\/systemy-okienne-aluminiowe\/okna-zawiasowe\/casement\/#breadcrumb"},"inLanguage":"en-GB","potentialAction":[{"@type":"ReadAction","target":["https:\/\/zenaluminium.pl\/uslugi\/systemy-okienne-aluminiowe\/okna-zawiasowe\/casement\/"]}]},{"@type":"BreadcrumbList","@id":"https:\/\/zenaluminium.pl\/uslugi\/systemy-okienne-aluminiowe\/okna-zawiasowe\/casement\/#breadcrumb","itemListElement":[{"@type":"ListItem","position":1,"name":"Home","item":"https:\/\/zenaluminium.pl\/"},{"@type":"ListItem","position":2,"name":"Stolarka aluminiowa","item":"https:\/\/zenaluminium.pl\/uslugi\/"},{"@type":"ListItem","position":3,"name":"OKNA ALUMINIOWE","item":"https:\/\/zenaluminium.pl\/uslugi\/systemy-okienne-aluminiowe\/"},{"@type":"ListItem","position":4,"name":"OKNA ZAWIASOWE Z ALUMINIUM","item":"https:\/\/zenaluminium.pl\/uslugi\/systemy-okienne-aluminiowe\/okna-zawiasowe\/"},{"@type":"ListItem","position":5,"name":"CASEMENT &#8211; OTWIERANE NA ZEWN\u0104TRZ"}]},{"@type":"WebSite","@id":"https:\/\/zenaluminium.pl\/#website","url":"https:\/\/zenaluminium.pl\/","name":"Zen Aluminium - Polish manufacturer of aluminium windows and doors","description":"Window joinery, facades, conservatories, premium solutions","potentialAction":[{"@type":"SearchAction","target":{"@type":"EntryPoint","urlTemplate":"https:\/\/zenaluminium.pl\/?s={search_term_string}"},"query-input":{"@type":"PropertyValueSpecification","valueRequired":true,"valueName":"search_term_string"}}],"inLanguage":"en-GB"}]}},"_links":{"self":[{"href":"https:\/\/zenaluminium.pl\/en\/wp-json\/wp\/v2\/pages\/3930","targetHints":{"allow":["GET"]}}],"collection":[{"href":"https:\/\/zenaluminium.pl\/en\/wp-json\/wp\/v2\/pages"}],"about":[{"href":"https:\/\/zenaluminium.pl\/en\/wp-json\/wp\/v2\/types\/page"}],"author":[{"embeddable":true,"href":"https:\/\/zenaluminium.pl\/en\/wp-json\/wp\/v2\/users\/1"}],"replies":[{"embeddable":true,"href":"https:\/\/zenaluminium.pl\/en\/wp-json\/wp\/v2\/comments?post=3930"}],"version-history":[{"count":8,"href":"https:\/\/zenaluminium.pl\/en\/wp-json\/wp\/v2\/pages\/3930\/revisions"}],"predecessor-version":[{"id":8243,"href":"https:\/\/zenaluminium.pl\/en\/wp-json\/wp\/v2\/pages\/3930\/revisions\/8243"}],"up":[{"embeddable":true,"href":"https:\/\/zenaluminium.pl\/en\/wp-json\/wp\/v2\/pages\/3282"}],"wp:attachment":[{"href":"https:\/\/zenaluminium.pl\/en\/wp-json\/wp\/v2\/media?parent=3930"}],"curies":[{"name":"wp","href":"https:\/\/api.w.org\/{rel}","templated":true}]}}