{"id":5251,"date":"2019-12-02T13:08:33","date_gmt":"2019-12-02T13:08:33","guid":{"rendered":"https:\/\/zenaluminium.com\/?page_id=5251"},"modified":"2024-11-07T07:37:17","modified_gmt":"2024-11-07T06:37:17","slug":"ponzio-sl1600tt-hi","status":"publish","type":"page","link":"https:\/\/zenaluminium.pl\/en\/uslugi\/systemy-okienne-aluminiowe\/przesuwne\/ponzio-sl1600tt-hi\/","title":{"rendered":"PONZIO SL1600TT HI"},"content":{"rendered":"<div class=\"wpb-content-wrapper\"><div class=\"vc_row wpb_row vc_row-fluid\"><div class=\"wpb_column vc_column_container vc_col-md-6\"><div class=\"vc_column-inner\"><div class=\"wpb_wrapper\"><h1 class='heading-middle  style-1' ><span>SYSTEM OKIEN PRZESUWNYCH &#8211; PONZIO SL1600TT HI<\/span><\/h1><div class=\"vc_empty_space\"   style=\"height: 20px\"><span class=\"vc_empty_space_inner\"><\/span><\/div><div class=\"vc_row wpb_row vc_inner vc_row-fluid\"><div class=\"wpb_column vc_column_container vc_col-md-12\"><div class=\"vc_column-inner\"><div class=\"wpb_wrapper\">\n\t<div class=\"wpb_text_column wpb_content_element\" >\n\t\t<div class=\"wpb_wrapper\">\n\t\t\t<h2 style=\"font-size: 16px; text-align: justify;\">Wariant systemu podnoszono-przesuwnego SL1600tt przeznaczony do wykonywania konstrukcji o szczeg\u00f3lnie wysokich wymaganiach dotycz\u0105cych izolacyjno\u015bci termicznej.<\/h2>\n<h2 style=\"font-size: 16px; text-align: justify;\">W wersji PLUS wsp\u00f3\u0142czynnik przenikania ciep\u0142a U<sub><span style=\"font-size: small;\">f<\/span><\/sub> wynosi od 2,1 W\/m<sup><span style=\"font-size: small;\">2<\/span><\/sup>K, a w najcieplejszej wersji HI ramowy wsp\u00f3\u0142czynnik przenikania ciep\u0142a U<sub><span style=\"font-size: small;\">f<\/span><\/sub> wynosi od 1,8 W\/m<sup><span style=\"font-size: small;\">2<\/span><\/sup>K.<\/h2>\n<h2 style=\"font-size: 16px; text-align: justify;\">G\u0142\u0119boko\u015b\u0107 konstrukcyjna kszta\u0142townik\u00f3w wynosi 67 mm w przypadku skrzyde\u0142, oraz 160 mm w przypadku o\u015bcie\u017cnic dwutorowych, 247 mm &#8211; w przypadku o\u015bcie\u017cnic trzytorowych i 334 mm &#8211; w przypadku o\u015bcie\u017cnic czterotorowych. Budowa profili pozwala na wykonywanie stabilnych konstrukcji o du\u017cych gabarytach, nawet 8-skrzyd\u0142owych, o bardzo du\u017cym ci\u0119\u017carze skrzyd\u0142a.<\/h2>\n<h2 style=\"font-size: 16px; text-align: justify;\">W systemie jest mo\u017cliwo\u015b\u0107 zastosowania wype\u0142nie\u0144 o grubo\u015bci do 51 mm.<\/h2>\n\n\t\t<\/div>\n\t<\/div>\n<\/div><\/div><\/div><\/div><ul class='list list-circle-check'><li><span style=\"font-size: 18px; color: #000000;\"><strong>CHARAKTERYSTYKA<\/strong><\/span><\/p>\n<p style=\"padding-left: 40px;\"><span style=\"color: #000000;\">&#8211; mo\u017cliwo\u015b\u0107 zastosowania kilku wariant\u00f3w &#8222;docieplenia&#8221; (standard, wersja PLUS, wersja HI),<\/span><br \/>\n<span style=\"color: #000000;\">&#8211; wysoka szczelno\u015b\u0107 systemu na warunki atmosferyczne.<\/span><\/p>\n<p><\/li><li><span style=\"color: #000000;\"><strong><span style=\"font-size: 18px;\">KSZTA\u0141TOWNIKI ALUMINIOWE<\/span><\/strong><\/span><\/p>\n<p style=\"padding-left: 40px;\"><span style=\"color: #000000;\">EN AW-6060 wg PN-EN 573-3 stan T66 wg PN-EN 515 Al Mg Si 0,5 F22 wg norm DIN 1725 T1, DIN 17615 T1.<\/span><\/p>\n<p><\/li><li><span style=\"color: #000000;\"><strong><span style=\"font-size: 18px;\">USZCZELKI<\/span><\/strong><\/span><\/p>\n<p style=\"padding-left: 40px;\"><span style=\"color: #000000;\">Z kauczuku syntetycznego EPDM wg normy 7863 i normy wykonawczej wg ISO 3302-01, E2.<\/span><\/p>\n<p><\/li><li><span style=\"font-size: 18px; color: #000000;\"><strong>OKUCIA<\/strong><\/span><\/p>\n<p style=\"padding-left: 40px;\"><span style=\"color: #000000;\">Okucia systemowe PONZIO i firmy G-U.<\/span><\/p>\n<p><\/li><li><span style=\"color: #000000;\"><strong><span style=\"font-size: 18px;\">WYPE\u0141NIENIA<\/span><\/strong><\/span><\/p>\n<p style=\"padding-left: 40px;\"><span style=\"color: #000000;\">Szyby pojedyncze lub zespolone z ka\u017cdym rodzajem szk\u0142a lub panele nieprzezierne o grubo\u015bci: do 51 mm.<\/span><\/p>\n<p><\/li><li><span style=\"color: #000000;\"><strong><span style=\"font-size: 18px;\">SPOSOBY WYKO\u0143CZENIA POWIERZCHNI<\/span><\/strong><\/span><\/p>\n<p style=\"padding-left: 40px;\"><span style=\"color: #000000;\">Malowanie proszkowe farbami poliestrowymi spe\u0142niaj\u0105ce wymogi Qualicoat, do wyboru kolory z palety RAL; anodowanie w kolorach: naturalne aluminium, oliwka, szampa\u0144ski, z\u0142oty, br\u0105zowy &#8211; spe\u0142niaj\u0105ce wymogi Qualanod; lakierowanie na \u201ekolor\u201d drewna.<\/span><\/p>\n<p><\/li><li><span style=\"color: #000000;\"><strong><span style=\"font-size: 18px;\">DOPUSZCZENIA I \u015aWIADECTWA JAKO\u015aCI<br \/>\n<\/span><\/strong><\/span><\/p>\n<p style=\"padding-left: 40px;\"><span style=\"color: #000000;\">Wst\u0119pne badania typu wg PN-EN 14351-1 + A1.<\/span><br \/>\n<span style=\"color: #000000;\">Odporno\u015b\u0107 na w\u0142amanie: RC2 wg PN &#8211; EN 1627.<\/span><\/p>\n<p><\/li><\/ul><\/div><\/div><\/div><div class=\"wpb_column vc_column_container vc_col-md-6\"><div class=\"vc_column-inner\"><div class=\"wpb_wrapper\">\n\t<div  class=\"wpb_single_image wpb_content_element vc_align_center wpb_content_element\">\n\t\t\n\t\t<figure class=\"wpb_wrapper vc_figure\">\n\t\t\t<div class=\"vc_single_image-wrapper   vc_box_border_grey\"><img loading=\"lazy\" decoding=\"async\" data-vc-zoom=\"https:\/\/zenaluminium.pl\/wp-content\/uploads\/2019\/12\/SL1600tt_HI_big.png\" width=\"496\" height=\"800\" src=\"https:\/\/zenaluminium.pl\/wp-content\/uploads\/2019\/12\/SL1600tt_HI_big.png\" class=\"vc_single_image-img attachment-full\" alt=\"\" title=\"SL1600tt_HI_big\" srcset=\"https:\/\/zenaluminium.pl\/wp-content\/uploads\/2019\/12\/SL1600tt_HI_big.png 496w, https:\/\/zenaluminium.pl\/wp-content\/uploads\/2019\/12\/SL1600tt_HI_big-186x300.png 186w\" sizes=\"auto, (max-width: 496px) 100vw, 496px\" \/><\/div>\n\t\t<\/figure>\n\t<\/div>\n\n\t<div  class=\"wpb_single_image wpb_content_element vc_align_center wpb_content_element\">\n\t\t<h2 class=\"wpb_heading wpb_singleimage_heading\">Rysunek techniczny<\/h2>\n\t\t<figure class=\"wpb_wrapper vc_figure\">\n\t\t\t<a class=\"\" data-lightbox=\"lightbox[rel-5251-2187733240]\" href=\"https:\/\/zenaluminium.pl\/wp-content\/uploads\/2019\/12\/SL1600TTHI_2kom_big.jpg\" target=\"_self\" class=\"vc_single_image-wrapper   vc_box_border_grey\"><img loading=\"lazy\" decoding=\"async\" width=\"150\" height=\"150\" src=\"https:\/\/zenaluminium.pl\/wp-content\/uploads\/2019\/12\/SL1600TTHI_2kom_big-150x150.jpg\" class=\"vc_single_image-img attachment-thumbnail\" alt=\"\" title=\"Model\" \/><\/a>\n\t\t<\/figure>\n\t<\/div>\n<\/div><\/div><\/div><\/div><div class=\"vc_row wpb_row vc_row-fluid\"><div class=\"wpb_column vc_column_container vc_col-md-12\"><div class=\"vc_column-inner\"><div class=\"wpb_wrapper\">\n\t<div class=\"wpb_text_column wpb_content_element\" >\n\t\t<div class=\"wpb_wrapper\">\n\t\t\t<p>[ratemypost]<\/p>\n\n\t\t<\/div>\n\t<\/div>\n<\/div><\/div><\/div><\/div>\n<\/div>","protected":false},"excerpt":{"rendered":"SYSTEM OKIEN PRZESUWNYCH - PONZIO SL1600TT HI Wariant systemu podnoszono-przesuwnego SL1600tt przeznaczony do wykonywania konstrukcji o szczeg\u00f3lnie wysokich wymaganiach dotycz\u0105cych izolacyjno\u015bci termicznej. W wersji PLUS wsp\u00f3\u0142czynnik przenikania ciep\u0142a Uf wynosi od 2,1 W\/m2K, a w najcieplejszej wersji HI ramowy wsp\u00f3\u0142czynnik &hellip;","protected":false},"author":1,"featured_media":0,"parent":3338,"menu_order":0,"comment_status":"closed","ping_status":"closed","template":"","meta":{"footnotes":""},"class_list":["post-5251","page","type-page","status-publish","hentry"],"yoast_head":"<!-- This site is optimized with the Yoast SEO plugin v27.2 - https:\/\/yoast.com\/product\/yoast-seo-wordpress\/ -->\n<title>PONZIO SL1600TT HI - Zen Aluminium - polski producent okien i drzwi z aluminium<\/title>\n<meta name=\"robots\" content=\"index, follow, max-snippet:-1, max-image-preview:large, max-video-preview:-1\" \/>\n<link rel=\"canonical\" href=\"https:\/\/zenaluminium.pl\/en\/services\/window-aluminium-systems\/sliding\/ponzio-sl1600tt-hi\/\" \/>\n<meta property=\"og:locale\" content=\"en_GB\" \/>\n<meta property=\"og:type\" content=\"article\" \/>\n<meta property=\"og:title\" content=\"PONZIO SL1600TT HI - Zen Aluminium - polski producent okien i drzwi z aluminium\" \/>\n<meta property=\"og:url\" content=\"https:\/\/zenaluminium.pl\/en\/services\/window-aluminium-systems\/sliding\/ponzio-sl1600tt-hi\/\" \/>\n<meta property=\"og:site_name\" content=\"Zen Aluminium - polski producent okien i drzwi z aluminium\" \/>\n<meta property=\"article:publisher\" content=\"http:\/\/fb.com\/zenaluminum\" \/>\n<meta property=\"article:modified_time\" content=\"2024-11-07T06:37:17+00:00\" \/>\n<meta name=\"twitter:card\" content=\"summary_large_image\" \/>\n<meta name=\"twitter:label1\" content=\"Estimated reading time\" \/>\n\t<meta name=\"twitter:data1\" content=\"3 minutes\" \/>\n<script type=\"application\/ld+json\" class=\"yoast-schema-graph\">{\"@context\":\"https:\/\/schema.org\",\"@graph\":[{\"@type\":\"WebPage\",\"@id\":\"https:\/\/zenaluminium.pl\/uslugi\/systemy-okienne-aluminiowe\/przesuwne\/ponzio-sl1600tt-hi\/\",\"url\":\"https:\/\/zenaluminium.pl\/uslugi\/systemy-okienne-aluminiowe\/przesuwne\/ponzio-sl1600tt-hi\/\",\"name\":\"PONZIO SL1600TT HI - Zen Aluminium - polski producent okien i drzwi z aluminium\",\"isPartOf\":{\"@id\":\"https:\/\/zenaluminium.pl\/#website\"},\"datePublished\":\"2019-12-02T13:08:33+00:00\",\"dateModified\":\"2024-11-07T06:37:17+00:00\",\"breadcrumb\":{\"@id\":\"https:\/\/zenaluminium.pl\/uslugi\/systemy-okienne-aluminiowe\/przesuwne\/ponzio-sl1600tt-hi\/#breadcrumb\"},\"inLanguage\":\"en-GB\",\"potentialAction\":[{\"@type\":\"ReadAction\",\"target\":[\"https:\/\/zenaluminium.pl\/uslugi\/systemy-okienne-aluminiowe\/przesuwne\/ponzio-sl1600tt-hi\/\"]}]},{\"@type\":\"BreadcrumbList\",\"@id\":\"https:\/\/zenaluminium.pl\/uslugi\/systemy-okienne-aluminiowe\/przesuwne\/ponzio-sl1600tt-hi\/#breadcrumb\",\"itemListElement\":[{\"@type\":\"ListItem\",\"position\":1,\"name\":\"Home\",\"item\":\"https:\/\/zenaluminium.pl\/\"},{\"@type\":\"ListItem\",\"position\":2,\"name\":\"Stolarka aluminiowa\",\"item\":\"https:\/\/zenaluminium.pl\/uslugi\/\"},{\"@type\":\"ListItem\",\"position\":3,\"name\":\"OKNA ALUMINIOWE\",\"item\":\"https:\/\/zenaluminium.pl\/uslugi\/systemy-okienne-aluminiowe\/\"},{\"@type\":\"ListItem\",\"position\":4,\"name\":\"OKNA PRZESUWNE ALUMINIOWE\",\"item\":\"https:\/\/zenaluminium.pl\/uslugi\/systemy-okienne-aluminiowe\/przesuwne\/\"},{\"@type\":\"ListItem\",\"position\":5,\"name\":\"PONZIO SL1600TT HI\"}]},{\"@type\":\"WebSite\",\"@id\":\"https:\/\/zenaluminium.pl\/#website\",\"url\":\"https:\/\/zenaluminium.pl\/\",\"name\":\"Zen Aluminium - polski producent okien i drzwi z aluminium\",\"description\":\"Stolarka okienna, fasady, ogrody zimowe, rozwi\u0105zania klasy premium\",\"potentialAction\":[{\"@type\":\"SearchAction\",\"target\":{\"@type\":\"EntryPoint\",\"urlTemplate\":\"https:\/\/zenaluminium.pl\/?s={search_term_string}\"},\"query-input\":{\"@type\":\"PropertyValueSpecification\",\"valueRequired\":true,\"valueName\":\"search_term_string\"}}],\"inLanguage\":\"en-GB\"}]}<\/script>\n<!-- \/ Yoast SEO plugin. -->","yoast_head_json":{"title":"PONZIO SL1600TT HI - Zen Aluminium - Polish manufacturer of aluminium windows and doors","robots":{"index":"index","follow":"follow","max-snippet":"max-snippet:-1","max-image-preview":"max-image-preview:large","max-video-preview":"max-video-preview:-1"},"canonical":"https:\/\/zenaluminium.pl\/en\/services\/window-aluminium-systems\/sliding\/ponzio-sl1600tt-hi\/","og_locale":"en_GB","og_type":"article","og_title":"PONZIO SL1600TT HI - Zen Aluminium - polski producent okien i drzwi z aluminium","og_url":"https:\/\/zenaluminium.pl\/en\/services\/window-aluminium-systems\/sliding\/ponzio-sl1600tt-hi\/","og_site_name":"Zen Aluminium - polski producent okien i drzwi z aluminium","article_publisher":"http:\/\/fb.com\/zenaluminum","article_modified_time":"2024-11-07T06:37:17+00:00","twitter_card":"summary_large_image","twitter_misc":{"Estimated reading time":"3 minutes"},"schema":{"@context":"https:\/\/schema.org","@graph":[{"@type":"WebPage","@id":"https:\/\/zenaluminium.pl\/uslugi\/systemy-okienne-aluminiowe\/przesuwne\/ponzio-sl1600tt-hi\/","url":"https:\/\/zenaluminium.pl\/uslugi\/systemy-okienne-aluminiowe\/przesuwne\/ponzio-sl1600tt-hi\/","name":"PONZIO SL1600TT HI - Zen Aluminium - Polish manufacturer of aluminium windows and doors","isPartOf":{"@id":"https:\/\/zenaluminium.pl\/#website"},"datePublished":"2019-12-02T13:08:33+00:00","dateModified":"2024-11-07T06:37:17+00:00","breadcrumb":{"@id":"https:\/\/zenaluminium.pl\/uslugi\/systemy-okienne-aluminiowe\/przesuwne\/ponzio-sl1600tt-hi\/#breadcrumb"},"inLanguage":"en-GB","potentialAction":[{"@type":"ReadAction","target":["https:\/\/zenaluminium.pl\/uslugi\/systemy-okienne-aluminiowe\/przesuwne\/ponzio-sl1600tt-hi\/"]}]},{"@type":"BreadcrumbList","@id":"https:\/\/zenaluminium.pl\/uslugi\/systemy-okienne-aluminiowe\/przesuwne\/ponzio-sl1600tt-hi\/#breadcrumb","itemListElement":[{"@type":"ListItem","position":1,"name":"Home","item":"https:\/\/zenaluminium.pl\/"},{"@type":"ListItem","position":2,"name":"Stolarka aluminiowa","item":"https:\/\/zenaluminium.pl\/uslugi\/"},{"@type":"ListItem","position":3,"name":"OKNA ALUMINIOWE","item":"https:\/\/zenaluminium.pl\/uslugi\/systemy-okienne-aluminiowe\/"},{"@type":"ListItem","position":4,"name":"OKNA PRZESUWNE ALUMINIOWE","item":"https:\/\/zenaluminium.pl\/uslugi\/systemy-okienne-aluminiowe\/przesuwne\/"},{"@type":"ListItem","position":5,"name":"PONZIO SL1600TT HI"}]},{"@type":"WebSite","@id":"https:\/\/zenaluminium.pl\/#website","url":"https:\/\/zenaluminium.pl\/","name":"Zen Aluminium - Polish manufacturer of aluminium windows and doors","description":"Window joinery, facades, conservatories, premium solutions","potentialAction":[{"@type":"SearchAction","target":{"@type":"EntryPoint","urlTemplate":"https:\/\/zenaluminium.pl\/?s={search_term_string}"},"query-input":{"@type":"PropertyValueSpecification","valueRequired":true,"valueName":"search_term_string"}}],"inLanguage":"en-GB"}]}},"_links":{"self":[{"href":"https:\/\/zenaluminium.pl\/en\/wp-json\/wp\/v2\/pages\/5251","targetHints":{"allow":["GET"]}}],"collection":[{"href":"https:\/\/zenaluminium.pl\/en\/wp-json\/wp\/v2\/pages"}],"about":[{"href":"https:\/\/zenaluminium.pl\/en\/wp-json\/wp\/v2\/types\/page"}],"author":[{"embeddable":true,"href":"https:\/\/zenaluminium.pl\/en\/wp-json\/wp\/v2\/users\/1"}],"replies":[{"embeddable":true,"href":"https:\/\/zenaluminium.pl\/en\/wp-json\/wp\/v2\/comments?post=5251"}],"version-history":[{"count":2,"href":"https:\/\/zenaluminium.pl\/en\/wp-json\/wp\/v2\/pages\/5251\/revisions"}],"predecessor-version":[{"id":19093,"href":"https:\/\/zenaluminium.pl\/en\/wp-json\/wp\/v2\/pages\/5251\/revisions\/19093"}],"up":[{"embeddable":true,"href":"https:\/\/zenaluminium.pl\/en\/wp-json\/wp\/v2\/pages\/3338"}],"wp:attachment":[{"href":"https:\/\/zenaluminium.pl\/en\/wp-json\/wp\/v2\/media?parent=5251"}],"curies":[{"name":"wp","href":"https:\/\/api.w.org\/{rel}","templated":true}]}}