{"id":6133,"date":"2020-09-30T12:02:51","date_gmt":"2020-09-30T11:02:51","guid":{"rendered":"https:\/\/zenaluminium.com\/?page_id=6133"},"modified":"2021-10-12T06:25:30","modified_gmt":"2021-10-12T05:25:30","slug":"ponzio-pe68nhi-door","status":"publish","type":"page","link":"https:\/\/zenaluminium.pl\/en\/uslugi\/systemy-drzwiowe-aluminiowe\/drzwi-klasyczne\/ponzio-pe68nhi-drzwi\/","title":{"rendered":"PONZIO PE68NHI DOORS"},"content":{"rendered":"<div class=\"wpb-content-wrapper\"><div class=\"vc_row wpb_row vc_row-fluid\"><div class=\"wpb_column vc_column_container vc_col-md-6\"><div class=\"vc_column-inner\"><div class=\"wpb_wrapper\"><h1 class='heading-middle  style-1' ><span>SYSTEM DRZWIOWY PONZIO PE68NHI<\/span><\/h1><div class=\"vc_empty_space\"   style=\"height: 20px\"><span class=\"vc_empty_space_inner\"><\/span><\/div><div class=\"vc_row wpb_row vc_inner vc_row-fluid\"><div class=\"wpb_column vc_column_container vc_col-md-12\"><div class=\"vc_column-inner\"><div class=\"wpb_wrapper\">\n\t<div class=\"wpb_text_column wpb_content_element\" >\n\t\t<div class=\"wpb_wrapper\">\n\t\t\t<h2 style=\"font-size: 16px; text-align: justify;\">Trzykomorowy system izolowany termicznie przeznaczony do wykonywania konstrukcji drzwiowych.<\/h2>\n<h2 style=\"font-size: 16px; text-align: justify;\">G\u0142\u0119boko\u015b\u0107 konstrukcyjna kszta\u0142townik\u00f3w dla o\u015bcie\u017cnic wynosi 68 mm, a dla skrzyde\u0142 76 mm.<br \/>\nZoptymalizowana przek\u0142adka termiczna 32 mm oraz jedno- lub dwukomponentowa uszczelka centralna gwarantuj\u0105 uzyskanie wysokich parametr\u00f3w termicznych.<\/h2>\n<h2 style=\"font-size: 16px; text-align: justify;\">W wersji PE 68+ z zamkni\u0119ciem komory podszybowej Uf wynosi od 1,5 W\/m2K. Dzi\u0119ki modernizacji element\u00f3w uszczelniaj\u0105cych nie ma konieczno\u015bci stosowania okapnik\u00f3w, co poprawia estetyk\u0119 elewacji. Atutem systemu jest zastosowanie szerokiej gamy oku\u0107 oraz ich \u0142atwy monta\u017c. Trzykomorowa konstrukcja profili systemu Ponzio PE 68 zapewnia du\u017c\u0105 sztywno\u015b\u0107 kszta\u0142townik\u00f3w, a co za tym idzie umo\u017cliwia wykonywanie konstrukcji o du\u017cych gabarytach.<\/h2>\n\n\t\t<\/div>\n\t<\/div>\n<\/div><\/div><\/div><\/div><ul class='list list-circle-check'><li><span style=\"color: #000000;\"><strong><span style=\"font-size: 18px;\">CHARAKTERYSTYKA<\/span><\/strong><\/span><\/p>\n<p style=\"padding-left: 40px;\"><span style=\"color: #000000;\">&#8211; konstrukcja profili wsp\u00f3\u0142p\u0142aszczyznowych (luz wr\u0119bowy &#8211; 18 mm)<\/span><br \/>\n<span style=\"color: #000000;\">&#8211; zastosowanie listew przyszybowych do rowka w standardzie Euro<\/span><br \/>\n<span style=\"color: #000000;\">&#8211; zastosowano profilowane przek\u0142adki termiczne o szeroko\u015bci 24 mm<\/span><br \/>\n<span style=\"color: #000000;\">&#8211; \u0142atwe po\u0142\u0105czenie drzwi z witryn\u0105 dzi\u0119ki specjalnie zaprojektowanym, kompatybilnym profilom<\/span><br \/>\n<span style=\"color: #000000;\">&#8211; szklenie pakietem dwu i trzyszybowym do grubo\u015bci 51 mm<\/span><br \/>\n<span style=\"color: #000000;\">&#8211; skrzyd\u0142a drzwi zlicowane z o\u015bcie\u017cnic\u0105<\/span><br \/>\n<span style=\"color: #000000;\">&#8211; mo\u017cliwo\u015b\u0107 wykonywania konstrukcji o du\u017cych gabarytach<\/span><br \/>\n<span style=\"color: #000000;\">&#8211; wiele po\u0142\u0105cze\u0144 naro\u017cnych<\/span><br \/>\n<span style=\"color: #000000;\">&#8211; mo\u017cliwo\u015b\u0107 gi\u0119cia profili<\/span><br \/>\n<span style=\"color: #000000;\">&#8211; du\u017ca swoboda w doborze r\u00f3\u017cnego rodzaju oku\u0107<\/span><br \/>\n<span style=\"color: #000000;\">&#8211; r\u00f3\u017cne warianty izolacyjno\u015bci termicznej, w zale\u017cno\u015bci od zastosowanych wk\u0142ad\u00f3w izolacyjnych: PE68+, PE68HI<\/span><\/p>\n<p><\/li><li><span style=\"color: #000000;\"><strong><span style=\"font-size: 18px;\">KSZTA\u0141TOWNIKI ALUMINIOWE<\/span><\/strong><\/span><\/p>\n<p style=\"padding-left: 40px;\"><span style=\"color: #000000;\">EN AW-6060 wg PN-EN 573-3 stan T6 wg PN-EN 515 Al Mg Si 0,5 F22 wg norm DIN 1725 T1, DIN 17615 T1.<\/span><\/p>\n<p><\/li><li><span style=\"color: #000000;\"><strong><span style=\"font-size: 18px;\">USZCZELKI<\/span><\/strong><\/span><\/p>\n<p style=\"padding-left: 40px;\"><span style=\"color: #000000;\">Z kauczuku syntetycznego EPDM wg normy 7863 i normy wykonawczej wg ISO 3302-01, E2.<\/span><\/p>\n<p><\/li><li><span style=\"color: #000000;\"><strong><span style=\"font-size: 18px;\">G\u0141\u0118BOKO\u015a\u0106<\/span><\/strong><\/span><\/p>\n<p style=\"padding-left: 40px;\"><span style=\"color: #000000;\">O\u015bcie\u017cnicy &#8211; 68mm, skrzyd\u0142a -76 mm<\/span><\/p>\n<p><\/li><li><span style=\"color: #000000;\"><strong><span style=\"font-size: 18px;\">MAKSYMALNE WYMIARY SKRZYD\u0141A<\/span><\/strong><\/span><\/p>\n<p style=\"padding-left: 40px;\"><span style=\"color: #000000;\">L 1350 x H 2500 mm<\/span><\/p>\n<p><\/li><li><span style=\"color: #000000;\"><strong><span style=\"font-size: 18px;\">MAKSYMALNA WAGA SKRZYD\u0141A<\/span><\/strong><\/span><\/p>\n<p style=\"padding-left: 40px;\"><span style=\"color: #000000;\">210 kg<\/span><\/p>\n<p><\/li><li><span style=\"color: #000000;\"><strong><span style=\"font-size: 18px;\">PRZEPUSZCZALNO\u015a\u0106 POWIETRZA<\/span><\/strong><\/span><\/p>\n<p style=\"padding-left: 40px;\"><span style=\"color: #000000;\">klasa 3<\/span><\/p>\n<p><\/li><li><span style=\"color: #000000;\"><strong><span style=\"font-size: 18px;\">WODOSZCZELNO\u015a\u0106<\/span><\/strong><\/span><\/p>\n<p style=\"padding-left: 40px;\"><span style=\"color: #000000;\">klasa 8A<\/span><\/p>\n<p><\/li><li><span style=\"color: #000000;\"><strong><span style=\"font-size: 18px;\">ODPORNO\u015a\u0106 NA OBCI\u0104\u017bENIE WIATRREM<\/span><\/strong><\/span><\/p>\n<p style=\"padding-left: 40px;\"><span style=\"color: #000000;\">klasa C2\/B3<\/span><\/p>\n<p><\/li><li><span style=\"color: #000000;\"><strong><span style=\"font-size: 18px;\">WYPE\u0141NIENIA<\/span><\/strong><\/span><\/p>\n<p style=\"padding-left: 40px;\"><span style=\"color: #000000;\">Szyby pojedyncze, zespolone lub panele nieprzezierne o grubo\u015bci: 13 &#8211; 51 mm.<\/span><\/p>\n<p><\/li><li><span style=\"color: #000000;\"><strong><span style=\"font-size: 18px;\">SPOSOBY WYKO\u0143CZENIA POWIERZCHNI<\/span><\/strong><\/span><\/p>\n<p style=\"padding-left: 40px;\"><span style=\"color: #000000;\">Malowanie proszkowe farbami poliestrowymi spe\u0142niaj\u0105ce wymogi Qualicoat, do wyboru kolory z palety RAL; anodowanie naturalne i w kolorach &#8211; spe\u0142niaj\u0105ce wymogi Qualanod; lakierowanie na \u201ekolor\u201d drewna &#8211; wyko\u0144czenie powierzchni spe\u0142nia wysokie wymagania antykorozyjne.<\/span><\/p>\n<p><\/li><li><span style=\"color: #000000;\"><strong><span style=\"font-size: 18px;\">IZOLACYJNO\u015a\u0106 TERMICZNA<\/span><\/strong><\/span><\/p>\n<p style=\"padding-left: 40px;\"><span style=\"color: #000000;\">U<sub>d<\/sub>\u00a0= 1,06 W\/m<sup>2<\/sup>K (obliczono dla drzwi: L 1230 x H 2180 mm, U<sub>g<\/sub>\u00a0= 0,5 W\/m<sup>2<\/sup>K, szyba dwukomorowa).<\/span><br \/>\n<span style=\"color: #000000;\">dla PE68: U<sub>f<\/sub>\u00a0od 2,1 W\/m<sup>2<\/sup>K, dla PE68HI: U<sub>f<\/sub>\u00a0od 1,8 W\/m<sup>2<\/sup>K<\/span><br \/>\n<span style=\"color: #000000;\">dla PE68: U<sub>d<\/sub>\u00a0od 1,13 W\/m<sup>2<\/sup>K, dla PE68HI: U<sub>d<\/sub>\u00a0od 1,06 W\/m<sup>2<\/sup>K<\/span><\/p>\n<p><\/li><li><span style=\"color: #000000;\"><strong><span style=\"font-size: 18px;\">ODPORNO\u015a\u0106 NA W\u0141AMANIE<\/span><\/strong><\/span><\/p>\n<p style=\"padding-left: 40px;\"><span style=\"color: #000000;\">Klasa RC2, RC3 wg PN &#8211; EN 1627.<\/span><\/p>\n<p><\/li><li><span style=\"color: #000000;\"><strong><span style=\"font-size: 18px;\">DOPUSZCZENIA I \u015aWIADECTWA JAKO\u015aCI<br \/>\n<\/span><\/strong><\/span><\/p>\n<p style=\"padding-left: 40px;\"><span style=\"color: #000000;\">Wst\u0119pne badania typu wg PN-EN 14351-1 + A1.<\/span><\/p>\n<p><\/li><\/ul><\/div><\/div><\/div><div class=\"wpb_column vc_column_container vc_col-md-6\"><div class=\"vc_column-inner\"><div class=\"wpb_wrapper\"><div class=\"wpb_gallery wpb_content_element vc_clearfix wpb_content_element\" ><div class=\"wpb_wrapper\"><div class=\"wpb_gallery_slides wpb_flexslider flexslider_fade flexslider\" data-interval=\"3\" data-flex_fx=\"fade\"><ul class=\"slides\"><li><a class=\"\" href=\"https:\/\/zenaluminium.pl\/wp-content\/uploads\/2020\/09\/1436866784.jpg\" data-lightbox=\"lightbox[rel-6133-116751578]\"><img loading=\"lazy\" decoding=\"async\" width=\"800\" height=\"800\" src=\"https:\/\/zenaluminium.pl\/wp-content\/uploads\/2020\/09\/1436866784.jpg\" class=\"attachment-full\" alt=\"\" title=\"1436866784\" srcset=\"https:\/\/zenaluminium.pl\/wp-content\/uploads\/2020\/09\/1436866784.jpg 800w, https:\/\/zenaluminium.pl\/wp-content\/uploads\/2020\/09\/1436866784-300x300.jpg 300w, https:\/\/zenaluminium.pl\/wp-content\/uploads\/2020\/09\/1436866784-150x150.jpg 150w, https:\/\/zenaluminium.pl\/wp-content\/uploads\/2020\/09\/1436866784-768x768.jpg 768w\" sizes=\"auto, (max-width: 800px) 100vw, 800px\" \/><\/a><\/li><li><a class=\"\" href=\"https:\/\/zenaluminium.pl\/wp-content\/uploads\/2020\/09\/parametry-ponzio-pe68-drzwi.jpg\" data-lightbox=\"lightbox[rel-6133-116751578]\"><img loading=\"lazy\" decoding=\"async\" width=\"448\" height=\"719\" src=\"https:\/\/zenaluminium.pl\/wp-content\/uploads\/2020\/09\/parametry-ponzio-pe68-drzwi.jpg\" class=\"attachment-full\" alt=\"\" title=\"parametry ponzio pe68 drzwi\" srcset=\"https:\/\/zenaluminium.pl\/wp-content\/uploads\/2020\/09\/parametry-ponzio-pe68-drzwi.jpg 448w, https:\/\/zenaluminium.pl\/wp-content\/uploads\/2020\/09\/parametry-ponzio-pe68-drzwi-187x300.jpg 187w\" sizes=\"auto, (max-width: 448px) 100vw, 448px\" \/><\/a><\/li><\/ul><\/div><\/div><\/div>\n\t<div  class=\"wpb_single_image wpb_content_element vc_align_left wpb_content_element\">\n\t\t\n\t\t<figure class=\"wpb_wrapper vc_figure\">\n\t\t\t<div class=\"vc_single_image-wrapper   vc_box_border_grey\"><img loading=\"lazy\" decoding=\"async\" width=\"900\" height=\"850\" src=\"https:\/\/zenaluminium.pl\/wp-content\/uploads\/2020\/09\/pe68_okno_przekroj-01.jpg\" class=\"vc_single_image-img attachment-full\" alt=\"\" title=\"Drukowanie\" srcset=\"https:\/\/zenaluminium.pl\/wp-content\/uploads\/2020\/09\/pe68_okno_przekroj-01.jpg 900w, https:\/\/zenaluminium.pl\/wp-content\/uploads\/2020\/09\/pe68_okno_przekroj-01-300x283.jpg 300w, https:\/\/zenaluminium.pl\/wp-content\/uploads\/2020\/09\/pe68_okno_przekroj-01-768x725.jpg 768w\" sizes=\"auto, (max-width: 900px) 100vw, 900px\" \/><\/div>\n\t\t<\/figure>\n\t<\/div>\n<div class=\"wpb_gallery wpb_content_element vc_clearfix wpb_content_element\" ><div class=\"wpb_wrapper\"><div class=\"wpb_gallery_slides wpb_slider_nivo theme-default\" data-interval=\"3\"><div class=\"nivoSlider\"><a class=\"\" href=\"https:\/\/zenaluminium.pl\/wp-content\/uploads\/2020\/09\/pe68-realizacje-okien-w-blokach-i-kamienicach.jpg\" data-lightbox=\"lightbox[rel-6133-3037731854]\"><img loading=\"lazy\" decoding=\"async\" width=\"595\" height=\"488\" src=\"https:\/\/zenaluminium.pl\/wp-content\/uploads\/2020\/09\/pe68-realizacje-okien-w-blokach-i-kamienicach.jpg\" class=\"attachment-full\" alt=\"\" title=\"pe68 realizacje okien w blokach i kamienicach\" srcset=\"https:\/\/zenaluminium.pl\/wp-content\/uploads\/2020\/09\/pe68-realizacje-okien-w-blokach-i-kamienicach.jpg 595w, https:\/\/zenaluminium.pl\/wp-content\/uploads\/2020\/09\/pe68-realizacje-okien-w-blokach-i-kamienicach-300x246.jpg 300w\" sizes=\"auto, (max-width: 595px) 100vw, 595px\" \/><\/a><a class=\"\" href=\"https:\/\/zenaluminium.pl\/wp-content\/uploads\/2020\/09\/pe68-realizacje-drzwi-i-okien-w-blokach-i-kamienicach.jpg\" data-lightbox=\"lightbox[rel-6133-3037731854]\"><img loading=\"lazy\" decoding=\"async\" width=\"616\" height=\"473\" src=\"https:\/\/zenaluminium.pl\/wp-content\/uploads\/2020\/09\/pe68-realizacje-drzwi-i-okien-w-blokach-i-kamienicach.jpg\" class=\"attachment-full\" alt=\"\" title=\"pe68 realizacje drzwi i okien w blokach i kamienicach\" srcset=\"https:\/\/zenaluminium.pl\/wp-content\/uploads\/2020\/09\/pe68-realizacje-drzwi-i-okien-w-blokach-i-kamienicach.jpg 616w, https:\/\/zenaluminium.pl\/wp-content\/uploads\/2020\/09\/pe68-realizacje-drzwi-i-okien-w-blokach-i-kamienicach-300x230.jpg 300w\" sizes=\"auto, (max-width: 616px) 100vw, 616px\" \/><\/a><\/div><\/div><\/div><\/div><\/div><\/div><\/div><\/div><div class=\"vc_row wpb_row vc_row-fluid vc_custom_1601460420224 vc_row-has-fill\"><div class=\"wpb_column vc_column_container vc_col-md-12\"><div class=\"vc_column-inner\"><div class=\"wpb_wrapper\"><div class=\"download\"><div class='download-content text-uppercase' style='color: #000000'><i class='fa fas fa-file-pdf'><\/i> ULOTKA SYSTEMOWA PONZIO PE68NHI OKNA<\/div><a target='_self' href='https:\/\/zenaluminium.pl\/wp-content\/uploads\/2020\/09\/SYSTEM-DRZWIOWY-PONZIO-PE68NHI.pdf' class='btn btn-md btn-dark btn-shadow'><i class='fa fas fa-cloud-download-alt'><\/i> POBIERZ<\/a><\/div><\/div><\/div><\/div><\/div>\n<\/div>","protected":false},"excerpt":{"rendered":"PONZIO PE68NHI DOOR SYSTEM A three-chamber thermally insulated system intended for making door structures. The structural depth of the sections is 68 mm for frames and 76 mm for leaves. An optimised thermal break of 32 mm and a one- or two-component central gasket guarantee high ...","protected":false},"author":1,"featured_media":0,"parent":3120,"menu_order":0,"comment_status":"closed","ping_status":"closed","template":"","meta":{"footnotes":""},"class_list":["post-6133","page","type-page","status-publish","hentry"],"yoast_head":"<!-- This site is optimized with the Yoast SEO plugin v27.2 - https:\/\/yoast.com\/product\/yoast-seo-wordpress\/ -->\n<title>PONZIO PE68NHI DRZWI - Zen Aluminium - polski producent okien i drzwi z aluminium<\/title>\n<meta name=\"description\" content=\"W wersji PE 68+ z zamkni\u0119ciem komory podszybowej Uf wynosi od 1,5 W\/m2K. Dzi\u0119ki modernizacji element\u00f3w uszczelniaj\u0105cych nie ma konieczno\u015bci stosowania okapnik\u00f3w, co poprawia estetyk\u0119 elewacji.\" \/>\n<meta name=\"robots\" content=\"index, follow, max-snippet:-1, max-image-preview:large, max-video-preview:-1\" \/>\n<link rel=\"canonical\" href=\"https:\/\/zenaluminium.pl\/en\/services\/door-aluminium-systems\/door-classic\/ponzio-pe68nhi-door\/\" \/>\n<meta property=\"og:locale\" content=\"en_GB\" \/>\n<meta property=\"og:type\" content=\"article\" \/>\n<meta property=\"og:title\" content=\"PONZIO PE68NHI DRZWI - Zen Aluminium - polski producent okien i drzwi z aluminium\" \/>\n<meta property=\"og:description\" content=\"W wersji PE 68+ z zamkni\u0119ciem komory podszybowej Uf wynosi od 1,5 W\/m2K. Dzi\u0119ki modernizacji element\u00f3w uszczelniaj\u0105cych nie ma konieczno\u015bci stosowania okapnik\u00f3w, co poprawia estetyk\u0119 elewacji.\" \/>\n<meta property=\"og:url\" content=\"https:\/\/zenaluminium.pl\/en\/services\/door-aluminium-systems\/door-classic\/ponzio-pe68nhi-door\/\" \/>\n<meta property=\"og:site_name\" content=\"Zen Aluminium - polski producent okien i drzwi z aluminium\" \/>\n<meta property=\"article:publisher\" content=\"http:\/\/fb.com\/zenaluminum\" \/>\n<meta property=\"article:modified_time\" content=\"2021-10-12T05:25:30+00:00\" \/>\n<meta name=\"twitter:card\" content=\"summary_large_image\" \/>\n<meta name=\"twitter:label1\" content=\"Estimated reading time\" \/>\n\t<meta name=\"twitter:data1\" content=\"2 minutes\" \/>\n<script type=\"application\/ld+json\" class=\"yoast-schema-graph\">{\"@context\":\"https:\/\/schema.org\",\"@graph\":[{\"@type\":\"WebPage\",\"@id\":\"https:\/\/zenaluminium.pl\/uslugi\/systemy-drzwiowe-aluminiowe\/drzwi-klasyczne\/ponzio-pe68nhi-drzwi\/\",\"url\":\"https:\/\/zenaluminium.pl\/uslugi\/systemy-drzwiowe-aluminiowe\/drzwi-klasyczne\/ponzio-pe68nhi-drzwi\/\",\"name\":\"PONZIO PE68NHI DRZWI - Zen Aluminium - polski producent okien i drzwi z aluminium\",\"isPartOf\":{\"@id\":\"https:\/\/zenaluminium.pl\/#website\"},\"datePublished\":\"2020-09-30T11:02:51+00:00\",\"dateModified\":\"2021-10-12T05:25:30+00:00\",\"description\":\"W wersji PE 68+ z zamkni\u0119ciem komory podszybowej Uf wynosi od 1,5 W\/m2K. Dzi\u0119ki modernizacji element\u00f3w uszczelniaj\u0105cych nie ma konieczno\u015bci stosowania okapnik\u00f3w, co poprawia estetyk\u0119 elewacji.\",\"breadcrumb\":{\"@id\":\"https:\/\/zenaluminium.pl\/uslugi\/systemy-drzwiowe-aluminiowe\/drzwi-klasyczne\/ponzio-pe68nhi-drzwi\/#breadcrumb\"},\"inLanguage\":\"en-GB\",\"potentialAction\":[{\"@type\":\"ReadAction\",\"target\":[\"https:\/\/zenaluminium.pl\/uslugi\/systemy-drzwiowe-aluminiowe\/drzwi-klasyczne\/ponzio-pe68nhi-drzwi\/\"]}]},{\"@type\":\"BreadcrumbList\",\"@id\":\"https:\/\/zenaluminium.pl\/uslugi\/systemy-drzwiowe-aluminiowe\/drzwi-klasyczne\/ponzio-pe68nhi-drzwi\/#breadcrumb\",\"itemListElement\":[{\"@type\":\"ListItem\",\"position\":1,\"name\":\"Home\",\"item\":\"https:\/\/zenaluminium.pl\/\"},{\"@type\":\"ListItem\",\"position\":2,\"name\":\"Stolarka aluminiowa\",\"item\":\"https:\/\/zenaluminium.pl\/uslugi\/\"},{\"@type\":\"ListItem\",\"position\":3,\"name\":\"SYSTEMY DRZWIOWE\",\"item\":\"https:\/\/zenaluminium.pl\/uslugi\/systemy-drzwiowe-aluminiowe\/\"},{\"@type\":\"ListItem\",\"position\":4,\"name\":\"DRZWI ALUMINIOWE ZEWN\u0118TRZNE I WEWN\u0118TRZNE\",\"item\":\"https:\/\/zenaluminium.pl\/uslugi\/systemy-drzwiowe-aluminiowe\/drzwi-klasyczne\/\"},{\"@type\":\"ListItem\",\"position\":5,\"name\":\"PONZIO PE68NHI DRZWI\"}]},{\"@type\":\"WebSite\",\"@id\":\"https:\/\/zenaluminium.pl\/#website\",\"url\":\"https:\/\/zenaluminium.pl\/\",\"name\":\"Zen Aluminium - polski producent okien i drzwi z aluminium\",\"description\":\"Stolarka okienna, fasady, ogrody zimowe, rozwi\u0105zania klasy premium\",\"potentialAction\":[{\"@type\":\"SearchAction\",\"target\":{\"@type\":\"EntryPoint\",\"urlTemplate\":\"https:\/\/zenaluminium.pl\/?s={search_term_string}\"},\"query-input\":{\"@type\":\"PropertyValueSpecification\",\"valueRequired\":true,\"valueName\":\"search_term_string\"}}],\"inLanguage\":\"en-GB\"}]}<\/script>\n<!-- \/ Yoast SEO plugin. -->","yoast_head_json":{"title":"PONZIO PE68NHI DOORS - Zen Aluminium - Polish manufacturer of aluminium windows and doors","description":"In the PE 68+ version with a closed sub-glazing chamber, the Uf is from 1.5 W\/m2K. Thanks to the modernisation of the sealing elements, there is no need for drip caps, which improves the aesthetics of the fa\u00e7ade.","robots":{"index":"index","follow":"follow","max-snippet":"max-snippet:-1","max-image-preview":"max-image-preview:large","max-video-preview":"max-video-preview:-1"},"canonical":"https:\/\/zenaluminium.pl\/en\/services\/door-aluminium-systems\/door-classic\/ponzio-pe68nhi-door\/","og_locale":"en_GB","og_type":"article","og_title":"PONZIO PE68NHI DRZWI - Zen Aluminium - polski producent okien i drzwi z aluminium","og_description":"W wersji PE 68+ z zamkni\u0119ciem komory podszybowej Uf wynosi od 1,5 W\/m2K. Dzi\u0119ki modernizacji element\u00f3w uszczelniaj\u0105cych nie ma konieczno\u015bci stosowania okapnik\u00f3w, co poprawia estetyk\u0119 elewacji.","og_url":"https:\/\/zenaluminium.pl\/en\/services\/door-aluminium-systems\/door-classic\/ponzio-pe68nhi-door\/","og_site_name":"Zen Aluminium - polski producent okien i drzwi z aluminium","article_publisher":"http:\/\/fb.com\/zenaluminum","article_modified_time":"2021-10-12T05:25:30+00:00","twitter_card":"summary_large_image","twitter_misc":{"Estimated reading time":"2 minutes"},"schema":{"@context":"https:\/\/schema.org","@graph":[{"@type":"WebPage","@id":"https:\/\/zenaluminium.pl\/uslugi\/systemy-drzwiowe-aluminiowe\/drzwi-klasyczne\/ponzio-pe68nhi-drzwi\/","url":"https:\/\/zenaluminium.pl\/uslugi\/systemy-drzwiowe-aluminiowe\/drzwi-klasyczne\/ponzio-pe68nhi-drzwi\/","name":"PONZIO PE68NHI DOORS - Zen Aluminium - Polish manufacturer of aluminium windows and doors","isPartOf":{"@id":"https:\/\/zenaluminium.pl\/#website"},"datePublished":"2020-09-30T11:02:51+00:00","dateModified":"2021-10-12T05:25:30+00:00","description":"In the PE 68+ version with a closed sub-glazing chamber, the Uf is from 1.5 W\/m2K. Thanks to the modernisation of the sealing elements, there is no need for drip caps, which improves the aesthetics of the fa\u00e7ade.","breadcrumb":{"@id":"https:\/\/zenaluminium.pl\/uslugi\/systemy-drzwiowe-aluminiowe\/drzwi-klasyczne\/ponzio-pe68nhi-drzwi\/#breadcrumb"},"inLanguage":"en-GB","potentialAction":[{"@type":"ReadAction","target":["https:\/\/zenaluminium.pl\/uslugi\/systemy-drzwiowe-aluminiowe\/drzwi-klasyczne\/ponzio-pe68nhi-drzwi\/"]}]},{"@type":"BreadcrumbList","@id":"https:\/\/zenaluminium.pl\/uslugi\/systemy-drzwiowe-aluminiowe\/drzwi-klasyczne\/ponzio-pe68nhi-drzwi\/#breadcrumb","itemListElement":[{"@type":"ListItem","position":1,"name":"Home","item":"https:\/\/zenaluminium.pl\/"},{"@type":"ListItem","position":2,"name":"Stolarka aluminiowa","item":"https:\/\/zenaluminium.pl\/uslugi\/"},{"@type":"ListItem","position":3,"name":"SYSTEMY DRZWIOWE","item":"https:\/\/zenaluminium.pl\/uslugi\/systemy-drzwiowe-aluminiowe\/"},{"@type":"ListItem","position":4,"name":"DRZWI ALUMINIOWE ZEWN\u0118TRZNE I WEWN\u0118TRZNE","item":"https:\/\/zenaluminium.pl\/uslugi\/systemy-drzwiowe-aluminiowe\/drzwi-klasyczne\/"},{"@type":"ListItem","position":5,"name":"PONZIO PE68NHI DRZWI"}]},{"@type":"WebSite","@id":"https:\/\/zenaluminium.pl\/#website","url":"https:\/\/zenaluminium.pl\/","name":"Zen Aluminium - Polish manufacturer of aluminium windows and doors","description":"Window joinery, facades, conservatories, premium solutions","potentialAction":[{"@type":"SearchAction","target":{"@type":"EntryPoint","urlTemplate":"https:\/\/zenaluminium.pl\/?s={search_term_string}"},"query-input":{"@type":"PropertyValueSpecification","valueRequired":true,"valueName":"search_term_string"}}],"inLanguage":"en-GB"}]}},"_links":{"self":[{"href":"https:\/\/zenaluminium.pl\/en\/wp-json\/wp\/v2\/pages\/6133","targetHints":{"allow":["GET"]}}],"collection":[{"href":"https:\/\/zenaluminium.pl\/en\/wp-json\/wp\/v2\/pages"}],"about":[{"href":"https:\/\/zenaluminium.pl\/en\/wp-json\/wp\/v2\/types\/page"}],"author":[{"embeddable":true,"href":"https:\/\/zenaluminium.pl\/en\/wp-json\/wp\/v2\/users\/1"}],"replies":[{"embeddable":true,"href":"https:\/\/zenaluminium.pl\/en\/wp-json\/wp\/v2\/comments?post=6133"}],"version-history":[{"count":2,"href":"https:\/\/zenaluminium.pl\/en\/wp-json\/wp\/v2\/pages\/6133\/revisions"}],"predecessor-version":[{"id":9215,"href":"https:\/\/zenaluminium.pl\/en\/wp-json\/wp\/v2\/pages\/6133\/revisions\/9215"}],"up":[{"embeddable":true,"href":"https:\/\/zenaluminium.pl\/en\/wp-json\/wp\/v2\/pages\/3120"}],"wp:attachment":[{"href":"https:\/\/zenaluminium.pl\/en\/wp-json\/wp\/v2\/media?parent=6133"}],"curies":[{"name":"wp","href":"https:\/\/api.w.org\/{rel}","templated":true}]}}