{"id":6602,"date":"2021-04-02T07:47:17","date_gmt":"2021-04-02T06:47:17","guid":{"rendered":"https:\/\/zenaluminium.com\/?page_id=6602"},"modified":"2021-04-02T08:36:35","modified_gmt":"2021-04-02T07:36:35","slug":"facades-dla-domow","status":"publish","type":"page","link":"https:\/\/zenaluminium.pl\/en\/uslugi\/fasady-aluminiowe\/fasady-dla-domow\/","title":{"rendered":"FACADES FOR HOUSES"},"content":{"rendered":"<div class=\"wpb-content-wrapper\"><div class=\"vc_row wpb_row vc_row-fluid\"><div class=\"wpb_column vc_column_container vc_col-md-12\"><div class=\"vc_column-inner\"><div class=\"wpb_wrapper\"><h1 class='heading-middle  style-1' ><span>FACADES AND GLASS WALLS FOR SINGLE-FAMILY HOUSES<\/span><\/h1><div class=\"vc_empty_space\"   style=\"height: 20px\"><span class=\"vc_empty_space_inner\"><\/span><\/div>\n\t<div class=\"wpb_text_column wpb_content_element\" >\n\t\t<div class=\"wpb_wrapper\">\n\t\t\t<p><span style=\"color: #000000;\">Large bright spaces are the dominant trend in modern construction. The seamless transition of windows into the terrace or garden allows for slender lines and deepens the effect of space. Creating large-scale glass fa\u00e7ades that bridge the gap between the outside and the inside of the building is a task that requires warm and stable aluminium joinery solutions.<\/span><\/p>\n<p><span style=\"color: #000000;\">Increasingly, glass wall solutions are appearing in new single-family housing and corporate or domestic building conversions. As a manufacturer of facade systems, we have solutions to suit every sector. Our energy-efficient aluminium joinery is increasingly being used for such ambitious projects. Its characteristics are narrow profiles with excellent thermal performance, the use of appropriate glazing with high energy coefficients and modern styling and design.<\/span><\/p>\n<p><span style=\"color: #000000;\">Warm aluminium facades give a very modern, transparent character to a building. They are resistant to wind loads, prevent heat loss and are fully watertight. Aluminium blends in perfectly with natural building materials.<\/span><\/p>\n<p><span style=\"color: #000000;\">The cost of installing a glass fa\u00e7ade ranges from \u00a3180 to \u00a3250 per square metre. The final price is influenced by many factors, the most important of which are:<\/span><\/p>\n<p><span style=\"color: #000000;\">- type of facade (suspended or standing)<\/span><br \/>\n<span style=\"color: #000000;\">- height of facade (need for scaffolding, cranes, etc.)<\/span><br \/>\n<span style=\"color: #000000;\">- thickness and number of panes<\/span><br \/>\n<span style=\"color: #000000;\">- additional elements, e.g. cover strips, roller blinds, end treatments<\/span><br \/>\n<span style=\"color: #000000;\">- location of facade assembly (zones in Poland)<\/span><\/p>\n\n\t\t<\/div>\n\t<\/div>\n<\/div><\/div><\/div><\/div><div class=\"vc_row wpb_row vc_row-fluid\"><div class=\"wpb_column vc_column_container vc_col-md-12\"><div class=\"vc_column-inner\"><div class=\"wpb_wrapper\"><h2 class='heading-middle  style-1' ><span>INSPIRATION GALLERY<\/span><\/h2><div class=\"vc_row wpb_row vc_inner vc_row-fluid\"><div class=\"wpb_column vc_column_container vc_col-md-4\"><div class=\"vc_column-inner\"><div class=\"wpb_wrapper\">\n\t<div  class=\"wpb_single_image wpb_content_element vc_align_center wpb_content_element\">\n\t\t\n\t\t<figure class=\"wpb_wrapper vc_figure\">\n\t\t\t<div class=\"vc_single_image-wrapper vc_box_shadow  vc_box_border_grey\"><img loading=\"lazy\" decoding=\"async\" width=\"1000\" height=\"1000\" src=\"https:\/\/zenaluminium.pl\/wp-content\/uploads\/2021\/04\/fasada-szklana-dla-domow.jpg\" class=\"vc_single_image-img attachment-full\" alt=\"\" title=\"glass-facade-for-houses\" srcset=\"https:\/\/zenaluminium.pl\/wp-content\/uploads\/2021\/04\/fasada-szklana-dla-domow.jpg 1000w, https:\/\/zenaluminium.pl\/wp-content\/uploads\/2021\/04\/fasada-szklana-dla-domow-300x300.jpg 300w, https:\/\/zenaluminium.pl\/wp-content\/uploads\/2021\/04\/fasada-szklana-dla-domow-150x150.jpg 150w, https:\/\/zenaluminium.pl\/wp-content\/uploads\/2021\/04\/fasada-szklana-dla-domow-768x768.jpg 768w\" sizes=\"auto, (max-width: 1000px) 100vw, 1000px\" \/><\/div>\n\t\t<\/figure>\n\t<\/div>\n<\/div><\/div><\/div><div class=\"wpb_column vc_column_container vc_col-md-4\"><div class=\"vc_column-inner\"><div class=\"wpb_wrapper\">\n\t<div  class=\"wpb_single_image wpb_content_element vc_align_center wpb_content_element\">\n\t\t\n\t\t<figure class=\"wpb_wrapper vc_figure\">\n\t\t\t<div class=\"vc_single_image-wrapper vc_box_shadow  vc_box_border_grey\"><img loading=\"lazy\" decoding=\"async\" width=\"1000\" height=\"1000\" src=\"https:\/\/zenaluminium.pl\/wp-content\/uploads\/2021\/04\/5d79a55676b96712f937ca5e1fbf79f8.jpg\" class=\"vc_single_image-img attachment-full\" alt=\"\" title=\"5d79a55676b96712f937ca5e1fbf79f8\" srcset=\"https:\/\/zenaluminium.pl\/wp-content\/uploads\/2021\/04\/5d79a55676b96712f937ca5e1fbf79f8.jpg 1000w, https:\/\/zenaluminium.pl\/wp-content\/uploads\/2021\/04\/5d79a55676b96712f937ca5e1fbf79f8-300x300.jpg 300w, https:\/\/zenaluminium.pl\/wp-content\/uploads\/2021\/04\/5d79a55676b96712f937ca5e1fbf79f8-150x150.jpg 150w, https:\/\/zenaluminium.pl\/wp-content\/uploads\/2021\/04\/5d79a55676b96712f937ca5e1fbf79f8-768x768.jpg 768w\" sizes=\"auto, (max-width: 1000px) 100vw, 1000px\" \/><\/div>\n\t\t<\/figure>\n\t<\/div>\n<\/div><\/div><\/div><div class=\"wpb_column vc_column_container vc_col-md-4\"><div class=\"vc_column-inner\"><div class=\"wpb_wrapper\">\n\t<div  class=\"wpb_single_image wpb_content_element vc_align_center wpb_content_element\">\n\t\t\n\t\t<figure class=\"wpb_wrapper vc_figure\">\n\t\t\t<div class=\"vc_single_image-wrapper vc_box_shadow  vc_box_border_grey\"><img loading=\"lazy\" decoding=\"async\" width=\"447\" height=\"447\" src=\"https:\/\/zenaluminium.pl\/wp-content\/uploads\/2021\/04\/07q5cvn0ge9gbh-large-duze-przeszklenia-na-elewacji-domu-2.jpg\" class=\"vc_single_image-img attachment-full\" alt=\"\" title=\"07q5cvn0ge9gbh-large-large-glazing-on-the-house-fronts-2\" srcset=\"https:\/\/zenaluminium.pl\/wp-content\/uploads\/2021\/04\/07q5cvn0ge9gbh-large-duze-przeszklenia-na-elewacji-domu-2.jpg 447w, https:\/\/zenaluminium.pl\/wp-content\/uploads\/2021\/04\/07q5cvn0ge9gbh-large-duze-przeszklenia-na-elewacji-domu-2-300x300.jpg 300w, https:\/\/zenaluminium.pl\/wp-content\/uploads\/2021\/04\/07q5cvn0ge9gbh-large-duze-przeszklenia-na-elewacji-domu-2-150x150.jpg 150w\" sizes=\"auto, (max-width: 447px) 100vw, 447px\" \/><\/div>\n\t\t<\/figure>\n\t<\/div>\n<\/div><\/div><\/div><\/div><div class=\"vc_row wpb_row vc_inner vc_row-fluid\"><div class=\"wpb_column vc_column_container vc_col-md-4\"><div class=\"vc_column-inner\"><div class=\"wpb_wrapper\">\n\t<div  class=\"wpb_single_image wpb_content_element vc_align_center wpb_content_element\">\n\t\t\n\t\t<figure class=\"wpb_wrapper vc_figure\">\n\t\t\t<div class=\"vc_single_image-wrapper vc_box_shadow  vc_box_border_grey\"><img loading=\"lazy\" decoding=\"async\" width=\"732\" height=\"732\" src=\"https:\/\/zenaluminium.pl\/wp-content\/uploads\/2021\/04\/32e46001d8c455225dd42af6508223e6.jpg\" class=\"vc_single_image-img attachment-full\" alt=\"\" title=\"32e46001d8c455225dd42af6508223e6\" srcset=\"https:\/\/zenaluminium.pl\/wp-content\/uploads\/2021\/04\/32e46001d8c455225dd42af6508223e6.jpg 732w, https:\/\/zenaluminium.pl\/wp-content\/uploads\/2021\/04\/32e46001d8c455225dd42af6508223e6-300x300.jpg 300w, https:\/\/zenaluminium.pl\/wp-content\/uploads\/2021\/04\/32e46001d8c455225dd42af6508223e6-150x150.jpg 150w\" sizes=\"auto, (max-width: 732px) 100vw, 732px\" \/><\/div>\n\t\t<\/figure>\n\t<\/div>\n<\/div><\/div><\/div><div class=\"wpb_column vc_column_container vc_col-md-4\"><div class=\"vc_column-inner\"><div class=\"wpb_wrapper\">\n\t<div  class=\"wpb_single_image wpb_content_element vc_align_center wpb_content_element\">\n\t\t\n\t\t<figure class=\"wpb_wrapper vc_figure\">\n\t\t\t<div class=\"vc_single_image-wrapper vc_box_shadow  vc_box_border_grey\"><img loading=\"lazy\" decoding=\"async\" width=\"406\" height=\"406\" src=\"https:\/\/zenaluminium.pl\/wp-content\/uploads\/2021\/04\/9249464-wieczorny-widok-na-poludniowa-elewacje-domu-imponujacej.jpeg\" class=\"vc_single_image-img attachment-full\" alt=\"\" title=\"9249464-evening-view-of-the-south-elevation-of-the-house-imposed\" srcset=\"https:\/\/zenaluminium.pl\/wp-content\/uploads\/2021\/04\/9249464-wieczorny-widok-na-poludniowa-elewacje-domu-imponujacej.jpeg 406w, https:\/\/zenaluminium.pl\/wp-content\/uploads\/2021\/04\/9249464-wieczorny-widok-na-poludniowa-elewacje-domu-imponujacej-300x300.jpeg 300w, https:\/\/zenaluminium.pl\/wp-content\/uploads\/2021\/04\/9249464-wieczorny-widok-na-poludniowa-elewacje-domu-imponujacej-150x150.jpeg 150w\" sizes=\"auto, (max-width: 406px) 100vw, 406px\" \/><\/div>\n\t\t<\/figure>\n\t<\/div>\n<\/div><\/div><\/div><div class=\"wpb_column vc_column_container vc_col-md-4\"><div class=\"vc_column-inner\"><div class=\"wpb_wrapper\">\n\t<div  class=\"wpb_single_image wpb_content_element vc_align_center wpb_content_element\">\n\t\t\n\t\t<figure class=\"wpb_wrapper vc_figure\">\n\t\t\t<div class=\"vc_single_image-wrapper vc_box_shadow  vc_box_border_grey\"><img loading=\"lazy\" decoding=\"async\" width=\"394\" height=\"394\" src=\"https:\/\/zenaluminium.pl\/wp-content\/uploads\/2021\/04\/14948428-projekt-domu-jednorodzinnego.jpeg\" class=\"vc_single_image-img attachment-full\" alt=\"\" title=\"14948428-projekt-domu-jednorodzinnego\" srcset=\"https:\/\/zenaluminium.pl\/wp-content\/uploads\/2021\/04\/14948428-projekt-domu-jednorodzinnego.jpeg 394w, https:\/\/zenaluminium.pl\/wp-content\/uploads\/2021\/04\/14948428-projekt-domu-jednorodzinnego-300x300.jpeg 300w, https:\/\/zenaluminium.pl\/wp-content\/uploads\/2021\/04\/14948428-projekt-domu-jednorodzinnego-150x150.jpeg 150w\" sizes=\"auto, (max-width: 394px) 100vw, 394px\" \/><\/div>\n\t\t<\/figure>\n\t<\/div>\n<\/div><\/div><\/div><\/div><div class=\"vc_row wpb_row vc_inner vc_row-fluid\"><div class=\"wpb_column vc_column_container vc_col-md-4\"><div class=\"vc_column-inner\"><div class=\"wpb_wrapper\">\n\t<div  class=\"wpb_single_image wpb_content_element vc_align_center wpb_content_element\">\n\t\t\n\t\t<figure class=\"wpb_wrapper vc_figure\">\n\t\t\t<div class=\"vc_single_image-wrapper vc_box_shadow  vc_box_border_grey\"><img loading=\"lazy\" decoding=\"async\" width=\"746\" height=\"746\" src=\"https:\/\/zenaluminium.pl\/wp-content\/uploads\/2021\/04\/Aluminium-Bi-Fold-Doors-min.jpg\" class=\"vc_single_image-img attachment-full\" alt=\"\" title=\"Aluminium-Bi-Fold-Doors-min\" srcset=\"https:\/\/zenaluminium.pl\/wp-content\/uploads\/2021\/04\/Aluminium-Bi-Fold-Doors-min.jpg 746w, https:\/\/zenaluminium.pl\/wp-content\/uploads\/2021\/04\/Aluminium-Bi-Fold-Doors-min-300x300.jpg 300w, https:\/\/zenaluminium.pl\/wp-content\/uploads\/2021\/04\/Aluminium-Bi-Fold-Doors-min-150x150.jpg 150w\" sizes=\"auto, (max-width: 746px) 100vw, 746px\" \/><\/div>\n\t\t<\/figure>\n\t<\/div>\n<\/div><\/div><\/div><div class=\"wpb_column vc_column_container vc_col-md-4\"><div class=\"vc_column-inner\"><div class=\"wpb_wrapper\">\n\t<div  class=\"wpb_single_image wpb_content_element vc_align_center wpb_content_element\">\n\t\t\n\t\t<figure class=\"wpb_wrapper vc_figure\">\n\t\t\t<div class=\"vc_single_image-wrapper vc_box_shadow  vc_box_border_grey\"><img loading=\"lazy\" decoding=\"async\" width=\"840\" height=\"840\" src=\"https:\/\/zenaluminium.pl\/wp-content\/uploads\/2021\/04\/b0550c80dade6d17b521921107e4c5cf.jpg\" class=\"vc_single_image-img attachment-full\" alt=\"\" title=\"b0550c80dade6d17b521921107e4c5cf\" srcset=\"https:\/\/zenaluminium.pl\/wp-content\/uploads\/2021\/04\/b0550c80dade6d17b521921107e4c5cf.jpg 840w, https:\/\/zenaluminium.pl\/wp-content\/uploads\/2021\/04\/b0550c80dade6d17b521921107e4c5cf-300x300.jpg 300w, https:\/\/zenaluminium.pl\/wp-content\/uploads\/2021\/04\/b0550c80dade6d17b521921107e4c5cf-150x150.jpg 150w, https:\/\/zenaluminium.pl\/wp-content\/uploads\/2021\/04\/b0550c80dade6d17b521921107e4c5cf-768x768.jpg 768w\" sizes=\"auto, (max-width: 840px) 100vw, 840px\" \/><\/div>\n\t\t<\/figure>\n\t<\/div>\n<\/div><\/div><\/div><div class=\"wpb_column vc_column_container vc_col-md-4\"><div class=\"vc_column-inner\"><div class=\"wpb_wrapper\">\n\t<div  class=\"wpb_single_image wpb_content_element vc_align_center wpb_content_element\">\n\t\t\n\t\t<figure class=\"wpb_wrapper vc_figure\">\n\t\t\t<div class=\"vc_single_image-wrapper vc_box_shadow  vc_box_border_grey\"><img loading=\"lazy\" decoding=\"async\" width=\"835\" height=\"835\" src=\"https:\/\/zenaluminium.pl\/wp-content\/uploads\/2021\/04\/c7a62f9025dcf4a714fa4244607af58a.jpg\" class=\"vc_single_image-img attachment-full\" alt=\"\" title=\"c7a62f9025dcf4a714fa4244607af58a\" srcset=\"https:\/\/zenaluminium.pl\/wp-content\/uploads\/2021\/04\/c7a62f9025dcf4a714fa4244607af58a.jpg 835w, https:\/\/zenaluminium.pl\/wp-content\/uploads\/2021\/04\/c7a62f9025dcf4a714fa4244607af58a-300x300.jpg 300w, https:\/\/zenaluminium.pl\/wp-content\/uploads\/2021\/04\/c7a62f9025dcf4a714fa4244607af58a-150x150.jpg 150w, https:\/\/zenaluminium.pl\/wp-content\/uploads\/2021\/04\/c7a62f9025dcf4a714fa4244607af58a-768x768.jpg 768w\" sizes=\"auto, (max-width: 835px) 100vw, 835px\" \/><\/div>\n\t\t<\/figure>\n\t<\/div>\n<\/div><\/div><\/div><\/div><\/div><\/div><\/div><\/div>\n<\/div>","protected":false},"excerpt":{"rendered":"FASADY I SZKLANE \u015aCIANY DLA DOM\u00d3W JEDNORODZINNYCH Du\u017ce jasne przestrzenie to dominuj\u0105cy trend nowoczesnego budownictwa. P\u0142ynne przej\u015bcie okien w taras lub ogr\u00f3d pozwala na uzyskanie smuk\u0142ych linii i pog\u0142\u0119bienie efektu przestrzeni. Stworzenie wielkowymiarowych szklanych elewacji stanowi\u0105cych pomost pomi\u0119dzy stron\u0105 zewn\u0119trzn\u0105, &hellip;","protected":false},"author":1,"featured_media":0,"parent":5272,"menu_order":0,"comment_status":"closed","ping_status":"closed","template":"","meta":{"footnotes":""},"class_list":["post-6602","page","type-page","status-publish","hentry"],"yoast_head":"<!-- This site is optimized with the Yoast SEO plugin v27.2 - https:\/\/yoast.com\/product\/yoast-seo-wordpress\/ -->\n<title>FASADY DLA DOM\u00d3W - Zen Aluminium - polski producent okien i drzwi z aluminium<\/title>\n<meta name=\"description\" content=\"Coraz cz\u0119\u015bciej rozwi\u0105zania szklanych \u015bcian pojawiaj\u0105 si\u0119 w nowym budownictwie jednorodzinnym i przebudowach budynk\u00f3w firmowych czy przydomowych.\" \/>\n<meta name=\"robots\" content=\"index, follow, max-snippet:-1, max-image-preview:large, max-video-preview:-1\" \/>\n<link rel=\"canonical\" href=\"https:\/\/zenaluminium.pl\/en\/services\/aluminium-facades\/facades-dla-domow\/\" \/>\n<meta property=\"og:locale\" content=\"en_GB\" \/>\n<meta property=\"og:type\" content=\"article\" \/>\n<meta property=\"og:title\" content=\"FASADY DLA DOM\u00d3W - Zen Aluminium - polski producent okien i drzwi z aluminium\" \/>\n<meta property=\"og:description\" content=\"Coraz cz\u0119\u015bciej rozwi\u0105zania szklanych \u015bcian pojawiaj\u0105 si\u0119 w nowym budownictwie jednorodzinnym i przebudowach budynk\u00f3w firmowych czy przydomowych.\" \/>\n<meta property=\"og:url\" content=\"https:\/\/zenaluminium.pl\/en\/services\/aluminium-facades\/facades-dla-domow\/\" \/>\n<meta property=\"og:site_name\" content=\"Zen Aluminium - polski producent okien i drzwi z aluminium\" \/>\n<meta property=\"article:publisher\" content=\"http:\/\/fb.com\/zenaluminum\" \/>\n<meta property=\"article:modified_time\" content=\"2021-04-02T07:36:35+00:00\" \/>\n<meta name=\"twitter:card\" content=\"summary_large_image\" \/>\n<meta name=\"twitter:label1\" content=\"Estimated reading time\" \/>\n\t<meta name=\"twitter:data1\" content=\"2 minutes\" \/>\n<script type=\"application\/ld+json\" class=\"yoast-schema-graph\">{\"@context\":\"https:\/\/schema.org\",\"@graph\":[{\"@type\":\"WebPage\",\"@id\":\"https:\/\/zenaluminium.pl\/uslugi\/fasady-aluminiowe\/fasady-dla-domow\/\",\"url\":\"https:\/\/zenaluminium.pl\/uslugi\/fasady-aluminiowe\/fasady-dla-domow\/\",\"name\":\"FASADY DLA DOM\u00d3W - Zen Aluminium - polski producent okien i drzwi z aluminium\",\"isPartOf\":{\"@id\":\"https:\/\/zenaluminium.pl\/#website\"},\"datePublished\":\"2021-04-02T06:47:17+00:00\",\"dateModified\":\"2021-04-02T07:36:35+00:00\",\"description\":\"Coraz cz\u0119\u015bciej rozwi\u0105zania szklanych \u015bcian pojawiaj\u0105 si\u0119 w nowym budownictwie jednorodzinnym i przebudowach budynk\u00f3w firmowych czy przydomowych.\",\"breadcrumb\":{\"@id\":\"https:\/\/zenaluminium.pl\/uslugi\/fasady-aluminiowe\/fasady-dla-domow\/#breadcrumb\"},\"inLanguage\":\"en-GB\",\"potentialAction\":[{\"@type\":\"ReadAction\",\"target\":[\"https:\/\/zenaluminium.pl\/uslugi\/fasady-aluminiowe\/fasady-dla-domow\/\"]}]},{\"@type\":\"BreadcrumbList\",\"@id\":\"https:\/\/zenaluminium.pl\/uslugi\/fasady-aluminiowe\/fasady-dla-domow\/#breadcrumb\",\"itemListElement\":[{\"@type\":\"ListItem\",\"position\":1,\"name\":\"Home\",\"item\":\"https:\/\/zenaluminium.pl\/\"},{\"@type\":\"ListItem\",\"position\":2,\"name\":\"Stolarka aluminiowa\",\"item\":\"https:\/\/zenaluminium.pl\/uslugi\/\"},{\"@type\":\"ListItem\",\"position\":3,\"name\":\"FASADY ALUMINIOWE\",\"item\":\"https:\/\/zenaluminium.pl\/uslugi\/fasady-aluminiowe\/\"},{\"@type\":\"ListItem\",\"position\":4,\"name\":\"FASADY DLA DOM\u00d3W\"}]},{\"@type\":\"WebSite\",\"@id\":\"https:\/\/zenaluminium.pl\/#website\",\"url\":\"https:\/\/zenaluminium.pl\/\",\"name\":\"Zen Aluminium - polski producent okien i drzwi z aluminium\",\"description\":\"Stolarka okienna, fasady, ogrody zimowe, rozwi\u0105zania klasy premium\",\"potentialAction\":[{\"@type\":\"SearchAction\",\"target\":{\"@type\":\"EntryPoint\",\"urlTemplate\":\"https:\/\/zenaluminium.pl\/?s={search_term_string}\"},\"query-input\":{\"@type\":\"PropertyValueSpecification\",\"valueRequired\":true,\"valueName\":\"search_term_string\"}}],\"inLanguage\":\"en-GB\"}]}<\/script>\n<!-- \/ Yoast SEO plugin. -->","yoast_head_json":{"title":"FACADES FOR HOUSES - Zen Aluminium - Polish manufacturer of aluminium windows and doors","description":"Increasingly, glass wall solutions are appearing in new single-family housing and conversions of corporate or domestic buildings.","robots":{"index":"index","follow":"follow","max-snippet":"max-snippet:-1","max-image-preview":"max-image-preview:large","max-video-preview":"max-video-preview:-1"},"canonical":"https:\/\/zenaluminium.pl\/en\/services\/aluminium-facades\/facades-dla-domow\/","og_locale":"en_GB","og_type":"article","og_title":"FASADY DLA DOM\u00d3W - Zen Aluminium - polski producent okien i drzwi z aluminium","og_description":"Coraz cz\u0119\u015bciej rozwi\u0105zania szklanych \u015bcian pojawiaj\u0105 si\u0119 w nowym budownictwie jednorodzinnym i przebudowach budynk\u00f3w firmowych czy przydomowych.","og_url":"https:\/\/zenaluminium.pl\/en\/services\/aluminium-facades\/facades-dla-domow\/","og_site_name":"Zen Aluminium - polski producent okien i drzwi z aluminium","article_publisher":"http:\/\/fb.com\/zenaluminum","article_modified_time":"2021-04-02T07:36:35+00:00","twitter_card":"summary_large_image","twitter_misc":{"Estimated reading time":"2 minutes"},"schema":{"@context":"https:\/\/schema.org","@graph":[{"@type":"WebPage","@id":"https:\/\/zenaluminium.pl\/uslugi\/fasady-aluminiowe\/fasady-dla-domow\/","url":"https:\/\/zenaluminium.pl\/uslugi\/fasady-aluminiowe\/fasady-dla-domow\/","name":"FACADES FOR HOUSES - Zen Aluminium - Polish manufacturer of aluminium windows and doors","isPartOf":{"@id":"https:\/\/zenaluminium.pl\/#website"},"datePublished":"2021-04-02T06:47:17+00:00","dateModified":"2021-04-02T07:36:35+00:00","description":"Increasingly, glass wall solutions are appearing in new single-family housing and conversions of corporate or domestic buildings.","breadcrumb":{"@id":"https:\/\/zenaluminium.pl\/uslugi\/fasady-aluminiowe\/fasady-dla-domow\/#breadcrumb"},"inLanguage":"en-GB","potentialAction":[{"@type":"ReadAction","target":["https:\/\/zenaluminium.pl\/uslugi\/fasady-aluminiowe\/fasady-dla-domow\/"]}]},{"@type":"BreadcrumbList","@id":"https:\/\/zenaluminium.pl\/uslugi\/fasady-aluminiowe\/fasady-dla-domow\/#breadcrumb","itemListElement":[{"@type":"ListItem","position":1,"name":"Home","item":"https:\/\/zenaluminium.pl\/"},{"@type":"ListItem","position":2,"name":"Stolarka aluminiowa","item":"https:\/\/zenaluminium.pl\/uslugi\/"},{"@type":"ListItem","position":3,"name":"FASADY ALUMINIOWE","item":"https:\/\/zenaluminium.pl\/uslugi\/fasady-aluminiowe\/"},{"@type":"ListItem","position":4,"name":"FASADY DLA DOM\u00d3W"}]},{"@type":"WebSite","@id":"https:\/\/zenaluminium.pl\/#website","url":"https:\/\/zenaluminium.pl\/","name":"Zen Aluminium - Polish manufacturer of aluminium windows and doors","description":"Window joinery, facades, conservatories, premium solutions","potentialAction":[{"@type":"SearchAction","target":{"@type":"EntryPoint","urlTemplate":"https:\/\/zenaluminium.pl\/?s={search_term_string}"},"query-input":{"@type":"PropertyValueSpecification","valueRequired":true,"valueName":"search_term_string"}}],"inLanguage":"en-GB"}]}},"_links":{"self":[{"href":"https:\/\/zenaluminium.pl\/en\/wp-json\/wp\/v2\/pages\/6602","targetHints":{"allow":["GET"]}}],"collection":[{"href":"https:\/\/zenaluminium.pl\/en\/wp-json\/wp\/v2\/pages"}],"about":[{"href":"https:\/\/zenaluminium.pl\/en\/wp-json\/wp\/v2\/types\/page"}],"author":[{"embeddable":true,"href":"https:\/\/zenaluminium.pl\/en\/wp-json\/wp\/v2\/users\/1"}],"replies":[{"embeddable":true,"href":"https:\/\/zenaluminium.pl\/en\/wp-json\/wp\/v2\/comments?post=6602"}],"version-history":[{"count":0,"href":"https:\/\/zenaluminium.pl\/en\/wp-json\/wp\/v2\/pages\/6602\/revisions"}],"up":[{"embeddable":true,"href":"https:\/\/zenaluminium.pl\/en\/wp-json\/wp\/v2\/pages\/5272"}],"wp:attachment":[{"href":"https:\/\/zenaluminium.pl\/en\/wp-json\/wp\/v2\/media?parent=6602"}],"curies":[{"name":"wp","href":"https:\/\/api.w.org\/{rel}","templated":true}]}}