{"id":19672,"date":"2025-06-10T13:03:01","date_gmt":"2025-06-10T11:03:01","guid":{"rendered":"https:\/\/zenaluminium.pl\/?post_type=product&#038;p=19672"},"modified":"2025-06-23T08:55:53","modified_gmt":"2025-06-23T06:55:53","slug":"fixed-aluminium-window-aluron-as75-100x210-cm-3-panes-anthracite","status":"publish","type":"product","link":"https:\/\/zenaluminium.pl\/en\/product\/okno-aluminiowe-fix-stale-aluron-as75-100x210-cm-3-szyby-antracyt\/","title":{"rendered":"Fixed aluminium FIX window Aluron AS75 100\u00d7210 cm 3 panes Anthracite"},"content":{"rendered":"<h2 class=\"text-40 mb-clamp-56\">Parametry techniczne<\/h2>\n<div class=\"pb-clamp-56 mb-clamp-56 border-b-1 border-background-neutral-surface-2\">\n<h3 class=\"text-24 mb-clamp-32\">Charakterystyka systemu<\/h3>\n<div class=\"grid gap-clamp-8\">\n<div class=\"grid grid-cols-2 gap-clamp-8 [&amp;_div]:py-clamp-16 [&amp;_div]:px-clamp-12 [&amp;_div]:rounded-4 [&amp;_p]:text-content-primary [&amp;_p]:font-medium [&amp;_p]:text-16 [&amp;_div]:bg-background-neutral-surface-1\">\n<div>\n<ul>\n<li>Maksymalna wysoko\u015b\u0107 skrzyd\u0142a: <strong>3000 mm<\/strong><\/li>\n<li>Maksymalna szeroko\u015b\u0107 skrzyd\u0142a: <strong>1600 mm<\/strong><\/li>\n<li>Maksymalna masa skrzyd\u0142a: <strong>200 kg<\/strong><\/li>\n<li>Minimalna widoczna szeroko\u015b\u0107 ramy: <strong>46 mm<\/strong><\/li>\n<li>G\u0142\u0119boko\u015b\u0107 zabudowy: <strong>75 mm<\/strong><\/li>\n<li>Zakres szklenia: <strong>16-66 mm<\/strong><\/li>\n<li>Min. widoczna szeroko\u015b\u0107 skrzyd\u0142a: <strong>33 mm<\/strong><\/li>\n<\/ul>\n<\/div>\n<\/div>\n<\/div>\n<\/div>\n<div class=\"\">\n<h3 class=\"text-24 mb-clamp-32\">Wybrane parametry systemu<\/h3>\n<div class=\"grid gap-clamp-8\">\n<div class=\"grid grid-cols-2 gap-clamp-8 [&amp;_div]:py-clamp-16 [&amp;_div]:px-clamp-12 [&amp;_div]:rounded-4 [&amp;_p]:text-content-primary [&amp;_p]:font-medium [&amp;_p]:text-16 [&amp;_div]:bg-background-neutral-surface-1\">\n<div>\n<ul>\n<li>Izolacyjno\u015b\u0107 termiczna Uw: <strong>od 0,67 W\/m2K<\/strong><\/li>\n<li>Przepuszczalno\u015b\u0107 powietrza: <strong>klasa 4<\/strong><\/li>\n<li>Wodoszczelno\u015b\u0107: <strong>klasa E1950<\/strong><\/li>\n<li>Odporno\u015b\u0107 na obci\u0105\u017cenie wiatrem: <strong>klasa C5<\/strong><\/li>\n<li>Odporno\u015b\u0107 na w\u0142amanie: <strong>RC2, RC3, RC4<\/strong><\/li>\n<li>Izolacyjno\u015b\u0107 akustyczna: <strong>47(-2;-6) dB<\/strong><\/li>\n<\/ul>\n<\/div>\n<\/div>\n<\/div>\n<\/div>\n","protected":false},"excerpt":{"rendered":"<p><span style=\"color: #000000;\">RYSUNEK POGL\u0104DOWY &#8211; PROSIMY O ZAPOZNANIE SI\u0118 ZE SPECYFIKACJ\u0104 PONI\u017bEJ<\/span><\/p>\n<p><span style=\"color: #000000;\">OKNA PRODUKOWANE NA WYMIAR &#8211; MO\u017bLIWO\u015a\u0106 KONFIGURACJI RODZAJU OKU\u0106, KLAMEK, KOLORU ORAZ STRONY OTWIERANIA (PROSIMY NAPISA\u0106 W UWAGACH).<\/span><\/p>\n<ul>\n<li><span style=\"color: #000000;\">System profili: ALURON AS75<\/span><\/li>\n<li><span style=\"color: #000000;\">3 szyby z ciep\u0142\u0105 ramk\u0105 &#8211; zespolona 4\/18\/4\/18\/4<\/span><\/li>\n<li><span style=\"color: #000000;\">Kolor: Antracyt<\/span><\/li>\n<li><span style=\"color: #000000;\">Wymiar (szer. x wys.) 1000 x 2100 [mm]<\/span><\/li>\n<\/ul>\n<p><span style=\"color: #000000;\"><img loading=\"lazy\" decoding=\"async\" class=\"alignnone size-full wp-image-19623\" src=\"https:\/\/zenaluminium.pl\/wp-content\/uploads\/2025\/06\/wszystkie-cert.jpg\" alt=\"\" width=\"1043\" height=\"228\" srcset=\"https:\/\/zenaluminium.pl\/wp-content\/uploads\/2025\/06\/wszystkie-cert.jpg 1043w, https:\/\/zenaluminium.pl\/wp-content\/uploads\/2025\/06\/wszystkie-cert-300x66.jpg 300w, https:\/\/zenaluminium.pl\/wp-content\/uploads\/2025\/06\/wszystkie-cert-1024x224.jpg 1024w, https:\/\/zenaluminium.pl\/wp-content\/uploads\/2025\/06\/wszystkie-cert-768x168.jpg 768w, https:\/\/zenaluminium.pl\/wp-content\/uploads\/2025\/06\/wszystkie-cert-18x4.jpg 18w, https:\/\/zenaluminium.pl\/wp-content\/uploads\/2025\/06\/wszystkie-cert-600x131.jpg 600w\" sizes=\"auto, (max-width: 1043px) 100vw, 1043px\" \/><\/span><\/p>\n<p><a href=\"\/kontakt\"><img loading=\"lazy\" decoding=\"async\" class=\"alignnone size-full wp-image-19762\" src=\"https:\/\/zenaluminium.pl\/wp-content\/uploads\/2025\/06\/stolarka-aluminiowa-koszalin.jpg\" alt=\"\" width=\"1043\" height=\"228\" srcset=\"https:\/\/zenaluminium.pl\/wp-content\/uploads\/2025\/06\/stolarka-aluminiowa-koszalin.jpg 1043w, https:\/\/zenaluminium.pl\/wp-content\/uploads\/2025\/06\/stolarka-aluminiowa-koszalin-300x66.jpg 300w, https:\/\/zenaluminium.pl\/wp-content\/uploads\/2025\/06\/stolarka-aluminiowa-koszalin-1024x224.jpg 1024w, https:\/\/zenaluminium.pl\/wp-content\/uploads\/2025\/06\/stolarka-aluminiowa-koszalin-768x168.jpg 768w, https:\/\/zenaluminium.pl\/wp-content\/uploads\/2025\/06\/stolarka-aluminiowa-koszalin-18x4.jpg 18w, https:\/\/zenaluminium.pl\/wp-content\/uploads\/2025\/06\/stolarka-aluminiowa-koszalin-600x131.jpg 600w\" sizes=\"auto, (max-width: 1043px) 100vw, 1043px\" \/><\/a><\/p>\n","protected":false},"featured_media":19673,"template":"","meta":[],"product_brand":[],"product_cat":[142],"product_tag":[],"class_list":{"0":"post-19672","1":"product","2":"type-product","3":"status-publish","4":"has-post-thumbnail","6":"product_cat-okna-aluminiowe","8":"first","9":"instock","10":"shipping-taxable","11":"purchasable","12":"product-type-simple"},"yoast_head":"<!-- This site is optimized with the Yoast SEO plugin v27.2 - https:\/\/yoast.com\/product\/yoast-seo-wordpress\/ -->\n<title>Okno aluminiowe FIX sta\u0142e Aluron AS75 100x210 cm 3 szyby Antracyt - Zen Aluminium - polski producent okien i drzwi z aluminium<\/title>\n<meta name=\"robots\" content=\"index, follow, max-snippet:-1, max-image-preview:large, max-video-preview:-1\" \/>\n<link rel=\"canonical\" href=\"https:\/\/zenaluminium.pl\/en\/product\/fixed-aluminium-window-aluron-as75-100x210-cm-3-panes-anthracite\/\" \/>\n<meta property=\"og:locale\" content=\"en_GB\" \/>\n<meta property=\"og:type\" content=\"article\" \/>\n<meta property=\"og:title\" content=\"Okno aluminiowe FIX sta\u0142e Aluron AS75 100x210 cm 3 szyby Antracyt - Zen Aluminium - polski producent okien i drzwi z aluminium\" \/>\n<meta property=\"og:description\" content=\"RYSUNEK POGL\u0104DOWY - PROSIMY O ZAPOZNANIE SI\u0118 ZE SPECYFIKACJ\u0104 PONI\u017bEJ  OKNA PRODUKOWANE NA WYMIAR - MO\u017bLIWO\u015a\u0106 KONFIGURACJI RODZAJU OKU\u0106, KLAMEK, KOLORU ORAZ STRONY OTWIERANIA (PROSIMY NAPISA\u0106 W UWAGACH).   System profili: ALURON AS75  3 szyby z ciep\u0142\u0105 ramk\u0105 - zespolona 4\/18\/4\/18\/4  Kolor: Antracyt  Wymiar (szer. x wys.) 1000 x 2100 [mm]\" \/>\n<meta property=\"og:url\" content=\"https:\/\/zenaluminium.pl\/en\/product\/fixed-aluminium-window-aluron-as75-100x210-cm-3-panes-anthracite\/\" \/>\n<meta property=\"og:site_name\" content=\"Zen Aluminium - polski producent okien i drzwi z aluminium\" \/>\n<meta property=\"article:publisher\" content=\"http:\/\/fb.com\/zenaluminum\" \/>\n<meta property=\"article:modified_time\" content=\"2025-06-23T06:55:53+00:00\" \/>\n<meta property=\"og:image\" content=\"https:\/\/zenaluminium.pl\/wp-content\/uploads\/2025\/06\/aluron-as75-FIX-2100x1000-antracyt.jpg\" \/>\n\t<meta property=\"og:image:width\" content=\"1000\" \/>\n\t<meta property=\"og:image:height\" content=\"1000\" \/>\n\t<meta property=\"og:image:type\" content=\"image\/jpeg\" \/>\n<meta name=\"twitter:card\" content=\"summary_large_image\" \/>\n<meta name=\"twitter:label1\" content=\"Estimated reading time\" \/>\n\t<meta name=\"twitter:data1\" content=\"1 minute\" \/>\n<script type=\"application\/ld+json\" class=\"yoast-schema-graph\">{\"@context\":\"https:\/\/schema.org\",\"@graph\":[{\"@type\":\"WebPage\",\"@id\":\"https:\/\/zenaluminium.pl\/product\/okno-aluminiowe-fix-stale-aluron-as75-100x210-cm-3-szyby-antracyt\/\",\"url\":\"https:\/\/zenaluminium.pl\/product\/okno-aluminiowe-fix-stale-aluron-as75-100x210-cm-3-szyby-antracyt\/\",\"name\":\"Okno aluminiowe FIX sta\u0142e Aluron AS75 100x210 cm 3 szyby Antracyt - Zen Aluminium - polski producent okien i drzwi z aluminium\",\"isPartOf\":{\"@id\":\"https:\/\/zenaluminium.pl\/#website\"},\"primaryImageOfPage\":{\"@id\":\"https:\/\/zenaluminium.pl\/product\/okno-aluminiowe-fix-stale-aluron-as75-100x210-cm-3-szyby-antracyt\/#primaryimage\"},\"image\":{\"@id\":\"https:\/\/zenaluminium.pl\/product\/okno-aluminiowe-fix-stale-aluron-as75-100x210-cm-3-szyby-antracyt\/#primaryimage\"},\"thumbnailUrl\":\"https:\/\/zenaluminium.pl\/wp-content\/uploads\/2025\/06\/aluron-as75-FIX-2100x1000-antracyt.jpg\",\"datePublished\":\"2025-06-10T11:03:01+00:00\",\"dateModified\":\"2025-06-23T06:55:53+00:00\",\"breadcrumb\":{\"@id\":\"https:\/\/zenaluminium.pl\/product\/okno-aluminiowe-fix-stale-aluron-as75-100x210-cm-3-szyby-antracyt\/#breadcrumb\"},\"inLanguage\":\"en-GB\",\"potentialAction\":[{\"@type\":\"ReadAction\",\"target\":[\"https:\/\/zenaluminium.pl\/product\/okno-aluminiowe-fix-stale-aluron-as75-100x210-cm-3-szyby-antracyt\/\"]}]},{\"@type\":\"ImageObject\",\"inLanguage\":\"en-GB\",\"@id\":\"https:\/\/zenaluminium.pl\/product\/okno-aluminiowe-fix-stale-aluron-as75-100x210-cm-3-szyby-antracyt\/#primaryimage\",\"url\":\"https:\/\/zenaluminium.pl\/wp-content\/uploads\/2025\/06\/aluron-as75-FIX-2100x1000-antracyt.jpg\",\"contentUrl\":\"https:\/\/zenaluminium.pl\/wp-content\/uploads\/2025\/06\/aluron-as75-FIX-2100x1000-antracyt.jpg\",\"width\":1000,\"height\":1000},{\"@type\":\"BreadcrumbList\",\"@id\":\"https:\/\/zenaluminium.pl\/product\/okno-aluminiowe-fix-stale-aluron-as75-100x210-cm-3-szyby-antracyt\/#breadcrumb\",\"itemListElement\":[{\"@type\":\"ListItem\",\"position\":1,\"name\":\"Home\",\"item\":\"https:\/\/zenaluminium.pl\/\"},{\"@type\":\"ListItem\",\"position\":2,\"name\":\"Sklep\",\"item\":\"https:\/\/zenaluminium.pl\/sklep\/\"},{\"@type\":\"ListItem\",\"position\":3,\"name\":\"Okno aluminiowe FIX sta\u0142e Aluron AS75 100&#215;210 cm 3 szyby Antracyt\"}]},{\"@type\":\"WebSite\",\"@id\":\"https:\/\/zenaluminium.pl\/#website\",\"url\":\"https:\/\/zenaluminium.pl\/\",\"name\":\"Zen Aluminium - polski producent okien i drzwi z aluminium\",\"description\":\"Stolarka okienna, fasady, ogrody zimowe, rozwi\u0105zania klasy premium\",\"potentialAction\":[{\"@type\":\"SearchAction\",\"target\":{\"@type\":\"EntryPoint\",\"urlTemplate\":\"https:\/\/zenaluminium.pl\/?s={search_term_string}\"},\"query-input\":{\"@type\":\"PropertyValueSpecification\",\"valueRequired\":true,\"valueName\":\"search_term_string\"}}],\"inLanguage\":\"en-GB\"}]}<\/script>\n<!-- \/ Yoast SEO plugin. -->","yoast_head_json":{"title":"Aluminium FIX fixed window Aluron AS75 100x210 cm 3 panes Anthracite - Zen Aluminium - Polish manufacturer of aluminium windows and doors","robots":{"index":"index","follow":"follow","max-snippet":"max-snippet:-1","max-image-preview":"max-image-preview:large","max-video-preview":"max-video-preview:-1"},"canonical":"https:\/\/zenaluminium.pl\/en\/product\/fixed-aluminium-window-aluron-as75-100x210-cm-3-panes-anthracite\/","og_locale":"en_GB","og_type":"article","og_title":"Okno aluminiowe FIX sta\u0142e Aluron AS75 100x210 cm 3 szyby Antracyt - Zen Aluminium - polski producent okien i drzwi z aluminium","og_description":"RYSUNEK POGL\u0104DOWY - PROSIMY O ZAPOZNANIE SI\u0118 ZE SPECYFIKACJ\u0104 PONI\u017bEJ  OKNA PRODUKOWANE NA WYMIAR - MO\u017bLIWO\u015a\u0106 KONFIGURACJI RODZAJU OKU\u0106, KLAMEK, KOLORU ORAZ STRONY OTWIERANIA (PROSIMY NAPISA\u0106 W UWAGACH).   System profili: ALURON AS75  3 szyby z ciep\u0142\u0105 ramk\u0105 - zespolona 4\/18\/4\/18\/4  Kolor: Antracyt  Wymiar (szer. x wys.) 1000 x 2100 [mm]","og_url":"https:\/\/zenaluminium.pl\/en\/product\/fixed-aluminium-window-aluron-as75-100x210-cm-3-panes-anthracite\/","og_site_name":"Zen Aluminium - polski producent okien i drzwi z aluminium","article_publisher":"http:\/\/fb.com\/zenaluminum","article_modified_time":"2025-06-23T06:55:53+00:00","og_image":[{"width":1000,"height":1000,"url":"https:\/\/zenaluminium.pl\/wp-content\/uploads\/2025\/06\/aluron-as75-FIX-2100x1000-antracyt.jpg","type":"image\/jpeg"}],"twitter_card":"summary_large_image","twitter_misc":{"Estimated reading time":"1 minute"},"schema":{"@context":"https:\/\/schema.org","@graph":[{"@type":"WebPage","@id":"https:\/\/zenaluminium.pl\/product\/okno-aluminiowe-fix-stale-aluron-as75-100x210-cm-3-szyby-antracyt\/","url":"https:\/\/zenaluminium.pl\/product\/okno-aluminiowe-fix-stale-aluron-as75-100x210-cm-3-szyby-antracyt\/","name":"Aluminium FIX fixed window Aluron AS75 100x210 cm 3 panes Anthracite - Zen Aluminium - Polish manufacturer of aluminium windows and doors","isPartOf":{"@id":"https:\/\/zenaluminium.pl\/#website"},"primaryImageOfPage":{"@id":"https:\/\/zenaluminium.pl\/product\/okno-aluminiowe-fix-stale-aluron-as75-100x210-cm-3-szyby-antracyt\/#primaryimage"},"image":{"@id":"https:\/\/zenaluminium.pl\/product\/okno-aluminiowe-fix-stale-aluron-as75-100x210-cm-3-szyby-antracyt\/#primaryimage"},"thumbnailUrl":"https:\/\/zenaluminium.pl\/wp-content\/uploads\/2025\/06\/aluron-as75-FIX-2100x1000-antracyt.jpg","datePublished":"2025-06-10T11:03:01+00:00","dateModified":"2025-06-23T06:55:53+00:00","breadcrumb":{"@id":"https:\/\/zenaluminium.pl\/product\/okno-aluminiowe-fix-stale-aluron-as75-100x210-cm-3-szyby-antracyt\/#breadcrumb"},"inLanguage":"en-GB","potentialAction":[{"@type":"ReadAction","target":["https:\/\/zenaluminium.pl\/product\/okno-aluminiowe-fix-stale-aluron-as75-100x210-cm-3-szyby-antracyt\/"]}]},{"@type":"ImageObject","inLanguage":"en-GB","@id":"https:\/\/zenaluminium.pl\/product\/okno-aluminiowe-fix-stale-aluron-as75-100x210-cm-3-szyby-antracyt\/#primaryimage","url":"https:\/\/zenaluminium.pl\/wp-content\/uploads\/2025\/06\/aluron-as75-FIX-2100x1000-antracyt.jpg","contentUrl":"https:\/\/zenaluminium.pl\/wp-content\/uploads\/2025\/06\/aluron-as75-FIX-2100x1000-antracyt.jpg","width":1000,"height":1000},{"@type":"BreadcrumbList","@id":"https:\/\/zenaluminium.pl\/product\/okno-aluminiowe-fix-stale-aluron-as75-100x210-cm-3-szyby-antracyt\/#breadcrumb","itemListElement":[{"@type":"ListItem","position":1,"name":"Home","item":"https:\/\/zenaluminium.pl\/"},{"@type":"ListItem","position":2,"name":"Sklep","item":"https:\/\/zenaluminium.pl\/sklep\/"},{"@type":"ListItem","position":3,"name":"Okno aluminiowe FIX sta\u0142e Aluron AS75 100&#215;210 cm 3 szyby Antracyt"}]},{"@type":"WebSite","@id":"https:\/\/zenaluminium.pl\/#website","url":"https:\/\/zenaluminium.pl\/","name":"Zen Aluminium - Polish manufacturer of aluminium windows and doors","description":"Window joinery, facades, conservatories, premium solutions","potentialAction":[{"@type":"SearchAction","target":{"@type":"EntryPoint","urlTemplate":"https:\/\/zenaluminium.pl\/?s={search_term_string}"},"query-input":{"@type":"PropertyValueSpecification","valueRequired":true,"valueName":"search_term_string"}}],"inLanguage":"en-GB"}]}},"tiered_pricing_type":"fixed","tiered_pricing_fixed_rules":{"2":1997.52,"3":1948.32,"4":1938.48,"5":1890.9},"tiered_pricing_product_settings":{"layout":"default","base_unit_name":{"singular":null,"plural":null},"default_variation":null},"tiered_pricing_minimum_quantity":null,"tiered_pricing_roles_data":[],"tiered_pricing_percentage_rules":[],"_links":{"self":[{"href":"https:\/\/zenaluminium.pl\/en\/wp-json\/wp\/v2\/product\/19672","targetHints":{"allow":["GET"]}}],"collection":[{"href":"https:\/\/zenaluminium.pl\/en\/wp-json\/wp\/v2\/product"}],"about":[{"href":"https:\/\/zenaluminium.pl\/en\/wp-json\/wp\/v2\/types\/product"}],"wp:featuredmedia":[{"embeddable":true,"href":"https:\/\/zenaluminium.pl\/en\/wp-json\/wp\/v2\/media\/19673"}],"wp:attachment":[{"href":"https:\/\/zenaluminium.pl\/en\/wp-json\/wp\/v2\/media?parent=19672"}],"wp:term":[{"taxonomy":"product_brand","embeddable":true,"href":"https:\/\/zenaluminium.pl\/en\/wp-json\/wp\/v2\/product_brand?post=19672"},{"taxonomy":"product_cat","embeddable":true,"href":"https:\/\/zenaluminium.pl\/en\/wp-json\/wp\/v2\/product_cat?post=19672"},{"taxonomy":"product_tag","embeddable":true,"href":"https:\/\/zenaluminium.pl\/en\/wp-json\/wp\/v2\/product_tag?post=19672"}],"curies":[{"name":"wp","href":"https:\/\/api.w.org\/{rel}","templated":true}]}}