{"id":19837,"date":"2025-07-02T07:51:58","date_gmt":"2025-07-02T05:51:58","guid":{"rendered":"https:\/\/zenaluminium.pl\/?post_type=product&#038;p=19837"},"modified":"2025-07-02T07:53:02","modified_gmt":"2025-07-02T05:53:02","slug":"okno-skladane-harmonijkowe-aluminiowe-cortizo-bifold-300x210-cm-2-szyby-czarny","status":"publish","type":"product","link":"https:\/\/zenaluminium.pl\/en\/product\/okno-skladane-harmonijkowe-aluminiowe-cortizo-bifold-300x210-cm-2-szyby-czarny\/","title":{"rendered":"Cortizo BiFold aluminium folding window 300\u00d7210 cm 2 panes Black"},"content":{"rendered":"<ul>\n<li>System sk\u0142adany, izolowany termiczne, przeznaczony do wykonywania zamkni\u0119\u0107 du\u017cych otwor\u00f3w w awangardowej estetyce.<\/li>\n<li>Cechuje go wszechstronno\u015b\u0107 &#8211; zawiera szerok\u0105 gam\u0105 konfiguracji z u\u017cyciem do 14 skrzyde\u0142, umo\u017cliwiaj\u0105c tworzenie kompozycji parzystych i nieparzystych, otwieranych do wewn\u0105trz i na zewn\u0105trz.<\/li>\n<li>Maj\u0105c na celu u\u0142atwienie dost\u0119pu do pomieszcze\u0144, doln\u0105 o\u015bcie\u017cnic\u0119 zaprojektowano jako wpuszczan\u0105, dzi\u0119ki czemu pr\u00f3g pozostaje kompletnie ukryty. Ponadto, w pozycji zamkni\u0119tej ukryte s\u0105 elementy jezdne, co pozwala uzyska\u0107 bardziej atrakcyjny efekt estetyczny.<\/li>\n<\/ul>\n<h2 class=\"text-40 mb-clamp-56\"><span style=\"color: #000000;\">Parametry techniczne<\/span><\/h2>\n<div class=\"pb-clamp-56 mb-clamp-56 border-b-1 border-background-neutral-surface-2\">\n<h3 class=\"text-24 mb-clamp-32\"><span style=\"color: #000000;\">Charakterystyka systemu<\/span><\/h3>\n<div class=\"grid gap-clamp-8\"><\/div>\n<\/div>\n<div class=\"\">\n<div class=\"grid gap-clamp-8\">\n<div class=\"grid grid-cols-2 gap-clamp-8 [&amp;_div]:py-clamp-16 [&amp;_div]:px-clamp-12 [&amp;_div]:rounded-4 [&amp;_p]:text-content-primary [&amp;_p]:font-medium [&amp;_p]:text-16 [&amp;_div]:bg-background-neutral-surface-1\">\n<ul>\n<li><strong>Szklenie: <\/strong>Maks. 45 mm, Min. 25 mm<\/li>\n<li><strong>Rodzaje skrzyde\u0142: <\/strong><strong>Otwierane, s<\/strong>k\u0142adane do 14 skrzyde\u0142<br \/>\nMo\u017cliwo\u015b\u0107 \u0142\u0105czenia skrzyde\u0142 pod k\u0105tem 90\u00ba bez s\u0142upka<\/li>\n<li><strong>Przekroje: <\/strong>O\u015bcie\u017cnica 73 mm, Skrzyd\u0142o 73 mm<\/li>\n<li><strong>Grubo\u015b\u0107 profilu: Drzwi 1,7 mm<\/strong><\/li>\n<li><strong>Szeroko\u015b\u0107 przek\u0142adki termicznej: <\/strong>O\u015bcie\u017cnica 20 mm, Skrzyd\u0142o 30 mm<\/li>\n<li><strong>Wymiary maksymalne\/skrzyd\u0142o: <\/strong>Szeroko\u015b\u0107 (L) = 1200 mm, Wysoko\u015b\u0107 (H) = 3000 mm<\/li>\n<li><strong>Ci\u0119\u017car maksymalny\/skrzyd\u0142o: 120 Kg<br \/>\n<\/strong><em>Skonsultuj maksymalne wymiary i wag\u0119 wed\u0142ug typologii.<\/em><\/li>\n<li><strong>\u00a0Wyko\u0144czenia: <\/strong>Opcja dwukolorowa, Lakierowanie, Anodowanie<\/li>\n<\/ul>\n<h3><span style=\"color: #000000;\">Badania:<\/span><\/h3>\n<ul>\n<li><strong>\u00bb Izolacyjno\u015b\u0107 cieplna: <\/strong>U<sub>D<\/sub>\u00a0\u2265 0,97\u00a0(W\/m\u00b2K)\n<div><em>Sprawdzi\u0107 rodzaj, wymiary i szklenie<\/em><\/div>\n<\/li>\n<li>\n<div><\/div>\n<p><strong>Przepuszczalno\u015b\u0107 powietrza:<\/strong> (EN 12207) Klasa 4<\/li>\n<li><strong>Wytrzyma\u0142o\u015b\u0107 na obci\u0105\u017cenie wiatrem: <\/strong>(EN 12210) KLASA A3,<\/li>\n<li><strong>Wodoszczelno\u015b\u0107: <\/strong>(EN 12208) Klasa 9A<\/li>\n<li><strong>Badanie wymaga\u0144 bezpiecze\u0144stwa: <\/strong>PAS24: Spe\u0142nia<strong><br \/>\n<\/strong><em>Badanie referencyjne okna 3-skrzyd\u0142owego 1,23 x 1,48 m w konfiguracji 330, 2701&#215;2517 mm.<\/em><br \/>\n<em>Badanie referencyjne okna 3-skrzyd\u0142owego 2700 mm x 2530 m.<\/em><\/li>\n<\/ul>\n<\/div>\n<\/div>\n<\/div>\n","protected":false},"excerpt":{"rendered":"<p><span style=\"color: #000000;\">RYSUNEK POGL\u0104DOWY &#8211; PROSIMY O ZAPOZNANIE SI\u0118 ZE SPECYFIKACJ\u0104 PONI\u017bEJ<\/span><\/p>\n<p><span style=\"color: #000000;\">OKNA PRODUKOWANE NA WYMIAR &#8211; MO\u017bLIWO\u015a\u0106 KONFIGURACJI RODZAJU OKU\u0106, KLAMEK, KOLORU ORAZ STRONY OTWIERANIA (PROSIMY NAPISA\u0106 W UWAGACH).<\/span><\/p>\n<ul>\n<li><span style=\"color: #000000;\">System profili: Cortizo Bi Fold<\/span><\/li>\n<li><span style=\"color: #000000;\">2 szyby bezpieczne &#8211; VSG 331\/12AR\/VSG 331 LE<\/span><\/li>\n<li><span style=\"color: #000000;\">Kolor: Czarny<\/span><\/li>\n<li><span style=\"color: #000000;\">Wymiar (szer. x wys.) 3000 x 2100 [mm]<\/span><\/li>\n<\/ul>\n<p>&nbsp;<\/p>\n<p><a href=\"\/kontakt\"><img loading=\"lazy\" decoding=\"async\" class=\"alignnone size-full wp-image-19762\" src=\"https:\/\/zenaluminium.pl\/wp-content\/uploads\/2025\/06\/stolarka-aluminiowa-koszalin.jpg\" alt=\"\" width=\"1043\" height=\"228\" srcset=\"https:\/\/zenaluminium.pl\/wp-content\/uploads\/2025\/06\/stolarka-aluminiowa-koszalin.jpg 1043w, https:\/\/zenaluminium.pl\/wp-content\/uploads\/2025\/06\/stolarka-aluminiowa-koszalin-300x66.jpg 300w, https:\/\/zenaluminium.pl\/wp-content\/uploads\/2025\/06\/stolarka-aluminiowa-koszalin-1024x224.jpg 1024w, https:\/\/zenaluminium.pl\/wp-content\/uploads\/2025\/06\/stolarka-aluminiowa-koszalin-768x168.jpg 768w, https:\/\/zenaluminium.pl\/wp-content\/uploads\/2025\/06\/stolarka-aluminiowa-koszalin-18x4.jpg 18w, https:\/\/zenaluminium.pl\/wp-content\/uploads\/2025\/06\/stolarka-aluminiowa-koszalin-600x131.jpg 600w\" sizes=\"auto, (max-width: 1043px) 100vw, 1043px\" \/><\/a><\/p>\n","protected":false},"featured_media":19838,"template":"","meta":[],"product_brand":[],"product_cat":[157],"product_tag":[],"class_list":{"0":"post-19837","1":"product","2":"type-product","3":"status-publish","4":"has-post-thumbnail","6":"product_cat-drzwi-skladane-harmonijkowe","8":"first","9":"instock","10":"shipping-taxable","11":"purchasable","12":"product-type-simple"},"yoast_head":"<!-- This site is optimized with the Yoast SEO plugin v27.2 - https:\/\/yoast.com\/product\/yoast-seo-wordpress\/ -->\n<title>Okno sk\u0142adane harmonijkowe aluminiowe Cortizo BiFold 300x210 cm 2 szyby Czarny - Zen Aluminium - polski producent okien i drzwi z aluminium<\/title>\n<meta name=\"robots\" content=\"index, follow, max-snippet:-1, max-image-preview:large, max-video-preview:-1\" \/>\n<link rel=\"canonical\" href=\"https:\/\/zenaluminium.pl\/en\/product\/okno-skladane-harmonijkowe-aluminiowe-cortizo-bifold-300x210-cm-2-szyby-czarny\/\" \/>\n<meta property=\"og:locale\" content=\"en_GB\" \/>\n<meta property=\"og:type\" content=\"article\" \/>\n<meta property=\"og:title\" content=\"Okno sk\u0142adane harmonijkowe aluminiowe Cortizo BiFold 300x210 cm 2 szyby Czarny - Zen Aluminium - polski producent okien i drzwi z aluminium\" \/>\n<meta property=\"og:description\" content=\"RYSUNEK POGL\u0104DOWY - PROSIMY O ZAPOZNANIE SI\u0118 ZE SPECYFIKACJ\u0104 PONI\u017bEJ  OKNA PRODUKOWANE NA WYMIAR - MO\u017bLIWO\u015a\u0106 KONFIGURACJI RODZAJU OKU\u0106, KLAMEK, KOLORU ORAZ STRONY OTWIERANIA (PROSIMY NAPISA\u0106 W UWAGACH).   System profili: Cortizo Bi Fold  2 szyby bezpieczne - VSG 331\/12AR\/VSG 331 LE  Kolor: Czarny  Wymiar (szer. x wys.) 3000 x 2100 [mm]  &nbsp;\" \/>\n<meta property=\"og:url\" content=\"https:\/\/zenaluminium.pl\/en\/product\/okno-skladane-harmonijkowe-aluminiowe-cortizo-bifold-300x210-cm-2-szyby-czarny\/\" \/>\n<meta property=\"og:site_name\" content=\"Zen Aluminium - polski producent okien i drzwi z aluminium\" \/>\n<meta property=\"article:publisher\" content=\"http:\/\/fb.com\/zenaluminum\" \/>\n<meta property=\"article:modified_time\" content=\"2025-07-02T05:53:02+00:00\" \/>\n<meta property=\"og:image\" content=\"https:\/\/zenaluminium.pl\/wp-content\/uploads\/2025\/07\/drzwi-aluminiowe-skladane-harmonijkowe-bi-fold-czarny-300x210-1.png\" \/>\n\t<meta property=\"og:image:width\" content=\"1024\" \/>\n\t<meta property=\"og:image:height\" content=\"1024\" \/>\n\t<meta property=\"og:image:type\" content=\"image\/png\" \/>\n<meta name=\"twitter:card\" content=\"summary_large_image\" \/>\n<meta name=\"twitter:label1\" content=\"Estimated reading time\" \/>\n\t<meta name=\"twitter:data1\" content=\"2 minutes\" \/>\n<script type=\"application\/ld+json\" class=\"yoast-schema-graph\">{\"@context\":\"https:\/\/schema.org\",\"@graph\":[{\"@type\":\"WebPage\",\"@id\":\"https:\/\/zenaluminium.pl\/product\/okno-skladane-harmonijkowe-aluminiowe-cortizo-bifold-300x210-cm-2-szyby-czarny\/\",\"url\":\"https:\/\/zenaluminium.pl\/product\/okno-skladane-harmonijkowe-aluminiowe-cortizo-bifold-300x210-cm-2-szyby-czarny\/\",\"name\":\"Okno sk\u0142adane harmonijkowe aluminiowe Cortizo BiFold 300x210 cm 2 szyby Czarny - Zen Aluminium - polski producent okien i drzwi z aluminium\",\"isPartOf\":{\"@id\":\"https:\/\/zenaluminium.pl\/#website\"},\"primaryImageOfPage\":{\"@id\":\"https:\/\/zenaluminium.pl\/product\/okno-skladane-harmonijkowe-aluminiowe-cortizo-bifold-300x210-cm-2-szyby-czarny\/#primaryimage\"},\"image\":{\"@id\":\"https:\/\/zenaluminium.pl\/product\/okno-skladane-harmonijkowe-aluminiowe-cortizo-bifold-300x210-cm-2-szyby-czarny\/#primaryimage\"},\"thumbnailUrl\":\"https:\/\/zenaluminium.pl\/wp-content\/uploads\/2025\/07\/drzwi-aluminiowe-skladane-harmonijkowe-bi-fold-czarny-300x210-1.png\",\"datePublished\":\"2025-07-02T05:51:58+00:00\",\"dateModified\":\"2025-07-02T05:53:02+00:00\",\"breadcrumb\":{\"@id\":\"https:\/\/zenaluminium.pl\/product\/okno-skladane-harmonijkowe-aluminiowe-cortizo-bifold-300x210-cm-2-szyby-czarny\/#breadcrumb\"},\"inLanguage\":\"en-GB\",\"potentialAction\":[{\"@type\":\"ReadAction\",\"target\":[\"https:\/\/zenaluminium.pl\/product\/okno-skladane-harmonijkowe-aluminiowe-cortizo-bifold-300x210-cm-2-szyby-czarny\/\"]}]},{\"@type\":\"ImageObject\",\"inLanguage\":\"en-GB\",\"@id\":\"https:\/\/zenaluminium.pl\/product\/okno-skladane-harmonijkowe-aluminiowe-cortizo-bifold-300x210-cm-2-szyby-czarny\/#primaryimage\",\"url\":\"https:\/\/zenaluminium.pl\/wp-content\/uploads\/2025\/07\/drzwi-aluminiowe-skladane-harmonijkowe-bi-fold-czarny-300x210-1.png\",\"contentUrl\":\"https:\/\/zenaluminium.pl\/wp-content\/uploads\/2025\/07\/drzwi-aluminiowe-skladane-harmonijkowe-bi-fold-czarny-300x210-1.png\",\"width\":1024,\"height\":1024},{\"@type\":\"BreadcrumbList\",\"@id\":\"https:\/\/zenaluminium.pl\/product\/okno-skladane-harmonijkowe-aluminiowe-cortizo-bifold-300x210-cm-2-szyby-czarny\/#breadcrumb\",\"itemListElement\":[{\"@type\":\"ListItem\",\"position\":1,\"name\":\"Home\",\"item\":\"https:\/\/zenaluminium.pl\/\"},{\"@type\":\"ListItem\",\"position\":2,\"name\":\"Sklep\",\"item\":\"https:\/\/zenaluminium.pl\/sklep\/\"},{\"@type\":\"ListItem\",\"position\":3,\"name\":\"Okno sk\u0142adane harmonijkowe aluminiowe Cortizo BiFold 300&#215;210 cm 2 szyby Czarny\"}]},{\"@type\":\"WebSite\",\"@id\":\"https:\/\/zenaluminium.pl\/#website\",\"url\":\"https:\/\/zenaluminium.pl\/\",\"name\":\"Zen Aluminium - polski producent okien i drzwi z aluminium\",\"description\":\"Stolarka okienna, fasady, ogrody zimowe, rozwi\u0105zania klasy premium\",\"potentialAction\":[{\"@type\":\"SearchAction\",\"target\":{\"@type\":\"EntryPoint\",\"urlTemplate\":\"https:\/\/zenaluminium.pl\/?s={search_term_string}\"},\"query-input\":{\"@type\":\"PropertyValueSpecification\",\"valueRequired\":true,\"valueName\":\"search_term_string\"}}],\"inLanguage\":\"en-GB\"}]}<\/script>\n<!-- \/ Yoast SEO plugin. -->","yoast_head_json":{"title":"Okno sk\u0142adane harmonijkowe aluminiowe Cortizo BiFold 300x210 cm 2 szyby Czarny - Zen Aluminium - polski producent okien i drzwi z aluminium","robots":{"index":"index","follow":"follow","max-snippet":"max-snippet:-1","max-image-preview":"max-image-preview:large","max-video-preview":"max-video-preview:-1"},"canonical":"https:\/\/zenaluminium.pl\/en\/product\/okno-skladane-harmonijkowe-aluminiowe-cortizo-bifold-300x210-cm-2-szyby-czarny\/","og_locale":"en_GB","og_type":"article","og_title":"Okno sk\u0142adane harmonijkowe aluminiowe Cortizo BiFold 300x210 cm 2 szyby Czarny - Zen Aluminium - polski producent okien i drzwi z aluminium","og_description":"RYSUNEK POGL\u0104DOWY - PROSIMY O ZAPOZNANIE SI\u0118 ZE SPECYFIKACJ\u0104 PONI\u017bEJ  OKNA PRODUKOWANE NA WYMIAR - MO\u017bLIWO\u015a\u0106 KONFIGURACJI RODZAJU OKU\u0106, KLAMEK, KOLORU ORAZ STRONY OTWIERANIA (PROSIMY NAPISA\u0106 W UWAGACH).   System profili: Cortizo Bi Fold  2 szyby bezpieczne - VSG 331\/12AR\/VSG 331 LE  Kolor: Czarny  Wymiar (szer. x wys.) 3000 x 2100 [mm]  &nbsp;","og_url":"https:\/\/zenaluminium.pl\/en\/product\/okno-skladane-harmonijkowe-aluminiowe-cortizo-bifold-300x210-cm-2-szyby-czarny\/","og_site_name":"Zen Aluminium - polski producent okien i drzwi z aluminium","article_publisher":"http:\/\/fb.com\/zenaluminum","article_modified_time":"2025-07-02T05:53:02+00:00","og_image":[{"width":1024,"height":1024,"url":"https:\/\/zenaluminium.pl\/wp-content\/uploads\/2025\/07\/drzwi-aluminiowe-skladane-harmonijkowe-bi-fold-czarny-300x210-1.png","type":"image\/png"}],"twitter_card":"summary_large_image","twitter_misc":{"Estimated reading time":"2 minutes"},"schema":{"@context":"https:\/\/schema.org","@graph":[{"@type":"WebPage","@id":"https:\/\/zenaluminium.pl\/product\/okno-skladane-harmonijkowe-aluminiowe-cortizo-bifold-300x210-cm-2-szyby-czarny\/","url":"https:\/\/zenaluminium.pl\/product\/okno-skladane-harmonijkowe-aluminiowe-cortizo-bifold-300x210-cm-2-szyby-czarny\/","name":"Okno sk\u0142adane harmonijkowe aluminiowe Cortizo BiFold 300x210 cm 2 szyby Czarny - Zen Aluminium - polski producent okien i drzwi z aluminium","isPartOf":{"@id":"https:\/\/zenaluminium.pl\/#website"},"primaryImageOfPage":{"@id":"https:\/\/zenaluminium.pl\/product\/okno-skladane-harmonijkowe-aluminiowe-cortizo-bifold-300x210-cm-2-szyby-czarny\/#primaryimage"},"image":{"@id":"https:\/\/zenaluminium.pl\/product\/okno-skladane-harmonijkowe-aluminiowe-cortizo-bifold-300x210-cm-2-szyby-czarny\/#primaryimage"},"thumbnailUrl":"https:\/\/zenaluminium.pl\/wp-content\/uploads\/2025\/07\/drzwi-aluminiowe-skladane-harmonijkowe-bi-fold-czarny-300x210-1.png","datePublished":"2025-07-02T05:51:58+00:00","dateModified":"2025-07-02T05:53:02+00:00","breadcrumb":{"@id":"https:\/\/zenaluminium.pl\/product\/okno-skladane-harmonijkowe-aluminiowe-cortizo-bifold-300x210-cm-2-szyby-czarny\/#breadcrumb"},"inLanguage":"en-GB","potentialAction":[{"@type":"ReadAction","target":["https:\/\/zenaluminium.pl\/product\/okno-skladane-harmonijkowe-aluminiowe-cortizo-bifold-300x210-cm-2-szyby-czarny\/"]}]},{"@type":"ImageObject","inLanguage":"en-GB","@id":"https:\/\/zenaluminium.pl\/product\/okno-skladane-harmonijkowe-aluminiowe-cortizo-bifold-300x210-cm-2-szyby-czarny\/#primaryimage","url":"https:\/\/zenaluminium.pl\/wp-content\/uploads\/2025\/07\/drzwi-aluminiowe-skladane-harmonijkowe-bi-fold-czarny-300x210-1.png","contentUrl":"https:\/\/zenaluminium.pl\/wp-content\/uploads\/2025\/07\/drzwi-aluminiowe-skladane-harmonijkowe-bi-fold-czarny-300x210-1.png","width":1024,"height":1024},{"@type":"BreadcrumbList","@id":"https:\/\/zenaluminium.pl\/product\/okno-skladane-harmonijkowe-aluminiowe-cortizo-bifold-300x210-cm-2-szyby-czarny\/#breadcrumb","itemListElement":[{"@type":"ListItem","position":1,"name":"Home","item":"https:\/\/zenaluminium.pl\/"},{"@type":"ListItem","position":2,"name":"Sklep","item":"https:\/\/zenaluminium.pl\/sklep\/"},{"@type":"ListItem","position":3,"name":"Okno sk\u0142adane harmonijkowe aluminiowe Cortizo BiFold 300&#215;210 cm 2 szyby Czarny"}]},{"@type":"WebSite","@id":"https:\/\/zenaluminium.pl\/#website","url":"https:\/\/zenaluminium.pl\/","name":"Zen Aluminium - Polish manufacturer of aluminium windows and doors","description":"Window joinery, facades, conservatories, premium solutions","potentialAction":[{"@type":"SearchAction","target":{"@type":"EntryPoint","urlTemplate":"https:\/\/zenaluminium.pl\/?s={search_term_string}"},"query-input":{"@type":"PropertyValueSpecification","valueRequired":true,"valueName":"search_term_string"}}],"inLanguage":"en-GB"}]}},"tiered_pricing_type":"fixed","tiered_pricing_fixed_rules":{"2":12629,"3":12269,"4":11929,"5":11899},"tiered_pricing_product_settings":{"layout":"default","base_unit_name":{"singular":null,"plural":null},"default_variation":null},"tiered_pricing_minimum_quantity":null,"tiered_pricing_roles_data":[],"tiered_pricing_percentage_rules":[],"_links":{"self":[{"href":"https:\/\/zenaluminium.pl\/en\/wp-json\/wp\/v2\/product\/19837","targetHints":{"allow":["GET"]}}],"collection":[{"href":"https:\/\/zenaluminium.pl\/en\/wp-json\/wp\/v2\/product"}],"about":[{"href":"https:\/\/zenaluminium.pl\/en\/wp-json\/wp\/v2\/types\/product"}],"wp:featuredmedia":[{"embeddable":true,"href":"https:\/\/zenaluminium.pl\/en\/wp-json\/wp\/v2\/media\/19838"}],"wp:attachment":[{"href":"https:\/\/zenaluminium.pl\/en\/wp-json\/wp\/v2\/media?parent=19837"}],"wp:term":[{"taxonomy":"product_brand","embeddable":true,"href":"https:\/\/zenaluminium.pl\/en\/wp-json\/wp\/v2\/product_brand?post=19837"},{"taxonomy":"product_cat","embeddable":true,"href":"https:\/\/zenaluminium.pl\/en\/wp-json\/wp\/v2\/product_cat?post=19837"},{"taxonomy":"product_tag","embeddable":true,"href":"https:\/\/zenaluminium.pl\/en\/wp-json\/wp\/v2\/product_tag?post=19837"}],"curies":[{"name":"wp","href":"https:\/\/api.w.org\/{rel}","templated":true}]}}