{"id":3140,"date":"2017-04-06T09:28:47","date_gmt":"2017-04-06T08:28:47","guid":{"rendered":"http:\/\/zenaluminium.com\/?page_id=3140\/"},"modified":"2024-10-24T10:56:37","modified_gmt":"2024-10-24T08:56:37","slug":"contact","status":"publish","type":"page","link":"https:\/\/zenaluminium.pl\/fr\/kontakt\/","title":{"rendered":"Contact"},"content":{"rendered":"<div class=\"wpb-content-wrapper\"><div class=\"vc_row wpb_row vc_row-fluid\"><div class=\"wpb_column vc_column_container vc_col-md-12\"><div class=\"vc_column-inner\"><div class=\"wpb_wrapper\"><h1 class='heading-middle  style-1' ><span>Kontakt &#8211; ZenAluminium &#8211; Producent stolarki aluminiowej <\/span><\/h1><div class=\"vc_empty_space\"   style=\"height: 15px\"><span class=\"vc_empty_space_inner\"><\/span><\/div>\n\t<div class=\"wpb_text_column wpb_content_element\" >\n\t\t<div class=\"wpb_wrapper\">\n\t\t\t<p><span style=\"color: #000000;\">Poni\u017cej znajdziesz kontakt do nas. Cieszymy si\u0119 \u017ce jeste\u015b zainteresowany nasz\u0105 ofert\u0105.\u00a0 Odpowiemy na wszelkie pytania, <strong>dokonamy bezp\u0142atnej wyceny<\/strong> oraz pomo\u017cemy w doborze odpowiednich rozwi\u0105za\u0144. Nasza firma ma ponad 12 lat do\u015bwiadczenia w bran\u017cy stolarki aluminiowej. Aby sprawdzi\u0107 niekt\u00f3re z naszych projekt\u00f3w przejd\u017a do <a style=\"color: #000000;\" href=\"\/galeria\/\">projekt\u00f3w<\/a>.<\/span><\/p>\n\n\t\t<\/div>\n\t<\/div>\n<\/div><\/div><\/div><\/div><div class=\"vc_row wpb_row vc_row-fluid\"><div class=\"wpb_column vc_column_container vc_col-md-12\"><div class=\"vc_column-inner\"><div class=\"wpb_wrapper\"><div class=\"vc_separator wpb_content_element vc_separator_align_center vc_sep_width_100 vc_sep_pos_align_center wpb_content_element wpb_animate_when_almost_visible wpb_fadeIn fadeIn vc_separator-has-text\" ><span class=\"vc_sep_holder vc_sep_holder_l\"><span style=\"border-color:#f4c848;\" class=\"vc_sep_line\"><\/span><\/span><div class=\"vc_icon_element vc_icon_element-outer vc_do_icon vc_icon_element-align-left\"><div class=\"vc_icon_element-inner vc_icon_element-color-custom vc_icon_element-size-md vc_icon_element-style- vc_icon_element-background-color-grey\" ><span class=\"vc_icon_element-icon fas fa-ruler-combined\" style=\"color:#f4c848 !important\"><\/span><\/div><\/div><h4>KONTAKT W SPRAWIE WYCEN<\/h4><span class=\"vc_sep_holder vc_sep_holder_r\"><span style=\"border-color:#f4c848;\" class=\"vc_sep_line\"><\/span><\/span>\n<\/div><div class=\"vc_row wpb_row vc_inner vc_row-fluid vc_custom_1600432806495 vc_row-has-fill\"><div class=\"wpb_column vc_column_container vc_col-md-3\"><div class=\"vc_column-inner\"><div class=\"wpb_wrapper\"><\/div><\/div><\/div><div class=\"wpb_column vc_column_container vc_col-md-3\"><div class=\"vc_column-inner\"><div class=\"wpb_wrapper\">\n\t<div class=\"wpb_text_column wpb_content_element\" >\n\t\t<div class=\"wpb_wrapper\">\n\t\t\t<h4 style=\"text-align: center;\"><strong>Damian<\/strong><br \/>\n<span style=\"color: #f4c848;\"><em><a href=\"tel:+48\u00a0 884 212 165\">+48\u00a0 884 212 165<\/a><\/em><\/span><\/h4>\n\n\t\t<\/div>\n\t<\/div>\n\n\t<div class=\"wpb_text_column wpb_content_element\" >\n\t\t<div class=\"wpb_wrapper\">\n\t\t\t<p style=\"text-align: center;\"><span style=\"color: #000000;\">&#8211; Stolarka obiektowa<br \/>\n<\/span><span style=\"color: #000000;\">&#8211; Okna i drzwi PPO\u017b<br \/>\n<\/span><span style=\"color: #000000;\">&#8211; Fasady<br \/>\n<\/span><span style=\"color: #000000;\">&#8211; Okna i drzwi PVC<br \/>\n<\/span><span style=\"color: #000000;\">&#8211; Stolarka do dom\u00f3w jednorodzinnych<br \/>\n<\/span><span style=\"color: #000000;\">&#8211; Stolarka na rynek DE\/SE\/NOR<\/span><\/p>\n\n\t\t<\/div>\n\t<\/div>\n<\/div><\/div><\/div><div class=\"wpb_column vc_column_container vc_col-md-3\"><div class=\"vc_column-inner\"><div class=\"wpb_wrapper\">\n\t<div class=\"wpb_text_column wpb_content_element\" >\n\t\t<div class=\"wpb_wrapper\">\n\t\t\t<h4 style=\"text-align: center;\"><strong>Adam<\/strong><br \/>\n<span style=\"color: #f4c848;\"><em><a href=\"tel:+48 889 879 089\">+48 889 879 089<\/a><\/em><\/span><\/h4>\n\n\t\t<\/div>\n\t<\/div>\n\n\t<div class=\"wpb_text_column wpb_content_element\" >\n\t\t<div class=\"wpb_wrapper\">\n\t\t\t<p style=\"text-align: center;\"><span style=\"color: #000000;\">&#8211; Ogrody zimowe<br \/>\n<\/span><span style=\"color: #000000;\">&#8211; Okna i drzwi Cortizo<br \/>\n<\/span><span style=\"color: #000000;\">&#8211; Drzwi zewn\u0119trzne<br \/>\n<\/span><span style=\"color: #000000;\">&#8211; Okiennice<br \/>\n<\/span><span style=\"color: #000000;\">&#8211; Balustrady<br \/>\n<\/span><span style=\"color: #000000;\">&#8211; Stolarka na rynek UK\/FR\/IRE<\/span><\/p>\n\n\t\t<\/div>\n\t<\/div>\n<\/div><\/div><\/div><div class=\"wpb_column vc_column_container vc_col-md-3\"><div class=\"vc_column-inner\"><div class=\"wpb_wrapper\"><\/div><\/div><\/div><\/div><\/div><\/div><\/div><\/div><div class=\"vc_row wpb_row vc_row-fluid vc_custom_1453297211960\"><div class=\"wpb_column vc_column_container vc_col-md-5\"><div class=\"vc_column-inner\"><div class=\"wpb_wrapper\"><div class=\"vc_separator wpb_content_element vc_separator_align_center vc_sep_width_100 vc_sep_pos_align_center wpb_content_element wpb_animate_when_almost_visible wpb_fadeIn fadeIn vc_separator-has-text\" ><span class=\"vc_sep_holder vc_sep_holder_l\"><span style=\"border-color:#f4c848;\" class=\"vc_sep_line\"><\/span><\/span><div class=\"vc_icon_element vc_icon_element-outer vc_do_icon vc_icon_element-align-left\"><div class=\"vc_icon_element-inner vc_icon_element-color-custom vc_icon_element-size-md vc_icon_element-style- vc_icon_element-background-color-grey\" ><span class=\"vc_icon_element-icon fas fa-id-card-alt\" style=\"color:#f4c848 !important\"><\/span><\/div><\/div><h4>INFORMACJE KONTAKTOWE<\/h4><span class=\"vc_sep_holder vc_sep_holder_r\"><span style=\"border-color:#f4c848;\" class=\"vc_sep_line\"><\/span><\/span>\n<\/div><table class='info-table'><\/tbody><tr class='info-table-row'><th class='info-table-icon'><i class='fa fa fa-long-arrow-right'><\/i><\/th><td class='info-table-content'>ZenAluminum Sp. z.o.o<\/td><\/tr><tr class='info-table-row'><th class='info-table-icon'><i class='fa '><\/i><\/th><td class='info-table-content'>Szczeci\u0144ska 65, 75-122 Koszalin<\/td><\/tr><tr class='info-table-row'><th class='info-table-icon'><i class='fa '><\/i><\/th><td class='info-table-content'>NIP: 4990663769<\/td><\/tr><tr class='info-table-row'><th class='info-table-icon'><i class='fa '><\/i><\/th><td class='info-table-content'><strong><a href='mailto:kontakt@zenaluminium.pl'>kontakt@zenaluminium.pl<\/a><\/strong><\/td><\/tr><tr class='info-table-row'><th class='info-table-icon'><i class='fa fa fa-globe'><\/i><\/th><td class='info-table-content'><a href=\"https:\/\/zenaluminium.pl\" target=\"_blank\" rel=\"noopener noreferrer\">www.zenaluminium.pl<\/a><\/td><\/tr><\/table><\/tbody><\/div><\/div><\/div><div class=\"wpb_column vc_column_container vc_col-md-7\"><div class=\"vc_column-inner\"><div class=\"wpb_wrapper\"><div class=\"vc_separator wpb_content_element vc_separator_align_center vc_sep_width_100 vc_sep_pos_align_center wpb_content_element wpb_animate_when_almost_visible wpb_fadeIn fadeIn vc_separator-has-text\" ><span class=\"vc_sep_holder vc_sep_holder_l\"><span style=\"border-color:#f4c848;\" class=\"vc_sep_line\"><\/span><\/span><div class=\"vc_icon_element vc_icon_element-outer vc_do_icon vc_icon_element-align-left\"><div class=\"vc_icon_element-inner vc_icon_element-color-custom vc_icon_element-size-md vc_icon_element-style- vc_icon_element-background-color-grey\" ><span class=\"vc_icon_element-icon fas fa-id-card\" style=\"color:#f4c848 !important\"><\/span><\/div><\/div><h4>FORMULARZ KONTAKTOWY<\/h4><span class=\"vc_sep_holder vc_sep_holder_r\"><span style=\"border-color:#f4c848;\" class=\"vc_sep_line\"><\/span><\/span>\n<\/div>\n\t<div class=\"wpb_text_column wpb_content_element\" >\n\t\t<div class=\"wpb_wrapper\">\n\t\t\t<div class=\"wpforms-container wpforms-container-full\" id=\"wpforms-4258\"><form id=\"wpforms-form-4258\" class=\"wpforms-validate wpforms-form\" data-formid=\"4258\" method=\"post\" enctype=\"multipart\/form-data\" action=\"\/fr\/wp-json\/wp\/v2\/pages\/3140?wpforms_form_id=4258\" data-token=\"4aa9cf0765e57b19a40fb75c6766d7e8\" data-token-time=\"1775471276\"><noscript class=\"wpforms-error-noscript\">Veuillez activer JavaScript dans votre navigateur pour remplir ce formulaire.<\/noscript><div class=\"wpforms-field-container\"><div id=\"wpforms-4258-field_0-container\" class=\"wpforms-field wpforms-field-name\" data-field-id=\"0\"><label class=\"wpforms-field-label\" for=\"wpforms-4258-field_0\">Imi\u0119 \/ Nazwa firmy <span class=\"wpforms-required-label\">*<\/span><\/label><input type=\"text\" id=\"wpforms-4258-field_0\" class=\"wpforms-field-large wpforms-field-required\" name=\"wpforms[fields][0]\" required><\/div><div id=\"wpforms-4258-field_4-container\" class=\"wpforms-field wpforms-field-layout\" data-field-id=\"4\"><div class=\"wpforms-field-layout-rows wpforms-field-large\"><div class=\"wpforms-layout-row\"><div class=\"wpforms-layout-column wpforms-layout-column-50\"><div id=\"wpforms-4258-field_3-container\" class=\"wpforms-field wpforms-field-phone\" data-field-id=\"3\"><label class=\"wpforms-field-label\" for=\"wpforms-4258-field_3\">Telefon <span class=\"wpforms-required-label\">*<\/span><\/label><input type=\"tel\" id=\"wpforms-4258-field_3\" class=\"wpforms-field-medium wpforms-field-required wpforms-smart-phone-field\" data-rule-smart-phone-field=\"true\" name=\"wpforms[fields][3]\" aria-label=\"Telefon\" required><\/div><\/div><div class=\"wpforms-layout-column wpforms-layout-column-50\">\t\t<div id=\"wpforms-4258-field_6-container\"\n\t\t\tclass=\"wpforms-field wpforms-field-text\"\n\t\t\tdata-field-type=\"text\"\n\t\t\tdata-field-id=\"6\"\n\t\t\t>\n\t\t\t<label class=\"wpforms-field-label\" for=\"wpforms-4258-field_6\" >plik Tre\u015b\u0107 \/<\/label>\n\t\t\t<input type=\"text\" id=\"wpforms-4258-field_6\" class=\"wpforms-field-medium\" name=\"wpforms[fields][6]\" >\n\t\t<\/div>\n\t\t<div id=\"wpforms-4258-field_1-container\" class=\"wpforms-field wpforms-field-email\" data-field-id=\"1\"><label class=\"wpforms-field-label\" for=\"wpforms-4258-field_1\">Email <span class=\"wpforms-required-label\">*<\/span><\/label><input type=\"email\" id=\"wpforms-4258-field_1\" class=\"wpforms-field-medium wpforms-field-required\" name=\"wpforms[fields][1]\" spellcheck=\"false\" required><\/div><\/div><\/div><\/div><\/div><div id=\"wpforms-4258-field_2-container\" class=\"wpforms-field wpforms-field-textarea\" data-field-id=\"2\"><label class=\"wpforms-field-label\" for=\"wpforms-4258-field_2\">Tre\u015b\u0107 wiadomo\u015bci <span class=\"wpforms-required-label\">*<\/span><\/label><textarea id=\"wpforms-4258-field_2\" class=\"wpforms-field-medium wpforms-field-required\" name=\"wpforms[fields][2]\" required><\/textarea><\/div><div id=\"wpforms-4258-field_5-container\" class=\"wpforms-field wpforms-field-file-upload\" data-field-id=\"5\"><label class=\"wpforms-field-label\" for=\"wpforms-4258-field_5\">Przesy\u0142any plik<\/label><div\n\t\tclass=\"wpforms-uploader \"\n\t\tdata-field-id=\"5\"\n\t\tdata-form-id=\"4258\"\n\t\tdata-input-name=\"wpforms_4258_5\"\n\t\tdata-extensions=\"jpg,jpeg,jpe,gif,png,bmp,tiff,tif,webp,avif,ico,heic,heif,heics,heifs,asf,asx,wmv,wmx,wm,avi,divx,mov,qt,mpeg,mpg,mpe,mp4,m4v,ogv,webm,mkv,3gp,3gpp,3g2,3gp2,txt,asc,c,cc,h,srt,csv,tsv,ics,rtx,css,vtt,mp3,m4a,m4b,aac,ra,ram,wav,x-wav,ogg,oga,flac,mid,midi,wma,wax,mka,rtf,pdf,class,tar,zip,gz,gzip,rar,7z,psd,xcf,doc,pot,pps,ppt,wri,xla,xls,xlt,xlw,mpp,docx,docm,dotx,dotm,xlsx,xlsm,xlsb,xltx,xltm,xlam,pptx,pptm,ppsx,ppsm,potx,potm,ppam,sldx,sldm,onetoc,onetoc2,onepkg,oxps,xps,odt,odp,ods,odg,odc,odb,odf,wp,wpd,key,numbers,pages\"\n\t\tdata-max-size=\"67108864\"\n\t\tdata-max-file-number=\"5\"\n\t\tdata-post-max-size=\"67108864\"\n\t\tdata-max-parallel-uploads=\"4\"\n\t\tdata-parallel-uploads=\"true\"\n\t\tdata-file-chunk-size=\"2097152\">\n\t<div class=\"dz-message\">\n\t\t<svg  viewBox=\"0 0 640 640\" focusable=\"false\" data-icon=\"inbox\" width=\"50px\" height=\"50px\" fill=\"currentColor\" aria-hidden=\"true\">\n\t\t\t<path d=\"M352 173.3L352 384C352 401.7 337.7 416 320 416C302.3 416 288 401.7 288 384L288 173.3L246.6 214.7C234.1 227.2 213.8 227.2 201.3 214.7C188.8 202.2 188.8 181.9 201.3 169.4L297.3 73.4C309.8 60.9 330.1 60.9 342.6 73.4L438.6 169.4C451.1 181.9 451.1 202.2 438.6 214.7C426.1 227.2 405.8 227.2 393.3 214.7L352 173.3zM320 464C364.2 464 400 428.2 400 384L480 384C515.3 384 544 412.7 544 448L544 480C544 515.3 515.3 544 480 544L160 544C124.7 544 96 515.3 96 480L96 448C96 412.7 124.7 384 160 384L240 384C240 428.2 275.8 464 320 464zM464 488C477.3 488 488 477.3 488 464C488 450.7 477.3 440 464 440C450.7 440 440 450.7 440 464C440 477.3 450.7 488 464 488z\"\/>\n\t\t<\/svg>\n\n\t\t<span class=\"modern-title\">\n\t\t\t\t\t\t\tDrag &amp; Drop Files, \t\t\t\t<span>Choose Files to Upload<\/span>\n\t\t\t\t\t<\/span>\n\n\t\t\t\t\t<span class=\"modern-hint\">Vous pouvez t\u00e9l\u00e9verser jusqu\u2019\u00e0 5 fichiers.<\/span>\n\t\t\t<\/div>\n<\/div>\n\n<input\n\t\ttype=\"text\"\n\t\tautocomplete=\"off\"\n\t\treadonly\n\t\tclass=\"dropzone-input\"\n\t\tstyle=\"position:absolute!important;clip:rect(0,0,0,0)!important;height:1px!important;width:1px!important;border:0!important;overflow:hidden!important;padding:0!important;margin:0!important;\"\n\t\tid=\"wpforms-4258-field_5\"\n\t\tname=\"wpforms_4258_5\" \t\tvalue=\"\">\n<\/div><script>\n\t\t\t\t( function() {\n\t\t\t\t\tconst style = document.createElement( 'style' );\n\t\t\t\t\tstyle.appendChild( document.createTextNode( '#wpforms-4258-field_6-container { position: absolute !important; overflow: hidden !important; display: inline !important; height: 1px !important; width: 1px !important; z-index: -1000 !important; padding: 0 !important; } #wpforms-4258-field_6-container input { visibility: hidden; } #wpforms-conversational-form-page #wpforms-4258-field_6-container label { counter-increment: none; }' ) );\n\t\t\t\t\tdocument.head.appendChild( style );\n\t\t\t\t\tdocument.currentScript?.remove();\n\t\t\t\t} )();\n\t\t\t<\/script><\/div><!-- .wpforms-field-container --><div class=\"wpforms-recaptcha-container wpforms-is-recaptcha wpforms-is-recaptcha-type-v3\" ><input type=\"hidden\" name=\"wpforms[recaptcha]\" value=\"\"><\/div><div class=\"wpforms-submit-container\" ><input type=\"hidden\" name=\"wpforms[id]\" value=\"4258\"><input type=\"hidden\" name=\"page_title\" value=\"\"><input type=\"hidden\" name=\"page_url\" value=\"https:\/\/zenaluminium.pl\/fr\/wp-json\/wp\/v2\/pages\/3140\"><input type=\"hidden\" name=\"url_referer\" value=\"\"><button type=\"submit\" name=\"wpforms[submit]\" id=\"wpforms-submit-4258\" class=\"wpforms-submit\" data-alt-text=\"Wysy\u0142anie...\" data-submit-text=\"Wy\u015blij wiadomo\u015b\u0107\" aria-live=\"assertive\" value=\"wpforms-submit\">Wy\u015blij wiadomo\u015b\u0107<\/button><\/div><\/form><\/div>  <!-- .wpforms-container -->\n\n\t\t<\/div>\n\t<\/div>\n<\/div><\/div><\/div><\/div>\n<\/div>","protected":false},"excerpt":{"rendered":"Contact - ZenAluminium - Fabricant de menuiseries en aluminium Vous trouverez ci-dessous nos coordonn\u00e9es. Nous nous r\u00e9jouissons de l'int\u00e9r\u00eat que vous portez \u00e0 notre offre.  Nous r\u00e9pondrons \u00e0 toutes vos questions, ferons une \u00e9valuation gratuite et vous aiderons \u00e0 choisir les bonnes solutions. Notre soci\u00e9t\u00e9 a plus de 12 ans d'exp\u00e9rience dans ...","protected":false},"author":1,"featured_media":0,"parent":0,"menu_order":0,"comment_status":"closed","ping_status":"closed","template":"","meta":{"footnotes":""},"class_list":["post-3140","page","type-page","status-publish","hentry"],"yoast_head":"<!-- This site is optimized with the Yoast SEO plugin v27.2 - https:\/\/yoast.com\/product\/yoast-seo-wordpress\/ -->\n<title>Kontakt - ZenAluminium - Producent stolarki aluminiowej otworowej<\/title>\n<meta name=\"description\" content=\"Kontakt ZenAluminium - Producent stolarki aluminiowej otworowej. Napisz do nas. Okna, drzwi, balustrady z aluminium. Bezp\u0142atne wyceny.\" \/>\n<meta name=\"robots\" content=\"index, follow, max-snippet:-1, max-image-preview:large, max-video-preview:-1\" \/>\n<link rel=\"canonical\" href=\"https:\/\/zenaluminium.pl\/fr\/contact\/\" \/>\n<meta property=\"og:locale\" content=\"fr_FR\" \/>\n<meta property=\"og:type\" content=\"article\" \/>\n<meta property=\"og:title\" content=\"Kontakt - ZenAluminium - Producent stolarki aluminiowej otworowej\" \/>\n<meta property=\"og:description\" content=\"Kontakt ZenAluminium - Producent stolarki aluminiowej otworowej. Napisz do nas. Okna, drzwi, balustrady z aluminium. Bezp\u0142atne wyceny.\" \/>\n<meta property=\"og:url\" content=\"https:\/\/zenaluminium.pl\/fr\/contact\/\" \/>\n<meta property=\"og:site_name\" content=\"Zen Aluminium - polski producent okien i drzwi z aluminium\" \/>\n<meta property=\"article:publisher\" content=\"http:\/\/fb.com\/zenaluminum\" \/>\n<meta property=\"article:modified_time\" content=\"2024-10-24T08:56:37+00:00\" \/>\n<meta name=\"twitter:card\" content=\"summary_large_image\" \/>\n<meta name=\"twitter:label1\" content=\"Dur\u00e9e de lecture estim\u00e9e\" \/>\n\t<meta name=\"twitter:data1\" content=\"2 minutes\" \/>\n<script type=\"application\/ld+json\" class=\"yoast-schema-graph\">{\"@context\":\"https:\/\/schema.org\",\"@graph\":[{\"@type\":\"WebPage\",\"@id\":\"https:\/\/zenaluminium.pl\/kontakt\/\",\"url\":\"https:\/\/zenaluminium.pl\/kontakt\/\",\"name\":\"Kontakt - ZenAluminium - Producent stolarki aluminiowej otworowej\",\"isPartOf\":{\"@id\":\"https:\/\/zenaluminium.pl\/#website\"},\"datePublished\":\"2017-04-06T08:28:47+00:00\",\"dateModified\":\"2024-10-24T08:56:37+00:00\",\"description\":\"Kontakt ZenAluminium - Producent stolarki aluminiowej otworowej. Napisz do nas. Okna, drzwi, balustrady z aluminium. Bezp\u0142atne wyceny.\",\"breadcrumb\":{\"@id\":\"https:\/\/zenaluminium.pl\/kontakt\/#breadcrumb\"},\"inLanguage\":\"fr-FR\",\"potentialAction\":[{\"@type\":\"ReadAction\",\"target\":[\"https:\/\/zenaluminium.pl\/kontakt\/\"]}]},{\"@type\":\"BreadcrumbList\",\"@id\":\"https:\/\/zenaluminium.pl\/kontakt\/#breadcrumb\",\"itemListElement\":[{\"@type\":\"ListItem\",\"position\":1,\"name\":\"Home\",\"item\":\"https:\/\/zenaluminium.pl\/\"},{\"@type\":\"ListItem\",\"position\":2,\"name\":\"Kontakt\"}]},{\"@type\":\"WebSite\",\"@id\":\"https:\/\/zenaluminium.pl\/#website\",\"url\":\"https:\/\/zenaluminium.pl\/\",\"name\":\"Zen Aluminium - polski producent okien i drzwi z aluminium\",\"description\":\"Stolarka okienna, fasady, ogrody zimowe, rozwi\u0105zania klasy premium\",\"potentialAction\":[{\"@type\":\"SearchAction\",\"target\":{\"@type\":\"EntryPoint\",\"urlTemplate\":\"https:\/\/zenaluminium.pl\/?s={search_term_string}\"},\"query-input\":{\"@type\":\"PropertyValueSpecification\",\"valueRequired\":true,\"valueName\":\"search_term_string\"}}],\"inLanguage\":\"fr-FR\"}]}<\/script>\n<!-- \/ Yoast SEO plugin. -->","yoast_head_json":{"title":"Contact - ZenAluminium - Fabricant de menuiseries aluminium","description":"Contacter ZenAluminium - Fabricant de menuiseries aluminium. Ecrivez-nous. Fen\u00eatres, portes, balustrades en aluminium. Devis gratuits.","robots":{"index":"index","follow":"follow","max-snippet":"max-snippet:-1","max-image-preview":"max-image-preview:large","max-video-preview":"max-video-preview:-1"},"canonical":"https:\/\/zenaluminium.pl\/fr\/contact\/","og_locale":"fr_FR","og_type":"article","og_title":"Kontakt - ZenAluminium - Producent stolarki aluminiowej otworowej","og_description":"Kontakt ZenAluminium - Producent stolarki aluminiowej otworowej. Napisz do nas. Okna, drzwi, balustrady z aluminium. Bezp\u0142atne wyceny.","og_url":"https:\/\/zenaluminium.pl\/fr\/contact\/","og_site_name":"Zen Aluminium - polski producent okien i drzwi z aluminium","article_publisher":"http:\/\/fb.com\/zenaluminum","article_modified_time":"2024-10-24T08:56:37+00:00","twitter_card":"summary_large_image","twitter_misc":{"Dur\u00e9e de lecture estim\u00e9e":"2 minutes"},"schema":{"@context":"https:\/\/schema.org","@graph":[{"@type":"WebPage","@id":"https:\/\/zenaluminium.pl\/kontakt\/","url":"https:\/\/zenaluminium.pl\/kontakt\/","name":"Contact - ZenAluminium - Fabricant de menuiseries aluminium","isPartOf":{"@id":"https:\/\/zenaluminium.pl\/#website"},"datePublished":"2017-04-06T08:28:47+00:00","dateModified":"2024-10-24T08:56:37+00:00","description":"Contacter ZenAluminium - Fabricant de menuiseries aluminium. Ecrivez-nous. Fen\u00eatres, portes, balustrades en aluminium. Devis gratuits.","breadcrumb":{"@id":"https:\/\/zenaluminium.pl\/kontakt\/#breadcrumb"},"inLanguage":"fr-FR","potentialAction":[{"@type":"ReadAction","target":["https:\/\/zenaluminium.pl\/kontakt\/"]}]},{"@type":"BreadcrumbList","@id":"https:\/\/zenaluminium.pl\/kontakt\/#breadcrumb","itemListElement":[{"@type":"ListItem","position":1,"name":"Home","item":"https:\/\/zenaluminium.pl\/"},{"@type":"ListItem","position":2,"name":"Kontakt"}]},{"@type":"WebSite","@id":"https:\/\/zenaluminium.pl\/#website","url":"https:\/\/zenaluminium.pl\/","name":"Zen Aluminium - Fabricant polonais de fen\u00eatres et de portes en aluminium","description":"Menuiserie, fa\u00e7ades, v\u00e9randas, solutions haut de gamme","potentialAction":[{"@type":"SearchAction","target":{"@type":"EntryPoint","urlTemplate":"https:\/\/zenaluminium.pl\/?s={search_term_string}"},"query-input":{"@type":"PropertyValueSpecification","valueRequired":true,"valueName":"search_term_string"}}],"inLanguage":"fr-FR"}]}},"_links":{"self":[{"href":"https:\/\/zenaluminium.pl\/fr\/wp-json\/wp\/v2\/pages\/3140","targetHints":{"allow":["GET"]}}],"collection":[{"href":"https:\/\/zenaluminium.pl\/fr\/wp-json\/wp\/v2\/pages"}],"about":[{"href":"https:\/\/zenaluminium.pl\/fr\/wp-json\/wp\/v2\/types\/page"}],"author":[{"embeddable":true,"href":"https:\/\/zenaluminium.pl\/fr\/wp-json\/wp\/v2\/users\/1"}],"replies":[{"embeddable":true,"href":"https:\/\/zenaluminium.pl\/fr\/wp-json\/wp\/v2\/comments?post=3140"}],"version-history":[{"count":15,"href":"https:\/\/zenaluminium.pl\/fr\/wp-json\/wp\/v2\/pages\/3140\/revisions"}],"predecessor-version":[{"id":19035,"href":"https:\/\/zenaluminium.pl\/fr\/wp-json\/wp\/v2\/pages\/3140\/revisions\/19035"}],"wp:attachment":[{"href":"https:\/\/zenaluminium.pl\/fr\/wp-json\/wp\/v2\/media?parent=3140"}],"curies":[{"name":"wp","href":"https:\/\/api.w.org\/{rel}","templated":true}]}}