{"id":3284,"date":"2017-04-10T11:57:34","date_gmt":"2017-04-10T10:57:34","guid":{"rendered":"http:\/\/zenaluminium.com\/?page_id=3284\/"},"modified":"2024-03-28T08:12:46","modified_gmt":"2024-03-28T07:12:46","slug":"systemes-de-fenetres-en-aluminium","status":"publish","type":"page","link":"https:\/\/zenaluminium.pl\/fr\/uslugi\/systemy-okienne-aluminiowe\/","title":{"rendered":"FEN\u00caTRES EN ALUMINIUM"},"content":{"rendered":"<div class=\"wpb-content-wrapper\"><div class=\"vc_row wpb_row vc_row-fluid\"><div class=\"wpb_column vc_column_container vc_col-md-12\"><div class=\"vc_column-inner\"><div class=\"wpb_wrapper\"><h1 class='heading-middle  style-1' ><span>Fen\u00eatres en aluminium<\/span><\/h1>\n\t<div class=\"wpb_text_column wpb_content_element\" >\n\t\t<div class=\"wpb_wrapper\">\n\t\t\t<h2>Les fen\u00eatres en aluminium se caract\u00e9risent principalement par leur faible poids et leur tr\u00e8s grande r\u00e9sistance par rapport aux fen\u00eatres en PVC, par exemple. L'aluminium est un mat\u00e9riau extr\u00eamement mall\u00e9able, ce qui permet de cr\u00e9er des fen\u00eatres aux formes courbes ou inhabituelles. Gr\u00e2ce \u00e0 sa grande r\u00e9sistance et \u00e0 sa stabilit\u00e9, il est possible de cr\u00e9er des fen\u00eatres imbattables avec une vue compl\u00e8te. L'entretien des fen\u00eatres en aluminium est extr\u00eamement simple. Il suffit de les nettoyer une fois tous les deux mois avec de l'eau et un produit de nettoyage ne contenant pas de vinaigre ou d'autres acides. Les fen\u00eatres en aluminium se retrouvent le plus souvent dans les b\u00e2timents modernes, o\u00f9 elles s'int\u00e8grent parfaitement \u00e0 l'architecture simple et aux couleurs uniformes de la fa\u00e7ade. Les menuiseries en aluminium pr\u00e9sentent \u00e9galement de nombreux avantages fonctionnels, qui seront particuli\u00e8rement appr\u00e9ci\u00e9s par les personnes pour lesquelles une grande surface vitr\u00e9e dans les pi\u00e8ces est une priorit\u00e9.<\/h2>\n\n\t\t<\/div>\n\t<\/div>\n<\/div><\/div><\/div><\/div><div class=\"vc_row wpb_row vc_row-fluid\"><div class=\"wpb_column vc_column_container vc_col-md-12\"><div class=\"vc_column-inner\"><div class=\"wpb_wrapper\"><div class=\"vc_separator wpb_content_element vc_separator_align_center vc_sep_width_100 vc_sep_pos_align_center vc_separator_no_text vc_sep_color_grey wpb_content_element  wpb_content_element\" ><span class=\"vc_sep_holder vc_sep_holder_l\"><span class=\"vc_sep_line\"><\/span><\/span><span class=\"vc_sep_holder vc_sep_holder_r\"><span class=\"vc_sep_line\"><\/span><\/span>\n<\/div><\/div><\/div><\/div><\/div><div class=\"vc_row wpb_row vc_row-fluid vc_row-o-content-middle vc_row-flex\"><div class=\"wpb_column vc_column_container vc_col-md-6\"><div class=\"vc_column-inner vc_custom_1643810114415\"><div class=\"wpb_wrapper\">\n\t<div class=\"wpb_text_column wpb_content_element\" >\n\t\t<div class=\"wpb_wrapper\">\n\t\t\t<h1 style=\"text-align: center;\"><a href=\"https:\/\/zenaluminium.pl\/fr\/services\/systemes-de-fenetres-en-aluminium\/coulissant\/\">Fen\u00eatres coulissantes<\/a><\/h1>\n\n\t\t<\/div>\n\t<\/div>\n<div class='featured featured-large featured-has-link featured-has-content simple-style'><div class='featured-header'><a target='_self' href='\/fr\/services\/systemes-de-fenetres-en-aluminium\/coulissant\/'><img alt='SYST\u00c8MES DE FEN\u00caTRES COULISSANTES' src='https:\/\/zenaluminium.pl\/wp-content\/uploads\/2022\/02\/system-okien-przesuwnych.jpg'\/><\/a><\/div><div class='featured-content'><h3 class='featured-title text-uppercase'><a target='_self' href='\/fr\/services\/systemes-de-fenetres-en-aluminium\/coulissant\/'>SYST\u00c8MES DE FEN\u00caTRES COULISSANTES<\/a><\/h3><p class='featured-desc'>Les syst\u00e8mes modernes de fen\u00eatres coulissantes en aluminium permettent de r\u00e9aliser des vitrages impressionnants et de grande taille \u00e0 une \u00e9chelle sans pr\u00e9c\u00e9dent. Ils permettent d'obtenir un effet esth\u00e9tique attrayant, mais ils sont surtout extr\u00eamement fonctionnels. Les int\u00e9rieurs acqui\u00e8rent une apparence accueillante sans pour autant perdre un espace pr\u00e9cieux.<\/p><a class='btn btn-md btn-minimal' target='_self' href='\/fr\/services\/systemes-de-fenetres-en-aluminium\/coulissant\/'>Voir fen\u00eatres coulissantes<\/a><\/div><\/div><\/div><\/div><\/div><div class=\"wpb_column vc_column_container vc_col-md-6\"><div class=\"vc_column-inner vc_custom_1643810149597\"><div class=\"wpb_wrapper\">\n\t<div class=\"wpb_text_column wpb_content_element\" >\n\t\t<div class=\"wpb_wrapper\">\n\t\t\t<h1 style=\"text-align: center;\"><a href=\"https:\/\/zenaluminium.pl\/fr\/services\/systemes-de-fenetres-en-aluminium\/fenetre-charniere\/\">Fen\u00eatres classiques \u00e0 charni\u00e8res<\/a><\/h1>\n\n\t\t<\/div>\n\t<\/div>\n<div class='featured featured-large featured-has-link featured-has-content simple-style'><div class='featured-header'><a target='_self' href='\/fr\/services\/systemes-de-fenetres-en-aluminium\/fenetre-charniere\/'><img alt='SYST\u00c8MES DE FEN\u00caTRES \u00c0 CHARNI\u00c8RES' src='https:\/\/zenaluminium.pl\/wp-content\/uploads\/2022\/02\/drzwi-okna-zawiasowe.jpg'\/><\/a><\/div><div class='featured-content'><h3 class='featured-title text-uppercase'><a target='_self' href='\/fr\/services\/systemes-de-fenetres-en-aluminium\/fenetre-charniere\/'>SYST\u00c8MES DE FEN\u00caTRES \u00c0 CHARNI\u00c8RES<\/a><\/h3><p class='featured-desc'>Gr\u00e2ce \u00e0 l'utilisation de profil\u00e9s en aluminium, nous gagnons non seulement en durabilit\u00e9, mais aussi en modernit\u00e9 et en fonctionnalit\u00e9. Les fen\u00eatres en aluminium sont un bien meilleur isolant et durent plus longtemps que les fen\u00eatres en bois classiques.<\/p><a class='btn btn-md btn-minimal' target='_self' href='\/fr\/services\/systemes-de-fenetres-en-aluminium\/fenetre-charniere\/'>Voir les fen\u00eatres \u00e0 charni\u00e8res<\/a><\/div><\/div><\/div><\/div><\/div><\/div><div class=\"vc_row wpb_row vc_row-fluid vc_row-o-content-middle vc_row-flex\"><div class=\"wpb_column vc_column_container vc_col-md-6\"><div class=\"vc_column-inner vc_custom_1643810114415\"><div class=\"wpb_wrapper\">\n\t<div class=\"wpb_text_column wpb_content_element\" >\n\t\t<div class=\"wpb_wrapper\">\n\t\t\t<h1 style=\"text-align: center;\"><a href=\"https:\/\/zenaluminium.pl\/fr\/services\/systemes-de-fenetres-en-aluminium\/fenetre-charniere\/battant\/\">Fen\u00eatres s'ouvrant vers l'ext\u00e9rieur (battants)<\/a><\/h1>\n\n\t\t<\/div>\n\t<\/div>\n<div class='featured featured-large featured-has-link featured-has-content simple-style'><div class='featured-header'><a target='_self' href='\/fr\/services\/systemes-de-fenetres-en-aluminium\/fenetre-charniere\/battant\/'><img alt='FEN\u00caTRES S&#039;OUVRANT VERS L&#039;EXT\u00c9RIEUR' src='https:\/\/zenaluminium.pl\/wp-content\/uploads\/2024\/03\/casement-okna-otwierane-na-zewnatrz.jpg'\/><\/a><\/div><div class='featured-content'><h3 class='featured-title text-uppercase'><a target='_self' href='\/fr\/services\/systemes-de-fenetres-en-aluminium\/fenetre-charniere\/battant\/'>FEN\u00caTRES S'OUVRANT VERS L'EXT\u00c9RIEUR<\/a><\/h3><p class='featured-desc'>Nos fen\u00eatres \u00e0 battants en aluminium allient \u00e9l\u00e9gance et performance. Elles sont id\u00e9ales pour ceux qui appr\u00e9cient le confort et veulent profiter de l'ext\u00e9rieur sans compromis. Dot\u00e9es d'une excellente isolation thermique, ces fen\u00eatres vous aideront \u00e0 r\u00e9duire vos co\u00fbts de chauffage en hiver et \u00e0 conserver la fra\u00eecheur de votre int\u00e9rieur en \u00e9t\u00e9, pour un confort optimal tout au long de l'ann\u00e9e.<\/p><a class='btn btn-md btn-minimal' target='_self' href='\/fr\/services\/systemes-de-fenetres-en-aluminium\/fenetre-charniere\/battant\/'>Voir les fen\u00eatres \u00e0 battants<\/a><\/div><\/div><\/div><\/div><\/div><div class=\"wpb_column vc_column_container vc_col-md-6\"><div class=\"vc_column-inner vc_custom_1643810149597\"><div class=\"wpb_wrapper\">\n\t<div class=\"wpb_text_column wpb_content_element\" >\n\t\t<div class=\"wpb_wrapper\">\n\t\t\t<h1 style=\"text-align: center;\"><a href=\"https:\/\/zenaluminium.pl\/fr\/services\/systemes-de-fenetres-en-aluminium\/fenetre-charniere\/battant\/\">Fen\u00eatres courbes (radiales)<\/a><\/h1>\n\n\t\t<\/div>\n\t<\/div>\n<div class='featured featured-large featured-has-link featured-has-content simple-style'><div class='featured-header'><a target='_self' href='\/fr\/services\/systemes-de-fenetres-en-aluminium\/fenetre-charniere\/battant\/'><img alt='FEN\u00caTRES EN ARCHE ' src='https:\/\/zenaluminium.pl\/wp-content\/uploads\/2024\/03\/system-okien-luowych-radialnych.jpg'\/><\/a><\/div><div class='featured-content'><h3 class='featured-title text-uppercase'><a target='_self' href='\/fr\/services\/systemes-de-fenetres-en-aluminium\/fenetre-charniere\/battant\/'>FEN\u00caTRES EN ARCHE <\/a><\/h3><p class='featured-desc'>Les fen\u00eatres cintr\u00e9es en aluminium sont un type particulier de fen\u00eatres caract\u00e9ris\u00e9es par la forme arqu\u00e9e de l'ouverture par laquelle la lumi\u00e8re p\u00e9n\u00e8tre. Cette forme est souvent utilis\u00e9e pour rehausser esth\u00e9tiquement l'architecture d'un b\u00e2timent, en lui donnant du caract\u00e8re et de l'\u00e9l\u00e9gance.<\/p><a class='btn btn-md btn-minimal' target='_self' href='\/fr\/services\/systemes-de-fenetres-en-aluminium\/fenetre-charniere\/battant\/'>Voir les fen\u00eatres cintr\u00e9es<\/a><\/div><\/div><\/div><\/div><\/div><\/div><div class=\"vc_row wpb_row vc_row-fluid\"><div class=\"wpb_column vc_column_container vc_col-md-12\"><div class=\"vc_column-inner\"><div class=\"wpb_wrapper\"><div class=\"vc_separator wpb_content_element vc_separator_align_center vc_sep_width_100 vc_sep_pos_align_center vc_separator_no_text vc_sep_color_grey wpb_content_element  wpb_content_element\" ><span class=\"vc_sep_holder vc_sep_holder_l\"><span class=\"vc_sep_line\"><\/span><\/span><span class=\"vc_sep_holder vc_sep_holder_r\"><span class=\"vc_sep_line\"><\/span><\/span>\n<\/div><\/div><\/div><\/div><\/div><div class=\"vc_row wpb_row vc_row-fluid\"><div class=\"wpb_column vc_column_container vc_col-md-12\"><div class=\"vc_column-inner\"><div class=\"wpb_wrapper\">\n\t<div class=\"wpb_text_column wpb_content_element\" >\n\t\t<div class=\"wpb_wrapper\">\n\t\t\t<h3><span style=\"color: #000000;\"><strong>D\u00e9couvrez la modernit\u00e9 et l'\u00e9l\u00e9gance avec les fen\u00eatres en aluminium<\/strong><\/span><\/h3>\n<h4><span style=\"color: #000000;\"><strong>La perfection dans les moindres d\u00e9tails<\/strong><\/span><\/h4>\n<p><span style=\"color: #000000;\">Choisir des fen\u00eatres en aluminium, c'est investir dans une solution qui allie \u00e9l\u00e9gance, modernit\u00e9 et fonctionnalit\u00e9. Gr\u00e2ce aux technologies de fabrication avanc\u00e9es et \u00e0 la vaste gamme de mod\u00e8les disponibles, les fen\u00eatres en aluminium sont le choix id\u00e9al pour les espaces modernes et classiques.<\/span><\/p>\n<h4><span style=\"color: #000000;\"><strong>Durabilit\u00e9 et efficacit\u00e9 \u00e9nerg\u00e9tique in\u00e9gal\u00e9es<\/strong><\/span><\/h4>\n<p><span style=\"color: #000000;\">Les fen\u00eatres en aluminium se caract\u00e9risent par leur durabilit\u00e9 exceptionnelle et leur faible besoin d'entretien. Leur construction garantit une excellente isolation thermique et acoustique, ce qui se traduit par d'importantes \u00e9conomies d'\u00e9nergie et un grand confort d'utilisation. Les mod\u00e8les \u00e0 haut rendement \u00e9nerg\u00e9tique et passifs avec isolation thermique, tels que MB-86N ou MB-79N, offrent des param\u00e8tres r\u00e9pondant aux normes les plus \u00e9lev\u00e9es en mati\u00e8re de construction durable.<\/span><\/p>\n<h4><span style=\"color: #000000;\"><strong>Une conception adapt\u00e9e \u00e0 vos besoins<\/strong><\/span><\/h4>\n<p><span style=\"color: #000000;\">Les fen\u00eatres en aluminium se distinguent par leur ouverture. Nous disposons de fen\u00eatres <a style=\"color: #000000;\" href=\"https:\/\/zenaluminium.pl\/fr\/services\/systemes-de-fenetres-en-aluminium\/\">classique \u00e0 charni\u00e8re<\/a>, <a style=\"color: #000000;\" href=\"https:\/\/zenaluminium.pl\/fr\/services\/systemes-de-fenetres-en-aluminium\/coulissant\/\">fen\u00eatres coulissantes<\/a>, fen\u00eatres de type <a style=\"color: #000000;\" href=\"https:\/\/zenaluminium.pl\/fr\/services\/systemes-de-fenetres-en-aluminium\/fenetre-charniere\/battant\/\">battant<\/a> les fen\u00eatres s'ouvrant vers l'ext\u00e9rieur et les fen\u00eatres \u00e0 guillotine ou coulissant vers le haut.\u00a0<\/span><\/p>\n<h4><span style=\"color: #000000;\"><strong>Prix et disponibilit\u00e9<\/strong><\/span><\/h4>\n<p><span style=\"color: #000000;\">Les prix des fen\u00eatres en aluminium peuvent varier en fonction du mod\u00e8le, des dimensions et des accessoires choisis, \u00e0 partir de quelques centaines de zlotys par m\u00b2. La disponibilit\u00e9 des fen\u00eatres dans de nombreuses villes permet un acc\u00e8s facile aux produits et aux services d'installation professionnels. Il convient de noter que <a style=\"color: #000000;\" href=\"https:\/\/zenaluminium.pl\/fr\/services\/systemes-de-fenetres-en-aluminium\/\">fen\u00eatres en aluminium<\/a> est un produit de qualit\u00e9 sup\u00e9rieure, souvent haut de gamme. La multiplicit\u00e9 des solutions, la flexibilit\u00e9 du choix et la production sur mesure font que le prix \u00e0 payer sera plus \u00e9lev\u00e9 que dans le pass\u00e9. <a style=\"color: #000000;\" href=\"https:\/\/zenaluminium.pl\/fr\/menuiserie-pvc-pcv\/\">Fen\u00eatres en PVC<\/a> (en moyenne de 30 \u00e0 60%), mais aussi moins que, par exemple, les fen\u00eatres en bois. Il arrive \u00e9galement que des structures plus grandes soient moins ch\u00e8res que dans la <a style=\"color: #000000;\" href=\"https:\/\/zenaluminium.pl\/fr\/menuiserie-pvc-pcv\/\">fen\u00eatres en plastique<\/a>. Voici quelques exemples <a style=\"color: #000000;\" href=\"https:\/\/zenaluminium.pl\/fr\/services\/systemes-de-portes-en-aluminium\/porte-coulissante\/porte-coulissante-aluminium-4600\/\">Fen\u00eatres coulissantes HST<\/a>.\u00a0<\/span><\/p>\n<h4><span style=\"color: #000000;\"><strong>N'h\u00e9sitez pas \u00e0 nous contacter<\/strong><\/span><\/h4>\n<p><span style=\"color: #000000;\">Nous vous invitons \u00e0 vous familiariser avec notre gamme compl\u00e8te de fen\u00eatres en aluminium. Nos sp\u00e9cialistes sont \u00e0 votre disposition pour vous aider \u00e0 choisir les solutions les mieux adapt\u00e9es \u00e0 vos besoins et \u00e0 vos attentes. Contactez-nous d\u00e8s aujourd'hui pour en savoir plus sur les possibilit\u00e9s offertes par les fen\u00eatres en aluminium et commencer \u00e0 transformer votre espace de vie ou de travail d'une nouvelle mani\u00e8re.<\/span><\/p>\n\n\t\t<\/div>\n\t<\/div>\n<\/div><\/div><\/div><\/div>\n<\/div>","protected":false},"excerpt":{"rendered":"Okna aluminiowe Okna aluminiowe charakteryzuj\u0105 si\u0119 przede wszystkim niewielk\u0105 wag\u0105 i bardzo du\u017c\u0105 wytrzyma\u0142o\u015bci\u0105 w por\u00f3wnaniu chocia\u017cby z oknami PVC. Aluminium jest materia\u0142em niezwykle podatnym na formowanie, mo\u017cliwe jest wi\u0119c tworzenie okien w \u0142ukach lub nietypowych kszta\u0142tach. Dzi\u0119ki du\u017cej wytrzyma\u0142o\u015bci &hellip;","protected":false},"author":1,"featured_media":0,"parent":3142,"menu_order":0,"comment_status":"closed","ping_status":"closed","template":"","meta":{"footnotes":""},"class_list":["post-3284","page","type-page","status-publish","hentry"],"yoast_head":"<!-- This site is optimized with the Yoast SEO plugin v27.2 - https:\/\/yoast.com\/product\/yoast-seo-wordpress\/ -->\n<title>Okna aluminiowe - ZenAluminium - producent stolarki aluminiowej<\/title>\n<meta name=\"description\" content=\"Okna aluminiowe charakteryzuj\u0105 si\u0119 przede wszystkim niewielk\u0105 wag\u0105 i bardzo du\u017c\u0105 wytrzyma\u0142o\u015bci\u0105 w por\u00f3wnaniu chocia\u017cby z oknami PVC.\" \/>\n<meta name=\"robots\" content=\"index, follow, max-snippet:-1, max-image-preview:large, max-video-preview:-1\" \/>\n<link rel=\"canonical\" href=\"https:\/\/zenaluminium.pl\/fr\/services\/systemes-de-fenetres-en-aluminium\/\" \/>\n<meta property=\"og:locale\" content=\"fr_FR\" \/>\n<meta property=\"og:type\" content=\"article\" \/>\n<meta property=\"og:title\" content=\"Okna aluminiowe - ZenAluminium - producent stolarki aluminiowej\" \/>\n<meta property=\"og:description\" content=\"Okna aluminiowe charakteryzuj\u0105 si\u0119 przede wszystkim niewielk\u0105 wag\u0105 i bardzo du\u017c\u0105 wytrzyma\u0142o\u015bci\u0105 w por\u00f3wnaniu chocia\u017cby z oknami PVC.\" \/>\n<meta property=\"og:url\" content=\"https:\/\/zenaluminium.pl\/fr\/services\/systemes-de-fenetres-en-aluminium\/\" \/>\n<meta property=\"og:site_name\" content=\"Zen Aluminium - polski producent okien i drzwi z aluminium\" \/>\n<meta property=\"article:publisher\" content=\"http:\/\/fb.com\/zenaluminum\" \/>\n<meta property=\"article:modified_time\" content=\"2024-03-28T07:12:46+00:00\" \/>\n<meta name=\"twitter:card\" content=\"summary_large_image\" \/>\n<meta name=\"twitter:label1\" content=\"Dur\u00e9e de lecture estim\u00e9e\" \/>\n\t<meta name=\"twitter:data1\" content=\"4 minutes\" \/>\n<script type=\"application\/ld+json\" class=\"yoast-schema-graph\">{\"@context\":\"https:\/\/schema.org\",\"@graph\":[{\"@type\":\"WebPage\",\"@id\":\"https:\/\/zenaluminium.pl\/uslugi\/systemy-okienne-aluminiowe\/\",\"url\":\"https:\/\/zenaluminium.pl\/uslugi\/systemy-okienne-aluminiowe\/\",\"name\":\"Okna aluminiowe - ZenAluminium - producent stolarki aluminiowej\",\"isPartOf\":{\"@id\":\"https:\/\/zenaluminium.pl\/#website\"},\"datePublished\":\"2017-04-10T10:57:34+00:00\",\"dateModified\":\"2024-03-28T07:12:46+00:00\",\"description\":\"Okna aluminiowe charakteryzuj\u0105 si\u0119 przede wszystkim niewielk\u0105 wag\u0105 i bardzo du\u017c\u0105 wytrzyma\u0142o\u015bci\u0105 w por\u00f3wnaniu chocia\u017cby z oknami PVC.\",\"breadcrumb\":{\"@id\":\"https:\/\/zenaluminium.pl\/uslugi\/systemy-okienne-aluminiowe\/#breadcrumb\"},\"inLanguage\":\"fr-FR\",\"potentialAction\":[{\"@type\":\"ReadAction\",\"target\":[\"https:\/\/zenaluminium.pl\/uslugi\/systemy-okienne-aluminiowe\/\"]}]},{\"@type\":\"BreadcrumbList\",\"@id\":\"https:\/\/zenaluminium.pl\/uslugi\/systemy-okienne-aluminiowe\/#breadcrumb\",\"itemListElement\":[{\"@type\":\"ListItem\",\"position\":1,\"name\":\"Home\",\"item\":\"https:\/\/zenaluminium.pl\/\"},{\"@type\":\"ListItem\",\"position\":2,\"name\":\"Stolarka aluminiowa\",\"item\":\"https:\/\/zenaluminium.pl\/uslugi\/\"},{\"@type\":\"ListItem\",\"position\":3,\"name\":\"OKNA ALUMINIOWE\"}]},{\"@type\":\"WebSite\",\"@id\":\"https:\/\/zenaluminium.pl\/#website\",\"url\":\"https:\/\/zenaluminium.pl\/\",\"name\":\"Zen Aluminium - polski producent okien i drzwi z aluminium\",\"description\":\"Stolarka okienna, fasady, ogrody zimowe, rozwi\u0105zania klasy premium\",\"potentialAction\":[{\"@type\":\"SearchAction\",\"target\":{\"@type\":\"EntryPoint\",\"urlTemplate\":\"https:\/\/zenaluminium.pl\/?s={search_term_string}\"},\"query-input\":{\"@type\":\"PropertyValueSpecification\",\"valueRequired\":true,\"valueName\":\"search_term_string\"}}],\"inLanguage\":\"fr-FR\"}]}<\/script>\n<!-- \/ Yoast SEO plugin. -->","yoast_head_json":{"title":"Fen\u00eatres en aluminium - ZenAluminium - fabricant de menuiseries aluminium","description":"Les fen\u00eatres en aluminium se caract\u00e9risent principalement par leur faible poids et leur tr\u00e8s grande r\u00e9sistance par rapport aux fen\u00eatres en PVC, par exemple.","robots":{"index":"index","follow":"follow","max-snippet":"max-snippet:-1","max-image-preview":"max-image-preview:large","max-video-preview":"max-video-preview:-1"},"canonical":"https:\/\/zenaluminium.pl\/fr\/services\/systemes-de-fenetres-en-aluminium\/","og_locale":"fr_FR","og_type":"article","og_title":"Okna aluminiowe - ZenAluminium - producent stolarki aluminiowej","og_description":"Okna aluminiowe charakteryzuj\u0105 si\u0119 przede wszystkim niewielk\u0105 wag\u0105 i bardzo du\u017c\u0105 wytrzyma\u0142o\u015bci\u0105 w por\u00f3wnaniu chocia\u017cby z oknami PVC.","og_url":"https:\/\/zenaluminium.pl\/fr\/services\/systemes-de-fenetres-en-aluminium\/","og_site_name":"Zen Aluminium - polski producent okien i drzwi z aluminium","article_publisher":"http:\/\/fb.com\/zenaluminum","article_modified_time":"2024-03-28T07:12:46+00:00","twitter_card":"summary_large_image","twitter_misc":{"Dur\u00e9e de lecture estim\u00e9e":"4 minutes"},"schema":{"@context":"https:\/\/schema.org","@graph":[{"@type":"WebPage","@id":"https:\/\/zenaluminium.pl\/uslugi\/systemy-okienne-aluminiowe\/","url":"https:\/\/zenaluminium.pl\/uslugi\/systemy-okienne-aluminiowe\/","name":"Fen\u00eatres en aluminium - ZenAluminium - fabricant de menuiseries aluminium","isPartOf":{"@id":"https:\/\/zenaluminium.pl\/#website"},"datePublished":"2017-04-10T10:57:34+00:00","dateModified":"2024-03-28T07:12:46+00:00","description":"Les fen\u00eatres en aluminium se caract\u00e9risent principalement par leur faible poids et leur tr\u00e8s grande r\u00e9sistance par rapport aux fen\u00eatres en PVC, par exemple.","breadcrumb":{"@id":"https:\/\/zenaluminium.pl\/uslugi\/systemy-okienne-aluminiowe\/#breadcrumb"},"inLanguage":"fr-FR","potentialAction":[{"@type":"ReadAction","target":["https:\/\/zenaluminium.pl\/uslugi\/systemy-okienne-aluminiowe\/"]}]},{"@type":"BreadcrumbList","@id":"https:\/\/zenaluminium.pl\/uslugi\/systemy-okienne-aluminiowe\/#breadcrumb","itemListElement":[{"@type":"ListItem","position":1,"name":"Home","item":"https:\/\/zenaluminium.pl\/"},{"@type":"ListItem","position":2,"name":"Stolarka aluminiowa","item":"https:\/\/zenaluminium.pl\/uslugi\/"},{"@type":"ListItem","position":3,"name":"OKNA ALUMINIOWE"}]},{"@type":"WebSite","@id":"https:\/\/zenaluminium.pl\/#website","url":"https:\/\/zenaluminium.pl\/","name":"Zen Aluminium - Fabricant polonais de fen\u00eatres et de portes en aluminium","description":"Menuiserie, fa\u00e7ades, v\u00e9randas, solutions haut de gamme","potentialAction":[{"@type":"SearchAction","target":{"@type":"EntryPoint","urlTemplate":"https:\/\/zenaluminium.pl\/?s={search_term_string}"},"query-input":{"@type":"PropertyValueSpecification","valueRequired":true,"valueName":"search_term_string"}}],"inLanguage":"fr-FR"}]}},"_links":{"self":[{"href":"https:\/\/zenaluminium.pl\/fr\/wp-json\/wp\/v2\/pages\/3284","targetHints":{"allow":["GET"]}}],"collection":[{"href":"https:\/\/zenaluminium.pl\/fr\/wp-json\/wp\/v2\/pages"}],"about":[{"href":"https:\/\/zenaluminium.pl\/fr\/wp-json\/wp\/v2\/types\/page"}],"author":[{"embeddable":true,"href":"https:\/\/zenaluminium.pl\/fr\/wp-json\/wp\/v2\/users\/1"}],"replies":[{"embeddable":true,"href":"https:\/\/zenaluminium.pl\/fr\/wp-json\/wp\/v2\/comments?post=3284"}],"version-history":[{"count":12,"href":"https:\/\/zenaluminium.pl\/fr\/wp-json\/wp\/v2\/pages\/3284\/revisions"}],"predecessor-version":[{"id":18555,"href":"https:\/\/zenaluminium.pl\/fr\/wp-json\/wp\/v2\/pages\/3284\/revisions\/18555"}],"up":[{"embeddable":true,"href":"https:\/\/zenaluminium.pl\/fr\/wp-json\/wp\/v2\/pages\/3142"}],"wp:attachment":[{"href":"https:\/\/zenaluminium.pl\/fr\/wp-json\/wp\/v2\/media?parent=3284"}],"curies":[{"name":"wp","href":"https:\/\/api.w.org\/{rel}","templated":true}]}}