{"id":4086,"date":"2018-06-27T11:38:53","date_gmt":"2018-06-27T10:38:53","guid":{"rendered":"https:\/\/zenaluminium.com\/?page_id=4086"},"modified":"2024-11-07T07:31:34","modified_gmt":"2024-11-07T06:31:34","slug":"cor-vision-plus-fenetres-coulissantes","status":"publish","type":"page","link":"https:\/\/zenaluminium.pl\/fr\/uslugi\/systemy-okienne-aluminiowe\/przesuwne\/cor-vision-plus-okna-przesuwane\/","title":{"rendered":"COR VISION PLUS - VITRES COULISSANTES"},"content":{"rendered":"<div class=\"wpb-content-wrapper\"><div class=\"vc_row wpb_row vc_row-fluid\"><div class=\"wpb_column vc_column_container vc_col-md-12\"><div class=\"vc_column-inner\"><div class=\"wpb_wrapper\"><h1 class='heading-middle  style-1' ><span>COR VISION PLUS &#8211; OKNA PRZESUWANE<\/span><\/h1><div class=\"vc_empty_space\"   style=\"height: 50px\"><span class=\"vc_empty_space_inner\"><\/span><\/div>\n\t<div class=\"wpb_text_column wpb_content_element\" >\n\t\t<div class=\"wpb_wrapper\">\n\t\t\t<h2>COR VISION PLUS jest produktem premium najwy\u017cszej jako\u015bci. System aluminiowy na bazie kt\u00f3rego mo\u017cna zbudowa\u0107 du\u017ce okna aluminiowe przesuwne. Dzi\u0119ki niemu tworzone s\u0105 ca\u0142e przeszklenia \u015bcian tzw. szklane \u015bciany a nawet ca\u0142e szklane domy. Jako nieliczni w Polsce posiadamy certyfikat firmy Cortizo do monta\u017cu wielkopowierzchniowych okien przesuwnych.<\/h2>\n<p><span style=\"color: #000000;\">Minimalistyczny system okien przesuwnych <strong>przeznaczony szczeg\u00f3lnie do du\u017cych powierzchni<\/strong> (a\u017c do 4.000 mm\/skrzyd\u0142o szeroko\u015bci lub wysoko\u015bci), dzi\u0119ki jego konstrukcji istnieje m<\/span><span style=\"color: #000000;\">o\u017cliwo\u015b\u0107 pokrycia <strong>szkleniem a\u017c 94% powierzchni<\/strong>. <\/span><span style=\"color: #000000;\">Widoczna sekcja profila to tylko 25 mm. Zapewnia ba<\/span><span style=\"color: #000000;\">rdzo <strong>dobre parametry akustyczne i cieplne<\/strong>. <\/span><span style=\"color: #000000;\">Mo\u017cliwo\u015b\u0107 otwierania <strong>automatycznego<\/strong> do wagi 700 kg,<strong> oraz r\u0119cznego<\/strong> do 400 kg. <\/span><span id=\"result_box\" class=\"\" lang=\"pl\" style=\"color: #000000;\"><span class=\"\">Dodatkowo pozwala na umieszczenie wielopunktowych system\u00f3w blokuj\u0105cych za pomoc\u0105 pr\u0119ta, z kluczem lub bez<\/span><\/span><span style=\"color: #000000;\">. Jako jedno z nielicznych rozwi\u0105za\u0144 r<\/span><span style=\"color: #000000;\">olki s\u0105 umieszczone w ramie, a skrzyd\u0142a s\u0105 zlicowane ze wzmocnion\u0105 stalow\u0105 powierzchni\u0105 toczn\u0105, co u\u0142atwia przesuwanie. <\/span><span style=\"color: #000000;\">Mo\u017cliwo\u015b\u0107 zastosowania naro\u017cnego skrzyd\u0142a o k\u0105cie 90 \u00b0 bez konieczno\u015bci stosowania s\u0142upka, daj\u0105cy <strong>efekt szklanego naro\u017cnika<\/strong>. <\/span><span style=\"color: #000000;\">Wersja zautomatyzowana umo\u017cliwia ca\u0142kowite ukrycie skrzyd\u0142a w ramie w pozycji zamkni\u0119tej.<\/span><\/p>\n\n\t\t<\/div>\n\t<\/div>\n<\/div><\/div><\/div><\/div><div class=\"vc_row wpb_row vc_row-fluid\"><div class=\"wpb_column vc_column_container vc_col-md-6\"><div class=\"vc_column-inner\"><div class=\"wpb_wrapper\"><ul class='list list-default'><li><span style=\"color: #000000;\"><strong><span style=\"font-size: 18px;\">DANE TECHNICZNE<\/span><\/strong><\/span><\/p>\n<p><span style=\"color: #000000;\"><span id=\"result_box\" class=\"short_text\" lang=\"pl\" tabindex=\"-1\">Maksymalna grubo\u015b\u0107 oszklenia:<\/span><strong><span id=\"result_box\" class=\"short_text\" lang=\"pl\" tabindex=\"-1\"> 54 mm<\/span><\/strong><\/span><\/p>\n<p><span style=\"color: #000000;\">Mo\u017cliwo\u015b\u0107 otwierania: <\/span><span style=\"color: #000000;\">Przesuwne z 2, 4 lub 6 skrzyd\u0142ami,<\/span><span style=\"color: #000000;\"> Mo\u017cliwo\u015b\u0107 1 lub 3 szyn,<\/span><span style=\"color: #000000;\">\u00a01 skrzyd\u0142o+ 1 sta\u0142y\/ 2 skrzyd\u0142a+ 1 sta\u0142y<\/span><br \/>\n<span style=\"color: #000000;\"><span id=\"result_box\" class=\"\" lang=\"pl\" tabindex=\"-1\">Mo\u017cliwo\u015b\u0107 otwierania si\u0119 naro\u017cnika przy 90\u00ba bez szpros\u00f3w<\/span><\/span><\/p>\n<p><span style=\"color: #000000;\">Przekr\u00f3j:<br \/>\n<\/span><span style=\"color: #000000;\">&#8211; Rama: <strong>180 mm &#8211; 278 mm( 3 szyny )<\/strong><\/span><br \/>\n<span style=\"color: #000000;\">&#8211; Skrzyd\u0142o: <strong>69 mm<\/strong><\/span><\/p>\n<p><span style=\"color: #000000;\">Grubo\u015b\u0107 profila: <strong>Drzwi 2,0 mm<\/strong><\/span><\/p>\n<p><span style=\"color: #000000;\"><span id=\"result_box\" class=\"short_text\" lang=\"pl\" tabindex=\"-1\">D\u0142ugo\u015b\u0107 paska poliamidu<\/span>: <strong>od 18 do 40 mm<\/strong><\/span><\/p>\n<p><span style=\"color: #000000;\">Maksymalne wymiary\/skrzyd\u0142o:<\/span><\/p>\n<p><span style=\"color: #000000;\">&#8211; Szeroko\u015b\u0107 (L) = 4.000 mm<\/span><br \/>\n<span style=\"color: #000000;\">&#8211; Wysoko\u015b\u0107 (H) = 4.000 mm<\/span><br \/>\n<span style=\"color: #000000;\">&#8211; <em>Powierchnia szk\u0142a \u2264 14 m\u00b2<\/em><\/span><\/p>\n<p><em style=\"color: #000000;\">Maksymalna waga\/skrzyd\u0142o: <\/em><strong style=\"color: #000000;\">400 Kg Manual, 700 Kg Automatyczne<\/strong><\/p>\n<p><span style=\"color: #000000;\"><em><span id=\"result_box\" class=\"\" lang=\"pl\" tabindex=\"-1\">W przypadku innych typ\u00f3w otwor\u00f3w nale\u017cy skonsultowa\u0107 si\u0119 z maksymaln\u0105 mas\u0105 i wymiarami<\/span><\/em><\/span><\/li><li><span style=\"color: #000000;\"><strong><span style=\"font-size: 18px;\">WYKO\u0143CZENIE \/ KOLORYSTYKA<\/span><\/strong><\/span><\/p>\n<p><span style=\"color: #000000;\"><span id=\"result_box\" class=\"\" lang=\"pl\" tabindex=\"-1\">&#8211; Mo\u017cliwo\u015b\u0107 system\u00f3w bicolor<br \/>\n&#8211; Kolorowa pow\u0142oka proszkowa (RAL, c\u0119tkowane i szorstkie)<br \/>\n&#8211; Lakierowanie proszkowe z efektem drewna<br \/>\n&#8211; Antybakteryjna pow\u0142oka proszkowa<br \/>\n<span class=\"\">&#8211; Anodowane<\/span><\/span><\/span><\/li><li><span style=\"color: #000000;\"><strong><span style=\"font-size: 18px;\">TESTY I BADANIA<\/span><\/strong><\/span><\/p>\n<p><span style=\"color: #000000;\">Wsp\u00f3\u0142czynnik: Uw od 0,9 (W\/m\u00b2K)<\/span><\/p>\n<p><span style=\"color: #000000;\"><em><span id=\"result_box\" class=\"short_text\" lang=\"pl\" tabindex=\"-1\">Prosz\u0119 zapozna\u0107 si\u0119 z typologi\u0105, wymiarami i przeszkle\u0144<\/span><\/em><\/span><\/p>\n<p><span style=\"color: #000000;\"><span id=\"result_box\" class=\"short_text\" lang=\"pl\" tabindex=\"-1\">Maksymalna izolacja akustyczna<\/span>: <strong>Rw=43 dB<\/strong><\/span><\/p>\n<p><span style=\"color: #000000;\"><span id=\"result_box\" class=\"short_text\" lang=\"pl\" tabindex=\"-1\">Przepuszczalno\u015b\u0107 powietrza:<\/span> <strong>(EN 12207:2000) CLASS 4<\/strong><\/span><\/p>\n<p><span style=\"color: #000000;\"><span id=\"result_box\" class=\"short_text\" lang=\"pl\" tabindex=\"-1\">Wodoszczelno\u015b\u0107:<\/span> <strong>(EN 12208:2000) CLASS 7A*\/9A**<\/strong><\/span><\/p>\n<p><span style=\"color: #000000;\"><span id=\"result_box\" class=\"short_text\" lang=\"pl\" tabindex=\"-1\">Odporno\u015b\u0107 na wiatr:<\/span> <strong>(EN 12210:2000) CLASS C3<\/strong><\/span><\/p>\n<p><span style=\"color: #000000;\"><em><span id=\"result_box\" class=\"\" lang=\"pl\" tabindex=\"-1\">* Test odniesienia: Balkon 4,00 x 3,00 m. 2 skrzyd\u0142a.<br \/>\n** Test odniesienia: Balkon 4,00 x 3,00 m. 1 skrzyd\u0142o 1 sta\u0142e<\/span><\/em><\/span><\/li><\/ul><\/div><\/div><\/div><div class=\"wpb_column vc_column_container vc_col-md-6\"><div class=\"vc_column-inner\"><div class=\"wpb_wrapper\"><div class=\"vc_row wpb_row vc_inner vc_row-fluid\"><div class=\"wpb_column vc_column_container vc_col-md-12\"><div class=\"vc_column-inner\"><div class=\"wpb_wrapper\">\n\t<div  class=\"wpb_single_image wpb_content_element vc_align_center wpb_content_element\">\n\t\t\n\t\t<figure class=\"wpb_wrapper vc_figure\">\n\t\t\t<div class=\"vc_single_image-wrapper vc_box_border  vc_box_border_grey\"><img loading=\"lazy\" decoding=\"async\" width=\"875\" height=\"1000\" src=\"https:\/\/zenaluminium.pl\/wp-content\/uploads\/2021\/07\/2_55-1.jpg\" class=\"vc_single_image-img attachment-full\" alt=\"\" title=\"2_55\" srcset=\"https:\/\/zenaluminium.pl\/wp-content\/uploads\/2021\/07\/2_55-1.jpg 875w, https:\/\/zenaluminium.pl\/wp-content\/uploads\/2021\/07\/2_55-1-263x300.jpg 263w, https:\/\/zenaluminium.pl\/wp-content\/uploads\/2021\/07\/2_55-1-768x878.jpg 768w\" sizes=\"auto, (max-width: 875px) 100vw, 875px\" \/><\/div>\n\t\t<\/figure>\n\t<\/div>\n<\/div><\/div><\/div><\/div><div class=\"vc_row wpb_row vc_inner vc_row-fluid\"><div class=\"wpb_column vc_column_container vc_col-md-4\"><div class=\"vc_column-inner\"><div class=\"wpb_wrapper\">\n\t<div  class=\"wpb_single_image wpb_content_element vc_align_center wpb_content_element\">\n\t\t\n\t\t<figure class=\"wpb_wrapper vc_figure\">\n\t\t\t<div class=\"vc_single_image-wrapper vc_box_border  vc_box_border_grey\"><img loading=\"lazy\" decoding=\"async\" width=\"875\" height=\"1000\" src=\"https:\/\/zenaluminium.pl\/wp-content\/uploads\/2021\/07\/2_55z-1.jpg\" class=\"vc_single_image-img attachment-full\" alt=\"\" title=\"2_55z\" srcset=\"https:\/\/zenaluminium.pl\/wp-content\/uploads\/2021\/07\/2_55z-1.jpg 875w, https:\/\/zenaluminium.pl\/wp-content\/uploads\/2021\/07\/2_55z-1-263x300.jpg 263w, https:\/\/zenaluminium.pl\/wp-content\/uploads\/2021\/07\/2_55z-1-768x878.jpg 768w\" sizes=\"auto, (max-width: 875px) 100vw, 875px\" \/><\/div>\n\t\t<\/figure>\n\t<\/div>\n<\/div><\/div><\/div><div class=\"wpb_column vc_column_container vc_col-md-4\"><div class=\"vc_column-inner\"><div class=\"wpb_wrapper\">\n\t<div  class=\"wpb_single_image wpb_content_element vc_align_center wpb_content_element\">\n\t\t\n\t\t<figure class=\"wpb_wrapper vc_figure\">\n\t\t\t<div class=\"vc_single_image-wrapper vc_box_border  vc_box_border_grey\"><img loading=\"lazy\" decoding=\"async\" width=\"875\" height=\"1000\" src=\"https:\/\/zenaluminium.pl\/wp-content\/uploads\/2021\/07\/2_55z33-1.jpg\" class=\"vc_single_image-img attachment-full\" alt=\"\" title=\"2_55z33\" srcset=\"https:\/\/zenaluminium.pl\/wp-content\/uploads\/2021\/07\/2_55z33-1.jpg 875w, https:\/\/zenaluminium.pl\/wp-content\/uploads\/2021\/07\/2_55z33-1-263x300.jpg 263w, https:\/\/zenaluminium.pl\/wp-content\/uploads\/2021\/07\/2_55z33-1-768x878.jpg 768w\" sizes=\"auto, (max-width: 875px) 100vw, 875px\" \/><\/div>\n\t\t<\/figure>\n\t<\/div>\n<\/div><\/div><\/div><div class=\"wpb_column vc_column_container vc_col-md-4\"><div class=\"vc_column-inner\"><div class=\"wpb_wrapper\">\n\t<div  class=\"wpb_single_image wpb_content_element vc_align_center wpb_content_element\">\n\t\t\n\t\t<figure class=\"wpb_wrapper vc_figure\">\n\t\t\t<div class=\"vc_single_image-wrapper vc_box_border  vc_box_border_grey\"><img loading=\"lazy\" decoding=\"async\" width=\"875\" height=\"1000\" src=\"https:\/\/zenaluminium.pl\/wp-content\/uploads\/2021\/07\/223-1.jpg\" class=\"vc_single_image-img attachment-full\" alt=\"\" title=\"223\" srcset=\"https:\/\/zenaluminium.pl\/wp-content\/uploads\/2021\/07\/223-1.jpg 875w, https:\/\/zenaluminium.pl\/wp-content\/uploads\/2021\/07\/223-1-263x300.jpg 263w, https:\/\/zenaluminium.pl\/wp-content\/uploads\/2021\/07\/223-1-768x878.jpg 768w\" sizes=\"auto, (max-width: 875px) 100vw, 875px\" \/><\/div>\n\t\t<\/figure>\n\t<\/div>\n<\/div><\/div><\/div><\/div><\/div><\/div><\/div><\/div><div class=\"vc_row wpb_row vc_row-fluid\"><div class=\"wpb_column vc_column_container vc_col-md-12\"><div class=\"vc_column-inner\"><div class=\"wpb_wrapper\">\n\t<div class=\"wpb_text_column wpb_content_element\" >\n\t\t<div class=\"wpb_wrapper\">\n\t\t\t<h3 style=\"text-align: center;\">ZOBACZ FILM PREZENTUJ\u0104CY MO\u017bLIWO\u015aCI SYSTEMU OKIEN PRZESUWNYCH COR VISION PLUS<\/h3>\n\n\t\t<\/div>\n\t<\/div>\n\n\t<div class=\"wpb_video_widget wpb_content_element vc_clearfix   vc_video-aspect-ratio-169 vc_video-el-width-100 vc_video-align-center\" >\n\t\t<div class=\"wpb_wrapper\">\n\t\t\t\n\t\t\t<div class=\"wpb_video_wrapper\"><iframe loading=\"lazy\" title=\"Cor Vision Plus (English version)\" width=\"500\" height=\"281\" src=\"https:\/\/www.youtube.com\/embed\/6f6WSVgOyuw?feature=oembed\" frameborder=\"0\" allow=\"accelerometer; autoplay; clipboard-write; encrypted-media; gyroscope; picture-in-picture; web-share\" referrerpolicy=\"strict-origin-when-cross-origin\" allowfullscreen><\/iframe><\/div>\n\t\t<\/div>\n\t<\/div>\n<\/div><\/div><\/div><\/div><div class=\"vc_row wpb_row vc_row-fluid\"><div class=\"wpb_column vc_column_container vc_col-md-12\"><div class=\"vc_column-inner\"><div class=\"wpb_wrapper\">\n\t<div class=\"wpb_text_column wpb_content_element\" >\n\t\t<div class=\"wpb_wrapper\">\n\t\t\t<p>[ratemypost]<\/p>\n\n\t\t<\/div>\n\t<\/div>\n<\/div><\/div><\/div><\/div>\n<\/div>","protected":false},"excerpt":{"rendered":"COR VISION PLUS - OKNA PRZESUWANE COR VISION PLUS jest produktem premium najwy\u017cszej jako\u015bci. System aluminiowy na bazie kt\u00f3rego mo\u017cna zbudowa\u0107 du\u017ce okna aluminiowe przesuwne. Dzi\u0119ki niemu tworzone s\u0105 ca\u0142e przeszklenia \u015bcian tzw. szklane \u015bciany a nawet ca\u0142e szklane domy. &hellip;","protected":false},"author":1,"featured_media":0,"parent":3338,"menu_order":0,"comment_status":"closed","ping_status":"closed","template":"","meta":{"footnotes":""},"class_list":["post-4086","page","type-page","status-publish","hentry"],"yoast_head":"<!-- This site is optimized with the Yoast SEO plugin v27.2 - https:\/\/yoast.com\/product\/yoast-seo-wordpress\/ -->\n<title>COR VISION PLUS - OKNA PRZESUWANE - Zen Aluminium - polski producent okien i drzwi z aluminium<\/title>\n<meta name=\"robots\" content=\"index, follow, max-snippet:-1, max-image-preview:large, max-video-preview:-1\" \/>\n<link rel=\"canonical\" href=\"https:\/\/zenaluminium.pl\/fr\/services\/systemes-de-fenetres-en-aluminium\/coulissant\/cor-vision-plus-fenetres-coulissantes\/\" \/>\n<meta property=\"og:locale\" content=\"fr_FR\" \/>\n<meta property=\"og:type\" content=\"article\" \/>\n<meta property=\"og:title\" content=\"COR VISION PLUS - OKNA PRZESUWANE - Zen Aluminium - polski producent okien i drzwi z aluminium\" \/>\n<meta property=\"og:url\" content=\"https:\/\/zenaluminium.pl\/fr\/services\/systemes-de-fenetres-en-aluminium\/coulissant\/cor-vision-plus-fenetres-coulissantes\/\" \/>\n<meta property=\"og:site_name\" content=\"Zen Aluminium - polski producent okien i drzwi z aluminium\" \/>\n<meta property=\"article:publisher\" content=\"http:\/\/fb.com\/zenaluminum\" \/>\n<meta property=\"article:modified_time\" content=\"2024-11-07T06:31:34+00:00\" \/>\n<meta name=\"twitter:card\" content=\"summary_large_image\" \/>\n<meta name=\"twitter:label1\" content=\"Dur\u00e9e de lecture estim\u00e9e\" \/>\n\t<meta name=\"twitter:data1\" content=\"4 minutes\" \/>\n<script type=\"application\/ld+json\" class=\"yoast-schema-graph\">{\"@context\":\"https:\/\/schema.org\",\"@graph\":[{\"@type\":\"WebPage\",\"@id\":\"https:\/\/zenaluminium.pl\/uslugi\/systemy-okienne-aluminiowe\/przesuwne\/cor-vision-plus-okna-przesuwane\/\",\"url\":\"https:\/\/zenaluminium.pl\/uslugi\/systemy-okienne-aluminiowe\/przesuwne\/cor-vision-plus-okna-przesuwane\/\",\"name\":\"COR VISION PLUS - OKNA PRZESUWANE - Zen Aluminium - polski producent okien i drzwi z aluminium\",\"isPartOf\":{\"@id\":\"https:\/\/zenaluminium.pl\/#website\"},\"datePublished\":\"2018-06-27T10:38:53+00:00\",\"dateModified\":\"2024-11-07T06:31:34+00:00\",\"breadcrumb\":{\"@id\":\"https:\/\/zenaluminium.pl\/uslugi\/systemy-okienne-aluminiowe\/przesuwne\/cor-vision-plus-okna-przesuwane\/#breadcrumb\"},\"inLanguage\":\"fr-FR\",\"potentialAction\":[{\"@type\":\"ReadAction\",\"target\":[\"https:\/\/zenaluminium.pl\/uslugi\/systemy-okienne-aluminiowe\/przesuwne\/cor-vision-plus-okna-przesuwane\/\"]}]},{\"@type\":\"BreadcrumbList\",\"@id\":\"https:\/\/zenaluminium.pl\/uslugi\/systemy-okienne-aluminiowe\/przesuwne\/cor-vision-plus-okna-przesuwane\/#breadcrumb\",\"itemListElement\":[{\"@type\":\"ListItem\",\"position\":1,\"name\":\"Home\",\"item\":\"https:\/\/zenaluminium.pl\/\"},{\"@type\":\"ListItem\",\"position\":2,\"name\":\"Stolarka aluminiowa\",\"item\":\"https:\/\/zenaluminium.pl\/uslugi\/\"},{\"@type\":\"ListItem\",\"position\":3,\"name\":\"OKNA ALUMINIOWE\",\"item\":\"https:\/\/zenaluminium.pl\/uslugi\/systemy-okienne-aluminiowe\/\"},{\"@type\":\"ListItem\",\"position\":4,\"name\":\"OKNA PRZESUWNE ALUMINIOWE\",\"item\":\"https:\/\/zenaluminium.pl\/uslugi\/systemy-okienne-aluminiowe\/przesuwne\/\"},{\"@type\":\"ListItem\",\"position\":5,\"name\":\"COR VISION PLUS &#8211; OKNA PRZESUWANE\"}]},{\"@type\":\"WebSite\",\"@id\":\"https:\/\/zenaluminium.pl\/#website\",\"url\":\"https:\/\/zenaluminium.pl\/\",\"name\":\"Zen Aluminium - polski producent okien i drzwi z aluminium\",\"description\":\"Stolarka okienna, fasady, ogrody zimowe, rozwi\u0105zania klasy premium\",\"potentialAction\":[{\"@type\":\"SearchAction\",\"target\":{\"@type\":\"EntryPoint\",\"urlTemplate\":\"https:\/\/zenaluminium.pl\/?s={search_term_string}\"},\"query-input\":{\"@type\":\"PropertyValueSpecification\",\"valueRequired\":true,\"valueName\":\"search_term_string\"}}],\"inLanguage\":\"fr-FR\"}]}<\/script>\n<!-- \/ Yoast SEO plugin. -->","yoast_head_json":{"title":"COR VISION PLUS - fen\u00eatres coulissantes - Zen Aluminium - fabricant polonais de fen\u00eatres et portes en aluminium","robots":{"index":"index","follow":"follow","max-snippet":"max-snippet:-1","max-image-preview":"max-image-preview:large","max-video-preview":"max-video-preview:-1"},"canonical":"https:\/\/zenaluminium.pl\/fr\/services\/systemes-de-fenetres-en-aluminium\/coulissant\/cor-vision-plus-fenetres-coulissantes\/","og_locale":"fr_FR","og_type":"article","og_title":"COR VISION PLUS - OKNA PRZESUWANE - Zen Aluminium - polski producent okien i drzwi z aluminium","og_url":"https:\/\/zenaluminium.pl\/fr\/services\/systemes-de-fenetres-en-aluminium\/coulissant\/cor-vision-plus-fenetres-coulissantes\/","og_site_name":"Zen Aluminium - polski producent okien i drzwi z aluminium","article_publisher":"http:\/\/fb.com\/zenaluminum","article_modified_time":"2024-11-07T06:31:34+00:00","twitter_card":"summary_large_image","twitter_misc":{"Dur\u00e9e de lecture estim\u00e9e":"4 minutes"},"schema":{"@context":"https:\/\/schema.org","@graph":[{"@type":"WebPage","@id":"https:\/\/zenaluminium.pl\/uslugi\/systemy-okienne-aluminiowe\/przesuwne\/cor-vision-plus-okna-przesuwane\/","url":"https:\/\/zenaluminium.pl\/uslugi\/systemy-okienne-aluminiowe\/przesuwne\/cor-vision-plus-okna-przesuwane\/","name":"COR VISION PLUS - fen\u00eatres coulissantes - Zen Aluminium - fabricant polonais de fen\u00eatres et portes en aluminium","isPartOf":{"@id":"https:\/\/zenaluminium.pl\/#website"},"datePublished":"2018-06-27T10:38:53+00:00","dateModified":"2024-11-07T06:31:34+00:00","breadcrumb":{"@id":"https:\/\/zenaluminium.pl\/uslugi\/systemy-okienne-aluminiowe\/przesuwne\/cor-vision-plus-okna-przesuwane\/#breadcrumb"},"inLanguage":"fr-FR","potentialAction":[{"@type":"ReadAction","target":["https:\/\/zenaluminium.pl\/uslugi\/systemy-okienne-aluminiowe\/przesuwne\/cor-vision-plus-okna-przesuwane\/"]}]},{"@type":"BreadcrumbList","@id":"https:\/\/zenaluminium.pl\/uslugi\/systemy-okienne-aluminiowe\/przesuwne\/cor-vision-plus-okna-przesuwane\/#breadcrumb","itemListElement":[{"@type":"ListItem","position":1,"name":"Home","item":"https:\/\/zenaluminium.pl\/"},{"@type":"ListItem","position":2,"name":"Stolarka aluminiowa","item":"https:\/\/zenaluminium.pl\/uslugi\/"},{"@type":"ListItem","position":3,"name":"OKNA ALUMINIOWE","item":"https:\/\/zenaluminium.pl\/uslugi\/systemy-okienne-aluminiowe\/"},{"@type":"ListItem","position":4,"name":"OKNA PRZESUWNE ALUMINIOWE","item":"https:\/\/zenaluminium.pl\/uslugi\/systemy-okienne-aluminiowe\/przesuwne\/"},{"@type":"ListItem","position":5,"name":"COR VISION PLUS &#8211; OKNA PRZESUWANE"}]},{"@type":"WebSite","@id":"https:\/\/zenaluminium.pl\/#website","url":"https:\/\/zenaluminium.pl\/","name":"Zen Aluminium - Fabricant polonais de fen\u00eatres et de portes en aluminium","description":"Menuiserie, fa\u00e7ades, v\u00e9randas, solutions haut de gamme","potentialAction":[{"@type":"SearchAction","target":{"@type":"EntryPoint","urlTemplate":"https:\/\/zenaluminium.pl\/?s={search_term_string}"},"query-input":{"@type":"PropertyValueSpecification","valueRequired":true,"valueName":"search_term_string"}}],"inLanguage":"fr-FR"}]}},"_links":{"self":[{"href":"https:\/\/zenaluminium.pl\/fr\/wp-json\/wp\/v2\/pages\/4086","targetHints":{"allow":["GET"]}}],"collection":[{"href":"https:\/\/zenaluminium.pl\/fr\/wp-json\/wp\/v2\/pages"}],"about":[{"href":"https:\/\/zenaluminium.pl\/fr\/wp-json\/wp\/v2\/types\/page"}],"author":[{"embeddable":true,"href":"https:\/\/zenaluminium.pl\/fr\/wp-json\/wp\/v2\/users\/1"}],"replies":[{"embeddable":true,"href":"https:\/\/zenaluminium.pl\/fr\/wp-json\/wp\/v2\/comments?post=4086"}],"version-history":[{"count":10,"href":"https:\/\/zenaluminium.pl\/fr\/wp-json\/wp\/v2\/pages\/4086\/revisions"}],"predecessor-version":[{"id":19087,"href":"https:\/\/zenaluminium.pl\/fr\/wp-json\/wp\/v2\/pages\/4086\/revisions\/19087"}],"up":[{"embeddable":true,"href":"https:\/\/zenaluminium.pl\/fr\/wp-json\/wp\/v2\/pages\/3338"}],"wp:attachment":[{"href":"https:\/\/zenaluminium.pl\/fr\/wp-json\/wp\/v2\/media?parent=4086"}],"curies":[{"name":"wp","href":"https:\/\/api.w.org\/{rel}","templated":true}]}}