{"id":4748,"date":"2019-02-21T11:33:57","date_gmt":"2019-02-21T11:33:57","guid":{"rendered":"https:\/\/zenaluminium.com\/?page_id=4748"},"modified":"2019-09-02T14:53:52","modified_gmt":"2019-09-02T13:53:52","slug":"clotures-aluminium","status":"publish","type":"page","link":"https:\/\/zenaluminium.pl\/fr\/uslugi\/ogrodzenia-aluminiowe\/","title":{"rendered":"Cl\u00f4tures en aluminium"},"content":{"rendered":"<div class=\"wpb-content-wrapper\"><div class=\"vc_row wpb_row vc_row-fluid\"><div class=\"wpb_column vc_column_container vc_col-md-12\"><div class=\"vc_column-inner\"><div class=\"wpb_wrapper\"><h1 class='heading-middle  style-1' ><span>Fabricant de cl\u00f4tures et de portails d'entr\u00e9e en aluminium<\/span><\/h1><\/div><\/div><\/div><\/div><div class=\"vc_row wpb_row vc_row-fluid\"><div class=\"wpb_column vc_column_container vc_col-md-8\"><div class=\"vc_column-inner\"><div class=\"wpb_wrapper\">\n\t<div class=\"wpb_text_column wpb_content_element\" >\n\t\t<div class=\"wpb_wrapper\">\n\t\t\t<h2><strong>CL\u00d4TURE MODERNE EN ALUMINIUM, comprenant : TRAV\u00c9ES, GUICHETS, PORTES<\/strong><\/h2>\n<p>Nos cl\u00f4tures en aluminium conf\u00e8rent \u00e0 votre propri\u00e9t\u00e9 un caract\u00e8re individuel et constituent un \u00e9l\u00e9ment d\u00e9coratif parfait. Elles sont principalement con\u00e7ues pour les b\u00e2timents modernes, mais elles donnent \u00e9galement un nouveau look aux b\u00e2timents plus anciens, tout en remplissant parfaitement leur fonction de base : assurer la s\u00e9curit\u00e9 et l'intimit\u00e9 de votre propri\u00e9t\u00e9.<\/p>\n<ul>\n<li>Avantages de nos cl\u00f4tures :<\/li>\n<li>Grande durabilit\u00e9<\/li>\n<li>Facile \u00e0 nettoyer<\/li>\n<li>Aucun entretien sp\u00e9cialis\u00e9 n'est n\u00e9cessaire<\/li>\n<li>Pas de corrosion<\/li>\n<li>Large gamme de finitions<\/li>\n<li>Laquage RAL, anodisation, finition grain de bois<\/li>\n<li>Rapidit\u00e9 et facilit\u00e9 de fabrication et d'assemblage<\/li>\n<li>Large \u00e9ventail de possibilit\u00e9s - combinaison de profil\u00e9s de diff\u00e9rentes couleurs<\/li>\n<li>Large gamme de profils de remplissage<\/li>\n<li>Un large \u00e9ventail de solutions personnalis\u00e9es<\/li>\n<li>Installation facile de l'automatisation<\/li>\n<li>Fonctionnement fiable et durable<\/li>\n<li>Grand confort d'utilisation<\/li>\n<li>Garantie pluriannuelle<\/li>\n<\/ul>\n\n\t\t<\/div>\n\t<\/div>\n<div class=\"vc_row wpb_row vc_inner vc_row-fluid\"><div class=\"wpb_column vc_column_container vc_col-md-4\"><div class=\"vc_column-inner\"><div class=\"wpb_wrapper\">\n\t<div class=\"wpb_text_column wpb_content_element\" >\n\t\t<div class=\"wpb_wrapper\">\n\t\t\t<p><strong>BAYE SLATTED<\/strong><\/p>\n\n\t\t<\/div>\n\t<\/div>\n\n\t<div  class=\"wpb_single_image wpb_content_element vc_align_left wpb_content_element\">\n\t\t\n\t\t<figure class=\"wpb_wrapper vc_figure\">\n\t\t\t<div class=\"vc_single_image-wrapper   vc_box_border_grey\"><img loading=\"lazy\" decoding=\"async\" width=\"300\" height=\"240\" src=\"https:\/\/zenaluminium.pl\/wp-content\/uploads\/2019\/02\/lamela-sta\u0142_szary-1-300x240.jpg\" class=\"vc_single_image-img attachment-medium\" alt=\"\" title=\"lamelle-gris-solide-1\" srcset=\"https:\/\/zenaluminium.pl\/wp-content\/uploads\/2019\/02\/lamela-sta\u0142_szary-1-300x240.jpg 300w, https:\/\/zenaluminium.pl\/wp-content\/uploads\/2019\/02\/lamela-sta\u0142_szary-1-1024x819.jpg 1024w, https:\/\/zenaluminium.pl\/wp-content\/uploads\/2019\/02\/lamela-sta\u0142_szary-1-768x614.jpg 768w, https:\/\/zenaluminium.pl\/wp-content\/uploads\/2019\/02\/lamela-sta\u0142_szary-1-1536x1229.jpg 1536w, https:\/\/zenaluminium.pl\/wp-content\/uploads\/2019\/02\/lamela-sta\u0142_szary-1-2048x1638.jpg 2048w\" sizes=\"auto, (max-width: 300px) 100vw, 300px\" \/><\/div>\n\t\t<\/figure>\n\t<\/div>\n<\/div><\/div><\/div><div class=\"wpb_column vc_column_container vc_col-md-4\"><div class=\"vc_column-inner\"><div class=\"wpb_wrapper\">\n\t<div class=\"wpb_text_column wpb_content_element\" >\n\t\t<div class=\"wpb_wrapper\">\n\t\t\t<p><strong>BAIE EN ALUMINIUM<\/strong><\/p>\n\n\t\t<\/div>\n\t<\/div>\n\n\t<div  class=\"wpb_single_image wpb_content_element vc_align_left wpb_content_element\">\n\t\t\n\t\t<figure class=\"wpb_wrapper vc_figure\">\n\t\t\t<div class=\"vc_single_image-wrapper   vc_box_border_grey\"><img loading=\"lazy\" decoding=\"async\" width=\"300\" height=\"240\" src=\"https:\/\/zenaluminium.pl\/wp-content\/uploads\/2019\/02\/Ogodzenia-1-300x240.jpg\" class=\"vc_single_image-img attachment-medium\" alt=\"\" title=\"Incendies-1\" srcset=\"https:\/\/zenaluminium.pl\/wp-content\/uploads\/2019\/02\/Ogodzenia-1-300x240.jpg 300w, https:\/\/zenaluminium.pl\/wp-content\/uploads\/2019\/02\/Ogodzenia-1-1024x819.jpg 1024w, https:\/\/zenaluminium.pl\/wp-content\/uploads\/2019\/02\/Ogodzenia-1-768x614.jpg 768w, https:\/\/zenaluminium.pl\/wp-content\/uploads\/2019\/02\/Ogodzenia-1-1536x1229.jpg 1536w, https:\/\/zenaluminium.pl\/wp-content\/uploads\/2019\/02\/Ogodzenia-1-2048x1638.jpg 2048w\" sizes=\"auto, (max-width: 300px) 100vw, 300px\" \/><\/div>\n\t\t<\/figure>\n\t<\/div>\n<\/div><\/div><\/div><div class=\"wpb_column vc_column_container vc_col-md-4\"><div class=\"vc_column-inner\"><div class=\"wpb_wrapper\"><\/div><\/div><\/div><\/div><\/div><\/div><\/div><div class=\"wpb_column vc_column_container vc_col-md-4\"><div class=\"vc_column-inner\"><div class=\"wpb_wrapper\">\n\t<div  class=\"wpb_single_image wpb_content_element vc_align_left wpb_content_element\">\n\t\t\n\t\t<figure class=\"wpb_wrapper vc_figure\">\n\t\t\t<div class=\"vc_single_image-wrapper   vc_box_border_grey\"><img loading=\"lazy\" decoding=\"async\" width=\"300\" height=\"225\" src=\"https:\/\/zenaluminium.pl\/wp-content\/uploads\/2019\/02\/ogrodzenia-aluminiowe-brama-300x225.jpg\" class=\"vc_single_image-img attachment-medium\" alt=\"\" title=\"cl\u00f4tures-portes en aluminium\" srcset=\"https:\/\/zenaluminium.pl\/wp-content\/uploads\/2019\/02\/ogrodzenia-aluminiowe-brama-300x225.jpg 300w, https:\/\/zenaluminium.pl\/wp-content\/uploads\/2019\/02\/ogrodzenia-aluminiowe-brama-1024x768.jpg 1024w, https:\/\/zenaluminium.pl\/wp-content\/uploads\/2019\/02\/ogrodzenia-aluminiowe-brama-768x576.jpg 768w, https:\/\/zenaluminium.pl\/wp-content\/uploads\/2019\/02\/ogrodzenia-aluminiowe-brama-1536x1152.jpg 1536w, https:\/\/zenaluminium.pl\/wp-content\/uploads\/2019\/02\/ogrodzenia-aluminiowe-brama-2048x1536.jpg 2048w, https:\/\/zenaluminium.pl\/wp-content\/uploads\/2019\/02\/ogrodzenia-aluminiowe-brama-280x210.jpg 280w\" sizes=\"auto, (max-width: 300px) 100vw, 300px\" \/><\/div>\n\t\t<\/figure>\n\t<\/div>\n\n\t<div  class=\"wpb_single_image wpb_content_element vc_align_left wpb_content_element\">\n\t\t\n\t\t<figure class=\"wpb_wrapper vc_figure\">\n\t\t\t<div class=\"vc_single_image-wrapper   vc_box_border_grey\"><img loading=\"lazy\" decoding=\"async\" width=\"300\" height=\"125\" src=\"https:\/\/zenaluminium.pl\/wp-content\/uploads\/2019\/02\/ogrodzenia-aluminiowe-przesla-300x125.jpg\" class=\"vc_single_image-img attachment-medium\" alt=\"\" title=\"cl\u00f4tures-aluminium- cl\u00f4tures\" srcset=\"https:\/\/zenaluminium.pl\/wp-content\/uploads\/2019\/02\/ogrodzenia-aluminiowe-przesla-300x125.jpg 300w, https:\/\/zenaluminium.pl\/wp-content\/uploads\/2019\/02\/ogrodzenia-aluminiowe-przesla-1024x426.jpg 1024w, https:\/\/zenaluminium.pl\/wp-content\/uploads\/2019\/02\/ogrodzenia-aluminiowe-przesla-768x319.jpg 768w, https:\/\/zenaluminium.pl\/wp-content\/uploads\/2019\/02\/ogrodzenia-aluminiowe-przesla-1536x639.jpg 1536w, https:\/\/zenaluminium.pl\/wp-content\/uploads\/2019\/02\/ogrodzenia-aluminiowe-przesla.jpg 1890w\" sizes=\"auto, (max-width: 300px) 100vw, 300px\" \/><\/div>\n\t\t<\/figure>\n\t<\/div>\n\n\t<div  class=\"wpb_single_image wpb_content_element vc_align_left wpb_content_element\">\n\t\t\n\t\t<figure class=\"wpb_wrapper vc_figure\">\n\t\t\t<div class=\"vc_single_image-wrapper   vc_box_border_grey\"><img loading=\"lazy\" decoding=\"async\" width=\"300\" height=\"169\" src=\"https:\/\/zenaluminium.pl\/wp-content\/uploads\/2019\/02\/ogrodzenia-plot-aluminiowy-300x169.jpeg\" class=\"vc_single_image-img attachment-medium\" alt=\"\" title=\"cl\u00f4tures-plane-aluminium\" srcset=\"https:\/\/zenaluminium.pl\/wp-content\/uploads\/2019\/02\/ogrodzenia-plot-aluminiowy-300x169.jpeg 300w, https:\/\/zenaluminium.pl\/wp-content\/uploads\/2019\/02\/ogrodzenia-plot-aluminiowy.jpeg 512w\" sizes=\"auto, (max-width: 300px) 100vw, 300px\" \/><\/div>\n\t\t<\/figure>\n\t<\/div>\n\n\t<div  class=\"wpb_single_image wpb_content_element vc_align_left wpb_content_element\">\n\t\t\n\t\t<figure class=\"wpb_wrapper vc_figure\">\n\t\t\t<div class=\"vc_single_image-wrapper   vc_box_border_grey\"><img loading=\"lazy\" decoding=\"async\" width=\"300\" height=\"223\" src=\"https:\/\/zenaluminium.pl\/wp-content\/uploads\/2019\/02\/ogrodzenie-drewnopodobne-aluminiowe-300x223.jpg\" class=\"vc_single_image-img attachment-medium\" alt=\"\" title=\"cl\u00f4ture-bois-aluminium\" srcset=\"https:\/\/zenaluminium.pl\/wp-content\/uploads\/2019\/02\/ogrodzenie-drewnopodobne-aluminiowe-300x223.jpg 300w, https:\/\/zenaluminium.pl\/wp-content\/uploads\/2019\/02\/ogrodzenie-drewnopodobne-aluminiowe-768x571.jpg 768w, https:\/\/zenaluminium.pl\/wp-content\/uploads\/2019\/02\/ogrodzenie-drewnopodobne-aluminiowe.jpg 875w\" sizes=\"auto, (max-width: 300px) 100vw, 300px\" \/><\/div>\n\t\t<\/figure>\n\t<\/div>\n<\/div><\/div><\/div><\/div>\n<\/div>","protected":false},"excerpt":{"rendered":"Fabricant de cl\u00f4tures en aluminium et de portails d'entr\u00e9e CL\u00d4TURES MODERNES EN ALUMINIUM, comprenant : CL\u00d4TURES, MURS, PORTAILS Nos cl\u00f4tures en aluminium vous permettront de donner \u00e0 votre propri\u00e9t\u00e9 un caract\u00e8re individuel, constituant un \u00e9l\u00e9ment d\u00e9coratif parfait. Elles sont destin\u00e9es en premier lieu aux installations modernes, mais aussi aux ...","protected":false},"author":1,"featured_media":0,"parent":3142,"menu_order":0,"comment_status":"closed","ping_status":"closed","template":"","meta":{"footnotes":""},"class_list":["post-4748","page","type-page","status-publish","hentry"],"yoast_head":"<!-- This site is optimized with the Yoast SEO plugin v27.2 - https:\/\/yoast.com\/product\/yoast-seo-wordpress\/ -->\n<title>NOWOCZESNE P\u0141OTY, OGRODZENIA, BRAMY Z ALUMINIUM<\/title>\n<meta name=\"description\" content=\"Nasze aluminiowe ogrodzenia, p\u0142oty i bramy pozwol\u0105 nada\u0107 Pa\u0144stwa posesji indywidualny charakter, stanowi\u0105c jej doskona\u0142y element dekoracyjny. Zapewniaj\u0105 bezpiecze\u0144stwo i prywatno\u015b\u0107 Pa\u0144stwa posesji.\" \/>\n<meta name=\"robots\" content=\"index, follow, max-snippet:-1, max-image-preview:large, max-video-preview:-1\" \/>\n<link rel=\"canonical\" href=\"https:\/\/zenaluminium.pl\/fr\/services\/clotures-aluminium\/\" \/>\n<meta property=\"og:locale\" content=\"fr_FR\" \/>\n<meta property=\"og:type\" content=\"article\" \/>\n<meta property=\"og:title\" content=\"NOWOCZESNE P\u0141OTY, OGRODZENIA, BRAMY Z ALUMINIUM\" \/>\n<meta property=\"og:description\" content=\"Nasze aluminiowe ogrodzenia, p\u0142oty i bramy pozwol\u0105 nada\u0107 Pa\u0144stwa posesji indywidualny charakter, stanowi\u0105c jej doskona\u0142y element dekoracyjny. Zapewniaj\u0105 bezpiecze\u0144stwo i prywatno\u015b\u0107 Pa\u0144stwa posesji.\" \/>\n<meta property=\"og:url\" content=\"https:\/\/zenaluminium.pl\/fr\/services\/clotures-aluminium\/\" \/>\n<meta property=\"og:site_name\" content=\"Zen Aluminium - polski producent okien i drzwi z aluminium\" \/>\n<meta property=\"article:publisher\" content=\"http:\/\/fb.com\/zenaluminum\" \/>\n<meta property=\"article:modified_time\" content=\"2019-09-02T13:53:52+00:00\" \/>\n<meta name=\"twitter:card\" content=\"summary_large_image\" \/>\n<meta name=\"twitter:label1\" content=\"Dur\u00e9e de lecture estim\u00e9e\" \/>\n\t<meta name=\"twitter:data1\" content=\"2 minutes\" \/>\n<script type=\"application\/ld+json\" class=\"yoast-schema-graph\">{\"@context\":\"https:\/\/schema.org\",\"@graph\":[{\"@type\":\"WebPage\",\"@id\":\"https:\/\/zenaluminium.pl\/uslugi\/ogrodzenia-aluminiowe\/\",\"url\":\"https:\/\/zenaluminium.pl\/uslugi\/ogrodzenia-aluminiowe\/\",\"name\":\"NOWOCZESNE P\u0141OTY, OGRODZENIA, BRAMY Z ALUMINIUM\",\"isPartOf\":{\"@id\":\"https:\/\/zenaluminium.pl\/#website\"},\"datePublished\":\"2019-02-21T11:33:57+00:00\",\"dateModified\":\"2019-09-02T13:53:52+00:00\",\"description\":\"Nasze aluminiowe ogrodzenia, p\u0142oty i bramy pozwol\u0105 nada\u0107 Pa\u0144stwa posesji indywidualny charakter, stanowi\u0105c jej doskona\u0142y element dekoracyjny. Zapewniaj\u0105 bezpiecze\u0144stwo i prywatno\u015b\u0107 Pa\u0144stwa posesji.\",\"breadcrumb\":{\"@id\":\"https:\/\/zenaluminium.pl\/uslugi\/ogrodzenia-aluminiowe\/#breadcrumb\"},\"inLanguage\":\"fr-FR\",\"potentialAction\":[{\"@type\":\"ReadAction\",\"target\":[\"https:\/\/zenaluminium.pl\/uslugi\/ogrodzenia-aluminiowe\/\"]}]},{\"@type\":\"BreadcrumbList\",\"@id\":\"https:\/\/zenaluminium.pl\/uslugi\/ogrodzenia-aluminiowe\/#breadcrumb\",\"itemListElement\":[{\"@type\":\"ListItem\",\"position\":1,\"name\":\"Home\",\"item\":\"https:\/\/zenaluminium.pl\/\"},{\"@type\":\"ListItem\",\"position\":2,\"name\":\"Stolarka aluminiowa\",\"item\":\"https:\/\/zenaluminium.pl\/uslugi\/\"},{\"@type\":\"ListItem\",\"position\":3,\"name\":\"Ogrodzenia aluminiowe\"}]},{\"@type\":\"WebSite\",\"@id\":\"https:\/\/zenaluminium.pl\/#website\",\"url\":\"https:\/\/zenaluminium.pl\/\",\"name\":\"Zen Aluminium - polski producent okien i drzwi z aluminium\",\"description\":\"Stolarka okienna, fasady, ogrody zimowe, rozwi\u0105zania klasy premium\",\"potentialAction\":[{\"@type\":\"SearchAction\",\"target\":{\"@type\":\"EntryPoint\",\"urlTemplate\":\"https:\/\/zenaluminium.pl\/?s={search_term_string}\"},\"query-input\":{\"@type\":\"PropertyValueSpecification\",\"valueRequired\":true,\"valueName\":\"search_term_string\"}}],\"inLanguage\":\"fr-FR\"}]}<\/script>\n<!-- \/ Yoast SEO plugin. -->","yoast_head_json":{"title":"CL\u00d4TURES, BARRI\u00c8RES ET PORTAILS MODERNES EN ALUMINIUM","description":"Nos cl\u00f4tures, barri\u00e8res et portails en aluminium vous permettront de donner \u00e0 votre propri\u00e9t\u00e9 un caract\u00e8re individuel, en lui apportant un \u00e9l\u00e9ment d\u00e9coratif parfait. Elles garantissent la s\u00e9curit\u00e9 et l'intimit\u00e9 de votre propri\u00e9t\u00e9.","robots":{"index":"index","follow":"follow","max-snippet":"max-snippet:-1","max-image-preview":"max-image-preview:large","max-video-preview":"max-video-preview:-1"},"canonical":"https:\/\/zenaluminium.pl\/fr\/services\/clotures-aluminium\/","og_locale":"fr_FR","og_type":"article","og_title":"NOWOCZESNE P\u0141OTY, OGRODZENIA, BRAMY Z ALUMINIUM","og_description":"Nasze aluminiowe ogrodzenia, p\u0142oty i bramy pozwol\u0105 nada\u0107 Pa\u0144stwa posesji indywidualny charakter, stanowi\u0105c jej doskona\u0142y element dekoracyjny. Zapewniaj\u0105 bezpiecze\u0144stwo i prywatno\u015b\u0107 Pa\u0144stwa posesji.","og_url":"https:\/\/zenaluminium.pl\/fr\/services\/clotures-aluminium\/","og_site_name":"Zen Aluminium - polski producent okien i drzwi z aluminium","article_publisher":"http:\/\/fb.com\/zenaluminum","article_modified_time":"2019-09-02T13:53:52+00:00","twitter_card":"summary_large_image","twitter_misc":{"Dur\u00e9e de lecture estim\u00e9e":"2 minutes"},"schema":{"@context":"https:\/\/schema.org","@graph":[{"@type":"WebPage","@id":"https:\/\/zenaluminium.pl\/uslugi\/ogrodzenia-aluminiowe\/","url":"https:\/\/zenaluminium.pl\/uslugi\/ogrodzenia-aluminiowe\/","name":"CL\u00d4TURES, BARRI\u00c8RES ET PORTAILS MODERNES EN ALUMINIUM","isPartOf":{"@id":"https:\/\/zenaluminium.pl\/#website"},"datePublished":"2019-02-21T11:33:57+00:00","dateModified":"2019-09-02T13:53:52+00:00","description":"Nos cl\u00f4tures, barri\u00e8res et portails en aluminium vous permettront de donner \u00e0 votre propri\u00e9t\u00e9 un caract\u00e8re individuel, en lui apportant un \u00e9l\u00e9ment d\u00e9coratif parfait. Elles garantissent la s\u00e9curit\u00e9 et l'intimit\u00e9 de votre propri\u00e9t\u00e9.","breadcrumb":{"@id":"https:\/\/zenaluminium.pl\/uslugi\/ogrodzenia-aluminiowe\/#breadcrumb"},"inLanguage":"fr-FR","potentialAction":[{"@type":"ReadAction","target":["https:\/\/zenaluminium.pl\/uslugi\/ogrodzenia-aluminiowe\/"]}]},{"@type":"BreadcrumbList","@id":"https:\/\/zenaluminium.pl\/uslugi\/ogrodzenia-aluminiowe\/#breadcrumb","itemListElement":[{"@type":"ListItem","position":1,"name":"Home","item":"https:\/\/zenaluminium.pl\/"},{"@type":"ListItem","position":2,"name":"Stolarka aluminiowa","item":"https:\/\/zenaluminium.pl\/uslugi\/"},{"@type":"ListItem","position":3,"name":"Ogrodzenia aluminiowe"}]},{"@type":"WebSite","@id":"https:\/\/zenaluminium.pl\/#website","url":"https:\/\/zenaluminium.pl\/","name":"Zen Aluminium - Fabricant polonais de fen\u00eatres et de portes en aluminium","description":"Menuiserie, fa\u00e7ades, v\u00e9randas, solutions haut de gamme","potentialAction":[{"@type":"SearchAction","target":{"@type":"EntryPoint","urlTemplate":"https:\/\/zenaluminium.pl\/?s={search_term_string}"},"query-input":{"@type":"PropertyValueSpecification","valueRequired":true,"valueName":"search_term_string"}}],"inLanguage":"fr-FR"}]}},"_links":{"self":[{"href":"https:\/\/zenaluminium.pl\/fr\/wp-json\/wp\/v2\/pages\/4748","targetHints":{"allow":["GET"]}}],"collection":[{"href":"https:\/\/zenaluminium.pl\/fr\/wp-json\/wp\/v2\/pages"}],"about":[{"href":"https:\/\/zenaluminium.pl\/fr\/wp-json\/wp\/v2\/types\/page"}],"author":[{"embeddable":true,"href":"https:\/\/zenaluminium.pl\/fr\/wp-json\/wp\/v2\/users\/1"}],"replies":[{"embeddable":true,"href":"https:\/\/zenaluminium.pl\/fr\/wp-json\/wp\/v2\/comments?post=4748"}],"version-history":[{"count":0,"href":"https:\/\/zenaluminium.pl\/fr\/wp-json\/wp\/v2\/pages\/4748\/revisions"}],"up":[{"embeddable":true,"href":"https:\/\/zenaluminium.pl\/fr\/wp-json\/wp\/v2\/pages\/3142"}],"wp:attachment":[{"href":"https:\/\/zenaluminium.pl\/fr\/wp-json\/wp\/v2\/media?parent=4748"}],"curies":[{"name":"wp","href":"https:\/\/api.w.org\/{rel}","templated":true}]}}