{"id":5965,"date":"2020-09-04T07:32:07","date_gmt":"2020-09-04T06:32:07","guid":{"rendered":"https:\/\/zenaluminium.com\/?page_id=5965"},"modified":"2024-11-07T07:37:28","modified_gmt":"2024-11-07T06:37:28","slug":"ponzio-sl1600tt-hi-slim","status":"publish","type":"page","link":"https:\/\/zenaluminium.pl\/fr\/uslugi\/systemy-okienne-aluminiowe\/przesuwne\/ponzio-sl1600tt-hi-slim\/","title":{"rendered":"PONZIO SL1600TT HI SLIM"},"content":{"rendered":"<div class=\"wpb-content-wrapper\"><div class=\"vc_row wpb_row vc_row-fluid\"><div class=\"wpb_column vc_column_container vc_col-md-6\"><div class=\"vc_column-inner\"><div class=\"wpb_wrapper\"><h1 class='heading-middle  style-1' ><span>SYSTEM OKIEN PRZESUWNYCH &#8211; PONZIO SL1600TT HI SLIM<\/span><\/h1><div class=\"vc_empty_space\"   style=\"height: 20px\"><span class=\"vc_empty_space_inner\"><\/span><\/div><div class=\"vc_row wpb_row vc_inner vc_row-fluid\"><div class=\"wpb_column vc_column_container vc_col-md-12\"><div class=\"vc_column-inner\"><div class=\"wpb_wrapper\">\n\t<div class=\"wpb_text_column wpb_content_element\" >\n\t\t<div class=\"wpb_wrapper\">\n\t\t\t<ul>\n<li style=\"font-size: 16px; text-align: justify;\">System podnoszono-przesuwny izolowany termicznie przeznaczony do wykonywania element\u00f3w zabudowy zewn\u0119trznej w wersji SLIM<\/li>\n<li>budowa profili pozwala na wykonywanie konstrukcji o du\u017cych gabarytach, nawet 8-skrzyd\u0142owych<\/li>\n<li>g\u0142\u0119boko\u015b\u0107 konstrukcyjna kszta\u0142townik\u00f3w wynosi 67 mm dla skrzyd\u0142a oraz 160 mm dla o\u015bcie\u017cnic 2-torowych, 247 mm dla o\u015bcie\u017cnic 3-torowych i 334 mm dla 4-torowych<\/li>\n<li>system pozwala na zastosowanie wype\u0142nie\u0144 o grubo\u015bci 12-49 mm<\/li>\n<li>cechuje go wysoka szczelno\u015b\u0107 na warunki atmosferyczne<\/li>\n<li>w zale\u017cno\u015bci od zastosowanych wk\u0142ad\u00f3w izolacyjnych posiada r\u00f3\u017cne warianty: SL1600 tt, SL 1600 tt +, SL 1600 tt HI<\/li>\n<li>mo\u017cliwo\u015b\u0107 wykonania drzwi z niskim progiem &#8211; brak barier architektonicznych<\/li>\n<li>po\u0142\u0105czenie naro\u017cne z ruchomym s\u0142upkiem<\/li>\n<li>maksymalny ud\u017awig w\u00f3zk\u00f3w w wersji standardowej do 300 kg, przy u\u017cyciu dodatkowych w\u00f3zk\u00f3w maksymalny ci\u0119\u017car skrzyd\u0142a 400 kg.<\/li>\n<li>mo\u017cliwo\u015b\u0107 zastosowania nap\u0119d\u00f3w automatycznych<\/li>\n<\/ul>\n\n\t\t<\/div>\n\t<\/div>\n<\/div><\/div><\/div><\/div><\/div><\/div><\/div><div class=\"wpb_column vc_column_container vc_col-md-6\"><div class=\"vc_column-inner\"><div class=\"wpb_wrapper\">\n\t<div  class=\"wpb_single_image wpb_content_element vc_align_center wpb_content_element\">\n\t\t\n\t\t<figure class=\"wpb_wrapper vc_figure\">\n\t\t\t<div class=\"vc_single_image-wrapper   vc_box_border_grey\"><img loading=\"lazy\" decoding=\"async\" data-vc-zoom=\"https:\/\/zenaluminium.pl\/wp-content\/uploads\/2020\/09\/PONZIO-SL1600HI-SLIM-PROFIL-1004x1024.jpg\" width=\"1162\" height=\"1185\" src=\"https:\/\/zenaluminium.pl\/wp-content\/uploads\/2020\/09\/PONZIO-SL1600HI-SLIM-PROFIL.jpg\" class=\"vc_single_image-img attachment-full\" alt=\"profil systemu ponzio SL 1600 HI SLIM wizualizacja przekr\u00f3j\" title=\"PONZIO SL1600HI SLIM PROFIL\" srcset=\"https:\/\/zenaluminium.pl\/wp-content\/uploads\/2020\/09\/PONZIO-SL1600HI-SLIM-PROFIL.jpg 1162w, https:\/\/zenaluminium.pl\/wp-content\/uploads\/2020\/09\/PONZIO-SL1600HI-SLIM-PROFIL-294x300.jpg 294w, https:\/\/zenaluminium.pl\/wp-content\/uploads\/2020\/09\/PONZIO-SL1600HI-SLIM-PROFIL-1004x1024.jpg 1004w, https:\/\/zenaluminium.pl\/wp-content\/uploads\/2020\/09\/PONZIO-SL1600HI-SLIM-PROFIL-768x783.jpg 768w\" sizes=\"auto, (max-width: 1162px) 100vw, 1162px\" \/><\/div>\n\t\t<\/figure>\n\t<\/div>\n<\/div><\/div><\/div><\/div><div class=\"vc_row wpb_row vc_row-fluid\"><div class=\"wpb_column vc_column_container vc_col-md-12\"><div class=\"vc_column-inner\"><div class=\"wpb_wrapper\">\n\t<div  class=\"wpb_single_image wpb_content_element vc_align_left wpb_content_element\">\n\t\t\n\t\t<figure class=\"wpb_wrapper vc_figure\">\n\t\t\t<div class=\"vc_single_image-wrapper   vc_box_border_grey\"><img loading=\"lazy\" decoding=\"async\" width=\"2276\" height=\"2329\" src=\"https:\/\/zenaluminium.pl\/wp-content\/uploads\/2020\/09\/PONZIO-SL1600HI-SLIM.jpg\" class=\"vc_single_image-img attachment-full\" alt=\"SL 1600 hi slim ponzio rysunek techniczny z wymiarami i opisem\" title=\"PONZIO SL1600HI SLIM opis techniczny\" srcset=\"https:\/\/zenaluminium.pl\/wp-content\/uploads\/2020\/09\/PONZIO-SL1600HI-SLIM.jpg 2276w, https:\/\/zenaluminium.pl\/wp-content\/uploads\/2020\/09\/PONZIO-SL1600HI-SLIM-293x300.jpg 293w, https:\/\/zenaluminium.pl\/wp-content\/uploads\/2020\/09\/PONZIO-SL1600HI-SLIM-1001x1024.jpg 1001w, https:\/\/zenaluminium.pl\/wp-content\/uploads\/2020\/09\/PONZIO-SL1600HI-SLIM-768x786.jpg 768w, https:\/\/zenaluminium.pl\/wp-content\/uploads\/2020\/09\/PONZIO-SL1600HI-SLIM-1501x1536.jpg 1501w, https:\/\/zenaluminium.pl\/wp-content\/uploads\/2020\/09\/PONZIO-SL1600HI-SLIM-2001x2048.jpg 2001w\" sizes=\"auto, (max-width: 2276px) 100vw, 2276px\" \/><\/div>\n\t\t<\/figure>\n\t<\/div>\n<\/div><\/div><\/div><\/div><div class=\"vc_row wpb_row vc_row-fluid\"><div class=\"wpb_column vc_column_container vc_col-md-12\"><div class=\"vc_column-inner\"><div class=\"wpb_wrapper\">\n\t<div class=\"wpb_text_column wpb_content_element\" >\n\t\t<div class=\"wpb_wrapper\">\n\t\t\t<p>[ratemypost]<\/p>\n\n\t\t<\/div>\n\t<\/div>\n<\/div><\/div><\/div><\/div>\n<\/div>","protected":false},"excerpt":{"rendered":"SYSTEM OKIEN PRZESUWNYCH - PONZIO SL1600TT HI SLIM System podnoszono-przesuwny izolowany termicznie przeznaczony do wykonywania element\u00f3w zabudowy zewn\u0119trznej w wersji SLIM budowa profili pozwala na wykonywanie konstrukcji o du\u017cych gabarytach, nawet 8-skrzyd\u0142owych g\u0142\u0119boko\u015b\u0107 konstrukcyjna kszta\u0142townik\u00f3w wynosi 67 mm dla skrzyd\u0142a &hellip;","protected":false},"author":1,"featured_media":0,"parent":3338,"menu_order":0,"comment_status":"closed","ping_status":"closed","template":"","meta":{"footnotes":""},"class_list":["post-5965","page","type-page","status-publish","hentry"],"yoast_head":"<!-- This site is optimized with the Yoast SEO plugin v27.2 - https:\/\/yoast.com\/product\/yoast-seo-wordpress\/ -->\n<title>PONZIO SL1600TT HI SLIM - Zen Aluminium - polski producent okien i drzwi z aluminium<\/title>\n<meta name=\"description\" content=\"PONZIO SL1600TT HI SLIM System podnoszono-przesuwny izolowany termicznie przeznaczony do wykonywania element\u00f3w zabudowy zewn\u0119trznej w wersji SLIM.\" \/>\n<meta name=\"robots\" content=\"index, follow, max-snippet:-1, max-image-preview:large, max-video-preview:-1\" \/>\n<link rel=\"canonical\" href=\"https:\/\/zenaluminium.pl\/fr\/services\/systemes-de-fenetres-en-aluminium\/coulissant\/ponzio-sl1600tt-hi-slim\/\" \/>\n<meta property=\"og:locale\" content=\"fr_FR\" \/>\n<meta property=\"og:type\" content=\"article\" \/>\n<meta property=\"og:title\" content=\"PONZIO SL1600TT HI SLIM - Zen Aluminium - polski producent okien i drzwi z aluminium\" \/>\n<meta property=\"og:description\" content=\"PONZIO SL1600TT HI SLIM System podnoszono-przesuwny izolowany termicznie przeznaczony do wykonywania element\u00f3w zabudowy zewn\u0119trznej w wersji SLIM.\" \/>\n<meta property=\"og:url\" content=\"https:\/\/zenaluminium.pl\/fr\/services\/systemes-de-fenetres-en-aluminium\/coulissant\/ponzio-sl1600tt-hi-slim\/\" \/>\n<meta property=\"og:site_name\" content=\"Zen Aluminium - polski producent okien i drzwi z aluminium\" \/>\n<meta property=\"article:publisher\" content=\"http:\/\/fb.com\/zenaluminum\" \/>\n<meta property=\"article:modified_time\" content=\"2024-11-07T06:37:28+00:00\" \/>\n<meta name=\"twitter:card\" content=\"summary_large_image\" \/>\n<meta name=\"twitter:label1\" content=\"Dur\u00e9e de lecture estim\u00e9e\" \/>\n\t<meta name=\"twitter:data1\" content=\"2 minutes\" \/>\n<script type=\"application\/ld+json\" class=\"yoast-schema-graph\">{\"@context\":\"https:\/\/schema.org\",\"@graph\":[{\"@type\":\"WebPage\",\"@id\":\"https:\/\/zenaluminium.pl\/uslugi\/systemy-okienne-aluminiowe\/przesuwne\/ponzio-sl1600tt-hi-slim\/\",\"url\":\"https:\/\/zenaluminium.pl\/uslugi\/systemy-okienne-aluminiowe\/przesuwne\/ponzio-sl1600tt-hi-slim\/\",\"name\":\"PONZIO SL1600TT HI SLIM - Zen Aluminium - polski producent okien i drzwi z aluminium\",\"isPartOf\":{\"@id\":\"https:\/\/zenaluminium.pl\/#website\"},\"datePublished\":\"2020-09-04T06:32:07+00:00\",\"dateModified\":\"2024-11-07T06:37:28+00:00\",\"description\":\"PONZIO SL1600TT HI SLIM System podnoszono-przesuwny izolowany termicznie przeznaczony do wykonywania element\u00f3w zabudowy zewn\u0119trznej w wersji SLIM.\",\"breadcrumb\":{\"@id\":\"https:\/\/zenaluminium.pl\/uslugi\/systemy-okienne-aluminiowe\/przesuwne\/ponzio-sl1600tt-hi-slim\/#breadcrumb\"},\"inLanguage\":\"fr-FR\",\"potentialAction\":[{\"@type\":\"ReadAction\",\"target\":[\"https:\/\/zenaluminium.pl\/uslugi\/systemy-okienne-aluminiowe\/przesuwne\/ponzio-sl1600tt-hi-slim\/\"]}]},{\"@type\":\"BreadcrumbList\",\"@id\":\"https:\/\/zenaluminium.pl\/uslugi\/systemy-okienne-aluminiowe\/przesuwne\/ponzio-sl1600tt-hi-slim\/#breadcrumb\",\"itemListElement\":[{\"@type\":\"ListItem\",\"position\":1,\"name\":\"Home\",\"item\":\"https:\/\/zenaluminium.pl\/\"},{\"@type\":\"ListItem\",\"position\":2,\"name\":\"Stolarka aluminiowa\",\"item\":\"https:\/\/zenaluminium.pl\/uslugi\/\"},{\"@type\":\"ListItem\",\"position\":3,\"name\":\"OKNA ALUMINIOWE\",\"item\":\"https:\/\/zenaluminium.pl\/uslugi\/systemy-okienne-aluminiowe\/\"},{\"@type\":\"ListItem\",\"position\":4,\"name\":\"OKNA PRZESUWNE ALUMINIOWE\",\"item\":\"https:\/\/zenaluminium.pl\/uslugi\/systemy-okienne-aluminiowe\/przesuwne\/\"},{\"@type\":\"ListItem\",\"position\":5,\"name\":\"PONZIO SL1600TT HI SLIM\"}]},{\"@type\":\"WebSite\",\"@id\":\"https:\/\/zenaluminium.pl\/#website\",\"url\":\"https:\/\/zenaluminium.pl\/\",\"name\":\"Zen Aluminium - polski producent okien i drzwi z aluminium\",\"description\":\"Stolarka okienna, fasady, ogrody zimowe, rozwi\u0105zania klasy premium\",\"potentialAction\":[{\"@type\":\"SearchAction\",\"target\":{\"@type\":\"EntryPoint\",\"urlTemplate\":\"https:\/\/zenaluminium.pl\/?s={search_term_string}\"},\"query-input\":{\"@type\":\"PropertyValueSpecification\",\"valueRequired\":true,\"valueName\":\"search_term_string\"}}],\"inLanguage\":\"fr-FR\"}]}<\/script>\n<!-- \/ Yoast SEO plugin. -->","yoast_head_json":{"title":"PONZIO SL1600TT HI SLIM - Zen Aluminium - Fabricant polonais de fen\u00eatres et portes en aluminium","description":"PONZIO SL1600TT HI SLIM Syst\u00e8me de levage et de coulissement \u00e0 isolation thermique con\u00e7u pour rendre plus \u00e9troits les \u00e9l\u00e9ments de construction ext\u00e9rieurs.","robots":{"index":"index","follow":"follow","max-snippet":"max-snippet:-1","max-image-preview":"max-image-preview:large","max-video-preview":"max-video-preview:-1"},"canonical":"https:\/\/zenaluminium.pl\/fr\/services\/systemes-de-fenetres-en-aluminium\/coulissant\/ponzio-sl1600tt-hi-slim\/","og_locale":"fr_FR","og_type":"article","og_title":"PONZIO SL1600TT HI SLIM - Zen Aluminium - polski producent okien i drzwi z aluminium","og_description":"PONZIO SL1600TT HI SLIM System podnoszono-przesuwny izolowany termicznie przeznaczony do wykonywania element\u00f3w zabudowy zewn\u0119trznej w wersji SLIM.","og_url":"https:\/\/zenaluminium.pl\/fr\/services\/systemes-de-fenetres-en-aluminium\/coulissant\/ponzio-sl1600tt-hi-slim\/","og_site_name":"Zen Aluminium - polski producent okien i drzwi z aluminium","article_publisher":"http:\/\/fb.com\/zenaluminum","article_modified_time":"2024-11-07T06:37:28+00:00","twitter_card":"summary_large_image","twitter_misc":{"Dur\u00e9e de lecture estim\u00e9e":"2 minutes"},"schema":{"@context":"https:\/\/schema.org","@graph":[{"@type":"WebPage","@id":"https:\/\/zenaluminium.pl\/uslugi\/systemy-okienne-aluminiowe\/przesuwne\/ponzio-sl1600tt-hi-slim\/","url":"https:\/\/zenaluminium.pl\/uslugi\/systemy-okienne-aluminiowe\/przesuwne\/ponzio-sl1600tt-hi-slim\/","name":"PONZIO SL1600TT HI SLIM - Zen Aluminium - Fabricant polonais de fen\u00eatres et portes en aluminium","isPartOf":{"@id":"https:\/\/zenaluminium.pl\/#website"},"datePublished":"2020-09-04T06:32:07+00:00","dateModified":"2024-11-07T06:37:28+00:00","description":"PONZIO SL1600TT HI SLIM Syst\u00e8me de levage et de coulissement \u00e0 isolation thermique con\u00e7u pour rendre plus \u00e9troits les \u00e9l\u00e9ments de construction ext\u00e9rieurs.","breadcrumb":{"@id":"https:\/\/zenaluminium.pl\/uslugi\/systemy-okienne-aluminiowe\/przesuwne\/ponzio-sl1600tt-hi-slim\/#breadcrumb"},"inLanguage":"fr-FR","potentialAction":[{"@type":"ReadAction","target":["https:\/\/zenaluminium.pl\/uslugi\/systemy-okienne-aluminiowe\/przesuwne\/ponzio-sl1600tt-hi-slim\/"]}]},{"@type":"BreadcrumbList","@id":"https:\/\/zenaluminium.pl\/uslugi\/systemy-okienne-aluminiowe\/przesuwne\/ponzio-sl1600tt-hi-slim\/#breadcrumb","itemListElement":[{"@type":"ListItem","position":1,"name":"Home","item":"https:\/\/zenaluminium.pl\/"},{"@type":"ListItem","position":2,"name":"Stolarka aluminiowa","item":"https:\/\/zenaluminium.pl\/uslugi\/"},{"@type":"ListItem","position":3,"name":"OKNA ALUMINIOWE","item":"https:\/\/zenaluminium.pl\/uslugi\/systemy-okienne-aluminiowe\/"},{"@type":"ListItem","position":4,"name":"OKNA PRZESUWNE ALUMINIOWE","item":"https:\/\/zenaluminium.pl\/uslugi\/systemy-okienne-aluminiowe\/przesuwne\/"},{"@type":"ListItem","position":5,"name":"PONZIO SL1600TT HI SLIM"}]},{"@type":"WebSite","@id":"https:\/\/zenaluminium.pl\/#website","url":"https:\/\/zenaluminium.pl\/","name":"Zen Aluminium - Fabricant polonais de fen\u00eatres et de portes en aluminium","description":"Menuiserie, fa\u00e7ades, v\u00e9randas, solutions haut de gamme","potentialAction":[{"@type":"SearchAction","target":{"@type":"EntryPoint","urlTemplate":"https:\/\/zenaluminium.pl\/?s={search_term_string}"},"query-input":{"@type":"PropertyValueSpecification","valueRequired":true,"valueName":"search_term_string"}}],"inLanguage":"fr-FR"}]}},"_links":{"self":[{"href":"https:\/\/zenaluminium.pl\/fr\/wp-json\/wp\/v2\/pages\/5965","targetHints":{"allow":["GET"]}}],"collection":[{"href":"https:\/\/zenaluminium.pl\/fr\/wp-json\/wp\/v2\/pages"}],"about":[{"href":"https:\/\/zenaluminium.pl\/fr\/wp-json\/wp\/v2\/types\/page"}],"author":[{"embeddable":true,"href":"https:\/\/zenaluminium.pl\/fr\/wp-json\/wp\/v2\/users\/1"}],"replies":[{"embeddable":true,"href":"https:\/\/zenaluminium.pl\/fr\/wp-json\/wp\/v2\/comments?post=5965"}],"version-history":[{"count":2,"href":"https:\/\/zenaluminium.pl\/fr\/wp-json\/wp\/v2\/pages\/5965\/revisions"}],"predecessor-version":[{"id":19095,"href":"https:\/\/zenaluminium.pl\/fr\/wp-json\/wp\/v2\/pages\/5965\/revisions\/19095"}],"up":[{"embeddable":true,"href":"https:\/\/zenaluminium.pl\/fr\/wp-json\/wp\/v2\/pages\/3338"}],"wp:attachment":[{"href":"https:\/\/zenaluminium.pl\/fr\/wp-json\/wp\/v2\/media?parent=5965"}],"curies":[{"name":"wp","href":"https:\/\/api.w.org\/{rel}","templated":true}]}}