{"id":6170,"date":"2020-09-30T13:19:34","date_gmt":"2020-09-30T12:19:34","guid":{"rendered":"https:\/\/zenaluminium.com\/?page_id=6170"},"modified":"2021-10-12T06:23:35","modified_gmt":"2021-10-12T05:23:35","slug":"ponzio-pe78nhi-drzwi","status":"publish","type":"page","link":"https:\/\/zenaluminium.pl\/fr\/uslugi\/systemy-drzwiowe-aluminiowe\/drzwi-klasyczne\/ponzio-pe78nhi-drzwi\/","title":{"rendered":"PONZIO PE78NHI DRZWI"},"content":{"rendered":"<div class=\"wpb-content-wrapper\"><div class=\"vc_row wpb_row vc_row-fluid\"><div class=\"wpb_column vc_column_container vc_col-md-6\"><div class=\"vc_column-inner\"><div class=\"wpb_wrapper\"><h1 class='heading-middle  style-1' ><span>SYSTEM DRZWIOWY PONZIO PE78NHI<\/span><\/h1><div class=\"vc_empty_space\"   style=\"height: 20px\"><span class=\"vc_empty_space_inner\"><\/span><\/div><div class=\"vc_row wpb_row vc_inner vc_row-fluid\"><div class=\"wpb_column vc_column_container vc_col-md-12\"><div class=\"vc_column-inner\"><div class=\"wpb_wrapper\">\n\t<div class=\"wpb_text_column wpb_content_element\" >\n\t\t<div class=\"wpb_wrapper\">\n\t\t\t<h2 style=\"font-size: 16px; text-align: justify;\">Trzykomorowy system izolowany termicznie przeznaczony do wykonywania konstrukcji drzwiowych.<\/h2>\n<h2 style=\"font-size: 16px; text-align: justify;\">G\u0142\u0119boko\u015b\u0107 konstrukcyjna kszta\u0142townik\u00f3w dla o\u015bcie\u017cnic wynosi 68 mm, a dla skrzyde\u0142 76 mm.<br \/>\nZoptymalizowana przek\u0142adka termiczna 32 mm oraz jedno- lub dwukomponentowa uszczelka centralna gwarantuj\u0105 uzyskanie wysokich parametr\u00f3w termicznych.<\/h2>\n<h2 style=\"font-size: 16px; text-align: justify;\">W wersji PE 68+ z zamkni\u0119ciem komory podszybowej Uf wynosi od 1,5 W\/m2K. Dzi\u0119ki modernizacji element\u00f3w uszczelniaj\u0105cych nie ma konieczno\u015bci stosowania okapnik\u00f3w, co poprawia estetyk\u0119 elewacji. Atutem systemu jest zastosowanie szerokiej gamy oku\u0107 oraz ich \u0142atwy monta\u017c. Trzykomorowa konstrukcja profili systemu Ponzio PE 68 zapewnia du\u017c\u0105 sztywno\u015b\u0107 kszta\u0142townik\u00f3w, a co za tym idzie umo\u017cliwia wykonywanie konstrukcji o du\u017cych gabarytach.<\/h2>\n\n\t\t<\/div>\n\t<\/div>\n\n\t<div class=\"wpb_video_widget wpb_content_element vc_clearfix   vc_video-aspect-ratio-169 vc_video-el-width-100 vc_video-align-left\" >\n\t\t<div class=\"wpb_wrapper\">\n\t\t\t\n\t\t\t<div class=\"wpb_video_wrapper\"><a href=\"https:\/\/www.youtube.com\/watch?time_continue=60&#038;v=7FihPa30dVY&#038;feature=emb_logo\">https:\/\/www.youtube.com\/watch?time_continue=60&#038;v=7FihPa30dVY&#038;feature=emb_logo<\/a><\/div>\n\t\t<\/div>\n\t<\/div>\n<\/div><\/div><\/div><\/div><ul class='list list-circle-check'><li><span style=\"color: #000000;\"><strong><span style=\"font-size: 18px;\">CHARAKTERYSTYKA<\/span><\/strong><\/span><\/p>\n<p style=\"padding-left: 40px;\"><span style=\"color: #000000;\">&#8211; konstrukcja profili wsp\u00f3\u0142p\u0142aszczyznowych (luz wr\u0119bowy &#8211; 18 mm)<br \/>\n&#8211; listwy przyszybowe do rowka w standardzie Euro<br \/>\n&#8211; profilowane przek\u0142adki termiczne o szeroko\u015bci 34 mm<br \/>\n&#8211; \u0142atwe po\u0142\u0105czenie drzwi z witryn\u0105 za pomoc\u0105 specjalnie zaprojektowanych, kompatybilnych profili<br \/>\n&#8211; skrzyd\u0142a drzwi zlicowane z o\u015bcie\u017cnic\u0105<br \/>\n&#8211; mo\u017cliwo\u015b\u0107 wykonywania konstrukcji o du\u017cych gabarytach<br \/>\n&#8211; wiele po\u0142\u0105cze\u0144 naro\u017cnych<br \/>\n&#8211; mo\u017cliwo\u015b\u0107 gi\u0119cia profili<br \/>\n&#8211; du\u017ca swoboda w doborze r\u00f3\u017cnego rodzaju oku\u0107<br \/>\n&#8211; r\u00f3\u017cne warianty izolacyjno\u015bci termicznej, w zale\u017cno\u015bci od zastosowanych wk\u0142ad\u00f3w izolacyjnych: PE78N+, PE78NHI, PE78NHI+<\/span><\/p>\n<p><\/li><li><span style=\"color: #000000;\"><strong><span style=\"font-size: 18px;\">KSZTA\u0141TOWNIKI ALUMINIOWE<\/span><\/strong><\/span><\/p>\n<p style=\"padding-left: 40px;\"><span style=\"color: #000000;\">EN AW-6060 wg PN-EN 573-3 stan T6 wg PN-EN 515 Al Mg Si 0,5 F22 wg norm DIN 1725 T1, DIN 17615 T1.<\/span><\/p>\n<p><\/li><li><span style=\"color: #000000;\"><strong><span style=\"font-size: 18px;\">USZCZELKI<\/span><\/strong><\/span><\/p>\n<p style=\"padding-left: 40px;\"><span style=\"color: #000000;\">Z kauczuku syntetycznego EPDM wg normy 7863 i normy wykonawczej wg ISO 3302-01, E2.<\/span><\/p>\n<p><\/li><li><span style=\"color: #000000;\"><strong><span style=\"font-size: 18px;\">G\u0141\u0118BOKO\u015a\u0106<\/span><\/strong><\/span><\/p>\n<p style=\"padding-left: 40px;\"><span style=\"color: #000000;\">O\u015bcie\u017cnicy i skrzyd\u0142a -78 mm<\/span><\/p>\n<p><\/li><li><span style=\"color: #000000;\"><strong><span style=\"font-size: 18px;\">MAKSYMALNE WYMIARY SKRZYD\u0141A<\/span><\/strong><\/span><\/p>\n<p style=\"padding-left: 40px;\"><span style=\"color: #000000;\">L 1400 x H 3000 mm<\/span><\/p>\n<p><\/li><li><span style=\"color: #000000;\"><strong><span style=\"font-size: 18px;\">MAKSYMALNA WAGA SKRZYD\u0141A<\/span><\/strong><\/span><\/p>\n<p style=\"padding-left: 40px;\"><span style=\"color: #000000;\">210 kg<\/span><\/p>\n<p><\/li><li><span style=\"color: #000000;\"><strong><span style=\"font-size: 18px;\">PRZEPUSZCZALNO\u015a\u0106 POWIETRZA<\/span><\/strong><\/span><\/p>\n<p style=\"padding-left: 40px;\"><span style=\"color: #000000;\">klasa 3<\/span><\/p>\n<p><\/li><li><span style=\"color: #000000;\"><strong><span style=\"font-size: 18px;\">WODOSZCZELNO\u015a\u0106<\/span><\/strong><\/span><\/p>\n<p style=\"padding-left: 40px;\"><span style=\"color: #000000;\">klasa 9A<\/span><\/p>\n<p><\/li><li><span style=\"color: #000000;\"><strong><span style=\"font-size: 18px;\">ODPORNO\u015a\u0106 NA OBCI\u0104\u017bENIE WIATRREM<\/span><\/strong><\/span><\/p>\n<p style=\"padding-left: 40px;\"><span style=\"color: #000000;\">klasa C2\/B3<\/span><\/p>\n<p><\/li><li><span style=\"color: #000000;\"><strong><span style=\"font-size: 18px;\">WYPE\u0141NIENIA<\/span><\/strong><\/span><\/p>\n<p style=\"padding-left: 40px;\"><span style=\"color: #000000;\">Szyby pojedyncze, zespolone lub panele nieprzezierne o grubo\u015bci: 17 &#8211; 61 mm.<\/span><\/p>\n<p><\/li><li><span style=\"color: #000000;\"><strong><span style=\"font-size: 18px;\">SPOSOBY WYKO\u0143CZENIA POWIERZCHNI<\/span><\/strong><\/span><\/p>\n<p style=\"padding-left: 40px;\"><span style=\"color: #000000;\">Malowanie proszkowe farbami poliestrowymi spe\u0142niaj\u0105ce wymogi Qualicoat, do wyboru kolory z palety RAL; anodowanie naturalne i w kolorach &#8211; spe\u0142niaj\u0105ce wymogi Qualanod; lakierowanie na \u201ekolor\u201d drewna &#8211; wyko\u0144czenie powierzchni spe\u0142nia wysokie wymagania antykorozyjne.<\/span><\/p>\n<p><\/li><li><span style=\"color: #000000;\"><strong><span style=\"font-size: 18px;\">IZOLACYJNO\u015a\u0106 TERMICZNA<\/span><\/strong><\/span><\/p>\n<p style=\"padding-left: 40px;\"><span style=\"color: #000000;\">U<sub>d<\/sub>\u00a0= 0,93 W\/m<sup>2<\/sup>K (obliczono dla drzwi: L 1230 x H 2180 mm, U<sub>g<\/sub>\u00a0= 0,5 W\/m<sup>2<\/sup>K, szyba dwukomorowa).<br \/>\ndla PE78N: U<sub>f<\/sub>\u00a0od 2,1 W\/m<sup>2<\/sup>K, dla PE78NHI: U<sub>f<\/sub>\u00a0od 1,5 W\/m<sup>2<\/sup>K<br \/>\ndla PE78N: U<sub>d<\/sub>\u00a0od 1,1 W\/m<sup>2<\/sup>K, dla PE78NHI: U<sub>d<\/sub>\u00a0od 0,93 W\/m<sup>2<\/sup>K<\/span><\/p>\n<p><\/li><li><span style=\"color: #000000;\"><strong><span style=\"font-size: 18px;\">ODPORNO\u015a\u0106 NA W\u0141AMANIE<\/span><\/strong><\/span><\/p>\n<p style=\"padding-left: 40px;\"><span style=\"color: #000000;\">Klasa RC2, RC3 wg PN &#8211; EN 1627.<\/span><\/p>\n<p><\/li><li><span style=\"color: #000000;\"><strong><span style=\"font-size: 18px;\">DOPUSZCZENIA I \u015aWIADECTWA JAKO\u015aCI<br \/>\n<\/span><\/strong><\/span><\/p>\n<p style=\"padding-left: 40px;\"><span style=\"color: #000000;\">Wst\u0119pne badania typu wg PN-EN 14351-1 + A1.<\/span><\/p>\n<p><\/li><\/ul><\/div><\/div><\/div><div class=\"wpb_column vc_column_container vc_col-md-6\"><div class=\"vc_column-inner\"><div class=\"wpb_wrapper\"><div class=\"wpb_gallery wpb_content_element vc_clearfix wpb_content_element\" ><div class=\"wpb_wrapper\"><div class=\"wpb_gallery_slides wpb_flexslider flexslider_fade flexslider\" data-interval=\"0\" data-flex_fx=\"fade\"><ul class=\"slides\"><li><a class=\"\" href=\"https:\/\/zenaluminium.pl\/wp-content\/uploads\/2020\/09\/parametry-ponzio-pe78-drzwi.jpg\" data-lightbox=\"lightbox[rel-6170-1733243475]\"><img loading=\"lazy\" decoding=\"async\" width=\"361\" height=\"653\" src=\"https:\/\/zenaluminium.pl\/wp-content\/uploads\/2020\/09\/parametry-ponzio-pe78-drzwi.jpg\" class=\"attachment-full\" alt=\"\" title=\"parametry ponzio pe78 drzwi\" srcset=\"https:\/\/zenaluminium.pl\/wp-content\/uploads\/2020\/09\/parametry-ponzio-pe78-drzwi.jpg 361w, https:\/\/zenaluminium.pl\/wp-content\/uploads\/2020\/09\/parametry-ponzio-pe78-drzwi-166x300.jpg 166w\" sizes=\"auto, (max-width: 361px) 100vw, 361px\" \/><\/a><\/li><li><a class=\"\" href=\"https:\/\/zenaluminium.pl\/wp-content\/uploads\/2020\/09\/PE78N_drzwi.jpg\" data-lightbox=\"lightbox[rel-6170-1733243475]\"><img loading=\"lazy\" decoding=\"async\" width=\"800\" height=\"800\" src=\"https:\/\/zenaluminium.pl\/wp-content\/uploads\/2020\/09\/PE78N_drzwi.jpg\" class=\"attachment-full\" alt=\"\" title=\"PE78N_drzwi\" srcset=\"https:\/\/zenaluminium.pl\/wp-content\/uploads\/2020\/09\/PE78N_drzwi.jpg 800w, https:\/\/zenaluminium.pl\/wp-content\/uploads\/2020\/09\/PE78N_drzwi-300x300.jpg 300w, https:\/\/zenaluminium.pl\/wp-content\/uploads\/2020\/09\/PE78N_drzwi-150x150.jpg 150w, https:\/\/zenaluminium.pl\/wp-content\/uploads\/2020\/09\/PE78N_drzwi-768x768.jpg 768w\" sizes=\"auto, (max-width: 800px) 100vw, 800px\" \/><\/a><\/li><\/ul><\/div><\/div><\/div>\n\t<div  class=\"wpb_single_image wpb_content_element vc_align_left wpb_content_element\">\n\t\t\n\t\t<figure class=\"wpb_wrapper vc_figure\">\n\t\t\t<div class=\"vc_single_image-wrapper   vc_box_border_grey\"><img loading=\"lazy\" decoding=\"async\" width=\"900\" height=\"702\" src=\"https:\/\/zenaluminium.pl\/wp-content\/uploads\/2020\/09\/PE78nhi_drzwi_przekroj-01.jpg\" class=\"vc_single_image-img attachment-full\" alt=\"\" title=\"Drukowanie\" srcset=\"https:\/\/zenaluminium.pl\/wp-content\/uploads\/2020\/09\/PE78nhi_drzwi_przekroj-01.jpg 900w, https:\/\/zenaluminium.pl\/wp-content\/uploads\/2020\/09\/PE78nhi_drzwi_przekroj-01-300x234.jpg 300w, https:\/\/zenaluminium.pl\/wp-content\/uploads\/2020\/09\/PE78nhi_drzwi_przekroj-01-768x599.jpg 768w, https:\/\/zenaluminium.pl\/wp-content\/uploads\/2020\/09\/PE78nhi_drzwi_przekroj-01-455x355.jpg 455w\" sizes=\"auto, (max-width: 900px) 100vw, 900px\" \/><\/div>\n\t\t<\/figure>\n\t<\/div>\n<div class=\"wpb_gallery wpb_content_element vc_clearfix wpb_content_element\" ><div class=\"wpb_wrapper\"><div class=\"wpb_gallery_slides wpb_slider_nivo theme-default\" data-interval=\"3\"><div class=\"nivoSlider\"><a class=\"\" href=\"https:\/\/zenaluminium.pl\/wp-content\/uploads\/2020\/09\/realizacja-w-bloku-drzwi-poznio-pe78nhi.jpg\" data-lightbox=\"lightbox[rel-6170-1511003896]\"><img loading=\"lazy\" decoding=\"async\" width=\"482\" height=\"351\" src=\"https:\/\/zenaluminium.pl\/wp-content\/uploads\/2020\/09\/realizacja-w-bloku-drzwi-poznio-pe78nhi.jpg\" class=\"attachment-full\" alt=\"\" title=\"realizacja w bloku drzwi poznio pe78nhi\" srcset=\"https:\/\/zenaluminium.pl\/wp-content\/uploads\/2020\/09\/realizacja-w-bloku-drzwi-poznio-pe78nhi.jpg 482w, https:\/\/zenaluminium.pl\/wp-content\/uploads\/2020\/09\/realizacja-w-bloku-drzwi-poznio-pe78nhi-300x218.jpg 300w\" sizes=\"auto, (max-width: 482px) 100vw, 482px\" \/><\/a><a class=\"\" href=\"https:\/\/zenaluminium.pl\/wp-content\/uploads\/2020\/09\/realizacja-w-centrum-handlowym-drzwi-poznio-pe78nhi.jpg\" data-lightbox=\"lightbox[rel-6170-1511003896]\"><img loading=\"lazy\" decoding=\"async\" width=\"402\" height=\"332\" src=\"https:\/\/zenaluminium.pl\/wp-content\/uploads\/2020\/09\/realizacja-w-centrum-handlowym-drzwi-poznio-pe78nhi.jpg\" class=\"attachment-full\" alt=\"\" title=\"realizacja w centrum handlowym drzwi poznio pe78nhi\" srcset=\"https:\/\/zenaluminium.pl\/wp-content\/uploads\/2020\/09\/realizacja-w-centrum-handlowym-drzwi-poznio-pe78nhi.jpg 402w, https:\/\/zenaluminium.pl\/wp-content\/uploads\/2020\/09\/realizacja-w-centrum-handlowym-drzwi-poznio-pe78nhi-300x248.jpg 300w\" sizes=\"auto, (max-width: 402px) 100vw, 402px\" \/><\/a><\/div><\/div><\/div><\/div><\/div><\/div><\/div><\/div><div class=\"vc_row wpb_row vc_row-fluid vc_custom_1601460420224 vc_row-has-fill\"><div class=\"wpb_column vc_column_container vc_col-md-12\"><div class=\"vc_column-inner\"><div class=\"wpb_wrapper\"><div class=\"download\"><div class='download-content text-uppercase' style='color: #000000'><i class='fa fas fa-file-pdf'><\/i> ULOTKA SYSTEMOWA PONZIO PE78NHI DRZWI I DRZWI P\u0141ASZCZOWE<\/div><a target='_self' href='https:\/\/zenaluminium.pl\/wp-content\/uploads\/2020\/10\/SYSTEM-DRZWIOWY-PONZIO-PE78NHI.pdf' class='btn btn-md btn-dark btn-shadow'><i class='fa fas fa-cloud-download-alt'><\/i> POBIERZ<\/a><\/div><\/div><\/div><\/div><\/div>\n<\/div>","protected":false},"excerpt":{"rendered":"SYST\u00c8ME DE PORTE PONZIO PE68NHI Syst\u00e8me \u00e0 trois chambres \u00e0 isolation thermique destin\u00e9 \u00e0 la r\u00e9alisation de structures de porte. La profondeur structurelle des sections est de 68 mm pour les cadres et de 76 mm pour les vantaux. Une rupture thermique optimis\u00e9e de 32 mm et un joint central \u00e0 un ou deux composants garantissent une ...","protected":false},"author":1,"featured_media":0,"parent":3120,"menu_order":0,"comment_status":"closed","ping_status":"closed","template":"","meta":{"footnotes":""},"class_list":["post-6170","page","type-page","status-publish","hentry"],"yoast_head":"<!-- This site is optimized with the Yoast SEO plugin v27.2 - https:\/\/yoast.com\/product\/yoast-seo-wordpress\/ -->\n<title>PONZIO PE78NHI DRZWI - Zen Aluminium - polski producent okien i drzwi z aluminium<\/title>\n<meta name=\"description\" content=\"Trzykomorowy system izolowany termicznie przeznaczony do wykonywania konstrukcji drzwiowych. G\u0142\u0119boko\u015b\u0107 konstrukcyjna kszta\u0142townik\u00f3w dla o\u015bcie\u017cnic wynosi 68 mm, a dla skrzyde\u0142 76 mm.\" \/>\n<meta name=\"robots\" content=\"index, follow, max-snippet:-1, max-image-preview:large, max-video-preview:-1\" \/>\n<link rel=\"canonical\" href=\"https:\/\/zenaluminium.pl\/fr\/services\/systemes-de-portes-en-aluminium\/porte-classique\/ponzio-pe78nhi-drzwi\/\" \/>\n<meta property=\"og:locale\" content=\"fr_FR\" \/>\n<meta property=\"og:type\" content=\"article\" \/>\n<meta property=\"og:title\" content=\"PONZIO PE78NHI DRZWI - Zen Aluminium - polski producent okien i drzwi z aluminium\" \/>\n<meta property=\"og:description\" content=\"Trzykomorowy system izolowany termicznie przeznaczony do wykonywania konstrukcji drzwiowych. G\u0142\u0119boko\u015b\u0107 konstrukcyjna kszta\u0142townik\u00f3w dla o\u015bcie\u017cnic wynosi 68 mm, a dla skrzyde\u0142 76 mm.\" \/>\n<meta property=\"og:url\" content=\"https:\/\/zenaluminium.pl\/fr\/services\/systemes-de-portes-en-aluminium\/porte-classique\/ponzio-pe78nhi-drzwi\/\" \/>\n<meta property=\"og:site_name\" content=\"Zen Aluminium - polski producent okien i drzwi z aluminium\" \/>\n<meta property=\"article:publisher\" content=\"http:\/\/fb.com\/zenaluminum\" \/>\n<meta property=\"article:modified_time\" content=\"2021-10-12T05:23:35+00:00\" \/>\n<meta name=\"twitter:card\" content=\"summary_large_image\" \/>\n<meta name=\"twitter:label1\" content=\"Dur\u00e9e de lecture estim\u00e9e\" \/>\n\t<meta name=\"twitter:data1\" content=\"2 minutes\" \/>\n<script type=\"application\/ld+json\" class=\"yoast-schema-graph\">{\"@context\":\"https:\/\/schema.org\",\"@graph\":[{\"@type\":\"WebPage\",\"@id\":\"https:\/\/zenaluminium.pl\/uslugi\/systemy-drzwiowe-aluminiowe\/drzwi-klasyczne\/ponzio-pe78nhi-drzwi\/\",\"url\":\"https:\/\/zenaluminium.pl\/uslugi\/systemy-drzwiowe-aluminiowe\/drzwi-klasyczne\/ponzio-pe78nhi-drzwi\/\",\"name\":\"PONZIO PE78NHI DRZWI - Zen Aluminium - polski producent okien i drzwi z aluminium\",\"isPartOf\":{\"@id\":\"https:\/\/zenaluminium.pl\/#website\"},\"datePublished\":\"2020-09-30T12:19:34+00:00\",\"dateModified\":\"2021-10-12T05:23:35+00:00\",\"description\":\"Trzykomorowy system izolowany termicznie przeznaczony do wykonywania konstrukcji drzwiowych. G\u0142\u0119boko\u015b\u0107 konstrukcyjna kszta\u0142townik\u00f3w dla o\u015bcie\u017cnic wynosi 68 mm, a dla skrzyde\u0142 76 mm.\",\"breadcrumb\":{\"@id\":\"https:\/\/zenaluminium.pl\/uslugi\/systemy-drzwiowe-aluminiowe\/drzwi-klasyczne\/ponzio-pe78nhi-drzwi\/#breadcrumb\"},\"inLanguage\":\"fr-FR\",\"potentialAction\":[{\"@type\":\"ReadAction\",\"target\":[\"https:\/\/zenaluminium.pl\/uslugi\/systemy-drzwiowe-aluminiowe\/drzwi-klasyczne\/ponzio-pe78nhi-drzwi\/\"]}]},{\"@type\":\"BreadcrumbList\",\"@id\":\"https:\/\/zenaluminium.pl\/uslugi\/systemy-drzwiowe-aluminiowe\/drzwi-klasyczne\/ponzio-pe78nhi-drzwi\/#breadcrumb\",\"itemListElement\":[{\"@type\":\"ListItem\",\"position\":1,\"name\":\"Home\",\"item\":\"https:\/\/zenaluminium.pl\/\"},{\"@type\":\"ListItem\",\"position\":2,\"name\":\"Stolarka aluminiowa\",\"item\":\"https:\/\/zenaluminium.pl\/uslugi\/\"},{\"@type\":\"ListItem\",\"position\":3,\"name\":\"SYSTEMY DRZWIOWE\",\"item\":\"https:\/\/zenaluminium.pl\/uslugi\/systemy-drzwiowe-aluminiowe\/\"},{\"@type\":\"ListItem\",\"position\":4,\"name\":\"DRZWI ALUMINIOWE ZEWN\u0118TRZNE I WEWN\u0118TRZNE\",\"item\":\"https:\/\/zenaluminium.pl\/uslugi\/systemy-drzwiowe-aluminiowe\/drzwi-klasyczne\/\"},{\"@type\":\"ListItem\",\"position\":5,\"name\":\"PONZIO PE78NHI DRZWI\"}]},{\"@type\":\"WebSite\",\"@id\":\"https:\/\/zenaluminium.pl\/#website\",\"url\":\"https:\/\/zenaluminium.pl\/\",\"name\":\"Zen Aluminium - polski producent okien i drzwi z aluminium\",\"description\":\"Stolarka okienna, fasady, ogrody zimowe, rozwi\u0105zania klasy premium\",\"potentialAction\":[{\"@type\":\"SearchAction\",\"target\":{\"@type\":\"EntryPoint\",\"urlTemplate\":\"https:\/\/zenaluminium.pl\/?s={search_term_string}\"},\"query-input\":{\"@type\":\"PropertyValueSpecification\",\"valueRequired\":true,\"valueName\":\"search_term_string\"}}],\"inLanguage\":\"fr-FR\"}]}<\/script>\n<!-- \/ Yoast SEO plugin. -->","yoast_head_json":{"title":"PONZIO PE78NHI DRZWI - Zen Aluminium - polski producent okien i drzwi z aluminium","description":"Trzykomorowy system izolowany termicznie przeznaczony do wykonywania konstrukcji drzwiowych. G\u0142\u0119boko\u015b\u0107 konstrukcyjna kszta\u0142townik\u00f3w dla o\u015bcie\u017cnic wynosi 68 mm, a dla skrzyde\u0142 76 mm.","robots":{"index":"index","follow":"follow","max-snippet":"max-snippet:-1","max-image-preview":"max-image-preview:large","max-video-preview":"max-video-preview:-1"},"canonical":"https:\/\/zenaluminium.pl\/fr\/services\/systemes-de-portes-en-aluminium\/porte-classique\/ponzio-pe78nhi-drzwi\/","og_locale":"fr_FR","og_type":"article","og_title":"PONZIO PE78NHI DRZWI - Zen Aluminium - polski producent okien i drzwi z aluminium","og_description":"Trzykomorowy system izolowany termicznie przeznaczony do wykonywania konstrukcji drzwiowych. G\u0142\u0119boko\u015b\u0107 konstrukcyjna kszta\u0142townik\u00f3w dla o\u015bcie\u017cnic wynosi 68 mm, a dla skrzyde\u0142 76 mm.","og_url":"https:\/\/zenaluminium.pl\/fr\/services\/systemes-de-portes-en-aluminium\/porte-classique\/ponzio-pe78nhi-drzwi\/","og_site_name":"Zen Aluminium - polski producent okien i drzwi z aluminium","article_publisher":"http:\/\/fb.com\/zenaluminum","article_modified_time":"2021-10-12T05:23:35+00:00","twitter_card":"summary_large_image","twitter_misc":{"Dur\u00e9e de lecture estim\u00e9e":"2 minutes"},"schema":{"@context":"https:\/\/schema.org","@graph":[{"@type":"WebPage","@id":"https:\/\/zenaluminium.pl\/uslugi\/systemy-drzwiowe-aluminiowe\/drzwi-klasyczne\/ponzio-pe78nhi-drzwi\/","url":"https:\/\/zenaluminium.pl\/uslugi\/systemy-drzwiowe-aluminiowe\/drzwi-klasyczne\/ponzio-pe78nhi-drzwi\/","name":"PONZIO PE78NHI DRZWI - Zen Aluminium - polski producent okien i drzwi z aluminium","isPartOf":{"@id":"https:\/\/zenaluminium.pl\/#website"},"datePublished":"2020-09-30T12:19:34+00:00","dateModified":"2021-10-12T05:23:35+00:00","description":"Trzykomorowy system izolowany termicznie przeznaczony do wykonywania konstrukcji drzwiowych. G\u0142\u0119boko\u015b\u0107 konstrukcyjna kszta\u0142townik\u00f3w dla o\u015bcie\u017cnic wynosi 68 mm, a dla skrzyde\u0142 76 mm.","breadcrumb":{"@id":"https:\/\/zenaluminium.pl\/uslugi\/systemy-drzwiowe-aluminiowe\/drzwi-klasyczne\/ponzio-pe78nhi-drzwi\/#breadcrumb"},"inLanguage":"fr-FR","potentialAction":[{"@type":"ReadAction","target":["https:\/\/zenaluminium.pl\/uslugi\/systemy-drzwiowe-aluminiowe\/drzwi-klasyczne\/ponzio-pe78nhi-drzwi\/"]}]},{"@type":"BreadcrumbList","@id":"https:\/\/zenaluminium.pl\/uslugi\/systemy-drzwiowe-aluminiowe\/drzwi-klasyczne\/ponzio-pe78nhi-drzwi\/#breadcrumb","itemListElement":[{"@type":"ListItem","position":1,"name":"Home","item":"https:\/\/zenaluminium.pl\/"},{"@type":"ListItem","position":2,"name":"Stolarka aluminiowa","item":"https:\/\/zenaluminium.pl\/uslugi\/"},{"@type":"ListItem","position":3,"name":"SYSTEMY DRZWIOWE","item":"https:\/\/zenaluminium.pl\/uslugi\/systemy-drzwiowe-aluminiowe\/"},{"@type":"ListItem","position":4,"name":"DRZWI ALUMINIOWE ZEWN\u0118TRZNE I WEWN\u0118TRZNE","item":"https:\/\/zenaluminium.pl\/uslugi\/systemy-drzwiowe-aluminiowe\/drzwi-klasyczne\/"},{"@type":"ListItem","position":5,"name":"PONZIO PE78NHI DRZWI"}]},{"@type":"WebSite","@id":"https:\/\/zenaluminium.pl\/#website","url":"https:\/\/zenaluminium.pl\/","name":"Zen Aluminium - Fabricant polonais de fen\u00eatres et de portes en aluminium","description":"Menuiserie, fa\u00e7ades, v\u00e9randas, solutions haut de gamme","potentialAction":[{"@type":"SearchAction","target":{"@type":"EntryPoint","urlTemplate":"https:\/\/zenaluminium.pl\/?s={search_term_string}"},"query-input":{"@type":"PropertyValueSpecification","valueRequired":true,"valueName":"search_term_string"}}],"inLanguage":"fr-FR"}]}},"_links":{"self":[{"href":"https:\/\/zenaluminium.pl\/fr\/wp-json\/wp\/v2\/pages\/6170","targetHints":{"allow":["GET"]}}],"collection":[{"href":"https:\/\/zenaluminium.pl\/fr\/wp-json\/wp\/v2\/pages"}],"about":[{"href":"https:\/\/zenaluminium.pl\/fr\/wp-json\/wp\/v2\/types\/page"}],"author":[{"embeddable":true,"href":"https:\/\/zenaluminium.pl\/fr\/wp-json\/wp\/v2\/users\/1"}],"replies":[{"embeddable":true,"href":"https:\/\/zenaluminium.pl\/fr\/wp-json\/wp\/v2\/comments?post=6170"}],"version-history":[{"count":1,"href":"https:\/\/zenaluminium.pl\/fr\/wp-json\/wp\/v2\/pages\/6170\/revisions"}],"predecessor-version":[{"id":9212,"href":"https:\/\/zenaluminium.pl\/fr\/wp-json\/wp\/v2\/pages\/6170\/revisions\/9212"}],"up":[{"embeddable":true,"href":"https:\/\/zenaluminium.pl\/fr\/wp-json\/wp\/v2\/pages\/3120"}],"wp:attachment":[{"href":"https:\/\/zenaluminium.pl\/fr\/wp-json\/wp\/v2\/media?parent=6170"}],"curies":[{"name":"wp","href":"https:\/\/api.w.org\/{rel}","templated":true}]}}