{"id":6223,"date":"2020-10-05T09:07:44","date_gmt":"2020-10-05T08:07:44","guid":{"rendered":"https:\/\/zenaluminium.com\/?page_id=6223"},"modified":"2021-10-12T06:24:11","modified_gmt":"2021-10-12T05:24:11","slug":"ponzio-pe78n-slim-industriel","status":"publish","type":"page","link":"https:\/\/zenaluminium.pl\/fr\/uslugi\/systemy-okienne-aluminiowe\/okna-zawiasowe\/ponzio-pe78n-slim-industrial\/","title":{"rendered":"PONZIO PE78N SLIM INDUSTRIAL"},"content":{"rendered":"<div class=\"wpb-content-wrapper\"><div class=\"vc_row wpb_row vc_row-fluid\"><div class=\"wpb_column vc_column_container vc_col-md-6\"><div class=\"vc_column-inner\"><div class=\"wpb_wrapper\"><h1 class='heading-middle  style-1' ><span>PONZIO PE78N SLIM INDUSTRIAL<\/span><\/h1><div class=\"vc_empty_space\"   style=\"height: 20px\"><span class=\"vc_empty_space_inner\"><\/span><\/div><div class=\"vc_row wpb_row vc_inner vc_row-fluid\"><div class=\"wpb_column vc_column_container vc_col-md-12\"><div class=\"vc_column-inner\"><div class=\"wpb_wrapper\">\n\t<div class=\"wpb_text_column wpb_content_element\" >\n\t\t<div class=\"wpb_wrapper\">\n\t\t\t<h2 style=\"font-size: 16px; text-align: justify;\">System o trzykomorowej konstrukcji profili z rowkiem okuciowym w standardzie Euro. Jest to odpowiednik belgijskiego systemu industrialnego przeznaczonego do kamienic, budynk\u00f3w u\u017cyteczno\u015bci publicznej, czy retro stylowych zabud\u00f3w. \u015awietnie sprawdza si\u0119 przy renowacji stolarki aluminiowej w obiektach wymagaj\u0105cych zachowania stylu i parametr\u00f3w okien.<\/h2>\n\n\t\t<\/div>\n\t<\/div>\n<\/div><\/div><\/div><\/div><ul class='list list-circle-check'><li><span style=\"color: #000000;\"><strong><span style=\"font-size: 18px;\">CHARAKTERYSTYKA<\/span><\/strong><\/span><\/p>\n<p style=\"font-size: 16px; text-align: justify;\"><span style=\"color: #000000;\">&#8211; system PE78N slim industrial jest rozszerzeniem systemu <a href=\"https:\/\/zenaluminium.pl\/uslugi\/systemy-okienne-aluminiowe\/okna-zawiasowe\/ponzio-pe78n-slim-okna\/\">PE78N SLIM<\/a> kt\u00f3ry zosta\u0142 zaprojektowany z my\u015bl\u0105 o estetycznych wn\u0119trzach z du\u017cymi przeszkleniami<\/span><br \/>\n<span style=\"color: #000000;\">&#8211; s\u0142upek ruchomy o szeroko\u015bci 90 mm doskonale wpisuje si\u0119 w charakter systemu<\/span><br \/>\n<span style=\"color: #000000;\">&#8211; industrialny wygl\u0105d okna \u015bwietnie komponuje si\u0119 z loftowymi wn\u0119trzami<\/span><br \/>\n<span style=\"color: #000000;\">&#8211; r\u00f3\u017cne warianty izolacyjno\u015bci termicznej, w zale\u017cno\u015bci od zastosowanych wk\u0142ad\u00f3w termicznych: PE78N, PE78N+, PE78NHI<\/span><\/p>\n<p><\/li><li><span style=\"color: #000000;\"><strong><span style=\"font-size: 18px;\">GRUBO\u015a\u0106 WYPE\u0141NIENIA<\/span><\/strong><\/span><\/p>\n<p style=\"padding-left: 40px;\"><span style=\"color: #000000;\">O\u015bcie\u017cnica &#8211; 17mm &#8211; 61 mm<br \/>\nSkrzyd\u0142o 26mm &#8211; 62 mm<\/span><\/p>\n<p><\/li><li><span style=\"color: #000000;\"><strong><span style=\"font-size: 18px;\">G\u0141\u0118BOKO\u015a\u0106 O\u015aCIE\u017bNICY<\/span><\/strong><\/span><\/p>\n<p style=\"padding-left: 40px;\"><span style=\"color: #000000;\">100 mm<\/span><\/p>\n<p><\/li><li><span style=\"color: #000000;\"><strong><span style=\"font-size: 18px;\">G\u0141\u0118BOKO\u015a\u0106 SKRZYD\u0141A<\/span><\/strong><\/span><\/p>\n<p style=\"padding-left: 40px;\"><span style=\"color: #000000;\">108 mm<\/span><\/p>\n<p><\/li><li><span style=\"color: #000000;\"><strong><span style=\"font-size: 18px;\">MAKSYMALNE WYMIARY SKRZYD\u0141A<\/span><\/strong><\/span><\/p>\n<p style=\"padding-left: 40px;\"><span style=\"color: #000000;\">L 1000 x H 3000 mm<br \/>\nL 1500 x H 1700 mm<br \/>\n<\/span><\/p>\n<p><\/li><li><span style=\"color: #000000;\"><strong><span style=\"font-size: 18px;\">MAKSYMALNA WAGA SKRZYD\u0141A<\/span><\/strong><\/span><\/p>\n<p style=\"padding-left: 40px;\"><span style=\"color: #000000;\">180 kg<\/span><\/p>\n<p><\/li><li><span style=\"color: #000000;\"><strong><span style=\"font-size: 18px;\">PRZEPUSZCZALNO\u015aC POWIETRZA<\/span><\/strong><\/span><\/p>\n<p style=\"padding-left: 40px;\"><span style=\"color: #000000;\">Klasa 4<\/span><\/p>\n<p><\/li><li><span style=\"color: #000000;\"><strong><span style=\"font-size: 18px;\">WODOSZCZELNO\u015a\u0106<\/span><\/strong><\/span><\/p>\n<p style=\"padding-left: 40px;\"><span style=\"color: #000000;\">Klasa E1500<\/span><\/p>\n<p><\/li><li><span style=\"color: #000000;\"><strong><span style=\"font-size: 18px;\">IZOLACYJNO\u015a\u0106 TERMICZNA<\/span><\/strong><\/span><\/p>\n<p style=\"padding-left: 40px;\"><span style=\"color: #000000;\">U<sub>f<\/sub> od 1,90 W\/m<sup>2<\/sup>K<br \/>\nU<sub>w<\/sub> = 0,80 W\/m<sup>2<\/sup>K\u00a0<\/span><\/p>\n<p><\/li><li><span style=\"color: #000000;\"><strong><span style=\"font-size: 18px;\">ODPORNO\u015a\u0106 NA OBCI\u0104\u017bENIE WIATREM<br \/>\n<\/span><\/strong><\/span><\/p>\n<p style=\"padding-left: 40px;\"><span style=\"color: #000000;\">Klasa C5\/B5<\/span><\/p>\n<p><\/li><li><span style=\"color: #000000;\"><strong><span style=\"font-size: 18px;\">DOPUSZCZENIA I CERTYFIKATY<br \/>\n<\/span><\/strong><\/span><\/p>\n<p style=\"padding-left: 40px;\"><span style=\"color: #000000;\">wst\u0119pne badania typu wg EN I4351-1:2006+A2:2016-09<\/span><\/p>\n<p><\/li><\/ul><\/div><\/div><\/div><div class=\"wpb_column vc_column_container vc_col-md-6\"><div class=\"vc_column-inner\"><div class=\"wpb_wrapper\"><div class=\"wpb_gallery wpb_content_element vc_clearfix wpb_content_element\" ><div class=\"wpb_wrapper\"><div class=\"wpb_gallery_slides wpb_flexslider flexslider_fade flexslider\" data-interval=\"3\" data-flex_fx=\"fade\"><ul class=\"slides\"><li><a class=\"\" href=\"https:\/\/zenaluminium.pl\/wp-content\/uploads\/2020\/10\/PONZIO-PE78SLIM-INDUSTRIAL-PROFIL-PRZEKROJ.jpg\" data-lightbox=\"lightbox[rel-6223-3351030045]\"><img loading=\"lazy\" decoding=\"async\" width=\"414\" height=\"637\" src=\"https:\/\/zenaluminium.pl\/wp-content\/uploads\/2020\/10\/PONZIO-PE78SLIM-INDUSTRIAL-PROFIL-PRZEKROJ.jpg\" class=\"attachment-full\" alt=\"\" title=\"PONZIO PE78SLIM INDUSTRIAL PROFIL PRZEKROJ\" srcset=\"https:\/\/zenaluminium.pl\/wp-content\/uploads\/2020\/10\/PONZIO-PE78SLIM-INDUSTRIAL-PROFIL-PRZEKROJ.jpg 414w, https:\/\/zenaluminium.pl\/wp-content\/uploads\/2020\/10\/PONZIO-PE78SLIM-INDUSTRIAL-PROFIL-PRZEKROJ-195x300.jpg 195w\" sizes=\"auto, (max-width: 414px) 100vw, 414px\" \/><\/a><\/li><\/ul><\/div><\/div><\/div>\n\t<div  class=\"wpb_single_image wpb_content_element vc_align_left wpb_content_element\">\n\t\t\n\t\t<figure class=\"wpb_wrapper vc_figure\">\n\t\t\t<div class=\"vc_single_image-wrapper   vc_box_border_grey\"><img loading=\"lazy\" decoding=\"async\" width=\"536\" height=\"321\" src=\"https:\/\/zenaluminium.pl\/wp-content\/uploads\/2020\/10\/PONZIO-PE78SLIM-INDUSTRIAL-RZUT-TECHNICZNY.jpg\" class=\"vc_single_image-img attachment-full\" alt=\"\" title=\"PONZIO PE78SLIM INDUSTRIAL RZUT TECHNICZNY\" srcset=\"https:\/\/zenaluminium.pl\/wp-content\/uploads\/2020\/10\/PONZIO-PE78SLIM-INDUSTRIAL-RZUT-TECHNICZNY.jpg 536w, https:\/\/zenaluminium.pl\/wp-content\/uploads\/2020\/10\/PONZIO-PE78SLIM-INDUSTRIAL-RZUT-TECHNICZNY-300x180.jpg 300w\" sizes=\"auto, (max-width: 536px) 100vw, 536px\" \/><\/div>\n\t\t<\/figure>\n\t<\/div>\n<div class=\"wpb_gallery wpb_content_element vc_clearfix wpb_content_element\" ><div class=\"wpb_wrapper\"><div class=\"wpb_gallery_slides wpb_slider_nivo theme-default\" data-interval=\"3\"><div class=\"nivoSlider\"><a class=\"\" href=\"https:\/\/zenaluminium.pl\/wp-content\/uploads\/2020\/10\/industrial-aluminium-window.jpg\" data-lightbox=\"lightbox[rel-6223-3874540131]\"><img loading=\"lazy\" decoding=\"async\" width=\"555\" height=\"555\" src=\"https:\/\/zenaluminium.pl\/wp-content\/uploads\/2020\/10\/industrial-aluminium-window.jpg\" class=\"attachment-full\" alt=\"\" title=\"industrial aluminium window\" srcset=\"https:\/\/zenaluminium.pl\/wp-content\/uploads\/2020\/10\/industrial-aluminium-window.jpg 555w, https:\/\/zenaluminium.pl\/wp-content\/uploads\/2020\/10\/industrial-aluminium-window-300x300.jpg 300w, https:\/\/zenaluminium.pl\/wp-content\/uploads\/2020\/10\/industrial-aluminium-window-150x150.jpg 150w\" sizes=\"auto, (max-width: 555px) 100vw, 555px\" \/><\/a><a class=\"\" href=\"https:\/\/zenaluminium.pl\/wp-content\/uploads\/2020\/10\/industrialne-okna-czarne-matowe-zabytkowe.jpg\" data-lightbox=\"lightbox[rel-6223-3874540131]\"><img loading=\"lazy\" decoding=\"async\" width=\"555\" height=\"555\" src=\"https:\/\/zenaluminium.pl\/wp-content\/uploads\/2020\/10\/industrialne-okna-czarne-matowe-zabytkowe.jpg\" class=\"attachment-full\" alt=\"\" title=\"industrialne okna czarne matowe zabytkowe\" srcset=\"https:\/\/zenaluminium.pl\/wp-content\/uploads\/2020\/10\/industrialne-okna-czarne-matowe-zabytkowe.jpg 555w, https:\/\/zenaluminium.pl\/wp-content\/uploads\/2020\/10\/industrialne-okna-czarne-matowe-zabytkowe-300x300.jpg 300w, https:\/\/zenaluminium.pl\/wp-content\/uploads\/2020\/10\/industrialne-okna-czarne-matowe-zabytkowe-150x150.jpg 150w\" sizes=\"auto, (max-width: 555px) 100vw, 555px\" \/><\/a><a class=\"\" href=\"https:\/\/zenaluminium.pl\/wp-content\/uploads\/2020\/10\/industrialne-okna-w-bloku.jpg\" data-lightbox=\"lightbox[rel-6223-3874540131]\"><img loading=\"lazy\" decoding=\"async\" width=\"555\" height=\"555\" src=\"https:\/\/zenaluminium.pl\/wp-content\/uploads\/2020\/10\/industrialne-okna-w-bloku.jpg\" class=\"attachment-full\" alt=\"\" title=\"industrialne okna w bloku\" srcset=\"https:\/\/zenaluminium.pl\/wp-content\/uploads\/2020\/10\/industrialne-okna-w-bloku.jpg 555w, https:\/\/zenaluminium.pl\/wp-content\/uploads\/2020\/10\/industrialne-okna-w-bloku-300x300.jpg 300w, https:\/\/zenaluminium.pl\/wp-content\/uploads\/2020\/10\/industrialne-okna-w-bloku-150x150.jpg 150w\" sizes=\"auto, (max-width: 555px) 100vw, 555px\" \/><\/a><a class=\"\" href=\"https:\/\/zenaluminium.pl\/wp-content\/uploads\/2020\/10\/Industrialne-okno-aluminiowe.jpeg\" data-lightbox=\"lightbox[rel-6223-3874540131]\"><img loading=\"lazy\" decoding=\"async\" width=\"555\" height=\"555\" src=\"https:\/\/zenaluminium.pl\/wp-content\/uploads\/2020\/10\/Industrialne-okno-aluminiowe.jpeg\" class=\"attachment-full\" alt=\"\" title=\"Industrialne okno aluminiowe\" srcset=\"https:\/\/zenaluminium.pl\/wp-content\/uploads\/2020\/10\/Industrialne-okno-aluminiowe.jpeg 555w, https:\/\/zenaluminium.pl\/wp-content\/uploads\/2020\/10\/Industrialne-okno-aluminiowe-300x300.jpeg 300w, https:\/\/zenaluminium.pl\/wp-content\/uploads\/2020\/10\/Industrialne-okno-aluminiowe-150x150.jpeg 150w\" sizes=\"auto, (max-width: 555px) 100vw, 555px\" \/><\/a><a class=\"\" href=\"https:\/\/zenaluminium.pl\/wp-content\/uploads\/2020\/10\/okna-industrialne-aluminiowe.jpg\" data-lightbox=\"lightbox[rel-6223-3874540131]\"><img loading=\"lazy\" decoding=\"async\" width=\"555\" height=\"555\" src=\"https:\/\/zenaluminium.pl\/wp-content\/uploads\/2020\/10\/okna-industrialne-aluminiowe.jpg\" class=\"attachment-full\" alt=\"\" title=\"okna industrialne aluminiowe\" srcset=\"https:\/\/zenaluminium.pl\/wp-content\/uploads\/2020\/10\/okna-industrialne-aluminiowe.jpg 555w, https:\/\/zenaluminium.pl\/wp-content\/uploads\/2020\/10\/okna-industrialne-aluminiowe-300x300.jpg 300w, https:\/\/zenaluminium.pl\/wp-content\/uploads\/2020\/10\/okna-industrialne-aluminiowe-150x150.jpg 150w\" sizes=\"auto, (max-width: 555px) 100vw, 555px\" \/><\/a><a class=\"\" href=\"https:\/\/zenaluminium.pl\/wp-content\/uploads\/2020\/10\/window-aluminium-industrtial-black-mat.jpg\" data-lightbox=\"lightbox[rel-6223-3874540131]\"><img loading=\"lazy\" decoding=\"async\" width=\"555\" height=\"555\" src=\"https:\/\/zenaluminium.pl\/wp-content\/uploads\/2020\/10\/window-aluminium-industrtial-black-mat.jpg\" class=\"attachment-full\" alt=\"\" title=\"window aluminium industrtial black mat\" srcset=\"https:\/\/zenaluminium.pl\/wp-content\/uploads\/2020\/10\/window-aluminium-industrtial-black-mat.jpg 555w, https:\/\/zenaluminium.pl\/wp-content\/uploads\/2020\/10\/window-aluminium-industrtial-black-mat-300x300.jpg 300w, https:\/\/zenaluminium.pl\/wp-content\/uploads\/2020\/10\/window-aluminium-industrtial-black-mat-150x150.jpg 150w\" sizes=\"auto, (max-width: 555px) 100vw, 555px\" \/><\/a><\/div><\/div><\/div><\/div><\/div><\/div><\/div><\/div><div class=\"vc_row wpb_row vc_row-fluid vc_custom_1601460420224 vc_row-has-fill\"><div class=\"wpb_column vc_column_container vc_col-md-12\"><div class=\"vc_column-inner\"><div class=\"wpb_wrapper\"><div class=\"download\"><div class='download-content text-uppercase' style='color: #000000'><i class='fa fas fa-file-pdf'><\/i> ULOTKA SYSTEMOWA PONZIO PE78N SLIM OKNA<\/div><a target='_self' href='https:\/\/zenaluminium.pl\/wp-content\/uploads\/2020\/10\/Ponzio-PE78N-SLIM-INDUSTRIAL-ULOTKA-OKNA.pdf' class='btn btn-md btn-dark btn-shadow'><i class='fa fas fa-cloud-download-alt'><\/i> POBIERZ<\/a><\/div><\/div><\/div><\/div><\/div>\n<\/div>","protected":false},"excerpt":{"rendered":"PONZIO PE78N SLIM INDUSTRIAL System o trzykomorowej konstrukcji profili z rowkiem okuciowym w standardzie Euro. Jest to odpowiednik belgijskiego systemu industrialnego przeznaczonego do kamienic, budynk\u00f3w u\u017cyteczno\u015bci publicznej, czy retro stylowych zabud\u00f3w. \u015awietnie sprawdza si\u0119 przy renowacji stolarki aluminiowej w obiektach &hellip;","protected":false},"author":1,"featured_media":0,"parent":3282,"menu_order":0,"comment_status":"closed","ping_status":"closed","template":"","meta":{"footnotes":""},"class_list":["post-6223","page","type-page","status-publish","hentry"],"yoast_head":"<!-- This site is optimized with the Yoast SEO plugin v27.2 - https:\/\/yoast.com\/product\/yoast-seo-wordpress\/ -->\n<title>PONZIO PE78N SLIM INDUSTRIAL - Zen Aluminium - polski producent okien i drzwi z aluminium<\/title>\n<meta name=\"description\" content=\"System o trzykomorowej konstrukcji profili z rowkiem okuciowym w standardzie Euro. Jest to odpowiednik belgijskiego systemu industrialnego przeznaczonego do kamienic, budynk\u00f3w u\u017cyteczno\u015bci publicznej, czy retro stylowych zabud\u00f3w.\" \/>\n<meta name=\"robots\" content=\"index, follow, max-snippet:-1, max-image-preview:large, max-video-preview:-1\" \/>\n<link rel=\"canonical\" href=\"https:\/\/zenaluminium.pl\/fr\/services\/systemes-de-fenetres-en-aluminium\/fenetre-charniere\/ponzio-pe78n-slim-industriel\/\" \/>\n<meta property=\"og:locale\" content=\"fr_FR\" \/>\n<meta property=\"og:type\" content=\"article\" \/>\n<meta property=\"og:title\" content=\"PONZIO PE78N SLIM INDUSTRIAL - Zen Aluminium - polski producent okien i drzwi z aluminium\" \/>\n<meta property=\"og:description\" content=\"System o trzykomorowej konstrukcji profili z rowkiem okuciowym w standardzie Euro. Jest to odpowiednik belgijskiego systemu industrialnego przeznaczonego do kamienic, budynk\u00f3w u\u017cyteczno\u015bci publicznej, czy retro stylowych zabud\u00f3w.\" \/>\n<meta property=\"og:url\" content=\"https:\/\/zenaluminium.pl\/fr\/services\/systemes-de-fenetres-en-aluminium\/fenetre-charniere\/ponzio-pe78n-slim-industriel\/\" \/>\n<meta property=\"og:site_name\" content=\"Zen Aluminium - polski producent okien i drzwi z aluminium\" \/>\n<meta property=\"article:publisher\" content=\"http:\/\/fb.com\/zenaluminum\" \/>\n<meta property=\"article:modified_time\" content=\"2021-10-12T05:24:11+00:00\" \/>\n<meta name=\"twitter:card\" content=\"summary_large_image\" \/>\n<meta name=\"twitter:label1\" content=\"Dur\u00e9e de lecture estim\u00e9e\" \/>\n\t<meta name=\"twitter:data1\" content=\"1 minute\" \/>\n<script type=\"application\/ld+json\" class=\"yoast-schema-graph\">{\"@context\":\"https:\/\/schema.org\",\"@graph\":[{\"@type\":\"WebPage\",\"@id\":\"https:\/\/zenaluminium.pl\/uslugi\/systemy-okienne-aluminiowe\/okna-zawiasowe\/ponzio-pe78n-slim-industrial\/\",\"url\":\"https:\/\/zenaluminium.pl\/uslugi\/systemy-okienne-aluminiowe\/okna-zawiasowe\/ponzio-pe78n-slim-industrial\/\",\"name\":\"PONZIO PE78N SLIM INDUSTRIAL - Zen Aluminium - polski producent okien i drzwi z aluminium\",\"isPartOf\":{\"@id\":\"https:\/\/zenaluminium.pl\/#website\"},\"datePublished\":\"2020-10-05T08:07:44+00:00\",\"dateModified\":\"2021-10-12T05:24:11+00:00\",\"description\":\"System o trzykomorowej konstrukcji profili z rowkiem okuciowym w standardzie Euro. Jest to odpowiednik belgijskiego systemu industrialnego przeznaczonego do kamienic, budynk\u00f3w u\u017cyteczno\u015bci publicznej, czy retro stylowych zabud\u00f3w.\",\"breadcrumb\":{\"@id\":\"https:\/\/zenaluminium.pl\/uslugi\/systemy-okienne-aluminiowe\/okna-zawiasowe\/ponzio-pe78n-slim-industrial\/#breadcrumb\"},\"inLanguage\":\"fr-FR\",\"potentialAction\":[{\"@type\":\"ReadAction\",\"target\":[\"https:\/\/zenaluminium.pl\/uslugi\/systemy-okienne-aluminiowe\/okna-zawiasowe\/ponzio-pe78n-slim-industrial\/\"]}]},{\"@type\":\"BreadcrumbList\",\"@id\":\"https:\/\/zenaluminium.pl\/uslugi\/systemy-okienne-aluminiowe\/okna-zawiasowe\/ponzio-pe78n-slim-industrial\/#breadcrumb\",\"itemListElement\":[{\"@type\":\"ListItem\",\"position\":1,\"name\":\"Home\",\"item\":\"https:\/\/zenaluminium.pl\/\"},{\"@type\":\"ListItem\",\"position\":2,\"name\":\"Stolarka aluminiowa\",\"item\":\"https:\/\/zenaluminium.pl\/uslugi\/\"},{\"@type\":\"ListItem\",\"position\":3,\"name\":\"OKNA ALUMINIOWE\",\"item\":\"https:\/\/zenaluminium.pl\/uslugi\/systemy-okienne-aluminiowe\/\"},{\"@type\":\"ListItem\",\"position\":4,\"name\":\"OKNA ZAWIASOWE Z ALUMINIUM\",\"item\":\"https:\/\/zenaluminium.pl\/uslugi\/systemy-okienne-aluminiowe\/okna-zawiasowe\/\"},{\"@type\":\"ListItem\",\"position\":5,\"name\":\"PONZIO PE78N SLIM INDUSTRIAL\"}]},{\"@type\":\"WebSite\",\"@id\":\"https:\/\/zenaluminium.pl\/#website\",\"url\":\"https:\/\/zenaluminium.pl\/\",\"name\":\"Zen Aluminium - polski producent okien i drzwi z aluminium\",\"description\":\"Stolarka okienna, fasady, ogrody zimowe, rozwi\u0105zania klasy premium\",\"potentialAction\":[{\"@type\":\"SearchAction\",\"target\":{\"@type\":\"EntryPoint\",\"urlTemplate\":\"https:\/\/zenaluminium.pl\/?s={search_term_string}\"},\"query-input\":{\"@type\":\"PropertyValueSpecification\",\"valueRequired\":true,\"valueName\":\"search_term_string\"}}],\"inLanguage\":\"fr-FR\"}]}<\/script>\n<!-- \/ Yoast SEO plugin. -->","yoast_head_json":{"title":"PONZIO PE78N SLIM INDUSTRIAL - Zen Aluminium - Fabricant polonais de fen\u00eatres et portes en aluminium","description":"Un syst\u00e8me avec un profil\u00e9 \u00e0 trois chambres avec une rainure de quincaillerie aux normes europ\u00e9ennes. Il s'agit d'un pendant du syst\u00e8me industriel belge con\u00e7u pour les maisons de ville, les b\u00e2timents publics ou les b\u00e2timents de style r\u00e9tro.","robots":{"index":"index","follow":"follow","max-snippet":"max-snippet:-1","max-image-preview":"max-image-preview:large","max-video-preview":"max-video-preview:-1"},"canonical":"https:\/\/zenaluminium.pl\/fr\/services\/systemes-de-fenetres-en-aluminium\/fenetre-charniere\/ponzio-pe78n-slim-industriel\/","og_locale":"fr_FR","og_type":"article","og_title":"PONZIO PE78N SLIM INDUSTRIAL - Zen Aluminium - polski producent okien i drzwi z aluminium","og_description":"System o trzykomorowej konstrukcji profili z rowkiem okuciowym w standardzie Euro. Jest to odpowiednik belgijskiego systemu industrialnego przeznaczonego do kamienic, budynk\u00f3w u\u017cyteczno\u015bci publicznej, czy retro stylowych zabud\u00f3w.","og_url":"https:\/\/zenaluminium.pl\/fr\/services\/systemes-de-fenetres-en-aluminium\/fenetre-charniere\/ponzio-pe78n-slim-industriel\/","og_site_name":"Zen Aluminium - polski producent okien i drzwi z aluminium","article_publisher":"http:\/\/fb.com\/zenaluminum","article_modified_time":"2021-10-12T05:24:11+00:00","twitter_card":"summary_large_image","twitter_misc":{"Dur\u00e9e de lecture estim\u00e9e":"1 minute"},"schema":{"@context":"https:\/\/schema.org","@graph":[{"@type":"WebPage","@id":"https:\/\/zenaluminium.pl\/uslugi\/systemy-okienne-aluminiowe\/okna-zawiasowe\/ponzio-pe78n-slim-industrial\/","url":"https:\/\/zenaluminium.pl\/uslugi\/systemy-okienne-aluminiowe\/okna-zawiasowe\/ponzio-pe78n-slim-industrial\/","name":"PONZIO PE78N SLIM INDUSTRIAL - Zen Aluminium - Fabricant polonais de fen\u00eatres et portes en aluminium","isPartOf":{"@id":"https:\/\/zenaluminium.pl\/#website"},"datePublished":"2020-10-05T08:07:44+00:00","dateModified":"2021-10-12T05:24:11+00:00","description":"Un syst\u00e8me avec un profil\u00e9 \u00e0 trois chambres avec une rainure de quincaillerie aux normes europ\u00e9ennes. Il s'agit d'un pendant du syst\u00e8me industriel belge con\u00e7u pour les maisons de ville, les b\u00e2timents publics ou les b\u00e2timents de style r\u00e9tro.","breadcrumb":{"@id":"https:\/\/zenaluminium.pl\/uslugi\/systemy-okienne-aluminiowe\/okna-zawiasowe\/ponzio-pe78n-slim-industrial\/#breadcrumb"},"inLanguage":"fr-FR","potentialAction":[{"@type":"ReadAction","target":["https:\/\/zenaluminium.pl\/uslugi\/systemy-okienne-aluminiowe\/okna-zawiasowe\/ponzio-pe78n-slim-industrial\/"]}]},{"@type":"BreadcrumbList","@id":"https:\/\/zenaluminium.pl\/uslugi\/systemy-okienne-aluminiowe\/okna-zawiasowe\/ponzio-pe78n-slim-industrial\/#breadcrumb","itemListElement":[{"@type":"ListItem","position":1,"name":"Home","item":"https:\/\/zenaluminium.pl\/"},{"@type":"ListItem","position":2,"name":"Stolarka aluminiowa","item":"https:\/\/zenaluminium.pl\/uslugi\/"},{"@type":"ListItem","position":3,"name":"OKNA ALUMINIOWE","item":"https:\/\/zenaluminium.pl\/uslugi\/systemy-okienne-aluminiowe\/"},{"@type":"ListItem","position":4,"name":"OKNA ZAWIASOWE Z ALUMINIUM","item":"https:\/\/zenaluminium.pl\/uslugi\/systemy-okienne-aluminiowe\/okna-zawiasowe\/"},{"@type":"ListItem","position":5,"name":"PONZIO PE78N SLIM INDUSTRIAL"}]},{"@type":"WebSite","@id":"https:\/\/zenaluminium.pl\/#website","url":"https:\/\/zenaluminium.pl\/","name":"Zen Aluminium - Fabricant polonais de fen\u00eatres et de portes en aluminium","description":"Menuiserie, fa\u00e7ades, v\u00e9randas, solutions haut de gamme","potentialAction":[{"@type":"SearchAction","target":{"@type":"EntryPoint","urlTemplate":"https:\/\/zenaluminium.pl\/?s={search_term_string}"},"query-input":{"@type":"PropertyValueSpecification","valueRequired":true,"valueName":"search_term_string"}}],"inLanguage":"fr-FR"}]}},"_links":{"self":[{"href":"https:\/\/zenaluminium.pl\/fr\/wp-json\/wp\/v2\/pages\/6223","targetHints":{"allow":["GET"]}}],"collection":[{"href":"https:\/\/zenaluminium.pl\/fr\/wp-json\/wp\/v2\/pages"}],"about":[{"href":"https:\/\/zenaluminium.pl\/fr\/wp-json\/wp\/v2\/types\/page"}],"author":[{"embeddable":true,"href":"https:\/\/zenaluminium.pl\/fr\/wp-json\/wp\/v2\/users\/1"}],"replies":[{"embeddable":true,"href":"https:\/\/zenaluminium.pl\/fr\/wp-json\/wp\/v2\/comments?post=6223"}],"version-history":[{"count":1,"href":"https:\/\/zenaluminium.pl\/fr\/wp-json\/wp\/v2\/pages\/6223\/revisions"}],"predecessor-version":[{"id":9213,"href":"https:\/\/zenaluminium.pl\/fr\/wp-json\/wp\/v2\/pages\/6223\/revisions\/9213"}],"up":[{"embeddable":true,"href":"https:\/\/zenaluminium.pl\/fr\/wp-json\/wp\/v2\/pages\/3282"}],"wp:attachment":[{"href":"https:\/\/zenaluminium.pl\/fr\/wp-json\/wp\/v2\/media?parent=6223"}],"curies":[{"name":"wp","href":"https:\/\/api.w.org\/{rel}","templated":true}]}}