{"id":3122,"date":"2017-04-06T08:16:25","date_gmt":"2017-04-06T07:16:25","guid":{"rendered":"http:\/\/zenaluminium.com\/?page_id=3122\/"},"modified":"2023-04-17T07:47:11","modified_gmt":"2023-04-17T06:47:11","slug":"sistemos-balustrados","status":"publish","type":"page","link":"https:\/\/zenaluminium.pl\/lt\/uslugi\/systemy-balustrad\/","title":{"rendered":"ALIUMINIO TUR\u0116KLAI"},"content":{"rendered":"<div class=\"wpb-content-wrapper\"><div class=\"vc_row wpb_row vc_row-fluid\"><div class=\"wpb_column vc_column_container vc_col-md-12\"><div class=\"vc_column-inner\"><div class=\"wpb_wrapper\"><div class=\"vc_row wpb_row vc_inner vc_row-fluid\"><div class=\"wpb_column vc_column_container vc_col-md-12\"><div class=\"vc_column-inner\"><div class=\"wpb_wrapper\"><h1 class='heading-middle  divider-sm' ><span>ALIUMINIO TUR\u0116KLAI<\/span><\/h1><div class=\"vc_empty_space\"   style=\"height: 10px\"><span class=\"vc_empty_space_inner\"><\/span><\/div>\n\t<div class=\"wpb_text_column wpb_content_element\" >\n\t\t<div class=\"wpb_wrapper\">\n\t\t\t<h2>Aliuminio baliustrados pasi\u017eymi ypatingu patvarumu, modernia i\u0161vaizda ir tvirtumu. D\u0117l savo savybi\u0173 jie yra ilgametis sprendimas. Aliuminio profili\u0173 baliustradas galima derinti tiek su aliuminiu, tiek su kitomis med\u017eiagomis, pavyzd\u017eiui, stiklu. Toliau pateikiami galimi sprendimai. D\u0117l savo lankstumo baliustrados gali b\u016bti \u012fvairi\u0173 form\u0173. Patikrinkite pasirinkt\u0105 sistem\u0105, kad su\u017einotum\u0117te apie aliuminio profili\u0173 savybes ir apribojimus.<\/h2>\n\n\t\t<\/div>\n\t<\/div>\n<\/div><\/div><\/div><\/div><\/div><\/div><\/div><\/div><div class=\"vc_row wpb_row vc_row-fluid\"><div class=\"wpb_column vc_column_container vc_col-md-3 vc_col-has-fill\"><div class=\"vc_column-inner vc_custom_1471952556888\"><div class=\"wpb_wrapper\"><h2 class='heading-middle  style-1' ><span>\"CRYSTAL VIEW\" BALIUSTRADA<\/span><\/h2>\n\t<div  class=\"wpb_single_image wpb_content_element vc_align_center wpb_content_element\">\n\t\t\n\t\t<figure class=\"wpb_wrapper vc_figure\">\n\t\t\t<a href=\"https:\/\/zealuminium.pl\/uslugi\/systemy-balustrad\/crystal-view\/\" target=\"_self\" class=\"vc_single_image-wrapper vc_box_shadow_3d  vc_box_border_grey\"><\/a>\n\t\t<\/figure>\n\t<\/div>\n<div class=\"vc_row wpb_row vc_inner vc_row-fluid\"><div class=\"wpb_column vc_column_container vc_col-md-2\"><div class=\"vc_column-inner\"><div class=\"wpb_wrapper\"><\/div><\/div><\/div><div class=\"wpb_column vc_column_container vc_col-md-8\"><div class=\"vc_column-inner\"><div class=\"wpb_wrapper\"><a id='button-id-' target='_self' href='\/lt\/paslaugos\/sistemos-balustrados\/crystal-view\/' class='btn btn-normal btn-sm' style='background-color: #472613'><i class='fa fa fa-arrow-right'><\/i> KRI\u0160TOLINIS VAIZDAS<\/a><\/div><\/div><\/div><div class=\"wpb_column vc_column_container vc_col-md-2\"><div class=\"vc_column-inner\"><div class=\"wpb_wrapper\"><\/div><\/div><\/div><\/div><\/div><\/div><\/div><div class=\"wpb_column vc_column_container vc_col-md-3 vc_col-has-fill\"><div class=\"vc_column-inner vc_custom_1471952301689\"><div class=\"wpb_wrapper\"><h2 class='heading-middle  style-1' ><span>KLASIKIN\u0116S ALIUMINIO BALIUSTRADOS<\/span><\/h2>\n\t<div  class=\"wpb_single_image wpb_content_element vc_align_left wpb_content_element\">\n\t\t\n\t\t<figure class=\"wpb_wrapper vc_figure\">\n\t\t\t<a href=\"https:\/\/zenaluminium.pl\/lt\/paslaugos\/sistemos-balustrados\/klasikinis\/\" target=\"_self\" class=\"vc_single_image-wrapper vc_box_shadow_3d  vc_box_border_grey\"><\/a>\n\t\t<\/figure>\n\t<\/div>\n<div class=\"vc_row wpb_row vc_inner vc_row-fluid\"><div class=\"wpb_column vc_column_container vc_col-md-2\"><div class=\"vc_column-inner\"><div class=\"wpb_wrapper\"><\/div><\/div><\/div><div class=\"wpb_column vc_column_container vc_col-md-8\"><div class=\"vc_column-inner\"><div class=\"wpb_wrapper\"><a id='button-id-1' target='_self' href='\/lt\/paslaugos\/sistemos-balustrados\/klasikinis\/' class='btn btn-normal btn-sm' style='background-color: #472613'><i class='fa fa fa-arrow-right'><\/i> KLASIKIN\u0116 BALIUSTRADA<\/a><\/div><\/div><\/div><div class=\"wpb_column vc_column_container vc_col-md-2\"><div class=\"vc_column-inner\"><div class=\"wpb_wrapper\"><\/div><\/div><\/div><\/div><\/div><\/div><\/div><div class=\"wpb_column vc_column_container vc_col-md-3\"><div class=\"vc_column-inner\"><div class=\"wpb_wrapper\"><div class=\"vc_row wpb_row vc_inner vc_row-fluid\"><div class=\"wpb_column vc_column_container vc_col-md-12\"><div class=\"vc_column-inner\"><div class=\"wpb_wrapper\"><\/div><\/div><\/div><\/div><\/div><\/div><\/div><div class=\"wpb_column vc_column_container vc_col-md-3\"><div class=\"vc_column-inner\"><div class=\"wpb_wrapper\"><div class=\"vc_row wpb_row vc_inner vc_row-fluid\"><div class=\"wpb_column vc_column_container vc_col-md-12\"><div class=\"vc_column-inner\"><div class=\"wpb_wrapper\"><\/div><\/div><\/div><\/div><\/div><\/div><\/div><\/div><div class=\"vc_row wpb_row vc_row-fluid\"><div class=\"wpb_column vc_column_container vc_col-md-12\"><div class=\"vc_column-inner\"><div class=\"wpb_wrapper\"><div class=\"vc_empty_space\"   style=\"height: 32px\"><span class=\"vc_empty_space_inner\"><\/span><\/div>\n\t<div class=\"wpb_text_column wpb_content_element\" >\n\t\t<div class=\"wpb_wrapper\">\n\t\t\t<p><span id=\"result_box\" class=\"\" lang=\"pl\"><strong><span class=\"\">Tur\u0117klai ir baliustrados i\u0161 stiklo<\/span><\/strong><\/span><\/p>\n<p><span class=\"\">Tur\u0117dami didel\u0119 patirt\u012f \u0161ioje srityje, galime patys kurti stiklines baliustradas.<\/span> <span class=\"\">Tai, kad jie buvo sukurti taip, kad juos b\u016bt\u0173 kuo papras\u010diau naudoti. Jie yra tvirti, esteti\u0161ki, lengvai surenkami ir pritaikomi.<\/span><\/p>\n<p>&nbsp;<\/p>\n<p><strong><span id=\"result_box\" class=\"\" lang=\"pl\">Stikliniai balkonai<\/span><\/strong><\/p>\n<p>Taip pat \u017einomi kaip pranc\u016bzi\u0161ki balkonai; <span class=\"\">si\u016blome stiklinius balkonus, atitinkan\u010dius visus poreikius. \u0160i sistema i\u0161siskiria tvirtinimu prie sien\u0173 ir apatin\u0117s profiliuot\u0117s, tod\u0117l j\u0105 galima esteti\u0161kai \u012frengti ir sukurti nepaprast\u0105 i\u0161vaizd\u0105.<\/span><\/p>\n<p><strong><span id=\"result_box\" class=\"\" lang=\"pl\"><span class=\"\">Atidarom\u0173 balkon\u0173 sistema<\/span><\/span><\/strong><\/p>\n<p><span class=\"\">Atidaromas balkono \u012fstiklinimas - patogus b\u016bdas i\u0161pl\u0117sti nam\u0173 erdv\u0119.<\/span> <span class=\"\">Besi\u016bliai atidaromi balkon\u0173 stiklai apsaugo balkon\u0105 nuo lietaus, sniego, dulki\u0173 ir purvo.<\/span><\/p>\n\n\t\t<\/div>\n\t<\/div>\n<\/div><\/div><\/div><\/div>\n<\/div>","protected":false},"excerpt":{"rendered":"ALIUMINIO BALUSTRAI Aliuminio baliustrados pasi\u017eymi ypatingu patvarumu, modernia i\u0161vaizda ir tvirtumu. D\u0117l savo savybi\u0173 jie yra ilgametis sprendimas. Balustrados ant aliuminio profili\u0173 leid\u017eia derinti tiek aliumin\u012f, tiek kitas med\u017eiagas, pavyzd\u017eiui, ...","protected":false},"author":1,"featured_media":0,"parent":3142,"menu_order":0,"comment_status":"closed","ping_status":"closed","template":"","meta":{"footnotes":""},"class_list":["post-3122","page","type-page","status-publish","hentry"],"yoast_head":"<!-- This site is optimized with the Yoast SEO plugin v27.2 - https:\/\/yoast.com\/product\/yoast-seo-wordpress\/ -->\n<title>BALUSTRADY ALUMINIOWE - ZenAluminium - Drzwi, okna, balustrady<\/title>\n<meta name=\"description\" content=\"Balustrady aluminiowe charakteryzuj\u0105 si\u0119 niezwyk\u0142\u0105 trwa\u0142o\u015bci\u0105 w po\u0142\u0105czeniu z nowoczesnym wygl\u0105dem i wytrzyma\u0142o\u015bci\u0105. Jest to rozwi\u0105zanie na d\u0142ugie lata.\" \/>\n<meta name=\"robots\" content=\"index, follow, max-snippet:-1, max-image-preview:large, max-video-preview:-1\" \/>\n<link rel=\"canonical\" href=\"https:\/\/zenaluminium.pl\/lt\/paslaugos\/sistemos-balustrados\/\" \/>\n<meta property=\"og:locale\" content=\"lt_LT\" \/>\n<meta property=\"og:type\" content=\"article\" \/>\n<meta property=\"og:title\" content=\"BALUSTRADY ALUMINIOWE - ZenAluminium - Drzwi, okna, balustrady\" \/>\n<meta property=\"og:description\" content=\"Balustrady aluminiowe charakteryzuj\u0105 si\u0119 niezwyk\u0142\u0105 trwa\u0142o\u015bci\u0105 w po\u0142\u0105czeniu z nowoczesnym wygl\u0105dem i wytrzyma\u0142o\u015bci\u0105. Jest to rozwi\u0105zanie na d\u0142ugie lata.\" \/>\n<meta property=\"og:url\" content=\"https:\/\/zenaluminium.pl\/lt\/paslaugos\/sistemos-balustrados\/\" \/>\n<meta property=\"og:site_name\" content=\"Zen Aluminium - polski producent okien i drzwi z aluminium\" \/>\n<meta property=\"article:publisher\" content=\"http:\/\/fb.com\/zenaluminum\" \/>\n<meta property=\"article:modified_time\" content=\"2023-04-17T06:47:11+00:00\" \/>\n<meta name=\"twitter:card\" content=\"summary_large_image\" \/>\n<meta name=\"twitter:label1\" content=\"Est. reading time\" \/>\n\t<meta name=\"twitter:data1\" content=\"2 minut\u0117s\" \/>\n<script type=\"application\/ld+json\" class=\"yoast-schema-graph\">{\"@context\":\"https:\/\/schema.org\",\"@graph\":[{\"@type\":\"WebPage\",\"@id\":\"https:\/\/zenaluminium.pl\/uslugi\/systemy-balustrad\/\",\"url\":\"https:\/\/zenaluminium.pl\/uslugi\/systemy-balustrad\/\",\"name\":\"BALUSTRADY ALUMINIOWE - ZenAluminium - Drzwi, okna, balustrady\",\"isPartOf\":{\"@id\":\"https:\/\/zenaluminium.pl\/#website\"},\"datePublished\":\"2017-04-06T07:16:25+00:00\",\"dateModified\":\"2023-04-17T06:47:11+00:00\",\"description\":\"Balustrady aluminiowe charakteryzuj\u0105 si\u0119 niezwyk\u0142\u0105 trwa\u0142o\u015bci\u0105 w po\u0142\u0105czeniu z nowoczesnym wygl\u0105dem i wytrzyma\u0142o\u015bci\u0105. Jest to rozwi\u0105zanie na d\u0142ugie lata.\",\"breadcrumb\":{\"@id\":\"https:\/\/zenaluminium.pl\/uslugi\/systemy-balustrad\/#breadcrumb\"},\"inLanguage\":\"lt-LT\",\"potentialAction\":[{\"@type\":\"ReadAction\",\"target\":[\"https:\/\/zenaluminium.pl\/uslugi\/systemy-balustrad\/\"]}]},{\"@type\":\"BreadcrumbList\",\"@id\":\"https:\/\/zenaluminium.pl\/uslugi\/systemy-balustrad\/#breadcrumb\",\"itemListElement\":[{\"@type\":\"ListItem\",\"position\":1,\"name\":\"Home\",\"item\":\"https:\/\/zenaluminium.pl\/\"},{\"@type\":\"ListItem\",\"position\":2,\"name\":\"Stolarka aluminiowa\",\"item\":\"https:\/\/zenaluminium.pl\/uslugi\/\"},{\"@type\":\"ListItem\",\"position\":3,\"name\":\"BALUSTRADY ALUMINIOWE\"}]},{\"@type\":\"WebSite\",\"@id\":\"https:\/\/zenaluminium.pl\/#website\",\"url\":\"https:\/\/zenaluminium.pl\/\",\"name\":\"Zen Aluminium - polski producent okien i drzwi z aluminium\",\"description\":\"Stolarka okienna, fasady, ogrody zimowe, rozwi\u0105zania klasy premium\",\"potentialAction\":[{\"@type\":\"SearchAction\",\"target\":{\"@type\":\"EntryPoint\",\"urlTemplate\":\"https:\/\/zenaluminium.pl\/?s={search_term_string}\"},\"query-input\":{\"@type\":\"PropertyValueSpecification\",\"valueRequired\":true,\"valueName\":\"search_term_string\"}}],\"inLanguage\":\"lt-LT\"}]}<\/script>\n<!-- \/ Yoast SEO plugin. -->","yoast_head_json":{"title":"ALIUMINIO BALUSTRAI - ZenAluminium - Durys, langai, baliustrados","description":"Aliuminio baliustrados pasi\u017eymi ypatingu patvarumu, modernia i\u0161vaizda ir tvirtumu. Tai sprendimas daugeliui met\u0173.","robots":{"index":"index","follow":"follow","max-snippet":"max-snippet:-1","max-image-preview":"max-image-preview:large","max-video-preview":"max-video-preview:-1"},"canonical":"https:\/\/zenaluminium.pl\/lt\/paslaugos\/sistemos-balustrados\/","og_locale":"lt_LT","og_type":"article","og_title":"BALUSTRADY ALUMINIOWE - ZenAluminium - Drzwi, okna, balustrady","og_description":"Balustrady aluminiowe charakteryzuj\u0105 si\u0119 niezwyk\u0142\u0105 trwa\u0142o\u015bci\u0105 w po\u0142\u0105czeniu z nowoczesnym wygl\u0105dem i wytrzyma\u0142o\u015bci\u0105. Jest to rozwi\u0105zanie na d\u0142ugie lata.","og_url":"https:\/\/zenaluminium.pl\/lt\/paslaugos\/sistemos-balustrados\/","og_site_name":"Zen Aluminium - polski producent okien i drzwi z aluminium","article_publisher":"http:\/\/fb.com\/zenaluminum","article_modified_time":"2023-04-17T06:47:11+00:00","twitter_card":"summary_large_image","twitter_misc":{"Est. reading time":"2 minut\u0117s"},"schema":{"@context":"https:\/\/schema.org","@graph":[{"@type":"WebPage","@id":"https:\/\/zenaluminium.pl\/uslugi\/systemy-balustrad\/","url":"https:\/\/zenaluminium.pl\/uslugi\/systemy-balustrad\/","name":"ALIUMINIO BALUSTRAI - ZenAluminium - Durys, langai, baliustrados","isPartOf":{"@id":"https:\/\/zenaluminium.pl\/#website"},"datePublished":"2017-04-06T07:16:25+00:00","dateModified":"2023-04-17T06:47:11+00:00","description":"Aliuminio baliustrados pasi\u017eymi ypatingu patvarumu, modernia i\u0161vaizda ir tvirtumu. Tai sprendimas daugeliui met\u0173.","breadcrumb":{"@id":"https:\/\/zenaluminium.pl\/uslugi\/systemy-balustrad\/#breadcrumb"},"inLanguage":"lt-LT","potentialAction":[{"@type":"ReadAction","target":["https:\/\/zenaluminium.pl\/uslugi\/systemy-balustrad\/"]}]},{"@type":"BreadcrumbList","@id":"https:\/\/zenaluminium.pl\/uslugi\/systemy-balustrad\/#breadcrumb","itemListElement":[{"@type":"ListItem","position":1,"name":"Home","item":"https:\/\/zenaluminium.pl\/"},{"@type":"ListItem","position":2,"name":"Stolarka aluminiowa","item":"https:\/\/zenaluminium.pl\/uslugi\/"},{"@type":"ListItem","position":3,"name":"BALUSTRADY ALUMINIOWE"}]},{"@type":"WebSite","@id":"https:\/\/zenaluminium.pl\/#website","url":"https:\/\/zenaluminium.pl\/","name":"\"Zen Aluminium\" - Lenkijos aliuminio lang\u0173 ir dur\u0173 gamintojas","description":"Lang\u0173 dailylent\u0117s, fasadai, \u017eiemos sodai, auk\u0161\u010diausios kokyb\u0117s sprendimai","potentialAction":[{"@type":"SearchAction","target":{"@type":"EntryPoint","urlTemplate":"https:\/\/zenaluminium.pl\/?s={search_term_string}"},"query-input":{"@type":"PropertyValueSpecification","valueRequired":true,"valueName":"search_term_string"}}],"inLanguage":"lt-LT"}]}},"_links":{"self":[{"href":"https:\/\/zenaluminium.pl\/lt\/wp-json\/wp\/v2\/pages\/3122","targetHints":{"allow":["GET"]}}],"collection":[{"href":"https:\/\/zenaluminium.pl\/lt\/wp-json\/wp\/v2\/pages"}],"about":[{"href":"https:\/\/zenaluminium.pl\/lt\/wp-json\/wp\/v2\/types\/page"}],"author":[{"embeddable":true,"href":"https:\/\/zenaluminium.pl\/lt\/wp-json\/wp\/v2\/users\/1"}],"replies":[{"embeddable":true,"href":"https:\/\/zenaluminium.pl\/lt\/wp-json\/wp\/v2\/comments?post=3122"}],"version-history":[{"count":1,"href":"https:\/\/zenaluminium.pl\/lt\/wp-json\/wp\/v2\/pages\/3122\/revisions"}],"predecessor-version":[{"id":17740,"href":"https:\/\/zenaluminium.pl\/lt\/wp-json\/wp\/v2\/pages\/3122\/revisions\/17740"}],"up":[{"embeddable":true,"href":"https:\/\/zenaluminium.pl\/lt\/wp-json\/wp\/v2\/pages\/3142"}],"wp:attachment":[{"href":"https:\/\/zenaluminium.pl\/lt\/wp-json\/wp\/v2\/media?parent=3122"}],"curies":[{"name":"wp","href":"https:\/\/api.w.org\/{rel}","templated":true}]}}