{"id":3127,"date":"2017-04-06T08:46:33","date_gmt":"2017-04-06T07:46:33","guid":{"rendered":"http:\/\/zenaluminium.com\/?page_id=3127\/"},"modified":"2019-08-23T07:43:24","modified_gmt":"2019-08-23T06:43:24","slug":"klasikinis","status":"publish","type":"page","link":"https:\/\/zenaluminium.pl\/lt\/uslugi\/systemy-balustrad\/klasyczna\/","title":{"rendered":"Klasikin\u0117 aliuminio baliustrada"},"content":{"rendered":"<div class=\"wpb-content-wrapper\"><div class=\"vc_row wpb_row vc_row-fluid\"><div class=\"wpb_column vc_column_container vc_col-md-8\"><div class=\"vc_column-inner\"><div class=\"wpb_wrapper\"><div class=\"tabs tabs-side  vc_custom_1471527446450 tabs-shape-rounded tabs-align-left tabs-side-left tabs-spacing\"><div class=\"nav-tabs-wrap\" style=\"\"><ul class=\"nav nav-tabs\" role=\"tablist\"><li style=\"margin-top: 2px\" role=\"presentation\" class=\" active\"><a href=\"#1471523850385-9f2477fa-22ae\" aria-controls=\"1471523850385-9f2477fa-22ae\" role=\"tab\" data-toggle=\"tab\"><i class=\"fa fa-dot-circle-o\"><\/i><span>Przegl\u0105d<\/span><\/a><\/li><li style=\"margin-top: 2px\" role=\"presentation\" class=\"\"><a href=\"#1471523850453-bba64b48-cd54\" aria-controls=\"1471523850453-bba64b48-cd54\" role=\"tab\" data-toggle=\"tab\"><i class=\"fa fa-dot-circle-o\"><\/i><span>Por\u0119cze<\/span><\/a><\/li><li style=\"margin-top: 2px\" role=\"presentation\" class=\"\"><a href=\"#1471523899766-bd8ad8ff-2d47\" aria-controls=\"1471523899766-bd8ad8ff-2d47\" role=\"tab\" data-toggle=\"tab\"><i class=\"fa fa-dot-circle-o\"><\/i><span>Balustrady<\/span><\/a><\/li><li style=\"margin-top: 2px\" role=\"presentation\" class=\"\"><a href=\"#1471523969394-cf167c98-0b3c\" aria-controls=\"1471523969394-cf167c98-0b3c\" role=\"tab\" data-toggle=\"tab\"><i class=\"fa fa-dot-circle-o\"><\/i><span>Rozstaw<\/span><\/a><\/li><li style=\"margin-top: 2px\" role=\"presentation\" class=\"\"><a href=\"#1471523982631-12f19c2f-bb55\" aria-controls=\"1471523982631-12f19c2f-bb55\" role=\"tab\" data-toggle=\"tab\"><i class=\"fa fa-dot-circle-o\"><\/i><span>Wysoko\u015b\u0107<\/span><\/a><\/li><li style=\"margin-top: 2px\" role=\"presentation\" class=\"\"><a href=\"#1472732018454-246e622a-8a87\" aria-controls=\"1472732018454-246e622a-8a87\" role=\"tab\" data-toggle=\"tab\"><span>Testy<\/span><\/a><\/li><li style=\"margin-top: 2px\" role=\"presentation\" class=\"\"><a href=\"#1472730899810-2f64138b-2c99\" aria-controls=\"1472730899810-2f64138b-2c99\" role=\"tab\" data-toggle=\"tab\"><i class=\"fa fa-dot-circle-o\"><\/i><span>Wyko\u0144czenia<\/span><\/a><\/li><\/ul><\/div><div class=\"tab-content\"><div role=\"tabpanel\" class=\"tab-pane active\" id=\"1471523850385-9f2477fa-22ae\"><h2 class='heading-left  divider-sm' ><span>Balustrada Aluminiowa &#8222;CLASSIC&#8221;<\/span><\/h2>\n\t<div class=\"wpb_text_column wpb_content_element\" >\n\t\t<div class=\"wpb_wrapper\">\n\t\t\t<div>System balustrad z aluminium pozwalaj\u0105cy na przyj\u0119cie ka\u017cdego rodzaju rozwi\u0105za\u0144 dzi\u0119ki szerokiej gamie akcesori\u00f3w.\u00a0Istnieje mo\u017cliwo\u015b\u0107 monta\u017cu od g\u00f3ry lub do czo\u0142a konstrukcji. Dzi\u0119ki nowoczesnym technologiom jeste\u015bmy w stanie wykona\u0107 niemal ka\u017cd\u0105 konstrukcj\u0119 aluminiow\u0105. Istnieje r\u00f3wnie\u017c mo\u017cliwo\u015b\u0107 przeszklenia balustrad. Stosujemy najnowsze normy jako\u015bci oraz bezpiecze\u0144stwa.<\/div>\n\n\t\t<\/div>\n\t<\/div>\n<\/div><div role=\"tabpanel\" class=\"tab-pane\" id=\"1471523850453-bba64b48-cd54\"><h2 class='heading-left  divider-sm' ><span>Rodzaje por\u0119czy<\/span><\/h2>\n\t<div class=\"wpb_text_column wpb_content_element\" >\n\t\t<div class=\"wpb_wrapper\">\n\t\t\t<div style=\"text-align: left;\">\n<div>Prostok\u0105tna o szeroko\u015bci <strong>60 mm<\/strong><\/div>\n<div>Okr\u0105g\u0142a o \u015brednicy <strong>66 mm<\/strong><\/div>\n<div>Eliptyczna o obwodzie zewn\u0119trznym <strong>80 mm<\/strong><\/div>\n<\/div>\n\n\t\t<\/div>\n\t<\/div>\n<\/div><div role=\"tabpanel\" class=\"tab-pane\" id=\"1471523899766-bd8ad8ff-2d47\"><h2 class='heading-left  divider-sm' ><span>Rodzaje balustrad<\/span><\/h2>\n\t<div class=\"wpb_text_column wpb_content_element\" >\n\t\t<div class=\"wpb_wrapper\">\n\t\t\t<div style=\"text-align: left;\">\n<div>Balustrada szklana<\/div>\n<div>Balustrada szklana z obni\u017conym prz\u0119s\u0142em<\/div>\n<div>Balustrada s\u0142upkowa<\/div>\n<div>Balustrada s\u0142upkowa z obni\u017conym prz\u0119s\u0142em<\/div>\n<\/div>\n\n\t\t<\/div>\n\t<\/div>\n<\/div><div role=\"tabpanel\" class=\"tab-pane\" id=\"1471523969394-cf167c98-0b3c\">\n\t<div class=\"wpb_text_column wpb_content_element\" >\n\t\t<div class=\"wpb_wrapper\">\n\t\t\t<div class=\"titDato open\">MAKS. ROZSTAW MI\u0118DZY OSIAMI S\u0141UPK\u00d3W<\/div>\n<div class=\"descDato\"><strong>1.000 mm.<\/strong><\/div>\n\n\t\t<\/div>\n\t<\/div>\n<\/div><div role=\"tabpanel\" class=\"tab-pane\" id=\"1471523982631-12f19c2f-bb55\">\n\t<div class=\"wpb_text_column wpb_content_element\" >\n\t\t<div class=\"wpb_wrapper\">\n\t\t\t<div class=\"titDato open\">WYSOKO\u015a\u0106 MINIMALNA:<\/div>\n<div class=\"descDato\"><strong>900 mm<\/strong><\/div>\n\n\t\t<\/div>\n\t<\/div>\n<\/div><div role=\"tabpanel\" class=\"tab-pane\" id=\"1472732018454-246e622a-8a87\">\n\t<div class=\"wpb_text_column wpb_content_element\" >\n\t\t<div class=\"wpb_wrapper\">\n\t\t\t<div>1-Obci\u0105\u017cenie statyczne poziome w kierunku na zewn\u0105trz<\/div>\n<div>2-Obci\u0105\u017cenie statyczne poziome w kierunku do wewn\u0105trz<\/div>\n<div>3-Obci\u0105\u017cenie statyczne pionowe<\/div>\n<div>4-Odporno\u015b\u0107 na uderzenie cia\u0142em mi\u0119kkim<\/div>\n<div>5-Odporno\u015b\u0107 na uderzenie cia\u0142em twardym<\/div>\n<div>\n<p>6-Badania bezpiecze\u0144stwa<\/p>\n<div>KLASYFIKACJA WG NORMY UNE 85240:1990:<\/div>\n<div><strong>KLASA \u00a0A-DOSKONA\u0141A<br \/>\n<\/strong><\/div>\n<p>Badanie referencyjne balustrady szklanej na ca\u0142ej wysoko\u015bci<\/p>\n<\/div>\n<div>\n<p>1.100 mm (H) x 2.450 mm (L) i 3 osiami s\u0142upk\u00f3w.<\/p>\n<p>Badanie referencyjne balustrady s\u0142upkowej z obni\u017conym\u00a0prz\u0119s\u0142em 1.100 mm (H) x 2.000 mm (L) i 3 osiami s\u0142upk\u00f3w.<\/p>\n<\/div>\n\n\t\t<\/div>\n\t<\/div>\n<\/div><div role=\"tabpanel\" class=\"tab-pane\" id=\"1472730899810-2f64138b-2c99\">\n\t<div class=\"wpb_text_column wpb_content_element\" >\n\t\t<div class=\"wpb_wrapper\">\n\t\t\t<div>Lakierowanie RAL (nakrapiane, chropowate)<\/div>\n<div>Lakierowanie &#8211; imitacja drewna<\/div>\n<div>Lakierowanie antybakteryjne<\/div>\n<div>Anodowanie<\/div>\n\n\t\t<\/div>\n\t<\/div>\n<\/div><\/div><\/div><\/div><\/div><\/div><div class=\"wpb_column vc_column_container vc_col-md-4\"><div class=\"vc_column-inner\"><div class=\"wpb_wrapper\"><div class=\"wpb_images_carousel wpb_content_element vc_clearfix wpb_content_element\"><div class=\"wpb_wrapper\"><div id=\"vc_images-carousel-1-1775415032\" data-ride=\"vc_carousel\" data-wrap=\"true\" style=\"width: 300px;\" data-interval=\"5000\" data-auto-height=\"yes\" data-mode=\"horizontal\" data-partial=\"false\" data-per-view=\"1\" data-hide-on-end=\"false\" class=\"vc_slide vc_images_carousel\"><ol class=\"vc_carousel-indicators\"><li data-target=\"#vc_images-carousel-1-1775415032\" data-slide-to=\"0\"><\/li><li data-target=\"#vc_images-carousel-1-1775415032\" data-slide-to=\"1\"><\/li><\/ol><div class=\"vc_carousel-inner\"><div class=\"vc_carousel-slideline\"><div class=\"vc_carousel-slideline-inner\"><div class=\"vc_item\"><div class=\"vc_inner\"><a class=\"\" href=\"\" data-lightbox=\"lightbox[rel-3127-727139520]\"><\/a><\/div><\/div><div class=\"vc_item\"><div class=\"vc_inner\"><a class=\"\" href=\"\" data-lightbox=\"lightbox[rel-3127-727139520]\"><\/a><\/div><\/div><\/div><\/div><\/div><a class=\"vc_left vc_carousel-control\" href=\"#vc_images-carousel-1-1775415032\" data-slide=\"prev\"><span class=\"icon-prev\"><\/span><\/a><a class=\"vc_right vc_carousel-control\" href=\"#vc_images-carousel-1-1775415032\" data-slide=\"next\"><span class=\"icon-next\"><\/span><\/a><\/div><\/div><\/div><\/div><\/div><\/div><\/div><div class=\"vc_row wpb_row vc_row-fluid\"><div class=\"wpb_column vc_column_container vc_col-md-12\"><div class=\"vc_column-inner\"><div class=\"wpb_wrapper\"><div class=\"wpb_gallery wpb_content_element vc_clearfix wpb_content_element\" ><div class=\"wpb_wrapper\"><div class=\"wpb_gallery_slides wpb_image_grid\" data-interval=\"3\"><ul class=\"wpb_image_grid_ul\"><li class=\"isotope-item\"><a class=\"\" href=\"\" data-lightbox=\"lightbox[rel-3127-1072045386]\"><\/a><\/li><li class=\"isotope-item\"><a class=\"\" href=\"\" data-lightbox=\"lightbox[rel-3127-1072045386]\"><\/a><\/li><li class=\"isotope-item\"><a class=\"\" href=\"\" data-lightbox=\"lightbox[rel-3127-1072045386]\"><\/a><\/li><\/ul><\/div><\/div><\/div><\/div><\/div><\/div><\/div>\n<\/div>","protected":false},"excerpt":{"rendered":"Ap\u017evalgaB\u0117geliaiBalustradosBalustradosAtstumaiVir\u0161isTestaiApdailosAliuminiuko baliustrada \"CLASSIC\" Aliuminio baliustrad\u0173 sistema, kuri d\u0117l plataus pried\u0173 asortimento leid\u017eia priimti bet kokio tipo sprendimus. Yra galimyb\u0117 montuoti i\u0161 vir\u0161aus arba prie konstrukcijos priekio. \u0160iuolaikini\u0173 technologij\u0173 d\u0117ka galime pagaminti beveik bet koki\u0105 aliuminio konstrukcij\u0105. Taip pat yra galimyb\u0117 \u012fstiklinti ...","protected":false},"author":1,"featured_media":0,"parent":3122,"menu_order":0,"comment_status":"closed","ping_status":"closed","template":"","meta":{"footnotes":""},"class_list":["post-3127","page","type-page","status-publish","hentry"],"yoast_head":"<!-- This site is optimized with the Yoast SEO plugin v27.2 - https:\/\/yoast.com\/product\/yoast-seo-wordpress\/ -->\n<title>Klasyczna Balustrada Aluminiowa - ZenAluminium - Drzwi, okna<\/title>\n<meta name=\"description\" content=\"Klasyczna balustrada aluminiowa to solidno\u015b\u0107, trwa\u0142o\u015b\u0107 i elegancja. Proste rozwi\u0105zania przewa\u017cnie s\u0105 najlepsze i tak jest te\u017c w tym wypadku. Zobacz ofert\u0119.\" \/>\n<meta name=\"robots\" content=\"index, follow, max-snippet:-1, max-image-preview:large, max-video-preview:-1\" \/>\n<link rel=\"canonical\" href=\"https:\/\/zenaluminium.pl\/lt\/paslaugos\/sistemos-balustrados\/klasikinis\/\" \/>\n<meta property=\"og:locale\" content=\"lt_LT\" \/>\n<meta property=\"og:type\" content=\"article\" \/>\n<meta property=\"og:title\" content=\"Klasyczna Balustrada Aluminiowa - ZenAluminium - Drzwi, okna\" \/>\n<meta property=\"og:description\" content=\"Klasyczna balustrada aluminiowa to solidno\u015b\u0107, trwa\u0142o\u015b\u0107 i elegancja. Proste rozwi\u0105zania przewa\u017cnie s\u0105 najlepsze i tak jest te\u017c w tym wypadku. Zobacz ofert\u0119.\" \/>\n<meta property=\"og:url\" content=\"https:\/\/zenaluminium.pl\/lt\/paslaugos\/sistemos-balustrados\/klasikinis\/\" \/>\n<meta property=\"og:site_name\" content=\"Zen Aluminium - polski producent okien i drzwi z aluminium\" \/>\n<meta property=\"article:publisher\" content=\"http:\/\/fb.com\/zenaluminum\" \/>\n<meta property=\"article:modified_time\" content=\"2019-08-23T06:43:24+00:00\" \/>\n<meta name=\"twitter:card\" content=\"summary_large_image\" \/>\n<meta name=\"twitter:label1\" content=\"Est. reading time\" \/>\n\t<meta name=\"twitter:data1\" content=\"2 minut\u0117s\" \/>\n<script type=\"application\/ld+json\" class=\"yoast-schema-graph\">{\"@context\":\"https:\/\/schema.org\",\"@graph\":[{\"@type\":\"WebPage\",\"@id\":\"https:\/\/zenaluminium.pl\/uslugi\/systemy-balustrad\/klasyczna\/\",\"url\":\"https:\/\/zenaluminium.pl\/uslugi\/systemy-balustrad\/klasyczna\/\",\"name\":\"Klasyczna Balustrada Aluminiowa - ZenAluminium - Drzwi, okna\",\"isPartOf\":{\"@id\":\"https:\/\/zenaluminium.pl\/#website\"},\"datePublished\":\"2017-04-06T07:46:33+00:00\",\"dateModified\":\"2019-08-23T06:43:24+00:00\",\"description\":\"Klasyczna balustrada aluminiowa to solidno\u015b\u0107, trwa\u0142o\u015b\u0107 i elegancja. Proste rozwi\u0105zania przewa\u017cnie s\u0105 najlepsze i tak jest te\u017c w tym wypadku. Zobacz ofert\u0119.\",\"breadcrumb\":{\"@id\":\"https:\/\/zenaluminium.pl\/uslugi\/systemy-balustrad\/klasyczna\/#breadcrumb\"},\"inLanguage\":\"lt-LT\",\"potentialAction\":[{\"@type\":\"ReadAction\",\"target\":[\"https:\/\/zenaluminium.pl\/uslugi\/systemy-balustrad\/klasyczna\/\"]}]},{\"@type\":\"BreadcrumbList\",\"@id\":\"https:\/\/zenaluminium.pl\/uslugi\/systemy-balustrad\/klasyczna\/#breadcrumb\",\"itemListElement\":[{\"@type\":\"ListItem\",\"position\":1,\"name\":\"Home\",\"item\":\"https:\/\/zenaluminium.pl\/\"},{\"@type\":\"ListItem\",\"position\":2,\"name\":\"Stolarka aluminiowa\",\"item\":\"https:\/\/zenaluminium.pl\/uslugi\/\"},{\"@type\":\"ListItem\",\"position\":3,\"name\":\"BALUSTRADY ALUMINIOWE\",\"item\":\"https:\/\/zenaluminium.pl\/uslugi\/systemy-balustrad\/\"},{\"@type\":\"ListItem\",\"position\":4,\"name\":\"Klasyczna Balustrada Aluminiowa\"}]},{\"@type\":\"WebSite\",\"@id\":\"https:\/\/zenaluminium.pl\/#website\",\"url\":\"https:\/\/zenaluminium.pl\/\",\"name\":\"Zen Aluminium - polski producent okien i drzwi z aluminium\",\"description\":\"Stolarka okienna, fasady, ogrody zimowe, rozwi\u0105zania klasy premium\",\"potentialAction\":[{\"@type\":\"SearchAction\",\"target\":{\"@type\":\"EntryPoint\",\"urlTemplate\":\"https:\/\/zenaluminium.pl\/?s={search_term_string}\"},\"query-input\":{\"@type\":\"PropertyValueSpecification\",\"valueRequired\":true,\"valueName\":\"search_term_string\"}}],\"inLanguage\":\"lt-LT\"}]}<\/script>\n<!-- \/ Yoast SEO plugin. -->","yoast_head_json":{"title":"Klasyczna Balustrada Aluminiowa - ZenAluminium - Drzwi, okna","description":"Klasyczna balustrada aluminiowa to solidno\u015b\u0107, trwa\u0142o\u015b\u0107 i elegancja. Proste rozwi\u0105zania przewa\u017cnie s\u0105 najlepsze i tak jest te\u017c w tym wypadku. Zobacz ofert\u0119.","robots":{"index":"index","follow":"follow","max-snippet":"max-snippet:-1","max-image-preview":"max-image-preview:large","max-video-preview":"max-video-preview:-1"},"canonical":"https:\/\/zenaluminium.pl\/lt\/paslaugos\/sistemos-balustrados\/klasikinis\/","og_locale":"lt_LT","og_type":"article","og_title":"Klasyczna Balustrada Aluminiowa - ZenAluminium - Drzwi, okna","og_description":"Klasyczna balustrada aluminiowa to solidno\u015b\u0107, trwa\u0142o\u015b\u0107 i elegancja. Proste rozwi\u0105zania przewa\u017cnie s\u0105 najlepsze i tak jest te\u017c w tym wypadku. Zobacz ofert\u0119.","og_url":"https:\/\/zenaluminium.pl\/lt\/paslaugos\/sistemos-balustrados\/klasikinis\/","og_site_name":"Zen Aluminium - polski producent okien i drzwi z aluminium","article_publisher":"http:\/\/fb.com\/zenaluminum","article_modified_time":"2019-08-23T06:43:24+00:00","twitter_card":"summary_large_image","twitter_misc":{"Est. reading time":"2 minut\u0117s"},"schema":{"@context":"https:\/\/schema.org","@graph":[{"@type":"WebPage","@id":"https:\/\/zenaluminium.pl\/uslugi\/systemy-balustrad\/klasyczna\/","url":"https:\/\/zenaluminium.pl\/uslugi\/systemy-balustrad\/klasyczna\/","name":"Klasyczna Balustrada Aluminiowa - ZenAluminium - Drzwi, okna","isPartOf":{"@id":"https:\/\/zenaluminium.pl\/#website"},"datePublished":"2017-04-06T07:46:33+00:00","dateModified":"2019-08-23T06:43:24+00:00","description":"Klasyczna balustrada aluminiowa to solidno\u015b\u0107, trwa\u0142o\u015b\u0107 i elegancja. Proste rozwi\u0105zania przewa\u017cnie s\u0105 najlepsze i tak jest te\u017c w tym wypadku. Zobacz ofert\u0119.","breadcrumb":{"@id":"https:\/\/zenaluminium.pl\/uslugi\/systemy-balustrad\/klasyczna\/#breadcrumb"},"inLanguage":"lt-LT","potentialAction":[{"@type":"ReadAction","target":["https:\/\/zenaluminium.pl\/uslugi\/systemy-balustrad\/klasyczna\/"]}]},{"@type":"BreadcrumbList","@id":"https:\/\/zenaluminium.pl\/uslugi\/systemy-balustrad\/klasyczna\/#breadcrumb","itemListElement":[{"@type":"ListItem","position":1,"name":"Home","item":"https:\/\/zenaluminium.pl\/"},{"@type":"ListItem","position":2,"name":"Stolarka aluminiowa","item":"https:\/\/zenaluminium.pl\/uslugi\/"},{"@type":"ListItem","position":3,"name":"BALUSTRADY ALUMINIOWE","item":"https:\/\/zenaluminium.pl\/uslugi\/systemy-balustrad\/"},{"@type":"ListItem","position":4,"name":"Klasyczna Balustrada Aluminiowa"}]},{"@type":"WebSite","@id":"https:\/\/zenaluminium.pl\/#website","url":"https:\/\/zenaluminium.pl\/","name":"\"Zen Aluminium\" - Lenkijos aliuminio lang\u0173 ir dur\u0173 gamintojas","description":"Lang\u0173 dailylent\u0117s, fasadai, \u017eiemos sodai, auk\u0161\u010diausios kokyb\u0117s sprendimai","potentialAction":[{"@type":"SearchAction","target":{"@type":"EntryPoint","urlTemplate":"https:\/\/zenaluminium.pl\/?s={search_term_string}"},"query-input":{"@type":"PropertyValueSpecification","valueRequired":true,"valueName":"search_term_string"}}],"inLanguage":"lt-LT"}]}},"_links":{"self":[{"href":"https:\/\/zenaluminium.pl\/lt\/wp-json\/wp\/v2\/pages\/3127","targetHints":{"allow":["GET"]}}],"collection":[{"href":"https:\/\/zenaluminium.pl\/lt\/wp-json\/wp\/v2\/pages"}],"about":[{"href":"https:\/\/zenaluminium.pl\/lt\/wp-json\/wp\/v2\/types\/page"}],"author":[{"embeddable":true,"href":"https:\/\/zenaluminium.pl\/lt\/wp-json\/wp\/v2\/users\/1"}],"replies":[{"embeddable":true,"href":"https:\/\/zenaluminium.pl\/lt\/wp-json\/wp\/v2\/comments?post=3127"}],"version-history":[{"count":0,"href":"https:\/\/zenaluminium.pl\/lt\/wp-json\/wp\/v2\/pages\/3127\/revisions"}],"up":[{"embeddable":true,"href":"https:\/\/zenaluminium.pl\/lt\/wp-json\/wp\/v2\/pages\/3122"}],"wp:attachment":[{"href":"https:\/\/zenaluminium.pl\/lt\/wp-json\/wp\/v2\/media?parent=3127"}],"curies":[{"name":"wp","href":"https:\/\/api.w.org\/{rel}","templated":true}]}}