{"id":3148,"date":"2017-04-06T09:51:46","date_gmt":"2017-04-06T08:51:46","guid":{"rendered":"http:\/\/zenaluminium.com\/?page_id=3148\/"},"modified":"2022-08-05T12:28:15","modified_gmt":"2022-08-05T11:28:15","slug":"ivestis","status":"publish","type":"page","link":"https:\/\/zenaluminium.pl\/lt\/uslugi\/systemy-drzwiowe-aluminiowe\/wejsciowe\/","title":{"rendered":"\u012e\u0116JIMO DUR\u0172 SISTEMOS"},"content":{"rendered":"<div class=\"wpb-content-wrapper\"><div class=\"vc_row wpb_row vc_row-fluid\"><div class=\"wpb_column vc_column_container vc_col-md-12\"><div class=\"vc_column-inner\"><div class=\"wpb_wrapper\"><h1 class='heading-middle  divider-sm' ><span>\u012e\u0116JIMO DUR\u0172 SISTEMOS<\/span><\/h1><div class=\"vc_empty_space\"   style=\"height: 10px\"><span class=\"vc_empty_space_inner\"><\/span><\/div><\/div><\/div><\/div><\/div><div class=\"vc_row wpb_row vc_row-fluid\"><div class=\"wpb_column vc_column_container vc_col-md-12\"><div class=\"vc_column-inner\"><div class=\"wpb_wrapper\">\n\t<div class=\"wpb_text_column wpb_content_element\" >\n\t\t<div class=\"wpb_wrapper\">\n\t\t\t<h2>\u012e\u0117jimo \u012f pastat\u0105 dur\u0173 sistemos leid\u017eia ne tik apsaugoti pastat\u0105 nuo nekviest\u0173 sve\u010di\u0173, bet ir u\u017etikrinti \u0161ilumos ar garso izoliacij\u0105. Prie\u0161ingai nei \u012fprasta, \u012f\u0117jimo dur\u0173 pasirinkim\u0105 lemia ne tik estetika, bet ir \u012fvair\u016bs techniniai parametrai. Si\u016blome pagal individual\u0173 u\u017esakym\u0105 pagamintas \u012f\u0117jimo duris, atitinkan\u010dias auk\u0161\u010diausius klient\u0173 reikalavimus ir sertifikuotas Europos sertifikatais.<\/h2>\n\n\t\t<\/div>\n\t<\/div>\n<\/div><\/div><\/div><\/div><div class=\"vc_row wpb_row vc_row-fluid\"><div class=\"wpb_column vc_column_container vc_col-md-12\"><div class=\"vc_column-inner\"><div class=\"wpb_wrapper\"><div class=\"vc_row wpb_row vc_inner vc_row-fluid vc_custom_1659698394543 vc_row-has-fill\"><div class=\"wpb_column vc_column_container vc_col-md-12\"><div class=\"vc_column-inner\"><div class=\"wpb_wrapper\"><div class=\"download\"><div class='download-content text-uppercase' style='color: #f4c949'><i class='fa fas fa-cloud-download-alt'><\/i> U\u017dPILD\u0172 KATALOGAS PDF LT<\/div><a target='_self' href='https:\/\/zenaluminium.pl\/wp-content\/uploads\/2022\/08\/Katalog_drzwi_zewnetrznych_PL-05-2022.pdf' class='btn btn-md btn-dark btn-shadow'>ATSISI\u0172STI<\/a><\/div><div class=\"download\"><div class='download-content text-uppercase' style='color: #f4c949'><i class='fa fas fa-cloud-download-alt'><\/i> U\u017dPILD\u0172 KATALOGAS PDF ENG<\/div><a target='_self' href='https:\/\/zenaluminium.pl\/wp-content\/uploads\/2022\/08\/Catalog_door_external_EN-05-2022.pdf' class='btn btn-md btn-dark btn-shadow'>ATSISI\u0172STI<\/a><\/div><\/div><\/div><\/div><\/div><\/div><\/div><\/div><\/div><div class=\"vc_row wpb_row vc_row-fluid\"><div class=\"wpb_column vc_column_container vc_col-md-12\"><div class=\"vc_column-inner\"><div class=\"wpb_wrapper\">\n\t<div  class=\"wpb_single_image wpb_content_element vc_align_left wpb_content_element wpb_animate_when_almost_visible wpb_fadeIn fadeIn\">\n\t\t\n\t\t<figure class=\"wpb_wrapper vc_figure\">\n\t\t\t<div class=\"vc_single_image-wrapper   vc_box_border_grey\"><img loading=\"lazy\" decoding=\"async\" width=\"300\" height=\"85\" src=\"https:\/\/zenaluminium.pl\/wp-content\/uploads\/2022\/08\/dindecor_9_21_2-300x85.png\" class=\"vc_single_image-img attachment-medium\" alt=\"\" title=\"dindecor_9_21_2\" srcset=\"https:\/\/zenaluminium.pl\/wp-content\/uploads\/2022\/08\/dindecor_9_21_2-300x85.png 300w, https:\/\/zenaluminium.pl\/wp-content\/uploads\/2022\/08\/dindecor_9_21_2-768x217.png 768w, https:\/\/zenaluminium.pl\/wp-content\/uploads\/2022\/08\/dindecor_9_21_2.png 1000w\" sizes=\"auto, (max-width: 300px) 100vw, 300px\" \/><\/div>\n\t\t<\/figure>\n\t<\/div>\n<\/div><\/div><\/div><div class=\"wpb_column vc_column_container vc_col-md-3 vc_col-has-fill\"><div class=\"vc_column-inner vc_custom_1471953622661\"><div class=\"wpb_wrapper\">\n\t<div  class=\"wpb_single_image wpb_content_element vc_align_left wpb_content_element\">\n\t\t\n\t\t<figure class=\"wpb_wrapper vc_figure\">\n\t\t\t<a href=\"https:\/\/zenaluminium.pl\/lt\/paslaugos\/duru-ir-aliuminio-sistemos\/ivestis\/dindecor-natural\/\" target=\"_self\" class=\"vc_single_image-wrapper vc_box_shadow_3d  vc_box_border_grey\"><img loading=\"lazy\" decoding=\"async\" width=\"300\" height=\"215\" src=\"https:\/\/zenaluminium.pl\/wp-content\/uploads\/2022\/08\/moraine-lake-gfb7e1dd4a_1920-300x215.jpg\" class=\"vc_single_image-img attachment-medium\" alt=\"\" title=\"moraine-lake-gfb7e1dd4a_1920\" srcset=\"https:\/\/zenaluminium.pl\/wp-content\/uploads\/2022\/08\/moraine-lake-gfb7e1dd4a_1920-300x215.jpg 300w, https:\/\/zenaluminium.pl\/wp-content\/uploads\/2022\/08\/moraine-lake-gfb7e1dd4a_1920-1024x733.jpg 1024w, https:\/\/zenaluminium.pl\/wp-content\/uploads\/2022\/08\/moraine-lake-gfb7e1dd4a_1920-768x550.jpg 768w, https:\/\/zenaluminium.pl\/wp-content\/uploads\/2022\/08\/moraine-lake-gfb7e1dd4a_1920-1536x1099.jpg 1536w, https:\/\/zenaluminium.pl\/wp-content\/uploads\/2022\/08\/moraine-lake-gfb7e1dd4a_1920.jpg 1920w\" sizes=\"auto, (max-width: 300px) 100vw, 300px\" \/><\/a>\n\t\t<\/figure>\n\t<\/div>\n<div class=\"vc_btn3-container vc_btn3-center\"><a style=\"background-color:#999999; color:#f6bd33;\" class=\"vc_general vc_btn3 vc_btn3-size-md vc_btn3-shape-rounded vc_btn3-style-custom vc_btn3-block\" href=\"https:\/\/zenaluminium.pl\/lt\/paslaugos\/duru-ir-aliuminio-sistemos\/ivestis\/dindecor-natural\/\" title=\"\" target=\"_self\">DINDECOR NAT\u016aRALUS<\/a><\/div>\n<\/div><\/div><\/div><div class=\"wpb_column vc_column_container vc_col-md-3 vc_col-has-fill\"><div class=\"vc_column-inner vc_custom_1644571289734\"><div class=\"wpb_wrapper\">\n\t<div  class=\"wpb_single_image wpb_content_element vc_align_left wpb_content_element\">\n\t\t\n\t\t<figure class=\"wpb_wrapper vc_figure\">\n\t\t\t<a href=\"https:\/\/zenaluminium.pl\/lt\/paslaugos\/duru-ir-aliuminio-sistemos\/ivestis\/dindecor-aliuminis\/\" target=\"_self\" class=\"vc_single_image-wrapper vc_box_shadow_3d  vc_box_border_grey\"><img loading=\"lazy\" decoding=\"async\" width=\"300\" height=\"215\" src=\"https:\/\/zenaluminium.pl\/wp-content\/uploads\/2022\/08\/ALUMINIUM-1-300x215.jpg\" class=\"vc_single_image-img attachment-medium\" alt=\"\" title=\"ALIUMINIS (1)\" srcset=\"https:\/\/zenaluminium.pl\/wp-content\/uploads\/2022\/08\/ALUMINIUM-1-300x215.jpg 300w, https:\/\/zenaluminium.pl\/wp-content\/uploads\/2022\/08\/ALUMINIUM-1-1024x733.jpg 1024w, https:\/\/zenaluminium.pl\/wp-content\/uploads\/2022\/08\/ALUMINIUM-1-768x550.jpg 768w, https:\/\/zenaluminium.pl\/wp-content\/uploads\/2022\/08\/ALUMINIUM-1-1536x1099.jpg 1536w, https:\/\/zenaluminium.pl\/wp-content\/uploads\/2022\/08\/ALUMINIUM-1.jpg 1920w\" sizes=\"auto, (max-width: 300px) 100vw, 300px\" \/><\/a>\n\t\t<\/figure>\n\t<\/div>\n<div class=\"vc_btn3-container vc_btn3-center\"><a style=\"background-color:#999999; color:#f6bd33;\" class=\"vc_general vc_btn3 vc_btn3-size-md vc_btn3-shape-rounded vc_btn3-style-custom vc_btn3-block\" href=\"https:\/\/zenaluminium.pl\/lt\/paslaugos\/duru-ir-aliuminio-sistemos\/ivestis\/dindecor-aliuminis\/\" title=\"\" target=\"_self\">DINDECOR ALIUMINIS<\/a><\/div>\n<\/div><\/div><\/div><div class=\"wpb_column vc_column_container vc_col-md-3 vc_col-has-fill\"><div class=\"vc_column-inner vc_custom_1644571308498\"><div class=\"wpb_wrapper\">\n\t<div  class=\"wpb_single_image wpb_content_element vc_align_left wpb_content_element\">\n\t\t\n\t\t<figure class=\"wpb_wrapper vc_figure\">\n\t\t\t<a href=\"https:\/\/zenaluminium.pl\/lt\/paslaugos\/duru-ir-aliuminio-sistemos\/ivestis\/dindecor-pvc\/\" target=\"_self\" class=\"vc_single_image-wrapper vc_box_shadow_3d  vc_box_border_grey\"><img loading=\"lazy\" decoding=\"async\" width=\"300\" height=\"215\" src=\"https:\/\/zenaluminium.pl\/wp-content\/uploads\/2022\/08\/PCV-1-300x215.jpg\" class=\"vc_single_image-img attachment-medium\" alt=\"\" title=\"PVC (1)\" srcset=\"https:\/\/zenaluminium.pl\/wp-content\/uploads\/2022\/08\/PCV-1-300x215.jpg 300w, https:\/\/zenaluminium.pl\/wp-content\/uploads\/2022\/08\/PCV-1-1024x733.jpg 1024w, https:\/\/zenaluminium.pl\/wp-content\/uploads\/2022\/08\/PCV-1-768x550.jpg 768w, https:\/\/zenaluminium.pl\/wp-content\/uploads\/2022\/08\/PCV-1-1536x1099.jpg 1536w, https:\/\/zenaluminium.pl\/wp-content\/uploads\/2022\/08\/PCV-1.jpg 1920w\" sizes=\"auto, (max-width: 300px) 100vw, 300px\" \/><\/a>\n\t\t<\/figure>\n\t<\/div>\n<div class=\"vc_btn3-container vc_btn3-center\"><a style=\"background-color:#999999; color:#f6bd33;\" class=\"vc_general vc_btn3 vc_btn3-size-md vc_btn3-shape-rounded vc_btn3-style-custom vc_btn3-block\" href=\"https:\/\/zenaluminium.pl\/lt\/paslaugos\/duru-ir-aliuminio-sistemos\/ivestis\/dindecor-pvc\/\" title=\"\" target=\"_self\">DINDECOR PVC<\/a><\/div>\n<\/div><\/div><\/div><div class=\"wpb_column vc_column_container vc_col-md-3\"><div class=\"vc_column-inner\"><div class=\"wpb_wrapper\"><\/div><\/div><\/div><\/div><div class=\"vc_row wpb_row vc_row-fluid\"><div class=\"wpb_column vc_column_container vc_col-md-12\"><div class=\"vc_column-inner\"><div class=\"wpb_wrapper\"><div class=\"vc_empty_space\"   style=\"height: 50px\"><span class=\"vc_empty_space_inner\"><\/span><\/div><div class=\"vc_separator wpb_content_element vc_separator_align_center vc_sep_width_100 vc_sep_pos_align_center vc_separator_no_text vc_sep_color_grey wpb_content_element  wpb_content_element\" ><span class=\"vc_sep_holder vc_sep_holder_l\"><span class=\"vc_sep_line\"><\/span><\/span><span class=\"vc_sep_holder vc_sep_holder_r\"><span class=\"vc_sep_line\"><\/span><\/span>\n<\/div><div class=\"vc_empty_space\"   style=\"height: 50px\"><span class=\"vc_empty_space_inner\"><\/span><\/div><\/div><\/div><\/div><\/div><div class=\"vc_row wpb_row vc_row-fluid\"><div class=\"wpb_column vc_column_container vc_col-md-12\"><div class=\"vc_column-inner\"><div class=\"wpb_wrapper\">\n\t<div  class=\"wpb_single_image wpb_content_element vc_align_left wpb_content_element wpb_animate_when_almost_visible wpb_fadeIn fadeIn\">\n\t\t\n\t\t<figure class=\"wpb_wrapper vc_figure\">\n\t\t\t<div class=\"vc_single_image-wrapper   vc_box_border_grey\"><img loading=\"lazy\" decoding=\"async\" width=\"200\" height=\"49\" src=\"https:\/\/zenaluminium.pl\/wp-content\/uploads\/2022\/01\/yawal-logo-wspolpraca.png\" class=\"vc_single_image-img attachment-medium\" alt=\"\" title=\"yawal-logo-collaboration\" \/><\/div>\n\t\t<\/figure>\n\t<\/div>\n<\/div><\/div><\/div><div class=\"wpb_column vc_column_container vc_col-md-3 vc_col-has-fill\"><div class=\"vc_column-inner vc_custom_1471953622661\"><div class=\"wpb_wrapper\">\n\t<div  class=\"wpb_single_image wpb_content_element vc_align_left wpb_content_element\">\n\t\t\n\t\t<figure class=\"wpb_wrapper vc_figure\">\n\t\t\t<a href=\"https:\/\/zenaluminium.pl\/lt\/paslaugos\/duru-ir-aliuminio-sistemos\/ivestis\/yawal-prestige\/\" target=\"_self\" class=\"vc_single_image-wrapper vc_box_shadow_3d  vc_box_border_grey\"><img loading=\"lazy\" decoding=\"async\" width=\"300\" height=\"200\" src=\"https:\/\/zenaluminium.pl\/wp-content\/uploads\/2022\/02\/yawaldrzwi-panelowe-tm-77-hi-prestige-4-300x200.jpg\" class=\"vc_single_image-img attachment-medium\" alt=\"\" title=\"yawaldoor-panel-tm-77-hi-prestige-4\" srcset=\"https:\/\/zenaluminium.pl\/wp-content\/uploads\/2022\/02\/yawaldrzwi-panelowe-tm-77-hi-prestige-4-300x200.jpg 300w, https:\/\/zenaluminium.pl\/wp-content\/uploads\/2022\/02\/yawaldrzwi-panelowe-tm-77-hi-prestige-4-1024x683.jpg 1024w, https:\/\/zenaluminium.pl\/wp-content\/uploads\/2022\/02\/yawaldrzwi-panelowe-tm-77-hi-prestige-4-768x512.jpg 768w, https:\/\/zenaluminium.pl\/wp-content\/uploads\/2022\/02\/yawaldrzwi-panelowe-tm-77-hi-prestige-4-1536x1024.jpg 1536w, https:\/\/zenaluminium.pl\/wp-content\/uploads\/2022\/02\/yawaldrzwi-panelowe-tm-77-hi-prestige-4.jpg 1600w\" sizes=\"auto, (max-width: 300px) 100vw, 300px\" \/><\/a>\n\t\t<\/figure>\n\t<\/div>\n<div class=\"vc_btn3-container vc_btn3-center\"><a style=\"background-color:#999999; color:#f6bd33;\" class=\"vc_general vc_btn3 vc_btn3-size-md vc_btn3-shape-rounded vc_btn3-style-custom vc_btn3-block\" href=\"https:\/\/zenaluminium.pl\/lt\/paslaugos\/duru-ir-aliuminio-sistemos\/ivestis\/yawal-prestige\/\" title=\"\" target=\"_self\">YAWAL PRESTIGE<\/a><\/div>\n<\/div><\/div><\/div><div class=\"wpb_column vc_column_container vc_col-md-3 vc_col-has-fill\"><div class=\"vc_column-inner vc_custom_1644571289734\"><div class=\"wpb_wrapper\">\n\t<div  class=\"wpb_single_image wpb_content_element vc_align_left wpb_content_element\">\n\t\t\n\t\t<figure class=\"wpb_wrapper vc_figure\">\n\t\t\t<a href=\"https:\/\/zenaluminium.pl\/lt\/paslaugos\/duru-ir-aliuminio-sistemos\/ivestis\/yawal-exclusive\/\" target=\"_self\" class=\"vc_single_image-wrapper vc_box_shadow_3d  vc_box_border_grey\"><img loading=\"lazy\" decoding=\"async\" width=\"300\" height=\"200\" src=\"https:\/\/zenaluminium.pl\/wp-content\/uploads\/2022\/02\/yawaldrzwi-panelowe-tm-77-hi-prestige-4-1.jpg\" class=\"vc_single_image-img attachment-medium\" alt=\"\" title=\"yawaldoor-panel-tm-77-hi-prestige-4\" \/><\/a>\n\t\t<\/figure>\n\t<\/div>\n<div class=\"vc_btn3-container vc_btn3-center\"><a style=\"background-color:#999999; color:#f6bd33;\" class=\"vc_general vc_btn3 vc_btn3-size-md vc_btn3-shape-rounded vc_btn3-style-custom vc_btn3-block\" href=\"https:\/\/zenaluminium.pl\/lt\/paslaugos\/duru-ir-aliuminio-sistemos\/ivestis\/yawal-exclusive\/\" title=\"\" target=\"_self\">YAWAL I\u0160SKIRTINIS<\/a><\/div>\n<\/div><\/div><\/div><div class=\"wpb_column vc_column_container vc_col-md-3 vc_col-has-fill\"><div class=\"vc_column-inner vc_custom_1644571308498\"><div class=\"wpb_wrapper\"><\/div><\/div><\/div><div class=\"wpb_column vc_column_container vc_col-md-3\"><div class=\"vc_column-inner\"><div class=\"wpb_wrapper\"><\/div><\/div><\/div><\/div><div class=\"vc_row wpb_row vc_row-fluid\"><div class=\"wpb_column vc_column_container vc_col-md-12\"><div class=\"vc_column-inner\"><div class=\"wpb_wrapper\"><div class=\"vc_empty_space\"   style=\"height: 50px\"><span class=\"vc_empty_space_inner\"><\/span><\/div><div class=\"vc_separator wpb_content_element vc_separator_align_center vc_sep_width_100 vc_sep_pos_align_center vc_separator_no_text vc_sep_color_grey wpb_content_element  wpb_content_element\" ><span class=\"vc_sep_holder vc_sep_holder_l\"><span class=\"vc_sep_line\"><\/span><\/span><span class=\"vc_sep_holder vc_sep_holder_r\"><span class=\"vc_sep_line\"><\/span><\/span>\n<\/div><div class=\"vc_empty_space\"   style=\"height: 50px\"><span class=\"vc_empty_space_inner\"><\/span><\/div><\/div><\/div><\/div><\/div><div class=\"vc_row wpb_row vc_row-fluid\"><div class=\"wpb_column vc_column_container vc_col-md-12\"><div class=\"vc_column-inner\"><div class=\"wpb_wrapper\">\n\t<div  class=\"wpb_single_image wpb_content_element vc_align_left wpb_content_element wpb_animate_when_almost_visible wpb_fadeIn fadeIn\">\n\t\t\n\t\t<figure class=\"wpb_wrapper vc_figure\">\n\t\t\t<div class=\"vc_single_image-wrapper   vc_box_border_grey\"><img loading=\"lazy\" decoding=\"async\" width=\"250\" height=\"62\" src=\"https:\/\/zenaluminium.pl\/wp-content\/uploads\/2019\/12\/cortizo-systemy-logo-przesuwne.jpg\" class=\"vc_single_image-img attachment-medium\" alt=\"\" title=\"cortizo-systems-logo-sliding\" \/><\/div>\n\t\t<\/figure>\n\t<\/div>\n<\/div><\/div><\/div><div class=\"wpb_column vc_column_container vc_col-md-3 vc_col-has-fill\"><div class=\"vc_column-inner vc_custom_1471953622661\"><div class=\"wpb_wrapper\">\n\t<div  class=\"wpb_single_image wpb_content_element vc_align_left wpb_content_element\">\n\t\t\n\t\t<figure class=\"wpb_wrapper vc_figure\">\n\t\t\t<a href=\"http:\/\/zenaluminium.pl\/lt\/paslaugos\/duru-ir-aliuminio-sistemos\/ivestis\/millennium-2000\/\" target=\"_self\" class=\"vc_single_image-wrapper vc_box_shadow_3d  vc_box_border_grey\"><\/a>\n\t\t<\/figure>\n\t<\/div>\n<div class=\"vc_btn3-container vc_btn3-center\"><a style=\"background-color:#999999; color:#f6bd33;\" class=\"vc_general vc_btn3 vc_btn3-size-md vc_btn3-shape-rounded vc_btn3-style-custom vc_btn3-block\" href=\"http:\/\/zenaluminium.pl\/lt\/paslaugos\/duru-ir-aliuminio-sistemos\/ivestis\/millennium-2000\/\" title=\"\" target=\"_self\">2000 M. T\u016aKSTANTMETIS<\/a><\/div>\n<\/div><\/div><\/div><div class=\"wpb_column vc_column_container vc_col-md-3 vc_col-has-fill\"><div class=\"vc_column-inner vc_custom_1644571323246\"><div class=\"wpb_wrapper\">\n\t<div  class=\"wpb_single_image wpb_content_element vc_align_left wpb_content_element\">\n\t\t\n\t\t<figure class=\"wpb_wrapper vc_figure\">\n\t\t\t<a href=\"http:\/\/zenaluminium.pl\/lt\/paslaugos\/duru-ir-aliuminio-sistemos\/ivestis\/millenium-plus-70\/\" target=\"_self\" class=\"vc_single_image-wrapper vc_box_shadow_3d  vc_box_border_grey\"><\/a>\n\t\t<\/figure>\n\t<\/div>\n<div class=\"vc_btn3-container vc_btn3-center\"><a style=\"background-color:#999999; color:#f6bd33;\" class=\"vc_general vc_btn3 vc_btn3-size-md vc_btn3-shape-rounded vc_btn3-style-custom vc_btn3-block\" href=\"http:\/\/zenaluminium.pl\/lt\/paslaugos\/duru-ir-aliuminio-sistemos\/ivestis\/millenium-plus-70\/\" title=\"\" target=\"_self\">T\u016aKSTANTMETIS PLIUS 70<\/a><\/div>\n<\/div><\/div><\/div><div class=\"wpb_column vc_column_container vc_col-md-3 vc_col-has-fill\"><div class=\"vc_column-inner vc_custom_1644571331061\"><div class=\"wpb_wrapper\">\n\t<div  class=\"wpb_single_image wpb_content_element vc_align_left wpb_content_element\">\n\t\t\n\t\t<figure class=\"wpb_wrapper vc_figure\">\n\t\t\t<a href=\"http:\/\/zenaluminium.pl\/lt\/paslaugos\/duru-ir-aliuminio-sistemos\/ivestis\/millenium-plus-80\/\" target=\"_self\" class=\"vc_single_image-wrapper vc_box_shadow_3d  vc_box_border_grey\"><\/a>\n\t\t<\/figure>\n\t<\/div>\n<div class=\"vc_btn3-container vc_btn3-center\"><a style=\"background-color:#999999; color:#f6bd33;\" class=\"vc_general vc_btn3 vc_btn3-size-md vc_btn3-shape-rounded vc_btn3-style-custom vc_btn3-block\" href=\"http:\/\/zenaluminium.pl\/lt\/paslaugos\/duru-ir-aliuminio-sistemos\/ivestis\/millenium-plus-80\/\" title=\"\" target=\"_self\">T\u016aKSTANTMETIS PLIUS 80<\/a><\/div>\n<\/div><\/div><\/div><div class=\"wpb_column vc_column_container vc_col-md-3\"><div class=\"vc_column-inner\"><div class=\"wpb_wrapper\"><\/div><\/div><\/div><\/div>\n<\/div>","protected":false},"excerpt":{"rendered":"SYSTEMY DRZWI WEJ\u015aCIOWYCH Systemy drzwi wej\u015bciowych do budynk\u00f3w pozwalaj\u0105 na zabezpieczenie posesji przed nieproszonymi go\u015b\u0107mi, ale r\u00f3wnie\u017c zapewniaj\u0105 izolacj\u0119 ciepln\u0105 czy akustyczn\u0105. Wbrew pozorom wyb\u00f3r drzwi wej\u015bciowych to nie tylko estetyka ale r\u00f3wnie\u017c szereg parametr\u00f3w technicznych. Posiadamy w swojej ofercie &hellip;","protected":false},"author":1,"featured_media":0,"parent":3115,"menu_order":0,"comment_status":"closed","ping_status":"closed","template":"","meta":{"footnotes":""},"class_list":["post-3148","page","type-page","status-publish","hentry"],"yoast_head":"<!-- This site is optimized with the Yoast SEO plugin v27.2 - https:\/\/yoast.com\/product\/yoast-seo-wordpress\/ -->\n<title>SYSTEMY DRZWI WEJ\u015aCIOWYCH - Zen Aluminium - polski producent okien i drzwi z aluminium<\/title>\n<meta name=\"robots\" content=\"index, follow, max-snippet:-1, max-image-preview:large, max-video-preview:-1\" \/>\n<link rel=\"canonical\" href=\"https:\/\/zenaluminium.pl\/lt\/paslaugos\/duru-ir-aliuminio-sistemos\/ivestis\/\" \/>\n<meta property=\"og:locale\" content=\"lt_LT\" \/>\n<meta property=\"og:type\" content=\"article\" \/>\n<meta property=\"og:title\" content=\"SYSTEMY DRZWI WEJ\u015aCIOWYCH - Zen Aluminium - polski producent okien i drzwi z aluminium\" \/>\n<meta property=\"og:url\" content=\"https:\/\/zenaluminium.pl\/lt\/paslaugos\/duru-ir-aliuminio-sistemos\/ivestis\/\" \/>\n<meta property=\"og:site_name\" content=\"Zen Aluminium - polski producent okien i drzwi z aluminium\" \/>\n<meta property=\"article:publisher\" content=\"http:\/\/fb.com\/zenaluminum\" \/>\n<meta property=\"article:modified_time\" content=\"2022-08-05T11:28:15+00:00\" \/>\n<meta name=\"twitter:card\" content=\"summary_large_image\" \/>\n<meta name=\"twitter:label1\" content=\"Est. reading time\" \/>\n\t<meta name=\"twitter:data1\" content=\"2 minut\u0117s\" \/>\n<script type=\"application\/ld+json\" class=\"yoast-schema-graph\">{\"@context\":\"https:\/\/schema.org\",\"@graph\":[{\"@type\":\"WebPage\",\"@id\":\"https:\/\/zenaluminium.pl\/uslugi\/systemy-drzwiowe-aluminiowe\/wejsciowe\/\",\"url\":\"https:\/\/zenaluminium.pl\/uslugi\/systemy-drzwiowe-aluminiowe\/wejsciowe\/\",\"name\":\"SYSTEMY DRZWI WEJ\u015aCIOWYCH - Zen Aluminium - polski producent okien i drzwi z aluminium\",\"isPartOf\":{\"@id\":\"https:\/\/zenaluminium.pl\/#website\"},\"datePublished\":\"2017-04-06T08:51:46+00:00\",\"dateModified\":\"2022-08-05T11:28:15+00:00\",\"breadcrumb\":{\"@id\":\"https:\/\/zenaluminium.pl\/uslugi\/systemy-drzwiowe-aluminiowe\/wejsciowe\/#breadcrumb\"},\"inLanguage\":\"lt-LT\",\"potentialAction\":[{\"@type\":\"ReadAction\",\"target\":[\"https:\/\/zenaluminium.pl\/uslugi\/systemy-drzwiowe-aluminiowe\/wejsciowe\/\"]}]},{\"@type\":\"BreadcrumbList\",\"@id\":\"https:\/\/zenaluminium.pl\/uslugi\/systemy-drzwiowe-aluminiowe\/wejsciowe\/#breadcrumb\",\"itemListElement\":[{\"@type\":\"ListItem\",\"position\":1,\"name\":\"Home\",\"item\":\"https:\/\/zenaluminium.pl\/\"},{\"@type\":\"ListItem\",\"position\":2,\"name\":\"Stolarka aluminiowa\",\"item\":\"https:\/\/zenaluminium.pl\/uslugi\/\"},{\"@type\":\"ListItem\",\"position\":3,\"name\":\"SYSTEMY DRZWIOWE\",\"item\":\"https:\/\/zenaluminium.pl\/uslugi\/systemy-drzwiowe-aluminiowe\/\"},{\"@type\":\"ListItem\",\"position\":4,\"name\":\"SYSTEMY DRZWI WEJ\u015aCIOWYCH\"}]},{\"@type\":\"WebSite\",\"@id\":\"https:\/\/zenaluminium.pl\/#website\",\"url\":\"https:\/\/zenaluminium.pl\/\",\"name\":\"Zen Aluminium - polski producent okien i drzwi z aluminium\",\"description\":\"Stolarka okienna, fasady, ogrody zimowe, rozwi\u0105zania klasy premium\",\"potentialAction\":[{\"@type\":\"SearchAction\",\"target\":{\"@type\":\"EntryPoint\",\"urlTemplate\":\"https:\/\/zenaluminium.pl\/?s={search_term_string}\"},\"query-input\":{\"@type\":\"PropertyValueSpecification\",\"valueRequired\":true,\"valueName\":\"search_term_string\"}}],\"inLanguage\":\"lt-LT\"}]}<\/script>\n<!-- \/ Yoast SEO plugin. -->","yoast_head_json":{"title":"\u012eEINAM\u0172J\u0172 DVUR\u0172 SISTEMOS - Zen Aluminium - Lenkijos aliuminio lang\u0173 ir dur\u0173 gamintojas","robots":{"index":"index","follow":"follow","max-snippet":"max-snippet:-1","max-image-preview":"max-image-preview:large","max-video-preview":"max-video-preview:-1"},"canonical":"https:\/\/zenaluminium.pl\/lt\/paslaugos\/duru-ir-aliuminio-sistemos\/ivestis\/","og_locale":"lt_LT","og_type":"article","og_title":"SYSTEMY DRZWI WEJ\u015aCIOWYCH - Zen Aluminium - polski producent okien i drzwi z aluminium","og_url":"https:\/\/zenaluminium.pl\/lt\/paslaugos\/duru-ir-aliuminio-sistemos\/ivestis\/","og_site_name":"Zen Aluminium - polski producent okien i drzwi z aluminium","article_publisher":"http:\/\/fb.com\/zenaluminum","article_modified_time":"2022-08-05T11:28:15+00:00","twitter_card":"summary_large_image","twitter_misc":{"Est. reading time":"2 minut\u0117s"},"schema":{"@context":"https:\/\/schema.org","@graph":[{"@type":"WebPage","@id":"https:\/\/zenaluminium.pl\/uslugi\/systemy-drzwiowe-aluminiowe\/wejsciowe\/","url":"https:\/\/zenaluminium.pl\/uslugi\/systemy-drzwiowe-aluminiowe\/wejsciowe\/","name":"\u012eEINAM\u0172J\u0172 DVUR\u0172 SISTEMOS - Zen Aluminium - Lenkijos aliuminio lang\u0173 ir dur\u0173 gamintojas","isPartOf":{"@id":"https:\/\/zenaluminium.pl\/#website"},"datePublished":"2017-04-06T08:51:46+00:00","dateModified":"2022-08-05T11:28:15+00:00","breadcrumb":{"@id":"https:\/\/zenaluminium.pl\/uslugi\/systemy-drzwiowe-aluminiowe\/wejsciowe\/#breadcrumb"},"inLanguage":"lt-LT","potentialAction":[{"@type":"ReadAction","target":["https:\/\/zenaluminium.pl\/uslugi\/systemy-drzwiowe-aluminiowe\/wejsciowe\/"]}]},{"@type":"BreadcrumbList","@id":"https:\/\/zenaluminium.pl\/uslugi\/systemy-drzwiowe-aluminiowe\/wejsciowe\/#breadcrumb","itemListElement":[{"@type":"ListItem","position":1,"name":"Home","item":"https:\/\/zenaluminium.pl\/"},{"@type":"ListItem","position":2,"name":"Stolarka aluminiowa","item":"https:\/\/zenaluminium.pl\/uslugi\/"},{"@type":"ListItem","position":3,"name":"SYSTEMY DRZWIOWE","item":"https:\/\/zenaluminium.pl\/uslugi\/systemy-drzwiowe-aluminiowe\/"},{"@type":"ListItem","position":4,"name":"SYSTEMY DRZWI WEJ\u015aCIOWYCH"}]},{"@type":"WebSite","@id":"https:\/\/zenaluminium.pl\/#website","url":"https:\/\/zenaluminium.pl\/","name":"\"Zen Aluminium\" - Lenkijos aliuminio lang\u0173 ir dur\u0173 gamintojas","description":"Lang\u0173 dailylent\u0117s, fasadai, \u017eiemos sodai, auk\u0161\u010diausios kokyb\u0117s sprendimai","potentialAction":[{"@type":"SearchAction","target":{"@type":"EntryPoint","urlTemplate":"https:\/\/zenaluminium.pl\/?s={search_term_string}"},"query-input":{"@type":"PropertyValueSpecification","valueRequired":true,"valueName":"search_term_string"}}],"inLanguage":"lt-LT"}]}},"_links":{"self":[{"href":"https:\/\/zenaluminium.pl\/lt\/wp-json\/wp\/v2\/pages\/3148","targetHints":{"allow":["GET"]}}],"collection":[{"href":"https:\/\/zenaluminium.pl\/lt\/wp-json\/wp\/v2\/pages"}],"about":[{"href":"https:\/\/zenaluminium.pl\/lt\/wp-json\/wp\/v2\/types\/page"}],"author":[{"embeddable":true,"href":"https:\/\/zenaluminium.pl\/lt\/wp-json\/wp\/v2\/users\/1"}],"replies":[{"embeddable":true,"href":"https:\/\/zenaluminium.pl\/lt\/wp-json\/wp\/v2\/comments?post=3148"}],"version-history":[{"count":26,"href":"https:\/\/zenaluminium.pl\/lt\/wp-json\/wp\/v2\/pages\/3148\/revisions"}],"predecessor-version":[{"id":12579,"href":"https:\/\/zenaluminium.pl\/lt\/wp-json\/wp\/v2\/pages\/3148\/revisions\/12579"}],"up":[{"embeddable":true,"href":"https:\/\/zenaluminium.pl\/lt\/wp-json\/wp\/v2\/pages\/3115"}],"wp:attachment":[{"href":"https:\/\/zenaluminium.pl\/lt\/wp-json\/wp\/v2\/media?parent=3148"}],"curies":[{"name":"wp","href":"https:\/\/api.w.org\/{rel}","templated":true}]}}