{"id":3208,"date":"2017-04-06T14:40:45","date_gmt":"2017-04-06T13:40:45","guid":{"rendered":"http:\/\/zenaluminium.com\/?page_id=3208\/"},"modified":"2023-05-08T08:12:16","modified_gmt":"2023-05-08T06:12:16","slug":"4200-2","status":"publish","type":"page","link":"https:\/\/zenaluminium.pl\/lt\/uslugi\/systemy-drzwiowe-aluminiowe\/drzwi-przesuwne\/4200-2\/","title":{"rendered":"SYSTEM DRZWI PRZESUWNYCH &#8211; 4200"},"content":{"rendered":"<div class=\"wpb-content-wrapper\"><div class=\"vc_row wpb_row vc_row-fluid\"><div class=\"wpb_column vc_column_container vc_col-md-6\"><div class=\"vc_column-inner\"><div class=\"wpb_wrapper\"><ul class='list list-default'><li><span style=\"color: #000000;\"><strong><span style=\"font-size: 18px;\">OPIS SYSTEMU DRZWI PRZESUWNYCH &#8211; 4200<\/span><\/strong><\/span><\/p>\n<p><span style=\"color: #000000;\">Elastyczny system z r\u00f3\u017cnorakimi o\u015bcie\u017cnicami obwodowymi oraz \u00a0cechuj\u0105cy si\u0119 mo\u017cliwo\u015bci\u0105 u\u017cycia skrzyde\u0142 z zaci\u0119ciem 90\u00b0 lub obwodowych. Wyst\u0119puje w dw\u00f3ch opcjach estetycznych: skrzyde\u0142 o kraw\u0119dzi zaokr\u0105glonej lub prostej. <\/span><\/p>\n<p><span style=\"color: #000000;\">W wersji ze skrzyd\u0142ami z zaci\u0119ciem 90\u00b0 wprowadzono rozwi\u0105zanie <strong>GALANDAGE<\/strong>: zaprojektowane, aby uzyska\u0107 przej\u015bcie na pe\u0142n\u0105 szeroko\u015b\u0107 otworu, poprzez schowanie skrzyde\u0142 w komorach w \u015bcianie budynku. Dzi\u0119ki temu otwarte jest 100% powierzchni drzwi lub okna.<\/span><\/p>\n<p><span style=\"color: #000000;\">Opcja GALANDAGE umo\u017cliwia zastosowanie o\u015bcie\u017cnicy jednotorowej lub dwutorowej, pozwalaj\u0105c w ten spos\u00f3b na powstanie okien o 1, 2 i 4 skrzyd\u0142ach ukrytych. System ten pozwala r\u00f3wnie\u017c na wprowadzenie ukrytego skrzyd\u0142a przesuwnego systemu os\u0142ony przeciws\u0142onecznej Tamiz.<\/span><\/li><li><span style=\"color: #000000;\"><strong><span style=\"font-size: 18px;\">IZOLACYJNO\u015a\u0106 AKUSTYCZNA<\/span><\/strong><\/span><\/p>\n<p><span style=\"color: #000000;\">Maksymalna grubo\u015b\u0107 szklenia<strong> 29 mm<\/strong><\/span><br \/>\n<span style=\"color: #000000;\">Max. izolacyjno\u015b\u0107 akustyczna <strong>Rw=39 dBA<\/strong><\/span><\/li><li><span style=\"color: #000000;\"><strong><span style=\"font-size: 18px;\">WSP\u00d3\u0141CZYNNIK PRZENIKALNO\u015aCI CIEPLNEJ<\/span><\/strong><\/span><\/p>\n<div><span style=\"color: #000000;\">Uw od <strong>1,5 (W\/m\u00b2.K)\u00a0<\/strong><\/span><\/div>\n<div><span style=\"color: #000000;\">Sprawdzi\u0107 rodzaj, wymiary i szklenie<\/span><\/div>\n<p><\/li><li><span style=\"color: #000000;\"><strong><span style=\"font-size: 18px;\">RODZAJE SKRZYDE\u0141<\/span><\/strong><\/span><\/p>\n<div>\n<div><span style=\"color: #000000;\">Przesuwne \u00a02, 3, 4 i 6 skrzyd\u0142owe, Mo\u017cliwo\u015b\u0107 zastosowania tr\u00f3jtorowych szyn jezdnych.<\/span><\/div>\n<div><span style=\"color: #000000;\">Opcja <strong>galandage<\/strong> jedno- lub dwutorowa o 1, 2, 4 skrzyd\u0142ach.<\/span><\/div>\n<div class=\"aperDato\"><span style=\"color: #000000;\"><img decoding=\"async\" title=\"Apertura #13\" src=\"http:\/\/cortizo.com\/ficheros\/aperturas\/apertura_13.gif\" alt=\"Apertura #13\" \/> <img decoding=\"async\" title=\"Apertura #14\" src=\"http:\/\/cortizo.com\/ficheros\/aperturas\/apertura_14.gif\" alt=\"Apertura #14\" \/> <img decoding=\"async\" title=\"Apertura #15\" src=\"http:\/\/cortizo.com\/ficheros\/aperturas\/apertura_15.gif\" alt=\"Apertura #15\" \/><img decoding=\"async\" title=\"Apertura #25\" src=\"http:\/\/cortizo.com\/ficheros\/aperturas\/apertura_25.gif\" alt=\"Apertura #25\" \/> <img decoding=\"async\" title=\"Apertura #29\" src=\"http:\/\/cortizo.com\/ficheros\/aperturas\/apertura_29.gif\" alt=\"Apertura #29\" \/><\/span><\/div>\n<\/div>\n<p><\/li><li><span style=\"color: #000000;\"><strong><span style=\"font-size: 18px;\">PRZEKROJE \/ GRUBO\u015a\u0106 PROFILA<\/span><\/strong><\/span><\/p>\n<div>\n<div><span style=\"color: #000000;\">PRZEKROJE<\/span><\/div>\n<div><span style=\"color: #000000;\">O\u015bcie\u017cnica <strong>60 &#8211; 65 &#8211; 77 &#8211; 80 mm\u00a0<\/strong><\/span><\/div>\n<div><span style=\"color: #000000;\">O\u015bcie\u017cnica tr\u00f3jtorowa <strong>106 i 126<\/strong> <strong>mm<\/strong><\/span><\/div>\n<div><span style=\"color: #000000;\">Skrzyd\u0142o<strong> 33 i 37 mm<\/strong><\/span><\/div>\n<div><\/div>\n<div><span style=\"color: #000000;\">GRUBO\u015a\u0106 PROFILA Okno <strong>1,5 mm<br \/>\n<\/strong><\/span><br \/>\n<span style=\"color: #000000;\">Szeroko\u015b\u0107 przek\u0142adki termicznej: <strong>od 14,6 do 20 mm<\/strong><\/span><\/div>\n<\/div>\n<p><\/li><li><span style=\"color: #000000;\"><strong><span style=\"font-size: 18px;\">WYMIARY MAKSYMALNE<\/span><\/strong><\/span><\/p>\n<div>\n<div>\n<p><span style=\"color: #000000;\">Szeroko\u015b\u0107(L)=<strong>\u00a0<\/strong><strong>2.200 mm , <\/strong>Wysoko\u015b\u0107(H)=<strong> 2.600 mm<\/strong><\/span><\/p>\n<\/div>\n<div><span style=\"color: #000000;\">Ci\u0119\u017car maksymalny\/skrzyd\u0142o:<\/span><\/div>\n<div><span style=\"color: #000000;\"><strong>100 kg <\/strong>(skrzyd\u0142o obwodowe)<\/span><\/div>\n<div><span style=\"color: #000000;\"><strong>200 kg <\/strong>(skrzyd\u0142o z zaci\u0119ciem 90\u00b0)<\/span><\/div>\n<div><\/div>\n<div><span style=\"color: #000000;\">Dla pozosta\u0142ych typ\u00f3w prosimy konsultowa\u0107 maksymalne wymiary i wag\u0119.<\/span><\/div>\n<\/div>\n<p><\/li><li><span style=\"color: #000000;\"><strong><span style=\"font-size: 18px;\">BADANIA<\/span><\/strong><\/span><\/p>\n<div class=\"titDato open\"><span style=\"color: #000000;\">Kategorie uzyskane na stanowiskach badawczych<\/span><\/div>\n<div class=\"descDato\">\n<div><span style=\"color: #000000;\">Przepuszczalno\u015b\u0107 powietrza (EN 12207:2001):\u00a0<strong>Klasa 3\u00a0<\/strong><\/span><\/div>\n<div><span style=\"color: #000000;\">Wodoszczelno\u015b\u0107 (EN 12208:2001):<strong> Klasa 7A<\/strong><\/span><br \/>\n<span style=\"color: #000000;\">Wytrzyma\u0142o\u015b\u0107 na obci\u0105\u017cenie wiatrem (EN 12210:2001): <strong>Klasa C5<\/strong><\/span><\/div>\n<div><span style=\"color: #000000;\"><br \/>\nBadanie referencyjne okna dwuskrzyd\u0142owego 2,02 x 1,20 m<\/span><\/div>\n<\/div>\n<p><\/li><li><span style=\"color: #000000;\"><strong><span style=\"font-size: 18px;\">WYKO\u0143CZENIA<\/span><\/strong><\/span><\/p>\n<div><span style=\"color: #000000;\">Opcja dwukolorowa<\/span><\/div>\n<div><span style=\"color: #000000;\">Lakierowanie RAL (nakrapiane, chropowate)<\/span><\/div>\n<div><span style=\"color: #000000;\">Lakierowanie &#8211; imitacja drewna<\/span><\/div>\n<div><span style=\"color: #000000;\">Lakierowanie antybakteryjne<\/span><\/div>\n<div><span style=\"color: #000000;\">Anodowanie<\/span><\/div>\n<p><\/li><\/ul><\/div><\/div><\/div><div class=\"wpb_column vc_column_container vc_col-md-6\"><div class=\"vc_column-inner\"><div class=\"wpb_wrapper\">\n\t<div  class=\"wpb_single_image wpb_content_element vc_align_center wpb_content_element\">\n\t\t\n\t\t<figure class=\"wpb_wrapper vc_figure\">\n\t\t\t<div class=\"vc_single_image-wrapper vc_box_border  vc_box_border_grey\"><img loading=\"lazy\" decoding=\"async\" width=\"350\" height=\"400\" src=\"https:\/\/zenaluminium.pl\/wp-content\/uploads\/2021\/08\/1374569898.350x400.fm_.0202z.jpg\" class=\"vc_single_image-img attachment-full\" alt=\"\" title=\"1374569898.350x400.fm_.0202z\" srcset=\"https:\/\/zenaluminium.pl\/wp-content\/uploads\/2021\/08\/1374569898.350x400.fm_.0202z.jpg 350w, https:\/\/zenaluminium.pl\/wp-content\/uploads\/2021\/08\/1374569898.350x400.fm_.0202z-263x300.jpg 263w\" sizes=\"auto, (max-width: 350px) 100vw, 350px\" \/><\/div>\n\t\t<\/figure>\n\t<\/div>\n\n\t<div  class=\"wpb_single_image wpb_content_element vc_align_center wpb_content_element\">\n\t\t\n\t\t<figure class=\"wpb_wrapper vc_figure\">\n\t\t\t<div class=\"vc_single_image-wrapper vc_box_border  vc_box_border_grey\"><img loading=\"lazy\" decoding=\"async\" width=\"600\" height=\"338\" src=\"https:\/\/zenaluminium.pl\/wp-content\/uploads\/2021\/08\/02_02z.png\" class=\"vc_single_image-img attachment-full\" alt=\"\" title=\"02_02z\" srcset=\"https:\/\/zenaluminium.pl\/wp-content\/uploads\/2021\/08\/02_02z.png 600w, https:\/\/zenaluminium.pl\/wp-content\/uploads\/2021\/08\/02_02z-300x169.png 300w\" sizes=\"auto, (max-width: 600px) 100vw, 600px\" \/><\/div>\n\t\t<\/figure>\n\t<\/div>\n<div class=\"wpb_gallery wpb_content_element vc_clearfix wpb_content_element\" ><div class=\"wpb_wrapper\"><div class=\"wpb_gallery_slides wpb_flexslider flexslider_fade flexslider\" data-interval=\"3\" data-flex_fx=\"fade\"><ul class=\"slides\"><li><a class=\"\" href=\"https:\/\/zenaluminium.pl\/wp-content\/uploads\/2023\/05\/2459.4200.jpg\" data-lightbox=\"lightbox[rel-3208-2174353336]\"><img loading=\"lazy\" decoding=\"async\" width=\"844\" height=\"477\" src=\"https:\/\/zenaluminium.pl\/wp-content\/uploads\/2023\/05\/2459.4200.jpg\" class=\"attachment-full\" alt=\"\" title=\"2459.4200\" srcset=\"https:\/\/zenaluminium.pl\/wp-content\/uploads\/2023\/05\/2459.4200.jpg 844w, https:\/\/zenaluminium.pl\/wp-content\/uploads\/2023\/05\/2459.4200-600x339.jpg 600w, https:\/\/zenaluminium.pl\/wp-content\/uploads\/2023\/05\/2459.4200-300x170.jpg 300w, https:\/\/zenaluminium.pl\/wp-content\/uploads\/2023\/05\/2459.4200-768x434.jpg 768w, https:\/\/zenaluminium.pl\/wp-content\/uploads\/2023\/05\/2459.4200-18x10.jpg 18w\" sizes=\"auto, (max-width: 844px) 100vw, 844px\" \/><\/a><\/li><li><a class=\"\" href=\"https:\/\/zenaluminium.pl\/wp-content\/uploads\/2023\/04\/4200-millenium-system-przesuwny-1024x602.jpg\" data-lightbox=\"lightbox[rel-3208-2174353336]\"><img loading=\"lazy\" decoding=\"async\" width=\"1620\" height=\"952\" src=\"https:\/\/zenaluminium.pl\/wp-content\/uploads\/2023\/04\/4200-millenium-system-przesuwny.jpg\" class=\"attachment-full\" alt=\"\" title=\"4200 millenium system przesuwny\" srcset=\"https:\/\/zenaluminium.pl\/wp-content\/uploads\/2023\/04\/4200-millenium-system-przesuwny.jpg 1620w, https:\/\/zenaluminium.pl\/wp-content\/uploads\/2023\/04\/4200-millenium-system-przesuwny-600x353.jpg 600w, https:\/\/zenaluminium.pl\/wp-content\/uploads\/2023\/04\/4200-millenium-system-przesuwny-300x176.jpg 300w, https:\/\/zenaluminium.pl\/wp-content\/uploads\/2023\/04\/4200-millenium-system-przesuwny-1024x602.jpg 1024w, https:\/\/zenaluminium.pl\/wp-content\/uploads\/2023\/04\/4200-millenium-system-przesuwny-768x451.jpg 768w, https:\/\/zenaluminium.pl\/wp-content\/uploads\/2023\/04\/4200-millenium-system-przesuwny-1536x903.jpg 1536w\" sizes=\"auto, (max-width: 1620px) 100vw, 1620px\" \/><\/a><\/li><\/ul><\/div><\/div><\/div><\/div><\/div><\/div><\/div><div class=\"vc_row wpb_row vc_row-fluid vc_custom_1490859608642 vc_row-has-fill\"><div class=\"wpb_column vc_column_container vc_col-md-12\"><div class=\"vc_column-inner\"><div class=\"wpb_wrapper\"><div class=\"download\"><div class='download-content text-uppercase' style='color: #fff'><i class='fa fa fa-file-pdf-o'><\/i> POBIERZ KOMPLETNY KATALOG SYSTEMU DRZWI PRZESUWNYCH &#8211; &#8222;4200&#8221;<\/div><a target='_self' href='http:\/\/zenaluminium.com\/public_html\/wp-content\/uploads\/pl-doc\/4200%20Przesuwny%20Izol.%20Term..pdf' class='btn btn-md btn-dark btn-shadow'><i class='fa fa fa-cloud-download'><\/i> Pobierz<\/a><\/div><\/div><\/div><\/div><\/div><div class=\"vc_row wpb_row vc_row-fluid\"><div class=\"wpb_column vc_column_container vc_col-md-12\"><div class=\"vc_column-inner\"><div class=\"wpb_wrapper\"><\/div><\/div><\/div><\/div>\n<\/div>","protected":false},"excerpt":{"rendered":"OPIS SYSTEMU DRZWI PRZESUWNYCH - 4200 Elastyczny system z r\u00f3\u017cnorakimi o\u015bcie\u017cnicami obwodowymi oraz \u00a0cechuj\u0105cy si\u0119 mo\u017cliwo\u015bci\u0105 u\u017cycia skrzyde\u0142 z zaci\u0119ciem 90\u00b0 lub obwodowych. Wyst\u0119puje w dw\u00f3ch opcjach estetycznych: skrzyde\u0142 o kraw\u0119dzi zaokr\u0105glonej lub prostej. W wersji ze skrzyd\u0142ami z zaci\u0119ciem &hellip;","protected":false},"author":1,"featured_media":0,"parent":3117,"menu_order":0,"comment_status":"closed","ping_status":"closed","template":"","meta":{"footnotes":""},"class_list":["post-3208","page","type-page","status-publish","hentry"],"yoast_head":"<!-- This site is optimized with the Yoast SEO plugin v27.2 - https:\/\/yoast.com\/product\/yoast-seo-wordpress\/ -->\n<title>SYSTEM DRZWI PRZESUWNYCH - 4200 - Zen Aluminium - polski producent okien i drzwi z aluminium<\/title>\n<meta name=\"robots\" content=\"index, follow, max-snippet:-1, max-image-preview:large, max-video-preview:-1\" \/>\n<link rel=\"canonical\" href=\"https:\/\/zenaluminium.pl\/lt\/paslaugos\/duru-ir-aliuminio-sistemos\/slankiojancios-durys\/4200-2\/\" \/>\n<meta property=\"og:locale\" content=\"lt_LT\" \/>\n<meta property=\"og:type\" content=\"article\" \/>\n<meta property=\"og:title\" content=\"SYSTEM DRZWI PRZESUWNYCH - 4200 - Zen Aluminium - polski producent okien i drzwi z aluminium\" \/>\n<meta property=\"og:url\" content=\"https:\/\/zenaluminium.pl\/lt\/paslaugos\/duru-ir-aliuminio-sistemos\/slankiojancios-durys\/4200-2\/\" \/>\n<meta property=\"og:site_name\" content=\"Zen Aluminium - polski producent okien i drzwi z aluminium\" \/>\n<meta property=\"article:publisher\" content=\"http:\/\/fb.com\/zenaluminum\" \/>\n<meta property=\"article:modified_time\" content=\"2023-05-08T06:12:16+00:00\" \/>\n<meta property=\"og:image\" content=\"http:\/\/cortizo.com\/ficheros\/aperturas\/apertura_13.gif\" \/>\n<meta name=\"twitter:card\" content=\"summary_large_image\" \/>\n<meta name=\"twitter:label1\" content=\"Est. reading time\" \/>\n\t<meta name=\"twitter:data1\" content=\"3 minut\u0117s\" \/>\n<script type=\"application\/ld+json\" class=\"yoast-schema-graph\">{\"@context\":\"https:\/\/schema.org\",\"@graph\":[{\"@type\":\"WebPage\",\"@id\":\"https:\/\/zenaluminium.pl\/uslugi\/systemy-drzwiowe-aluminiowe\/drzwi-przesuwne\/4200-2\/\",\"url\":\"https:\/\/zenaluminium.pl\/uslugi\/systemy-drzwiowe-aluminiowe\/drzwi-przesuwne\/4200-2\/\",\"name\":\"SYSTEM DRZWI PRZESUWNYCH - 4200 - Zen Aluminium - polski producent okien i drzwi z aluminium\",\"isPartOf\":{\"@id\":\"https:\/\/zenaluminium.pl\/#website\"},\"primaryImageOfPage\":{\"@id\":\"https:\/\/zenaluminium.pl\/uslugi\/systemy-drzwiowe-aluminiowe\/drzwi-przesuwne\/4200-2\/#primaryimage\"},\"image\":{\"@id\":\"https:\/\/zenaluminium.pl\/uslugi\/systemy-drzwiowe-aluminiowe\/drzwi-przesuwne\/4200-2\/#primaryimage\"},\"thumbnailUrl\":\"http:\/\/cortizo.com\/ficheros\/aperturas\/apertura_13.gif\",\"datePublished\":\"2017-04-06T13:40:45+00:00\",\"dateModified\":\"2023-05-08T06:12:16+00:00\",\"breadcrumb\":{\"@id\":\"https:\/\/zenaluminium.pl\/uslugi\/systemy-drzwiowe-aluminiowe\/drzwi-przesuwne\/4200-2\/#breadcrumb\"},\"inLanguage\":\"lt-LT\",\"potentialAction\":[{\"@type\":\"ReadAction\",\"target\":[\"https:\/\/zenaluminium.pl\/uslugi\/systemy-drzwiowe-aluminiowe\/drzwi-przesuwne\/4200-2\/\"]}]},{\"@type\":\"ImageObject\",\"inLanguage\":\"lt-LT\",\"@id\":\"https:\/\/zenaluminium.pl\/uslugi\/systemy-drzwiowe-aluminiowe\/drzwi-przesuwne\/4200-2\/#primaryimage\",\"url\":\"http:\/\/cortizo.com\/ficheros\/aperturas\/apertura_13.gif\",\"contentUrl\":\"http:\/\/cortizo.com\/ficheros\/aperturas\/apertura_13.gif\"},{\"@type\":\"BreadcrumbList\",\"@id\":\"https:\/\/zenaluminium.pl\/uslugi\/systemy-drzwiowe-aluminiowe\/drzwi-przesuwne\/4200-2\/#breadcrumb\",\"itemListElement\":[{\"@type\":\"ListItem\",\"position\":1,\"name\":\"Home\",\"item\":\"https:\/\/zenaluminium.pl\/\"},{\"@type\":\"ListItem\",\"position\":2,\"name\":\"Stolarka aluminiowa\",\"item\":\"https:\/\/zenaluminium.pl\/uslugi\/\"},{\"@type\":\"ListItem\",\"position\":3,\"name\":\"SYSTEMY DRZWIOWE\",\"item\":\"https:\/\/zenaluminium.pl\/uslugi\/systemy-drzwiowe-aluminiowe\/\"},{\"@type\":\"ListItem\",\"position\":4,\"name\":\"SYSTEMY DRZWI PRZESUWNYCH\",\"item\":\"https:\/\/zenaluminium.pl\/uslugi\/systemy-drzwiowe-aluminiowe\/drzwi-przesuwne\/\"},{\"@type\":\"ListItem\",\"position\":5,\"name\":\"SYSTEM DRZWI PRZESUWNYCH &#8211; 4200\"}]},{\"@type\":\"WebSite\",\"@id\":\"https:\/\/zenaluminium.pl\/#website\",\"url\":\"https:\/\/zenaluminium.pl\/\",\"name\":\"Zen Aluminium - polski producent okien i drzwi z aluminium\",\"description\":\"Stolarka okienna, fasady, ogrody zimowe, rozwi\u0105zania klasy premium\",\"potentialAction\":[{\"@type\":\"SearchAction\",\"target\":{\"@type\":\"EntryPoint\",\"urlTemplate\":\"https:\/\/zenaluminium.pl\/?s={search_term_string}\"},\"query-input\":{\"@type\":\"PropertyValueSpecification\",\"valueRequired\":true,\"valueName\":\"search_term_string\"}}],\"inLanguage\":\"lt-LT\"}]}<\/script>\n<!-- \/ Yoast SEO plugin. -->","yoast_head_json":{"title":"SYSTEM DRZWI PRZESUWNYCH - 4200 - Zen Aluminium - polski producent okien i drzwi z aluminium","robots":{"index":"index","follow":"follow","max-snippet":"max-snippet:-1","max-image-preview":"max-image-preview:large","max-video-preview":"max-video-preview:-1"},"canonical":"https:\/\/zenaluminium.pl\/lt\/paslaugos\/duru-ir-aliuminio-sistemos\/slankiojancios-durys\/4200-2\/","og_locale":"lt_LT","og_type":"article","og_title":"SYSTEM DRZWI PRZESUWNYCH - 4200 - Zen Aluminium - polski producent okien i drzwi z aluminium","og_url":"https:\/\/zenaluminium.pl\/lt\/paslaugos\/duru-ir-aliuminio-sistemos\/slankiojancios-durys\/4200-2\/","og_site_name":"Zen Aluminium - polski producent okien i drzwi z aluminium","article_publisher":"http:\/\/fb.com\/zenaluminum","article_modified_time":"2023-05-08T06:12:16+00:00","og_image":[{"url":"http:\/\/cortizo.com\/ficheros\/aperturas\/apertura_13.gif","type":"","width":"","height":""}],"twitter_card":"summary_large_image","twitter_misc":{"Est. reading time":"3 minut\u0117s"},"schema":{"@context":"https:\/\/schema.org","@graph":[{"@type":"WebPage","@id":"https:\/\/zenaluminium.pl\/uslugi\/systemy-drzwiowe-aluminiowe\/drzwi-przesuwne\/4200-2\/","url":"https:\/\/zenaluminium.pl\/uslugi\/systemy-drzwiowe-aluminiowe\/drzwi-przesuwne\/4200-2\/","name":"SYSTEM DRZWI PRZESUWNYCH - 4200 - Zen Aluminium - polski producent okien i drzwi z aluminium","isPartOf":{"@id":"https:\/\/zenaluminium.pl\/#website"},"primaryImageOfPage":{"@id":"https:\/\/zenaluminium.pl\/uslugi\/systemy-drzwiowe-aluminiowe\/drzwi-przesuwne\/4200-2\/#primaryimage"},"image":{"@id":"https:\/\/zenaluminium.pl\/uslugi\/systemy-drzwiowe-aluminiowe\/drzwi-przesuwne\/4200-2\/#primaryimage"},"thumbnailUrl":"http:\/\/cortizo.com\/ficheros\/aperturas\/apertura_13.gif","datePublished":"2017-04-06T13:40:45+00:00","dateModified":"2023-05-08T06:12:16+00:00","breadcrumb":{"@id":"https:\/\/zenaluminium.pl\/uslugi\/systemy-drzwiowe-aluminiowe\/drzwi-przesuwne\/4200-2\/#breadcrumb"},"inLanguage":"lt-LT","potentialAction":[{"@type":"ReadAction","target":["https:\/\/zenaluminium.pl\/uslugi\/systemy-drzwiowe-aluminiowe\/drzwi-przesuwne\/4200-2\/"]}]},{"@type":"ImageObject","inLanguage":"lt-LT","@id":"https:\/\/zenaluminium.pl\/uslugi\/systemy-drzwiowe-aluminiowe\/drzwi-przesuwne\/4200-2\/#primaryimage","url":"http:\/\/cortizo.com\/ficheros\/aperturas\/apertura_13.gif","contentUrl":"http:\/\/cortizo.com\/ficheros\/aperturas\/apertura_13.gif"},{"@type":"BreadcrumbList","@id":"https:\/\/zenaluminium.pl\/uslugi\/systemy-drzwiowe-aluminiowe\/drzwi-przesuwne\/4200-2\/#breadcrumb","itemListElement":[{"@type":"ListItem","position":1,"name":"Home","item":"https:\/\/zenaluminium.pl\/"},{"@type":"ListItem","position":2,"name":"Stolarka aluminiowa","item":"https:\/\/zenaluminium.pl\/uslugi\/"},{"@type":"ListItem","position":3,"name":"SYSTEMY DRZWIOWE","item":"https:\/\/zenaluminium.pl\/uslugi\/systemy-drzwiowe-aluminiowe\/"},{"@type":"ListItem","position":4,"name":"SYSTEMY DRZWI PRZESUWNYCH","item":"https:\/\/zenaluminium.pl\/uslugi\/systemy-drzwiowe-aluminiowe\/drzwi-przesuwne\/"},{"@type":"ListItem","position":5,"name":"SYSTEM DRZWI PRZESUWNYCH &#8211; 4200"}]},{"@type":"WebSite","@id":"https:\/\/zenaluminium.pl\/#website","url":"https:\/\/zenaluminium.pl\/","name":"\"Zen Aluminium\" - Lenkijos aliuminio lang\u0173 ir dur\u0173 gamintojas","description":"Lang\u0173 dailylent\u0117s, fasadai, \u017eiemos sodai, auk\u0161\u010diausios kokyb\u0117s sprendimai","potentialAction":[{"@type":"SearchAction","target":{"@type":"EntryPoint","urlTemplate":"https:\/\/zenaluminium.pl\/?s={search_term_string}"},"query-input":{"@type":"PropertyValueSpecification","valueRequired":true,"valueName":"search_term_string"}}],"inLanguage":"lt-LT"}]}},"_links":{"self":[{"href":"https:\/\/zenaluminium.pl\/lt\/wp-json\/wp\/v2\/pages\/3208","targetHints":{"allow":["GET"]}}],"collection":[{"href":"https:\/\/zenaluminium.pl\/lt\/wp-json\/wp\/v2\/pages"}],"about":[{"href":"https:\/\/zenaluminium.pl\/lt\/wp-json\/wp\/v2\/types\/page"}],"author":[{"embeddable":true,"href":"https:\/\/zenaluminium.pl\/lt\/wp-json\/wp\/v2\/users\/1"}],"replies":[{"embeddable":true,"href":"https:\/\/zenaluminium.pl\/lt\/wp-json\/wp\/v2\/comments?post=3208"}],"version-history":[{"count":8,"href":"https:\/\/zenaluminium.pl\/lt\/wp-json\/wp\/v2\/pages\/3208\/revisions"}],"predecessor-version":[{"id":17820,"href":"https:\/\/zenaluminium.pl\/lt\/wp-json\/wp\/v2\/pages\/3208\/revisions\/17820"}],"up":[{"embeddable":true,"href":"https:\/\/zenaluminium.pl\/lt\/wp-json\/wp\/v2\/pages\/3117"}],"wp:attachment":[{"href":"https:\/\/zenaluminium.pl\/lt\/wp-json\/wp\/v2\/media?parent=3208"}],"curies":[{"name":"wp","href":"https:\/\/api.w.org\/{rel}","templated":true}]}}