{"id":4748,"date":"2019-02-21T11:33:57","date_gmt":"2019-02-21T11:33:57","guid":{"rendered":"https:\/\/zenaluminium.com\/?page_id=4748"},"modified":"2019-09-02T14:53:52","modified_gmt":"2019-09-02T13:53:52","slug":"tvoros-is-aliuminio","status":"publish","type":"page","link":"https:\/\/zenaluminium.pl\/lt\/uslugi\/ogrodzenia-aluminiowe\/","title":{"rendered":"Aliuminio tvoros"},"content":{"rendered":"<div class=\"wpb-content-wrapper\"><div class=\"vc_row wpb_row vc_row-fluid\"><div class=\"wpb_column vc_column_container vc_col-md-12\"><div class=\"vc_column-inner\"><div class=\"wpb_wrapper\"><h1 class='heading-middle  style-1' ><span>Aliuminio tvor\u0173 ir \u012fva\u017eiavimo vart\u0173 gamintojas<\/span><\/h1><\/div><\/div><\/div><\/div><div class=\"vc_row wpb_row vc_row-fluid\"><div class=\"wpb_column vc_column_container vc_col-md-8\"><div class=\"vc_column-inner\"><div class=\"wpb_wrapper\">\n\t<div class=\"wpb_text_column wpb_content_element\" >\n\t\t<div class=\"wpb_wrapper\">\n\t\t\t<h2><strong>Modernios aliuminio tvoros, kurias sudaro: TVOROS: TARPIN\u0116S, VARTAI, VARTELIAI, VARTELIAI<\/strong><\/h2>\n<p>M\u016bs\u0173 aliuminio tvoros suteiks j\u016bs\u0173 nuosavybei individualumo ir yra puikus dekoratyvinis elementas. Jos vis\u0173 pirma skirtos moderniems pastatams, ta\u010diau ir senesniems pastatams suteiks nauj\u0105, gaivi\u0105 i\u0161vaizd\u0105. Kartu jos puikiai atlieka savo pagrindin\u0119 funkcij\u0105 - u\u017etikrina j\u016bs\u0173 nuosavyb\u0117s saugum\u0105 ir privatum\u0105.<\/p>\n<ul>\n<li>M\u016bs\u0173 tvor\u0173 privalumai:<\/li>\n<li>Didelis patvarumas<\/li>\n<li>Lengva palaikyti \u0161var\u0105<\/li>\n<li>Nereikia specialios prie\u017ei\u016bros<\/li>\n<li>N\u0117ra korozijos<\/li>\n<li>Platus apdailos asortimentas<\/li>\n<li>RAL lakavimas, anodavimas, medienos tekst\u016bros apdaila<\/li>\n<li>Gamybos ir surinkimo greitis ir paprastumas<\/li>\n<li>Pla\u010dios galimyb\u0117s - skirting\u0173 spalv\u0173 profili\u0173 derinimas<\/li>\n<li>Didelis u\u017epildymo profili\u0173 pasirinkimas<\/li>\n<li>Platus pritaikom\u0173 sprendim\u0173 spektras<\/li>\n<li>Lengvas automatikos diegimas<\/li>\n<li>Patikimas ir ilgalaikis veikimas<\/li>\n<li>Didelis naudotojo komfortas<\/li>\n<li>Daugiamet\u0117 garantija<\/li>\n<\/ul>\n\n\t\t<\/div>\n\t<\/div>\n<div class=\"vc_row wpb_row vc_inner vc_row-fluid\"><div class=\"wpb_column vc_column_container vc_col-md-4\"><div class=\"vc_column-inner\"><div class=\"wpb_wrapper\">\n\t<div class=\"wpb_text_column wpb_content_element\" >\n\t\t<div class=\"wpb_wrapper\">\n\t\t\t<p><strong>SLATTED BAY<\/strong><\/p>\n\n\t\t<\/div>\n\t<\/div>\n\n\t<div  class=\"wpb_single_image wpb_content_element vc_align_left wpb_content_element\">\n\t\t\n\t\t<figure class=\"wpb_wrapper vc_figure\">\n\t\t\t<div class=\"vc_single_image-wrapper   vc_box_border_grey\"><img loading=\"lazy\" decoding=\"async\" width=\"300\" height=\"240\" src=\"https:\/\/zenaluminium.pl\/wp-content\/uploads\/2019\/02\/lamela-sta\u0142_szary-1-300x240.jpg\" class=\"vc_single_image-img attachment-medium\" alt=\"\" title=\"lamella-solid_grey-1\" srcset=\"https:\/\/zenaluminium.pl\/wp-content\/uploads\/2019\/02\/lamela-sta\u0142_szary-1-300x240.jpg 300w, https:\/\/zenaluminium.pl\/wp-content\/uploads\/2019\/02\/lamela-sta\u0142_szary-1-1024x819.jpg 1024w, https:\/\/zenaluminium.pl\/wp-content\/uploads\/2019\/02\/lamela-sta\u0142_szary-1-768x614.jpg 768w, https:\/\/zenaluminium.pl\/wp-content\/uploads\/2019\/02\/lamela-sta\u0142_szary-1-1536x1229.jpg 1536w, https:\/\/zenaluminium.pl\/wp-content\/uploads\/2019\/02\/lamela-sta\u0142_szary-1-2048x1638.jpg 2048w\" sizes=\"auto, (max-width: 300px) 100vw, 300px\" \/><\/div>\n\t\t<\/figure>\n\t<\/div>\n<\/div><\/div><\/div><div class=\"wpb_column vc_column_container vc_col-md-4\"><div class=\"vc_column-inner\"><div class=\"wpb_wrapper\">\n\t<div class=\"wpb_text_column wpb_content_element\" >\n\t\t<div class=\"wpb_wrapper\">\n\t\t\t<p><strong>ALUMINIUM BAY<\/strong><\/p>\n\n\t\t<\/div>\n\t<\/div>\n\n\t<div  class=\"wpb_single_image wpb_content_element vc_align_left wpb_content_element\">\n\t\t\n\t\t<figure class=\"wpb_wrapper vc_figure\">\n\t\t\t<div class=\"vc_single_image-wrapper   vc_box_border_grey\"><img loading=\"lazy\" decoding=\"async\" width=\"300\" height=\"240\" src=\"https:\/\/zenaluminium.pl\/wp-content\/uploads\/2019\/02\/Ogodzenia-1-300x240.jpg\" class=\"vc_single_image-img attachment-medium\" alt=\"\" title=\"Gaisrai-1\" srcset=\"https:\/\/zenaluminium.pl\/wp-content\/uploads\/2019\/02\/Ogodzenia-1-300x240.jpg 300w, https:\/\/zenaluminium.pl\/wp-content\/uploads\/2019\/02\/Ogodzenia-1-1024x819.jpg 1024w, https:\/\/zenaluminium.pl\/wp-content\/uploads\/2019\/02\/Ogodzenia-1-768x614.jpg 768w, https:\/\/zenaluminium.pl\/wp-content\/uploads\/2019\/02\/Ogodzenia-1-1536x1229.jpg 1536w, https:\/\/zenaluminium.pl\/wp-content\/uploads\/2019\/02\/Ogodzenia-1-2048x1638.jpg 2048w\" sizes=\"auto, (max-width: 300px) 100vw, 300px\" \/><\/div>\n\t\t<\/figure>\n\t<\/div>\n<\/div><\/div><\/div><div class=\"wpb_column vc_column_container vc_col-md-4\"><div class=\"vc_column-inner\"><div class=\"wpb_wrapper\"><\/div><\/div><\/div><\/div><\/div><\/div><\/div><div class=\"wpb_column vc_column_container vc_col-md-4\"><div class=\"vc_column-inner\"><div class=\"wpb_wrapper\">\n\t<div  class=\"wpb_single_image wpb_content_element vc_align_left wpb_content_element\">\n\t\t\n\t\t<figure class=\"wpb_wrapper vc_figure\">\n\t\t\t<div class=\"vc_single_image-wrapper   vc_box_border_grey\"><img loading=\"lazy\" decoding=\"async\" width=\"300\" height=\"225\" src=\"https:\/\/zenaluminium.pl\/wp-content\/uploads\/2019\/02\/ogrodzenia-aluminiowe-brama-300x225.jpg\" class=\"vc_single_image-img attachment-medium\" alt=\"\" title=\"tvoros-aliuminio vartai\" srcset=\"https:\/\/zenaluminium.pl\/wp-content\/uploads\/2019\/02\/ogrodzenia-aluminiowe-brama-300x225.jpg 300w, https:\/\/zenaluminium.pl\/wp-content\/uploads\/2019\/02\/ogrodzenia-aluminiowe-brama-1024x768.jpg 1024w, https:\/\/zenaluminium.pl\/wp-content\/uploads\/2019\/02\/ogrodzenia-aluminiowe-brama-768x576.jpg 768w, https:\/\/zenaluminium.pl\/wp-content\/uploads\/2019\/02\/ogrodzenia-aluminiowe-brama-1536x1152.jpg 1536w, https:\/\/zenaluminium.pl\/wp-content\/uploads\/2019\/02\/ogrodzenia-aluminiowe-brama-2048x1536.jpg 2048w, https:\/\/zenaluminium.pl\/wp-content\/uploads\/2019\/02\/ogrodzenia-aluminiowe-brama-280x210.jpg 280w\" sizes=\"auto, (max-width: 300px) 100vw, 300px\" \/><\/div>\n\t\t<\/figure>\n\t<\/div>\n\n\t<div  class=\"wpb_single_image wpb_content_element vc_align_left wpb_content_element\">\n\t\t\n\t\t<figure class=\"wpb_wrapper vc_figure\">\n\t\t\t<div class=\"vc_single_image-wrapper   vc_box_border_grey\"><img loading=\"lazy\" decoding=\"async\" width=\"300\" height=\"125\" src=\"https:\/\/zenaluminium.pl\/wp-content\/uploads\/2019\/02\/ogrodzenia-aluminiowe-przesla-300x125.jpg\" class=\"vc_single_image-img attachment-medium\" alt=\"\" title=\"tvoros-aliuminio tvoros\" srcset=\"https:\/\/zenaluminium.pl\/wp-content\/uploads\/2019\/02\/ogrodzenia-aluminiowe-przesla-300x125.jpg 300w, https:\/\/zenaluminium.pl\/wp-content\/uploads\/2019\/02\/ogrodzenia-aluminiowe-przesla-1024x426.jpg 1024w, https:\/\/zenaluminium.pl\/wp-content\/uploads\/2019\/02\/ogrodzenia-aluminiowe-przesla-768x319.jpg 768w, https:\/\/zenaluminium.pl\/wp-content\/uploads\/2019\/02\/ogrodzenia-aluminiowe-przesla-1536x639.jpg 1536w, https:\/\/zenaluminium.pl\/wp-content\/uploads\/2019\/02\/ogrodzenia-aluminiowe-przesla.jpg 1890w\" sizes=\"auto, (max-width: 300px) 100vw, 300px\" \/><\/div>\n\t\t<\/figure>\n\t<\/div>\n\n\t<div  class=\"wpb_single_image wpb_content_element vc_align_left wpb_content_element\">\n\t\t\n\t\t<figure class=\"wpb_wrapper vc_figure\">\n\t\t\t<div class=\"vc_single_image-wrapper   vc_box_border_grey\"><img loading=\"lazy\" decoding=\"async\" width=\"300\" height=\"169\" src=\"https:\/\/zenaluminium.pl\/wp-content\/uploads\/2019\/02\/ogrodzenia-plot-aluminiowy-300x169.jpeg\" class=\"vc_single_image-img attachment-medium\" alt=\"\" title=\"tvoros-plok\u0161t\u0117s-aliuminio\" srcset=\"https:\/\/zenaluminium.pl\/wp-content\/uploads\/2019\/02\/ogrodzenia-plot-aluminiowy-300x169.jpeg 300w, https:\/\/zenaluminium.pl\/wp-content\/uploads\/2019\/02\/ogrodzenia-plot-aluminiowy.jpeg 512w\" sizes=\"auto, (max-width: 300px) 100vw, 300px\" \/><\/div>\n\t\t<\/figure>\n\t<\/div>\n\n\t<div  class=\"wpb_single_image wpb_content_element vc_align_left wpb_content_element\">\n\t\t\n\t\t<figure class=\"wpb_wrapper vc_figure\">\n\t\t\t<div class=\"vc_single_image-wrapper   vc_box_border_grey\"><img loading=\"lazy\" decoding=\"async\" width=\"300\" height=\"223\" src=\"https:\/\/zenaluminium.pl\/wp-content\/uploads\/2019\/02\/ogrodzenie-drewnopodobne-aluminiowe-300x223.jpg\" class=\"vc_single_image-img attachment-medium\" alt=\"\" title=\"tvora-mediena-aliuminis\" srcset=\"https:\/\/zenaluminium.pl\/wp-content\/uploads\/2019\/02\/ogrodzenie-drewnopodobne-aluminiowe-300x223.jpg 300w, https:\/\/zenaluminium.pl\/wp-content\/uploads\/2019\/02\/ogrodzenie-drewnopodobne-aluminiowe-768x571.jpg 768w, https:\/\/zenaluminium.pl\/wp-content\/uploads\/2019\/02\/ogrodzenie-drewnopodobne-aluminiowe.jpg 875w\" sizes=\"auto, (max-width: 300px) 100vw, 300px\" \/><\/div>\n\t\t<\/figure>\n\t<\/div>\n<\/div><\/div><\/div><\/div>\n<\/div>","protected":false},"excerpt":{"rendered":"Producent ogrodze\u0144 aluminiowych i bram wjazdowych NOWOCZESNE OGRODZENIA ALUMINIOWE, w sk\u0142ad wchodz\u0105: PRZ\u0118S\u0141A, FURTKI, BRAMY Nasze aluminiowe ogrodzenia pozwol\u0105 nada\u0107 Pa\u0144stwa posesji indywidualny charakter, stanowi\u0105c jej doskona\u0142y element dekoracyjny. Przeznaczone s\u0105 one przede wszystkim dla nowoczesnych obiekt\u00f3w, ale i starszym &hellip;","protected":false},"author":1,"featured_media":0,"parent":3142,"menu_order":0,"comment_status":"closed","ping_status":"closed","template":"","meta":{"footnotes":""},"class_list":["post-4748","page","type-page","status-publish","hentry"],"yoast_head":"<!-- This site is optimized with the Yoast SEO plugin v27.2 - https:\/\/yoast.com\/product\/yoast-seo-wordpress\/ -->\n<title>NOWOCZESNE P\u0141OTY, OGRODZENIA, BRAMY Z ALUMINIUM<\/title>\n<meta name=\"description\" content=\"Nasze aluminiowe ogrodzenia, p\u0142oty i bramy pozwol\u0105 nada\u0107 Pa\u0144stwa posesji indywidualny charakter, stanowi\u0105c jej doskona\u0142y element dekoracyjny. Zapewniaj\u0105 bezpiecze\u0144stwo i prywatno\u015b\u0107 Pa\u0144stwa posesji.\" \/>\n<meta name=\"robots\" content=\"index, follow, max-snippet:-1, max-image-preview:large, max-video-preview:-1\" \/>\n<link rel=\"canonical\" href=\"https:\/\/zenaluminium.pl\/lt\/paslaugos\/tvoros-is-aliuminio\/\" \/>\n<meta property=\"og:locale\" content=\"lt_LT\" \/>\n<meta property=\"og:type\" content=\"article\" \/>\n<meta property=\"og:title\" content=\"NOWOCZESNE P\u0141OTY, OGRODZENIA, BRAMY Z ALUMINIUM\" \/>\n<meta property=\"og:description\" content=\"Nasze aluminiowe ogrodzenia, p\u0142oty i bramy pozwol\u0105 nada\u0107 Pa\u0144stwa posesji indywidualny charakter, stanowi\u0105c jej doskona\u0142y element dekoracyjny. Zapewniaj\u0105 bezpiecze\u0144stwo i prywatno\u015b\u0107 Pa\u0144stwa posesji.\" \/>\n<meta property=\"og:url\" content=\"https:\/\/zenaluminium.pl\/lt\/paslaugos\/tvoros-is-aliuminio\/\" \/>\n<meta property=\"og:site_name\" content=\"Zen Aluminium - polski producent okien i drzwi z aluminium\" \/>\n<meta property=\"article:publisher\" content=\"http:\/\/fb.com\/zenaluminum\" \/>\n<meta property=\"article:modified_time\" content=\"2019-09-02T13:53:52+00:00\" \/>\n<meta name=\"twitter:card\" content=\"summary_large_image\" \/>\n<meta name=\"twitter:label1\" content=\"Est. reading time\" \/>\n\t<meta name=\"twitter:data1\" content=\"2 minut\u0117s\" \/>\n<script type=\"application\/ld+json\" class=\"yoast-schema-graph\">{\"@context\":\"https:\/\/schema.org\",\"@graph\":[{\"@type\":\"WebPage\",\"@id\":\"https:\/\/zenaluminium.pl\/uslugi\/ogrodzenia-aluminiowe\/\",\"url\":\"https:\/\/zenaluminium.pl\/uslugi\/ogrodzenia-aluminiowe\/\",\"name\":\"NOWOCZESNE P\u0141OTY, OGRODZENIA, BRAMY Z ALUMINIUM\",\"isPartOf\":{\"@id\":\"https:\/\/zenaluminium.pl\/#website\"},\"datePublished\":\"2019-02-21T11:33:57+00:00\",\"dateModified\":\"2019-09-02T13:53:52+00:00\",\"description\":\"Nasze aluminiowe ogrodzenia, p\u0142oty i bramy pozwol\u0105 nada\u0107 Pa\u0144stwa posesji indywidualny charakter, stanowi\u0105c jej doskona\u0142y element dekoracyjny. Zapewniaj\u0105 bezpiecze\u0144stwo i prywatno\u015b\u0107 Pa\u0144stwa posesji.\",\"breadcrumb\":{\"@id\":\"https:\/\/zenaluminium.pl\/uslugi\/ogrodzenia-aluminiowe\/#breadcrumb\"},\"inLanguage\":\"lt-LT\",\"potentialAction\":[{\"@type\":\"ReadAction\",\"target\":[\"https:\/\/zenaluminium.pl\/uslugi\/ogrodzenia-aluminiowe\/\"]}]},{\"@type\":\"BreadcrumbList\",\"@id\":\"https:\/\/zenaluminium.pl\/uslugi\/ogrodzenia-aluminiowe\/#breadcrumb\",\"itemListElement\":[{\"@type\":\"ListItem\",\"position\":1,\"name\":\"Home\",\"item\":\"https:\/\/zenaluminium.pl\/\"},{\"@type\":\"ListItem\",\"position\":2,\"name\":\"Stolarka aluminiowa\",\"item\":\"https:\/\/zenaluminium.pl\/uslugi\/\"},{\"@type\":\"ListItem\",\"position\":3,\"name\":\"Ogrodzenia aluminiowe\"}]},{\"@type\":\"WebSite\",\"@id\":\"https:\/\/zenaluminium.pl\/#website\",\"url\":\"https:\/\/zenaluminium.pl\/\",\"name\":\"Zen Aluminium - polski producent okien i drzwi z aluminium\",\"description\":\"Stolarka okienna, fasady, ogrody zimowe, rozwi\u0105zania klasy premium\",\"potentialAction\":[{\"@type\":\"SearchAction\",\"target\":{\"@type\":\"EntryPoint\",\"urlTemplate\":\"https:\/\/zenaluminium.pl\/?s={search_term_string}\"},\"query-input\":{\"@type\":\"PropertyValueSpecification\",\"valueRequired\":true,\"valueName\":\"search_term_string\"}}],\"inLanguage\":\"lt-LT\"}]}<\/script>\n<!-- \/ Yoast SEO plugin. -->","yoast_head_json":{"title":"MODERNIOS ALIUMINIO TVOROS, TVOROS IR VARTAI","description":"M\u016bs\u0173 aliuminio tvoros, tvorel\u0117s ir vartai suteiks j\u016bs\u0173 nekilnojamajam turtui individual\u0173 charakter\u012f ir taps puikiu dekoratyviniu elementu. Jos u\u017etikrina j\u016bs\u0173 nuosavyb\u0117s saugum\u0105 ir privatum\u0105.","robots":{"index":"index","follow":"follow","max-snippet":"max-snippet:-1","max-image-preview":"max-image-preview:large","max-video-preview":"max-video-preview:-1"},"canonical":"https:\/\/zenaluminium.pl\/lt\/paslaugos\/tvoros-is-aliuminio\/","og_locale":"lt_LT","og_type":"article","og_title":"NOWOCZESNE P\u0141OTY, OGRODZENIA, BRAMY Z ALUMINIUM","og_description":"Nasze aluminiowe ogrodzenia, p\u0142oty i bramy pozwol\u0105 nada\u0107 Pa\u0144stwa posesji indywidualny charakter, stanowi\u0105c jej doskona\u0142y element dekoracyjny. Zapewniaj\u0105 bezpiecze\u0144stwo i prywatno\u015b\u0107 Pa\u0144stwa posesji.","og_url":"https:\/\/zenaluminium.pl\/lt\/paslaugos\/tvoros-is-aliuminio\/","og_site_name":"Zen Aluminium - polski producent okien i drzwi z aluminium","article_publisher":"http:\/\/fb.com\/zenaluminum","article_modified_time":"2019-09-02T13:53:52+00:00","twitter_card":"summary_large_image","twitter_misc":{"Est. reading time":"2 minut\u0117s"},"schema":{"@context":"https:\/\/schema.org","@graph":[{"@type":"WebPage","@id":"https:\/\/zenaluminium.pl\/uslugi\/ogrodzenia-aluminiowe\/","url":"https:\/\/zenaluminium.pl\/uslugi\/ogrodzenia-aluminiowe\/","name":"MODERNIOS ALIUMINIO TVOROS, TVOROS IR VARTAI","isPartOf":{"@id":"https:\/\/zenaluminium.pl\/#website"},"datePublished":"2019-02-21T11:33:57+00:00","dateModified":"2019-09-02T13:53:52+00:00","description":"M\u016bs\u0173 aliuminio tvoros, tvorel\u0117s ir vartai suteiks j\u016bs\u0173 nekilnojamajam turtui individual\u0173 charakter\u012f ir taps puikiu dekoratyviniu elementu. Jos u\u017etikrina j\u016bs\u0173 nuosavyb\u0117s saugum\u0105 ir privatum\u0105.","breadcrumb":{"@id":"https:\/\/zenaluminium.pl\/uslugi\/ogrodzenia-aluminiowe\/#breadcrumb"},"inLanguage":"lt-LT","potentialAction":[{"@type":"ReadAction","target":["https:\/\/zenaluminium.pl\/uslugi\/ogrodzenia-aluminiowe\/"]}]},{"@type":"BreadcrumbList","@id":"https:\/\/zenaluminium.pl\/uslugi\/ogrodzenia-aluminiowe\/#breadcrumb","itemListElement":[{"@type":"ListItem","position":1,"name":"Home","item":"https:\/\/zenaluminium.pl\/"},{"@type":"ListItem","position":2,"name":"Stolarka aluminiowa","item":"https:\/\/zenaluminium.pl\/uslugi\/"},{"@type":"ListItem","position":3,"name":"Ogrodzenia aluminiowe"}]},{"@type":"WebSite","@id":"https:\/\/zenaluminium.pl\/#website","url":"https:\/\/zenaluminium.pl\/","name":"\"Zen Aluminium\" - Lenkijos aliuminio lang\u0173 ir dur\u0173 gamintojas","description":"Lang\u0173 dailylent\u0117s, fasadai, \u017eiemos sodai, auk\u0161\u010diausios kokyb\u0117s sprendimai","potentialAction":[{"@type":"SearchAction","target":{"@type":"EntryPoint","urlTemplate":"https:\/\/zenaluminium.pl\/?s={search_term_string}"},"query-input":{"@type":"PropertyValueSpecification","valueRequired":true,"valueName":"search_term_string"}}],"inLanguage":"lt-LT"}]}},"_links":{"self":[{"href":"https:\/\/zenaluminium.pl\/lt\/wp-json\/wp\/v2\/pages\/4748","targetHints":{"allow":["GET"]}}],"collection":[{"href":"https:\/\/zenaluminium.pl\/lt\/wp-json\/wp\/v2\/pages"}],"about":[{"href":"https:\/\/zenaluminium.pl\/lt\/wp-json\/wp\/v2\/types\/page"}],"author":[{"embeddable":true,"href":"https:\/\/zenaluminium.pl\/lt\/wp-json\/wp\/v2\/users\/1"}],"replies":[{"embeddable":true,"href":"https:\/\/zenaluminium.pl\/lt\/wp-json\/wp\/v2\/comments?post=4748"}],"version-history":[{"count":0,"href":"https:\/\/zenaluminium.pl\/lt\/wp-json\/wp\/v2\/pages\/4748\/revisions"}],"up":[{"embeddable":true,"href":"https:\/\/zenaluminium.pl\/lt\/wp-json\/wp\/v2\/pages\/3142"}],"wp:attachment":[{"href":"https:\/\/zenaluminium.pl\/lt\/wp-json\/wp\/v2\/media?parent=4748"}],"curies":[{"name":"wp","href":"https:\/\/api.w.org\/{rel}","templated":true}]}}