{"id":3122,"date":"2017-04-06T08:16:25","date_gmt":"2017-04-06T07:16:25","guid":{"rendered":"http:\/\/zenaluminium.com\/?page_id=3122\/"},"modified":"2023-04-17T07:47:11","modified_gmt":"2023-04-17T06:47:11","slug":"systemen-balustrades","status":"publish","type":"page","link":"https:\/\/zenaluminium.pl\/nl\/uslugi\/systemy-balustrad\/","title":{"rendered":"ALUMINIUM LEUNINGEN"},"content":{"rendered":"<div class=\"wpb-content-wrapper\"><div class=\"vc_row wpb_row vc_row-fluid\"><div class=\"wpb_column vc_column_container vc_col-md-12\"><div class=\"vc_column-inner\"><div class=\"wpb_wrapper\"><div class=\"vc_row wpb_row vc_inner vc_row-fluid\"><div class=\"wpb_column vc_column_container vc_col-md-12\"><div class=\"vc_column-inner\"><div class=\"wpb_wrapper\"><h1 class='heading-middle  divider-sm' ><span>ALUMINIUM LEUNINGEN<\/span><\/h1><div class=\"vc_empty_space\"   style=\"height: 10px\"><span class=\"vc_empty_space_inner\"><\/span><\/div>\n\t<div class=\"wpb_text_column wpb_content_element\" >\n\t\t<div class=\"wpb_wrapper\">\n\t\t\t<h2>Aluminium balustrades worden gekenmerkt door extreme duurzaamheid in combinatie met een moderne uitstraling en kracht. Dankzij hun eigenschappen zijn ze een oplossing voor vele jaren. Balustrades op aluminium profielen maken de combinatie mogelijk van zowel aluminium als andere materialen zoals glas. Mogelijke oplossingen zijn hieronder beschikbaar. Dankzij hun flexibiliteit kunnen balustrades verschillende vormen aannemen. Bekijk het geselecteerde systeem voor meer informatie over de kenmerken en beperkingen van aluminium profielen.<\/h2>\n\n\t\t<\/div>\n\t<\/div>\n<\/div><\/div><\/div><\/div><\/div><\/div><\/div><\/div><div class=\"vc_row wpb_row vc_row-fluid\"><div class=\"wpb_column vc_column_container vc_col-md-3 vc_col-has-fill\"><div class=\"vc_column-inner vc_custom_1471952556888\"><div class=\"wpb_wrapper\"><h2 class='heading-middle  style-1' ><span>BALUSTRADE MET KRISTALZICHT<\/span><\/h2>\n\t<div  class=\"wpb_single_image wpb_content_element vc_align_center wpb_content_element\">\n\t\t\n\t\t<figure class=\"wpb_wrapper vc_figure\">\n\t\t\t<a href=\"https:\/\/zealuminium.pl\/uslugi\/systemy-balustrad\/crystal-view\/\" target=\"_self\" class=\"vc_single_image-wrapper vc_box_shadow_3d  vc_box_border_grey\"><\/a>\n\t\t<\/figure>\n\t<\/div>\n<div class=\"vc_row wpb_row vc_inner vc_row-fluid\"><div class=\"wpb_column vc_column_container vc_col-md-2\"><div class=\"vc_column-inner\"><div class=\"wpb_wrapper\"><\/div><\/div><\/div><div class=\"wpb_column vc_column_container vc_col-md-8\"><div class=\"vc_column-inner\"><div class=\"wpb_wrapper\"><a id='button-id-' target='_self' href='\/nl\/diensten\/systemen-balustrades\/crystal-view\/' class='btn btn-normal btn-sm' style='background-color: #472613'><i class='fa fa fa-arrow-right'><\/i> KRISTAL UITZICHT<\/a><\/div><\/div><\/div><div class=\"wpb_column vc_column_container vc_col-md-2\"><div class=\"vc_column-inner\"><div class=\"wpb_wrapper\"><\/div><\/div><\/div><\/div><\/div><\/div><\/div><div class=\"wpb_column vc_column_container vc_col-md-3 vc_col-has-fill\"><div class=\"vc_column-inner vc_custom_1471952301689\"><div class=\"wpb_wrapper\"><h2 class='heading-middle  style-1' ><span>KLASSIEKE ALUMINIUM BALUSTRADE<\/span><\/h2>\n\t<div  class=\"wpb_single_image wpb_content_element vc_align_left wpb_content_element\">\n\t\t\n\t\t<figure class=\"wpb_wrapper vc_figure\">\n\t\t\t<a href=\"https:\/\/zenaluminium.pl\/nl\/diensten\/systemen-balustrades\/klassiek\/\" target=\"_self\" class=\"vc_single_image-wrapper vc_box_shadow_3d  vc_box_border_grey\"><\/a>\n\t\t<\/figure>\n\t<\/div>\n<div class=\"vc_row wpb_row vc_inner vc_row-fluid\"><div class=\"wpb_column vc_column_container vc_col-md-2\"><div class=\"vc_column-inner\"><div class=\"wpb_wrapper\"><\/div><\/div><\/div><div class=\"wpb_column vc_column_container vc_col-md-8\"><div class=\"vc_column-inner\"><div class=\"wpb_wrapper\"><a id='button-id-1' target='_self' href='\/nl\/diensten\/systemen-balustrades\/klassiek\/' class='btn btn-normal btn-sm' style='background-color: #472613'><i class='fa fa fa-arrow-right'><\/i> KLASSIEKE BALUSTRADE<\/a><\/div><\/div><\/div><div class=\"wpb_column vc_column_container vc_col-md-2\"><div class=\"vc_column-inner\"><div class=\"wpb_wrapper\"><\/div><\/div><\/div><\/div><\/div><\/div><\/div><div class=\"wpb_column vc_column_container vc_col-md-3\"><div class=\"vc_column-inner\"><div class=\"wpb_wrapper\"><div class=\"vc_row wpb_row vc_inner vc_row-fluid\"><div class=\"wpb_column vc_column_container vc_col-md-12\"><div class=\"vc_column-inner\"><div class=\"wpb_wrapper\"><\/div><\/div><\/div><\/div><\/div><\/div><\/div><div class=\"wpb_column vc_column_container vc_col-md-3\"><div class=\"vc_column-inner\"><div class=\"wpb_wrapper\"><div class=\"vc_row wpb_row vc_inner vc_row-fluid\"><div class=\"wpb_column vc_column_container vc_col-md-12\"><div class=\"vc_column-inner\"><div class=\"wpb_wrapper\"><\/div><\/div><\/div><\/div><\/div><\/div><\/div><\/div><div class=\"vc_row wpb_row vc_row-fluid\"><div class=\"wpb_column vc_column_container vc_col-md-12\"><div class=\"vc_column-inner\"><div class=\"wpb_wrapper\"><div class=\"vc_empty_space\"   style=\"height: 32px\"><span class=\"vc_empty_space_inner\"><\/span><\/div>\n\t<div class=\"wpb_text_column wpb_content_element\" >\n\t\t<div class=\"wpb_wrapper\">\n\t\t\t<p><span id=\"result_box\" class=\"\" lang=\"pl\"><strong><span class=\"\">Leuningen en balustrades van glas<\/span><\/strong><\/span><\/p>\n<p><span class=\"\">Dankzij onze uitgebreide praktijkervaring kunnen we onze eigen glazen balustrades ontwikkelen.<\/span> <span class=\"\">Het feit dat ze zijn ontwikkeld voor maximaal gebruiksgemak. Ze zijn sterk, esthetisch aantrekkelijk en eenvoudig te monteren en te plaatsen.<\/span><\/p>\n<p>&nbsp;<\/p>\n<p><strong><span id=\"result_box\" class=\"\" lang=\"pl\">Glazen balkons<\/span><\/strong><\/p>\n<p>Ook bekend als Franse balkons; <span class=\"\">bieden we glazen balkons voor alle behoeften. Dit systeem onderscheidt zich door de bevestiging aan de wanden en de onderlijst, waardoor een esthetisch verantwoorde installatie en een buitengewone uitstraling mogelijk zijn.<\/span><\/p>\n<p><strong><span id=\"result_box\" class=\"\" lang=\"pl\"><span class=\"\">Open balkon systeem<\/span><\/span><\/strong><\/p>\n<p><span class=\"\">Het openen van balkonbeglazing biedt een handige manier om de ruimte in huis uit te breiden.<\/span> <span class=\"\">Naadloos te openen balkonbeglazing beschermt je balkon tegen regen, sneeuw, stof en vuil.<\/span><\/p>\n\n\t\t<\/div>\n\t<\/div>\n<\/div><\/div><\/div><\/div>\n<\/div>","protected":false},"excerpt":{"rendered":"BALUSTRADY ALUMINIOWE Balustrady aluminiowe charakteryzuj\u0105 si\u0119 niezwyk\u0142\u0105 trwa\u0142o\u015bci\u0105 w po\u0142\u0105czeniu z nowoczesnym wygl\u0105dem i wytrzyma\u0142o\u015bci\u0105. Ze wzgl\u0119du na swoje cechy s\u0105 rozwi\u0105zaniem na wiele lat. Balustrady na profilach aluminiowych pozwalaj\u0105 na \u0142\u0105czenie zar\u00f3wno aluminium jak i innych materia\u0142\u00f3w takich jak &hellip;","protected":false},"author":1,"featured_media":0,"parent":3142,"menu_order":0,"comment_status":"closed","ping_status":"closed","template":"","meta":{"footnotes":""},"class_list":["post-3122","page","type-page","status-publish","hentry"],"yoast_head":"<!-- This site is optimized with the Yoast SEO plugin v27.2 - https:\/\/yoast.com\/product\/yoast-seo-wordpress\/ -->\n<title>BALUSTRADY ALUMINIOWE - ZenAluminium - Drzwi, okna, balustrady<\/title>\n<meta name=\"description\" content=\"Balustrady aluminiowe charakteryzuj\u0105 si\u0119 niezwyk\u0142\u0105 trwa\u0142o\u015bci\u0105 w po\u0142\u0105czeniu z nowoczesnym wygl\u0105dem i wytrzyma\u0142o\u015bci\u0105. Jest to rozwi\u0105zanie na d\u0142ugie lata.\" \/>\n<meta name=\"robots\" content=\"index, follow, max-snippet:-1, max-image-preview:large, max-video-preview:-1\" \/>\n<link rel=\"canonical\" href=\"https:\/\/zenaluminium.pl\/nl\/diensten\/systemen-balustrades\/\" \/>\n<meta property=\"og:locale\" content=\"nl_NL\" \/>\n<meta property=\"og:type\" content=\"article\" \/>\n<meta property=\"og:title\" content=\"BALUSTRADY ALUMINIOWE - ZenAluminium - Drzwi, okna, balustrady\" \/>\n<meta property=\"og:description\" content=\"Balustrady aluminiowe charakteryzuj\u0105 si\u0119 niezwyk\u0142\u0105 trwa\u0142o\u015bci\u0105 w po\u0142\u0105czeniu z nowoczesnym wygl\u0105dem i wytrzyma\u0142o\u015bci\u0105. Jest to rozwi\u0105zanie na d\u0142ugie lata.\" \/>\n<meta property=\"og:url\" content=\"https:\/\/zenaluminium.pl\/nl\/diensten\/systemen-balustrades\/\" \/>\n<meta property=\"og:site_name\" content=\"Zen Aluminium - polski producent okien i drzwi z aluminium\" \/>\n<meta property=\"article:publisher\" content=\"http:\/\/fb.com\/zenaluminum\" \/>\n<meta property=\"article:modified_time\" content=\"2023-04-17T06:47:11+00:00\" \/>\n<meta name=\"twitter:card\" content=\"summary_large_image\" \/>\n<meta name=\"twitter:label1\" content=\"Geschatte leestijd\" \/>\n\t<meta name=\"twitter:data1\" content=\"2 minuten\" \/>\n<script type=\"application\/ld+json\" class=\"yoast-schema-graph\">{\"@context\":\"https:\/\/schema.org\",\"@graph\":[{\"@type\":\"WebPage\",\"@id\":\"https:\/\/zenaluminium.pl\/uslugi\/systemy-balustrad\/\",\"url\":\"https:\/\/zenaluminium.pl\/uslugi\/systemy-balustrad\/\",\"name\":\"BALUSTRADY ALUMINIOWE - ZenAluminium - Drzwi, okna, balustrady\",\"isPartOf\":{\"@id\":\"https:\/\/zenaluminium.pl\/#website\"},\"datePublished\":\"2017-04-06T07:16:25+00:00\",\"dateModified\":\"2023-04-17T06:47:11+00:00\",\"description\":\"Balustrady aluminiowe charakteryzuj\u0105 si\u0119 niezwyk\u0142\u0105 trwa\u0142o\u015bci\u0105 w po\u0142\u0105czeniu z nowoczesnym wygl\u0105dem i wytrzyma\u0142o\u015bci\u0105. Jest to rozwi\u0105zanie na d\u0142ugie lata.\",\"breadcrumb\":{\"@id\":\"https:\/\/zenaluminium.pl\/uslugi\/systemy-balustrad\/#breadcrumb\"},\"inLanguage\":\"nl-NL\",\"potentialAction\":[{\"@type\":\"ReadAction\",\"target\":[\"https:\/\/zenaluminium.pl\/uslugi\/systemy-balustrad\/\"]}]},{\"@type\":\"BreadcrumbList\",\"@id\":\"https:\/\/zenaluminium.pl\/uslugi\/systemy-balustrad\/#breadcrumb\",\"itemListElement\":[{\"@type\":\"ListItem\",\"position\":1,\"name\":\"Home\",\"item\":\"https:\/\/zenaluminium.pl\/\"},{\"@type\":\"ListItem\",\"position\":2,\"name\":\"Stolarka aluminiowa\",\"item\":\"https:\/\/zenaluminium.pl\/uslugi\/\"},{\"@type\":\"ListItem\",\"position\":3,\"name\":\"BALUSTRADY ALUMINIOWE\"}]},{\"@type\":\"WebSite\",\"@id\":\"https:\/\/zenaluminium.pl\/#website\",\"url\":\"https:\/\/zenaluminium.pl\/\",\"name\":\"Zen Aluminium - polski producent okien i drzwi z aluminium\",\"description\":\"Stolarka okienna, fasady, ogrody zimowe, rozwi\u0105zania klasy premium\",\"potentialAction\":[{\"@type\":\"SearchAction\",\"target\":{\"@type\":\"EntryPoint\",\"urlTemplate\":\"https:\/\/zenaluminium.pl\/?s={search_term_string}\"},\"query-input\":{\"@type\":\"PropertyValueSpecification\",\"valueRequired\":true,\"valueName\":\"search_term_string\"}}],\"inLanguage\":\"nl-NL\"}]}<\/script>\n<!-- \/ Yoast SEO plugin. -->","yoast_head_json":{"title":"ALUMINIUM BALUSTERS - ZenAluminium - Deuren, ramen, balustrades","description":"Aluminium balustrades worden gekenmerkt door extreme duurzaamheid in combinatie met een moderne look en kracht. Het is een oplossing voor vele jaren.","robots":{"index":"index","follow":"follow","max-snippet":"max-snippet:-1","max-image-preview":"max-image-preview:large","max-video-preview":"max-video-preview:-1"},"canonical":"https:\/\/zenaluminium.pl\/nl\/diensten\/systemen-balustrades\/","og_locale":"nl_NL","og_type":"article","og_title":"BALUSTRADY ALUMINIOWE - ZenAluminium - Drzwi, okna, balustrady","og_description":"Balustrady aluminiowe charakteryzuj\u0105 si\u0119 niezwyk\u0142\u0105 trwa\u0142o\u015bci\u0105 w po\u0142\u0105czeniu z nowoczesnym wygl\u0105dem i wytrzyma\u0142o\u015bci\u0105. Jest to rozwi\u0105zanie na d\u0142ugie lata.","og_url":"https:\/\/zenaluminium.pl\/nl\/diensten\/systemen-balustrades\/","og_site_name":"Zen Aluminium - polski producent okien i drzwi z aluminium","article_publisher":"http:\/\/fb.com\/zenaluminum","article_modified_time":"2023-04-17T06:47:11+00:00","twitter_card":"summary_large_image","twitter_misc":{"Geschatte leestijd":"2 minuten"},"schema":{"@context":"https:\/\/schema.org","@graph":[{"@type":"WebPage","@id":"https:\/\/zenaluminium.pl\/uslugi\/systemy-balustrad\/","url":"https:\/\/zenaluminium.pl\/uslugi\/systemy-balustrad\/","name":"ALUMINIUM BALUSTERS - ZenAluminium - Deuren, ramen, balustrades","isPartOf":{"@id":"https:\/\/zenaluminium.pl\/#website"},"datePublished":"2017-04-06T07:16:25+00:00","dateModified":"2023-04-17T06:47:11+00:00","description":"Aluminium balustrades worden gekenmerkt door extreme duurzaamheid in combinatie met een moderne look en kracht. Het is een oplossing voor vele jaren.","breadcrumb":{"@id":"https:\/\/zenaluminium.pl\/uslugi\/systemy-balustrad\/#breadcrumb"},"inLanguage":"nl-NL","potentialAction":[{"@type":"ReadAction","target":["https:\/\/zenaluminium.pl\/uslugi\/systemy-balustrad\/"]}]},{"@type":"BreadcrumbList","@id":"https:\/\/zenaluminium.pl\/uslugi\/systemy-balustrad\/#breadcrumb","itemListElement":[{"@type":"ListItem","position":1,"name":"Home","item":"https:\/\/zenaluminium.pl\/"},{"@type":"ListItem","position":2,"name":"Stolarka aluminiowa","item":"https:\/\/zenaluminium.pl\/uslugi\/"},{"@type":"ListItem","position":3,"name":"BALUSTRADY ALUMINIOWE"}]},{"@type":"WebSite","@id":"https:\/\/zenaluminium.pl\/#website","url":"https:\/\/zenaluminium.pl\/","name":"Zen Aluminium - Poolse fabrikant van aluminium ramen en deuren","description":"Raamschrijnwerk, gevels, serres, premium oplossingen","potentialAction":[{"@type":"SearchAction","target":{"@type":"EntryPoint","urlTemplate":"https:\/\/zenaluminium.pl\/?s={search_term_string}"},"query-input":{"@type":"PropertyValueSpecification","valueRequired":true,"valueName":"search_term_string"}}],"inLanguage":"nl-NL"}]}},"_links":{"self":[{"href":"https:\/\/zenaluminium.pl\/nl\/wp-json\/wp\/v2\/pages\/3122","targetHints":{"allow":["GET"]}}],"collection":[{"href":"https:\/\/zenaluminium.pl\/nl\/wp-json\/wp\/v2\/pages"}],"about":[{"href":"https:\/\/zenaluminium.pl\/nl\/wp-json\/wp\/v2\/types\/page"}],"author":[{"embeddable":true,"href":"https:\/\/zenaluminium.pl\/nl\/wp-json\/wp\/v2\/users\/1"}],"replies":[{"embeddable":true,"href":"https:\/\/zenaluminium.pl\/nl\/wp-json\/wp\/v2\/comments?post=3122"}],"version-history":[{"count":1,"href":"https:\/\/zenaluminium.pl\/nl\/wp-json\/wp\/v2\/pages\/3122\/revisions"}],"predecessor-version":[{"id":17740,"href":"https:\/\/zenaluminium.pl\/nl\/wp-json\/wp\/v2\/pages\/3122\/revisions\/17740"}],"up":[{"embeddable":true,"href":"https:\/\/zenaluminium.pl\/nl\/wp-json\/wp\/v2\/pages\/3142"}],"wp:attachment":[{"href":"https:\/\/zenaluminium.pl\/nl\/wp-json\/wp\/v2\/media?parent=3122"}],"curies":[{"name":"wp","href":"https:\/\/api.w.org\/{rel}","templated":true}]}}