{"id":3150,"date":"2017-04-06T10:03:19","date_gmt":"2017-04-06T09:03:19","guid":{"rendered":"http:\/\/zenaluminium.com\/?page_id=3150\/"},"modified":"2019-10-29T09:53:04","modified_gmt":"2019-10-29T09:53:04","slug":"millenium-plus-70","status":"publish","type":"page","link":"https:\/\/zenaluminium.pl\/nl\/millenium-plus-70\/","title":{"rendered":"System Drzwi Wej\u015bciowych &#8222;Millenium Plus&#8221; 70MM"},"content":{"rendered":"<div class=\"wpb-content-wrapper\"><div class=\"vc_row wpb_row vc_row-fluid\"><div class=\"wpb_column vc_column_container vc_col-md-8\"><div class=\"vc_column-inner\"><div class=\"wpb_wrapper\"><div class=\"tabs tabs-side  vc_custom_1471527446450 tabs-shape-rounded tabs-align-left tabs-side-left tabs-spacing\"><div class=\"nav-tabs-wrap\" style=\"\"><ul class=\"nav nav-tabs\" role=\"tablist\"><li style=\"margin-top: 2px\" role=\"presentation\" class=\" active\"><a href=\"#1471523850385-9f2477fa-22ae\" aria-controls=\"1471523850385-9f2477fa-22ae\" role=\"tab\" data-toggle=\"tab\"><i class=\"fa fa-dot-circle-o\"><\/i><span>Przegl\u0105d<\/span><\/a><\/li><li style=\"margin-top: 2px\" role=\"presentation\" class=\"\"><a href=\"#1471523850453-bba64b48-cd54\" aria-controls=\"1471523850453-bba64b48-cd54\" role=\"tab\" data-toggle=\"tab\"><i class=\"fa fa-dot-circle-o\"><\/i><span>Akustyczno\u015b\u0107<\/span><\/a><\/li><li style=\"margin-top: 2px\" role=\"presentation\" class=\"\"><a href=\"#1471523899766-bd8ad8ff-2d47\" aria-controls=\"1471523899766-bd8ad8ff-2d47\" role=\"tab\" data-toggle=\"tab\"><i class=\"fa fa-dot-circle-o\"><\/i><span>Przenikalno\u015b\u0107<\/span><\/a><\/li><li style=\"margin-top: 2px\" role=\"presentation\" class=\"\"><a href=\"#1471523921881-154366e0-e294\" aria-controls=\"1471523921881-154366e0-e294\" role=\"tab\" data-toggle=\"tab\"><i class=\"fa fa-dot-circle-o\"><\/i><span>Otwieranie<\/span><\/a><\/li><li style=\"margin-top: 2px\" role=\"presentation\" class=\"\"><a href=\"#1471523925405-76a6746b-02d4\" aria-controls=\"1471523925405-76a6746b-02d4\" role=\"tab\" data-toggle=\"tab\"><i class=\"fa fa-dot-circle-o\"><\/i><span>Przekroje<\/span><\/a><\/li><li style=\"margin-top: 2px\" role=\"presentation\" class=\"\"><a href=\"#1471523969394-cf167c98-0b3c\" aria-controls=\"1471523969394-cf167c98-0b3c\" role=\"tab\" data-toggle=\"tab\"><i class=\"fa fa-dot-circle-o\"><\/i><span>Badania<\/span><\/a><\/li><li style=\"margin-top: 2px\" role=\"presentation\" class=\"\"><a href=\"#1486028409042-cedafa87-d0bf\" aria-controls=\"1486028409042-cedafa87-d0bf\" role=\"tab\" data-toggle=\"tab\"><span>Wymiary<\/span><\/a><\/li><li style=\"margin-top: 2px\" role=\"presentation\" class=\"\"><a href=\"#1471523982631-12f19c2f-bb55\" aria-controls=\"1471523982631-12f19c2f-bb55\" role=\"tab\" data-toggle=\"tab\"><i class=\"fa fa-dot-circle-o\"><\/i><span>Wyko\u0144czenia<\/span><\/a><\/li><\/ul><\/div><div class=\"tab-content\"><div role=\"tabpanel\" class=\"tab-pane active\" id=\"1471523850385-9f2477fa-22ae\"><h2 class='heading-left  divider-sm' ><span>System Drzwi Wej\u015bciowych &#8222;Millenium Plus&#8221; 70MM<\/span><\/h2>\n\t<div class=\"wpb_text_column wpb_content_element\" >\n\t\t<div class=\"wpb_wrapper\">\n\t\t\t<div>\n<p>System drzwi przechodnich dwuskrzyd\u0142owych o kraw\u0119dziach prostych wynosz\u0105cych 70 mm oraz przerwaniem mostka termicznego, idealny do lokali handlowych i budynk\u00f3w u\u017cyteczno\u015bci publicznej.<\/p>\n<div>System ten charakteryzuj\u0105c si\u0119 du\u017c\u0105 izolacyjno\u015bci\u0105 termiczn\u0105 o\u015bcie\u017cnicy, co pozwala na osi\u0105gni\u0119cie doskona\u0142ych parametr\u00f3w cieplnych (wsp\u00f3\u0142czynnik przenikalno\u015bci cieplnej od 0.9 W\/m\u00b2K), a mo\u017cliwo\u015b\u0107 zastosowania du\u017cej grubo\u015bci szklenia zapewnia maksymaln\u0105 izolacyjno\u015b\u0107 akustyczn\u0105.<\/div>\n<\/div>\n<div><\/div>\n<div>\n<div>Mo\u017cliwo\u015b\u0107 zastosowania zawias\u00f3w wysokiej wytrzyma\u0142o\u015bci (nawierzchniowych lub dowr\u0119bowych wzmocnionych) zdolnych do utrzymania skrzyd\u0142a o maksymalnym ci\u0119\u017carze 220 kg.<\/div>\n<\/div>\n<div>\n<div>Mo\u017cliwo\u015b\u0107 zastosowania zawias\u00f3w ukrytych dla maksymalnych wymiar\u00f3w i wagi skrzyd\u0142a: 2700 mm wysoko\u015bci, 1500 mm szeroko\u015bci i ci\u0119\u017carze 120 kg, a tak\u017ce mo\u017cliwo\u015b\u0107 otwarcia skrzyd\u0142a pod k\u0105tem 100\u00ba.<\/div>\n<\/div>\n<div>\n<div><\/div>\n<div>\n<p>System ten mo\u017ce pe\u0142ni\u0107 funkcj\u0119 wyj\u015bcia bezpiecze\u0144stwa wyposa\u017conego w urz\u0105dzenia antypaniczne zgodnie z normami EN 179 i EN 1125.<\/p>\n<div><\/div>\n<p>Istnieje mo\u017cliwo\u015b\u0107 zastosowania nap\u0119du, kt\u00f3ry umo\u017cliwia wykonanie drzwi rozwiernych automatycznych.<\/p>\n<\/div>\n<\/div>\n\n\t\t<\/div>\n\t<\/div>\n<\/div><div role=\"tabpanel\" class=\"tab-pane\" id=\"1471523850453-bba64b48-cd54\"><h2 class='heading-left  divider-sm' ><span>Izolacyjno\u015b\u0107 akustyczna <\/span><\/h2>\n\t<div class=\"wpb_text_column wpb_content_element\" >\n\t\t<div class=\"wpb_wrapper\">\n\t\t\t<p>Maksymalna grubo\u015b\u0107 szklenia: 45 mm.<\/p>\n\n\t\t<\/div>\n\t<\/div>\n<\/div><div role=\"tabpanel\" class=\"tab-pane\" id=\"1471523899766-bd8ad8ff-2d47\"><h2 class='heading-left  divider-sm' ><span>Wsp\u00f3\u0142czynnik przenikalno\u015bci cieplnej<\/span><\/h2>\n\t<div class=\"wpb_text_column wpb_content_element\" >\n\t\t<div class=\"wpb_wrapper\">\n\t\t\t<div class=\"titDato open\">\n<div>Uw \u00a0od<strong> 0.9 (W\/m\u00b2.K)<\/strong><\/div>\n<div>Sprawdzi\u0107 rodzaj, wymiary i szklenie<\/div>\n<\/div>\n\n\t\t<\/div>\n\t<\/div>\n<\/div><div role=\"tabpanel\" class=\"tab-pane\" id=\"1471523921881-154366e0-e294\"><h2 class='heading-left  divider-sm' ><span>Rodzaje skrzyde\u0142<\/span><\/h2>\n\t<div class=\"wpb_text_column wpb_content_element\" >\n\t\t<div class=\"wpb_wrapper\">\n\t\t\t<div><strong>Otwierane do wewn\u0105trz:\u00a0<\/strong><\/div>\n<div>Rozwierne\u00a0jedno i dwuskrzyd\u0142owe.<br \/>\n<strong><br \/>\nOtwierane na zewn\u0105trz:\u00a0<\/strong><\/div>\n<div>\n<p>Rozwierne jedno i dwuskrzyd\u0142owe.<\/p>\n<p><strong>Otwieranie automatyczne:<br \/>\n<\/strong>jednoskrzyd\u0142owe, rozwierne otwierane na zewn\u0105trz i do wewn\u0105trz<\/p>\n<\/div>\n<div class=\"aperDato\"><img decoding=\"async\" title=\"Apertura #1\" src=\"https:\/\/www.cortizocenter.com\/ficheros\/aperturas\/apertura_1.gif\" alt=\"Apertura #1\" \/> <img decoding=\"async\" title=\"Apertura #5\" src=\"https:\/\/www.cortizocenter.com\/ficheros\/aperturas\/apertura_5.gif\" alt=\"Apertura #5\" \/> <img decoding=\"async\" title=\"Apertura #11\" src=\"https:\/\/www.cortizocenter.com\/ficheros\/aperturas\/apertura_11.gif\" alt=\"Apertura #11\" \/> <img decoding=\"async\" title=\"Apertura #12\" src=\"https:\/\/www.cortizocenter.com\/ficheros\/aperturas\/apertura_12.gif\" alt=\"Apertura #12\" \/> <img decoding=\"async\" title=\"Apertura #35\" src=\"https:\/\/www.cortizocenter.com\/ficheros\/aperturas\/apertura_35.gif\" alt=\"Apertura #35\" \/> <img decoding=\"async\" title=\"Apertura #36\" src=\"https:\/\/www.cortizocenter.com\/ficheros\/aperturas\/apertura_36.gif\" alt=\"Apertura #36\" \/><\/div>\n\n\t\t<\/div>\n\t<\/div>\n<\/div><div role=\"tabpanel\" class=\"tab-pane\" id=\"1471523925405-76a6746b-02d4\"><h2 class='heading-middle  divider-sm' ><span>PRZEKROJE \/ GRUBO\u015a\u0106 PROFILA<\/span><\/h2>\n\t<div class=\"wpb_text_column wpb_content_element\" >\n\t\t<div class=\"wpb_wrapper\">\n\t\t\t<div class=\"titDato open\">PRZEKROJE<\/div>\n<div class=\"descDato\">\n<div>O\u015bcie\u017cnica <strong>70 mm\u00a0<\/strong><\/div>\n<div>Skrzyd\u0142o <strong>70 mm<\/strong><\/div>\n<div><\/div>\n<div>GRUBO\u015a\u0106 PROFILA<\/div>\n<div>Drzwi<strong> 2,0 mm<\/strong><\/div>\n<div><\/div>\n<div>Szeroko\u015b\u0107 przek\u0142adki termicznej <strong>24 mm<\/strong><\/div>\n<\/div>\n\n\t\t<\/div>\n\t<\/div>\n<\/div><div role=\"tabpanel\" class=\"tab-pane\" id=\"1471523969394-cf167c98-0b3c\">\n\t<div class=\"wpb_text_column wpb_content_element\" >\n\t\t<div class=\"wpb_wrapper\">\n\t\t\t<div class=\"titDato open\">KATEGORIE UZYSKANE NA STANOWISKACH BADAWCZYCH<\/div>\n<div class=\"descDato\">\n<p>Przepuszczalno\u015b\u0107 powietrza<br \/>\n(EN 12207:2001):<strong>\u00a0Klasa 4\u00a0<\/strong><\/p>\n<p>Wodoszczelno\u015b\u0107<br \/>\n(EN 12208:2001):\u00a0<strong>Klasa 6A\u00a0<\/strong><\/p>\n<p>Wytrzyma\u0142o\u015b\u0107 na obci\u0105\u017cenie wiatrem<br \/>\n(EN 12210:2001): <strong>Klasa C4<\/strong><\/p>\n<p>Badanie referencyjne drzwi jednoskrzyd\u0142owych 1,20 x 2,30 m<\/p>\n<p>Odporno\u015b\u0107 na uderzenia cia\u0142 mi\u0119kkich<br \/>\nBadania zrealizowane na podstawie normy<br \/>\nEN 13049:2004<strong> KLASA 5 (max)<\/strong><\/p>\n<p>&nbsp;<\/p>\n<p>Badanie referencyjne drzwi dwuskrzyd\u0142owych 1,80 x 2,20 m<\/p>\n<p><strong>Wytrzyma\u0142o\u015b\u0107 na ci\u0105g\u0142e otwieranie i zamykanie<\/strong><br \/>\nBadania zrealizowane na podstawie norm<br \/>\nEN 1191:2000<\/p>\n<p><strong>1.000.000 cykli<br \/>\n<\/strong>Badanie referencyjne drzwi jednoskrzyd\u0142owych 2.1 x 2,2 m<\/p>\n<\/div>\n\n\t\t<\/div>\n\t<\/div>\n<\/div><div role=\"tabpanel\" class=\"tab-pane\" id=\"1486028409042-cedafa87-d0bf\"><h2 class='heading-middle  style-1' ><span>MAXIMUM DIMENSIONS \/ MAXIMUM WEIGHT<\/span><\/h2>\n\t<div class=\"wpb_text_column wpb_content_element\" >\n\t\t<div class=\"wpb_wrapper\">\n\t\t\t<p>WYMIARY MAKSYMALNE<\/p>\n<p><span class=\"datotecnico\">Szeroko\u015b\u0107(L)=<strong>1.800 mm<\/strong><\/span><\/p>\n<p><span class=\"datotecnico\">Wysoko\u015b\u0107(H)=<strong>3.000 mm<\/strong><\/span><\/p>\n<p><span class=\"datotecnico\">\u00a0<\/span><span class=\"datotecnico\">Ci\u0119\u017car maksymalny\/skrzyd\u0142o\u00a0<strong>220 Kg<br \/>\n<\/strong><strong>120 Kg\u00a0<\/strong><strong>(ukryte zawiasy)<\/strong><strong>\u00a0<\/strong><strong><br \/>\n<\/strong><\/span><\/p>\n<p>Skonsultuj maksymalne wymiary i wag\u0119 wed\u0142ug typologii.<\/p>\n\n\t\t<\/div>\n\t<\/div>\n<\/div><div role=\"tabpanel\" class=\"tab-pane\" id=\"1471523982631-12f19c2f-bb55\">\n\t<div class=\"wpb_text_column wpb_content_element\" >\n\t\t<div class=\"wpb_wrapper\">\n\t\t\t<p>Opcja dwukolorowa<br \/>\nLakierowanie RAL (nakrapiane, chropowate)<br \/>\nLakierowanie &#8211; imitacja drewna<br \/>\nLakierowanie antybakteryjne<br \/>\nAnodowanie<\/p>\n\n\t\t<\/div>\n\t<\/div>\n<\/div><\/div><\/div><\/div><\/div><\/div><div class=\"wpb_column vc_column_container vc_col-md-4\"><div class=\"vc_column-inner\"><div class=\"wpb_wrapper\"><div class=\"wpb_images_carousel wpb_content_element vc_clearfix wpb_content_element\"><div class=\"wpb_wrapper\"><h2 class=\"wpb_heading wpb_gallery_heading\">&quot;Millennium Plus&quot; 70MM<\/h2><div id=\"vc_images-carousel-1-1775458996\" data-ride=\"vc_carousel\" data-wrap=\"true\" style=\"width: 300px;\" data-interval=\"5000\" data-auto-height=\"yes\" data-mode=\"horizontal\" data-partial=\"false\" data-per-view=\"1\" data-hide-on-end=\"false\" class=\"vc_slide vc_images_carousel\"><ol class=\"vc_carousel-indicators\"><li data-target=\"#vc_images-carousel-1-1775458996\" data-slide-to=\"0\"><\/li><li data-target=\"#vc_images-carousel-1-1775458996\" data-slide-to=\"1\"><\/li><li data-target=\"#vc_images-carousel-1-1775458996\" data-slide-to=\"2\"><\/li><\/ol><div class=\"vc_carousel-inner\"><div class=\"vc_carousel-slideline\"><div class=\"vc_carousel-slideline-inner\"><div class=\"vc_item\"><div class=\"vc_inner\"><a class=\"\" href=\"\" data-lightbox=\"lightbox[rel-3150-2561968980]\"><\/a><\/div><\/div><div class=\"vc_item\"><div class=\"vc_inner\"><a class=\"\" href=\"\" data-lightbox=\"lightbox[rel-3150-2561968980]\"><\/a><\/div><\/div><div class=\"vc_item\"><div class=\"vc_inner\"><a class=\"\" href=\"\" data-lightbox=\"lightbox[rel-3150-2561968980]\"><\/a><\/div><\/div><\/div><\/div><\/div><a class=\"vc_left vc_carousel-control\" href=\"#vc_images-carousel-1-1775458996\" data-slide=\"prev\"><span class=\"icon-prev\"><\/span><\/a><a class=\"vc_right vc_carousel-control\" href=\"#vc_images-carousel-1-1775458996\" data-slide=\"next\"><span class=\"icon-next\"><\/span><\/a><\/div><\/div><\/div><\/div><\/div><\/div><\/div><div class=\"vc_row wpb_row vc_row-fluid vc_custom_1490869467183 vc_row-has-fill\"><div class=\"wpb_column vc_column_container vc_col-md-12\"><div class=\"vc_column-inner\"><div class=\"wpb_wrapper\"><div class=\"download\"><div class='download-content text-uppercase' style='color: #fff'><i class='fa fa fa-file-pdf-o'><\/i> POBIERZ KATALOG SYSTEMU DRZWI WEJ\u015aCIOWYCH &#8222;MILLENIUM PLUS 70MM&#8221;<\/div><a target='_self' href='http:\/\/zenaluminium.com\/public_html\/wp-content\/uploads\/pl-doc\/System%20Drzwiowy%20Millennium%20Plus%2070%20Izol.%20Term..doc' class='btn btn-md btn-dark btn-shadow'><i class='fa fa fa-cloud-download'><\/i> Pobierz<\/a><\/div><\/div><\/div><\/div><\/div><div class=\"vc_row wpb_row vc_row-fluid\"><div class=\"wpb_column vc_column_container vc_col-md-12\"><div class=\"vc_column-inner\"><div class=\"wpb_wrapper\"><div class=\"wpb_gallery wpb_content_element vc_clearfix wpb_content_element\" ><div class=\"wpb_wrapper\"><div class=\"wpb_gallery_slides wpb_slider_nivo theme-default\" data-interval=\"3\"><div class=\"nivoSlider\"><a class=\"\" href=\"\" data-lightbox=\"lightbox[rel-3150-1262591194]\"><\/a><a class=\"\" href=\"\" data-lightbox=\"lightbox[rel-3150-1262591194]\"><\/a><a class=\"\" href=\"\" data-lightbox=\"lightbox[rel-3150-1262591194]\"><\/a><\/div><\/div><\/div><\/div><\/div><\/div><\/div><\/div>\n<\/div>","protected":false},"excerpt":{"rendered":"Przegl\u0105dAkustyczno\u015b\u0107Przenikalno\u015b\u0107OtwieraniePrzekrojeBadaniaWymiaryWyko\u0144czeniaSystem Drzwi Wej\u015bciowych \"Millenium Plus\" 70MM System drzwi przechodnich dwuskrzyd\u0142owych o kraw\u0119dziach prostych wynosz\u0105cych 70 mm oraz przerwaniem mostka termicznego, idealny do lokali handlowych i budynk\u00f3w u\u017cyteczno\u015bci publicznej. System ten charakteryzuj\u0105c si\u0119 du\u017c\u0105 izolacyjno\u015bci\u0105 termiczn\u0105 o\u015bcie\u017cnicy, co pozwala na osi\u0105gni\u0119cie &hellip;","protected":false},"author":1,"featured_media":0,"parent":0,"menu_order":0,"comment_status":"closed","ping_status":"closed","template":"","meta":{"footnotes":""},"class_list":["post-3150","page","type-page","status-publish","hentry"],"yoast_head":"<!-- This site is optimized with the Yoast SEO plugin v27.2 - https:\/\/yoast.com\/product\/yoast-seo-wordpress\/ -->\n<title>System Drzwi Wej\u015bciowych &quot;Millenium Plus&quot; 70MM - Zen Aluminium - polski producent okien i drzwi z aluminium<\/title>\n<meta name=\"robots\" content=\"index, follow, max-snippet:-1, max-image-preview:large, max-video-preview:-1\" \/>\n<link rel=\"canonical\" href=\"https:\/\/zenaluminium.pl\/nl\/millenium-plus-70\/\" \/>\n<meta property=\"og:locale\" content=\"nl_NL\" \/>\n<meta property=\"og:type\" content=\"article\" \/>\n<meta property=\"og:title\" content=\"System Drzwi Wej\u015bciowych &quot;Millenium Plus&quot; 70MM - Zen Aluminium - polski producent okien i drzwi z aluminium\" \/>\n<meta property=\"og:url\" content=\"https:\/\/zenaluminium.pl\/nl\/millenium-plus-70\/\" \/>\n<meta property=\"og:site_name\" content=\"Zen Aluminium - polski producent okien i drzwi z aluminium\" \/>\n<meta property=\"article:publisher\" content=\"http:\/\/fb.com\/zenaluminum\" \/>\n<meta property=\"article:modified_time\" content=\"2019-10-29T09:53:04+00:00\" \/>\n<meta property=\"og:image\" content=\"https:\/\/www.cortizocenter.com\/ficheros\/aperturas\/apertura_1.gif\" \/>\n<meta name=\"twitter:card\" content=\"summary_large_image\" \/>\n<meta name=\"twitter:label1\" content=\"Geschatte leestijd\" \/>\n\t<meta name=\"twitter:data1\" content=\"4 minuten\" \/>\n<script type=\"application\/ld+json\" class=\"yoast-schema-graph\">{\"@context\":\"https:\/\/schema.org\",\"@graph\":[{\"@type\":\"WebPage\",\"@id\":\"https:\/\/zenaluminium.pl\/millenium-plus-70\/\",\"url\":\"https:\/\/zenaluminium.pl\/millenium-plus-70\/\",\"name\":\"System Drzwi Wej\u015bciowych \\\"Millenium Plus\\\" 70MM - Zen Aluminium - polski producent okien i drzwi z aluminium\",\"isPartOf\":{\"@id\":\"https:\/\/zenaluminium.pl\/#website\"},\"primaryImageOfPage\":{\"@id\":\"https:\/\/zenaluminium.pl\/millenium-plus-70\/#primaryimage\"},\"image\":{\"@id\":\"https:\/\/zenaluminium.pl\/millenium-plus-70\/#primaryimage\"},\"thumbnailUrl\":\"https:\/\/www.cortizocenter.com\/ficheros\/aperturas\/apertura_1.gif\",\"datePublished\":\"2017-04-06T09:03:19+00:00\",\"dateModified\":\"2019-10-29T09:53:04+00:00\",\"breadcrumb\":{\"@id\":\"https:\/\/zenaluminium.pl\/millenium-plus-70\/#breadcrumb\"},\"inLanguage\":\"nl-NL\",\"potentialAction\":[{\"@type\":\"ReadAction\",\"target\":[\"https:\/\/zenaluminium.pl\/millenium-plus-70\/\"]}]},{\"@type\":\"ImageObject\",\"inLanguage\":\"nl-NL\",\"@id\":\"https:\/\/zenaluminium.pl\/millenium-plus-70\/#primaryimage\",\"url\":\"https:\/\/www.cortizocenter.com\/ficheros\/aperturas\/apertura_1.gif\",\"contentUrl\":\"https:\/\/www.cortizocenter.com\/ficheros\/aperturas\/apertura_1.gif\"},{\"@type\":\"BreadcrumbList\",\"@id\":\"https:\/\/zenaluminium.pl\/millenium-plus-70\/#breadcrumb\",\"itemListElement\":[{\"@type\":\"ListItem\",\"position\":1,\"name\":\"Home\",\"item\":\"https:\/\/zenaluminium.pl\/\"},{\"@type\":\"ListItem\",\"position\":2,\"name\":\"System Drzwi Wej\u015bciowych &#8220;Millenium Plus&#8221; 70MM\"}]},{\"@type\":\"WebSite\",\"@id\":\"https:\/\/zenaluminium.pl\/#website\",\"url\":\"https:\/\/zenaluminium.pl\/\",\"name\":\"Zen Aluminium - polski producent okien i drzwi z aluminium\",\"description\":\"Stolarka okienna, fasady, ogrody zimowe, rozwi\u0105zania klasy premium\",\"potentialAction\":[{\"@type\":\"SearchAction\",\"target\":{\"@type\":\"EntryPoint\",\"urlTemplate\":\"https:\/\/zenaluminium.pl\/?s={search_term_string}\"},\"query-input\":{\"@type\":\"PropertyValueSpecification\",\"valueRequired\":true,\"valueName\":\"search_term_string\"}}],\"inLanguage\":\"nl-NL\"}]}<\/script>\n<!-- \/ Yoast SEO plugin. -->","yoast_head_json":{"title":"System Drzwi Wej\u015bciowych \"Millenium Plus\" 70MM - Zen Aluminium - polski producent okien i drzwi z aluminium","robots":{"index":"index","follow":"follow","max-snippet":"max-snippet:-1","max-image-preview":"max-image-preview:large","max-video-preview":"max-video-preview:-1"},"canonical":"https:\/\/zenaluminium.pl\/nl\/millenium-plus-70\/","og_locale":"nl_NL","og_type":"article","og_title":"System Drzwi Wej\u015bciowych \"Millenium Plus\" 70MM - Zen Aluminium - polski producent okien i drzwi z aluminium","og_url":"https:\/\/zenaluminium.pl\/nl\/millenium-plus-70\/","og_site_name":"Zen Aluminium - polski producent okien i drzwi z aluminium","article_publisher":"http:\/\/fb.com\/zenaluminum","article_modified_time":"2019-10-29T09:53:04+00:00","og_image":[{"url":"https:\/\/www.cortizocenter.com\/ficheros\/aperturas\/apertura_1.gif","type":"","width":"","height":""}],"twitter_card":"summary_large_image","twitter_misc":{"Geschatte leestijd":"4 minuten"},"schema":{"@context":"https:\/\/schema.org","@graph":[{"@type":"WebPage","@id":"https:\/\/zenaluminium.pl\/millenium-plus-70\/","url":"https:\/\/zenaluminium.pl\/millenium-plus-70\/","name":"System Drzwi Wej\u015bciowych \"Millenium Plus\" 70MM - Zen Aluminium - polski producent okien i drzwi z aluminium","isPartOf":{"@id":"https:\/\/zenaluminium.pl\/#website"},"primaryImageOfPage":{"@id":"https:\/\/zenaluminium.pl\/millenium-plus-70\/#primaryimage"},"image":{"@id":"https:\/\/zenaluminium.pl\/millenium-plus-70\/#primaryimage"},"thumbnailUrl":"https:\/\/www.cortizocenter.com\/ficheros\/aperturas\/apertura_1.gif","datePublished":"2017-04-06T09:03:19+00:00","dateModified":"2019-10-29T09:53:04+00:00","breadcrumb":{"@id":"https:\/\/zenaluminium.pl\/millenium-plus-70\/#breadcrumb"},"inLanguage":"nl-NL","potentialAction":[{"@type":"ReadAction","target":["https:\/\/zenaluminium.pl\/millenium-plus-70\/"]}]},{"@type":"ImageObject","inLanguage":"nl-NL","@id":"https:\/\/zenaluminium.pl\/millenium-plus-70\/#primaryimage","url":"https:\/\/www.cortizocenter.com\/ficheros\/aperturas\/apertura_1.gif","contentUrl":"https:\/\/www.cortizocenter.com\/ficheros\/aperturas\/apertura_1.gif"},{"@type":"BreadcrumbList","@id":"https:\/\/zenaluminium.pl\/millenium-plus-70\/#breadcrumb","itemListElement":[{"@type":"ListItem","position":1,"name":"Home","item":"https:\/\/zenaluminium.pl\/"},{"@type":"ListItem","position":2,"name":"System Drzwi Wej\u015bciowych &#8220;Millenium Plus&#8221; 70MM"}]},{"@type":"WebSite","@id":"https:\/\/zenaluminium.pl\/#website","url":"https:\/\/zenaluminium.pl\/","name":"Zen Aluminium - Poolse fabrikant van aluminium ramen en deuren","description":"Raamschrijnwerk, gevels, serres, premium oplossingen","potentialAction":[{"@type":"SearchAction","target":{"@type":"EntryPoint","urlTemplate":"https:\/\/zenaluminium.pl\/?s={search_term_string}"},"query-input":{"@type":"PropertyValueSpecification","valueRequired":true,"valueName":"search_term_string"}}],"inLanguage":"nl-NL"}]}},"_links":{"self":[{"href":"https:\/\/zenaluminium.pl\/nl\/wp-json\/wp\/v2\/pages\/3150","targetHints":{"allow":["GET"]}}],"collection":[{"href":"https:\/\/zenaluminium.pl\/nl\/wp-json\/wp\/v2\/pages"}],"about":[{"href":"https:\/\/zenaluminium.pl\/nl\/wp-json\/wp\/v2\/types\/page"}],"author":[{"embeddable":true,"href":"https:\/\/zenaluminium.pl\/nl\/wp-json\/wp\/v2\/users\/1"}],"replies":[{"embeddable":true,"href":"https:\/\/zenaluminium.pl\/nl\/wp-json\/wp\/v2\/comments?post=3150"}],"version-history":[{"count":0,"href":"https:\/\/zenaluminium.pl\/nl\/wp-json\/wp\/v2\/pages\/3150\/revisions"}],"wp:attachment":[{"href":"https:\/\/zenaluminium.pl\/nl\/wp-json\/wp\/v2\/media?parent=3150"}],"curies":[{"name":"wp","href":"https:\/\/api.w.org\/{rel}","templated":true}]}}