{"id":3320,"date":"2017-04-20T09:28:56","date_gmt":"2017-04-20T08:28:56","guid":{"rendered":"http:\/\/zenaluminium.com\/?page_id=3320\/"},"modified":"2023-04-19T13:39:49","modified_gmt":"2023-04-19T12:39:49","slug":"cor-70-verbergen-vleugel","status":"publish","type":"page","link":"https:\/\/zenaluminium.pl\/nl\/uslugi\/systemy-okienne-aluminiowe\/okna-zawiasowe\/cor-70-ukryte-skrzydlo\/","title":{"rendered":"COR-70 Aluminium draairamen Verborgen schuifraam"},"content":{"rendered":"<div class=\"wpb-content-wrapper\"><div class=\"vc_row wpb_row vc_row-fluid\"><div class=\"wpb_column vc_column_container vc_col-md-12\"><div class=\"vc_column-inner\"><div class=\"wpb_wrapper\"><h1 class='heading-middle  style-1' ><span>COR-70 Okna zawiasowe aluminiowe Ukryte Skrzyd\u0142o<\/span><\/h1><\/div><\/div><\/div><\/div><div class=\"vc_row wpb_row vc_row-fluid\"><div class=\"wpb_column vc_column_container vc_col-md-6\"><div class=\"vc_column-inner\"><div class=\"wpb_wrapper\"><h2 class='heading-left  divider-sm' ><span>COR-70 Ukryte Skrzyd\u0142o Okna zawiasowe aluminiowe<\/span><\/h2>\n\t<div class=\"wpb_text_column wpb_content_element\" >\n\t\t<div class=\"wpb_wrapper\">\n\t\t\t<p><span style=\"color: #000000;\">Nowy projekt okna o rowku okuciowym \u201eeuro\u201d, z ukrytym skrzyd\u0142em, charakteryzuj\u0105cy si\u0119 niezwykle smuk\u0142\u0105 \u015blusark\u0105. Przekr\u00f3j widoczny z zewn\u0105trz wynosi jedynie 66 mm, co zwi\u0119ksza powierzchni\u0119 szklenia. Szk\u0142o mo\u017ce stanowi\u0107 nawet 85% powierzchni ca\u0142ego okna. Zapewnia to doskona\u0142e do\u015bwietlenie wn\u0119trza.<\/span><\/p>\n<p><span style=\"color: #000000;\">Okno zaprojektowane zosta\u0142o w taki spos\u00f3b, aby patrz\u0105c z zewn\u0105trz nie da\u0142o si\u0119 odr\u00f3\u017cni\u0107 szkle\u0144 sta\u0142ych od tych, kt\u00f3re mo\u017cna otwiera\u0107. Dzi\u0119ki temu zabiegowi uzyskano idealnie jednolit\u0105 estetycznie fasad\u0119.<\/span><br \/>\n<span style=\"color: #000000;\">Strefa przek\u0142adki termicznej o szeroko\u015bci 35 mm oraz pianka z poliolefiny umieszczona w o\u015bcie\u017cnicy i skrzydle pozwalaj\u0105 na osi\u0105gni\u0119cie wsp\u00f3\u0142czynnika przenikalno\u015bci o warto\u015bci do 1.0 W\/m\u00b2K, zwi\u0119kszaj\u0105c tym samym efektywno\u015b\u0107 energetyczn\u0105. Ponadto, system ten cechuje si\u0119 wysokim stopniem wyciszenia wn\u0119trza, kt\u00f3ry uzyskany zosta\u0142 poprzez mo\u017cliwo\u015b\u0107 zastosowania szklenia o grubo\u015bci do 40 mm.<\/span><\/p>\n<p><span style=\"color: #000000;\">Wyniki uzyskane w trakcie bada\u0144 AEV potwierdzaj\u0105 doskona\u0142e w\u0142a\u015bciwo\u015bci wodoszczelno\u015bci, szczelno\u015bci powietrznej oraz odporno\u015bci na obci\u0105\u017cenie wiatrem. System ten zapewnia najwy\u017csze zabezpieczenie przed niekorzystnymi warunkami atmosferycznymi.<\/span><\/p>\n\n\t\t<\/div>\n\t<\/div>\n<ul class='list list-default'><li><span style=\"color: #000000;\"><strong><span style=\"font-size: 18px;\">Izolacyjno\u015b\u0107 akustyczna<\/span><\/strong><\/span><\/p>\n<p><span style=\"color: #000000;\">Maksymalna grubo\u015b\u0107 szklenia:\u00a0<strong>40 mm.<br \/>\n<\/strong><\/span><br \/>\n<span style=\"color: #000000;\">Max. izolacyjno\u015b\u0107 akustyczna\u00a0<strong>Rw=46 dBA<\/strong><\/span><\/li><li><span style=\"color: #000000;\"><strong><span style=\"font-size: 18px;\">Wsp\u00f3\u0142czynnik przenikalno\u015bci cieplnej<\/span><\/strong><\/span><\/p>\n<div><span style=\"color: #000000;\">Uw od\u00a0<strong>1.0<\/strong> (W\/m\u00b2K) &#8211; <\/span><span style=\"color: #000000;\">Sprawdzi\u0107 rodzaj, wymiary i szklenie<\/span><\/div>\n<p><\/li><li><span style=\"color: #000000;\"><strong><span style=\"font-size: 18px;\">Otwieranie<\/span><\/strong><\/span><\/p>\n<div>\n<div><span style=\"color: #000000;\">Otwierane do wewn\u0105trz: <\/span><span style=\"color: #000000;\">rozwierne jedno i dwuskrzyd\u0142owe, <\/span><span style=\"color: #000000;\">rozwierno-uchylne jedno i dwuskrzyd\u0142owe, <\/span><span style=\"color: #000000;\">uchylne,uchylno-przesuwne.<\/span><\/div>\n<div class=\"aperDato\"><span style=\"color: #000000;\"><img decoding=\"async\" title=\"Apertura #1\" src=\"http:\/\/cortizo.com\/ficheros\/aperturas\/apertura_1.gif\" alt=\"Apertura #1\" \/>\u00a0<img decoding=\"async\" title=\"Apertura #2\" src=\"http:\/\/cortizo.com\/ficheros\/aperturas\/apertura_2.gif\" alt=\"Apertura #2\" \/>\u00a0<img decoding=\"async\" title=\"Apertura #11\" src=\"http:\/\/cortizo.com\/ficheros\/aperturas\/apertura_11.gif\" alt=\"Apertura #11\" \/>\u00a0<img decoding=\"async\" title=\"Apertura #17\" src=\"http:\/\/cortizo.com\/ficheros\/aperturas\/apertura_17.gif\" alt=\"Apertura #17\" \/>\u00a0<img decoding=\"async\" title=\"Apertura #18\" src=\"http:\/\/cortizo.com\/ficheros\/aperturas\/apertura_18.gif\" alt=\"Apertura #18\" \/><\/span><\/div>\n<\/div>\n<p><\/li><li><span style=\"color: #000000;\"><strong><span style=\"font-size: 18px;\">Przekroje \/ Grubo\u015b\u0107 profila<\/span><\/strong><\/span><\/p>\n<div>\n<div><span style=\"color: #000000;\">PRZEKROJE<\/span><\/div>\n<div><span style=\"color: #000000;\">O\u015bcie\u017cnica \u2013 <strong>70 mm, <\/strong><\/span><span style=\"color: #000000;\">Skrzyd\u0142o \u2013\u00a0<strong>70 mm.<br \/>\n<\/strong><\/span><br \/>\n<span style=\"color: #000000;\">GRUBO\u015a\u0106 PROFILA \u2013 <\/span><span style=\"color: #000000;\">Okno\u00a0<strong>1,9 mm.<\/strong><\/span><\/div>\n<div><\/div>\n<div><span style=\"color: #000000;\">Szeroko\u015b\u0107 przek\u0142adki termicznej\u00a0<strong>35mm<\/strong><\/span><\/div>\n<\/div>\n<p><\/li><li><span style=\"color: #000000;\"><strong><span style=\"font-size: 18px;\">Wymiary<\/span><\/strong><\/span><\/p>\n<div>\n<div>\n<p><span style=\"color: #000000;\">WYMIARY MAKSYMALNE<br \/>\n<\/span><span style=\"color: #000000;\">Szeroko\u015b\u0107(L)=\u00a0<strong>1.300 mm, <\/strong><\/span><span style=\"color: #000000;\">Wysoko\u015b\u0107(H)=\u00a0<\/span><strong style=\"color: #000000;\"> 2.400 mm.<br \/>\n<\/strong><span style=\"color: #000000;\">Ci\u0119\u017car maksymalny\/skrzyd\u0142o\u00a0<\/span><strong style=\"color: #000000;\">120 Kg.<\/strong><\/p>\n<\/div>\n<div>\n<div><span style=\"color: #000000;\">Skonsultuj maksymalne wymiary i wag\u0119 wed\u0142ug typologii.<\/span><\/div>\n<\/div>\n<\/div>\n<p><\/li><li><span style=\"color: #000000;\"><strong><span style=\"font-size: 18px;\">Badania<\/span><\/strong><\/span><\/p>\n<div>\n<div><span style=\"color: #000000;\">Przepuszczalno\u015b\u0107 powietrza <\/span><span style=\"color: #000000;\">(EN 12207:2001):\u00a0<strong>Klasa 4<br \/>\n<\/strong><\/span><br \/>\n<span style=\"color: #000000;\">Wodoszczelno\u015b\u0107 <\/span><span style=\"color: #000000;\">(EN 12208:2001):<strong>\u00a0Klasa E1650<\/strong><\/span><\/div>\n<div><\/div>\n<div><span style=\"color: #000000;\">Wytrzyma\u0142o\u015b\u0107 na obci\u0105\u017cenie wiatrem <\/span><span style=\"color: #000000;\">(EN 12210:2001):\u00a0<strong>Klasa C5<\/strong><\/span><\/div>\n<div><\/div>\n<div><span style=\"color: #000000;\">Badanie referencyjne okna jednoskrzyd\u0142owego 1,23 x 1,48 m<\/span><\/div>\n<\/div>\n<p><\/li><li><span style=\"color: #000000;\"><strong><span style=\"font-size: 18px;\">Wyko\u0144czenie \/ malowanie<\/span><\/strong><\/span><\/p>\n<div>\n<div><span style=\"color: #000000;\">Opcja dwukolorowa<\/span><\/div>\n<div><span style=\"color: #000000;\">Lakierowanie RAL (nakrapiane, chropowate)<\/span><\/div>\n<div><span style=\"color: #000000;\">Lakierowanie &#8211; imitacja drewna<\/span><\/div>\n<div><span style=\"color: #000000;\">Lakierowanie antybakteryjne<\/span><\/div>\n<div><span style=\"color: #000000;\">Anodowanie<\/span><\/div>\n<p><span style=\"color: #000000;\"><a style=\"color: #000000;\" href=\"http:\/\/www.cortizo.com\/idioma=en\/paginas\/gama_de_colores\"><img decoding=\"async\" src=\"https:\/\/www.cortizo.com\/ficheros\/imagenes\/522.coloresmenuen.png\" alt=\"\" width=\"100%\" height=\"\" \/><\/a><\/span><\/p>\n<\/div>\n<p><\/li><\/ul><\/div><\/div><\/div><div class=\"wpb_column vc_column_container vc_col-md-6\"><div class=\"vc_column-inner\"><div class=\"wpb_wrapper\"><div class=\"vc_row wpb_row vc_inner vc_row-fluid\"><div class=\"wpb_column vc_column_container vc_col-md-6\"><div class=\"vc_column-inner\"><div class=\"wpb_wrapper\">\n\t<div  class=\"wpb_single_image wpb_content_element vc_align_center wpb_content_element\">\n\t\t\n\t\t<figure class=\"wpb_wrapper vc_figure\">\n\t\t\t<div class=\"vc_single_image-wrapper vc_box_border  vc_box_border_grey\"><img loading=\"lazy\" decoding=\"async\" width=\"350\" height=\"400\" src=\"https:\/\/zenaluminium.pl\/wp-content\/uploads\/2021\/07\/1397464654.350x400.fm_.679z.jpg\" class=\"vc_single_image-img attachment-full\" alt=\"\" title=\"1397464654.350x400.fm_.679z\" srcset=\"https:\/\/zenaluminium.pl\/wp-content\/uploads\/2021\/07\/1397464654.350x400.fm_.679z.jpg 350w, https:\/\/zenaluminium.pl\/wp-content\/uploads\/2021\/07\/1397464654.350x400.fm_.679z-263x300.jpg 263w\" sizes=\"auto, (max-width: 350px) 100vw, 350px\" \/><\/div>\n\t\t<\/figure>\n\t<\/div>\n<\/div><\/div><\/div><div class=\"wpb_column vc_column_container vc_col-md-6\"><div class=\"vc_column-inner\"><div class=\"wpb_wrapper\">\n\t<div  class=\"wpb_single_image wpb_content_element vc_align_center wpb_content_element\">\n\t\t\n\t\t<figure class=\"wpb_wrapper vc_figure\">\n\t\t\t<div class=\"vc_single_image-wrapper vc_box_border  vc_box_border_grey\"><img loading=\"lazy\" decoding=\"async\" width=\"350\" height=\"400\" src=\"https:\/\/zenaluminium.pl\/wp-content\/uploads\/2021\/07\/1389103618.350x400.fm_.652z.jpg\" class=\"vc_single_image-img attachment-full\" alt=\"\" title=\"1389103618.350x400.fm_.652z\" srcset=\"https:\/\/zenaluminium.pl\/wp-content\/uploads\/2021\/07\/1389103618.350x400.fm_.652z.jpg 350w, https:\/\/zenaluminium.pl\/wp-content\/uploads\/2021\/07\/1389103618.350x400.fm_.652z-263x300.jpg 263w\" sizes=\"auto, (max-width: 350px) 100vw, 350px\" \/><\/div>\n\t\t<\/figure>\n\t<\/div>\n<\/div><\/div><\/div><\/div><div class=\"vc_row wpb_row vc_inner vc_row-fluid\"><div class=\"wpb_column vc_column_container vc_col-md-6\"><div class=\"vc_column-inner\"><div class=\"wpb_wrapper\">\n\t<div  class=\"wpb_single_image wpb_content_element vc_align_center wpb_content_element\">\n\t\t\n\t\t<figure class=\"wpb_wrapper vc_figure\">\n\t\t\t<div class=\"vc_single_image-wrapper vc_box_border  vc_box_border_grey\"><img loading=\"lazy\" decoding=\"async\" width=\"600\" height=\"338\" src=\"https:\/\/zenaluminium.pl\/wp-content\/uploads\/2021\/07\/6_79z.jpg\" class=\"vc_single_image-img attachment-full\" alt=\"\" title=\"6_79z\" srcset=\"https:\/\/zenaluminium.pl\/wp-content\/uploads\/2021\/07\/6_79z.jpg 600w, https:\/\/zenaluminium.pl\/wp-content\/uploads\/2021\/07\/6_79z-300x169.jpg 300w\" sizes=\"auto, (max-width: 600px) 100vw, 600px\" \/><\/div>\n\t\t<\/figure>\n\t<\/div>\n<\/div><\/div><\/div><div class=\"wpb_column vc_column_container vc_col-md-6\"><div class=\"vc_column-inner\"><div class=\"wpb_wrapper\">\n\t<div  class=\"wpb_single_image wpb_content_element vc_align_center wpb_content_element\">\n\t\t\n\t\t<figure class=\"wpb_wrapper vc_figure\">\n\t\t\t<div class=\"vc_single_image-wrapper vc_box_border  vc_box_border_grey\"><img loading=\"lazy\" decoding=\"async\" width=\"600\" height=\"338\" src=\"https:\/\/zenaluminium.pl\/wp-content\/uploads\/2021\/07\/6_52z.png\" class=\"vc_single_image-img attachment-full\" alt=\"\" title=\"6_52z\" srcset=\"https:\/\/zenaluminium.pl\/wp-content\/uploads\/2021\/07\/6_52z.png 600w, https:\/\/zenaluminium.pl\/wp-content\/uploads\/2021\/07\/6_52z-300x169.png 300w\" sizes=\"auto, (max-width: 600px) 100vw, 600px\" \/><\/div>\n\t\t<\/figure>\n\t<\/div>\n<\/div><\/div><\/div><\/div><div class=\"wpb_gallery wpb_content_element vc_clearfix wpb_content_element\" ><div class=\"wpb_wrapper\"><div class=\"wpb_gallery_slides wpb_flexslider flexslider_fade flexslider\" data-interval=\"3\" data-flex_fx=\"fade\"><ul class=\"slides\"><li><a class=\"\" href=\"\" data-lightbox=\"lightbox[rel-3320-2968633893]\"><\/a><\/li><li><a class=\"\" href=\"\" data-lightbox=\"lightbox[rel-3320-2968633893]\"><\/a><\/li><li><a class=\"\" href=\"\" data-lightbox=\"lightbox[rel-3320-2968633893]\"><\/a><\/li><\/ul><\/div><\/div><\/div><\/div><\/div><\/div><\/div><div class=\"vc_row wpb_row vc_row-fluid vc_custom_1490781646798 vc_row-has-fill\"><div class=\"wpb_column vc_column_container vc_col-md-12\"><div class=\"vc_column-inner\"><div class=\"wpb_wrapper\"><div class=\"download\"><div class='download-content text-uppercase' style='color: #fff'><i class='fa fa fa-file-pdf-o'><\/i> POBIERZ KOMPLETNY KATALOG SYSTEMU COR-70 UKRYTE SKRZYD\u0141O<\/div><a target='_self' href='http:\/\/zenaluminium.com\/wp-content\/uploads\/70HS%20WIDNOW%20HINGED.pdf' class='btn btn-md btn-dark btn-shadow'><i class='fa fa fa-cloud-download'><\/i> Download<\/a><\/div><\/div><\/div><\/div><\/div>\n<\/div>","protected":false},"excerpt":{"rendered":"COR-70 Aluminium Scharnierend Verborgen SchuifraamCOR-70 Aluminium Scharnierend Scharnierend Schuifraam Een nieuw raamontwerp met een \"euro\" beslaggroef, met een verborgen vleugel, gekenmerkt door extreem slank schrijnwerk. De van buitenaf zichtbare doorsnede is slechts 66 mm, waardoor het glasoppervlak groter is. Het glas kan ...","protected":false},"author":1,"featured_media":0,"parent":3282,"menu_order":0,"comment_status":"closed","ping_status":"closed","template":"","meta":{"footnotes":""},"class_list":["post-3320","page","type-page","status-publish","hentry"],"yoast_head":"<!-- This site is optimized with the Yoast SEO plugin v27.2 - https:\/\/yoast.com\/product\/yoast-seo-wordpress\/ -->\n<title>COR-70 Okna zawiasowe aluminiowe Ukryte Skrzyd\u0142o - ZenAluminium<\/title>\n<meta name=\"description\" content=\"Okna COR-70 Ukryte skrzyd\u0142o zaprojektowane zosta\u0142y w taki spos\u00f3b, aby patrz\u0105c z zewn\u0105trz nie da\u0142o si\u0119 odr\u00f3\u017cni\u0107 szkle\u0144 sta\u0142ych od tych, kt\u00f3re mo\u017cna otwiera\u0107.\" \/>\n<meta name=\"robots\" content=\"index, follow, max-snippet:-1, max-image-preview:large, max-video-preview:-1\" \/>\n<link rel=\"canonical\" href=\"https:\/\/zenaluminium.pl\/nl\/diensten\/raam-aluminium-systemen\/raamscharnier\/cor-70-verbergen-vleugel\/\" \/>\n<meta property=\"og:locale\" content=\"nl_NL\" \/>\n<meta property=\"og:type\" content=\"article\" \/>\n<meta property=\"og:title\" content=\"COR-70 Okna zawiasowe aluminiowe Ukryte Skrzyd\u0142o - ZenAluminium\" \/>\n<meta property=\"og:description\" content=\"Okna COR-70 Ukryte skrzyd\u0142o zaprojektowane zosta\u0142y w taki spos\u00f3b, aby patrz\u0105c z zewn\u0105trz nie da\u0142o si\u0119 odr\u00f3\u017cni\u0107 szkle\u0144 sta\u0142ych od tych, kt\u00f3re mo\u017cna otwiera\u0107.\" \/>\n<meta property=\"og:url\" content=\"https:\/\/zenaluminium.pl\/nl\/diensten\/raam-aluminium-systemen\/raamscharnier\/cor-70-verbergen-vleugel\/\" \/>\n<meta property=\"og:site_name\" content=\"Zen Aluminium - polski producent okien i drzwi z aluminium\" \/>\n<meta property=\"article:publisher\" content=\"http:\/\/fb.com\/zenaluminum\" \/>\n<meta property=\"article:modified_time\" content=\"2023-04-19T12:39:49+00:00\" \/>\n<meta property=\"og:image\" content=\"http:\/\/cortizo.com\/ficheros\/aperturas\/apertura_1.gif\" \/>\n<meta name=\"twitter:card\" content=\"summary_large_image\" \/>\n<meta name=\"twitter:label1\" content=\"Geschatte leestijd\" \/>\n\t<meta name=\"twitter:data1\" content=\"3 minuten\" \/>\n<script type=\"application\/ld+json\" class=\"yoast-schema-graph\">{\"@context\":\"https:\/\/schema.org\",\"@graph\":[{\"@type\":\"WebPage\",\"@id\":\"https:\/\/zenaluminium.pl\/uslugi\/systemy-okienne-aluminiowe\/okna-zawiasowe\/cor-70-ukryte-skrzydlo\/\",\"url\":\"https:\/\/zenaluminium.pl\/uslugi\/systemy-okienne-aluminiowe\/okna-zawiasowe\/cor-70-ukryte-skrzydlo\/\",\"name\":\"COR-70 Okna zawiasowe aluminiowe Ukryte Skrzyd\u0142o - ZenAluminium\",\"isPartOf\":{\"@id\":\"https:\/\/zenaluminium.pl\/#website\"},\"primaryImageOfPage\":{\"@id\":\"https:\/\/zenaluminium.pl\/uslugi\/systemy-okienne-aluminiowe\/okna-zawiasowe\/cor-70-ukryte-skrzydlo\/#primaryimage\"},\"image\":{\"@id\":\"https:\/\/zenaluminium.pl\/uslugi\/systemy-okienne-aluminiowe\/okna-zawiasowe\/cor-70-ukryte-skrzydlo\/#primaryimage\"},\"thumbnailUrl\":\"http:\/\/cortizo.com\/ficheros\/aperturas\/apertura_1.gif\",\"datePublished\":\"2017-04-20T08:28:56+00:00\",\"dateModified\":\"2023-04-19T12:39:49+00:00\",\"description\":\"Okna COR-70 Ukryte skrzyd\u0142o zaprojektowane zosta\u0142y w taki spos\u00f3b, aby patrz\u0105c z zewn\u0105trz nie da\u0142o si\u0119 odr\u00f3\u017cni\u0107 szkle\u0144 sta\u0142ych od tych, kt\u00f3re mo\u017cna otwiera\u0107.\",\"breadcrumb\":{\"@id\":\"https:\/\/zenaluminium.pl\/uslugi\/systemy-okienne-aluminiowe\/okna-zawiasowe\/cor-70-ukryte-skrzydlo\/#breadcrumb\"},\"inLanguage\":\"nl-NL\",\"potentialAction\":[{\"@type\":\"ReadAction\",\"target\":[\"https:\/\/zenaluminium.pl\/uslugi\/systemy-okienne-aluminiowe\/okna-zawiasowe\/cor-70-ukryte-skrzydlo\/\"]}]},{\"@type\":\"ImageObject\",\"inLanguage\":\"nl-NL\",\"@id\":\"https:\/\/zenaluminium.pl\/uslugi\/systemy-okienne-aluminiowe\/okna-zawiasowe\/cor-70-ukryte-skrzydlo\/#primaryimage\",\"url\":\"http:\/\/cortizo.com\/ficheros\/aperturas\/apertura_1.gif\",\"contentUrl\":\"http:\/\/cortizo.com\/ficheros\/aperturas\/apertura_1.gif\"},{\"@type\":\"BreadcrumbList\",\"@id\":\"https:\/\/zenaluminium.pl\/uslugi\/systemy-okienne-aluminiowe\/okna-zawiasowe\/cor-70-ukryte-skrzydlo\/#breadcrumb\",\"itemListElement\":[{\"@type\":\"ListItem\",\"position\":1,\"name\":\"Home\",\"item\":\"https:\/\/zenaluminium.pl\/\"},{\"@type\":\"ListItem\",\"position\":2,\"name\":\"Stolarka aluminiowa\",\"item\":\"https:\/\/zenaluminium.pl\/uslugi\/\"},{\"@type\":\"ListItem\",\"position\":3,\"name\":\"OKNA ALUMINIOWE\",\"item\":\"https:\/\/zenaluminium.pl\/uslugi\/systemy-okienne-aluminiowe\/\"},{\"@type\":\"ListItem\",\"position\":4,\"name\":\"OKNA ZAWIASOWE Z ALUMINIUM\",\"item\":\"https:\/\/zenaluminium.pl\/uslugi\/systemy-okienne-aluminiowe\/okna-zawiasowe\/\"},{\"@type\":\"ListItem\",\"position\":5,\"name\":\"COR-70 Okna zawiasowe aluminiowe Ukryte Skrzyd\u0142o\"}]},{\"@type\":\"WebSite\",\"@id\":\"https:\/\/zenaluminium.pl\/#website\",\"url\":\"https:\/\/zenaluminium.pl\/\",\"name\":\"Zen Aluminium - polski producent okien i drzwi z aluminium\",\"description\":\"Stolarka okienna, fasady, ogrody zimowe, rozwi\u0105zania klasy premium\",\"potentialAction\":[{\"@type\":\"SearchAction\",\"target\":{\"@type\":\"EntryPoint\",\"urlTemplate\":\"https:\/\/zenaluminium.pl\/?s={search_term_string}\"},\"query-input\":{\"@type\":\"PropertyValueSpecification\",\"valueRequired\":true,\"valueName\":\"search_term_string\"}}],\"inLanguage\":\"nl-NL\"}]}<\/script>\n<!-- \/ Yoast SEO plugin. -->","yoast_head_json":{"title":"COR-70 aluminium draairamen - ZenAluminium","description":"COR-70 Verdektliggende schuiframen zijn zo ontworpen dat, van buitenaf gezien, geen onderscheid kan worden gemaakt tussen vaste en bedienbare beglazing.","robots":{"index":"index","follow":"follow","max-snippet":"max-snippet:-1","max-image-preview":"max-image-preview:large","max-video-preview":"max-video-preview:-1"},"canonical":"https:\/\/zenaluminium.pl\/nl\/diensten\/raam-aluminium-systemen\/raamscharnier\/cor-70-verbergen-vleugel\/","og_locale":"nl_NL","og_type":"article","og_title":"COR-70 Okna zawiasowe aluminiowe Ukryte Skrzyd\u0142o - ZenAluminium","og_description":"Okna COR-70 Ukryte skrzyd\u0142o zaprojektowane zosta\u0142y w taki spos\u00f3b, aby patrz\u0105c z zewn\u0105trz nie da\u0142o si\u0119 odr\u00f3\u017cni\u0107 szkle\u0144 sta\u0142ych od tych, kt\u00f3re mo\u017cna otwiera\u0107.","og_url":"https:\/\/zenaluminium.pl\/nl\/diensten\/raam-aluminium-systemen\/raamscharnier\/cor-70-verbergen-vleugel\/","og_site_name":"Zen Aluminium - polski producent okien i drzwi z aluminium","article_publisher":"http:\/\/fb.com\/zenaluminum","article_modified_time":"2023-04-19T12:39:49+00:00","og_image":[{"url":"http:\/\/cortizo.com\/ficheros\/aperturas\/apertura_1.gif","type":"","width":"","height":""}],"twitter_card":"summary_large_image","twitter_misc":{"Geschatte leestijd":"3 minuten"},"schema":{"@context":"https:\/\/schema.org","@graph":[{"@type":"WebPage","@id":"https:\/\/zenaluminium.pl\/uslugi\/systemy-okienne-aluminiowe\/okna-zawiasowe\/cor-70-ukryte-skrzydlo\/","url":"https:\/\/zenaluminium.pl\/uslugi\/systemy-okienne-aluminiowe\/okna-zawiasowe\/cor-70-ukryte-skrzydlo\/","name":"COR-70 aluminium draairamen - ZenAluminium","isPartOf":{"@id":"https:\/\/zenaluminium.pl\/#website"},"primaryImageOfPage":{"@id":"https:\/\/zenaluminium.pl\/uslugi\/systemy-okienne-aluminiowe\/okna-zawiasowe\/cor-70-ukryte-skrzydlo\/#primaryimage"},"image":{"@id":"https:\/\/zenaluminium.pl\/uslugi\/systemy-okienne-aluminiowe\/okna-zawiasowe\/cor-70-ukryte-skrzydlo\/#primaryimage"},"thumbnailUrl":"http:\/\/cortizo.com\/ficheros\/aperturas\/apertura_1.gif","datePublished":"2017-04-20T08:28:56+00:00","dateModified":"2023-04-19T12:39:49+00:00","description":"COR-70 Verdektliggende schuiframen zijn zo ontworpen dat, van buitenaf gezien, geen onderscheid kan worden gemaakt tussen vaste en bedienbare beglazing.","breadcrumb":{"@id":"https:\/\/zenaluminium.pl\/uslugi\/systemy-okienne-aluminiowe\/okna-zawiasowe\/cor-70-ukryte-skrzydlo\/#breadcrumb"},"inLanguage":"nl-NL","potentialAction":[{"@type":"ReadAction","target":["https:\/\/zenaluminium.pl\/uslugi\/systemy-okienne-aluminiowe\/okna-zawiasowe\/cor-70-ukryte-skrzydlo\/"]}]},{"@type":"ImageObject","inLanguage":"nl-NL","@id":"https:\/\/zenaluminium.pl\/uslugi\/systemy-okienne-aluminiowe\/okna-zawiasowe\/cor-70-ukryte-skrzydlo\/#primaryimage","url":"http:\/\/cortizo.com\/ficheros\/aperturas\/apertura_1.gif","contentUrl":"http:\/\/cortizo.com\/ficheros\/aperturas\/apertura_1.gif"},{"@type":"BreadcrumbList","@id":"https:\/\/zenaluminium.pl\/uslugi\/systemy-okienne-aluminiowe\/okna-zawiasowe\/cor-70-ukryte-skrzydlo\/#breadcrumb","itemListElement":[{"@type":"ListItem","position":1,"name":"Home","item":"https:\/\/zenaluminium.pl\/"},{"@type":"ListItem","position":2,"name":"Stolarka aluminiowa","item":"https:\/\/zenaluminium.pl\/uslugi\/"},{"@type":"ListItem","position":3,"name":"OKNA ALUMINIOWE","item":"https:\/\/zenaluminium.pl\/uslugi\/systemy-okienne-aluminiowe\/"},{"@type":"ListItem","position":4,"name":"OKNA ZAWIASOWE Z ALUMINIUM","item":"https:\/\/zenaluminium.pl\/uslugi\/systemy-okienne-aluminiowe\/okna-zawiasowe\/"},{"@type":"ListItem","position":5,"name":"COR-70 Okna zawiasowe aluminiowe Ukryte Skrzyd\u0142o"}]},{"@type":"WebSite","@id":"https:\/\/zenaluminium.pl\/#website","url":"https:\/\/zenaluminium.pl\/","name":"Zen Aluminium - Poolse fabrikant van aluminium ramen en deuren","description":"Raamschrijnwerk, gevels, serres, premium oplossingen","potentialAction":[{"@type":"SearchAction","target":{"@type":"EntryPoint","urlTemplate":"https:\/\/zenaluminium.pl\/?s={search_term_string}"},"query-input":{"@type":"PropertyValueSpecification","valueRequired":true,"valueName":"search_term_string"}}],"inLanguage":"nl-NL"}]}},"_links":{"self":[{"href":"https:\/\/zenaluminium.pl\/nl\/wp-json\/wp\/v2\/pages\/3320","targetHints":{"allow":["GET"]}}],"collection":[{"href":"https:\/\/zenaluminium.pl\/nl\/wp-json\/wp\/v2\/pages"}],"about":[{"href":"https:\/\/zenaluminium.pl\/nl\/wp-json\/wp\/v2\/types\/page"}],"author":[{"embeddable":true,"href":"https:\/\/zenaluminium.pl\/nl\/wp-json\/wp\/v2\/users\/1"}],"replies":[{"embeddable":true,"href":"https:\/\/zenaluminium.pl\/nl\/wp-json\/wp\/v2\/comments?post=3320"}],"version-history":[{"count":6,"href":"https:\/\/zenaluminium.pl\/nl\/wp-json\/wp\/v2\/pages\/3320\/revisions"}],"predecessor-version":[{"id":8197,"href":"https:\/\/zenaluminium.pl\/nl\/wp-json\/wp\/v2\/pages\/3320\/revisions\/8197"}],"up":[{"embeddable":true,"href":"https:\/\/zenaluminium.pl\/nl\/wp-json\/wp\/v2\/pages\/3282"}],"wp:attachment":[{"href":"https:\/\/zenaluminium.pl\/nl\/wp-json\/wp\/v2\/media?parent=3320"}],"curies":[{"name":"wp","href":"https:\/\/api.w.org\/{rel}","templated":true}]}}