{"id":5995,"date":"2020-09-10T09:49:32","date_gmt":"2020-09-10T08:49:32","guid":{"rendered":"https:\/\/zenaluminium.com\/?page_id=5995"},"modified":"2020-11-26T12:19:45","modified_gmt":"2020-11-26T12:19:45","slug":"ponzio-pe40","status":"publish","type":"page","link":"https:\/\/zenaluminium.pl\/nl\/uslugi\/ponzio-pe40\/","title":{"rendered":"PONZIO PE40"},"content":{"rendered":"<div class=\"wpb-content-wrapper\"><div class=\"vc_row wpb_row vc_row-fluid\"><div class=\"wpb_column vc_column_container vc_col-md-6\"><div class=\"vc_column-inner\"><div class=\"wpb_wrapper\"><h1 class='heading-middle  style-1' ><span>SYSTEM OKIENNO-DRZWIOWY PONZIO PE40<\/span><\/h1><div class=\"vc_empty_space\"   style=\"height: 20px\"><span class=\"vc_empty_space_inner\"><\/span><\/div><div class=\"vc_row wpb_row vc_inner vc_row-fluid\"><div class=\"wpb_column vc_column_container vc_col-md-12\"><div class=\"vc_column-inner\"><div class=\"wpb_wrapper\">\n\t<div class=\"wpb_text_column wpb_content_element\" >\n\t\t<div class=\"wpb_wrapper\">\n\t\t\t<h2 style=\"font-size: 16px; text-align: justify;\">System profili aluminiowych bez izolacji termicznej, przeznaczony do wykonywania konstrukcji wewn\u0119trznych: lekkich \u015bcianek i przeszkle\u0144 oraz drzwi nak\u0142adkowych jedno i dwuskrzyd\u0142owych.<\/h2>\n<h2 style=\"font-size: 16px; text-align: justify;\">Jest to tzw. zimny system stosowany cz\u0119sto do wykonania \u015bcianek biurowych, \u015bcian zimnych ogrod\u00f3w zimowych czy podzia\u0142u przestrzennego pomieszcze\u0144 bez izolacji termicznej. Znakomicie sprawdza si\u0119 r\u00f3wnie\u017c jako drzwi wewn\u0119trzne jedno i dwu skrzyd\u0142owe. Mo\u017cliwo\u015b\u0107 uzyskania norm dymoszczelno\u015bci.<\/h2>\n<h2 style=\"font-size: 16px; text-align: justify;\"><\/h2>\n\n\t\t<\/div>\n\t<\/div>\n<\/div><\/div><\/div><\/div><ul class='list list-circle-check'><li><span style=\"color: #000000;\"><strong><span style=\"font-size: 18px;\">CHARAKTERYSTYKA<\/span><\/strong><\/span><\/p>\n<p style=\"padding-left: 40px;\">&#8211; <span style=\"color: #000000;\">mo\u017cliwo\u015b\u0107 wykonywania drzwi przesuwnych r\u0119cznie lub automatycznie oraz \u015bcianek \u0142amanych pod k\u0105tem<\/span><br \/>\n<span style=\"color: #000000;\">&#8211; zastosowanie rowka okuciowego Euro (szeroka gama akcesori\u00f3w)<\/span><br \/>\n<span style=\"color: #000000;\">&#8211; mo\u017cliwo\u015b\u0107 stosowania zawias\u00f3w wr\u0119bowych, \u0142atwiejszy monta\u017c i ekonomiczno\u015b\u0107<\/span><br \/>\n<span style=\"color: #000000;\">&#8211; \u015bcis\u0142e powi\u0105zanie z innymi systemami Ponzio<\/span><br \/>\n<span style=\"color: #000000;\">&#8211; wiele wariant\u00f3w wykonania skrzyde\u0142 drzwiowych: z szerok\u0105 belk\u0105 lub skrzyd\u0142em ci\u0119tym pod k\u0105tem 45 stopni, bez progu lub z progiem<\/span><br \/>\n<span style=\"color: #000000;\">&#8211; profile skr\u0119cane lub zagniatane<\/span><br \/>\n<span style=\"color: #000000;\">&#8211; mo\u017cliwo\u015b\u0107 gi\u0119cia profili<\/span><\/p>\n<p><\/li><li><span style=\"color: #000000;\"><strong><span style=\"font-size: 18px;\">KSZTA\u0141TOWNIKI ALUMINIOWE<\/span><\/strong><\/span><\/p>\n<p style=\"padding-left: 40px;\"><span style=\"color: #000000;\">EN AW-6060 wg PN-EN 573-3 stan T6 wg PN-EN 515\u00a0Al Mg Si 0,5 F22 wg norm DIN 1725 T1, DIN 17615 T1.<\/span><\/p>\n<p><\/li><li><span style=\"color: #000000;\"><strong><span style=\"font-size: 18px;\">WYPE\u0141NIENIA<\/span><\/strong><\/span><\/p>\n<p style=\"padding-left: 40px;\"><span style=\"color: #000000;\">Szyby pojedyncze lub zespolone z ka\u017cdym rodzajem szk\u0142a lub panele nieprzezierne o grubo\u015bci: 2 &#8211; 23 mm.<\/span><\/p>\n<p><\/li><li><span style=\"color: #000000;\"><strong><span style=\"font-size: 18px;\">SPOSOBY WYKO\u0143CZENIA POWIERZCHNI<\/span><\/strong><\/span><\/p>\n<p style=\"padding-left: 40px;\"><span style=\"color: #000000;\">Malowanie proszkowe farbami poliestrowymi spe\u0142niaj\u0105ce wymogi Qualicoat, do wyboru kolory z palety RAL; anodowanie naturalne i w kolorach &#8211; spe\u0142niaj\u0105ce wymogi Qualanod; lakierowanie na \u201ekolor\u201d drewna &#8211; wyko\u0144czenie powierzchni spe\u0142nia wysokie wymagania antykorozyjne<\/span><\/p>\n<p><\/li><li><span style=\"color: #000000;\"><strong><span style=\"font-size: 18px;\">USZCZELKI<\/span><\/strong><\/span><\/p>\n<p style=\"padding-left: 40px;\"><span style=\"color: #000000;\">Z kauczuku syntetycznego EPDM wg normy 7863 i normy wykonawczej wg ISO 3302-01, E2.<\/span><\/p>\n<p><\/li><li><span style=\"color: #000000;\"><strong><span style=\"font-size: 18px;\">DOPUSZCZENIA I \u015aWIADECTWA JAKO\u015aCI<br \/>\n<\/span><\/strong><\/span><\/p>\n<p style=\"padding-left: 40px;\"><span style=\"color: #000000;\">Aprobata Techniczna Instytutu Techniki Budowlanej AT-15-8114\/2015 &#8222;Drzwi wewn\u0119trzne oraz zestaw wyrob\u00f3w do wykonywania \u015bcian dzia\u0142owych systemu Ponzio PE40&#8221;.<\/span><\/p>\n<p><\/li><\/ul><\/div><\/div><\/div><div class=\"wpb_column vc_column_container vc_col-md-6\"><div class=\"vc_column-inner\"><div class=\"wpb_wrapper\">\n\t<div  class=\"wpb_single_image wpb_content_element vc_align_left wpb_content_element\">\n\t\t\n\t\t<figure class=\"wpb_wrapper vc_figure\">\n\t\t\t<div class=\"vc_single_image-wrapper   vc_box_border_grey\"><img loading=\"lazy\" decoding=\"async\" width=\"338\" height=\"900\" src=\"https:\/\/zenaluminium.pl\/wp-content\/uploads\/2020\/09\/pe40.jpg\" class=\"vc_single_image-img attachment-full\" alt=\"\" title=\"pe40\" srcset=\"https:\/\/zenaluminium.pl\/wp-content\/uploads\/2020\/09\/pe40.jpg 338w, https:\/\/zenaluminium.pl\/wp-content\/uploads\/2020\/09\/pe40-113x300.jpg 113w\" sizes=\"auto, (max-width: 338px) 100vw, 338px\" \/><\/div>\n\t\t<\/figure>\n\t<\/div>\n\n\t<div  class=\"wpb_single_image wpb_content_element vc_align_left wpb_content_element\">\n\t\t\n\t\t<figure class=\"wpb_wrapper vc_figure\">\n\t\t\t<div class=\"vc_single_image-wrapper   vc_box_border_grey\"><img loading=\"lazy\" decoding=\"async\" width=\"900\" height=\"424\" src=\"https:\/\/zenaluminium.pl\/wp-content\/uploads\/2020\/09\/pe40_przekroj-01.jpg\" class=\"vc_single_image-img attachment-full\" alt=\"\" title=\"Drukowanie\" srcset=\"https:\/\/zenaluminium.pl\/wp-content\/uploads\/2020\/09\/pe40_przekroj-01.jpg 900w, https:\/\/zenaluminium.pl\/wp-content\/uploads\/2020\/09\/pe40_przekroj-01-300x141.jpg 300w, https:\/\/zenaluminium.pl\/wp-content\/uploads\/2020\/09\/pe40_przekroj-01-768x362.jpg 768w\" sizes=\"auto, (max-width: 900px) 100vw, 900px\" \/><\/div>\n\t\t<\/figure>\n\t<\/div>\n<\/div><\/div><\/div><\/div><div class=\"vc_row wpb_row vc_row-fluid\"><div class=\"wpb_column vc_column_container vc_col-md-12\"><div class=\"vc_column-inner\"><div class=\"wpb_wrapper\"><div class=\"wpb_gallery wpb_content_element vc_clearfix wpb_content_element\" ><div class=\"wpb_wrapper\"><div class=\"wpb_gallery_slides wpb_slider_nivo theme-default\" data-interval=\"3\"><div class=\"nivoSlider\"><a class=\"\" href=\"https:\/\/zenaluminium.pl\/wp-content\/uploads\/2020\/09\/ponzio-pe-40-realizacje-scianka-dzialowa-1024x677.jpg\" data-lightbox=\"lightbox[rel-5995-3488139242]\"><img loading=\"lazy\" decoding=\"async\" width=\"1370\" height=\"906\" src=\"https:\/\/zenaluminium.pl\/wp-content\/uploads\/2020\/09\/ponzio-pe-40-realizacje-scianka-dzialowa.jpg\" class=\"attachment-full\" alt=\"\" title=\"ponzio pe-40 realizacje scianka dzialowa\" srcset=\"https:\/\/zenaluminium.pl\/wp-content\/uploads\/2020\/09\/ponzio-pe-40-realizacje-scianka-dzialowa.jpg 1370w, https:\/\/zenaluminium.pl\/wp-content\/uploads\/2020\/09\/ponzio-pe-40-realizacje-scianka-dzialowa-300x198.jpg 300w, https:\/\/zenaluminium.pl\/wp-content\/uploads\/2020\/09\/ponzio-pe-40-realizacje-scianka-dzialowa-1024x677.jpg 1024w, https:\/\/zenaluminium.pl\/wp-content\/uploads\/2020\/09\/ponzio-pe-40-realizacje-scianka-dzialowa-768x508.jpg 768w\" sizes=\"auto, (max-width: 1370px) 100vw, 1370px\" \/><\/a><\/div><\/div><\/div><\/div><\/div><\/div><\/div><\/div>\n<\/div>","protected":false},"excerpt":{"rendered":"SYSTEM OKIENNO-DRZWIOWY PONZIO PE40 System profili aluminiowych bez izolacji termicznej, przeznaczony do wykonywania konstrukcji wewn\u0119trznych: lekkich \u015bcianek i przeszkle\u0144 oraz drzwi nak\u0142adkowych jedno i dwuskrzyd\u0142owych. Jest to tzw. zimny system stosowany cz\u0119sto do wykonania \u015bcianek biurowych, \u015bcian zimnych ogrod\u00f3w zimowych &hellip;","protected":false},"author":1,"featured_media":0,"parent":3142,"menu_order":0,"comment_status":"closed","ping_status":"closed","template":"","meta":{"footnotes":""},"class_list":["post-5995","page","type-page","status-publish","hentry"],"yoast_head":"<!-- This site is optimized with the Yoast SEO plugin v27.2 - https:\/\/yoast.com\/product\/yoast-seo-wordpress\/ -->\n<title>PONZIO PE40 - Zen Aluminium - polski producent okien i drzwi z aluminium<\/title>\n<meta name=\"description\" content=\"Jest to tzw. zimny system stosowany cz\u0119sto do wykonania \u015bcianek biurowych, \u015bcian zimnych ogrod\u00f3w zimowych czy podzia\u0142u przestrzennego pomieszcze\u0144 bez izolacji termicznej.\" \/>\n<meta name=\"robots\" content=\"index, follow, max-snippet:-1, max-image-preview:large, max-video-preview:-1\" \/>\n<link rel=\"canonical\" href=\"https:\/\/zenaluminium.pl\/nl\/diensten\/ponzio-pe40\/\" \/>\n<meta property=\"og:locale\" content=\"nl_NL\" \/>\n<meta property=\"og:type\" content=\"article\" \/>\n<meta property=\"og:title\" content=\"PONZIO PE40 - Zen Aluminium - polski producent okien i drzwi z aluminium\" \/>\n<meta property=\"og:description\" content=\"Jest to tzw. zimny system stosowany cz\u0119sto do wykonania \u015bcianek biurowych, \u015bcian zimnych ogrod\u00f3w zimowych czy podzia\u0142u przestrzennego pomieszcze\u0144 bez izolacji termicznej.\" \/>\n<meta property=\"og:url\" content=\"https:\/\/zenaluminium.pl\/nl\/diensten\/ponzio-pe40\/\" \/>\n<meta property=\"og:site_name\" content=\"Zen Aluminium - polski producent okien i drzwi z aluminium\" \/>\n<meta property=\"article:publisher\" content=\"http:\/\/fb.com\/zenaluminum\" \/>\n<meta property=\"article:modified_time\" content=\"2020-11-26T12:19:45+00:00\" \/>\n<meta name=\"twitter:card\" content=\"summary_large_image\" \/>\n<meta name=\"twitter:label1\" content=\"Geschatte leestijd\" \/>\n\t<meta name=\"twitter:data1\" content=\"2 minuten\" \/>\n<script type=\"application\/ld+json\" class=\"yoast-schema-graph\">{\"@context\":\"https:\/\/schema.org\",\"@graph\":[{\"@type\":\"WebPage\",\"@id\":\"https:\/\/zenaluminium.pl\/uslugi\/ponzio-pe40\/\",\"url\":\"https:\/\/zenaluminium.pl\/uslugi\/ponzio-pe40\/\",\"name\":\"PONZIO PE40 - Zen Aluminium - polski producent okien i drzwi z aluminium\",\"isPartOf\":{\"@id\":\"https:\/\/zenaluminium.pl\/#website\"},\"datePublished\":\"2020-09-10T08:49:32+00:00\",\"dateModified\":\"2020-11-26T12:19:45+00:00\",\"description\":\"Jest to tzw. zimny system stosowany cz\u0119sto do wykonania \u015bcianek biurowych, \u015bcian zimnych ogrod\u00f3w zimowych czy podzia\u0142u przestrzennego pomieszcze\u0144 bez izolacji termicznej.\",\"breadcrumb\":{\"@id\":\"https:\/\/zenaluminium.pl\/uslugi\/ponzio-pe40\/#breadcrumb\"},\"inLanguage\":\"nl-NL\",\"potentialAction\":[{\"@type\":\"ReadAction\",\"target\":[\"https:\/\/zenaluminium.pl\/uslugi\/ponzio-pe40\/\"]}]},{\"@type\":\"BreadcrumbList\",\"@id\":\"https:\/\/zenaluminium.pl\/uslugi\/ponzio-pe40\/#breadcrumb\",\"itemListElement\":[{\"@type\":\"ListItem\",\"position\":1,\"name\":\"Home\",\"item\":\"https:\/\/zenaluminium.pl\/\"},{\"@type\":\"ListItem\",\"position\":2,\"name\":\"Stolarka aluminiowa\",\"item\":\"https:\/\/zenaluminium.pl\/uslugi\/\"},{\"@type\":\"ListItem\",\"position\":3,\"name\":\"PONZIO PE40\"}]},{\"@type\":\"WebSite\",\"@id\":\"https:\/\/zenaluminium.pl\/#website\",\"url\":\"https:\/\/zenaluminium.pl\/\",\"name\":\"Zen Aluminium - polski producent okien i drzwi z aluminium\",\"description\":\"Stolarka okienna, fasady, ogrody zimowe, rozwi\u0105zania klasy premium\",\"potentialAction\":[{\"@type\":\"SearchAction\",\"target\":{\"@type\":\"EntryPoint\",\"urlTemplate\":\"https:\/\/zenaluminium.pl\/?s={search_term_string}\"},\"query-input\":{\"@type\":\"PropertyValueSpecification\",\"valueRequired\":true,\"valueName\":\"search_term_string\"}}],\"inLanguage\":\"nl-NL\"}]}<\/script>\n<!-- \/ Yoast SEO plugin. -->","yoast_head_json":{"title":"PONZIO PE40 - Zen Aluminium - Poolse fabrikant van aluminium ramen en deuren","description":"Het is een zogenaamd koud systeem dat vaak wordt gebruikt om kantoormuren, koude tuinmuren of scheidingswanden zonder thermische isolatie te maken.","robots":{"index":"index","follow":"follow","max-snippet":"max-snippet:-1","max-image-preview":"max-image-preview:large","max-video-preview":"max-video-preview:-1"},"canonical":"https:\/\/zenaluminium.pl\/nl\/diensten\/ponzio-pe40\/","og_locale":"nl_NL","og_type":"article","og_title":"PONZIO PE40 - Zen Aluminium - polski producent okien i drzwi z aluminium","og_description":"Jest to tzw. zimny system stosowany cz\u0119sto do wykonania \u015bcianek biurowych, \u015bcian zimnych ogrod\u00f3w zimowych czy podzia\u0142u przestrzennego pomieszcze\u0144 bez izolacji termicznej.","og_url":"https:\/\/zenaluminium.pl\/nl\/diensten\/ponzio-pe40\/","og_site_name":"Zen Aluminium - polski producent okien i drzwi z aluminium","article_publisher":"http:\/\/fb.com\/zenaluminum","article_modified_time":"2020-11-26T12:19:45+00:00","twitter_card":"summary_large_image","twitter_misc":{"Geschatte leestijd":"2 minuten"},"schema":{"@context":"https:\/\/schema.org","@graph":[{"@type":"WebPage","@id":"https:\/\/zenaluminium.pl\/uslugi\/ponzio-pe40\/","url":"https:\/\/zenaluminium.pl\/uslugi\/ponzio-pe40\/","name":"PONZIO PE40 - Zen Aluminium - Poolse fabrikant van aluminium ramen en deuren","isPartOf":{"@id":"https:\/\/zenaluminium.pl\/#website"},"datePublished":"2020-09-10T08:49:32+00:00","dateModified":"2020-11-26T12:19:45+00:00","description":"Het is een zogenaamd koud systeem dat vaak wordt gebruikt om kantoormuren, koude tuinmuren of scheidingswanden zonder thermische isolatie te maken.","breadcrumb":{"@id":"https:\/\/zenaluminium.pl\/uslugi\/ponzio-pe40\/#breadcrumb"},"inLanguage":"nl-NL","potentialAction":[{"@type":"ReadAction","target":["https:\/\/zenaluminium.pl\/uslugi\/ponzio-pe40\/"]}]},{"@type":"BreadcrumbList","@id":"https:\/\/zenaluminium.pl\/uslugi\/ponzio-pe40\/#breadcrumb","itemListElement":[{"@type":"ListItem","position":1,"name":"Home","item":"https:\/\/zenaluminium.pl\/"},{"@type":"ListItem","position":2,"name":"Stolarka aluminiowa","item":"https:\/\/zenaluminium.pl\/uslugi\/"},{"@type":"ListItem","position":3,"name":"PONZIO PE40"}]},{"@type":"WebSite","@id":"https:\/\/zenaluminium.pl\/#website","url":"https:\/\/zenaluminium.pl\/","name":"Zen Aluminium - Poolse fabrikant van aluminium ramen en deuren","description":"Raamschrijnwerk, gevels, serres, premium oplossingen","potentialAction":[{"@type":"SearchAction","target":{"@type":"EntryPoint","urlTemplate":"https:\/\/zenaluminium.pl\/?s={search_term_string}"},"query-input":{"@type":"PropertyValueSpecification","valueRequired":true,"valueName":"search_term_string"}}],"inLanguage":"nl-NL"}]}},"_links":{"self":[{"href":"https:\/\/zenaluminium.pl\/nl\/wp-json\/wp\/v2\/pages\/5995","targetHints":{"allow":["GET"]}}],"collection":[{"href":"https:\/\/zenaluminium.pl\/nl\/wp-json\/wp\/v2\/pages"}],"about":[{"href":"https:\/\/zenaluminium.pl\/nl\/wp-json\/wp\/v2\/types\/page"}],"author":[{"embeddable":true,"href":"https:\/\/zenaluminium.pl\/nl\/wp-json\/wp\/v2\/users\/1"}],"replies":[{"embeddable":true,"href":"https:\/\/zenaluminium.pl\/nl\/wp-json\/wp\/v2\/comments?post=5995"}],"version-history":[{"count":0,"href":"https:\/\/zenaluminium.pl\/nl\/wp-json\/wp\/v2\/pages\/5995\/revisions"}],"up":[{"embeddable":true,"href":"https:\/\/zenaluminium.pl\/nl\/wp-json\/wp\/v2\/pages\/3142"}],"wp:attachment":[{"href":"https:\/\/zenaluminium.pl\/nl\/wp-json\/wp\/v2\/media?parent=5995"}],"curies":[{"name":"wp","href":"https:\/\/api.w.org\/{rel}","templated":true}]}}