{"id":6021,"date":"2020-09-11T10:17:30","date_gmt":"2020-09-11T09:17:30","guid":{"rendered":"https:\/\/zenaluminium.com\/?page_id=6021"},"modified":"2020-12-08T06:09:33","modified_gmt":"2020-12-08T06:09:33","slug":"ponzio-pe50","status":"publish","type":"page","link":"https:\/\/zenaluminium.pl\/nl\/uslugi\/ponzio-pe50\/","title":{"rendered":"PONZIO PE50"},"content":{"rendered":"<div class=\"wpb-content-wrapper\"><div class=\"vc_row wpb_row vc_row-fluid\"><div class=\"wpb_column vc_column_container vc_col-md-6\"><div class=\"vc_column-inner\"><div class=\"wpb_wrapper\"><h1 class='heading-middle  style-1' ><span>SYSTEM OKIENNO-DRZWIOWY PONZIO PE50<\/span><\/h1><div class=\"vc_empty_space\"   style=\"height: 20px\"><span class=\"vc_empty_space_inner\"><\/span><\/div><div class=\"vc_row wpb_row vc_inner vc_row-fluid\"><div class=\"wpb_column vc_column_container vc_col-md-12\"><div class=\"vc_column-inner\"><div class=\"wpb_wrapper\">\n\t<div class=\"wpb_text_column wpb_content_element\" >\n\t\t<div class=\"wpb_wrapper\">\n\t\t\t<h2 style=\"font-size: 16px; text-align: justify;\">System profili do okien i drzwi aluminiowych bez izolacji termicznej, przeznaczony do wykonywania konstrukcji\u00a0 lekkich\u00a0 drzwi ca\u0142oszklane, drzwi dymoszczelne, drzwi przesuwne oraz drzwi wahad\u0142owe. Mo\u017cliwo\u015b\u0107 stworzenia lekkich \u015bcianek wewn\u0119trznych oraz okien i drzwi wewn\u0119trznych.<\/h2>\n<h2 style=\"font-size: 16px; text-align: justify;\"><\/h2>\n\n\t\t<\/div>\n\t<\/div>\n<\/div><\/div><\/div><\/div><ul class='list list-circle-check'><li><span style=\"color: #000000;\"><strong><span style=\"font-size: 18px;\">CHARAKTERYSTYKA<\/span><\/strong><\/span><\/p>\n<p style=\"padding-left: 40px;\"><span style=\"color: #000000;\">&#8211; zastosowanie centralnego rowka okuciowego w drzwiach<\/span><br \/>\n<span style=\"color: #000000;\">&#8211; mo\u017cliwo\u015b\u0107 zastosowania w skrzyd\u0142ach okiennych tak\u017ce rowka okuciowego PVC<\/span><br \/>\n<span style=\"color: #000000;\">&#8211; mo\u017cliwo\u015b\u0107 wykonywania drzwi przymykowych, wsp\u00f3\u0142p\u0142aszczyznowych, drzwi z zawiasem wr\u0119bowym, ca\u0142oszklanych, przesuwnych r\u0119cznie lub automatycznie, wahad\u0142owych, okien, lekkich przeszkle\u0144 i \u015bcianek dzia\u0142owych<\/span><br \/>\n<span style=\"color: #000000;\">&#8211; du\u017ca swoboda w wyborze r\u00f3\u017cnego rodzaju oku\u0107<\/span><br \/>\n<span style=\"color: #000000;\">&#8211; skrzyd\u0142o okienne zlicowane z o\u015bcie\u017cnic\u0105 (jedna p\u0142aszczyzna po stronie zewn\u0119trznej)<\/span><br \/>\n<span style=\"color: #000000;\">&#8211; mo\u017cliwo\u015b\u0107 wykonania drzwi przesuwnych r\u0119cznie lub automatycznie<\/span><br \/>\n<span style=\"color: #000000;\">&#8211; wiele wariant\u00f3w wykonania skrzyde\u0142 drzwiowych (z szerok\u0105 belk\u0105, lub skrzyd\u0142em ci\u0119tym pod k\u0105tem 45\u00b0, bez progu lub z progiem)<\/span><br \/>\n<span style=\"color: #000000;\">&#8211; \u015bci\u015ble powi\u0105zane z innymi systemami Ponzio<\/span><br \/>\n<span style=\"color: #000000;\">&#8211; profile skr\u0119cane lub zagniatane<\/span><\/p>\n<p><\/li><li><span style=\"color: #000000;\"><strong><span style=\"font-size: 18px;\">KSZTA\u0141TOWNIKI ALUMINIOWE<\/span><\/strong><\/span><\/p>\n<p style=\"padding-left: 40px;\"><span style=\"color: #000000;\">EN AW-6060 wg PN-EN 573-3 stan T66 wg PN-EN 515 Al Mg Si 0,5 F22 wg norm DIN 1725 T1, DIN 17615 T1.<\/span><\/p>\n<p><\/li><li><span style=\"color: #000000;\"><strong><span style=\"font-size: 18px;\">WYPE\u0141NIENIA<\/span><\/strong><\/span><\/p>\n<p style=\"padding-left: 40px;\"><span style=\"color: #000000;\">Szyby pojedyncze lub zespolone z ka\u017cdym rodzajem szk\u0142a lub panele nieprzezierne o grubo\u015bci: drzwi i \u015bcianki: 2 &#8211; 35 mm, okna: 5 &#8211; 43 mm<\/span><\/p>\n<p><\/li><li><span style=\"color: #000000;\"><strong><span style=\"font-size: 18px;\">SPOSOBY WYKO\u0143CZENIA POWIERZCHNI<\/span><\/strong><\/span><\/p>\n<p style=\"padding-left: 40px;\"><span style=\"color: #000000;\">Malowanie proszkowe farbami poliestrowymi spe\u0142niaj\u0105ce wymogi Qualicoat, do wyboru kolory z palety RAL; anodowanie naturalne i w kolorach &#8211; spe\u0142niaj\u0105ce wymogi Qualanod; lakierowanie na \u201ekolor\u201d drewna &#8211; wyko\u0144czenie powierzchni spe\u0142nia wysokie wymagania antykorozyjne<\/span><\/p>\n<p><\/li><li><span style=\"color: #000000;\"><strong><span style=\"font-size: 18px;\">USZCZELKI<\/span><\/strong><\/span><\/p>\n<p style=\"padding-left: 40px;\"><span style=\"color: #000000;\">Z kauczuku syntetycznego EPDM wg normy 7863 i normy wykonawczej wg ISO 3302-01, E2.<\/span><\/p>\n<p><\/li><li><span style=\"color: #000000;\"><strong><span style=\"font-size: 18px;\">G\u0141\u0118BOKO\u015a\u0106<br \/>\n<\/span><\/strong><\/span><\/p>\n<p style=\"padding-left: 40px;\"><span style=\"color: #000000;\">52 mm<\/span><\/p>\n<p><\/li><li><span style=\"color: #000000;\"><strong><span style=\"font-size: 18px;\">DYMOSZCZELNO\u015a\u0106<br \/>\n<\/span><\/strong><\/span><\/p>\n<p style=\"padding-left: 40px;\"><span style=\"color: #000000;\">Klasa S<sub>a<\/sub>\u00a0i S<sub>200<\/sub>\u00a0wg PN-EN 13501-2:2016<\/span><\/p>\n<p><\/li><li><span style=\"color: #000000;\"><strong><span style=\"font-size: 18px;\">DOPUSZCZENIA I \u015aWIADECTWA JAKO\u015aCI<br \/>\n<\/span><\/strong><\/span><\/p>\n<p style=\"padding-left: 40px;\"><span style=\"color: #000000;\">Krajowa Ocena Techniczna ITB-KOT-2018\/0621<\/span><\/p>\n<p><\/li><\/ul><\/div><\/div><\/div><div class=\"wpb_column vc_column_container vc_col-md-6\"><div class=\"vc_column-inner\"><div class=\"wpb_wrapper\"><div class=\"wpb_gallery wpb_content_element vc_clearfix wpb_content_element\" ><div class=\"wpb_wrapper\"><div class=\"wpb_gallery_slides wpb_flexslider flexslider_fade flexslider\" data-interval=\"3\" data-flex_fx=\"fade\"><ul class=\"slides\"><li><a class=\"\" href=\"https:\/\/zenaluminium.pl\/wp-content\/uploads\/2020\/09\/PE50-okno.jpg\" data-lightbox=\"lightbox[rel-6021-2110518134]\"><img loading=\"lazy\" decoding=\"async\" width=\"600\" height=\"600\" src=\"https:\/\/zenaluminium.pl\/wp-content\/uploads\/2020\/09\/PE50-okno.jpg\" class=\"attachment-full\" alt=\"\" title=\"PE50-okno\" srcset=\"https:\/\/zenaluminium.pl\/wp-content\/uploads\/2020\/09\/PE50-okno.jpg 600w, https:\/\/zenaluminium.pl\/wp-content\/uploads\/2020\/09\/PE50-okno-300x300.jpg 300w, https:\/\/zenaluminium.pl\/wp-content\/uploads\/2020\/09\/PE50-okno-150x150.jpg 150w\" sizes=\"auto, (max-width: 600px) 100vw, 600px\" \/><\/a><\/li><li><a class=\"\" href=\"https:\/\/zenaluminium.pl\/wp-content\/uploads\/2020\/09\/pe50_drzwi_wrebowe.jpg\" data-lightbox=\"lightbox[rel-6021-2110518134]\"><img loading=\"lazy\" decoding=\"async\" width=\"320\" height=\"900\" src=\"https:\/\/zenaluminium.pl\/wp-content\/uploads\/2020\/09\/pe50_drzwi_wrebowe.jpg\" class=\"attachment-full\" alt=\"ponzio pe50 profil\" title=\"pe50_drzwi_wrebowe\" srcset=\"https:\/\/zenaluminium.pl\/wp-content\/uploads\/2020\/09\/pe50_drzwi_wrebowe.jpg 320w, https:\/\/zenaluminium.pl\/wp-content\/uploads\/2020\/09\/pe50_drzwi_wrebowe-107x300.jpg 107w\" sizes=\"auto, (max-width: 320px) 100vw, 320px\" \/><\/a><\/li><li><a class=\"\" href=\"https:\/\/zenaluminium.pl\/wp-content\/uploads\/2020\/09\/PE50-okno-aluminiowe.jpg\" data-lightbox=\"lightbox[rel-6021-2110518134]\"><img loading=\"lazy\" decoding=\"async\" width=\"600\" height=\"600\" src=\"https:\/\/zenaluminium.pl\/wp-content\/uploads\/2020\/09\/PE50-okno-aluminiowe.jpg\" class=\"attachment-full\" alt=\"\" title=\"PE50-okno-aluminiowe\" srcset=\"https:\/\/zenaluminium.pl\/wp-content\/uploads\/2020\/09\/PE50-okno-aluminiowe.jpg 600w, https:\/\/zenaluminium.pl\/wp-content\/uploads\/2020\/09\/PE50-okno-aluminiowe-300x300.jpg 300w, https:\/\/zenaluminium.pl\/wp-content\/uploads\/2020\/09\/PE50-okno-aluminiowe-150x150.jpg 150w\" sizes=\"auto, (max-width: 600px) 100vw, 600px\" \/><\/a><\/li><\/ul><\/div><\/div><\/div>\n\t<div  class=\"wpb_single_image wpb_content_element vc_align_left wpb_content_element\">\n\t\t\n\t\t<figure class=\"wpb_wrapper vc_figure\">\n\t\t\t<div class=\"vc_single_image-wrapper   vc_box_border_grey\"><img loading=\"lazy\" decoding=\"async\" width=\"900\" height=\"800\" src=\"https:\/\/zenaluminium.pl\/wp-content\/uploads\/2020\/09\/pe50_przekroj-01.jpg\" class=\"vc_single_image-img attachment-full\" alt=\"schemat systemu ponzio pe50 rzut z gory\" title=\"Rzut z gory ponzio pe50\" srcset=\"https:\/\/zenaluminium.pl\/wp-content\/uploads\/2020\/09\/pe50_przekroj-01.jpg 900w, https:\/\/zenaluminium.pl\/wp-content\/uploads\/2020\/09\/pe50_przekroj-01-300x267.jpg 300w, https:\/\/zenaluminium.pl\/wp-content\/uploads\/2020\/09\/pe50_przekroj-01-768x683.jpg 768w\" sizes=\"auto, (max-width: 900px) 100vw, 900px\" \/><\/div>\n\t\t<\/figure>\n\t<\/div>\n<\/div><\/div><\/div><\/div><div class=\"vc_row wpb_row vc_row-fluid\"><div class=\"wpb_column vc_column_container vc_col-md-12\"><div class=\"vc_column-inner\"><div class=\"wpb_wrapper\"><div class=\"wpb_gallery wpb_content_element vc_clearfix wpb_content_element\" ><div class=\"wpb_wrapper\"><div class=\"wpb_gallery_slides wpb_slider_nivo theme-default\" data-interval=\"3\"><div class=\"nivoSlider\"><a class=\"\" href=\"https:\/\/zenaluminium.pl\/wp-content\/uploads\/2020\/09\/ponzio-pe50-realizacja-okno-przesuwne-1024x963.jpg\" data-lightbox=\"lightbox[rel-6021-2207711089]\"><img loading=\"lazy\" decoding=\"async\" width=\"1524\" height=\"1433\" src=\"https:\/\/zenaluminium.pl\/wp-content\/uploads\/2020\/09\/ponzio-pe50-realizacja-okno-przesuwne.jpg\" class=\"attachment-full\" alt=\"\" title=\"ponzio-pe50-realizacja-okno przesuwne\" srcset=\"https:\/\/zenaluminium.pl\/wp-content\/uploads\/2020\/09\/ponzio-pe50-realizacja-okno-przesuwne.jpg 1524w, https:\/\/zenaluminium.pl\/wp-content\/uploads\/2020\/09\/ponzio-pe50-realizacja-okno-przesuwne-300x282.jpg 300w, https:\/\/zenaluminium.pl\/wp-content\/uploads\/2020\/09\/ponzio-pe50-realizacja-okno-przesuwne-1024x963.jpg 1024w, https:\/\/zenaluminium.pl\/wp-content\/uploads\/2020\/09\/ponzio-pe50-realizacja-okno-przesuwne-768x722.jpg 768w\" sizes=\"auto, (max-width: 1524px) 100vw, 1524px\" \/><\/a><\/div><\/div><\/div><\/div><\/div><\/div><\/div><\/div>\n<\/div>","protected":false},"excerpt":{"rendered":"SYSTEM OKIENNO-DRZWIOWY PONZIO PE50 System profili do okien i drzwi aluminiowych bez izolacji termicznej, przeznaczony do wykonywania konstrukcji\u00a0 lekkich\u00a0 drzwi ca\u0142oszklane, drzwi dymoszczelne, drzwi przesuwne oraz drzwi wahad\u0142owe. Mo\u017cliwo\u015b\u0107 stworzenia lekkich \u015bcianek wewn\u0119trznych oraz okien i drzwi wewn\u0119trznych. CHARAKTERYSTYKA - &hellip;","protected":false},"author":1,"featured_media":0,"parent":3142,"menu_order":0,"comment_status":"closed","ping_status":"closed","template":"","meta":{"footnotes":""},"class_list":["post-6021","page","type-page","status-publish","hentry"],"yoast_head":"<!-- This site is optimized with the Yoast SEO plugin v27.2 - https:\/\/yoast.com\/product\/yoast-seo-wordpress\/ -->\n<title>PONZIO PE50 - Zen Aluminium - polski producent okien i drzwi z aluminium<\/title>\n<meta name=\"description\" content=\"System profili do okien i drzwi aluminiowych bez izolacji termicznej, przeznaczony do wykonywania konstrukcji\u00a0 lekkich\u00a0 drzwi ca\u0142oszklane, drzwi dymoszczelne, drzwi przesuwne oraz drzwi wahad\u0142owe. Mo\u017cliwo\u015b\u0107 stworzenia lekkich \u015bcianek wewn\u0119trznych oraz okien i drzwi wewn\u0119trznych.\" \/>\n<meta name=\"robots\" content=\"index, follow, max-snippet:-1, max-image-preview:large, max-video-preview:-1\" \/>\n<link rel=\"canonical\" href=\"https:\/\/zenaluminium.pl\/nl\/diensten\/ponzio-pe50\/\" \/>\n<meta property=\"og:locale\" content=\"nl_NL\" \/>\n<meta property=\"og:type\" content=\"article\" \/>\n<meta property=\"og:title\" content=\"PONZIO PE50 - Zen Aluminium - polski producent okien i drzwi z aluminium\" \/>\n<meta property=\"og:description\" content=\"System profili do okien i drzwi aluminiowych bez izolacji termicznej, przeznaczony do wykonywania konstrukcji\u00a0 lekkich\u00a0 drzwi ca\u0142oszklane, drzwi dymoszczelne, drzwi przesuwne oraz drzwi wahad\u0142owe. Mo\u017cliwo\u015b\u0107 stworzenia lekkich \u015bcianek wewn\u0119trznych oraz okien i drzwi wewn\u0119trznych.\" \/>\n<meta property=\"og:url\" content=\"https:\/\/zenaluminium.pl\/nl\/diensten\/ponzio-pe50\/\" \/>\n<meta property=\"og:site_name\" content=\"Zen Aluminium - polski producent okien i drzwi z aluminium\" \/>\n<meta property=\"article:publisher\" content=\"http:\/\/fb.com\/zenaluminum\" \/>\n<meta property=\"article:modified_time\" content=\"2020-12-08T06:09:33+00:00\" \/>\n<meta name=\"twitter:card\" content=\"summary_large_image\" \/>\n<meta name=\"twitter:label1\" content=\"Geschatte leestijd\" \/>\n\t<meta name=\"twitter:data1\" content=\"2 minuten\" \/>\n<script type=\"application\/ld+json\" class=\"yoast-schema-graph\">{\"@context\":\"https:\/\/schema.org\",\"@graph\":[{\"@type\":\"WebPage\",\"@id\":\"https:\/\/zenaluminium.pl\/uslugi\/ponzio-pe50\/\",\"url\":\"https:\/\/zenaluminium.pl\/uslugi\/ponzio-pe50\/\",\"name\":\"PONZIO PE50 - Zen Aluminium - polski producent okien i drzwi z aluminium\",\"isPartOf\":{\"@id\":\"https:\/\/zenaluminium.pl\/#website\"},\"datePublished\":\"2020-09-11T09:17:30+00:00\",\"dateModified\":\"2020-12-08T06:09:33+00:00\",\"description\":\"System profili do okien i drzwi aluminiowych bez izolacji termicznej, przeznaczony do wykonywania konstrukcji\u00a0 lekkich\u00a0 drzwi ca\u0142oszklane, drzwi dymoszczelne, drzwi przesuwne oraz drzwi wahad\u0142owe. Mo\u017cliwo\u015b\u0107 stworzenia lekkich \u015bcianek wewn\u0119trznych oraz okien i drzwi wewn\u0119trznych.\",\"breadcrumb\":{\"@id\":\"https:\/\/zenaluminium.pl\/uslugi\/ponzio-pe50\/#breadcrumb\"},\"inLanguage\":\"nl-NL\",\"potentialAction\":[{\"@type\":\"ReadAction\",\"target\":[\"https:\/\/zenaluminium.pl\/uslugi\/ponzio-pe50\/\"]}]},{\"@type\":\"BreadcrumbList\",\"@id\":\"https:\/\/zenaluminium.pl\/uslugi\/ponzio-pe50\/#breadcrumb\",\"itemListElement\":[{\"@type\":\"ListItem\",\"position\":1,\"name\":\"Home\",\"item\":\"https:\/\/zenaluminium.pl\/\"},{\"@type\":\"ListItem\",\"position\":2,\"name\":\"Stolarka aluminiowa\",\"item\":\"https:\/\/zenaluminium.pl\/uslugi\/\"},{\"@type\":\"ListItem\",\"position\":3,\"name\":\"PONZIO PE50\"}]},{\"@type\":\"WebSite\",\"@id\":\"https:\/\/zenaluminium.pl\/#website\",\"url\":\"https:\/\/zenaluminium.pl\/\",\"name\":\"Zen Aluminium - polski producent okien i drzwi z aluminium\",\"description\":\"Stolarka okienna, fasady, ogrody zimowe, rozwi\u0105zania klasy premium\",\"potentialAction\":[{\"@type\":\"SearchAction\",\"target\":{\"@type\":\"EntryPoint\",\"urlTemplate\":\"https:\/\/zenaluminium.pl\/?s={search_term_string}\"},\"query-input\":{\"@type\":\"PropertyValueSpecification\",\"valueRequired\":true,\"valueName\":\"search_term_string\"}}],\"inLanguage\":\"nl-NL\"}]}<\/script>\n<!-- \/ Yoast SEO plugin. -->","yoast_head_json":{"title":"PONZIO PE50 - Zen Aluminium - Poolse fabrikant van aluminium ramen en deuren","description":"Profielsysteem voor aluminium ramen en deuren zonder thermische isolatie, ontworpen voor de constructie van lichte volledig glazen deuren, rookwerende deuren, schuifdeuren en draaideuren. Mogelijkheid om lichte binnenwanden en ramen en binnendeuren te maken.","robots":{"index":"index","follow":"follow","max-snippet":"max-snippet:-1","max-image-preview":"max-image-preview:large","max-video-preview":"max-video-preview:-1"},"canonical":"https:\/\/zenaluminium.pl\/nl\/diensten\/ponzio-pe50\/","og_locale":"nl_NL","og_type":"article","og_title":"PONZIO PE50 - Zen Aluminium - polski producent okien i drzwi z aluminium","og_description":"System profili do okien i drzwi aluminiowych bez izolacji termicznej, przeznaczony do wykonywania konstrukcji\u00a0 lekkich\u00a0 drzwi ca\u0142oszklane, drzwi dymoszczelne, drzwi przesuwne oraz drzwi wahad\u0142owe. Mo\u017cliwo\u015b\u0107 stworzenia lekkich \u015bcianek wewn\u0119trznych oraz okien i drzwi wewn\u0119trznych.","og_url":"https:\/\/zenaluminium.pl\/nl\/diensten\/ponzio-pe50\/","og_site_name":"Zen Aluminium - polski producent okien i drzwi z aluminium","article_publisher":"http:\/\/fb.com\/zenaluminum","article_modified_time":"2020-12-08T06:09:33+00:00","twitter_card":"summary_large_image","twitter_misc":{"Geschatte leestijd":"2 minuten"},"schema":{"@context":"https:\/\/schema.org","@graph":[{"@type":"WebPage","@id":"https:\/\/zenaluminium.pl\/uslugi\/ponzio-pe50\/","url":"https:\/\/zenaluminium.pl\/uslugi\/ponzio-pe50\/","name":"PONZIO PE50 - Zen Aluminium - Poolse fabrikant van aluminium ramen en deuren","isPartOf":{"@id":"https:\/\/zenaluminium.pl\/#website"},"datePublished":"2020-09-11T09:17:30+00:00","dateModified":"2020-12-08T06:09:33+00:00","description":"Profielsysteem voor aluminium ramen en deuren zonder thermische isolatie, ontworpen voor de constructie van lichte volledig glazen deuren, rookwerende deuren, schuifdeuren en draaideuren. Mogelijkheid om lichte binnenwanden en ramen en binnendeuren te maken.","breadcrumb":{"@id":"https:\/\/zenaluminium.pl\/uslugi\/ponzio-pe50\/#breadcrumb"},"inLanguage":"nl-NL","potentialAction":[{"@type":"ReadAction","target":["https:\/\/zenaluminium.pl\/uslugi\/ponzio-pe50\/"]}]},{"@type":"BreadcrumbList","@id":"https:\/\/zenaluminium.pl\/uslugi\/ponzio-pe50\/#breadcrumb","itemListElement":[{"@type":"ListItem","position":1,"name":"Home","item":"https:\/\/zenaluminium.pl\/"},{"@type":"ListItem","position":2,"name":"Stolarka aluminiowa","item":"https:\/\/zenaluminium.pl\/uslugi\/"},{"@type":"ListItem","position":3,"name":"PONZIO PE50"}]},{"@type":"WebSite","@id":"https:\/\/zenaluminium.pl\/#website","url":"https:\/\/zenaluminium.pl\/","name":"Zen Aluminium - Poolse fabrikant van aluminium ramen en deuren","description":"Raamschrijnwerk, gevels, serres, premium oplossingen","potentialAction":[{"@type":"SearchAction","target":{"@type":"EntryPoint","urlTemplate":"https:\/\/zenaluminium.pl\/?s={search_term_string}"},"query-input":{"@type":"PropertyValueSpecification","valueRequired":true,"valueName":"search_term_string"}}],"inLanguage":"nl-NL"}]}},"_links":{"self":[{"href":"https:\/\/zenaluminium.pl\/nl\/wp-json\/wp\/v2\/pages\/6021","targetHints":{"allow":["GET"]}}],"collection":[{"href":"https:\/\/zenaluminium.pl\/nl\/wp-json\/wp\/v2\/pages"}],"about":[{"href":"https:\/\/zenaluminium.pl\/nl\/wp-json\/wp\/v2\/types\/page"}],"author":[{"embeddable":true,"href":"https:\/\/zenaluminium.pl\/nl\/wp-json\/wp\/v2\/users\/1"}],"replies":[{"embeddable":true,"href":"https:\/\/zenaluminium.pl\/nl\/wp-json\/wp\/v2\/comments?post=6021"}],"version-history":[{"count":0,"href":"https:\/\/zenaluminium.pl\/nl\/wp-json\/wp\/v2\/pages\/6021\/revisions"}],"up":[{"embeddable":true,"href":"https:\/\/zenaluminium.pl\/nl\/wp-json\/wp\/v2\/pages\/3142"}],"wp:attachment":[{"href":"https:\/\/zenaluminium.pl\/nl\/wp-json\/wp\/v2\/media?parent=6021"}],"curies":[{"name":"wp","href":"https:\/\/api.w.org\/{rel}","templated":true}]}}