{"id":6093,"date":"2020-09-28T08:18:25","date_gmt":"2020-09-28T07:18:25","guid":{"rendered":"https:\/\/zenaluminium.com\/?page_id=6093"},"modified":"2020-10-09T12:03:58","modified_gmt":"2020-10-09T11:03:58","slug":"referenties","status":"publish","type":"page","link":"https:\/\/zenaluminium.pl\/nl\/o-nas\/referencje\/","title":{"rendered":"Referenties"},"content":{"rendered":"<div class=\"wpb-content-wrapper\"><div class=\"vc_row wpb_row vc_row-fluid\"><div class=\"wpb_column vc_column_container vc_col-md-12\"><div class=\"vc_column-inner\"><div class=\"wpb_wrapper\"><div class=\"vc_row wpb_row vc_inner vc_row-fluid\"><div class=\"wpb_column vc_column_container vc_col-md-12\"><div class=\"vc_column-inner\"><div class=\"wpb_wrapper\">\n\t<div class=\"wpb_text_column wpb_content_element\" >\n\t\t<div class=\"wpb_wrapper\">\n\t\t\t<h1 style=\"text-align: center;\">Bekijk getuigenissen van aluminiumschrijnwerk van bedrijven met wie we hebben samengewerkt.<\/h1>\n\n\t\t<\/div>\n\t<\/div>\n<\/div><\/div><\/div><\/div><\/div><\/div><\/div><\/div><div class=\"vc_row wpb_row vc_row-fluid\"><div class=\"wpb_column vc_column_container vc_col-md-12\"><div class=\"vc_column-inner\"><div class=\"wpb_wrapper\"><div class=\"vc_tta-container\" data-vc-action=\"collapse\"><div class=\"vc_general vc_tta vc_tta-accordion vc_tta-color-grey vc_tta-style-classic vc_tta-shape-rounded vc_tta-o-shape-group vc_tta-controls-align-default\"><div class=\"vc_tta-panels-container\"><div class=\"vc_tta-panels\"><div class=\"vc_tta-panel vc_active\" id=\"1601277115878-d3103cf0-096e\" data-vc-content=\".vc_tta-panel-body\"><div class=\"vc_tta-panel-heading\"><h4 class=\"vc_tta-panel-title vc_tta-controls-icon-position-left\"><a href=\"#1601277115878-d3103cf0-096e\" data-vc-accordion data-vc-container=\".vc_tta-container\"><span class=\"vc_tta-title-text\">Korab Centrum voor BALTEX<\/span><i class=\"vc_tta-controls-icon vc_tta-controls-icon-plus\"><\/i><\/a><\/h4><\/div><div class=\"vc_tta-panel-body\">\n\t<div  class=\"wpb_single_image wpb_content_element vc_align_left wpb_content_element\">\n\t\t\n\t\t<figure class=\"wpb_wrapper vc_figure\">\n\t\t\t<div class=\"vc_single_image-wrapper   vc_box_border_grey\"><img loading=\"lazy\" decoding=\"async\" width=\"796\" height=\"1100\" src=\"https:\/\/zenaluminium.pl\/wp-content\/uploads\/2020\/09\/Referencje-Korab-ZenAluminium.jpg\" class=\"vc_single_image-img attachment-full\" alt=\"referenties voor aluminiumschrijnwerk korab zenaluminium\" title=\"Referenties-Korab-ZenAluminium\" srcset=\"https:\/\/zenaluminium.pl\/wp-content\/uploads\/2020\/09\/Referencje-Korab-ZenAluminium.jpg 796w, https:\/\/zenaluminium.pl\/wp-content\/uploads\/2020\/09\/Referencje-Korab-ZenAluminium-217x300.jpg 217w, https:\/\/zenaluminium.pl\/wp-content\/uploads\/2020\/09\/Referencje-Korab-ZenAluminium-741x1024.jpg 741w, https:\/\/zenaluminium.pl\/wp-content\/uploads\/2020\/09\/Referencje-Korab-ZenAluminium-768x1061.jpg 768w\" sizes=\"auto, (max-width: 796px) 100vw, 796px\" \/><\/div>\n\t\t<\/figure>\n\t<\/div>\n<\/div><\/div><\/div><\/div><\/div><\/div><\/div><\/div><\/div><\/div>\n<\/div>","protected":false},"excerpt":{"rendered":"Zobacz referencje stolarki aluminiowej z wykonanych prac od firm z kt\u00f3rymi wsp\u00f3\u0142pracowali\u015bmy. O\u015brodek Korab dla firmy BA\u0141TEX","protected":false},"author":1,"featured_media":0,"parent":3137,"menu_order":0,"comment_status":"closed","ping_status":"closed","template":"","meta":{"footnotes":""},"class_list":["post-6093","page","type-page","status-publish","hentry"],"yoast_head":"<!-- This site is optimized with the Yoast SEO plugin v27.2 - https:\/\/yoast.com\/product\/yoast-seo-wordpress\/ -->\n<title>ZenAluminium - Referencje stolarki aluminiowej<\/title>\n<meta name=\"description\" content=\"Zobacz referencje stolarki aluminiowej z prac kt\u00f3re wykonali\u015bmy dla naszych klient\u00f3w.\" \/>\n<meta name=\"robots\" content=\"index, follow, max-snippet:-1, max-image-preview:large, max-video-preview:-1\" \/>\n<link rel=\"canonical\" href=\"https:\/\/zenaluminium.pl\/nl\/o-nas\/referenties\/\" \/>\n<meta property=\"og:locale\" content=\"nl_NL\" \/>\n<meta property=\"og:type\" content=\"article\" \/>\n<meta property=\"og:title\" content=\"ZenAluminium - Referencje stolarki aluminiowej\" \/>\n<meta property=\"og:description\" content=\"Zobacz referencje stolarki aluminiowej z prac kt\u00f3re wykonali\u015bmy dla naszych klient\u00f3w.\" \/>\n<meta property=\"og:url\" content=\"https:\/\/zenaluminium.pl\/nl\/o-nas\/referenties\/\" \/>\n<meta property=\"og:site_name\" content=\"Zen Aluminium - polski producent okien i drzwi z aluminium\" \/>\n<meta property=\"article:publisher\" content=\"http:\/\/fb.com\/zenaluminum\" \/>\n<meta property=\"article:modified_time\" content=\"2020-10-09T11:03:58+00:00\" \/>\n<meta name=\"twitter:card\" content=\"summary_large_image\" \/>\n<script type=\"application\/ld+json\" class=\"yoast-schema-graph\">{\"@context\":\"https:\/\/schema.org\",\"@graph\":[{\"@type\":\"WebPage\",\"@id\":\"https:\/\/zenaluminium.pl\/o-nas\/referencje\/\",\"url\":\"https:\/\/zenaluminium.pl\/o-nas\/referencje\/\",\"name\":\"ZenAluminium - Referencje stolarki aluminiowej\",\"isPartOf\":{\"@id\":\"https:\/\/zenaluminium.pl\/#website\"},\"datePublished\":\"2020-09-28T07:18:25+00:00\",\"dateModified\":\"2020-10-09T11:03:58+00:00\",\"description\":\"Zobacz referencje stolarki aluminiowej z prac kt\u00f3re wykonali\u015bmy dla naszych klient\u00f3w.\",\"breadcrumb\":{\"@id\":\"https:\/\/zenaluminium.pl\/o-nas\/referencje\/#breadcrumb\"},\"inLanguage\":\"nl-NL\",\"potentialAction\":[{\"@type\":\"ReadAction\",\"target\":[\"https:\/\/zenaluminium.pl\/o-nas\/referencje\/\"]}]},{\"@type\":\"BreadcrumbList\",\"@id\":\"https:\/\/zenaluminium.pl\/o-nas\/referencje\/#breadcrumb\",\"itemListElement\":[{\"@type\":\"ListItem\",\"position\":1,\"name\":\"Home\",\"item\":\"https:\/\/zenaluminium.pl\/\"},{\"@type\":\"ListItem\",\"position\":2,\"name\":\"O nas\",\"item\":\"https:\/\/zenaluminium.pl\/o-nas\/\"},{\"@type\":\"ListItem\",\"position\":3,\"name\":\"Referencje\"}]},{\"@type\":\"WebSite\",\"@id\":\"https:\/\/zenaluminium.pl\/#website\",\"url\":\"https:\/\/zenaluminium.pl\/\",\"name\":\"Zen Aluminium - polski producent okien i drzwi z aluminium\",\"description\":\"Stolarka okienna, fasady, ogrody zimowe, rozwi\u0105zania klasy premium\",\"potentialAction\":[{\"@type\":\"SearchAction\",\"target\":{\"@type\":\"EntryPoint\",\"urlTemplate\":\"https:\/\/zenaluminium.pl\/?s={search_term_string}\"},\"query-input\":{\"@type\":\"PropertyValueSpecification\",\"valueRequired\":true,\"valueName\":\"search_term_string\"}}],\"inLanguage\":\"nl-NL\"}]}<\/script>\n<!-- \/ Yoast SEO plugin. -->","yoast_head_json":{"title":"ZenAluminium - referenties voor aluminiumschrijnwerk","description":"Bekijk de testimonials van aluminiumschrijnwerk dat we voor onze klanten hebben uitgevoerd.","robots":{"index":"index","follow":"follow","max-snippet":"max-snippet:-1","max-image-preview":"max-image-preview:large","max-video-preview":"max-video-preview:-1"},"canonical":"https:\/\/zenaluminium.pl\/nl\/o-nas\/referenties\/","og_locale":"nl_NL","og_type":"article","og_title":"ZenAluminium - Referencje stolarki aluminiowej","og_description":"Zobacz referencje stolarki aluminiowej z prac kt\u00f3re wykonali\u015bmy dla naszych klient\u00f3w.","og_url":"https:\/\/zenaluminium.pl\/nl\/o-nas\/referenties\/","og_site_name":"Zen Aluminium - polski producent okien i drzwi z aluminium","article_publisher":"http:\/\/fb.com\/zenaluminum","article_modified_time":"2020-10-09T11:03:58+00:00","twitter_card":"summary_large_image","schema":{"@context":"https:\/\/schema.org","@graph":[{"@type":"WebPage","@id":"https:\/\/zenaluminium.pl\/o-nas\/referencje\/","url":"https:\/\/zenaluminium.pl\/o-nas\/referencje\/","name":"ZenAluminium - referenties voor aluminiumschrijnwerk","isPartOf":{"@id":"https:\/\/zenaluminium.pl\/#website"},"datePublished":"2020-09-28T07:18:25+00:00","dateModified":"2020-10-09T11:03:58+00:00","description":"Bekijk de testimonials van aluminiumschrijnwerk dat we voor onze klanten hebben uitgevoerd.","breadcrumb":{"@id":"https:\/\/zenaluminium.pl\/o-nas\/referencje\/#breadcrumb"},"inLanguage":"nl-NL","potentialAction":[{"@type":"ReadAction","target":["https:\/\/zenaluminium.pl\/o-nas\/referencje\/"]}]},{"@type":"BreadcrumbList","@id":"https:\/\/zenaluminium.pl\/o-nas\/referencje\/#breadcrumb","itemListElement":[{"@type":"ListItem","position":1,"name":"Home","item":"https:\/\/zenaluminium.pl\/"},{"@type":"ListItem","position":2,"name":"O nas","item":"https:\/\/zenaluminium.pl\/o-nas\/"},{"@type":"ListItem","position":3,"name":"Referencje"}]},{"@type":"WebSite","@id":"https:\/\/zenaluminium.pl\/#website","url":"https:\/\/zenaluminium.pl\/","name":"Zen Aluminium - Poolse fabrikant van aluminium ramen en deuren","description":"Raamschrijnwerk, gevels, serres, premium oplossingen","potentialAction":[{"@type":"SearchAction","target":{"@type":"EntryPoint","urlTemplate":"https:\/\/zenaluminium.pl\/?s={search_term_string}"},"query-input":{"@type":"PropertyValueSpecification","valueRequired":true,"valueName":"search_term_string"}}],"inLanguage":"nl-NL"}]}},"_links":{"self":[{"href":"https:\/\/zenaluminium.pl\/nl\/wp-json\/wp\/v2\/pages\/6093","targetHints":{"allow":["GET"]}}],"collection":[{"href":"https:\/\/zenaluminium.pl\/nl\/wp-json\/wp\/v2\/pages"}],"about":[{"href":"https:\/\/zenaluminium.pl\/nl\/wp-json\/wp\/v2\/types\/page"}],"author":[{"embeddable":true,"href":"https:\/\/zenaluminium.pl\/nl\/wp-json\/wp\/v2\/users\/1"}],"replies":[{"embeddable":true,"href":"https:\/\/zenaluminium.pl\/nl\/wp-json\/wp\/v2\/comments?post=6093"}],"version-history":[{"count":0,"href":"https:\/\/zenaluminium.pl\/nl\/wp-json\/wp\/v2\/pages\/6093\/revisions"}],"up":[{"embeddable":true,"href":"https:\/\/zenaluminium.pl\/nl\/wp-json\/wp\/v2\/pages\/3137"}],"wp:attachment":[{"href":"https:\/\/zenaluminium.pl\/nl\/wp-json\/wp\/v2\/media?parent=6093"}],"curies":[{"name":"wp","href":"https:\/\/api.w.org\/{rel}","templated":true}]}}