{"id":19782,"date":"2025-06-25T08:11:24","date_gmt":"2025-06-25T06:11:24","guid":{"rendered":"https:\/\/zenaluminium.pl\/?post_type=product&#038;p=19782"},"modified":"2025-06-25T08:16:10","modified_gmt":"2025-06-25T06:16:10","slug":"okno-przesuwne-aluminiowe-cortizo-cor-vision-200x200-cm-na-taras-ogrod-zimowy-srebrny","status":"publish","type":"product","link":"https:\/\/zenaluminium.pl\/nl\/product\/okno-przesuwne-aluminiowe-cortizo-cor-vision-200x200-cm-na-taras-ogrod-zimowy-srebrny\/","title":{"rendered":"Cortizo Cor Vision 200\u00d7200 cm aluminium schuifraam voor terras serre Zilver"},"content":{"rendered":"<ul>\n<li><span style=\"color: #000000;\">System drzwi przesuwnych z przek\u0142adk\u0105 termiczn\u0105 charakteryzuje si\u0119 nowoczesn\u0105 estetyk\u0105 pozwalaj\u0105c\u0105 na maksymalne do\u015bwietlenie pomieszczenia przy zastosowaniu minimalnego widocznego przekroju aluminium. Elegancki design systemu opiera si\u0119 na po\u0142\u0105czeniu du\u017cych otwor\u00f3w okiennych oraz niewielkich ram stanowi\u0105cych zaledwie 9\u201314% ca\u0142ej konstrukcji.<\/span><\/li>\n<li><span style=\"color: #000000;\">Szeroko\u015b\u0107 s\u0142upk\u00f3w w systemie: centralny 20 mm, boczny 77 mm, dolny i g\u00f3rny 57 mm. System pozwala na wmurowanie o\u015bcie\u017cnic dolnych, g\u00f3rnych i bocznych.<\/span><\/li>\n<li><span style=\"color: #000000;\">Istnieje mo\u017cliwo\u015b\u0107 \u0142\u0105czenia skrzyde\u0142 pod k\u0105tem 90\u00ba bez s\u0142upka naro\u017cnego.<\/span><\/li>\n<li><span style=\"color: #000000;\">W wersji jednotorowej, sk\u0142adaj\u0105cej si\u0119 ze szklenia sta\u0142ego oraz skrzyd\u0142a, szyna ukryta jest w strefie szklenia sta\u0142ego.<\/span><\/li>\n<li><span style=\"color: #000000;\">System ten umo\u017cliwia wprowadzenie rozwi\u0105zania GALANDAGE, zaprojektowanego, aby uzyska\u0107 przej\u015bcie na pe\u0142n\u0105 szeroko\u015b\u0107 otworu, poprzez schowanie skrzyde\u0142 w komorach w \u015bcianie budynku. Dzi\u0119ki temu otwarte jest 100% powierzchni drzwi.<\/span><\/li>\n<li><span style=\"color: #000000;\">W opcji GALANDAGE istnieje mo\u017cliwo\u015b\u0107 u\u017cycia o\u015bcie\u017cnicy jednotorowej lub dwutorowej, pozwalaj\u0105c w ten spos\u00f3b na powstanie drzwi o 1 i 2 skrzyd\u0142ach ukrytych.<\/span><\/li>\n<li><span style=\"color: #000000;\">System ten dopuszcza u\u017cycie wzmocnionych o\u015bcie\u017cnic nowego typu dla wszystkich wariant\u00f3w (jedno-, dwu- i tr\u00f3jtorowe), co pozwala na wprowadzenie szyny inox cechuj\u0105cej si\u0119 delikatno\u015bci\u0105 \u015blizgu, du\u017cym ud\u017awigiem \u0142o\u017cyska (skrzyd\u0142o o maksymalnym ci\u0119\u017carze 320 kg) oraz d\u0142ug\u0105 \u017cywotno\u015bci\u0105.<\/span><\/li>\n<li><span style=\"color: #000000;\">Tradycyjna procedura monta\u017cu z o\u015bcie\u017cnic\u0105 obwodow\u0105 oraz skrzyd\u0142ami z zaci\u0119ciem 90\u00ba pozwala na \u0142atwe rozmontowanie skrzyd\u0142a w wypadku p\u0119kni\u0119cia szyby, uszkodzenia powierzchni aluminium, itp. System wprowadza r\u00f3wnie\u017c zamkni\u0119cie wielopunktowe poprzez popychacz.<\/span><\/li>\n<\/ul>\n<h2 class=\"text-40 mb-clamp-56\"><span style=\"color: #000000;\">Parametry techniczne<\/span><\/h2>\n<div class=\"pb-clamp-56 mb-clamp-56 border-b-1 border-background-neutral-surface-2\">\n<h3 class=\"text-24 mb-clamp-32\"><span style=\"color: #000000;\">Charakterystyka systemu<\/span><\/h3>\n<div class=\"grid gap-clamp-8\"><\/div>\n<\/div>\n<div class=\"\">\n<div class=\"grid gap-clamp-8\">\n<div class=\"grid grid-cols-2 gap-clamp-8 [&amp;_div]:py-clamp-16 [&amp;_div]:px-clamp-12 [&amp;_div]:rounded-4 [&amp;_p]:text-content-primary [&amp;_p]:font-medium [&amp;_p]:text-16 [&amp;_div]:bg-background-neutral-surface-1\">\n<ul>\n<li><span style=\"color: #000000;\"><strong>Szklenie: <\/strong>Min. 26 mm<strong> \/ <\/strong>Maks. 30 mm<\/span><\/li>\n<li><span style=\"color: #000000;\"><strong>Rodzaje skrzyde\u0142: <\/strong>Przesuwne 2, 3, 4 i 6 skrzyd\u0142owe. Mo\u017cliwo\u015b\u0107 zastosowania jednotorowych i tr\u00f3jtorowych szyn jezdnych (1skrzyd\u0142o+1szklenie sta\u0142e) \/ (2 skrzyd\u0142a+1szklenie sta\u0142e). Mo\u017cliwo\u015b\u0107 \u0142\u0105czenia skrzyde\u0142 pod k\u0105tem 90\u00ba bez s\u0142upka naro\u017cnego.<\/span><\/li>\n<li><span style=\"color: #000000;\"><strong>Przekroje: <\/strong>O\u015bcie\u017cnica 116 mm, Tr\u00f3jtorowa 182 mm, Skrzyd\u0142o 37 mm<\/span><\/li>\n<li><span style=\"color: #000000;\"><strong>Grubo\u015b\u0107 profilu: <\/strong>Drzwi 1,7 mm<\/span><\/li>\n<li><span style=\"color: #000000;\"><strong>Szeroko\u015b\u0107 przek\u0142adki termicznej: 16 &#8211; 24 mm<\/strong><\/span><\/li>\n<li><span style=\"color: #000000;\"><strong>Wymiary maksymalne\/skrzyd\u0142o: <\/strong>Szeroko\u015b\u0107 (L) = 2500 mm, Wysoko\u015b\u0107 (H) = 3000 mm<\/span><\/li>\n<li><span style=\"color: #000000;\"><strong>Ci\u0119\u017car maksymalny\/skrzyd\u0142o: 320 Kg (<\/strong><em>Skonsultuj maksymalne wymiary i wag\u0119 wed\u0142ug typologii.)<\/em><\/span><\/li>\n<li><span style=\"color: #000000;\"><strong>Wyko\u0144czenia: <\/strong>Opcja dwukolorowa, Lakierowanie, Anodowanie<\/span><\/li>\n<\/ul>\n<h3><span style=\"color: #000000;\">Badania:<\/span><\/h3>\n<ul>\n<li><span style=\"color: #000000;\"><strong>Izolacyjno\u015b\u0107 cieplna: <\/strong>Uw od 1,3 (W\/m\u00b2K) <em>Sprawdzi\u0107 rodzaj, wymiary i szklenie<\/em><\/span><\/li>\n<li><span style=\"color: #000000;\"><strong>Maksymalna izolacyjno\u015b\u0107 akustyczna: <\/strong>Rw = 41 dB<\/span><\/li>\n<li><span style=\"color: #000000;\"><strong>Przepuszczalno\u015b\u0107 powietrza: <\/strong>(EN 12207) Klasa 4<\/span><\/li>\n<li><span style=\"color: #000000;\"><strong>Wodoszczelno\u015b\u0107: <\/strong>(EN 12208) Klasa 7A<\/span><\/li>\n<li><span style=\"color: #000000;\"><strong>Wytrzyma\u0142o\u015b\u0107 na obci\u0105\u017cenie wiatrem: <\/strong>(EN 12210) Klasa C5<\/span><\/li>\n<\/ul>\n<p><span style=\"color: #000000;\">Badanie referencyjne drzwi 1,23 x 1,55 m, 1 skrzyd\u0142o + 1 szklenie sta\u0142e.<\/span><\/p>\n<\/div>\n<\/div>\n<\/div>\n","protected":false},"excerpt":{"rendered":"<p><span style=\"color: #000000;\">RYSUNEK POGL\u0104DOWY &#8211; PROSIMY O ZAPOZNANIE SI\u0118 ZE SPECYFIKACJ\u0104 PONI\u017bEJ<\/span><\/p>\n<p><span style=\"color: #000000;\">OKNA PRODUKOWANE NA WYMIAR &#8211; MO\u017bLIWO\u015a\u0106 KONFIGURACJI RODZAJU OKU\u0106, KLAMEK, KOLORU ORAZ STRONY OTWIERANIA (PROSIMY NAPISA\u0106 W UWAGACH).<\/span><\/p>\n<ul>\n<li><span style=\"color: #000000;\">System profili: Cortizo Cor Vision<\/span><\/li>\n<li><span style=\"color: #000000;\">2 szyby hartowane z ciep\u0142\u0105 ramk\u0105 &#8211; zespolona ESG6\/18\/ESG6<\/span><\/li>\n<li><span style=\"color: #000000;\">Kolor: Srebrny<\/span><\/li>\n<li><span style=\"color: #000000;\">Wymiar (szer. x wys.) 2000 x 2000 [mm]<\/span><\/li>\n<\/ul>\n<p>&nbsp;<\/p>\n<p><a href=\"\/kontakt\"><img loading=\"lazy\" decoding=\"async\" class=\"alignnone size-full wp-image-19762\" src=\"https:\/\/zenaluminium.pl\/wp-content\/uploads\/2025\/06\/stolarka-aluminiowa-koszalin.jpg\" alt=\"\" width=\"1043\" height=\"228\" srcset=\"https:\/\/zenaluminium.pl\/wp-content\/uploads\/2025\/06\/stolarka-aluminiowa-koszalin.jpg 1043w, https:\/\/zenaluminium.pl\/wp-content\/uploads\/2025\/06\/stolarka-aluminiowa-koszalin-300x66.jpg 300w, https:\/\/zenaluminium.pl\/wp-content\/uploads\/2025\/06\/stolarka-aluminiowa-koszalin-1024x224.jpg 1024w, https:\/\/zenaluminium.pl\/wp-content\/uploads\/2025\/06\/stolarka-aluminiowa-koszalin-768x168.jpg 768w, https:\/\/zenaluminium.pl\/wp-content\/uploads\/2025\/06\/stolarka-aluminiowa-koszalin-18x4.jpg 18w, https:\/\/zenaluminium.pl\/wp-content\/uploads\/2025\/06\/stolarka-aluminiowa-koszalin-600x131.jpg 600w\" sizes=\"auto, (max-width: 1043px) 100vw, 1043px\" \/><\/a><\/p>\n","protected":false},"featured_media":19783,"template":"","meta":[],"product_brand":[],"product_cat":[144],"product_tag":[],"class_list":{"0":"post-19782","1":"product","2":"type-product","3":"status-publish","4":"has-post-thumbnail","6":"product_cat-okna-przesuwne-hst","8":"first","9":"instock","10":"shipping-taxable","11":"purchasable","12":"product-type-simple"},"yoast_head":"<!-- This site is optimized with the Yoast SEO plugin v27.2 - https:\/\/yoast.com\/product\/yoast-seo-wordpress\/ -->\n<title>Okno przesuwne aluminiowe Cortizo Cor Vision 200x200 cm na taras ogr\u00f3d zimowy Srebrny - Zen Aluminium - polski producent okien i drzwi z aluminium<\/title>\n<meta name=\"robots\" content=\"index, follow, max-snippet:-1, max-image-preview:large, max-video-preview:-1\" \/>\n<link rel=\"canonical\" href=\"https:\/\/zenaluminium.pl\/nl\/product\/okno-przesuwne-aluminiowe-cortizo-cor-vision-200x200-cm-na-taras-ogrod-zimowy-srebrny\/\" \/>\n<meta property=\"og:locale\" content=\"nl_NL\" \/>\n<meta property=\"og:type\" content=\"article\" \/>\n<meta property=\"og:title\" content=\"Okno przesuwne aluminiowe Cortizo Cor Vision 200x200 cm na taras ogr\u00f3d zimowy Srebrny - Zen Aluminium - polski producent okien i drzwi z aluminium\" \/>\n<meta property=\"og:description\" content=\"RYSUNEK POGL\u0104DOWY - PROSIMY O ZAPOZNANIE SI\u0118 ZE SPECYFIKACJ\u0104 PONI\u017bEJ  OKNA PRODUKOWANE NA WYMIAR - MO\u017bLIWO\u015a\u0106 KONFIGURACJI RODZAJU OKU\u0106, KLAMEK, KOLORU ORAZ STRONY OTWIERANIA (PROSIMY NAPISA\u0106 W UWAGACH).   System profili: Cortizo Cor Vision  2 szyby hartowane z ciep\u0142\u0105 ramk\u0105 - zespolona ESG6\/18\/ESG6  Kolor: Srebrny  Wymiar (szer. x wys.) 2000 x 2000 [mm]  &nbsp;\" \/>\n<meta property=\"og:url\" content=\"https:\/\/zenaluminium.pl\/nl\/product\/okno-przesuwne-aluminiowe-cortizo-cor-vision-200x200-cm-na-taras-ogrod-zimowy-srebrny\/\" \/>\n<meta property=\"og:site_name\" content=\"Zen Aluminium - polski producent okien i drzwi z aluminium\" \/>\n<meta property=\"article:publisher\" content=\"http:\/\/fb.com\/zenaluminum\" \/>\n<meta property=\"article:modified_time\" content=\"2025-06-25T06:16:10+00:00\" \/>\n<meta property=\"og:image\" content=\"https:\/\/zenaluminium.pl\/wp-content\/uploads\/2025\/06\/cortizo-cor-vision-wizualizacja-srebrny.png\" \/>\n\t<meta property=\"og:image:width\" content=\"1024\" \/>\n\t<meta property=\"og:image:height\" content=\"1024\" \/>\n\t<meta property=\"og:image:type\" content=\"image\/png\" \/>\n<meta name=\"twitter:card\" content=\"summary_large_image\" \/>\n<meta name=\"twitter:label1\" content=\"Geschatte leestijd\" \/>\n\t<meta name=\"twitter:data1\" content=\"3 minuten\" \/>\n<script type=\"application\/ld+json\" class=\"yoast-schema-graph\">{\"@context\":\"https:\/\/schema.org\",\"@graph\":[{\"@type\":\"WebPage\",\"@id\":\"https:\/\/zenaluminium.pl\/product\/okno-przesuwne-aluminiowe-cortizo-cor-vision-200x200-cm-na-taras-ogrod-zimowy-srebrny\/\",\"url\":\"https:\/\/zenaluminium.pl\/product\/okno-przesuwne-aluminiowe-cortizo-cor-vision-200x200-cm-na-taras-ogrod-zimowy-srebrny\/\",\"name\":\"Okno przesuwne aluminiowe Cortizo Cor Vision 200x200 cm na taras ogr\u00f3d zimowy Srebrny - Zen Aluminium - polski producent okien i drzwi z aluminium\",\"isPartOf\":{\"@id\":\"https:\/\/zenaluminium.pl\/#website\"},\"primaryImageOfPage\":{\"@id\":\"https:\/\/zenaluminium.pl\/product\/okno-przesuwne-aluminiowe-cortizo-cor-vision-200x200-cm-na-taras-ogrod-zimowy-srebrny\/#primaryimage\"},\"image\":{\"@id\":\"https:\/\/zenaluminium.pl\/product\/okno-przesuwne-aluminiowe-cortizo-cor-vision-200x200-cm-na-taras-ogrod-zimowy-srebrny\/#primaryimage\"},\"thumbnailUrl\":\"https:\/\/zenaluminium.pl\/wp-content\/uploads\/2025\/06\/cortizo-cor-vision-wizualizacja-srebrny.png\",\"datePublished\":\"2025-06-25T06:11:24+00:00\",\"dateModified\":\"2025-06-25T06:16:10+00:00\",\"breadcrumb\":{\"@id\":\"https:\/\/zenaluminium.pl\/product\/okno-przesuwne-aluminiowe-cortizo-cor-vision-200x200-cm-na-taras-ogrod-zimowy-srebrny\/#breadcrumb\"},\"inLanguage\":\"nl-NL\",\"potentialAction\":[{\"@type\":\"ReadAction\",\"target\":[\"https:\/\/zenaluminium.pl\/product\/okno-przesuwne-aluminiowe-cortizo-cor-vision-200x200-cm-na-taras-ogrod-zimowy-srebrny\/\"]}]},{\"@type\":\"ImageObject\",\"inLanguage\":\"nl-NL\",\"@id\":\"https:\/\/zenaluminium.pl\/product\/okno-przesuwne-aluminiowe-cortizo-cor-vision-200x200-cm-na-taras-ogrod-zimowy-srebrny\/#primaryimage\",\"url\":\"https:\/\/zenaluminium.pl\/wp-content\/uploads\/2025\/06\/cortizo-cor-vision-wizualizacja-srebrny.png\",\"contentUrl\":\"https:\/\/zenaluminium.pl\/wp-content\/uploads\/2025\/06\/cortizo-cor-vision-wizualizacja-srebrny.png\",\"width\":1024,\"height\":1024},{\"@type\":\"BreadcrumbList\",\"@id\":\"https:\/\/zenaluminium.pl\/product\/okno-przesuwne-aluminiowe-cortizo-cor-vision-200x200-cm-na-taras-ogrod-zimowy-srebrny\/#breadcrumb\",\"itemListElement\":[{\"@type\":\"ListItem\",\"position\":1,\"name\":\"Home\",\"item\":\"https:\/\/zenaluminium.pl\/\"},{\"@type\":\"ListItem\",\"position\":2,\"name\":\"Sklep\",\"item\":\"https:\/\/zenaluminium.pl\/sklep\/\"},{\"@type\":\"ListItem\",\"position\":3,\"name\":\"Okno przesuwne aluminiowe Cortizo Cor Vision 200&#215;200 cm na taras ogr\u00f3d zimowy Srebrny\"}]},{\"@type\":\"WebSite\",\"@id\":\"https:\/\/zenaluminium.pl\/#website\",\"url\":\"https:\/\/zenaluminium.pl\/\",\"name\":\"Zen Aluminium - polski producent okien i drzwi z aluminium\",\"description\":\"Stolarka okienna, fasady, ogrody zimowe, rozwi\u0105zania klasy premium\",\"potentialAction\":[{\"@type\":\"SearchAction\",\"target\":{\"@type\":\"EntryPoint\",\"urlTemplate\":\"https:\/\/zenaluminium.pl\/?s={search_term_string}\"},\"query-input\":{\"@type\":\"PropertyValueSpecification\",\"valueRequired\":true,\"valueName\":\"search_term_string\"}}],\"inLanguage\":\"nl-NL\"}]}<\/script>\n<!-- \/ Yoast SEO plugin. -->","yoast_head_json":{"title":"Okno przesuwne aluminiowe Cortizo Cor Vision 200x200 cm na taras ogr\u00f3d zimowy Srebrny - Zen Aluminium - polski producent okien i drzwi z aluminium","robots":{"index":"index","follow":"follow","max-snippet":"max-snippet:-1","max-image-preview":"max-image-preview:large","max-video-preview":"max-video-preview:-1"},"canonical":"https:\/\/zenaluminium.pl\/nl\/product\/okno-przesuwne-aluminiowe-cortizo-cor-vision-200x200-cm-na-taras-ogrod-zimowy-srebrny\/","og_locale":"nl_NL","og_type":"article","og_title":"Okno przesuwne aluminiowe Cortizo Cor Vision 200x200 cm na taras ogr\u00f3d zimowy Srebrny - Zen Aluminium - polski producent okien i drzwi z aluminium","og_description":"RYSUNEK POGL\u0104DOWY - PROSIMY O ZAPOZNANIE SI\u0118 ZE SPECYFIKACJ\u0104 PONI\u017bEJ  OKNA PRODUKOWANE NA WYMIAR - MO\u017bLIWO\u015a\u0106 KONFIGURACJI RODZAJU OKU\u0106, KLAMEK, KOLORU ORAZ STRONY OTWIERANIA (PROSIMY NAPISA\u0106 W UWAGACH).   System profili: Cortizo Cor Vision  2 szyby hartowane z ciep\u0142\u0105 ramk\u0105 - zespolona ESG6\/18\/ESG6  Kolor: Srebrny  Wymiar (szer. x wys.) 2000 x 2000 [mm]  &nbsp;","og_url":"https:\/\/zenaluminium.pl\/nl\/product\/okno-przesuwne-aluminiowe-cortizo-cor-vision-200x200-cm-na-taras-ogrod-zimowy-srebrny\/","og_site_name":"Zen Aluminium - polski producent okien i drzwi z aluminium","article_publisher":"http:\/\/fb.com\/zenaluminum","article_modified_time":"2025-06-25T06:16:10+00:00","og_image":[{"width":1024,"height":1024,"url":"https:\/\/zenaluminium.pl\/wp-content\/uploads\/2025\/06\/cortizo-cor-vision-wizualizacja-srebrny.png","type":"image\/png"}],"twitter_card":"summary_large_image","twitter_misc":{"Geschatte leestijd":"3 minuten"},"schema":{"@context":"https:\/\/schema.org","@graph":[{"@type":"WebPage","@id":"https:\/\/zenaluminium.pl\/product\/okno-przesuwne-aluminiowe-cortizo-cor-vision-200x200-cm-na-taras-ogrod-zimowy-srebrny\/","url":"https:\/\/zenaluminium.pl\/product\/okno-przesuwne-aluminiowe-cortizo-cor-vision-200x200-cm-na-taras-ogrod-zimowy-srebrny\/","name":"Okno przesuwne aluminiowe Cortizo Cor Vision 200x200 cm na taras ogr\u00f3d zimowy Srebrny - Zen Aluminium - polski producent okien i drzwi z aluminium","isPartOf":{"@id":"https:\/\/zenaluminium.pl\/#website"},"primaryImageOfPage":{"@id":"https:\/\/zenaluminium.pl\/product\/okno-przesuwne-aluminiowe-cortizo-cor-vision-200x200-cm-na-taras-ogrod-zimowy-srebrny\/#primaryimage"},"image":{"@id":"https:\/\/zenaluminium.pl\/product\/okno-przesuwne-aluminiowe-cortizo-cor-vision-200x200-cm-na-taras-ogrod-zimowy-srebrny\/#primaryimage"},"thumbnailUrl":"https:\/\/zenaluminium.pl\/wp-content\/uploads\/2025\/06\/cortizo-cor-vision-wizualizacja-srebrny.png","datePublished":"2025-06-25T06:11:24+00:00","dateModified":"2025-06-25T06:16:10+00:00","breadcrumb":{"@id":"https:\/\/zenaluminium.pl\/product\/okno-przesuwne-aluminiowe-cortizo-cor-vision-200x200-cm-na-taras-ogrod-zimowy-srebrny\/#breadcrumb"},"inLanguage":"nl-NL","potentialAction":[{"@type":"ReadAction","target":["https:\/\/zenaluminium.pl\/product\/okno-przesuwne-aluminiowe-cortizo-cor-vision-200x200-cm-na-taras-ogrod-zimowy-srebrny\/"]}]},{"@type":"ImageObject","inLanguage":"nl-NL","@id":"https:\/\/zenaluminium.pl\/product\/okno-przesuwne-aluminiowe-cortizo-cor-vision-200x200-cm-na-taras-ogrod-zimowy-srebrny\/#primaryimage","url":"https:\/\/zenaluminium.pl\/wp-content\/uploads\/2025\/06\/cortizo-cor-vision-wizualizacja-srebrny.png","contentUrl":"https:\/\/zenaluminium.pl\/wp-content\/uploads\/2025\/06\/cortizo-cor-vision-wizualizacja-srebrny.png","width":1024,"height":1024},{"@type":"BreadcrumbList","@id":"https:\/\/zenaluminium.pl\/product\/okno-przesuwne-aluminiowe-cortizo-cor-vision-200x200-cm-na-taras-ogrod-zimowy-srebrny\/#breadcrumb","itemListElement":[{"@type":"ListItem","position":1,"name":"Home","item":"https:\/\/zenaluminium.pl\/"},{"@type":"ListItem","position":2,"name":"Sklep","item":"https:\/\/zenaluminium.pl\/sklep\/"},{"@type":"ListItem","position":3,"name":"Okno przesuwne aluminiowe Cortizo Cor Vision 200&#215;200 cm na taras ogr\u00f3d zimowy Srebrny"}]},{"@type":"WebSite","@id":"https:\/\/zenaluminium.pl\/#website","url":"https:\/\/zenaluminium.pl\/","name":"Zen Aluminium - Poolse fabrikant van aluminium ramen en deuren","description":"Raamschrijnwerk, gevels, serres, premium oplossingen","potentialAction":[{"@type":"SearchAction","target":{"@type":"EntryPoint","urlTemplate":"https:\/\/zenaluminium.pl\/?s={search_term_string}"},"query-input":{"@type":"PropertyValueSpecification","valueRequired":true,"valueName":"search_term_string"}}],"inLanguage":"nl-NL"}]}},"tiered_pricing_type":"fixed","tiered_pricing_fixed_rules":{"2":8990,"3":7419,"4":7410,"5":7399},"tiered_pricing_product_settings":{"layout":"default","base_unit_name":{"singular":null,"plural":null},"default_variation":null},"tiered_pricing_minimum_quantity":null,"tiered_pricing_roles_data":[],"tiered_pricing_percentage_rules":[],"_links":{"self":[{"href":"https:\/\/zenaluminium.pl\/nl\/wp-json\/wp\/v2\/product\/19782","targetHints":{"allow":["GET"]}}],"collection":[{"href":"https:\/\/zenaluminium.pl\/nl\/wp-json\/wp\/v2\/product"}],"about":[{"href":"https:\/\/zenaluminium.pl\/nl\/wp-json\/wp\/v2\/types\/product"}],"wp:featuredmedia":[{"embeddable":true,"href":"https:\/\/zenaluminium.pl\/nl\/wp-json\/wp\/v2\/media\/19783"}],"wp:attachment":[{"href":"https:\/\/zenaluminium.pl\/nl\/wp-json\/wp\/v2\/media?parent=19782"}],"wp:term":[{"taxonomy":"product_brand","embeddable":true,"href":"https:\/\/zenaluminium.pl\/nl\/wp-json\/wp\/v2\/product_brand?post=19782"},{"taxonomy":"product_cat","embeddable":true,"href":"https:\/\/zenaluminium.pl\/nl\/wp-json\/wp\/v2\/product_cat?post=19782"},{"taxonomy":"product_tag","embeddable":true,"href":"https:\/\/zenaluminium.pl\/nl\/wp-json\/wp\/v2\/product_tag?post=19782"}],"curies":[{"name":"wp","href":"https:\/\/api.w.org\/{rel}","templated":true}]}}