{"id":18971,"date":"2024-10-17T11:40:36","date_gmt":"2024-10-17T09:40:36","guid":{"rendered":"https:\/\/zenaluminium.pl\/?page_id=18971"},"modified":"2024-10-17T13:00:08","modified_gmt":"2024-10-17T11:00:08","slug":"yawal-moreview-8","status":"publish","type":"page","link":"https:\/\/zenaluminium.pl\/sv\/uslugi\/systemy-okienne-aluminiowe\/przesuwne\/aluron-as-178hs-pro-slim-ultra\/","title":{"rendered":"Aluron AS 178HS PRO SLIM Ultra"},"content":{"rendered":"<div class=\"wpb-content-wrapper\"><div class=\"vc_row wpb_row vc_row-fluid\"><div class=\"wpb_column vc_column_container vc_col-md-6\"><div class=\"vc_column-inner\"><div class=\"wpb_wrapper\"><h1 class='heading-middle  style-1' ><span>R\u00f6rligt f\u00f6nstersystem - Aluron AS 178HS PRO SLIM Ultra<\/span><\/h1><div class=\"vc_empty_space\"   style=\"height: 20px\"><span class=\"vc_empty_space_inner\"><\/span><\/div><div class=\"vc_row wpb_row vc_inner vc_row-fluid\"><div class=\"wpb_column vc_column_container vc_col-md-12\"><div class=\"vc_column-inner\"><div class=\"wpb_wrapper\">\n\t<div class=\"wpb_text_column wpb_content_element\" >\n\t\t<div class=\"wpb_wrapper\">\n\t\t\t<h2 style=\"font-size: 16px; text-align: justify;\"><strong>Den anv\u00e4nds f\u00f6r att bygga stora lyft- och skjutd\u00f6rrar med marknadens smalaste mittstolpe p\u00e5 bara 25 mm.<br \/>\n<\/strong><\/h2>\n<p>ULTRA-varianten av AS 178HS PRO SLIM-systemet \u00e4r den perfekta l\u00f6sningen f\u00f6r kunder som f\u00f6rv\u00e4ntar sig en unik, minimalistisk design i en ekonomisk utg\u00e5va. Systemet utm\u00e4rker sig genom sin m\u00e5ngsidighet och h\u00f6ga kvalitet tack vare anv\u00e4ndningen av en t\u00e4t labyrintlist, moderna TPE-packningar och ANTY-BI-METAL-teknik, som f\u00f6rhindrar att d\u00f6rren deformeras p\u00e5 grund av stora temperaturskillnader.<\/p>\n\n\t\t<\/div>\n\t<\/div>\n<\/div><\/div><\/div><\/div><ul class='list list-circle-check'><li><span style=\"color: #000000;\"><strong><span style=\"font-size: 18px;\">SYSTEMETS EGENSKAPER<\/span><\/strong><\/span><\/p>\n<ul>\n<li><span style=\"color: #000000;\">Maximal h\u00f6jd p\u00e5 f\u00f6nsterb\u00e5gen - <strong>3300 mm<\/strong><\/span><\/li>\n<li><span style=\"color: #000000;\">Maximal f\u00f6nsterb\u00e5gsbredd - <strong>3300 mm<\/strong><\/span><\/li>\n<li><span style=\"color: #000000;\">Maximal vikt f\u00f6r f\u00f6nsterb\u00e5ge - <strong>600 kg<\/strong><\/span><\/li>\n<li><span style=\"color: #000000;\">Minsta synliga rambredd <strong>37 mm<\/strong><\/span><\/li>\n<li><span style=\"color: #000000;\">Smal stolpe <strong>25 mm<\/strong><\/span><\/li>\n<li><span style=\"color: #000000;\">Maksymalna grubo\u015b\u0107 pakietu szybowego \u2013 <strong>59 mm<\/strong><\/span><\/li>\n<li><span style=\"color: #000000;\">F\u00f6nsterb\u00e5gens djup - <strong>78 mm<\/strong><\/span><\/li>\n<\/ul>\n<p><\/li><li><span style=\"color: #000000;\"><strong><span style=\"font-size: 18px;\">LUFTGENOMSL\u00c4PPLIGHET<\/span><\/strong><\/span><\/p>\n<p style=\"padding-left: 40px;\">Klass 3<\/p>\n<p><\/li><li><span style=\"font-size: 18px; color: #000000;\"><strong>VATTENT\u00c4T<\/strong><\/span><\/p>\n<p style=\"padding-left: 40px;\">Klass 8A<\/p>\n<div class=\"grid grid-cols-2 gap-clamp-8 &#091;&amp;_div&#093;:py-clamp-16 &#091;&amp;_div&#093;:px-clamp-12 &#091;&amp;_div&#093;:rounded-4 &#091;&amp;_p&#093;:text-content-primary &#091;&amp;_p&#093;:font-medium &#091;&amp;_p&#093;:text-16\">\n<div><\/div>\n<\/div>\n<p><\/li><li><span style=\"color: #000000;\"><strong><span style=\"font-size: 18px;\">V\u00c4RME\u00d6VERF\u00d6RINGSKOEFFICIENT<\/span><\/strong><\/span><\/p>\n<p style=\"padding-left: 40px;\"><span style=\"color: #000000;\">fr\u00e5n 0,7 W\/m2K<\/span><\/p>\n<p><\/li><\/ul><\/div><\/div><\/div><div class=\"wpb_column vc_column_container vc_col-md-6\"><div class=\"vc_column-inner\"><div class=\"wpb_wrapper\">\n\t<div  class=\"wpb_single_image wpb_content_element vc_align_center wpb_content_element\">\n\t\t\n\t\t<figure class=\"wpb_wrapper vc_figure\">\n\t\t\t<div class=\"vc_single_image-wrapper   vc_box_border_grey\"><img loading=\"lazy\" decoding=\"async\" width=\"3000\" height=\"2278\" src=\"https:\/\/zenaluminium.pl\/wp-content\/uploads\/2024\/10\/AS178HS_ULTRA.png\" class=\"vc_single_image-img attachment-full\" alt=\"\" title=\"AS178HS_ULTRA\" srcset=\"https:\/\/zenaluminium.pl\/wp-content\/uploads\/2024\/10\/AS178HS_ULTRA.png 3000w, https:\/\/zenaluminium.pl\/wp-content\/uploads\/2024\/10\/AS178HS_ULTRA-300x228.png 300w, https:\/\/zenaluminium.pl\/wp-content\/uploads\/2024\/10\/AS178HS_ULTRA-1024x778.png 1024w, https:\/\/zenaluminium.pl\/wp-content\/uploads\/2024\/10\/AS178HS_ULTRA-768x583.png 768w, https:\/\/zenaluminium.pl\/wp-content\/uploads\/2024\/10\/AS178HS_ULTRA-1536x1166.png 1536w, https:\/\/zenaluminium.pl\/wp-content\/uploads\/2024\/10\/AS178HS_ULTRA-2048x1555.png 2048w, https:\/\/zenaluminium.pl\/wp-content\/uploads\/2024\/10\/AS178HS_ULTRA-16x12.png 16w, https:\/\/zenaluminium.pl\/wp-content\/uploads\/2024\/10\/AS178HS_ULTRA-600x456.png 600w\" sizes=\"auto, (max-width: 3000px) 100vw, 3000px\" \/><\/div>\n\t\t<\/figure>\n\t<\/div>\n<div class=\"vc_row wpb_row vc_inner vc_row-fluid\"><div class=\"wpb_column vc_column_container vc_col-md-12\"><div class=\"vc_column-inner\"><div class=\"wpb_wrapper\">\n\t<div  class=\"wpb_single_image wpb_content_element vc_align_left wpb_content_element\">\n\t\t\n\t\t<figure class=\"wpb_wrapper vc_figure\">\n\t\t\t<div class=\"vc_single_image-wrapper   vc_box_border_grey\"><img loading=\"lazy\" decoding=\"async\" width=\"1024\" height=\"1024\" src=\"https:\/\/zenaluminium.pl\/wp-content\/uploads\/2024\/10\/AS-178HS-ULTRA-Wersja-podstawowa-1024x1024-1.webp\" class=\"vc_single_image-img attachment-full\" alt=\"\" title=\"AS-178HS-ULTRA-Wersja-podstawowa-1024x1024\" srcset=\"https:\/\/zenaluminium.pl\/wp-content\/uploads\/2024\/10\/AS-178HS-ULTRA-Wersja-podstawowa-1024x1024-1.webp 1024w, https:\/\/zenaluminium.pl\/wp-content\/uploads\/2024\/10\/AS-178HS-ULTRA-Wersja-podstawowa-1024x1024-1-300x300.webp 300w, https:\/\/zenaluminium.pl\/wp-content\/uploads\/2024\/10\/AS-178HS-ULTRA-Wersja-podstawowa-1024x1024-1-150x150.webp 150w, https:\/\/zenaluminium.pl\/wp-content\/uploads\/2024\/10\/AS-178HS-ULTRA-Wersja-podstawowa-1024x1024-1-768x768.webp 768w, https:\/\/zenaluminium.pl\/wp-content\/uploads\/2024\/10\/AS-178HS-ULTRA-Wersja-podstawowa-1024x1024-1-12x12.webp 12w, https:\/\/zenaluminium.pl\/wp-content\/uploads\/2024\/10\/AS-178HS-ULTRA-Wersja-podstawowa-1024x1024-1-600x600.webp 600w, https:\/\/zenaluminium.pl\/wp-content\/uploads\/2024\/10\/AS-178HS-ULTRA-Wersja-podstawowa-1024x1024-1-100x100.webp 100w\" sizes=\"auto, (max-width: 1024px) 100vw, 1024px\" \/><\/div>\n\t\t<\/figure>\n\t<\/div>\n<\/div><\/div><\/div><\/div><\/div><\/div><\/div><\/div><div class=\"vc_row wpb_row vc_row-fluid\"><div class=\"wpb_column vc_column_container vc_col-md-6\"><div class=\"vc_column-inner\"><div class=\"wpb_wrapper\">\n\t<div  class=\"wpb_single_image wpb_content_element vc_align_left wpb_content_element\">\n\t\t\n\t\t<figure class=\"wpb_wrapper vc_figure\">\n\t\t\t<div class=\"vc_single_image-wrapper   vc_box_border_grey\"><img loading=\"lazy\" decoding=\"async\" width=\"2000\" height=\"1125\" src=\"https:\/\/zenaluminium.pl\/wp-content\/uploads\/2024\/10\/Ultra-slim-2-50\ufffd.jpg\" class=\"vc_single_image-img attachment-full\" alt=\"\" title=\"Ultra smal (2) 50\ufffd\" srcset=\"https:\/\/zenaluminium.pl\/wp-content\/uploads\/2024\/10\/Ultra-slim-2-50\ufffd.jpg 2000w, https:\/\/zenaluminium.pl\/wp-content\/uploads\/2024\/10\/Ultra-slim-2-50\ufffd-300x169.jpg 300w, https:\/\/zenaluminium.pl\/wp-content\/uploads\/2024\/10\/Ultra-slim-2-50\ufffd-1024x576.jpg 1024w, https:\/\/zenaluminium.pl\/wp-content\/uploads\/2024\/10\/Ultra-slim-2-50\ufffd-768x432.jpg 768w, https:\/\/zenaluminium.pl\/wp-content\/uploads\/2024\/10\/Ultra-slim-2-50\ufffd-1536x864.jpg 1536w, https:\/\/zenaluminium.pl\/wp-content\/uploads\/2024\/10\/Ultra-slim-2-50\ufffd-18x10.jpg 18w, https:\/\/zenaluminium.pl\/wp-content\/uploads\/2024\/10\/Ultra-slim-2-50\ufffd-600x338.jpg 600w\" sizes=\"auto, (max-width: 2000px) 100vw, 2000px\" \/><\/div>\n\t\t<\/figure>\n\t<\/div>\n<\/div><\/div><\/div><div class=\"wpb_column vc_column_container vc_col-md-6\"><div class=\"vc_column-inner\"><div class=\"wpb_wrapper\">\n\t<div class=\"wpb_text_column wpb_content_element\" >\n\t\t<div class=\"wpb_wrapper\">\n\t\t\t<p><strong>Aluron AS 178HS PRO SLIM System och dess Ultra-version<\/strong><\/p>\n<p>Designl\u00f6sningarna m\u00f6jligg\u00f6r smidig och s\u00e4ker f\u00f6rflyttning av tunga f\u00f6nsterb\u00e5gar, b\u00e5de manuellt och med automatisk drivning. Utrustningen med h\u00f6gkvalitativ h\u00e5rdvara fr\u00e5n v\u00e4lrenommerade tillverkare s\u00e4kerst\u00e4ller enkel anv\u00e4ndning, tillf\u00f6rlitlighet och l\u00e5ng livsl\u00e4ngd f\u00f6r systemet.<\/p>\n<p>AS 178HS PRO SLIM-systemet k\u00e4nnetecknas ocks\u00e5 av utm\u00e4rkta isoleringsegenskaper, vilket leder till energibesparingar och f\u00f6rb\u00e4ttrad termisk komfort i byggnaden. Den moderna designen och m\u00f6jligheten att helt integrera d\u00f6rrkarmen med isoleringsskiktet g\u00f6r att denna l\u00f6sning inte bara \u00e4r funktionell utan ocks\u00e5 estetiskt tilltalande, vilket ger byggnader en unik och elegant karakt\u00e4r.<\/p>\n\n\t\t<\/div>\n\t<\/div>\n<\/div><\/div><\/div><\/div><div class=\"vc_row wpb_row vc_row-fluid\"><div class=\"wpb_column vc_column_container vc_col-md-6\"><div class=\"vc_column-inner\"><div class=\"wpb_wrapper\">\n\t<div class=\"wpb_text_column wpb_content_element\" >\n\t\t<div class=\"wpb_wrapper\">\n\t\t\t<p>ANTI-BI-METAL-tekniken inf\u00f6rdes som standard, vilket garanterar h\u00e5llbarhet och tillf\u00f6rlitlig drift oavsett temperaturskillnader mellan byggnadens in- och utsida. Platta d\u00f6rrbultar \u00f6kar ytterligare s\u00e4kerhetsniv\u00e5n f\u00f6r anv\u00e4ndarna.<\/p>\n<p>Den perfekta l\u00f6sningen f\u00f6r alla Med Aluron AS 178HS PRO SLIM-systemet kan du skapa moderna och eleganta utrymmen som uppfyller b\u00e5de de h\u00f6gsta funktionella och estetiska standarderna. Systemet \u00e4r det perfekta valet f\u00f6r byggnader med stora glasytor, t.ex. restauranger, vintertr\u00e4dg\u00e5rdar eller lyxbost\u00e4der, d\u00e4r detaljer och bekv\u00e4mlighet \u00e4r av yttersta vikt.<\/p>\n<p>Vi vet hur viktigt det \u00e4r att kunna r\u00f6ra sig bekv\u00e4mt mellan inne och ute, och d\u00e4rf\u00f6r \u00e4r det h\u00e4r systemet inte bara enkelt att anv\u00e4nda utan har ocks\u00e5 en elegant design.<\/p>\n<p>En av de viktigaste f\u00f6rdelarna med den erbjudna l\u00f6sningen \u00e4r att AS 178HS PRO SLIM-d\u00f6rren inte tar upp n\u00e5gon plats i rummet och sm\u00e4lter in perfekt i alla inredningar.<\/p>\n\n\t\t<\/div>\n\t<\/div>\n<\/div><\/div><\/div><div class=\"wpb_column vc_column_container vc_col-md-6\"><div class=\"vc_column-inner\"><div class=\"wpb_wrapper\">\n\t<div  class=\"wpb_single_image wpb_content_element vc_align_left wpb_content_element\">\n\t\t\n\t\t<figure class=\"wpb_wrapper vc_figure\">\n\t\t\t<div class=\"vc_single_image-wrapper   vc_box_border_grey\"><img loading=\"lazy\" decoding=\"async\" width=\"2000\" height=\"1125\" src=\"https:\/\/zenaluminium.pl\/wp-content\/uploads\/2024\/10\/Ultra-slim-3-50\ufffd.jpg\" class=\"vc_single_image-img attachment-full\" alt=\"\" title=\"Ultra smal (3) 50\ufffd\" srcset=\"https:\/\/zenaluminium.pl\/wp-content\/uploads\/2024\/10\/Ultra-slim-3-50\ufffd.jpg 2000w, https:\/\/zenaluminium.pl\/wp-content\/uploads\/2024\/10\/Ultra-slim-3-50\ufffd-300x169.jpg 300w, https:\/\/zenaluminium.pl\/wp-content\/uploads\/2024\/10\/Ultra-slim-3-50\ufffd-1024x576.jpg 1024w, https:\/\/zenaluminium.pl\/wp-content\/uploads\/2024\/10\/Ultra-slim-3-50\ufffd-768x432.jpg 768w, https:\/\/zenaluminium.pl\/wp-content\/uploads\/2024\/10\/Ultra-slim-3-50\ufffd-1536x864.jpg 1536w, https:\/\/zenaluminium.pl\/wp-content\/uploads\/2024\/10\/Ultra-slim-3-50\ufffd-18x10.jpg 18w, https:\/\/zenaluminium.pl\/wp-content\/uploads\/2024\/10\/Ultra-slim-3-50\ufffd-600x338.jpg 600w\" sizes=\"auto, (max-width: 2000px) 100vw, 2000px\" \/><\/div>\n\t\t<\/figure>\n\t<\/div>\n<\/div><\/div><\/div><\/div><div class=\"vc_row wpb_row vc_row-fluid\"><div class=\"wpb_column vc_column_container vc_col-md-6\"><div class=\"vc_column-inner\"><div class=\"wpb_wrapper\">\n\t<div  class=\"wpb_single_image wpb_content_element vc_align_left wpb_content_element\">\n\t\t\n\t\t<figure class=\"wpb_wrapper vc_figure\">\n\t\t\t<div class=\"vc_single_image-wrapper   vc_box_border_grey\"><img loading=\"lazy\" decoding=\"async\" width=\"2000\" height=\"1125\" src=\"https:\/\/zenaluminium.pl\/wp-content\/uploads\/2024\/10\/Ultra-slim-50\ufffd.jpg\" class=\"vc_single_image-img attachment-full\" alt=\"\" title=\"Ultra smal 50\ufffd\" srcset=\"https:\/\/zenaluminium.pl\/wp-content\/uploads\/2024\/10\/Ultra-slim-50\ufffd.jpg 2000w, https:\/\/zenaluminium.pl\/wp-content\/uploads\/2024\/10\/Ultra-slim-50\ufffd-300x169.jpg 300w, https:\/\/zenaluminium.pl\/wp-content\/uploads\/2024\/10\/Ultra-slim-50\ufffd-1024x576.jpg 1024w, https:\/\/zenaluminium.pl\/wp-content\/uploads\/2024\/10\/Ultra-slim-50\ufffd-768x432.jpg 768w, https:\/\/zenaluminium.pl\/wp-content\/uploads\/2024\/10\/Ultra-slim-50\ufffd-1536x864.jpg 1536w, https:\/\/zenaluminium.pl\/wp-content\/uploads\/2024\/10\/Ultra-slim-50\ufffd-18x10.jpg 18w, https:\/\/zenaluminium.pl\/wp-content\/uploads\/2024\/10\/Ultra-slim-50\ufffd-600x338.jpg 600w\" sizes=\"auto, (max-width: 2000px) 100vw, 2000px\" \/><\/div>\n\t\t<\/figure>\n\t<\/div>\n<\/div><\/div><\/div><div class=\"wpb_column vc_column_container vc_col-md-6\"><div class=\"vc_column-inner\"><div class=\"wpb_wrapper\">\n\t<div class=\"wpb_text_column wpb_content_element\" >\n\t\t<div class=\"wpb_wrapper\">\n\t\t\t<p>Vad s\u00e4gs om ULTRA-versionen? PRO SLIM-modellen utm\u00e4rker sig redan genom sin smala 100 mm till 50 mm stolpe, vilket g\u00f6r produkten unik i sin kategori. Aluron-ingenj\u00f6rerna har dock g\u00e5tt ett steg l\u00e4ngre och presenterade en nyhet - ULTRA-varianten - 2024.<\/p>\n<p>ULTRA-versionen erbjuder den smalaste HST-d\u00f6rrstolpen p\u00e5 marknaden, med en bredd p\u00e5 endast 25 mm! Tidigare l\u00f6sningar var mellan 47-50 mm breda. ULTRA \u00e4r det perfekta alternativet f\u00f6r dig som vill ha en unik design och utrymmen fyllda med naturligt ljus.<\/p>\n<p>Den h\u00f6gsta till\u00e5tna b\u00e5gvikten \u00e4r 600 kg, vilket m\u00f6jligg\u00f6r stora, tunga glaspartier, idealiska f\u00f6r att skapa \u00f6ppna och ljusa rum. Systemet ger ocks\u00e5 m\u00f6jlighet att integreras med ett smart hem, vilket m\u00f6jligg\u00f6r fj\u00e4rrstyrning och automatisering av d\u00f6rren, vilket \u00f6kar anv\u00e4ndarkomforten.<\/p>\n\n\t\t<\/div>\n\t<\/div>\n<\/div><\/div><\/div><\/div><div class=\"vc_row wpb_row vc_row-fluid\"><div class=\"wpb_column vc_column_container vc_col-md-6\"><div class=\"vc_column-inner\"><div class=\"wpb_wrapper\">\n\t<div class=\"wpb_text_column wpb_content_element\" >\n\t\t<div class=\"wpb_wrapper\">\n\t\t\t<p>Systemet utm\u00e4rker sig ocks\u00e5 genom sin h\u00f6ga tekniska prestanda, inklusive vattent\u00e4thet i klass E 1200, som ger fullt skydd mot vatten \u00e4ven under sv\u00e5ra v\u00e4derf\u00f6rh\u00e5llanden. Luftgenomsl\u00e4pplighet i klass 4 garanterar minimal v\u00e4rmef\u00f6rlust, vilket resulterar i b\u00e4ttre v\u00e4rmeisolering och energieffektivitet i byggnaden.<\/p>\n<p>Vindlastmotst\u00e5ndet i klass C3\/B3 visar att systemet \u00e4r h\u00e5llbart, vilket \u00e4r s\u00e4rskilt viktigt i omr\u00e5den som uts\u00e4tts f\u00f6r starka vindar. Tack vare dessa egenskaper ger systemet inte bara estetik och funktionalitet, utan ocks\u00e5 h\u00f6gsta m\u00f6jliga s\u00e4kerhet och anv\u00e4ndarkomfort.<\/p>\n\n\t\t<\/div>\n\t<\/div>\n<\/div><\/div><\/div><div class=\"wpb_column vc_column_container vc_col-md-6\"><div class=\"vc_column-inner\"><div class=\"wpb_wrapper\"><div class=\"wpb_gallery wpb_content_element vc_clearfix wpb_content_element\" ><div class=\"wpb_wrapper\"><div class=\"wpb_gallery_slides wpb_flexslider flexslider_slide flexslider\" data-interval=\"3\" data-flex_fx=\"slide\"><ul class=\"slides\"><li><img loading=\"lazy\" decoding=\"async\" width=\"1440\" height=\"1080\" src=\"https:\/\/zenaluminium.pl\/wp-content\/uploads\/2024\/10\/HS_ultra_otwarty_.png\" class=\"attachment-full\" alt=\"\" title=\"HS_ultra_\u00f6ppen\" srcset=\"https:\/\/zenaluminium.pl\/wp-content\/uploads\/2024\/10\/HS_ultra_otwarty_.png 1440w, https:\/\/zenaluminium.pl\/wp-content\/uploads\/2024\/10\/HS_ultra_otwarty_-300x225.png 300w, https:\/\/zenaluminium.pl\/wp-content\/uploads\/2024\/10\/HS_ultra_otwarty_-1024x768.png 1024w, https:\/\/zenaluminium.pl\/wp-content\/uploads\/2024\/10\/HS_ultra_otwarty_-768x576.png 768w, https:\/\/zenaluminium.pl\/wp-content\/uploads\/2024\/10\/HS_ultra_otwarty_-16x12.png 16w, https:\/\/zenaluminium.pl\/wp-content\/uploads\/2024\/10\/HS_ultra_otwarty_-280x210.png 280w, https:\/\/zenaluminium.pl\/wp-content\/uploads\/2024\/10\/HS_ultra_otwarty_-600x450.png 600w\" sizes=\"auto, (max-width: 1440px) 100vw, 1440px\" \/><\/li><li><img loading=\"lazy\" decoding=\"async\" width=\"1440\" height=\"1080\" src=\"https:\/\/zenaluminium.pl\/wp-content\/uploads\/2024\/10\/HS_ultra_zamkniety.png\" class=\"attachment-full\" alt=\"\" title=\"HS_ultra_sluten\" srcset=\"https:\/\/zenaluminium.pl\/wp-content\/uploads\/2024\/10\/HS_ultra_zamkniety.png 1440w, https:\/\/zenaluminium.pl\/wp-content\/uploads\/2024\/10\/HS_ultra_zamkniety-300x225.png 300w, https:\/\/zenaluminium.pl\/wp-content\/uploads\/2024\/10\/HS_ultra_zamkniety-1024x768.png 1024w, https:\/\/zenaluminium.pl\/wp-content\/uploads\/2024\/10\/HS_ultra_zamkniety-768x576.png 768w, https:\/\/zenaluminium.pl\/wp-content\/uploads\/2024\/10\/HS_ultra_zamkniety-16x12.png 16w, https:\/\/zenaluminium.pl\/wp-content\/uploads\/2024\/10\/HS_ultra_zamkniety-280x210.png 280w, https:\/\/zenaluminium.pl\/wp-content\/uploads\/2024\/10\/HS_ultra_zamkniety-600x450.png 600w\" sizes=\"auto, (max-width: 1440px) 100vw, 1440px\" \/><\/li><\/ul><\/div><\/div><\/div><\/div><\/div><\/div><\/div><div class=\"vc_row wpb_row vc_row-fluid vc_custom_1622199612190 vc_row-has-fill\"><div class=\"wpb_column vc_column_container vc_col-md-12\"><div class=\"vc_column-inner\"><div class=\"wpb_wrapper\"><div class=\"download\"><div class='download-content text-uppercase' style='color: #f4c848'><i class='fa fas fa-cloud-download-alt'><\/i> LADDA NER YAWAL SYSTEM FLYGBLAD MER UTSIKT<\/div><a target='_self' href='https:\/\/zenaluminium.pl\/wp-content\/uploads\/2021\/05\/moreviewrgb.pdf' class='btn btn-md btn-dark btn-shadow'>LADDA NED<\/a><\/div><\/div><\/div><\/div><\/div>\n<\/div>","protected":false},"excerpt":{"rendered":"SYSTEM OKIEN PRZESUWNYCH - Aluron AS 178HS PRO SLIM Ultra S\u0142u\u017cy do konstruowania wielkogabarytowych drzwi podnoszono-przesuwnych wyposa\u017conych w najw\u0119\u017cszy dost\u0119pny na rynku s\u0142upek \u015brodkowy wynosz\u0105cy zaledwie 25 mm. Wariant ULTRA systemu AS 178HS PRO SLIM jest rozwi\u0105zaniem idealnym dla klient\u00f3w &hellip;","protected":false},"author":1,"featured_media":0,"parent":3338,"menu_order":0,"comment_status":"closed","ping_status":"closed","template":"","meta":{"footnotes":""},"class_list":["post-18971","page","type-page","status-publish","hentry"],"yoast_head":"<!-- This site is optimized with the Yoast SEO plugin v27.2 - https:\/\/yoast.com\/product\/yoast-seo-wordpress\/ -->\n<title>Aluron AS 178HS PRO SLIM Ultra - Zen Aluminium - polski producent okien i drzwi z aluminium<\/title>\n<meta name=\"robots\" content=\"index, follow, max-snippet:-1, max-image-preview:large, max-video-preview:-1\" \/>\n<link rel=\"canonical\" href=\"https:\/\/zenaluminium.pl\/sv\/tjanster\/fonster-aluminiumsystem\/glidande\/yawal-moreview-8\/\" \/>\n<meta property=\"og:locale\" content=\"sv_SE\" \/>\n<meta property=\"og:type\" content=\"article\" \/>\n<meta property=\"og:title\" content=\"Aluron AS 178HS PRO SLIM Ultra - Zen Aluminium - polski producent okien i drzwi z aluminium\" \/>\n<meta property=\"og:url\" content=\"https:\/\/zenaluminium.pl\/sv\/tjanster\/fonster-aluminiumsystem\/glidande\/yawal-moreview-8\/\" \/>\n<meta property=\"og:site_name\" content=\"Zen Aluminium - polski producent okien i drzwi z aluminium\" \/>\n<meta property=\"article:publisher\" content=\"http:\/\/fb.com\/zenaluminum\" \/>\n<meta property=\"article:modified_time\" content=\"2024-10-17T11:00:08+00:00\" \/>\n<meta name=\"twitter:card\" content=\"summary_large_image\" \/>\n<meta name=\"twitter:label1\" content=\"Ber\u00e4knad l\u00e4stid\" \/>\n\t<meta name=\"twitter:data1\" content=\"6 minuter\" \/>\n<script type=\"application\/ld+json\" class=\"yoast-schema-graph\">{\"@context\":\"https:\/\/schema.org\",\"@graph\":[{\"@type\":\"WebPage\",\"@id\":\"https:\/\/zenaluminium.pl\/uslugi\/systemy-okienne-aluminiowe\/przesuwne\/aluron-as-178hs-pro-slim-ultra\/\",\"url\":\"https:\/\/zenaluminium.pl\/uslugi\/systemy-okienne-aluminiowe\/przesuwne\/aluron-as-178hs-pro-slim-ultra\/\",\"name\":\"Aluron AS 178HS PRO SLIM Ultra - Zen Aluminium - polski producent okien i drzwi z aluminium\",\"isPartOf\":{\"@id\":\"https:\/\/zenaluminium.pl\/#website\"},\"datePublished\":\"2024-10-17T09:40:36+00:00\",\"dateModified\":\"2024-10-17T11:00:08+00:00\",\"breadcrumb\":{\"@id\":\"https:\/\/zenaluminium.pl\/uslugi\/systemy-okienne-aluminiowe\/przesuwne\/aluron-as-178hs-pro-slim-ultra\/#breadcrumb\"},\"inLanguage\":\"sv-SE\",\"potentialAction\":[{\"@type\":\"ReadAction\",\"target\":[\"https:\/\/zenaluminium.pl\/uslugi\/systemy-okienne-aluminiowe\/przesuwne\/aluron-as-178hs-pro-slim-ultra\/\"]}]},{\"@type\":\"BreadcrumbList\",\"@id\":\"https:\/\/zenaluminium.pl\/uslugi\/systemy-okienne-aluminiowe\/przesuwne\/aluron-as-178hs-pro-slim-ultra\/#breadcrumb\",\"itemListElement\":[{\"@type\":\"ListItem\",\"position\":1,\"name\":\"Home\",\"item\":\"https:\/\/zenaluminium.pl\/\"},{\"@type\":\"ListItem\",\"position\":2,\"name\":\"Stolarka aluminiowa\",\"item\":\"https:\/\/zenaluminium.pl\/uslugi\/\"},{\"@type\":\"ListItem\",\"position\":3,\"name\":\"OKNA ALUMINIOWE\",\"item\":\"https:\/\/zenaluminium.pl\/uslugi\/systemy-okienne-aluminiowe\/\"},{\"@type\":\"ListItem\",\"position\":4,\"name\":\"OKNA PRZESUWNE ALUMINIOWE\",\"item\":\"https:\/\/zenaluminium.pl\/uslugi\/systemy-okienne-aluminiowe\/przesuwne\/\"},{\"@type\":\"ListItem\",\"position\":5,\"name\":\"Aluron AS 178HS PRO SLIM Ultra\"}]},{\"@type\":\"WebSite\",\"@id\":\"https:\/\/zenaluminium.pl\/#website\",\"url\":\"https:\/\/zenaluminium.pl\/\",\"name\":\"Zen Aluminium - polski producent okien i drzwi z aluminium\",\"description\":\"Stolarka okienna, fasady, ogrody zimowe, rozwi\u0105zania klasy premium\",\"potentialAction\":[{\"@type\":\"SearchAction\",\"target\":{\"@type\":\"EntryPoint\",\"urlTemplate\":\"https:\/\/zenaluminium.pl\/?s={search_term_string}\"},\"query-input\":{\"@type\":\"PropertyValueSpecification\",\"valueRequired\":true,\"valueName\":\"search_term_string\"}}],\"inLanguage\":\"sv-SE\"}]}<\/script>\n<!-- \/ Yoast SEO plugin. -->","yoast_head_json":{"title":"Aluron AS 178HS PRO SLIM Ultra - Zen Aluminium - Polsk tillverkare av f\u00f6nster och d\u00f6rrar i aluminium","robots":{"index":"index","follow":"follow","max-snippet":"max-snippet:-1","max-image-preview":"max-image-preview:large","max-video-preview":"max-video-preview:-1"},"canonical":"https:\/\/zenaluminium.pl\/sv\/tjanster\/fonster-aluminiumsystem\/glidande\/yawal-moreview-8\/","og_locale":"sv_SE","og_type":"article","og_title":"Aluron AS 178HS PRO SLIM Ultra - Zen Aluminium - polski producent okien i drzwi z aluminium","og_url":"https:\/\/zenaluminium.pl\/sv\/tjanster\/fonster-aluminiumsystem\/glidande\/yawal-moreview-8\/","og_site_name":"Zen Aluminium - polski producent okien i drzwi z aluminium","article_publisher":"http:\/\/fb.com\/zenaluminum","article_modified_time":"2024-10-17T11:00:08+00:00","twitter_card":"summary_large_image","twitter_misc":{"Ber\u00e4knad l\u00e4stid":"6 minuter"},"schema":{"@context":"https:\/\/schema.org","@graph":[{"@type":"WebPage","@id":"https:\/\/zenaluminium.pl\/uslugi\/systemy-okienne-aluminiowe\/przesuwne\/aluron-as-178hs-pro-slim-ultra\/","url":"https:\/\/zenaluminium.pl\/uslugi\/systemy-okienne-aluminiowe\/przesuwne\/aluron-as-178hs-pro-slim-ultra\/","name":"Aluron AS 178HS PRO SLIM Ultra - Zen Aluminium - Polsk tillverkare av f\u00f6nster och d\u00f6rrar i aluminium","isPartOf":{"@id":"https:\/\/zenaluminium.pl\/#website"},"datePublished":"2024-10-17T09:40:36+00:00","dateModified":"2024-10-17T11:00:08+00:00","breadcrumb":{"@id":"https:\/\/zenaluminium.pl\/uslugi\/systemy-okienne-aluminiowe\/przesuwne\/aluron-as-178hs-pro-slim-ultra\/#breadcrumb"},"inLanguage":"sv-SE","potentialAction":[{"@type":"ReadAction","target":["https:\/\/zenaluminium.pl\/uslugi\/systemy-okienne-aluminiowe\/przesuwne\/aluron-as-178hs-pro-slim-ultra\/"]}]},{"@type":"BreadcrumbList","@id":"https:\/\/zenaluminium.pl\/uslugi\/systemy-okienne-aluminiowe\/przesuwne\/aluron-as-178hs-pro-slim-ultra\/#breadcrumb","itemListElement":[{"@type":"ListItem","position":1,"name":"Home","item":"https:\/\/zenaluminium.pl\/"},{"@type":"ListItem","position":2,"name":"Stolarka aluminiowa","item":"https:\/\/zenaluminium.pl\/uslugi\/"},{"@type":"ListItem","position":3,"name":"OKNA ALUMINIOWE","item":"https:\/\/zenaluminium.pl\/uslugi\/systemy-okienne-aluminiowe\/"},{"@type":"ListItem","position":4,"name":"OKNA PRZESUWNE ALUMINIOWE","item":"https:\/\/zenaluminium.pl\/uslugi\/systemy-okienne-aluminiowe\/przesuwne\/"},{"@type":"ListItem","position":5,"name":"Aluron AS 178HS PRO SLIM Ultra"}]},{"@type":"WebSite","@id":"https:\/\/zenaluminium.pl\/#website","url":"https:\/\/zenaluminium.pl\/","name":"Zen Aluminium - polsk tillverkare av f\u00f6nster och d\u00f6rrar i aluminium","description":"F\u00f6nster, fasader, vintertr\u00e4dg\u00e5rdar, premiuml\u00f6sningar","potentialAction":[{"@type":"SearchAction","target":{"@type":"EntryPoint","urlTemplate":"https:\/\/zenaluminium.pl\/?s={search_term_string}"},"query-input":{"@type":"PropertyValueSpecification","valueRequired":true,"valueName":"search_term_string"}}],"inLanguage":"sv-SE"}]}},"_links":{"self":[{"href":"https:\/\/zenaluminium.pl\/sv\/wp-json\/wp\/v2\/pages\/18971","targetHints":{"allow":["GET"]}}],"collection":[{"href":"https:\/\/zenaluminium.pl\/sv\/wp-json\/wp\/v2\/pages"}],"about":[{"href":"https:\/\/zenaluminium.pl\/sv\/wp-json\/wp\/v2\/types\/page"}],"author":[{"embeddable":true,"href":"https:\/\/zenaluminium.pl\/sv\/wp-json\/wp\/v2\/users\/1"}],"replies":[{"embeddable":true,"href":"https:\/\/zenaluminium.pl\/sv\/wp-json\/wp\/v2\/comments?post=18971"}],"version-history":[{"count":13,"href":"https:\/\/zenaluminium.pl\/sv\/wp-json\/wp\/v2\/pages\/18971\/revisions"}],"predecessor-version":[{"id":18993,"href":"https:\/\/zenaluminium.pl\/sv\/wp-json\/wp\/v2\/pages\/18971\/revisions\/18993"}],"up":[{"embeddable":true,"href":"https:\/\/zenaluminium.pl\/sv\/wp-json\/wp\/v2\/pages\/3338"}],"wp:attachment":[{"href":"https:\/\/zenaluminium.pl\/sv\/wp-json\/wp\/v2\/media?parent=18971"}],"curies":[{"name":"wp","href":"https:\/\/api.w.org\/{rel}","templated":true}]}}