{"id":3122,"date":"2017-04-06T08:16:25","date_gmt":"2017-04-06T07:16:25","guid":{"rendered":"http:\/\/zenaluminium.com\/?page_id=3122\/"},"modified":"2023-04-17T07:47:11","modified_gmt":"2023-04-17T06:47:11","slug":"system-balustrader","status":"publish","type":"page","link":"https:\/\/zenaluminium.pl\/sv\/uslugi\/systemy-balustrad\/","title":{"rendered":"ALUMINIUMR\u00c4CKEN"},"content":{"rendered":"<div class=\"wpb-content-wrapper\"><div class=\"vc_row wpb_row vc_row-fluid\"><div class=\"wpb_column vc_column_container vc_col-md-12\"><div class=\"vc_column-inner\"><div class=\"wpb_wrapper\"><div class=\"vc_row wpb_row vc_inner vc_row-fluid\"><div class=\"wpb_column vc_column_container vc_col-md-12\"><div class=\"vc_column-inner\"><div class=\"wpb_wrapper\"><h1 class='heading-middle  divider-sm' ><span>ALUMINIUMR\u00c4CKEN<\/span><\/h1><div class=\"vc_empty_space\"   style=\"height: 10px\"><span class=\"vc_empty_space_inner\"><\/span><\/div>\n\t<div class=\"wpb_text_column wpb_content_element\" >\n\t\t<div class=\"wpb_wrapper\">\n\t\t\t<h2>Aluminiumr\u00e4cken k\u00e4nnetecknas av extrem h\u00e5llbarhet i kombination med ett modernt utseende och styrka. Tack vare sina egenskaper \u00e4r de en l\u00f6sning f\u00f6r m\u00e5nga \u00e5r fram\u00f6ver. R\u00e4cken p\u00e5 aluminiumprofiler till\u00e5ter kombinationer av b\u00e5de aluminium och andra material som t.ex. glas. M\u00f6jliga l\u00f6sningar finns nedan. Tack vare sin flexibilitet kan r\u00e4ckena ha en m\u00e4ngd olika former. Kontrollera det valda systemet f\u00f6r att ta reda p\u00e5 aluminiumprofilernas egenskaper och begr\u00e4nsningar.<\/h2>\n\n\t\t<\/div>\n\t<\/div>\n<\/div><\/div><\/div><\/div><\/div><\/div><\/div><\/div><div class=\"vc_row wpb_row vc_row-fluid\"><div class=\"wpb_column vc_column_container vc_col-md-3 vc_col-has-fill\"><div class=\"vc_column-inner vc_custom_1471952556888\"><div class=\"wpb_wrapper\"><h2 class='heading-middle  style-1' ><span>KRISTALLSIKT BALUSTRAD<\/span><\/h2>\n\t<div  class=\"wpb_single_image wpb_content_element vc_align_center wpb_content_element\">\n\t\t\n\t\t<figure class=\"wpb_wrapper vc_figure\">\n\t\t\t<a href=\"https:\/\/zealuminium.pl\/uslugi\/systemy-balustrad\/crystal-view\/\" target=\"_self\" class=\"vc_single_image-wrapper vc_box_shadow_3d  vc_box_border_grey\"><\/a>\n\t\t<\/figure>\n\t<\/div>\n<div class=\"vc_row wpb_row vc_inner vc_row-fluid\"><div class=\"wpb_column vc_column_container vc_col-md-2\"><div class=\"vc_column-inner\"><div class=\"wpb_wrapper\"><\/div><\/div><\/div><div class=\"wpb_column vc_column_container vc_col-md-8\"><div class=\"vc_column-inner\"><div class=\"wpb_wrapper\"><a id='button-id-' target='_self' href='\/sv\/tjanster\/system-balustrader\/kristallklar-utsikt\/' class='btn btn-normal btn-sm' style='background-color: #472613'><i class='fa fa fa-arrow-right'><\/i> KRISTALLUTSIKT<\/a><\/div><\/div><\/div><div class=\"wpb_column vc_column_container vc_col-md-2\"><div class=\"vc_column-inner\"><div class=\"wpb_wrapper\"><\/div><\/div><\/div><\/div><\/div><\/div><\/div><div class=\"wpb_column vc_column_container vc_col-md-3 vc_col-has-fill\"><div class=\"vc_column-inner vc_custom_1471952301689\"><div class=\"wpb_wrapper\"><h2 class='heading-middle  style-1' ><span>KLASSISKT ALUMINIUMR\u00c4CKE<\/span><\/h2>\n\t<div  class=\"wpb_single_image wpb_content_element vc_align_left wpb_content_element\">\n\t\t\n\t\t<figure class=\"wpb_wrapper vc_figure\">\n\t\t\t<a href=\"https:\/\/zenaluminium.pl\/sv\/tjanster\/system-balustrader\/klassisk\/\" target=\"_self\" class=\"vc_single_image-wrapper vc_box_shadow_3d  vc_box_border_grey\"><\/a>\n\t\t<\/figure>\n\t<\/div>\n<div class=\"vc_row wpb_row vc_inner vc_row-fluid\"><div class=\"wpb_column vc_column_container vc_col-md-2\"><div class=\"vc_column-inner\"><div class=\"wpb_wrapper\"><\/div><\/div><\/div><div class=\"wpb_column vc_column_container vc_col-md-8\"><div class=\"vc_column-inner\"><div class=\"wpb_wrapper\"><a id='button-id-1' target='_self' href='\/sv\/tjanster\/system-balustrader\/klassisk\/' class='btn btn-normal btn-sm' style='background-color: #472613'><i class='fa fa fa-arrow-right'><\/i> KLASSISKT R\u00c4CKE<\/a><\/div><\/div><\/div><div class=\"wpb_column vc_column_container vc_col-md-2\"><div class=\"vc_column-inner\"><div class=\"wpb_wrapper\"><\/div><\/div><\/div><\/div><\/div><\/div><\/div><div class=\"wpb_column vc_column_container vc_col-md-3\"><div class=\"vc_column-inner\"><div class=\"wpb_wrapper\"><div class=\"vc_row wpb_row vc_inner vc_row-fluid\"><div class=\"wpb_column vc_column_container vc_col-md-12\"><div class=\"vc_column-inner\"><div class=\"wpb_wrapper\"><\/div><\/div><\/div><\/div><\/div><\/div><\/div><div class=\"wpb_column vc_column_container vc_col-md-3\"><div class=\"vc_column-inner\"><div class=\"wpb_wrapper\"><div class=\"vc_row wpb_row vc_inner vc_row-fluid\"><div class=\"wpb_column vc_column_container vc_col-md-12\"><div class=\"vc_column-inner\"><div class=\"wpb_wrapper\"><\/div><\/div><\/div><\/div><\/div><\/div><\/div><\/div><div class=\"vc_row wpb_row vc_row-fluid\"><div class=\"wpb_column vc_column_container vc_col-md-12\"><div class=\"vc_column-inner\"><div class=\"wpb_wrapper\"><div class=\"vc_empty_space\"   style=\"height: 32px\"><span class=\"vc_empty_space_inner\"><\/span><\/div>\n\t<div class=\"wpb_text_column wpb_content_element\" >\n\t\t<div class=\"wpb_wrapper\">\n\t\t\t<p><span id=\"result_box\" class=\"\" lang=\"pl\"><strong><span class=\"\">Ledst\u00e4nger och r\u00e4cken av glas<\/span><\/strong><\/span><\/p>\n<p><span class=\"\">Tack vare v\u00e5r omfattande branscherfarenhet kan vi utveckla v\u00e5ra egna glasr\u00e4cken.<\/span> <span class=\"\">Det faktum att de har utvecklats f\u00f6r maximal anv\u00e4ndarv\u00e4nlighet. De \u00e4r starka, estetiskt tilltalande och enkla att montera och anpassa.<\/span><\/p>\n<p>&nbsp;<\/p>\n<p><strong><span id=\"result_box\" class=\"\" lang=\"pl\">Balkonger av glas<\/span><\/strong><\/p>\n<p>\u00c4ven k\u00e4nd som franska balkonger; <span class=\"\">vi erbjuder glasbalkonger som passar alla behov. Detta system utm\u00e4rker sig genom sin fasts\u00e4ttning i v\u00e4ggarna och bottenlisten, vilket m\u00f6jligg\u00f6r en estetiskt tilltalande installation och ett extraordin\u00e4rt utseende.<\/span><\/p>\n<p><strong><span id=\"result_box\" class=\"\" lang=\"pl\"><span class=\"\">\u00d6ppningsbart balkongsystem<\/span><\/span><\/strong><\/p>\n<p><span class=\"\">Att \u00f6ppna balkonginglasningen \u00e4r ett bekv\u00e4mt s\u00e4tt att ut\u00f6ka bostadsytan.<\/span> <span class=\"\">Fogl\u00f6st \u00f6ppningsbara balkonginglasningar skyddar din balkong fr\u00e5n regn, sn\u00f6, damm och smuts.<\/span><\/p>\n\n\t\t<\/div>\n\t<\/div>\n<\/div><\/div><\/div><\/div>\n<\/div>","protected":false},"excerpt":{"rendered":"BALUSTRAR I ALUMINIUM Balustrader i aluminium k\u00e4nnetecknas av extrem h\u00e5llbarhet i kombination med ett modernt utseende och styrka. Tack vare sina egenskaper \u00e4r de en l\u00f6sning f\u00f6r m\u00e5nga \u00e5r fram\u00f6ver. R\u00e4cken p\u00e5 aluminiumprofiler g\u00f6r det m\u00f6jligt att kombinera b\u00e5de aluminium och andra material, t.ex...","protected":false},"author":1,"featured_media":0,"parent":3142,"menu_order":0,"comment_status":"closed","ping_status":"closed","template":"","meta":{"footnotes":""},"class_list":["post-3122","page","type-page","status-publish","hentry"],"yoast_head":"<!-- This site is optimized with the Yoast SEO plugin v27.2 - https:\/\/yoast.com\/product\/yoast-seo-wordpress\/ -->\n<title>BALUSTRADY ALUMINIOWE - ZenAluminium - Drzwi, okna, balustrady<\/title>\n<meta name=\"description\" content=\"Balustrady aluminiowe charakteryzuj\u0105 si\u0119 niezwyk\u0142\u0105 trwa\u0142o\u015bci\u0105 w po\u0142\u0105czeniu z nowoczesnym wygl\u0105dem i wytrzyma\u0142o\u015bci\u0105. Jest to rozwi\u0105zanie na d\u0142ugie lata.\" \/>\n<meta name=\"robots\" content=\"index, follow, max-snippet:-1, max-image-preview:large, max-video-preview:-1\" \/>\n<link rel=\"canonical\" href=\"https:\/\/zenaluminium.pl\/sv\/tjanster\/system-balustrader\/\" \/>\n<meta property=\"og:locale\" content=\"sv_SE\" \/>\n<meta property=\"og:type\" content=\"article\" \/>\n<meta property=\"og:title\" content=\"BALUSTRADY ALUMINIOWE - ZenAluminium - Drzwi, okna, balustrady\" \/>\n<meta property=\"og:description\" content=\"Balustrady aluminiowe charakteryzuj\u0105 si\u0119 niezwyk\u0142\u0105 trwa\u0142o\u015bci\u0105 w po\u0142\u0105czeniu z nowoczesnym wygl\u0105dem i wytrzyma\u0142o\u015bci\u0105. Jest to rozwi\u0105zanie na d\u0142ugie lata.\" \/>\n<meta property=\"og:url\" content=\"https:\/\/zenaluminium.pl\/sv\/tjanster\/system-balustrader\/\" \/>\n<meta property=\"og:site_name\" content=\"Zen Aluminium - polski producent okien i drzwi z aluminium\" \/>\n<meta property=\"article:publisher\" content=\"http:\/\/fb.com\/zenaluminum\" \/>\n<meta property=\"article:modified_time\" content=\"2023-04-17T06:47:11+00:00\" \/>\n<meta name=\"twitter:card\" content=\"summary_large_image\" \/>\n<meta name=\"twitter:label1\" content=\"Ber\u00e4knad l\u00e4stid\" \/>\n\t<meta name=\"twitter:data1\" content=\"2 minuter\" \/>\n<script type=\"application\/ld+json\" class=\"yoast-schema-graph\">{\"@context\":\"https:\/\/schema.org\",\"@graph\":[{\"@type\":\"WebPage\",\"@id\":\"https:\/\/zenaluminium.pl\/uslugi\/systemy-balustrad\/\",\"url\":\"https:\/\/zenaluminium.pl\/uslugi\/systemy-balustrad\/\",\"name\":\"BALUSTRADY ALUMINIOWE - ZenAluminium - Drzwi, okna, balustrady\",\"isPartOf\":{\"@id\":\"https:\/\/zenaluminium.pl\/#website\"},\"datePublished\":\"2017-04-06T07:16:25+00:00\",\"dateModified\":\"2023-04-17T06:47:11+00:00\",\"description\":\"Balustrady aluminiowe charakteryzuj\u0105 si\u0119 niezwyk\u0142\u0105 trwa\u0142o\u015bci\u0105 w po\u0142\u0105czeniu z nowoczesnym wygl\u0105dem i wytrzyma\u0142o\u015bci\u0105. Jest to rozwi\u0105zanie na d\u0142ugie lata.\",\"breadcrumb\":{\"@id\":\"https:\/\/zenaluminium.pl\/uslugi\/systemy-balustrad\/#breadcrumb\"},\"inLanguage\":\"sv-SE\",\"potentialAction\":[{\"@type\":\"ReadAction\",\"target\":[\"https:\/\/zenaluminium.pl\/uslugi\/systemy-balustrad\/\"]}]},{\"@type\":\"BreadcrumbList\",\"@id\":\"https:\/\/zenaluminium.pl\/uslugi\/systemy-balustrad\/#breadcrumb\",\"itemListElement\":[{\"@type\":\"ListItem\",\"position\":1,\"name\":\"Home\",\"item\":\"https:\/\/zenaluminium.pl\/\"},{\"@type\":\"ListItem\",\"position\":2,\"name\":\"Stolarka aluminiowa\",\"item\":\"https:\/\/zenaluminium.pl\/uslugi\/\"},{\"@type\":\"ListItem\",\"position\":3,\"name\":\"BALUSTRADY ALUMINIOWE\"}]},{\"@type\":\"WebSite\",\"@id\":\"https:\/\/zenaluminium.pl\/#website\",\"url\":\"https:\/\/zenaluminium.pl\/\",\"name\":\"Zen Aluminium - polski producent okien i drzwi z aluminium\",\"description\":\"Stolarka okienna, fasady, ogrody zimowe, rozwi\u0105zania klasy premium\",\"potentialAction\":[{\"@type\":\"SearchAction\",\"target\":{\"@type\":\"EntryPoint\",\"urlTemplate\":\"https:\/\/zenaluminium.pl\/?s={search_term_string}\"},\"query-input\":{\"@type\":\"PropertyValueSpecification\",\"valueRequired\":true,\"valueName\":\"search_term_string\"}}],\"inLanguage\":\"sv-SE\"}]}<\/script>\n<!-- \/ Yoast SEO plugin. -->","yoast_head_json":{"title":"BALUSTRAR I ALUMINIUM - ZenAluminium - D\u00f6rrar, f\u00f6nster, balustrader","description":"Aluminiumr\u00e4cken k\u00e4nnetecknas av extrem h\u00e5llbarhet i kombination med ett modernt utseende och styrka. Det \u00e4r en l\u00f6sning f\u00f6r m\u00e5nga \u00e5r fram\u00f6ver.","robots":{"index":"index","follow":"follow","max-snippet":"max-snippet:-1","max-image-preview":"max-image-preview:large","max-video-preview":"max-video-preview:-1"},"canonical":"https:\/\/zenaluminium.pl\/sv\/tjanster\/system-balustrader\/","og_locale":"sv_SE","og_type":"article","og_title":"BALUSTRADY ALUMINIOWE - ZenAluminium - Drzwi, okna, balustrady","og_description":"Balustrady aluminiowe charakteryzuj\u0105 si\u0119 niezwyk\u0142\u0105 trwa\u0142o\u015bci\u0105 w po\u0142\u0105czeniu z nowoczesnym wygl\u0105dem i wytrzyma\u0142o\u015bci\u0105. Jest to rozwi\u0105zanie na d\u0142ugie lata.","og_url":"https:\/\/zenaluminium.pl\/sv\/tjanster\/system-balustrader\/","og_site_name":"Zen Aluminium - polski producent okien i drzwi z aluminium","article_publisher":"http:\/\/fb.com\/zenaluminum","article_modified_time":"2023-04-17T06:47:11+00:00","twitter_card":"summary_large_image","twitter_misc":{"Ber\u00e4knad l\u00e4stid":"2 minuter"},"schema":{"@context":"https:\/\/schema.org","@graph":[{"@type":"WebPage","@id":"https:\/\/zenaluminium.pl\/uslugi\/systemy-balustrad\/","url":"https:\/\/zenaluminium.pl\/uslugi\/systemy-balustrad\/","name":"BALUSTRAR I ALUMINIUM - ZenAluminium - D\u00f6rrar, f\u00f6nster, balustrader","isPartOf":{"@id":"https:\/\/zenaluminium.pl\/#website"},"datePublished":"2017-04-06T07:16:25+00:00","dateModified":"2023-04-17T06:47:11+00:00","description":"Aluminiumr\u00e4cken k\u00e4nnetecknas av extrem h\u00e5llbarhet i kombination med ett modernt utseende och styrka. Det \u00e4r en l\u00f6sning f\u00f6r m\u00e5nga \u00e5r fram\u00f6ver.","breadcrumb":{"@id":"https:\/\/zenaluminium.pl\/uslugi\/systemy-balustrad\/#breadcrumb"},"inLanguage":"sv-SE","potentialAction":[{"@type":"ReadAction","target":["https:\/\/zenaluminium.pl\/uslugi\/systemy-balustrad\/"]}]},{"@type":"BreadcrumbList","@id":"https:\/\/zenaluminium.pl\/uslugi\/systemy-balustrad\/#breadcrumb","itemListElement":[{"@type":"ListItem","position":1,"name":"Home","item":"https:\/\/zenaluminium.pl\/"},{"@type":"ListItem","position":2,"name":"Stolarka aluminiowa","item":"https:\/\/zenaluminium.pl\/uslugi\/"},{"@type":"ListItem","position":3,"name":"BALUSTRADY ALUMINIOWE"}]},{"@type":"WebSite","@id":"https:\/\/zenaluminium.pl\/#website","url":"https:\/\/zenaluminium.pl\/","name":"Zen Aluminium - polsk tillverkare av f\u00f6nster och d\u00f6rrar i aluminium","description":"F\u00f6nster, fasader, vintertr\u00e4dg\u00e5rdar, premiuml\u00f6sningar","potentialAction":[{"@type":"SearchAction","target":{"@type":"EntryPoint","urlTemplate":"https:\/\/zenaluminium.pl\/?s={search_term_string}"},"query-input":{"@type":"PropertyValueSpecification","valueRequired":true,"valueName":"search_term_string"}}],"inLanguage":"sv-SE"}]}},"_links":{"self":[{"href":"https:\/\/zenaluminium.pl\/sv\/wp-json\/wp\/v2\/pages\/3122","targetHints":{"allow":["GET"]}}],"collection":[{"href":"https:\/\/zenaluminium.pl\/sv\/wp-json\/wp\/v2\/pages"}],"about":[{"href":"https:\/\/zenaluminium.pl\/sv\/wp-json\/wp\/v2\/types\/page"}],"author":[{"embeddable":true,"href":"https:\/\/zenaluminium.pl\/sv\/wp-json\/wp\/v2\/users\/1"}],"replies":[{"embeddable":true,"href":"https:\/\/zenaluminium.pl\/sv\/wp-json\/wp\/v2\/comments?post=3122"}],"version-history":[{"count":1,"href":"https:\/\/zenaluminium.pl\/sv\/wp-json\/wp\/v2\/pages\/3122\/revisions"}],"predecessor-version":[{"id":17740,"href":"https:\/\/zenaluminium.pl\/sv\/wp-json\/wp\/v2\/pages\/3122\/revisions\/17740"}],"up":[{"embeddable":true,"href":"https:\/\/zenaluminium.pl\/sv\/wp-json\/wp\/v2\/pages\/3142"}],"wp:attachment":[{"href":"https:\/\/zenaluminium.pl\/sv\/wp-json\/wp\/v2\/media?parent=3122"}],"curies":[{"name":"wp","href":"https:\/\/api.w.org\/{rel}","templated":true}]}}