{"id":5272,"date":"2019-12-02T14:11:52","date_gmt":"2019-12-02T14:11:52","guid":{"rendered":"https:\/\/zenaluminium.com\/?page_id=5272"},"modified":"2022-08-08T09:44:27","modified_gmt":"2022-08-08T08:44:27","slug":"aluminiumfasader","status":"publish","type":"page","link":"https:\/\/zenaluminium.pl\/sv\/uslugi\/fasady-aluminiowe\/","title":{"rendered":"FASADER I ALUMINIUM"},"content":{"rendered":"<div class=\"wpb-content-wrapper\"><div class=\"vc_row wpb_row vc_row-fluid\"><div class=\"wpb_column vc_column_container vc_col-md-12\"><div class=\"vc_column-inner\"><div class=\"wpb_wrapper\"><h1 class='heading-middle  style-1' ><span>FASADY ALUMINIOWE<\/span><\/h1>\n\t<div class=\"wpb_text_column wpb_content_element\" >\n\t\t<div class=\"wpb_wrapper\">\n\t\t\t<h2><strong>Fasady aluminiowe<\/strong> to nowoczesne systemy s\u0142u\u017c\u0105ce tworzeniu efektownych budynk\u00f3w szklanych z wsparciem konstrukcji aluminiowej. Wykorzystywane mi\u0119dzy innymi przy budowie bank\u00f3w, hoteli, urz\u0119d\u00f3w, biurowc\u00f3w, hal sportowych, salon\u00f3w samochodowych, czy nowoczesnych pawilon\u00f3w. \u015awietnie sprawdz\u0105 si\u0119 tam, gdzie potrzebne jest odpowiednie do\u015bwietlenie wn\u0119trza. Opr\u00f3cz walor\u00f3w czysto estetycznych, dzi\u0119ki fasadom mo\u017cna uzyska\u0107 niepowtarzalny klimat w \u015brodku budynku. Zenaluminium oferuje systemy fasad oparte o rozwi\u0105zania fasadowe firmy Ponzio. Jako nieliczni w Polsce jeste\u015bmy w stanie wykona\u0107 oraz zamontowa\u0107 najnowsze systemy fasad takie jak fasady s\u0142upowo ryglowe w kilku wariantach.<\/h2>\n\n\t\t<\/div>\n\t<\/div>\n\n\t<div class=\"wpb_text_column wpb_content_element\" >\n\t\t<div class=\"wpb_wrapper\">\n\t\t\t<h2>Fasady aluminiowe oraz szklane stanowi\u0105 doskona\u0142e narz\u0119dzie kszta\u0142towania wsp\u00f3\u0142czesnej architektury i realizacji \u015bmia\u0142ych wizji projektant\u00f3w.<\/h2>\n<h2 style=\"font-size: 14px;\"><span style=\"font-size: 24px;\">Najpopularniejszym rozwi\u0105zaniem w\u015br\u00f3d fasad jest system s\u0142upowo ryglowy jednak w swojej ofercie posiadamy r\u00f3wnie\u017c fasady panelowe czy wentylowane oraz oparte o system okienno drzwiowy. W naszej ofercie prezentujemy tylko podstawowe systemy fasad oferowanych przez nasz\u0105 firm\u0119. Ka\u017cd\u0105 konstrukcj\u0119 przeliczamy indywidualnie. Pracujemy na ponad 20 r\u00f3\u017cnych systemach i nie zamykamy si\u0119 tylko na jednym rozwi\u0105zaniu danego producenta. Fasady aluminiowo szklane charakteryzuj\u0105 si\u0119 r\u00f3wnie\u017c niezwyk\u0142\u0105 wytrzyma\u0142o\u015bci\u0105, ca\u0142kowit\u0105 szczelno\u015bci\u0105 oraz wysok\u0105 izolacj\u0105 termiczn\u0105. Fasady opr\u00f3cz stabilno\u015bci konstrukcji czy niepowtarzalnego wygl\u0105du s\u0105 r\u00f3wnie\u017c bardzo funkcjonalne. W naszych rozwi\u0105zaniach wplatamy r\u00f3wnie\u017c systemy okienne z mo\u017cliwo\u015bci\u0105 otworzenia czy przesuni\u0119cia skrzyd\u0142a. Takie rozwi\u0105zania s\u0105 zintegrowane z powierzchni\u0105 i zachowuj\u0105 nienaganny i stylowy wygl\u0105d.<\/span><\/h2>\n\n\t\t<\/div>\n\t<\/div>\n<\/div><\/div><\/div><\/div><div class=\"vc_row wpb_row vc_row-fluid\"><div class=\"wpb_column vc_column_container vc_col-md-4\"><div class=\"vc_column-inner\"><div class=\"wpb_wrapper\">\n\t<div  class=\"wpb_single_image wpb_content_element vc_align_left wpb_content_element\">\n\t\t\n\t\t<figure class=\"wpb_wrapper vc_figure\">\n\t\t\t<a href=\"https:\/\/zenaluminium.pl\/uslugi\/fasady-aluminiowe\/fasada-pf152\/\" target=\"_self\" class=\"vc_single_image-wrapper   vc_box_border_grey\"><img loading=\"lazy\" decoding=\"async\" width=\"800\" height=\"800\" src=\"https:\/\/zenaluminium.pl\/wp-content\/uploads\/2019\/12\/pf152higlasstwo_big.jpg\" class=\"vc_single_image-img attachment-large\" alt=\"fasada szklana z aluminium profil\" title=\"fasada szklana z aluminium profil\" srcset=\"https:\/\/zenaluminium.pl\/wp-content\/uploads\/2019\/12\/pf152higlasstwo_big.jpg 800w, https:\/\/zenaluminium.pl\/wp-content\/uploads\/2019\/12\/pf152higlasstwo_big-300x300.jpg 300w, https:\/\/zenaluminium.pl\/wp-content\/uploads\/2019\/12\/pf152higlasstwo_big-150x150.jpg 150w, https:\/\/zenaluminium.pl\/wp-content\/uploads\/2019\/12\/pf152higlasstwo_big-768x768.jpg 768w\" sizes=\"auto, (max-width: 800px) 100vw, 800px\" \/><\/a>\n\t\t<\/figure>\n\t<\/div>\n<a id='button-id-' target='_self' href='https:\/\/zenaluminium.pl\/uslugi\/fasady-aluminiowe\/fasada-pf152\/' class='btn btn-normal btn-md' style=''>FASADY ALUMINIOWE PF152<\/a><\/div><\/div><\/div><div class=\"wpb_column vc_column_container vc_col-md-4\"><div class=\"vc_column-inner\"><div class=\"wpb_wrapper\">\n\t<div  class=\"wpb_single_image wpb_content_element vc_align_left wpb_content_element\">\n\t\t\n\t\t<figure class=\"wpb_wrapper vc_figure\">\n\t\t\t<a href=\"https:\/\/zenaluminium.pl\/uslugi\/fasady-aluminiowe\/fasada-pf152-esg\/\" target=\"_self\" class=\"vc_single_image-wrapper   vc_box_border_grey\"><img loading=\"lazy\" decoding=\"async\" width=\"800\" height=\"800\" src=\"https:\/\/zenaluminium.pl\/wp-content\/uploads\/2019\/12\/pf152esg_big.jpg\" class=\"vc_single_image-img attachment-large\" alt=\"profil fasady aluminiowej\" title=\"profil fasady aluminiowej\" srcset=\"https:\/\/zenaluminium.pl\/wp-content\/uploads\/2019\/12\/pf152esg_big.jpg 800w, https:\/\/zenaluminium.pl\/wp-content\/uploads\/2019\/12\/pf152esg_big-300x300.jpg 300w, https:\/\/zenaluminium.pl\/wp-content\/uploads\/2019\/12\/pf152esg_big-150x150.jpg 150w, https:\/\/zenaluminium.pl\/wp-content\/uploads\/2019\/12\/pf152esg_big-768x768.jpg 768w\" sizes=\"auto, (max-width: 800px) 100vw, 800px\" \/><\/a>\n\t\t<\/figure>\n\t<\/div>\n<a id='button-id-1' target='_self' href='https:\/\/zenaluminium.pl\/uslugi\/fasady-aluminiowe\/fasada-pf152-esg\/' class='btn btn-normal btn-md' style=''>FASADY ALUMINIOWE PF152 ESG<\/a><\/div><\/div><\/div><div class=\"wpb_column vc_column_container vc_col-md-4\"><div class=\"vc_column-inner\"><div class=\"wpb_wrapper\">\n\t<div  class=\"wpb_single_image wpb_content_element vc_align_left wpb_content_element\">\n\t\t\n\t\t<figure class=\"wpb_wrapper vc_figure\">\n\t\t\t<a href=\"https:\/\/zenaluminium.pl\/uslugi\/fasady-aluminiowe\/fasady-dla-domow\" target=\"_self\" class=\"vc_single_image-wrapper   vc_box_border_grey\"><img loading=\"lazy\" decoding=\"async\" width=\"980\" height=\"980\" src=\"https:\/\/zenaluminium.pl\/wp-content\/uploads\/2021\/04\/fasada-szklana-dla-domow.jpg\" class=\"vc_single_image-img attachment-large\" alt=\"\" title=\"fasada-szklana-dla-domow\" srcset=\"https:\/\/zenaluminium.pl\/wp-content\/uploads\/2021\/04\/fasada-szklana-dla-domow.jpg 1000w, https:\/\/zenaluminium.pl\/wp-content\/uploads\/2021\/04\/fasada-szklana-dla-domow-300x300.jpg 300w, https:\/\/zenaluminium.pl\/wp-content\/uploads\/2021\/04\/fasada-szklana-dla-domow-150x150.jpg 150w, https:\/\/zenaluminium.pl\/wp-content\/uploads\/2021\/04\/fasada-szklana-dla-domow-768x768.jpg 768w\" sizes=\"auto, (max-width: 980px) 100vw, 980px\" \/><\/a>\n\t\t<\/figure>\n\t<\/div>\n<a id='button-id-2' target='_self' href='https:\/\/zenaluminium.pl\/uslugi\/fasady-aluminiowe\/fasady-dla-domow' class='btn btn-normal btn-md' style=''>FASADY ALUMINIOWE PF152 ESG<\/a><\/div><\/div><\/div><\/div><div class=\"vc_row wpb_row vc_row-fluid\"><div class=\"wpb_column vc_column_container vc_col-md-12\"><div class=\"vc_column-inner\"><div class=\"wpb_wrapper\"><div class=\"wpb_images_carousel wpb_content_element vc_clearfix wpb_content_element\"><div class=\"wpb_wrapper\"><div id=\"vc_images-carousel-1-1775344778\" data-ride=\"vc_carousel\" data-wrap=\"false\" style=\"width: 100%;\" data-interval=\"3000\" data-auto-height=\"yes\" data-mode=\"horizontal\" data-partial=\"false\" data-per-view=\"1\" data-hide-on-end=\"false\" class=\"vc_slide vc_images_carousel\"><ol class=\"vc_carousel-indicators\"><li data-target=\"#vc_images-carousel-1-1775344778\" data-slide-to=\"0\"><\/li><li data-target=\"#vc_images-carousel-1-1775344778\" data-slide-to=\"1\"><\/li><li data-target=\"#vc_images-carousel-1-1775344778\" data-slide-to=\"2\"><\/li><li data-target=\"#vc_images-carousel-1-1775344778\" data-slide-to=\"3\"><\/li><\/ol><div class=\"vc_carousel-inner\"><div class=\"vc_carousel-slideline\"><div class=\"vc_carousel-slideline-inner\"><div class=\"vc_item\"><div class=\"vc_inner\"><a class=\"\" href=\"https:\/\/zenaluminium.pl\/wp-content\/uploads\/2020\/03\/15120-architecture-blue-building-269077-1024x682.jpg\" data-lightbox=\"lightbox[rel-5272-2168920482]\"><img loading=\"lazy\" decoding=\"async\" width=\"1280\" height=\"853\" src=\"https:\/\/zenaluminium.pl\/wp-content\/uploads\/2020\/03\/15120-architecture-blue-building-269077.jpg\" class=\"attachment-full\" alt=\"\" title=\"15120-architecture-blue-building-269077\" srcset=\"https:\/\/zenaluminium.pl\/wp-content\/uploads\/2020\/03\/15120-architecture-blue-building-269077.jpg 1280w, https:\/\/zenaluminium.pl\/wp-content\/uploads\/2020\/03\/15120-architecture-blue-building-269077-300x200.jpg 300w, https:\/\/zenaluminium.pl\/wp-content\/uploads\/2020\/03\/15120-architecture-blue-building-269077-1024x682.jpg 1024w, https:\/\/zenaluminium.pl\/wp-content\/uploads\/2020\/03\/15120-architecture-blue-building-269077-768x512.jpg 768w\" sizes=\"auto, (max-width: 1280px) 100vw, 1280px\" \/><\/a><\/div><\/div><div class=\"vc_item\"><div class=\"vc_inner\"><a class=\"\" href=\"https:\/\/zenaluminium.pl\/wp-content\/uploads\/2020\/03\/low-angle-photo-of-glass-building-2530342-1024x682.jpg\" data-lightbox=\"lightbox[rel-5272-2168920482]\"><img loading=\"lazy\" decoding=\"async\" width=\"1280\" height=\"853\" src=\"https:\/\/zenaluminium.pl\/wp-content\/uploads\/2020\/03\/low-angle-photo-of-glass-building-2530342.jpg\" class=\"attachment-full\" alt=\"fasada naro\u017cna aluminium szk\u0142o\" title=\"fasada naro\u017cna aluminium szk\u0142o\" srcset=\"https:\/\/zenaluminium.pl\/wp-content\/uploads\/2020\/03\/low-angle-photo-of-glass-building-2530342.jpg 1280w, https:\/\/zenaluminium.pl\/wp-content\/uploads\/2020\/03\/low-angle-photo-of-glass-building-2530342-300x200.jpg 300w, https:\/\/zenaluminium.pl\/wp-content\/uploads\/2020\/03\/low-angle-photo-of-glass-building-2530342-1024x682.jpg 1024w, https:\/\/zenaluminium.pl\/wp-content\/uploads\/2020\/03\/low-angle-photo-of-glass-building-2530342-768x512.jpg 768w\" sizes=\"auto, (max-width: 1280px) 100vw, 1280px\" \/><\/a><\/div><\/div><div class=\"vc_item\"><div class=\"vc_inner\"><a class=\"\" href=\"https:\/\/zenaluminium.pl\/wp-content\/uploads\/2020\/03\/architectural-architectural-design-architecture-building-430212-1024x683.jpg\" data-lightbox=\"lightbox[rel-5272-2168920482]\"><img loading=\"lazy\" decoding=\"async\" width=\"2560\" height=\"1707\" src=\"https:\/\/zenaluminium.pl\/wp-content\/uploads\/2020\/03\/architectural-architectural-design-architecture-building-430212-scaled.jpg\" class=\"attachment-full\" alt=\"fasada aluminiowa konstrukcja szkieletowa\" title=\"fasada aluminiowa konstrukcja szkieletowa\" srcset=\"https:\/\/zenaluminium.pl\/wp-content\/uploads\/2020\/03\/architectural-architectural-design-architecture-building-430212-scaled.jpg 2560w, https:\/\/zenaluminium.pl\/wp-content\/uploads\/2020\/03\/architectural-architectural-design-architecture-building-430212-300x200.jpg 300w, https:\/\/zenaluminium.pl\/wp-content\/uploads\/2020\/03\/architectural-architectural-design-architecture-building-430212-1024x683.jpg 1024w, https:\/\/zenaluminium.pl\/wp-content\/uploads\/2020\/03\/architectural-architectural-design-architecture-building-430212-768x512.jpg 768w, https:\/\/zenaluminium.pl\/wp-content\/uploads\/2020\/03\/architectural-architectural-design-architecture-building-430212-1536x1024.jpg 1536w, https:\/\/zenaluminium.pl\/wp-content\/uploads\/2020\/03\/architectural-architectural-design-architecture-building-430212-2048x1365.jpg 2048w\" sizes=\"auto, (max-width: 2560px) 100vw, 2560px\" \/><\/a><\/div><\/div><div class=\"vc_item\"><div class=\"vc_inner\"><a class=\"\" href=\"https:\/\/zenaluminium.pl\/wp-content\/uploads\/2020\/03\/architectural-design-architecture-blue-sky-buildings-143969-1024x576.jpg\" data-lightbox=\"lightbox[rel-5272-2168920482]\"><img loading=\"lazy\" decoding=\"async\" width=\"1280\" height=\"720\" src=\"https:\/\/zenaluminium.pl\/wp-content\/uploads\/2020\/03\/architectural-design-architecture-blue-sky-buildings-143969.jpg\" class=\"attachment-full\" alt=\"fasada aluminiowo szklana\" title=\"fasada aluminiowo szklana\" srcset=\"https:\/\/zenaluminium.pl\/wp-content\/uploads\/2020\/03\/architectural-design-architecture-blue-sky-buildings-143969.jpg 1280w, https:\/\/zenaluminium.pl\/wp-content\/uploads\/2020\/03\/architectural-design-architecture-blue-sky-buildings-143969-300x169.jpg 300w, https:\/\/zenaluminium.pl\/wp-content\/uploads\/2020\/03\/architectural-design-architecture-blue-sky-buildings-143969-1024x576.jpg 1024w, https:\/\/zenaluminium.pl\/wp-content\/uploads\/2020\/03\/architectural-design-architecture-blue-sky-buildings-143969-768x432.jpg 768w\" sizes=\"auto, (max-width: 1280px) 100vw, 1280px\" \/><\/a><\/div><\/div><\/div><\/div><\/div><a class=\"vc_left vc_carousel-control\" href=\"#vc_images-carousel-1-1775344778\" data-slide=\"prev\"><span class=\"icon-prev\"><\/span><\/a><a class=\"vc_right vc_carousel-control\" href=\"#vc_images-carousel-1-1775344778\" data-slide=\"next\"><span class=\"icon-next\"><\/span><\/a><\/div><\/div><\/div><\/div><\/div><\/div><\/div><div class=\"vc_row wpb_row vc_row-fluid\"><div class=\"wpb_column vc_column_container vc_col-md-12\"><div class=\"vc_column-inner\"><div class=\"wpb_wrapper\">\n\t<div class=\"wpb_text_column wpb_content_element\" >\n\t\t<div class=\"wpb_wrapper\">\n\t\t\t<h2>Zalety fasad aluminiowych:<\/h2>\n<p>W konstrukcjach architektonicznych istnieje wiele zalet stosowania aluminium w por\u00f3wnaniu z innymi metalami. Projektuj\u0105c i buduj\u0105c budynki, zawsze wa\u017cne jest, aby spojrze\u0107 na wszystkie mo\u017cliwe korzy\u015bci, jakie mo\u017ce zaoferowa\u0107 metal. Wymienili\u015bmy niekt\u00f3re z najwa\u017cniejszych cech aluminium a tym samym konstrukcji fasadowych.<\/p>\n<ul>\n<li>Aluminium jest bardzo lekkie<br \/>\nAluminiowe systemy fasadowe b\u0119d\u0105 \u0142atwiejsze do zainstalowania ni\u017c na przyk\u0142ad stalowe systemy fasadowe. Wynika to z faktu, \u017ce aluminium jest wyj\u0105tkowo lekkim metalem, wa\u017c\u0105cym jedn\u0105 trzeci\u0105 masy stali. Projektuj\u0105c fasad\u0119, aluminium pozwoli zaoszcz\u0119dzi\u0107 koszty i jest \u0142atwe w monta\u017cu co cz\u0119sto stanowi barier\u0119 przy zam\u00f3wieniach konstrukcji stalowych.<\/li>\n<li>Odporny na warunki atmosferyczne i korozj\u0119<br \/>\nAluminium jest pokryte tlenkiem, ta pow\u0142oka naturalnie chroni metal przed korozj\u0105 i innymi wp\u0142ywami atmosferycznymi. Im wi\u0119cej aluminium tym lepiej dla twojego budynku. Aluminium przetrwa kilka dekad.<\/li>\n<li>Aluminium jest bardzo elastyczne<br \/>\nJe\u015bli szukasz elastycznego metalu, aluminium jest najlepszym materia\u0142em do wyboru. Jest \u0142atwe do wygi\u0119cia i bardzo elastyczne. Dlatego z \u0142atwo\u015bci\u0105 dostarczamy ka\u017cdy system elewacyjny na zam\u00f3wienie z aluminium. R\u00f3wnie\u017c bardzo skomplikowane kszta\u0142ty.<\/li>\n<li>Aluminium jest \u0142atwe do recyklingu<br \/>\nZe wszystkich metali aluminium jest metalem, kt\u00f3ry bardzo \u0142atwo poddaje si\u0119 recyklingowi bez utraty jako\u015bci. Recykling zajmuje bardzo ma\u0142o energii oraz \u0142atwo je wykorzysta\u0107 ponownie.<\/li>\n<\/ul>\n<p>Standardowe systemy fasadowe dostarczane przez Ponzio na kt\u00f3rych pracujemy mo\u017cna znale\u017a\u0107 powy\u017cej.<\/p>\n\n\t\t<\/div>\n\t<\/div>\n<\/div><\/div><\/div><\/div><div class=\"vc_row wpb_row vc_row-fluid\"><div class=\"wpb_column vc_column_container vc_col-md-12\"><div class=\"vc_column-inner\"><div class=\"wpb_wrapper\">\n\t<div class=\"wpb_text_column wpb_content_element\" >\n\t\t<div class=\"wpb_wrapper\">\n\t\t\t<h2 style=\"text-align: center;\">CHCESZ POZNA\u0106 CEN\u0118? PRZEDSTAW NAM SW\u00d3J PROJEKT A TECHNOLOG PRZYGOTUJE WYCEN\u0118.<\/h2>\n\n\t\t<\/div>\n\t<\/div>\n<div class=\"vc_row wpb_row vc_inner vc_row-fluid\"><div class=\"wpb_column vc_column_container vc_col-md-6\"><div class=\"vc_column-inner\"><div class=\"wpb_wrapper\"><div class=\"vc_separator wpb_content_element vc_separator_align_center vc_sep_width_100 vc_sep_pos_align_center vc_sep_color_grey wpb_content_element vc_separator-has-text\" ><span class=\"vc_sep_holder vc_sep_holder_l\"><span class=\"vc_sep_line\"><\/span><\/span><div class=\"vc_icon_element vc_icon_element-outer vc_do_icon vc_icon_element-align-left\"><div class=\"vc_icon_element-inner vc_icon_element-color-custom vc_icon_element-size-md vc_icon_element-style- vc_icon_element-background-color-grey\" ><span class=\"vc_icon_element-icon fas fa-ruler-combined\" style=\"color:#f4c848 !important\"><\/span><\/div><\/div><h4>KONTAKT W SPRAWIE WYCEN<\/h4><span class=\"vc_sep_holder vc_sep_holder_r\"><span class=\"vc_sep_line\"><\/span><\/span>\n<\/div>\n\t<div class=\"wpb_text_column wpb_content_element\" >\n\t\t<div class=\"wpb_wrapper\">\n\t\t\t<h4 style=\"text-align: center;\"><strong>Dariusz Krupski<\/strong><br \/>\n<span style=\"color: #f4c848;\"><em>+48 576 669 119<\/em><\/span><\/h4>\n\n\t\t<\/div>\n\t<\/div>\n\n\t<div class=\"wpb_text_column wpb_content_element\" >\n\t\t<div class=\"wpb_wrapper\">\n\t\t\t<h4 style=\"text-align: center;\"><strong>Adam Czapiewski<\/strong><br \/>\n<span style=\"color: #f4c848;\"><em>+48 884 212 165<\/em><\/span><\/h4>\n\n\t\t<\/div>\n\t<\/div>\n<table class='info-table'><\/tbody><tr class='info-table-row'><th class='info-table-icon'><i class='fa '><\/i><\/th><td class='info-table-content'>ZenAluminum Sp. z.o.o<\/td><\/tr><tr class='info-table-row'><th class='info-table-icon'><i class='fa '><\/i><\/th><td class='info-table-content'>Szczeci\u0144ska 65, 76-039 Koszalin<\/td><\/tr><tr class='info-table-row'><th class='info-table-icon'><i class='fa '><\/i><\/th><td class='info-table-content'>kontakt@zenaluminium.pl<\/td><\/tr><\/table><\/tbody><\/div><\/div><\/div><div class=\"wpb_column vc_column_container vc_col-md-6\"><div class=\"vc_column-inner\"><div class=\"wpb_wrapper\">[contact-form-7 id=&#8221;3498&#8243;]<\/div><\/div><\/div><\/div><\/div><\/div><\/div><\/div>\n<\/div>","protected":false},"excerpt":{"rendered":"FASADY ALUMINIOWE Fasady aluminiowe to nowoczesne systemy s\u0142u\u017c\u0105ce tworzeniu efektownych budynk\u00f3w szklanych z wsparciem konstrukcji aluminiowej. Wykorzystywane mi\u0119dzy innymi przy budowie bank\u00f3w, hoteli, urz\u0119d\u00f3w, biurowc\u00f3w, hal sportowych, salon\u00f3w samochodowych, czy nowoczesnych pawilon\u00f3w. \u015awietnie sprawdz\u0105 si\u0119 tam, gdzie potrzebne jest odpowiednie &hellip;","protected":false},"author":1,"featured_media":0,"parent":3142,"menu_order":0,"comment_status":"closed","ping_status":"closed","template":"","meta":{"footnotes":""},"class_list":["post-5272","page","type-page","status-publish","hentry"],"yoast_head":"<!-- This site is optimized with the Yoast SEO plugin v27.2 - https:\/\/yoast.com\/product\/yoast-seo-wordpress\/ -->\n<title>Fasady aluminiowe - ZenAluminium - producent stolarki aluminiowej<\/title>\n<meta name=\"description\" content=\"Fasady aluminiowe to nowoczesne systemy s\u0142u\u017c\u0105ce tworzeniu efektownych budynk\u00f3w szklanych z wsparciem konstrukcji aluminiowej. Wykorzystywane mi\u0119dzy innymi przy budowie bank\u00f3w, hoteli, urz\u0119d\u00f3w, biurowc\u00f3w, hal sportowych, salon\u00f3w samochodowych, czy nowoczesnych pawilon\u00f3w.\" \/>\n<meta name=\"robots\" content=\"index, follow, max-snippet:-1, max-image-preview:large, max-video-preview:-1\" \/>\n<link rel=\"canonical\" href=\"https:\/\/zenaluminium.pl\/sv\/tjanster\/aluminiumfasader\/\" \/>\n<meta property=\"og:locale\" content=\"sv_SE\" \/>\n<meta property=\"og:type\" content=\"article\" \/>\n<meta property=\"og:title\" content=\"Fasady aluminiowe - ZenAluminium - producent stolarki aluminiowej\" \/>\n<meta property=\"og:description\" content=\"Fasady aluminiowe to nowoczesne systemy s\u0142u\u017c\u0105ce tworzeniu efektownych budynk\u00f3w szklanych z wsparciem konstrukcji aluminiowej. Wykorzystywane mi\u0119dzy innymi przy budowie bank\u00f3w, hoteli, urz\u0119d\u00f3w, biurowc\u00f3w, hal sportowych, salon\u00f3w samochodowych, czy nowoczesnych pawilon\u00f3w.\" \/>\n<meta property=\"og:url\" content=\"https:\/\/zenaluminium.pl\/sv\/tjanster\/aluminiumfasader\/\" \/>\n<meta property=\"og:site_name\" content=\"Zen Aluminium - polski producent okien i drzwi z aluminium\" \/>\n<meta property=\"article:publisher\" content=\"http:\/\/fb.com\/zenaluminum\" \/>\n<meta property=\"article:modified_time\" content=\"2022-08-08T08:44:27+00:00\" \/>\n<meta name=\"twitter:card\" content=\"summary_large_image\" \/>\n<meta name=\"twitter:label1\" content=\"Ber\u00e4knad l\u00e4stid\" \/>\n\t<meta name=\"twitter:data1\" content=\"3 minuter\" \/>\n<script type=\"application\/ld+json\" class=\"yoast-schema-graph\">{\"@context\":\"https:\/\/schema.org\",\"@graph\":[{\"@type\":\"WebPage\",\"@id\":\"https:\/\/zenaluminium.pl\/uslugi\/fasady-aluminiowe\/\",\"url\":\"https:\/\/zenaluminium.pl\/uslugi\/fasady-aluminiowe\/\",\"name\":\"Fasady aluminiowe - ZenAluminium - producent stolarki aluminiowej\",\"isPartOf\":{\"@id\":\"https:\/\/zenaluminium.pl\/#website\"},\"datePublished\":\"2019-12-02T14:11:52+00:00\",\"dateModified\":\"2022-08-08T08:44:27+00:00\",\"description\":\"Fasady aluminiowe to nowoczesne systemy s\u0142u\u017c\u0105ce tworzeniu efektownych budynk\u00f3w szklanych z wsparciem konstrukcji aluminiowej. Wykorzystywane mi\u0119dzy innymi przy budowie bank\u00f3w, hoteli, urz\u0119d\u00f3w, biurowc\u00f3w, hal sportowych, salon\u00f3w samochodowych, czy nowoczesnych pawilon\u00f3w.\",\"breadcrumb\":{\"@id\":\"https:\/\/zenaluminium.pl\/uslugi\/fasady-aluminiowe\/#breadcrumb\"},\"inLanguage\":\"sv-SE\",\"potentialAction\":[{\"@type\":\"ReadAction\",\"target\":[\"https:\/\/zenaluminium.pl\/uslugi\/fasady-aluminiowe\/\"]}]},{\"@type\":\"BreadcrumbList\",\"@id\":\"https:\/\/zenaluminium.pl\/uslugi\/fasady-aluminiowe\/#breadcrumb\",\"itemListElement\":[{\"@type\":\"ListItem\",\"position\":1,\"name\":\"Home\",\"item\":\"https:\/\/zenaluminium.pl\/\"},{\"@type\":\"ListItem\",\"position\":2,\"name\":\"Stolarka aluminiowa\",\"item\":\"https:\/\/zenaluminium.pl\/uslugi\/\"},{\"@type\":\"ListItem\",\"position\":3,\"name\":\"FASADY ALUMINIOWE\"}]},{\"@type\":\"WebSite\",\"@id\":\"https:\/\/zenaluminium.pl\/#website\",\"url\":\"https:\/\/zenaluminium.pl\/\",\"name\":\"Zen Aluminium - polski producent okien i drzwi z aluminium\",\"description\":\"Stolarka okienna, fasady, ogrody zimowe, rozwi\u0105zania klasy premium\",\"potentialAction\":[{\"@type\":\"SearchAction\",\"target\":{\"@type\":\"EntryPoint\",\"urlTemplate\":\"https:\/\/zenaluminium.pl\/?s={search_term_string}\"},\"query-input\":{\"@type\":\"PropertyValueSpecification\",\"valueRequired\":true,\"valueName\":\"search_term_string\"}}],\"inLanguage\":\"sv-SE\"}]}<\/script>\n<!-- \/ Yoast SEO plugin. -->","yoast_head_json":{"title":"Aluminiumfasader - ZenAluminium - tillverkare av aluminiumsnickerier","description":"Aluminiumfasader \u00e4r moderna system f\u00f6r att skapa imponerande glasbyggnader med st\u00f6d av en aluminiumstruktur. De anv\u00e4nds bland annat vid byggnation av banker, hotell, kontor, kontorsbyggnader, sporthallar, bilutst\u00e4llningshallar eller moderna paviljonger.","robots":{"index":"index","follow":"follow","max-snippet":"max-snippet:-1","max-image-preview":"max-image-preview:large","max-video-preview":"max-video-preview:-1"},"canonical":"https:\/\/zenaluminium.pl\/sv\/tjanster\/aluminiumfasader\/","og_locale":"sv_SE","og_type":"article","og_title":"Fasady aluminiowe - ZenAluminium - producent stolarki aluminiowej","og_description":"Fasady aluminiowe to nowoczesne systemy s\u0142u\u017c\u0105ce tworzeniu efektownych budynk\u00f3w szklanych z wsparciem konstrukcji aluminiowej. Wykorzystywane mi\u0119dzy innymi przy budowie bank\u00f3w, hoteli, urz\u0119d\u00f3w, biurowc\u00f3w, hal sportowych, salon\u00f3w samochodowych, czy nowoczesnych pawilon\u00f3w.","og_url":"https:\/\/zenaluminium.pl\/sv\/tjanster\/aluminiumfasader\/","og_site_name":"Zen Aluminium - polski producent okien i drzwi z aluminium","article_publisher":"http:\/\/fb.com\/zenaluminum","article_modified_time":"2022-08-08T08:44:27+00:00","twitter_card":"summary_large_image","twitter_misc":{"Ber\u00e4knad l\u00e4stid":"3 minuter"},"schema":{"@context":"https:\/\/schema.org","@graph":[{"@type":"WebPage","@id":"https:\/\/zenaluminium.pl\/uslugi\/fasady-aluminiowe\/","url":"https:\/\/zenaluminium.pl\/uslugi\/fasady-aluminiowe\/","name":"Aluminiumfasader - ZenAluminium - tillverkare av aluminiumsnickerier","isPartOf":{"@id":"https:\/\/zenaluminium.pl\/#website"},"datePublished":"2019-12-02T14:11:52+00:00","dateModified":"2022-08-08T08:44:27+00:00","description":"Aluminiumfasader \u00e4r moderna system f\u00f6r att skapa imponerande glasbyggnader med st\u00f6d av en aluminiumstruktur. De anv\u00e4nds bland annat vid byggnation av banker, hotell, kontor, kontorsbyggnader, sporthallar, bilutst\u00e4llningshallar eller moderna paviljonger.","breadcrumb":{"@id":"https:\/\/zenaluminium.pl\/uslugi\/fasady-aluminiowe\/#breadcrumb"},"inLanguage":"sv-SE","potentialAction":[{"@type":"ReadAction","target":["https:\/\/zenaluminium.pl\/uslugi\/fasady-aluminiowe\/"]}]},{"@type":"BreadcrumbList","@id":"https:\/\/zenaluminium.pl\/uslugi\/fasady-aluminiowe\/#breadcrumb","itemListElement":[{"@type":"ListItem","position":1,"name":"Home","item":"https:\/\/zenaluminium.pl\/"},{"@type":"ListItem","position":2,"name":"Stolarka aluminiowa","item":"https:\/\/zenaluminium.pl\/uslugi\/"},{"@type":"ListItem","position":3,"name":"FASADY ALUMINIOWE"}]},{"@type":"WebSite","@id":"https:\/\/zenaluminium.pl\/#website","url":"https:\/\/zenaluminium.pl\/","name":"Zen Aluminium - polsk tillverkare av f\u00f6nster och d\u00f6rrar i aluminium","description":"F\u00f6nster, fasader, vintertr\u00e4dg\u00e5rdar, premiuml\u00f6sningar","potentialAction":[{"@type":"SearchAction","target":{"@type":"EntryPoint","urlTemplate":"https:\/\/zenaluminium.pl\/?s={search_term_string}"},"query-input":{"@type":"PropertyValueSpecification","valueRequired":true,"valueName":"search_term_string"}}],"inLanguage":"sv-SE"}]}},"_links":{"self":[{"href":"https:\/\/zenaluminium.pl\/sv\/wp-json\/wp\/v2\/pages\/5272","targetHints":{"allow":["GET"]}}],"collection":[{"href":"https:\/\/zenaluminium.pl\/sv\/wp-json\/wp\/v2\/pages"}],"about":[{"href":"https:\/\/zenaluminium.pl\/sv\/wp-json\/wp\/v2\/types\/page"}],"author":[{"embeddable":true,"href":"https:\/\/zenaluminium.pl\/sv\/wp-json\/wp\/v2\/users\/1"}],"replies":[{"embeddable":true,"href":"https:\/\/zenaluminium.pl\/sv\/wp-json\/wp\/v2\/comments?post=5272"}],"version-history":[{"count":8,"href":"https:\/\/zenaluminium.pl\/sv\/wp-json\/wp\/v2\/pages\/5272\/revisions"}],"predecessor-version":[{"id":12594,"href":"https:\/\/zenaluminium.pl\/sv\/wp-json\/wp\/v2\/pages\/5272\/revisions\/12594"}],"up":[{"embeddable":true,"href":"https:\/\/zenaluminium.pl\/sv\/wp-json\/wp\/v2\/pages\/3142"}],"wp:attachment":[{"href":"https:\/\/zenaluminium.pl\/sv\/wp-json\/wp\/v2\/media?parent=5272"}],"curies":[{"name":"wp","href":"https:\/\/api.w.org\/{rel}","templated":true}]}}