{"id":19717,"date":"2025-06-13T09:29:06","date_gmt":"2025-06-13T07:29:06","guid":{"rendered":"https:\/\/zenaluminium.pl\/?post_type=product&#038;p=19717"},"modified":"2025-06-23T08:53:07","modified_gmt":"2025-06-23T06:53:07","slug":"okno-przesuwne-hst-jedno-skrzydlo-ruchome-aluron-as178hs-400x230-cm-3-szyby-6mm-czarny","status":"publish","type":"product","link":"https:\/\/zenaluminium.pl\/sv\/product\/okno-przesuwne-hst-jedno-skrzydlo-ruchome-aluron-as178hs-400x230-cm-3-szyby-6mm-czarny\/","title":{"rendered":"HST aluminium skjutf\u00f6nster en b\u00e5ge Aluron AS178HS 400\u00d7230 cm 3 rutor 6mm Svart"},"content":{"rendered":"<h2><img loading=\"lazy\" decoding=\"async\" class=\"wp-image-19697 size-full alignright\" src=\"https:\/\/zenaluminium.pl\/wp-content\/uploads\/2025\/06\/aluron-as178-profil-przekroj-2.jpg\" alt=\"\" width=\"456\" height=\"364\" srcset=\"https:\/\/zenaluminium.pl\/wp-content\/uploads\/2025\/06\/aluron-as178-profil-przekroj-2.jpg 456w, https:\/\/zenaluminium.pl\/wp-content\/uploads\/2025\/06\/aluron-as178-profil-przekroj-2-300x239.jpg 300w, https:\/\/zenaluminium.pl\/wp-content\/uploads\/2025\/06\/aluron-as178-profil-przekroj-2-15x12.jpg 15w\" sizes=\"auto, (max-width: 456px) 100vw, 456px\" \/><\/h2>\n<h2 class=\"text-40 mb-clamp-56\">Parametry techniczne<\/h2>\n<div class=\"\">\n<div class=\"grid gap-clamp-8\">\n<div class=\"grid grid-cols-2 gap-clamp-8 [&amp;_div]:py-clamp-16 [&amp;_div]:px-clamp-12 [&amp;_div]:rounded-4 [&amp;_p]:text-content-primary [&amp;_p]:font-medium [&amp;_p]:text-16 [&amp;_div]:bg-background-neutral-surface-1\">\n<div class=\"grid grid-cols-2 gap-clamp-8 [&amp;_div]:py-clamp-16 [&amp;_div]:px-clamp-12 [&amp;_div]:rounded-4 [&amp;_p]:text-content-primary [&amp;_p]:font-medium [&amp;_p]:text-16 [&amp;_div]:bg-background-neutral-surface-1\">\n<ul>\n<li>Maksymalna wysoko\u015b\u0107 skrzyd\u0142a:<strong> 3300 mm<\/strong><\/li>\n<li>Maksymalna szeroko\u015b\u0107 skrzyd\u0142a: <strong>3300 mm<\/strong><\/li>\n<li>Maksymalna masa skrzyd\u0142a: <strong>600 kg<\/strong><\/li>\n<li>Minimalna widoczna szeroko\u015b\u0107 ramy: <strong>37 mm<\/strong><\/li>\n<li>W\u0105ski s\u0142upek: <strong>25 mm, 50 mm<\/strong><\/li>\n<li>Maksymalna grubo\u015b\u0107 pakietu szybowego: <strong>59 mm<\/strong><\/li>\n<li>G\u0142\u0119boko\u015b\u0107 skrzyd\u0142a: <strong>78 mm<\/strong><\/li>\n<\/ul>\n<h3 class=\"text-24 mb-clamp-32\">Wybrane parametry systemu<\/h3>\n<div class=\"grid gap-clamp-8\">\n<div class=\"grid grid-cols-2 gap-clamp-8 [&amp;_div]:py-clamp-16 [&amp;_div]:px-clamp-12 [&amp;_div]:rounded-4 [&amp;_p]:text-content-primary [&amp;_p]:font-medium [&amp;_p]:text-16 [&amp;_div]:bg-background-neutral-surface-1\">\n<ul>\n<li>Izolacyjno\u015b\u0107 termiczna Uw: <strong>od 0,7 W\/m2K<\/strong><\/li>\n<li>Przepuszczalno\u015b\u0107 powietrza: <strong>klasa 4<\/strong><\/li>\n<li>Wodoszczelno\u015b\u0107: <strong>klasa E1200<\/strong><\/li>\n<li>Odporno\u015b\u0107 na obci\u0105\u017cenie wiatrem: <strong>klasa C3\/B3<\/strong><\/li>\n<li>Odporno\u015b\u0107 na w\u0142amanie: <strong>klasa RC2<\/strong><\/li>\n<li>Izolacyjno\u015b\u0107 akustyczna: <strong>45 (-2;-7) dB<\/strong><\/li>\n<\/ul>\n<\/div>\n<\/div>\n<\/div>\n<\/div>\n<\/div>\n<\/div>\n","protected":false},"excerpt":{"rendered":"<p><span style=\"color: #000000;\">RYSUNEK POGL\u0104DOWY &#8211; PROSIMY O ZAPOZNANIE SI\u0118 ZE SPECYFIKACJ\u0104 PONI\u017bEJ<\/span><\/p>\n<p><span style=\"color: #000000;\">OKNA PRODUKOWANE NA WYMIAR &#8211; MO\u017bLIWO\u015a\u0106 KONFIGURACJI RODZAJU OKU\u0106, KLAMEK, KOLORU ORAZ STRONY OTWIERANIA (PROSIMY NAPISA\u0106 W UWAGACH) &#8211; DO USTALENIA PO Z\u0141O\u017bENIU ZAM\u00d3WIENIA.<\/span><\/p>\n<ul>\n<li><span style=\"color: #000000;\">System profili: ALURON AS178HS<\/span><\/li>\n<li><span style=\"color: #000000;\">3 szyby z ciep\u0142\u0105 ramk\u0105 &#8211; zespolona 6\/18\/6\/18\/6<\/span><\/li>\n<li><span style=\"color: #000000;\">Kolor: Czarny<\/span><\/li>\n<li><span style=\"color: #000000;\">Wymiar (szer. x wys.) 4000 x 2300 [mm]<\/span><\/li>\n<li>Wsp\u00f3\u0142czynnik przenikalno\u015bci cieplnej (Uw): 0,78 [W\/m2*K]<\/li>\n<\/ul>\n<p><span style=\"color: #000000;\"><img loading=\"lazy\" decoding=\"async\" class=\"alignnone wp-image-19698 size-full\" src=\"https:\/\/zenaluminium.pl\/wp-content\/uploads\/2025\/06\/drzwi-aluminiowe-hst-3000-x-2300-parametry-i-certyfikaty.jpg\" alt=\"\" width=\"1043\" height=\"228\" srcset=\"https:\/\/zenaluminium.pl\/wp-content\/uploads\/2025\/06\/drzwi-aluminiowe-hst-3000-x-2300-parametry-i-certyfikaty.jpg 1043w, https:\/\/zenaluminium.pl\/wp-content\/uploads\/2025\/06\/drzwi-aluminiowe-hst-3000-x-2300-parametry-i-certyfikaty-300x66.jpg 300w, https:\/\/zenaluminium.pl\/wp-content\/uploads\/2025\/06\/drzwi-aluminiowe-hst-3000-x-2300-parametry-i-certyfikaty-1024x224.jpg 1024w, https:\/\/zenaluminium.pl\/wp-content\/uploads\/2025\/06\/drzwi-aluminiowe-hst-3000-x-2300-parametry-i-certyfikaty-768x168.jpg 768w, https:\/\/zenaluminium.pl\/wp-content\/uploads\/2025\/06\/drzwi-aluminiowe-hst-3000-x-2300-parametry-i-certyfikaty-18x4.jpg 18w, https:\/\/zenaluminium.pl\/wp-content\/uploads\/2025\/06\/drzwi-aluminiowe-hst-3000-x-2300-parametry-i-certyfikaty-600x131.jpg 600w\" sizes=\"auto, (max-width: 1043px) 100vw, 1043px\" \/><\/span><\/p>\n<p><a href=\"\/kontakt\"><img loading=\"lazy\" decoding=\"async\" class=\"alignnone size-full wp-image-19762\" src=\"https:\/\/zenaluminium.pl\/wp-content\/uploads\/2025\/06\/stolarka-aluminiowa-koszalin.jpg\" alt=\"\" width=\"1043\" height=\"228\" srcset=\"https:\/\/zenaluminium.pl\/wp-content\/uploads\/2025\/06\/stolarka-aluminiowa-koszalin.jpg 1043w, https:\/\/zenaluminium.pl\/wp-content\/uploads\/2025\/06\/stolarka-aluminiowa-koszalin-300x66.jpg 300w, https:\/\/zenaluminium.pl\/wp-content\/uploads\/2025\/06\/stolarka-aluminiowa-koszalin-1024x224.jpg 1024w, https:\/\/zenaluminium.pl\/wp-content\/uploads\/2025\/06\/stolarka-aluminiowa-koszalin-768x168.jpg 768w, https:\/\/zenaluminium.pl\/wp-content\/uploads\/2025\/06\/stolarka-aluminiowa-koszalin-18x4.jpg 18w, https:\/\/zenaluminium.pl\/wp-content\/uploads\/2025\/06\/stolarka-aluminiowa-koszalin-600x131.jpg 600w\" sizes=\"auto, (max-width: 1043px) 100vw, 1043px\" \/><\/a><\/p>\n","protected":false},"featured_media":19718,"template":"","meta":[],"product_brand":[],"product_cat":[144],"product_tag":[],"class_list":{"0":"post-19717","1":"product","2":"type-product","3":"status-publish","4":"has-post-thumbnail","6":"product_cat-okna-przesuwne-hst","8":"first","9":"instock","10":"shipping-taxable","11":"purchasable","12":"product-type-simple"},"yoast_head":"<!-- This site is optimized with the Yoast SEO plugin v27.2 - https:\/\/yoast.com\/product\/yoast-seo-wordpress\/ -->\n<title>Okno aluminiowe przesuwne HST jedno skrzyd\u0142o ruchome Aluron AS178HS 400x230 cm 3 szyby 6mm Czarny - Zen Aluminium - polski producent okien i drzwi z aluminium<\/title>\n<meta name=\"robots\" content=\"index, follow, max-snippet:-1, max-image-preview:large, max-video-preview:-1\" \/>\n<link rel=\"canonical\" href=\"https:\/\/zenaluminium.pl\/sv\/produkt-2\/okno-przesuwne-hst-jedno-skrzydlo-ruchome-aluron-as178hs-400x230-cm-3-szyby-6mm-czarny\/\" \/>\n<meta property=\"og:locale\" content=\"sv_SE\" \/>\n<meta property=\"og:type\" content=\"article\" \/>\n<meta property=\"og:title\" content=\"Okno aluminiowe przesuwne HST jedno skrzyd\u0142o ruchome Aluron AS178HS 400x230 cm 3 szyby 6mm Czarny - Zen Aluminium - polski producent okien i drzwi z aluminium\" \/>\n<meta property=\"og:description\" content=\"RYSUNEK POGL\u0104DOWY - PROSIMY O ZAPOZNANIE SI\u0118 ZE SPECYFIKACJ\u0104 PONI\u017bEJ  OKNA PRODUKOWANE NA WYMIAR - MO\u017bLIWO\u015a\u0106 KONFIGURACJI RODZAJU OKU\u0106, KLAMEK, KOLORU ORAZ STRONY OTWIERANIA (PROSIMY NAPISA\u0106 W UWAGACH) - DO USTALENIA PO Z\u0141O\u017bENIU ZAM\u00d3WIENIA.   System profili: ALURON AS178HS  3 szyby z ciep\u0142\u0105 ramk\u0105 - zespolona 6\/18\/6\/18\/6  Kolor: Czarny  Wymiar (szer. x wys.) 4000 x 2300 [mm]  Wsp\u00f3\u0142czynnik przenikalno\u015bci cieplnej (Uw): 0,78 [W\/m2*K]\" \/>\n<meta property=\"og:url\" content=\"https:\/\/zenaluminium.pl\/sv\/produkt-2\/okno-przesuwne-hst-jedno-skrzydlo-ruchome-aluron-as178hs-400x230-cm-3-szyby-6mm-czarny\/\" \/>\n<meta property=\"og:site_name\" content=\"Zen Aluminium - polski producent okien i drzwi z aluminium\" \/>\n<meta property=\"article:publisher\" content=\"http:\/\/fb.com\/zenaluminum\" \/>\n<meta property=\"article:modified_time\" content=\"2025-06-23T06:53:07+00:00\" \/>\n<meta property=\"og:image\" content=\"https:\/\/zenaluminium.pl\/wp-content\/uploads\/2025\/06\/aluron-as178-czarny-400x230-1.png\" \/>\n\t<meta property=\"og:image:width\" content=\"1024\" \/>\n\t<meta property=\"og:image:height\" content=\"1024\" \/>\n\t<meta property=\"og:image:type\" content=\"image\/png\" \/>\n<meta name=\"twitter:card\" content=\"summary_large_image\" \/>\n<meta name=\"twitter:label1\" content=\"Ber\u00e4knad l\u00e4stid\" \/>\n\t<meta name=\"twitter:data1\" content=\"1 minut\" \/>\n<script type=\"application\/ld+json\" class=\"yoast-schema-graph\">{\"@context\":\"https:\/\/schema.org\",\"@graph\":[{\"@type\":\"WebPage\",\"@id\":\"https:\/\/zenaluminium.pl\/product\/okno-przesuwne-hst-jedno-skrzydlo-ruchome-aluron-as178hs-400x230-cm-3-szyby-6mm-czarny\/\",\"url\":\"https:\/\/zenaluminium.pl\/product\/okno-przesuwne-hst-jedno-skrzydlo-ruchome-aluron-as178hs-400x230-cm-3-szyby-6mm-czarny\/\",\"name\":\"Okno aluminiowe przesuwne HST jedno skrzyd\u0142o ruchome Aluron AS178HS 400x230 cm 3 szyby 6mm Czarny - Zen Aluminium - polski producent okien i drzwi z aluminium\",\"isPartOf\":{\"@id\":\"https:\/\/zenaluminium.pl\/#website\"},\"primaryImageOfPage\":{\"@id\":\"https:\/\/zenaluminium.pl\/product\/okno-przesuwne-hst-jedno-skrzydlo-ruchome-aluron-as178hs-400x230-cm-3-szyby-6mm-czarny\/#primaryimage\"},\"image\":{\"@id\":\"https:\/\/zenaluminium.pl\/product\/okno-przesuwne-hst-jedno-skrzydlo-ruchome-aluron-as178hs-400x230-cm-3-szyby-6mm-czarny\/#primaryimage\"},\"thumbnailUrl\":\"https:\/\/zenaluminium.pl\/wp-content\/uploads\/2025\/06\/aluron-as178-czarny-400x230-1.png\",\"datePublished\":\"2025-06-13T07:29:06+00:00\",\"dateModified\":\"2025-06-23T06:53:07+00:00\",\"breadcrumb\":{\"@id\":\"https:\/\/zenaluminium.pl\/product\/okno-przesuwne-hst-jedno-skrzydlo-ruchome-aluron-as178hs-400x230-cm-3-szyby-6mm-czarny\/#breadcrumb\"},\"inLanguage\":\"sv-SE\",\"potentialAction\":[{\"@type\":\"ReadAction\",\"target\":[\"https:\/\/zenaluminium.pl\/product\/okno-przesuwne-hst-jedno-skrzydlo-ruchome-aluron-as178hs-400x230-cm-3-szyby-6mm-czarny\/\"]}]},{\"@type\":\"ImageObject\",\"inLanguage\":\"sv-SE\",\"@id\":\"https:\/\/zenaluminium.pl\/product\/okno-przesuwne-hst-jedno-skrzydlo-ruchome-aluron-as178hs-400x230-cm-3-szyby-6mm-czarny\/#primaryimage\",\"url\":\"https:\/\/zenaluminium.pl\/wp-content\/uploads\/2025\/06\/aluron-as178-czarny-400x230-1.png\",\"contentUrl\":\"https:\/\/zenaluminium.pl\/wp-content\/uploads\/2025\/06\/aluron-as178-czarny-400x230-1.png\",\"width\":1024,\"height\":1024},{\"@type\":\"BreadcrumbList\",\"@id\":\"https:\/\/zenaluminium.pl\/product\/okno-przesuwne-hst-jedno-skrzydlo-ruchome-aluron-as178hs-400x230-cm-3-szyby-6mm-czarny\/#breadcrumb\",\"itemListElement\":[{\"@type\":\"ListItem\",\"position\":1,\"name\":\"Home\",\"item\":\"https:\/\/zenaluminium.pl\/\"},{\"@type\":\"ListItem\",\"position\":2,\"name\":\"Sklep\",\"item\":\"https:\/\/zenaluminium.pl\/sklep\/\"},{\"@type\":\"ListItem\",\"position\":3,\"name\":\"Okno aluminiowe przesuwne HST jedno skrzyd\u0142o ruchome Aluron AS178HS 400&#215;230 cm 3 szyby 6mm Czarny\"}]},{\"@type\":\"WebSite\",\"@id\":\"https:\/\/zenaluminium.pl\/#website\",\"url\":\"https:\/\/zenaluminium.pl\/\",\"name\":\"Zen Aluminium - polski producent okien i drzwi z aluminium\",\"description\":\"Stolarka okienna, fasady, ogrody zimowe, rozwi\u0105zania klasy premium\",\"potentialAction\":[{\"@type\":\"SearchAction\",\"target\":{\"@type\":\"EntryPoint\",\"urlTemplate\":\"https:\/\/zenaluminium.pl\/?s={search_term_string}\"},\"query-input\":{\"@type\":\"PropertyValueSpecification\",\"valueRequired\":true,\"valueName\":\"search_term_string\"}}],\"inLanguage\":\"sv-SE\"}]}<\/script>\n<!-- \/ Yoast SEO plugin. -->","yoast_head_json":{"title":"Okno aluminiowe przesuwne HST jedno skrzyd\u0142o ruchome Aluron AS178HS 400x230 cm 3 szyby 6mm Czarny - Zen Aluminium - polski producent okien i drzwi z aluminium","robots":{"index":"index","follow":"follow","max-snippet":"max-snippet:-1","max-image-preview":"max-image-preview:large","max-video-preview":"max-video-preview:-1"},"canonical":"https:\/\/zenaluminium.pl\/sv\/produkt-2\/okno-przesuwne-hst-jedno-skrzydlo-ruchome-aluron-as178hs-400x230-cm-3-szyby-6mm-czarny\/","og_locale":"sv_SE","og_type":"article","og_title":"Okno aluminiowe przesuwne HST jedno skrzyd\u0142o ruchome Aluron AS178HS 400x230 cm 3 szyby 6mm Czarny - Zen Aluminium - polski producent okien i drzwi z aluminium","og_description":"RYSUNEK POGL\u0104DOWY - PROSIMY O ZAPOZNANIE SI\u0118 ZE SPECYFIKACJ\u0104 PONI\u017bEJ  OKNA PRODUKOWANE NA WYMIAR - MO\u017bLIWO\u015a\u0106 KONFIGURACJI RODZAJU OKU\u0106, KLAMEK, KOLORU ORAZ STRONY OTWIERANIA (PROSIMY NAPISA\u0106 W UWAGACH) - DO USTALENIA PO Z\u0141O\u017bENIU ZAM\u00d3WIENIA.   System profili: ALURON AS178HS  3 szyby z ciep\u0142\u0105 ramk\u0105 - zespolona 6\/18\/6\/18\/6  Kolor: Czarny  Wymiar (szer. x wys.) 4000 x 2300 [mm]  Wsp\u00f3\u0142czynnik przenikalno\u015bci cieplnej (Uw): 0,78 [W\/m2*K]","og_url":"https:\/\/zenaluminium.pl\/sv\/produkt-2\/okno-przesuwne-hst-jedno-skrzydlo-ruchome-aluron-as178hs-400x230-cm-3-szyby-6mm-czarny\/","og_site_name":"Zen Aluminium - polski producent okien i drzwi z aluminium","article_publisher":"http:\/\/fb.com\/zenaluminum","article_modified_time":"2025-06-23T06:53:07+00:00","og_image":[{"width":1024,"height":1024,"url":"https:\/\/zenaluminium.pl\/wp-content\/uploads\/2025\/06\/aluron-as178-czarny-400x230-1.png","type":"image\/png"}],"twitter_card":"summary_large_image","twitter_misc":{"Ber\u00e4knad l\u00e4stid":"1 minut"},"schema":{"@context":"https:\/\/schema.org","@graph":[{"@type":"WebPage","@id":"https:\/\/zenaluminium.pl\/product\/okno-przesuwne-hst-jedno-skrzydlo-ruchome-aluron-as178hs-400x230-cm-3-szyby-6mm-czarny\/","url":"https:\/\/zenaluminium.pl\/product\/okno-przesuwne-hst-jedno-skrzydlo-ruchome-aluron-as178hs-400x230-cm-3-szyby-6mm-czarny\/","name":"Okno aluminiowe przesuwne HST jedno skrzyd\u0142o ruchome Aluron AS178HS 400x230 cm 3 szyby 6mm Czarny - Zen Aluminium - polski producent okien i drzwi z aluminium","isPartOf":{"@id":"https:\/\/zenaluminium.pl\/#website"},"primaryImageOfPage":{"@id":"https:\/\/zenaluminium.pl\/product\/okno-przesuwne-hst-jedno-skrzydlo-ruchome-aluron-as178hs-400x230-cm-3-szyby-6mm-czarny\/#primaryimage"},"image":{"@id":"https:\/\/zenaluminium.pl\/product\/okno-przesuwne-hst-jedno-skrzydlo-ruchome-aluron-as178hs-400x230-cm-3-szyby-6mm-czarny\/#primaryimage"},"thumbnailUrl":"https:\/\/zenaluminium.pl\/wp-content\/uploads\/2025\/06\/aluron-as178-czarny-400x230-1.png","datePublished":"2025-06-13T07:29:06+00:00","dateModified":"2025-06-23T06:53:07+00:00","breadcrumb":{"@id":"https:\/\/zenaluminium.pl\/product\/okno-przesuwne-hst-jedno-skrzydlo-ruchome-aluron-as178hs-400x230-cm-3-szyby-6mm-czarny\/#breadcrumb"},"inLanguage":"sv-SE","potentialAction":[{"@type":"ReadAction","target":["https:\/\/zenaluminium.pl\/product\/okno-przesuwne-hst-jedno-skrzydlo-ruchome-aluron-as178hs-400x230-cm-3-szyby-6mm-czarny\/"]}]},{"@type":"ImageObject","inLanguage":"sv-SE","@id":"https:\/\/zenaluminium.pl\/product\/okno-przesuwne-hst-jedno-skrzydlo-ruchome-aluron-as178hs-400x230-cm-3-szyby-6mm-czarny\/#primaryimage","url":"https:\/\/zenaluminium.pl\/wp-content\/uploads\/2025\/06\/aluron-as178-czarny-400x230-1.png","contentUrl":"https:\/\/zenaluminium.pl\/wp-content\/uploads\/2025\/06\/aluron-as178-czarny-400x230-1.png","width":1024,"height":1024},{"@type":"BreadcrumbList","@id":"https:\/\/zenaluminium.pl\/product\/okno-przesuwne-hst-jedno-skrzydlo-ruchome-aluron-as178hs-400x230-cm-3-szyby-6mm-czarny\/#breadcrumb","itemListElement":[{"@type":"ListItem","position":1,"name":"Home","item":"https:\/\/zenaluminium.pl\/"},{"@type":"ListItem","position":2,"name":"Sklep","item":"https:\/\/zenaluminium.pl\/sklep\/"},{"@type":"ListItem","position":3,"name":"Okno aluminiowe przesuwne HST jedno skrzyd\u0142o ruchome Aluron AS178HS 400&#215;230 cm 3 szyby 6mm Czarny"}]},{"@type":"WebSite","@id":"https:\/\/zenaluminium.pl\/#website","url":"https:\/\/zenaluminium.pl\/","name":"Zen Aluminium - polsk tillverkare av f\u00f6nster och d\u00f6rrar i aluminium","description":"F\u00f6nster, fasader, vintertr\u00e4dg\u00e5rdar, premiuml\u00f6sningar","potentialAction":[{"@type":"SearchAction","target":{"@type":"EntryPoint","urlTemplate":"https:\/\/zenaluminium.pl\/?s={search_term_string}"},"query-input":{"@type":"PropertyValueSpecification","valueRequired":true,"valueName":"search_term_string"}}],"inLanguage":"sv-SE"}]}},"tiered_pricing_type":"fixed","tiered_pricing_fixed_rules":{"2":15398,"3":15074,"4":15049,"5":14990},"tiered_pricing_product_settings":{"layout":"default","base_unit_name":{"singular":null,"plural":null},"default_variation":null},"tiered_pricing_minimum_quantity":null,"tiered_pricing_roles_data":[],"tiered_pricing_percentage_rules":[],"_links":{"self":[{"href":"https:\/\/zenaluminium.pl\/sv\/wp-json\/wp\/v2\/product\/19717","targetHints":{"allow":["GET"]}}],"collection":[{"href":"https:\/\/zenaluminium.pl\/sv\/wp-json\/wp\/v2\/product"}],"about":[{"href":"https:\/\/zenaluminium.pl\/sv\/wp-json\/wp\/v2\/types\/product"}],"wp:featuredmedia":[{"embeddable":true,"href":"https:\/\/zenaluminium.pl\/sv\/wp-json\/wp\/v2\/media\/19718"}],"wp:attachment":[{"href":"https:\/\/zenaluminium.pl\/sv\/wp-json\/wp\/v2\/media?parent=19717"}],"wp:term":[{"taxonomy":"product_brand","embeddable":true,"href":"https:\/\/zenaluminium.pl\/sv\/wp-json\/wp\/v2\/product_brand?post=19717"},{"taxonomy":"product_cat","embeddable":true,"href":"https:\/\/zenaluminium.pl\/sv\/wp-json\/wp\/v2\/product_cat?post=19717"},{"taxonomy":"product_tag","embeddable":true,"href":"https:\/\/zenaluminium.pl\/sv\/wp-json\/wp\/v2\/product_tag?post=19717"}],"curies":[{"name":"wp","href":"https:\/\/api.w.org\/{rel}","templated":true}]}}